{"id":74420,"date":"2026-01-23T20:25:21","date_gmt":"2026-01-23T18:25:21","guid":{"rendered":"https:\/\/skyline-gs.com\/?post_type=product&#038;p=74420"},"modified":"2026-02-19T04:11:27","modified_gmt":"2026-02-19T02:11:27","slug":"phi-phi-2-days-sunrise-voyage-phuket","status":"publish","type":"product","link":"https:\/\/skyline-gs.com\/hu\/product\/phi-phi-2-days-sunrise-voyage-phuket\/","title":{"rendered":"Phi Phi Phi Phi 2 nap: Haj\u00f3z\u00e1s hajnalban"},"content":{"rendered":"<p>\u0420\u0430\u0441\u0441\u0432\u0435\u0442 \u043d\u0430 \u0410\u043d\u0434\u0430\u043c\u0430\u043d\u0441\u043a\u043e\u043c \u043c\u043e\u0440\u0435, \u0443\u0435\u0434\u0438\u043d\u0451\u043d\u043d\u044b\u0435 \u0431\u0443\u0445\u0442\u044b \u0438 \u043b\u0435\u0433\u0435\u043d\u0434\u0430\u0440\u043d\u044b\u0435 \u043e\u0441\u0442\u0440\u043e\u0432\u0430 \u041f\u0445\u0438-\u041f\u0445\u0438 \u0431\u0435\u0437 \u0442\u043e\u043b\u043f \u0442\u0443\u0440\u0438\u0441\u0442\u043e\u0432. \u0422\u0443\u0440 \u0438\u0434\u0435\u0430\u043b\u044c\u043d\u043e \u0441\u043e\u0447\u0435\u0442\u0430\u0435\u0442 \u043a\u043e\u043c\u0444\u043e\u0440\u0442, \u043f\u0440\u0438\u0440\u043e\u0434\u0443 \u0438 \u043d\u0430\u0441\u044b\u0449\u0435\u043d\u043d\u0443\u044e \u043f\u0440\u043e\u0433\u0440\u0430\u043c\u043c\u0443: \u043f\u043b\u0430\u0432\u0430\u043d\u0438\u0435 \u0441 \u043c\u0430\u0441\u043a\u0430\u043c\u0438, \u0441\u043d\u043e\u0440\u043a\u043b\u0438\u043d\u0433, \u043f\u043e\u0441\u0435\u0449\u0435\u043d\u0438\u0435 \u0437\u043d\u0430\u043c\u0435\u043d\u0438\u0442\u044b\u0445 \u043b\u0430\u0433\u0443\u043d \u0438 \u043f\u0435\u0449\u0435\u0440, \u0432\u0435\u0447\u0435\u0440\u043d\u0438\u0435 \u0440\u0430\u0437\u0432\u043b\u0435\u0447\u0435\u043d\u0438\u044f \u043d\u0430 \u041f\u0445\u0438-\u041f\u0445\u0438 \u0414\u043e\u043d.<\/p>\n<p><strong>1 nap<\/strong><\/p>\n<p><strong>4:00 \u0443\u0442\u0440\u0430 \u2014 \u041e\u0442\u043f\u0440\u0430\u0432\u043b\u0435\u043d\u0438\u0435 \u0438\u0437 \u043b\u043e\u0431\u0431\u0438 \u0432\u0430\u0448\u0435\u0433\u043e \u043e\u0442\u0435\u043b\u044f \u043d\u0430 \u041f\u0445\u0443\u043a\u0435\u0442\u0435.\u00a0<\/strong><\/p>\n<ul>\n<li><strong data-start=\"653\" data-end=\"684\">\u041f\u0440\u0438\u0431\u044b\u0442\u0438\u0435 \u043d\u0430 \u043f\u0440\u0438\u0447\u0430\u043b.<\/strong> \u0417\u0430\u0432\u0442\u0440\u0430\u043a \u2014 breakfast box.<\/li>\n<li><strong data-start=\"712\" data-end=\"744\">\u041e\u0442\u043f\u0440\u0430\u0432\u043b\u0435\u043d\u0438\u0435 \u043d\u0430 \u044f\u0445\u0442\u0435.<\/strong><\/li>\n<li><strong data-start=\"747\" data-end=\"783\">\u0412\u0441\u0442\u0440\u0435\u0447\u0430 \u0440\u0430\u0441\u0441\u0432\u0435\u0442\u0430 \u0432 \u043c\u043e\u0440\u0435.<\/strong> \u0424\u043e\u0442\u043e \u0438 \u0441\u043f\u043e\u043a\u043e\u0439\u043d\u044b\u0435 \u043f\u0430\u043d\u043e\u0440\u0430\u043c\u044b.<\/li>\n<li><strong data-start=\"813\" data-end=\"841\">\u041b\u0430\u0433\u0443\u043d\u0430 \u041c\u0430\u0439\u044f \u0411\u044d\u0439.<\/strong> \u0417\u043d\u0430\u043c\u0435\u043d\u0438\u0442\u0430\u044f \u0431\u0443\u0445\u0442\u0430 \u0441 \u0431\u0435\u043b\u044b\u043c \u043f\u0435\u0441\u043a\u043e\u043c \u0438 \u0431\u0438\u0440\u044e\u0437\u043e\u0432\u043e\u0439 \u0432\u043e\u0434\u043e\u0439.<\/li>\n<li><strong data-start=\"895\" data-end=\"950\">\u041c\u043e\u0440\u0441\u043a\u0430\u044f \u043f\u0440\u043e\u0433\u0443\u043b\u043a\u0430 \u0443 \u043e\u0441\u0442\u0440\u043e\u0432\u043e\u0432 \u0411\u0438\u0434\u0430 \u041d\u0430\u0439 \u0438 \u041d\u043e\u043a.<\/strong><\/li>\n<li><strong data-start=\"953\" data-end=\"989\">\u041e\u0441\u0442\u0430\u043d\u043e\u0432\u043a\u0430 \u0432 \u0431\u0443\u0445\u0442\u0435 \u041f\u0438\u043b\u0435\u0445.<\/strong><\/li>\n<li><strong data-start=\"992\" data-end=\"1023\">\u041e\u0441\u043c\u043e\u0442\u0440 Viking Cave.<\/strong><\/li>\n<li><strong data-start=\"1065\" data-end=\"1107\">\u041f\u043b\u0430\u0432\u0430\u043d\u0438\u0435 \u0441 \u043c\u0430\u0441\u043a\u0430\u043c\u0438 \u0438 \u0442\u0440\u0443\u0431\u043a\u0430\u043c\u0438.<\/strong><\/li>\n<li><strong data-start=\"1110\" data-end=\"1140\">\u041f\u043b\u044f\u0436 \u0441 \u043e\u0431\u0435\u0437\u044c\u044f\u043d\u0430\u043c\u0438.<\/strong> \u0424\u043e\u0442\u043e \u0438 \u043d\u0430\u0431\u043b\u044e\u0434\u0435\u043d\u0438\u0435 \u0437\u0430 \u0436\u0438\u0432\u043e\u0442\u043d\u044b\u043c\u0438.<\/li>\n<li><strong data-start=\"1175\" data-end=\"1205\">\u0411\u0430\u043c\u0431\u0443\u043a\u043e\u0432\u044b\u0439 \u043e\u0441\u0442\u0440\u043e\u0432.<\/strong> \u041a\u0443\u043f\u0430\u043d\u0438\u0435 \u0438 \u043f\u0440\u043e\u0433\u0443\u043b\u043a\u0430 \u043f\u043e \u0431\u0435\u043b\u043e\u0441\u043d\u0435\u0436\u043d\u044b\u043c \u043f\u043b\u044f\u0436\u0430\u043c.<\/li>\n<li><strong data-start=\"1250\" data-end=\"1291\">\u041f\u0440\u0438\u0447\u0430\u043b \u043a \u043e\u0441\u0442\u0440\u043e\u0432\u0443 \u041f\u0445\u0438-\u041f\u0445\u0438 \u0414\u043e\u043d.<\/strong><\/li>\n<li><strong data-start=\"1294\" data-end=\"1343\">\u041e\u0431\u0435\u0434 \u0438 \u043e\u0441\u043c\u043e\u0442\u0440 \u0434\u043e\u0441\u0442\u043e\u043f\u0440\u0438\u043c\u0435\u0447\u0430\u0442\u0435\u043b\u044c\u043d\u043e\u0441\u0442\u0435\u0439.<\/strong><\/li>\n<li><strong data-start=\"1346\" data-end=\"1391\">\u0417\u0430\u0441\u0435\u043b\u0435\u043d\u0438\u0435 \u0432 Andaman Beach Resort.<\/strong><\/li>\n<li><strong data-start=\"1394\" data-end=\"1432\">\u0423\u0436\u0438\u043d \u0432 \u043d\u0430\u0446\u0438\u043e\u043d\u0430\u043b\u044c\u043d\u043e\u043c \u0441\u0442\u0438\u043b\u0435.<\/strong><\/li>\n<li><strong data-start=\"1435\" data-end=\"1468\">\u0412\u0435\u0447\u0435\u0440\u043d\u0438\u0435 \u0440\u0430\u0437\u0432\u043b\u0435\u0447\u0435\u043d\u0438\u044f:<\/strong> \u0431\u0430\u0440\u044b, \u043a\u043e\u043a\u0442\u0435\u0439\u043b\u0438, \u0444\u0430\u0439\u0435\u0440-\u0448\u043e\u0443 \u0438 \u043c\u0443\u0437\u044b\u043a\u0430.<\/li>\n<\/ul>\n<p><strong>2. nap<\/strong><\/p>\n<ul>\n<li><strong data-start=\"1527\" data-end=\"1565\">\u0417\u0430\u0432\u0442\u0440\u0430\u043a \u0432 \u0433\u043e\u0441\u0442\u0438\u043d\u0438\u0446\u0435.<\/strong><\/li>\n<li><strong data-start=\"1568\" data-end=\"1601\">\u041e\u0441\u0432\u043e\u0431\u043e\u0436\u0434\u0435\u043d\u0438\u0435 \u043d\u043e\u043c\u0435\u0440\u043e\u0432.<\/strong><\/li>\n<li><strong data-start=\"1604\" data-end=\"1627\">Eb\u00e9d.<\/strong><\/li>\n<li><strong data-start=\"1630\" data-end=\"1664\">\u041e\u0442\u043f\u0440\u0430\u0432\u043b\u0435\u043d\u0438\u0435 \u0441 \u043e\u0441\u0442\u0440\u043e\u0432\u0430.<\/strong><\/li>\n<li><strong data-start=\"1667\" data-end=\"1699\">\u0421\u043d\u043e\u0440\u043a\u043b\u0438\u043d\u0433 \u0443 \u041f\u0445\u0438 \u0414\u043e\u043d.<\/strong><\/li>\n<li><strong data-start=\"1702\" data-end=\"1743\">\u041f\u043b\u044f\u0436 \u0419\u043e\u043d\u0433 \u041a\u0430\u0441\u0435\u043c \u0441 \u043e\u0431\u0435\u0437\u044c\u044f\u043d\u0430\u043c\u0438.<\/strong><\/li>\n<li><strong data-start=\"1746\" data-end=\"1773\">\u041e\u0441\u0442\u0440\u043e\u0432 \u0420\u0430\u043d\u0433 \u042f\u0438.<\/strong> \u0412\u043e\u0437\u043c\u043e\u0436\u043d\u0430 \u0440\u044b\u0431\u0430\u043b\u043a\u0430.<\/li>\n<li><strong data-start=\"1794\" data-end=\"1845\">\u0412\u043e\u0437\u0432\u0440\u0430\u0449\u0435\u043d\u0438\u0435 \u043d\u0430 \u043f\u0438\u0440\u0441 \u0438 \u0442\u0440\u0430\u043d\u0441\u0444\u0435\u0440 \u0432 \u043e\u0442\u0435\u043b\u044c.<\/strong><\/li>\n<\/ul>\n<p data-start=\"1474\" data-end=\"1512\"><strong data-start=\"1474\" data-end=\"1512\">17:00 - Visszat\u00e9r\u00e9s a sz\u00e1llod\u00e1ba.<\/strong><\/p>\n<p><strong>Tartalmazza:<\/strong><\/p>\n<ul>\n<li>Transzfer a sz\u00e1llod\u00e1b\u00f3l \u00e9s a sz\u00e1llod\u00e1ba<\/li>\n<li data-start=\"1920\" data-end=\"1949\">\u0421\u043e\u043f\u0440\u043e\u0432\u043e\u0436\u0434\u0435\u043d\u0438\u0435 \u043e\u043f\u044b\u0442\u043d\u043e\u0433\u043e \u0433\u0438\u0434\u0430<\/li>\n<li data-start=\"1952\" data-end=\"1975\">\u041c\u0435\u0434\u0438\u0446\u0438\u043d\u0441\u043a\u0430\u044f \u0441\u0442\u0440\u0430\u0445\u043e\u0432\u043a\u0430<\/li>\n<li data-start=\"1978\" data-end=\"2014\">A nemzeti park bel\u00e9p\u0151d\u00edjai<\/li>\n<li data-start=\"2017\" data-end=\"2052\">\u041f\u0440\u043e\u0436\u0438\u0432\u0430\u043d\u0438\u0435 \u0432 \u043e\u0442\u0435\u043b\u0435 Andaman Beach Resort \u043d\u0430 \u041f\u0445\u0438-\u041f\u0445\u0438 \u0414\u043e\u043d (\u0441\u0442\u0430\u043d\u0434\u0430\u0440\u0442\u043d\u044b\u0439 \u043d\u043e\u043c\u0435\u0440)<\/li>\n<li data-start=\"2055\" data-end=\"2131\">\u0417\u0430\u0432\u0442\u0440\u0430\u043a \u0432 \u043f\u0435\u0440\u0432\u044b\u0439 \u0434\u0435\u043d\u044c (breakfast box) \u0438 \u043f\u043e\u043b\u043d\u043e\u0446\u0435\u043d\u043d\u044b\u0439 \u0437\u0430\u0432\u0442\u0440\u0430\u043a \u0432\u043e \u0432\u0442\u043e\u0440\u043e\u0439 \u0434\u0435\u043d\u044c<\/li>\n<li data-start=\"2134\" data-end=\"2157\">\u041e\u0434\u0438\u043d \u0443\u0436\u0438\u043d \u0438 \u0434\u0432\u0430 \u043e\u0431\u0435\u0434\u0430<\/li>\n<li data-start=\"2160\" data-end=\"2209\">\u0411\u0435\u0437\u0430\u043b\u043a\u043e\u0433\u043e\u043b\u044c\u043d\u044b\u0435 \u043d\u0430\u043f\u0438\u0442\u043a\u0438 \u0438 \u0441\u0432\u0435\u0436\u0438\u0435 \u0444\u0440\u0443\u043a\u0442\u044b \u043d\u0430 \u0431\u043e\u0440\u0442\u0443<\/li>\n<li data-start=\"2212\" data-end=\"2249\">\u041c\u0430\u0441\u043a\u0438, \u0442\u0440\u0443\u0431\u043a\u0438 \u0438 \u0441\u043f\u0430\u0441\u0430\u0442\u0435\u043b\u044c\u043d\u044b\u0435 \u0436\u0438\u043b\u0435\u0442\u044b<\/li>\n<\/ul>\n<p data-start=\"1728\" data-end=\"1784\"><strong>Nem tartalmazza:<\/strong><\/p>\n<ul>\n<li>\u0412\u0445\u043e\u0434 \u043d\u0430 \u0441\u043c\u043e\u0442\u0440\u043e\u0432\u0443\u044e \u041f\u0445\u0438-\u041f\u0445\u0438 \u0414\u043e\u043d \u2014 50 \u0e3f<\/li>\n<\/ul>\n<p><strong>Tov\u00e1bbi inform\u00e1ci\u00f3k:<\/strong><\/p>\n<ul>\n<li data-start=\"2595\" data-end=\"2675\">\u0412\u0440\u0435\u043c\u044f \u043e\u0442\u043f\u0440\u0430\u0432\u043b\u0435\u043d\u0438\u044f \u043d\u0430 \u041f\u0445\u0443\u043a\u0435\u0442 \u043d\u0430 2-\u0439 \u0434\u0435\u043d\u044c \u043c\u043e\u0436\u0435\u0442 \u0432\u0430\u0440\u044c\u0438\u0440\u043e\u0432\u0430\u0442\u044c\u0441\u044f (12:00 \u0438\u043b\u0438 15:00).<\/li>\n<li data-start=\"2678\" data-end=\"2854\">\u0412 \u0441\u043b\u0443\u0447\u0430\u0435 \u043e\u0442\u0441\u0443\u0442\u0441\u0442\u0432\u0438\u044f \u0432 \u043e\u0431\u043e\u0437\u043d\u0430\u0447\u0435\u043d\u043d\u043e\u043c \u043e\u0442\u0435\u043b\u0435 \u043d\u0435\u043e\u0431\u0445\u043e\u0434\u0438\u043c\u043e\u0433\u043e \u043a\u043e\u043b\u0438\u0447\u0435\u0441\u0442\u0432\u0430 \u043d\u043e\u043c\u0435\u0440\u043e\u0432 \u043d\u0430 \u043e\u043f\u0440\u0435\u0434\u0435\u043b\u0451\u043d\u043d\u0443\u044e \u0434\u0430\u0442\u0443, \u043e\u0440\u0433\u0430\u043d\u0438\u0437\u0430\u0442\u043e\u0440 \u043e\u0431\u044f\u0437\u0443\u0435\u0442\u0441\u044f \u043f\u0440\u0435\u0434\u043e\u0441\u0442\u0430\u0432\u0438\u0442\u044c \u043d\u043e\u043c\u0435\u0440\u0430 \u0432 \u0434\u0440\u0443\u0433\u043e\u043c, \u0438\u0434\u0435\u043d\u0442\u0438\u0447\u043d\u043e\u043c \u043f\u043e \u0443\u0440\u043e\u0432\u043d\u044e \u043e\u0442\u0435\u043b\u0435.<\/li>\n<li data-start=\"2857\" data-end=\"2971\">\u041e\u0440\u0433\u0430\u043d\u0438\u0437\u0430\u0442\u043e\u0440\u044b \u043d\u0435 \u043e\u0442\u0432\u0435\u0447\u0430\u044e\u0442 \u0437\u0430 \u0440\u0430\u0441\u043f\u0440\u0435\u0434\u0435\u043b\u0435\u043d\u0438\u0435 \u043d\u043e\u043c\u0435\u0440\u043e\u0432 \u0432 \u043e\u0442\u0435\u043b\u0435 \u043d\u0430 \u043e\u0441\u0442\u0440\u043e\u0432\u0435 \u2014 \u0432 \u0441\u043b\u0443\u0447\u0430\u0435 \u0432\u043e\u043f\u0440\u043e\u0441\u043e\u0432 \u043e\u0431\u0440\u0430\u0449\u0430\u0439\u0442\u0435\u0441\u044c \u043d\u0430 \u0440\u0435\u0441\u0435\u043f\u0448\u043d.<\/li>\n<li data-start=\"2974\" data-end=\"3052\">\u0412 \u0441\u043b\u0443\u0447\u0430\u0435 \u043f\u0440\u0438\u043e\u0431\u0440\u0435\u0442\u0435\u043d\u0438\u044f \u0438\u043d\u0434\u0438\u0432\u0438\u0434\u0443\u0430\u043b\u044c\u043d\u043e\u0433\u043e \u0442\u0443\u0440\u0430 \u0432\u043e\u0437\u043c\u043e\u0436\u043d\u044b \u043a\u043e\u0440\u0440\u0435\u043a\u0442\u0438\u0440\u043e\u0432\u043a\u0438 \u043f\u0440\u043e\u0433\u0440\u0430\u043c\u043c\u044b.<\/li>\n<li data-start=\"3055\" data-end=\"3140\">\u0423\u0447\u0430\u0441\u0442\u0438\u0435 \u0431\u0435\u0440\u0435\u043c\u0435\u043d\u043d\u044b\u0445 \u0436\u0435\u043d\u0449\u0438\u043d \u0432 \u0442\u0443\u0440\u0435 \u043d\u0435 \u0434\u043e\u043f\u0443\u0441\u043a\u0430\u0435\u0442\u0441\u044f \u0432 \u0440\u0430\u043c\u043a\u0430\u0445 \u0442\u0440\u0435\u0431\u043e\u0432\u0430\u043d\u0438\u0439 \u043a \u0431\u0435\u0437\u043e\u043f\u0430\u0441\u043d\u043e\u0441\u0442\u0438.<\/li>\n<\/ul>\n<p><strong>Vigy\u00e9l magaddal:<\/strong><\/p>\n<ul>\n<li data-start=\"2283\" data-end=\"2323\">\u041f\u043e\u043b\u043e\u0442\u0435\u043d\u0446\u0435 \u0438 \u043f\u0440\u0438\u043d\u0430\u0434\u043b\u0435\u0436\u043d\u043e\u0441\u0442\u0438 \u0434\u043b\u044f \u043a\u0443\u043f\u0430\u043d\u0438\u044f<\/li>\n<li data-start=\"2326\" data-end=\"2367\">\u0421\u043e\u043b\u043d\u0446\u0435\u0437\u0430\u0449\u0438\u0442\u043d\u044b\u0435 \u0441\u0440\u0435\u0434\u0441\u0442\u0432\u0430, \u0433\u043e\u043b\u043e\u0432\u043d\u044b\u0435 \u0443\u0431\u043e\u0440\u044b<\/li>\n<li data-start=\"2370\" data-end=\"2386\">\u0421\u043c\u0435\u043d\u043d\u0443\u044e \u043e\u0434\u0435\u0436\u0434\u0443<\/li>\n<li data-start=\"2389\" data-end=\"2430\">\u0413\u0430\u0434\u0436\u0435\u0442\u044b \u0434\u043b\u044f \u0437\u0430\u043f\u0435\u0447\u0430\u0442\u043b\u0435\u043d\u0438\u044f \u044f\u0440\u043a\u0438\u0445 \u043c\u043e\u043c\u0435\u043d\u0442\u043e\u0432<\/li>\n<li data-start=\"2433\" data-end=\"2472\">\u041d\u0430\u043b\u0438\u0447\u043d\u044b\u0435 \u043d\u0430 \u0441\u0443\u0432\u0435\u043d\u0438\u0440\u044b \u0438 \u043c\u0435\u043b\u043a\u0438\u0435 \u0440\u0430\u0441\u0445\u043e\u0434\u044b<\/li>\n<li data-start=\"2475\" data-end=\"2485\">\u0414\u043e\u0436\u0434\u0435\u0432\u0438\u043a<\/li>\n<\/ul>","protected":false},"excerpt":{"rendered":"<p><strong>Kir\u00e1ndul\u00e1s Id\u0151pontja:<\/strong> 2 nap<\/p>\n<p><strong>A Kir\u00e1ndul\u00e1s Napjai:<\/strong> Minden nap<\/p>","protected":false},"featured_media":74421,"template":"","meta":{"_kad_post_transparent":"default","_kad_post_title":"","_kad_post_layout":"default","_kad_post_sidebar_id":"","_kad_post_content_style":"default","_kad_post_vertical_padding":"default","_kad_post_feature":"","_kad_post_feature_position":"","_kad_post_header":false,"_kad_post_footer":false,"_kad_post_classname":"","_glsr_average":0,"_glsr_ranking":0,"_glsr_reviews":0},"product_brand":[],"product_cat":[506],"product_tag":[],"class_list":{"0":"post-74420","1":"product","2":"type-product","3":"status-publish","4":"has-post-thumbnail","6":"product_cat-phuket","7":"tm-has-options","9":"first","10":"instock","11":"sold-individually","12":"taxable","13":"shipping-taxable","14":"purchasable","15":"product-type-simple","16":"entry","17":"content-bg","18":"loop-entry"},"yoast_head":"<!-- This site is optimized with the Yoast SEO plugin v27.3 - https:\/\/yoast.com\/product\/yoast-seo-wordpress\/ -->\n<title>\u041f\u0445\u0438-\u041f\u0445\u0438 2 \u0434\u043d\u044f: \u0412\u043e\u044f\u0436 \u043d\u0430 \u0440\u0430\u0441\u0441\u0432\u0435\u0442\u0435 &#8226; \u042d\u043a\u0441\u043a\u0443\u0440\u0441\u0438\u0438 Skyline<\/title>\n<meta name=\"robots\" content=\"index, follow, max-snippet:-1, max-image-preview:large, max-video-preview:-1\" \/>\n<link rel=\"canonical\" href=\"https:\/\/skyline-gs.com\/hu\/termek\/phi-phi-2-days-sunrise-voyage-phuket\/\" \/>\n<meta property=\"og:locale\" content=\"hu_HU\" \/>\n<meta property=\"og:type\" content=\"article\" \/>\n<meta property=\"og:title\" content=\"\u041f\u0445\u0438-\u041f\u0445\u0438 2 \u0434\u043d\u044f: \u0412\u043e\u044f\u0436 \u043d\u0430 \u0440\u0430\u0441\u0441\u0432\u0435\u0442\u0435 &#8226; \u042d\u043a\u0441\u043a\u0443\u0440\u0441\u0438\u0438 Skyline\" \/>\n<meta property=\"og:description\" content=\"\u0412\u0440\u0435\u043c\u044f \u0442\u0443\u0440\u0430: 2 \u0434\u043d\u044f  \u0414\u043d\u0438 \u043f\u0440\u043e\u0432\u0435\u0434\u0435\u043d\u0438\u044f: \u041a\u0430\u0436\u0434\u044b\u0439 \u0434\u0435\u043d\u044c\" \/>\n<meta property=\"og:url\" content=\"https:\/\/skyline-gs.com\/hu\/termek\/phi-phi-2-days-sunrise-voyage-phuket\/\" \/>\n<meta property=\"og:site_name\" content=\"\u042d\u043a\u0441\u043a\u0443\u0440\u0441\u0438\u0438 Skyline\" \/>\n<meta property=\"article:modified_time\" content=\"2026-02-19T02:11:27+00:00\" \/>\n<meta property=\"og:image\" content=\"https:\/\/skyline-gs.com\/wp-content\/uploads\/2026\/01\/ekskursii-phuket-9.jpg\" \/>\n\t<meta property=\"og:image:width\" content=\"669\" \/>\n\t<meta property=\"og:image:height\" content=\"446\" \/>\n\t<meta property=\"og:image:type\" content=\"image\/jpeg\" \/>\n<meta name=\"twitter:card\" content=\"summary_large_image\" \/>\n<meta name=\"twitter:label1\" content=\"Becs\u00fclt olvas\u00e1si id\u0151\" \/>\n\t<meta name=\"twitter:data1\" content=\"3 perc\" \/>\n<script type=\"application\/ld+json\" class=\"yoast-schema-graph\">{\"@context\":\"https:\\\/\\\/schema.org\",\"@graph\":[{\"@type\":\"WebPage\",\"@id\":\"https:\\\/\\\/skyline-gs.com\\\/product\\\/phi-phi-2-days-sunrise-voyage-phuket\\\/\",\"url\":\"https:\\\/\\\/skyline-gs.com\\\/product\\\/phi-phi-2-days-sunrise-voyage-phuket\\\/\",\"name\":\"\u041f\u0445\u0438-\u041f\u0445\u0438 2 \u0434\u043d\u044f: \u0412\u043e\u044f\u0436 \u043d\u0430 \u0440\u0430\u0441\u0441\u0432\u0435\u0442\u0435 &#8226; \u042d\u043a\u0441\u043a\u0443\u0440\u0441\u0438\u0438 Skyline\",\"isPartOf\":{\"@id\":\"https:\\\/\\\/skyline-gs.com\\\/it\\\/#website\"},\"primaryImageOfPage\":{\"@id\":\"https:\\\/\\\/skyline-gs.com\\\/product\\\/phi-phi-2-days-sunrise-voyage-phuket\\\/#primaryimage\"},\"image\":{\"@id\":\"https:\\\/\\\/skyline-gs.com\\\/product\\\/phi-phi-2-days-sunrise-voyage-phuket\\\/#primaryimage\"},\"thumbnailUrl\":\"https:\\\/\\\/skyline-gs.com\\\/wp-content\\\/uploads\\\/2026\\\/01\\\/ekskursii-phuket-9.jpg\",\"datePublished\":\"2026-01-23T18:25:21+00:00\",\"dateModified\":\"2026-02-19T02:11:27+00:00\",\"breadcrumb\":{\"@id\":\"https:\\\/\\\/skyline-gs.com\\\/product\\\/phi-phi-2-days-sunrise-voyage-phuket\\\/#breadcrumb\"},\"inLanguage\":\"hu\",\"potentialAction\":[{\"@type\":\"ReadAction\",\"target\":[\"https:\\\/\\\/skyline-gs.com\\\/product\\\/phi-phi-2-days-sunrise-voyage-phuket\\\/\"]}]},{\"@type\":\"ImageObject\",\"inLanguage\":\"hu\",\"@id\":\"https:\\\/\\\/skyline-gs.com\\\/product\\\/phi-phi-2-days-sunrise-voyage-phuket\\\/#primaryimage\",\"url\":\"https:\\\/\\\/skyline-gs.com\\\/wp-content\\\/uploads\\\/2026\\\/01\\\/ekskursii-phuket-9.jpg\",\"contentUrl\":\"https:\\\/\\\/skyline-gs.com\\\/wp-content\\\/uploads\\\/2026\\\/01\\\/ekskursii-phuket-9.jpg\",\"width\":669,\"height\":446},{\"@type\":\"BreadcrumbList\",\"@id\":\"https:\\\/\\\/skyline-gs.com\\\/product\\\/phi-phi-2-days-sunrise-voyage-phuket\\\/#breadcrumb\",\"itemListElement\":[{\"@type\":\"ListItem\",\"position\":1,\"name\":\"\u0413\u043b\u0430\u0432\u043d\u0430\u044f \u0441\u0442\u0440\u0430\u043d\u0438\u0446\u0430\",\"item\":\"https:\\\/\\\/skyline-gs.com\\\/hu\\\/\"},{\"@type\":\"ListItem\",\"position\":2,\"name\":\"\u041c\u0430\u0433\u0430\u0437\u0438\u043d\",\"item\":\"https:\\\/\\\/skyline-gs.com\\\/cs\\\/shop\\\/\"},{\"@type\":\"ListItem\",\"position\":3,\"name\":\"\u041f\u0445\u0438-\u041f\u0445\u0438 2 \u0434\u043d\u044f: \u0412\u043e\u044f\u0436 \u043d\u0430 \u0440\u0430\u0441\u0441\u0432\u0435\u0442\u0435\"}]},{\"@type\":\"WebSite\",\"@id\":\"https:\\\/\\\/skyline-gs.com\\\/it\\\/#website\",\"url\":\"https:\\\/\\\/skyline-gs.com\\\/it\\\/\",\"name\":\"\u042d\u043a\u0441\u043a\u0443\u0440\u0441\u0438\u0438 Skyline\",\"description\":\"\u042d\u043a\u0441\u043a\u043b\u044e\u0437\u0438\u0432\u043d\u044b\u0435 \u044d\u043a\u0441\u043a\u0443\u0440\u0441\u0438\u0438 \u043d\u0430 \u043b\u0443\u0447\u0448\u0438\u0445 \u043a\u0443\u0440\u043e\u0440\u0442\u0430\u0445 \u043c\u0438\u0440\u0430\",\"publisher\":{\"@id\":\"https:\\\/\\\/skyline-gs.com\\\/it\\\/#organization\"},\"alternateName\":\"Skyline\",\"potentialAction\":[{\"@type\":\"SearchAction\",\"target\":{\"@type\":\"EntryPoint\",\"urlTemplate\":\"https:\\\/\\\/skyline-gs.com\\\/it\\\/?s={search_term_string}\"},\"query-input\":{\"@type\":\"PropertyValueSpecification\",\"valueRequired\":true,\"valueName\":\"search_term_string\"}}],\"inLanguage\":\"hu\"},{\"@type\":\"Organization\",\"@id\":\"https:\\\/\\\/skyline-gs.com\\\/it\\\/#organization\",\"name\":\"\u042d\u043a\u0441\u043a\u0443\u0440\u0441\u0438\u0438 Skyline\",\"alternateName\":\"\u042d\u043a\u0441\u043a\u0443\u0440\u0441\u0438\u0438 Skyline\",\"url\":\"https:\\\/\\\/skyline-gs.com\\\/it\\\/\",\"logo\":{\"@type\":\"ImageObject\",\"inLanguage\":\"hu\",\"@id\":\"https:\\\/\\\/skyline-gs.com\\\/it\\\/#\\\/schema\\\/logo\\\/image\\\/\",\"url\":\"https:\\\/\\\/skyline-gs.com\\\/wp-content\\\/uploads\\\/2020\\\/12\\\/cropped-logo-2.png\",\"contentUrl\":\"https:\\\/\\\/skyline-gs.com\\\/wp-content\\\/uploads\\\/2020\\\/12\\\/cropped-logo-2.png\",\"width\":512,\"height\":512,\"caption\":\"\u042d\u043a\u0441\u043a\u0443\u0440\u0441\u0438\u0438 Skyline\"},\"image\":{\"@id\":\"https:\\\/\\\/skyline-gs.com\\\/it\\\/#\\\/schema\\\/logo\\\/image\\\/\"},\"sameAs\":[\"https:\\\/\\\/www.instagram.com\\\/skylineglobalservice\\\/\"]}]}<\/script>\n<!-- \/ Yoast SEO plugin. -->","yoast_head_json":{"title":"\u041f\u0445\u0438-\u041f\u0445\u0438 2 \u0434\u043d\u044f: \u0412\u043e\u044f\u0436 \u043d\u0430 \u0440\u0430\u0441\u0441\u0432\u0435\u0442\u0435 &#8226; \u042d\u043a\u0441\u043a\u0443\u0440\u0441\u0438\u0438 Skyline","robots":{"index":"index","follow":"follow","max-snippet":"max-snippet:-1","max-image-preview":"max-image-preview:large","max-video-preview":"max-video-preview:-1"},"canonical":"https:\/\/skyline-gs.com\/hu\/termek\/phi-phi-2-days-sunrise-voyage-phuket\/","og_locale":"hu_HU","og_type":"article","og_title":"\u041f\u0445\u0438-\u041f\u0445\u0438 2 \u0434\u043d\u044f: \u0412\u043e\u044f\u0436 \u043d\u0430 \u0440\u0430\u0441\u0441\u0432\u0435\u0442\u0435 &#8226; \u042d\u043a\u0441\u043a\u0443\u0440\u0441\u0438\u0438 Skyline","og_description":"\u0412\u0440\u0435\u043c\u044f \u0442\u0443\u0440\u0430: 2 \u0434\u043d\u044f  \u0414\u043d\u0438 \u043f\u0440\u043e\u0432\u0435\u0434\u0435\u043d\u0438\u044f: \u041a\u0430\u0436\u0434\u044b\u0439 \u0434\u0435\u043d\u044c","og_url":"https:\/\/skyline-gs.com\/hu\/termek\/phi-phi-2-days-sunrise-voyage-phuket\/","og_site_name":"\u042d\u043a\u0441\u043a\u0443\u0440\u0441\u0438\u0438 Skyline","article_modified_time":"2026-02-19T02:11:27+00:00","og_image":[{"width":669,"height":446,"url":"https:\/\/skyline-gs.com\/wp-content\/uploads\/2026\/01\/ekskursii-phuket-9.jpg","type":"image\/jpeg"}],"twitter_card":"summary_large_image","twitter_misc":{"Becs\u00fclt olvas\u00e1si id\u0151":"3 perc"},"schema":{"@context":"https:\/\/schema.org","@graph":[{"@type":"WebPage","@id":"https:\/\/skyline-gs.com\/product\/phi-phi-2-days-sunrise-voyage-phuket\/","url":"https:\/\/skyline-gs.com\/product\/phi-phi-2-days-sunrise-voyage-phuket\/","name":"\u041f\u0445\u0438-\u041f\u0445\u0438 2 \u0434\u043d\u044f: \u0412\u043e\u044f\u0436 \u043d\u0430 \u0440\u0430\u0441\u0441\u0432\u0435\u0442\u0435 &#8226; \u042d\u043a\u0441\u043a\u0443\u0440\u0441\u0438\u0438 Skyline","isPartOf":{"@id":"https:\/\/skyline-gs.com\/it\/#website"},"primaryImageOfPage":{"@id":"https:\/\/skyline-gs.com\/product\/phi-phi-2-days-sunrise-voyage-phuket\/#primaryimage"},"image":{"@id":"https:\/\/skyline-gs.com\/product\/phi-phi-2-days-sunrise-voyage-phuket\/#primaryimage"},"thumbnailUrl":"https:\/\/skyline-gs.com\/wp-content\/uploads\/2026\/01\/ekskursii-phuket-9.jpg","datePublished":"2026-01-23T18:25:21+00:00","dateModified":"2026-02-19T02:11:27+00:00","breadcrumb":{"@id":"https:\/\/skyline-gs.com\/product\/phi-phi-2-days-sunrise-voyage-phuket\/#breadcrumb"},"inLanguage":"hu","potentialAction":[{"@type":"ReadAction","target":["https:\/\/skyline-gs.com\/product\/phi-phi-2-days-sunrise-voyage-phuket\/"]}]},{"@type":"ImageObject","inLanguage":"hu","@id":"https:\/\/skyline-gs.com\/product\/phi-phi-2-days-sunrise-voyage-phuket\/#primaryimage","url":"https:\/\/skyline-gs.com\/wp-content\/uploads\/2026\/01\/ekskursii-phuket-9.jpg","contentUrl":"https:\/\/skyline-gs.com\/wp-content\/uploads\/2026\/01\/ekskursii-phuket-9.jpg","width":669,"height":446},{"@type":"BreadcrumbList","@id":"https:\/\/skyline-gs.com\/product\/phi-phi-2-days-sunrise-voyage-phuket\/#breadcrumb","itemListElement":[{"@type":"ListItem","position":1,"name":"\u0413\u043b\u0430\u0432\u043d\u0430\u044f \u0441\u0442\u0440\u0430\u043d\u0438\u0446\u0430","item":"https:\/\/skyline-gs.com\/hu\/"},{"@type":"ListItem","position":2,"name":"\u041c\u0430\u0433\u0430\u0437\u0438\u043d","item":"https:\/\/skyline-gs.com\/cs\/shop\/"},{"@type":"ListItem","position":3,"name":"\u041f\u0445\u0438-\u041f\u0445\u0438 2 \u0434\u043d\u044f: \u0412\u043e\u044f\u0436 \u043d\u0430 \u0440\u0430\u0441\u0441\u0432\u0435\u0442\u0435"}]},{"@type":"WebSite","@id":"https:\/\/skyline-gs.com\/it\/#website","url":"https:\/\/skyline-gs.com\/it\/","name":"Skyline T\u00far\u00e1k","description":"Exkluz\u00edv kir\u00e1ndul\u00e1sok a vil\u00e1g legjobb \u00fcd\u00fcl\u0151helyein","publisher":{"@id":"https:\/\/skyline-gs.com\/it\/#organization"},"alternateName":"Skyline","potentialAction":[{"@type":"SearchAction","target":{"@type":"EntryPoint","urlTemplate":"https:\/\/skyline-gs.com\/it\/?s={search_term_string}"},"query-input":{"@type":"PropertyValueSpecification","valueRequired":true,"valueName":"search_term_string"}}],"inLanguage":"hu"},{"@type":"Organization","@id":"https:\/\/skyline-gs.com\/it\/#organization","name":"Skyline T\u00far\u00e1k","alternateName":"\u042d\u043a\u0441\u043a\u0443\u0440\u0441\u0438\u0438 Skyline","url":"https:\/\/skyline-gs.com\/it\/","logo":{"@type":"ImageObject","inLanguage":"hu","@id":"https:\/\/skyline-gs.com\/it\/#\/schema\/logo\/image\/","url":"https:\/\/skyline-gs.com\/wp-content\/uploads\/2020\/12\/cropped-logo-2.png","contentUrl":"https:\/\/skyline-gs.com\/wp-content\/uploads\/2020\/12\/cropped-logo-2.png","width":512,"height":512,"caption":"\u042d\u043a\u0441\u043a\u0443\u0440\u0441\u0438\u0438 Skyline"},"image":{"@id":"https:\/\/skyline-gs.com\/it\/#\/schema\/logo\/image\/"},"sameAs":["https:\/\/www.instagram.com\/skylineglobalservice\/"]}]}},"_links":{"self":[{"href":"https:\/\/skyline-gs.com\/hu\/wp-json\/wp\/v2\/product\/74420","targetHints":{"allow":["GET"]}}],"collection":[{"href":"https:\/\/skyline-gs.com\/hu\/wp-json\/wp\/v2\/product"}],"about":[{"href":"https:\/\/skyline-gs.com\/hu\/wp-json\/wp\/v2\/types\/product"}],"version-history":[{"count":0,"href":"https:\/\/skyline-gs.com\/hu\/wp-json\/wp\/v2\/product\/74420\/revisions"}],"wp:featuredmedia":[{"embeddable":true,"href":"https:\/\/skyline-gs.com\/hu\/wp-json\/wp\/v2\/media\/74421"}],"wp:attachment":[{"href":"https:\/\/skyline-gs.com\/hu\/wp-json\/wp\/v2\/media?parent=74420"}],"wp:term":[{"taxonomy":"product_brand","embeddable":true,"href":"https:\/\/skyline-gs.com\/hu\/wp-json\/wp\/v2\/product_brand?post=74420"},{"taxonomy":"product_cat","embeddable":true,"href":"https:\/\/skyline-gs.com\/hu\/wp-json\/wp\/v2\/product_cat?post=74420"},{"taxonomy":"product_tag","embeddable":true,"href":"https:\/\/skyline-gs.com\/hu\/wp-json\/wp\/v2\/product_tag?post=74420"}],"curies":[{"name":"wp","href":"https:\/\/api.w.org\/{rel}","templated":true}]}}