{"id":73909,"date":"2025-12-14T15:25:23","date_gmt":"2025-12-14T13:25:23","guid":{"rendered":"http:\/\/skyline-gs.com\/?post_type=product&#038;p=73909"},"modified":"2025-12-14T16:02:30","modified_gmt":"2025-12-14T14:02:30","slug":"tiffanys-show-2","status":"publish","type":"product","link":"https:\/\/skyline-gs.com\/hu\/product\/tiffanys-show\/","title":{"rendered":"A Tiffany Show"},"content":{"rendered":"<p><strong>Tiffany ki\u00e1ll\u00edt\u00e1sa<\/strong> - Legend\u00e1s vil\u00e1gsz\u00ednvonal\u00fa kabar\u00e9m\u0171sor \u00e9s Thaif\u00f6ld egyik legh\u00edresebb el\u0151ad\u00e1sa. Ez egy eleg\u00e1ns, sz\u00ednes \u00e9s l\u00e1tv\u00e1nyos show, amelyben transznem\u0171 el\u0151ad\u00f3k l\u00e9pnek fel, \u00e9s amely a professzion\u00e1lis koreogr\u00e1fi\u00e1t, az \u00e9neket, a pazar jelmezeket, a zen\u00e9t \u00e9s a leny\u0171g\u00f6z\u0151 sz\u00ednpadi d\u00edszleteket \u00f6tv\u00f6zi.<br \/>\nA m\u0171sort ig\u00e9nyes el\u0151ad\u00e1sm\u00f3d, magas sz\u00ednvonal\u00fa sz\u00ednpadra \u00e1ll\u00edt\u00e1s jellemzi, \u00e9s minden koroszt\u00e1ly sz\u00e1m\u00e1ra alkalmas. A Tiffany's Show a pattayai esti pihen\u00e9s klasszikusa, \u00e9s a kultur\u00e1lis program kihagyhatatlan eleme.<\/p>\n<p><strong>program<\/strong><\/p>\n<ul>\n<li>\u00d6n\u00e1ll\u00f3 eljut\u00e1s a Tiffany's Show Theatre-hez vagy transzfer a sz\u00e1llod\u00e1t\u00f3l (ha a transzfer opci\u00f3t v\u00e1lasztja).<\/li>\n<li>Sz\u00e1ll\u00e1s a v\u00e1lasztott jegykateg\u00f3ri\u00e1nak megfelel\u0151 csarnokban (Standard \/ Deluxe \/ VIP).<\/li>\n<li>A Tiffany's Show egy sz\u00ednes kabar\u00e9 el\u0151ad\u00e1s:<br \/>\nzenei \u00e9s t\u00e1ncsz\u00e1mok,<br \/>\nk\u00fcl\u00f6nb\u00f6z\u0151 orsz\u00e1gok nemzeti \u00e9s kort\u00e1rs k\u00e9pei,<br \/>\npazar jelmezek \u00e9s d\u00edszletek,<br \/>\nprofesszion\u00e1lis koreogr\u00e1fia \u00e9s f\u00e9nyhat\u00e1sok.<\/li>\n<li>A m\u0171sor v\u00e9ge ut\u00e1n szabadid\u0151.<\/li>\n<li>Lehet\u0151s\u00e9g k\u00f6z\u00f6s fot\u00f3z\u00e1sra a m\u0171v\u00e9szekkel az el\u0151ad\u00e1s ut\u00e1n (fel\u00e1r ellen\u00e9ben).<\/li>\n<li>Visszat\u00e9r\u00e9s a sz\u00e1llod\u00e1ba (a rendelkez\u00e9sre \u00e1ll\u00f3 transzfer f\u00fcggv\u00e9ny\u00e9ben).<br \/>\n<em>A m\u0171sor id\u0151tartama k\u00f6r\u00fclbel\u00fcl 70 perc.<\/em><\/li>\n<\/ul>\n<p><strong>Tartalmazza:<\/strong><\/p>\n<ul>\n<li data-start=\"2622\" data-end=\"2653\">\n<p data-start=\"2624\" data-end=\"2653\">Bel\u00e9p\u0151jegy.<\/p>\n<\/li>\n<li data-start=\"2622\" data-end=\"2653\">\n<p data-start=\"2624\" data-end=\"2653\">\u00c1thelyez\u00e9s.<\/p>\n<\/li>\n<li data-start=\"2622\" data-end=\"2653\">Vacsora (ha a vacsora opci\u00f3t v\u00e1lasztott\u00e1k)<\/li>\n<\/ul>\n<p><strong>Vigy\u00e9l magaddal:<\/strong><\/p>\n<ul>\n<li data-start=\"2117\" data-end=\"2159\">\n<p data-start=\"2119\" data-end=\"2159\">F\u00e9nyk\u00e9pez\u0151g\u00e9p vagy telefon.<\/p>\n<\/li>\n<li data-start=\"2117\" data-end=\"2159\">\n<p data-start=\"2119\" data-end=\"2159\">K\u00f6nny\u0171 ruh\u00e1zat.<\/p>\n<\/li>\n<li>P\u00e9nz szem\u00e9lyes kiad\u00e1sokra.<\/li>\n<\/ul>\n<p><strong>Extr\u00e1k:<\/strong><\/p>\n<ul>\n<li>Az el\u0151ad\u00e1s az eg\u00e9sz csal\u00e1d sz\u00e1m\u00e1ra alkalmas, bele\u00e9rtve a gyermekeket is.<\/li>\n<li><strong>Az el\u0151ad\u00e1s alatt tilos f\u00e9nyk\u00e9pezni \u00e9s vide\u00f3zni.<\/strong><\/li>\n<li>A ki\u00e1ll\u00edt\u00e1s ut\u00e1n d\u00edj ellen\u00e9ben lehet\u0151s\u00e9g van k\u00f6z\u00f6s fot\u00f3z\u00e1sra a m\u0171v\u00e9szekkel.<\/li>\n<li>Az \u00f6lt\u00f6zk\u00f6d\u00e9s laza, tiszta \u00e9s rendezett.<\/li>\n<li>Javasoljuk, hogy a jegyeket el\u0151re foglalj\u00e1k le, k\u00fcl\u00f6n\u00f6sen a f\u0151szezonban.<\/li>\n<\/ul>","protected":false},"excerpt":{"rendered":"<p><strong>A m\u0171sor kezdete:<\/strong> 18:00 \/ 19:30 \/ 21:00<br \/>\n<strong>A Kir\u00e1ndul\u00e1s Napjai:<\/strong> Naponta<\/p>","protected":false},"featured_media":73913,"template":"","meta":{"_kad_post_transparent":"default","_kad_post_title":"","_kad_post_layout":"default","_kad_post_sidebar_id":"","_kad_post_content_style":"default","_kad_post_vertical_padding":"default","_kad_post_feature":"","_kad_post_feature_position":"","_kad_post_header":false,"_kad_post_footer":false,"_kad_post_classname":"","_glsr_average":0,"_glsr_ranking":0,"_glsr_reviews":0},"product_brand":[],"product_cat":[507],"product_tag":[],"class_list":{"0":"post-73909","1":"product","2":"type-product","3":"status-publish","4":"has-post-thumbnail","6":"product_cat-pattaya","7":"tm-has-options","9":"first","10":"instock","11":"sold-individually","12":"taxable","13":"shipping-taxable","14":"purchasable","15":"product-type-simple","16":"entry","17":"content-bg","18":"loop-entry"},"yoast_head":"<!-- This site is optimized with the Yoast SEO plugin v27.4 - https:\/\/yoast.com\/product\/yoast-seo-wordpress\/ -->\n<title>\u0428\u043e\u0443 \u0422\u0438\u0444\u0444\u0430\u043d\u0438 &#8226; \u042d\u043a\u0441\u043a\u0443\u0440\u0441\u0438\u0438 Skyline<\/title>\n<meta name=\"robots\" content=\"index, follow, max-snippet:-1, max-image-preview:large, max-video-preview:-1\" \/>\n<link rel=\"canonical\" href=\"https:\/\/skyline-gs.com\/hu\/termek\/tiffanys-show-2\/\" \/>\n<meta property=\"og:locale\" content=\"hu_HU\" \/>\n<meta property=\"og:type\" content=\"article\" \/>\n<meta property=\"og:title\" content=\"\u0428\u043e\u0443 \u0422\u0438\u0444\u0444\u0430\u043d\u0438 &#8226; \u042d\u043a\u0441\u043a\u0443\u0440\u0441\u0438\u0438 Skyline\" \/>\n<meta property=\"og:description\" content=\"\u041d\u0430\u0447\u0430\u043b\u043e \u0448\u043e\u0443: 18:00 \/ 19:30 \/ 21:00 \u0414\u043d\u0438 \u043f\u0440\u043e\u0432\u0435\u0434\u0435\u043d\u0438\u044f: \u0435\u0436\u0435\u0434\u043d\u0435\u0432\u043d\u043e\" \/>\n<meta property=\"og:url\" content=\"https:\/\/skyline-gs.com\/hu\/termek\/tiffanys-show-2\/\" \/>\n<meta property=\"og:site_name\" content=\"\u042d\u043a\u0441\u043a\u0443\u0440\u0441\u0438\u0438 Skyline\" \/>\n<meta property=\"article:modified_time\" content=\"2025-12-14T14:02:30+00:00\" \/>\n<meta property=\"og:image\" content=\"https:\/\/skyline-gs.com\/wp-content\/uploads\/2025\/12\/0c5777b82707809f6b96529b54295f3d3a42569c.jpg\" \/>\n\t<meta property=\"og:image:width\" content=\"738\" \/>\n\t<meta property=\"og:image:height\" content=\"492\" \/>\n\t<meta property=\"og:image:type\" content=\"image\/jpeg\" \/>\n<meta name=\"twitter:card\" content=\"summary_large_image\" \/>\n<meta name=\"twitter:label1\" content=\"Becs\u00fclt olvas\u00e1si id\u0151\" \/>\n\t<meta name=\"twitter:data1\" content=\"2 perc\" \/>\n<script type=\"application\/ld+json\" class=\"yoast-schema-graph\">{\"@context\":\"https:\\\/\\\/schema.org\",\"@graph\":[{\"@type\":\"WebPage\",\"@id\":\"https:\\\/\\\/skyline-gs.com\\\/de\\\/produkt\\\/tiffanys-show\\\/\",\"url\":\"https:\\\/\\\/skyline-gs.com\\\/de\\\/produkt\\\/tiffanys-show\\\/\",\"name\":\"\u0428\u043e\u0443 \u0422\u0438\u0444\u0444\u0430\u043d\u0438 &#8226; \u042d\u043a\u0441\u043a\u0443\u0440\u0441\u0438\u0438 Skyline\",\"isPartOf\":{\"@id\":\"https:\\\/\\\/skyline-gs.com\\\/it\\\/#website\"},\"primaryImageOfPage\":{\"@id\":\"https:\\\/\\\/skyline-gs.com\\\/de\\\/produkt\\\/tiffanys-show\\\/#primaryimage\"},\"image\":{\"@id\":\"https:\\\/\\\/skyline-gs.com\\\/de\\\/produkt\\\/tiffanys-show\\\/#primaryimage\"},\"thumbnailUrl\":\"https:\\\/\\\/skyline-gs.com\\\/wp-content\\\/uploads\\\/2025\\\/12\\\/0c5777b82707809f6b96529b54295f3d3a42569c.jpg\",\"datePublished\":\"2025-12-14T13:25:23+00:00\",\"dateModified\":\"2025-12-14T14:02:30+00:00\",\"breadcrumb\":{\"@id\":\"https:\\\/\\\/skyline-gs.com\\\/de\\\/produkt\\\/tiffanys-show\\\/#breadcrumb\"},\"inLanguage\":\"hu\",\"potentialAction\":[{\"@type\":\"ReadAction\",\"target\":[\"https:\\\/\\\/skyline-gs.com\\\/de\\\/produkt\\\/tiffanys-show\\\/\"]}]},{\"@type\":\"ImageObject\",\"inLanguage\":\"hu\",\"@id\":\"https:\\\/\\\/skyline-gs.com\\\/de\\\/produkt\\\/tiffanys-show\\\/#primaryimage\",\"url\":\"https:\\\/\\\/skyline-gs.com\\\/wp-content\\\/uploads\\\/2025\\\/12\\\/0c5777b82707809f6b96529b54295f3d3a42569c.jpg\",\"contentUrl\":\"https:\\\/\\\/skyline-gs.com\\\/wp-content\\\/uploads\\\/2025\\\/12\\\/0c5777b82707809f6b96529b54295f3d3a42569c.jpg\",\"width\":738,\"height\":492},{\"@type\":\"BreadcrumbList\",\"@id\":\"https:\\\/\\\/skyline-gs.com\\\/de\\\/produkt\\\/tiffanys-show\\\/#breadcrumb\",\"itemListElement\":[{\"@type\":\"ListItem\",\"position\":1,\"name\":\"\u0413\u043b\u0430\u0432\u043d\u0430\u044f \u0441\u0442\u0440\u0430\u043d\u0438\u0446\u0430\",\"item\":\"https:\\\/\\\/skyline-gs.com\\\/hu\\\/\"},{\"@type\":\"ListItem\",\"position\":2,\"name\":\"\u041c\u0430\u0433\u0430\u0437\u0438\u043d\",\"item\":\"https:\\\/\\\/skyline-gs.com\\\/cs\\\/shop\\\/\"},{\"@type\":\"ListItem\",\"position\":3,\"name\":\"\u0428\u043e\u0443 \u0422\u0438\u0444\u0444\u0430\u043d\u0438\"}]},{\"@type\":\"WebSite\",\"@id\":\"https:\\\/\\\/skyline-gs.com\\\/it\\\/#website\",\"url\":\"https:\\\/\\\/skyline-gs.com\\\/it\\\/\",\"name\":\"\u042d\u043a\u0441\u043a\u0443\u0440\u0441\u0438\u0438 Skyline\",\"description\":\"\u042d\u043a\u0441\u043a\u043b\u044e\u0437\u0438\u0432\u043d\u044b\u0435 \u044d\u043a\u0441\u043a\u0443\u0440\u0441\u0438\u0438 \u043d\u0430 \u043b\u0443\u0447\u0448\u0438\u0445 \u043a\u0443\u0440\u043e\u0440\u0442\u0430\u0445 \u043c\u0438\u0440\u0430\",\"publisher\":{\"@id\":\"https:\\\/\\\/skyline-gs.com\\\/it\\\/#organization\"},\"alternateName\":\"Skyline\",\"potentialAction\":[{\"@type\":\"SearchAction\",\"target\":{\"@type\":\"EntryPoint\",\"urlTemplate\":\"https:\\\/\\\/skyline-gs.com\\\/it\\\/?s={search_term_string}\"},\"query-input\":{\"@type\":\"PropertyValueSpecification\",\"valueRequired\":true,\"valueName\":\"search_term_string\"}}],\"inLanguage\":\"hu\"},{\"@type\":\"Organization\",\"@id\":\"https:\\\/\\\/skyline-gs.com\\\/it\\\/#organization\",\"name\":\"\u042d\u043a\u0441\u043a\u0443\u0440\u0441\u0438\u0438 Skyline\",\"alternateName\":\"\u042d\u043a\u0441\u043a\u0443\u0440\u0441\u0438\u0438 Skyline\",\"url\":\"https:\\\/\\\/skyline-gs.com\\\/it\\\/\",\"logo\":{\"@type\":\"ImageObject\",\"inLanguage\":\"hu\",\"@id\":\"https:\\\/\\\/skyline-gs.com\\\/it\\\/#\\\/schema\\\/logo\\\/image\\\/\",\"url\":\"https:\\\/\\\/skyline-gs.com\\\/wp-content\\\/uploads\\\/2020\\\/12\\\/cropped-logo-2.png\",\"contentUrl\":\"https:\\\/\\\/skyline-gs.com\\\/wp-content\\\/uploads\\\/2020\\\/12\\\/cropped-logo-2.png\",\"width\":512,\"height\":512,\"caption\":\"\u042d\u043a\u0441\u043a\u0443\u0440\u0441\u0438\u0438 Skyline\"},\"image\":{\"@id\":\"https:\\\/\\\/skyline-gs.com\\\/it\\\/#\\\/schema\\\/logo\\\/image\\\/\"},\"sameAs\":[\"https:\\\/\\\/www.instagram.com\\\/skylineglobalservice\\\/\"]}]}<\/script>\n<!-- \/ Yoast SEO plugin. -->","yoast_head_json":{"title":"A Tiffany Show - Skyline Excursions","robots":{"index":"index","follow":"follow","max-snippet":"max-snippet:-1","max-image-preview":"max-image-preview:large","max-video-preview":"max-video-preview:-1"},"canonical":"https:\/\/skyline-gs.com\/hu\/termek\/tiffanys-show-2\/","og_locale":"hu_HU","og_type":"article","og_title":"\u0428\u043e\u0443 \u0422\u0438\u0444\u0444\u0430\u043d\u0438 &#8226; \u042d\u043a\u0441\u043a\u0443\u0440\u0441\u0438\u0438 Skyline","og_description":"\u041d\u0430\u0447\u0430\u043b\u043e \u0448\u043e\u0443: 18:00 \/ 19:30 \/ 21:00 \u0414\u043d\u0438 \u043f\u0440\u043e\u0432\u0435\u0434\u0435\u043d\u0438\u044f: \u0435\u0436\u0435\u0434\u043d\u0435\u0432\u043d\u043e","og_url":"https:\/\/skyline-gs.com\/hu\/termek\/tiffanys-show-2\/","og_site_name":"\u042d\u043a\u0441\u043a\u0443\u0440\u0441\u0438\u0438 Skyline","article_modified_time":"2025-12-14T14:02:30+00:00","og_image":[{"width":738,"height":492,"url":"https:\/\/skyline-gs.com\/wp-content\/uploads\/2025\/12\/0c5777b82707809f6b96529b54295f3d3a42569c.jpg","type":"image\/jpeg"}],"twitter_card":"summary_large_image","twitter_misc":{"Becs\u00fclt olvas\u00e1si id\u0151":"2 perc"},"schema":{"@context":"https:\/\/schema.org","@graph":[{"@type":"WebPage","@id":"https:\/\/skyline-gs.com\/de\/produkt\/tiffanys-show\/","url":"https:\/\/skyline-gs.com\/de\/produkt\/tiffanys-show\/","name":"A Tiffany Show - Skyline Excursions","isPartOf":{"@id":"https:\/\/skyline-gs.com\/it\/#website"},"primaryImageOfPage":{"@id":"https:\/\/skyline-gs.com\/de\/produkt\/tiffanys-show\/#primaryimage"},"image":{"@id":"https:\/\/skyline-gs.com\/de\/produkt\/tiffanys-show\/#primaryimage"},"thumbnailUrl":"https:\/\/skyline-gs.com\/wp-content\/uploads\/2025\/12\/0c5777b82707809f6b96529b54295f3d3a42569c.jpg","datePublished":"2025-12-14T13:25:23+00:00","dateModified":"2025-12-14T14:02:30+00:00","breadcrumb":{"@id":"https:\/\/skyline-gs.com\/de\/produkt\/tiffanys-show\/#breadcrumb"},"inLanguage":"hu","potentialAction":[{"@type":"ReadAction","target":["https:\/\/skyline-gs.com\/de\/produkt\/tiffanys-show\/"]}]},{"@type":"ImageObject","inLanguage":"hu","@id":"https:\/\/skyline-gs.com\/de\/produkt\/tiffanys-show\/#primaryimage","url":"https:\/\/skyline-gs.com\/wp-content\/uploads\/2025\/12\/0c5777b82707809f6b96529b54295f3d3a42569c.jpg","contentUrl":"https:\/\/skyline-gs.com\/wp-content\/uploads\/2025\/12\/0c5777b82707809f6b96529b54295f3d3a42569c.jpg","width":738,"height":492},{"@type":"BreadcrumbList","@id":"https:\/\/skyline-gs.com\/de\/produkt\/tiffanys-show\/#breadcrumb","itemListElement":[{"@type":"ListItem","position":1,"name":"\u0413\u043b\u0430\u0432\u043d\u0430\u044f \u0441\u0442\u0440\u0430\u043d\u0438\u0446\u0430","item":"https:\/\/skyline-gs.com\/hu\/"},{"@type":"ListItem","position":2,"name":"\u041c\u0430\u0433\u0430\u0437\u0438\u043d","item":"https:\/\/skyline-gs.com\/cs\/shop\/"},{"@type":"ListItem","position":3,"name":"\u0428\u043e\u0443 \u0422\u0438\u0444\u0444\u0430\u043d\u0438"}]},{"@type":"WebSite","@id":"https:\/\/skyline-gs.com\/it\/#website","url":"https:\/\/skyline-gs.com\/it\/","name":"Skyline T\u00far\u00e1k","description":"Exkluz\u00edv kir\u00e1ndul\u00e1sok a vil\u00e1g legjobb \u00fcd\u00fcl\u0151helyein","publisher":{"@id":"https:\/\/skyline-gs.com\/it\/#organization"},"alternateName":"Skyline","potentialAction":[{"@type":"SearchAction","target":{"@type":"EntryPoint","urlTemplate":"https:\/\/skyline-gs.com\/it\/?s={search_term_string}"},"query-input":{"@type":"PropertyValueSpecification","valueRequired":true,"valueName":"search_term_string"}}],"inLanguage":"hu"},{"@type":"Organization","@id":"https:\/\/skyline-gs.com\/it\/#organization","name":"Skyline T\u00far\u00e1k","alternateName":"\u042d\u043a\u0441\u043a\u0443\u0440\u0441\u0438\u0438 Skyline","url":"https:\/\/skyline-gs.com\/it\/","logo":{"@type":"ImageObject","inLanguage":"hu","@id":"https:\/\/skyline-gs.com\/it\/#\/schema\/logo\/image\/","url":"https:\/\/skyline-gs.com\/wp-content\/uploads\/2020\/12\/cropped-logo-2.png","contentUrl":"https:\/\/skyline-gs.com\/wp-content\/uploads\/2020\/12\/cropped-logo-2.png","width":512,"height":512,"caption":"\u042d\u043a\u0441\u043a\u0443\u0440\u0441\u0438\u0438 Skyline"},"image":{"@id":"https:\/\/skyline-gs.com\/it\/#\/schema\/logo\/image\/"},"sameAs":["https:\/\/www.instagram.com\/skylineglobalservice\/"]}]}},"_links":{"self":[{"href":"https:\/\/skyline-gs.com\/hu\/wp-json\/wp\/v2\/product\/73909","targetHints":{"allow":["GET"]}}],"collection":[{"href":"https:\/\/skyline-gs.com\/hu\/wp-json\/wp\/v2\/product"}],"about":[{"href":"https:\/\/skyline-gs.com\/hu\/wp-json\/wp\/v2\/types\/product"}],"version-history":[{"count":0,"href":"https:\/\/skyline-gs.com\/hu\/wp-json\/wp\/v2\/product\/73909\/revisions"}],"wp:featuredmedia":[{"embeddable":true,"href":"https:\/\/skyline-gs.com\/hu\/wp-json\/wp\/v2\/media\/73913"}],"wp:attachment":[{"href":"https:\/\/skyline-gs.com\/hu\/wp-json\/wp\/v2\/media?parent=73909"}],"wp:term":[{"taxonomy":"product_brand","embeddable":true,"href":"https:\/\/skyline-gs.com\/hu\/wp-json\/wp\/v2\/product_brand?post=73909"},{"taxonomy":"product_cat","embeddable":true,"href":"https:\/\/skyline-gs.com\/hu\/wp-json\/wp\/v2\/product_cat?post=73909"},{"taxonomy":"product_tag","embeddable":true,"href":"https:\/\/skyline-gs.com\/hu\/wp-json\/wp\/v2\/product_tag?post=73909"}],"curies":[{"name":"wp","href":"https:\/\/api.w.org\/{rel}","templated":true}]}}