{"id":73665,"date":"2025-12-11T22:36:58","date_gmt":"2025-12-11T20:36:58","guid":{"rendered":"http:\/\/skyline-gs.com\/?post_type=product&#038;p=73665"},"modified":"2025-12-16T23:03:21","modified_gmt":"2025-12-16T21:03:21","slug":"zmeinaya-ferma-2","status":"publish","type":"product","link":"https:\/\/skyline-gs.com\/hu\/product\/zmeinaya-ferma\/","title":{"rendered":"K\u00edgy\u00f3farm"},"content":{"rendered":"<p>R\u00e9szv\u00e9tel <strong>a pattayai k\u00edgy\u00f3farmr\u00f3l.<\/strong> - Thaif\u00f6ld egyik legszokatlanabb \u00e9s legeml\u00e9kezetesebb l\u00e1tnival\u00f3ja. Itt k\u00fcl\u00f6nb\u00f6z\u0151 k\u00edgy\u00f3kat (m\u00e9rges \u00e9s nem m\u00e9rges) l\u00e1that, megfigyelheti viselked\u00e9s\u00fcket, megismerheti a m\u00e9rgeket \u00e9s azok felhaszn\u00e1l\u00e1s\u00e1t, \u00e9s r\u00e9szt vehet egy izgalmas k\u00edgy\u00f3show-n, amelyet tapasztalt kik\u00e9pz\u0151k tartanak.<br \/>\nEz egy nagyszer\u0171 lehet\u0151s\u00e9g azoknak a vend\u00e9geknek, akik \u00faj \u00e9rzelmekre, gy\u00f6ny\u00f6r\u0171 fot\u00f3kra \u00e9s szokatlan \u00e9lm\u00e9nyekre v\u00e1gynak a csal\u00e1d vagy a bar\u00e1tok t\u00e1rsas\u00e1g\u00e1ban.<\/p>\n<p><strong>program<\/strong><\/p>\n<ul>\n<li>\u00c9rkez\u00e9s a k\u00edgy\u00f3farmra (az \u00fcgyn\u00f6ks\u00e9geken kereszt\u00fcl t\u00f6rt\u00e9n\u0151 foglal\u00e1s gyakran mag\u00e1ban foglalja az oda- \u00e9s visszautat is).<\/li>\n<li>L\u00e1togat\u00e1s a farm ter\u00fclet\u00e9n: sz\u00e1mos k\u00edgy\u00f3faj a mad\u00e1rh\u00e1zakban, h\u00fcll\u0151k, n\u00e9ha m\u00e1s \u00e1llatok \u00e9s egy kis mini \u00e1llatkert.<\/li>\n<li>Vegyen r\u00e9szt vagy n\u00e9zzen meg egy k\u00edgy\u00f3bemutat\u00f3n - az oktat\u00f3k kobr\u00e1kkal, pitonokkal \u00e9s m\u00e1s h\u00fcll\u0151kkel mutatj\u00e1k be a kobraszel\u00edd\u00edt\u00e9si k\u00e9szs\u00e9geket \u00e9s tr\u00fckk\u00f6ket.<\/li>\n<li>Id\u0151 a fot\u00f3z\u00e1sra, s\u00e9t\u00e1lgat\u00e1sra, a ki\u00e1ll\u00edt\u00e1si t\u00e1rgyak felfedez\u00e9s\u00e9re.<\/li>\n<li>Az id\u0151tartam a transzfer menetrendj\u00e9t\u0151l \u00e9s az \u00d6n preferenci\u00e1it\u00f3l f\u00fcgg - \u00e1ltal\u00e1ban 1-2 \u00f3ra a farmon.<\/li>\n<\/ul>\n<p><strong>Tartalmazza:<\/strong><\/p>\n<ul>\n<li>Bel\u00e9p\u0151jegy.<\/li>\n<li>Transzfer a sz\u00e1llod\u00e1b\u00f3l \u00e9s a sz\u00e1llod\u00e1ba.<\/li>\n<li>K\u00edgy\u00f3show-t n\u00e9zni.<\/li>\n<li>Orosz nyelv\u0171 idegenvezet\u0151<\/li>\n<li>Biztos\u00edt\u00e1s.<\/li>\n<\/ul>\n<p><strong>Nem tartalmazza:<\/strong><\/p>\n<ul>\n<li>\u00c9tel \u00e9s ital.<\/li>\n<li>Fakultat\u00edv tev\u00e9kenys\u00e9gek: fot\u00f3z\u00e1s k\u00edgy\u00f3kkal, k\u00edgy\u00f3italok, farmt\u00fara a b\u00e1zisl\u00e1togat\u00e1son t\u00fal.<\/li>\n<li>Szuven\u00edrek, aj\u00e1nd\u00e9kok, helyben el\u0151\u00e1ll\u00edtott term\u00e9kek<\/li>\n<\/ul>\n<p><strong>Vigy\u00e9l magaddal:<\/strong><\/p>\n<ul>\n<li>K\u00f6nny\u0171 ruh\u00e1zat \u00e9s k\u00e9nyelmes cip\u0151.<\/li>\n<li>Fot\u00f3\/vide\u00f3 felszerel\u00e9s (a legjobb k\u00edgy\u00f3felv\u00e9telek \u00e9s bemutat\u00f3k).<\/li>\n<li>Naptej \u00e9s napszem\u00fcveg.<\/li>\n<li>P\u00e9nz szem\u00e9lyes kiad\u00e1sokra<\/li>\n<\/ul>\n<p><strong>Megjegyz\u00e9sek<\/strong><\/p>\n<ul>\n<li>A farm naponta nyitva tart, \u00e1ltal\u00e1ban reggelt\u0151l estig.<\/li>\n<li>A showban k\u00edgy\u00f3k, pitonok \u00e9s kobr\u00e1k szerepelnek - leny\u0171g\u00f6z\u0151 el\u0151ad\u00e1s minden koroszt\u00e1ly sz\u00e1m\u00e1ra (a kisebb gyerekek eset\u00e9ben \u00e9rdemes figyelembe venni a f\u00e9lelmeket \u00e9s a reakci\u00f3kat).<\/li>\n<li>Ha a farm ingyenes transzferszolg\u00e1ltat\u00e1st biztos\u00edt - ezt foglal\u00e1skor tiszt\u00e1zza.<\/li>\n<li>A tov\u00e1bbi f\u00e9nyk\u00e9pek \u00e9s a k\u00edgy\u00f3kkal val\u00f3 interakci\u00f3k gyakran borraval\u00f3t vagy k\u00fcl\u00f6n d\u00edjat ig\u00e9nyelnek.<\/li>\n<\/ul>\n<p><strong>Lemond\u00e1si szab\u00e1lyzat<\/strong><\/p>\n<ul>\n<li>Ha az id\u0151j\u00e1r\u00e1s kedvez\u0151tlen, vagy a szolg\u00e1ltat\u00e1s nem lehets\u00e9ges, alternat\u00edv id\u0151pontot vagy visszat\u00e9r\u00edt\u00e9st aj\u00e1nlunk fel.<\/li>\n<\/ul>","protected":false},"excerpt":{"rendered":"<p><strong>Indul\u00e1si id\u0151:<\/strong> 10:00 \u2013 15:00<br \/>\n<strong>A Kir\u00e1ndul\u00e1s Napjai:<\/strong> Naponta<\/p>","protected":false},"featured_media":73678,"template":"","meta":{"_kad_post_transparent":"default","_kad_post_title":"","_kad_post_layout":"default","_kad_post_sidebar_id":"","_kad_post_content_style":"default","_kad_post_vertical_padding":"default","_kad_post_feature":"","_kad_post_feature_position":"","_kad_post_header":false,"_kad_post_footer":false,"_kad_post_classname":"","_glsr_average":0,"_glsr_ranking":0,"_glsr_reviews":0},"product_brand":[],"product_cat":[507],"product_tag":[],"class_list":{"0":"post-73665","1":"product","2":"type-product","3":"status-publish","4":"has-post-thumbnail","6":"product_cat-pattaya","7":"tm-has-options","9":"first","10":"instock","11":"sold-individually","12":"taxable","13":"shipping-taxable","14":"purchasable","15":"product-type-simple","16":"entry","17":"content-bg","18":"loop-entry"},"yoast_head":"<!-- This site is optimized with the Yoast SEO plugin v27.4 - https:\/\/yoast.com\/product\/yoast-seo-wordpress\/ -->\n<title>\u0417\u043c\u0435\u0438\u043d\u0430\u044f \u0444\u0435\u0440\u043c\u0430 &#8226; \u042d\u043a\u0441\u043a\u0443\u0440\u0441\u0438\u0438 Skyline<\/title>\n<meta name=\"robots\" content=\"index, follow, max-snippet:-1, max-image-preview:large, max-video-preview:-1\" \/>\n<link rel=\"canonical\" href=\"https:\/\/skyline-gs.com\/hu\/termek\/zmeinaya-ferma-2\/\" \/>\n<meta property=\"og:locale\" content=\"hu_HU\" \/>\n<meta property=\"og:type\" content=\"article\" \/>\n<meta property=\"og:title\" content=\"\u0417\u043c\u0435\u0438\u043d\u0430\u044f \u0444\u0435\u0440\u043c\u0430 &#8226; \u042d\u043a\u0441\u043a\u0443\u0440\u0441\u0438\u0438 Skyline\" \/>\n<meta property=\"og:description\" content=\"\u0412\u0440\u0435\u043c\u044f \u0432\u044b\u0435\u0437\u0434\u0430: 10:00 \u2013 15:00 \u0414\u043d\u0438 \u043f\u0440\u043e\u0432\u0435\u0434\u0435\u043d\u0438\u044f: \u0435\u0436\u0435\u0434\u043d\u0435\u0432\u043d\u043e\" \/>\n<meta property=\"og:url\" content=\"https:\/\/skyline-gs.com\/hu\/termek\/zmeinaya-ferma-2\/\" \/>\n<meta property=\"og:site_name\" content=\"\u042d\u043a\u0441\u043a\u0443\u0440\u0441\u0438\u0438 Skyline\" \/>\n<meta property=\"article:modified_time\" content=\"2025-12-16T21:03:21+00:00\" \/>\n<meta property=\"og:image\" content=\"https:\/\/skyline-gs.com\/wp-content\/uploads\/2025\/12\/snake_farm-1-e1765918699241.jpg\" \/>\n\t<meta property=\"og:image:width\" content=\"757\" \/>\n\t<meta property=\"og:image:height\" content=\"505\" \/>\n\t<meta property=\"og:image:type\" content=\"image\/jpeg\" \/>\n<meta name=\"twitter:card\" content=\"summary_large_image\" \/>\n<meta name=\"twitter:label1\" content=\"Becs\u00fclt olvas\u00e1si id\u0151\" \/>\n\t<meta name=\"twitter:data1\" content=\"2 perc\" \/>\n<script type=\"application\/ld+json\" class=\"yoast-schema-graph\">{\"@context\":\"https:\\\/\\\/schema.org\",\"@graph\":[{\"@type\":\"WebPage\",\"@id\":\"https:\\\/\\\/skyline-gs.com\\\/product\\\/zmeinaya-ferma\\\/\",\"url\":\"https:\\\/\\\/skyline-gs.com\\\/product\\\/zmeinaya-ferma\\\/\",\"name\":\"\u0417\u043c\u0435\u0438\u043d\u0430\u044f \u0444\u0435\u0440\u043c\u0430 &#8226; \u042d\u043a\u0441\u043a\u0443\u0440\u0441\u0438\u0438 Skyline\",\"isPartOf\":{\"@id\":\"https:\\\/\\\/skyline-gs.com\\\/it\\\/#website\"},\"primaryImageOfPage\":{\"@id\":\"https:\\\/\\\/skyline-gs.com\\\/product\\\/zmeinaya-ferma\\\/#primaryimage\"},\"image\":{\"@id\":\"https:\\\/\\\/skyline-gs.com\\\/product\\\/zmeinaya-ferma\\\/#primaryimage\"},\"thumbnailUrl\":\"https:\\\/\\\/skyline-gs.com\\\/wp-content\\\/uploads\\\/2025\\\/12\\\/snake_farm-1-e1765918699241.jpg\",\"datePublished\":\"2025-12-11T20:36:58+00:00\",\"dateModified\":\"2025-12-16T21:03:21+00:00\",\"breadcrumb\":{\"@id\":\"https:\\\/\\\/skyline-gs.com\\\/product\\\/zmeinaya-ferma\\\/#breadcrumb\"},\"inLanguage\":\"hu\",\"potentialAction\":[{\"@type\":\"ReadAction\",\"target\":[\"https:\\\/\\\/skyline-gs.com\\\/product\\\/zmeinaya-ferma\\\/\"]}]},{\"@type\":\"ImageObject\",\"inLanguage\":\"hu\",\"@id\":\"https:\\\/\\\/skyline-gs.com\\\/product\\\/zmeinaya-ferma\\\/#primaryimage\",\"url\":\"https:\\\/\\\/skyline-gs.com\\\/wp-content\\\/uploads\\\/2025\\\/12\\\/snake_farm-1-e1765918699241.jpg\",\"contentUrl\":\"https:\\\/\\\/skyline-gs.com\\\/wp-content\\\/uploads\\\/2025\\\/12\\\/snake_farm-1-e1765918699241.jpg\",\"width\":757,\"height\":505},{\"@type\":\"BreadcrumbList\",\"@id\":\"https:\\\/\\\/skyline-gs.com\\\/product\\\/zmeinaya-ferma\\\/#breadcrumb\",\"itemListElement\":[{\"@type\":\"ListItem\",\"position\":1,\"name\":\"\u0413\u043b\u0430\u0432\u043d\u0430\u044f \u0441\u0442\u0440\u0430\u043d\u0438\u0446\u0430\",\"item\":\"https:\\\/\\\/skyline-gs.com\\\/hu\\\/\"},{\"@type\":\"ListItem\",\"position\":2,\"name\":\"\u041c\u0430\u0433\u0430\u0437\u0438\u043d\",\"item\":\"https:\\\/\\\/skyline-gs.com\\\/cs\\\/shop\\\/\"},{\"@type\":\"ListItem\",\"position\":3,\"name\":\"\u0417\u043c\u0435\u0438\u043d\u0430\u044f \u0444\u0435\u0440\u043c\u0430\"}]},{\"@type\":\"WebSite\",\"@id\":\"https:\\\/\\\/skyline-gs.com\\\/it\\\/#website\",\"url\":\"https:\\\/\\\/skyline-gs.com\\\/it\\\/\",\"name\":\"\u042d\u043a\u0441\u043a\u0443\u0440\u0441\u0438\u0438 Skyline\",\"description\":\"\u042d\u043a\u0441\u043a\u043b\u044e\u0437\u0438\u0432\u043d\u044b\u0435 \u044d\u043a\u0441\u043a\u0443\u0440\u0441\u0438\u0438 \u043d\u0430 \u043b\u0443\u0447\u0448\u0438\u0445 \u043a\u0443\u0440\u043e\u0440\u0442\u0430\u0445 \u043c\u0438\u0440\u0430\",\"publisher\":{\"@id\":\"https:\\\/\\\/skyline-gs.com\\\/it\\\/#organization\"},\"alternateName\":\"Skyline\",\"potentialAction\":[{\"@type\":\"SearchAction\",\"target\":{\"@type\":\"EntryPoint\",\"urlTemplate\":\"https:\\\/\\\/skyline-gs.com\\\/it\\\/?s={search_term_string}\"},\"query-input\":{\"@type\":\"PropertyValueSpecification\",\"valueRequired\":true,\"valueName\":\"search_term_string\"}}],\"inLanguage\":\"hu\"},{\"@type\":\"Organization\",\"@id\":\"https:\\\/\\\/skyline-gs.com\\\/it\\\/#organization\",\"name\":\"\u042d\u043a\u0441\u043a\u0443\u0440\u0441\u0438\u0438 Skyline\",\"alternateName\":\"\u042d\u043a\u0441\u043a\u0443\u0440\u0441\u0438\u0438 Skyline\",\"url\":\"https:\\\/\\\/skyline-gs.com\\\/it\\\/\",\"logo\":{\"@type\":\"ImageObject\",\"inLanguage\":\"hu\",\"@id\":\"https:\\\/\\\/skyline-gs.com\\\/it\\\/#\\\/schema\\\/logo\\\/image\\\/\",\"url\":\"https:\\\/\\\/skyline-gs.com\\\/wp-content\\\/uploads\\\/2020\\\/12\\\/cropped-logo-2.png\",\"contentUrl\":\"https:\\\/\\\/skyline-gs.com\\\/wp-content\\\/uploads\\\/2020\\\/12\\\/cropped-logo-2.png\",\"width\":512,\"height\":512,\"caption\":\"\u042d\u043a\u0441\u043a\u0443\u0440\u0441\u0438\u0438 Skyline\"},\"image\":{\"@id\":\"https:\\\/\\\/skyline-gs.com\\\/it\\\/#\\\/schema\\\/logo\\\/image\\\/\"},\"sameAs\":[\"https:\\\/\\\/www.instagram.com\\\/skylineglobalservice\\\/\"]}]}<\/script>\n<!-- \/ Yoast SEO plugin. -->","yoast_head_json":{"title":"K\u00edgy\u00f3farm - Skyline Excursions","robots":{"index":"index","follow":"follow","max-snippet":"max-snippet:-1","max-image-preview":"max-image-preview:large","max-video-preview":"max-video-preview:-1"},"canonical":"https:\/\/skyline-gs.com\/hu\/termek\/zmeinaya-ferma-2\/","og_locale":"hu_HU","og_type":"article","og_title":"\u0417\u043c\u0435\u0438\u043d\u0430\u044f \u0444\u0435\u0440\u043c\u0430 &#8226; \u042d\u043a\u0441\u043a\u0443\u0440\u0441\u0438\u0438 Skyline","og_description":"\u0412\u0440\u0435\u043c\u044f \u0432\u044b\u0435\u0437\u0434\u0430: 10:00 \u2013 15:00 \u0414\u043d\u0438 \u043f\u0440\u043e\u0432\u0435\u0434\u0435\u043d\u0438\u044f: \u0435\u0436\u0435\u0434\u043d\u0435\u0432\u043d\u043e","og_url":"https:\/\/skyline-gs.com\/hu\/termek\/zmeinaya-ferma-2\/","og_site_name":"\u042d\u043a\u0441\u043a\u0443\u0440\u0441\u0438\u0438 Skyline","article_modified_time":"2025-12-16T21:03:21+00:00","og_image":[{"width":757,"height":505,"url":"https:\/\/skyline-gs.com\/wp-content\/uploads\/2025\/12\/snake_farm-1-e1765918699241.jpg","type":"image\/jpeg"}],"twitter_card":"summary_large_image","twitter_misc":{"Becs\u00fclt olvas\u00e1si id\u0151":"2 perc"},"schema":{"@context":"https:\/\/schema.org","@graph":[{"@type":"WebPage","@id":"https:\/\/skyline-gs.com\/product\/zmeinaya-ferma\/","url":"https:\/\/skyline-gs.com\/product\/zmeinaya-ferma\/","name":"K\u00edgy\u00f3farm - Skyline Excursions","isPartOf":{"@id":"https:\/\/skyline-gs.com\/it\/#website"},"primaryImageOfPage":{"@id":"https:\/\/skyline-gs.com\/product\/zmeinaya-ferma\/#primaryimage"},"image":{"@id":"https:\/\/skyline-gs.com\/product\/zmeinaya-ferma\/#primaryimage"},"thumbnailUrl":"https:\/\/skyline-gs.com\/wp-content\/uploads\/2025\/12\/snake_farm-1-e1765918699241.jpg","datePublished":"2025-12-11T20:36:58+00:00","dateModified":"2025-12-16T21:03:21+00:00","breadcrumb":{"@id":"https:\/\/skyline-gs.com\/product\/zmeinaya-ferma\/#breadcrumb"},"inLanguage":"hu","potentialAction":[{"@type":"ReadAction","target":["https:\/\/skyline-gs.com\/product\/zmeinaya-ferma\/"]}]},{"@type":"ImageObject","inLanguage":"hu","@id":"https:\/\/skyline-gs.com\/product\/zmeinaya-ferma\/#primaryimage","url":"https:\/\/skyline-gs.com\/wp-content\/uploads\/2025\/12\/snake_farm-1-e1765918699241.jpg","contentUrl":"https:\/\/skyline-gs.com\/wp-content\/uploads\/2025\/12\/snake_farm-1-e1765918699241.jpg","width":757,"height":505},{"@type":"BreadcrumbList","@id":"https:\/\/skyline-gs.com\/product\/zmeinaya-ferma\/#breadcrumb","itemListElement":[{"@type":"ListItem","position":1,"name":"\u0413\u043b\u0430\u0432\u043d\u0430\u044f \u0441\u0442\u0440\u0430\u043d\u0438\u0446\u0430","item":"https:\/\/skyline-gs.com\/hu\/"},{"@type":"ListItem","position":2,"name":"\u041c\u0430\u0433\u0430\u0437\u0438\u043d","item":"https:\/\/skyline-gs.com\/cs\/shop\/"},{"@type":"ListItem","position":3,"name":"\u0417\u043c\u0435\u0438\u043d\u0430\u044f \u0444\u0435\u0440\u043c\u0430"}]},{"@type":"WebSite","@id":"https:\/\/skyline-gs.com\/it\/#website","url":"https:\/\/skyline-gs.com\/it\/","name":"Skyline T\u00far\u00e1k","description":"Exkluz\u00edv kir\u00e1ndul\u00e1sok a vil\u00e1g legjobb \u00fcd\u00fcl\u0151helyein","publisher":{"@id":"https:\/\/skyline-gs.com\/it\/#organization"},"alternateName":"Skyline","potentialAction":[{"@type":"SearchAction","target":{"@type":"EntryPoint","urlTemplate":"https:\/\/skyline-gs.com\/it\/?s={search_term_string}"},"query-input":{"@type":"PropertyValueSpecification","valueRequired":true,"valueName":"search_term_string"}}],"inLanguage":"hu"},{"@type":"Organization","@id":"https:\/\/skyline-gs.com\/it\/#organization","name":"Skyline T\u00far\u00e1k","alternateName":"\u042d\u043a\u0441\u043a\u0443\u0440\u0441\u0438\u0438 Skyline","url":"https:\/\/skyline-gs.com\/it\/","logo":{"@type":"ImageObject","inLanguage":"hu","@id":"https:\/\/skyline-gs.com\/it\/#\/schema\/logo\/image\/","url":"https:\/\/skyline-gs.com\/wp-content\/uploads\/2020\/12\/cropped-logo-2.png","contentUrl":"https:\/\/skyline-gs.com\/wp-content\/uploads\/2020\/12\/cropped-logo-2.png","width":512,"height":512,"caption":"\u042d\u043a\u0441\u043a\u0443\u0440\u0441\u0438\u0438 Skyline"},"image":{"@id":"https:\/\/skyline-gs.com\/it\/#\/schema\/logo\/image\/"},"sameAs":["https:\/\/www.instagram.com\/skylineglobalservice\/"]}]}},"_links":{"self":[{"href":"https:\/\/skyline-gs.com\/hu\/wp-json\/wp\/v2\/product\/73665","targetHints":{"allow":["GET"]}}],"collection":[{"href":"https:\/\/skyline-gs.com\/hu\/wp-json\/wp\/v2\/product"}],"about":[{"href":"https:\/\/skyline-gs.com\/hu\/wp-json\/wp\/v2\/types\/product"}],"version-history":[{"count":0,"href":"https:\/\/skyline-gs.com\/hu\/wp-json\/wp\/v2\/product\/73665\/revisions"}],"wp:featuredmedia":[{"embeddable":true,"href":"https:\/\/skyline-gs.com\/hu\/wp-json\/wp\/v2\/media\/73678"}],"wp:attachment":[{"href":"https:\/\/skyline-gs.com\/hu\/wp-json\/wp\/v2\/media?parent=73665"}],"wp:term":[{"taxonomy":"product_brand","embeddable":true,"href":"https:\/\/skyline-gs.com\/hu\/wp-json\/wp\/v2\/product_brand?post=73665"},{"taxonomy":"product_cat","embeddable":true,"href":"https:\/\/skyline-gs.com\/hu\/wp-json\/wp\/v2\/product_cat?post=73665"},{"taxonomy":"product_tag","embeddable":true,"href":"https:\/\/skyline-gs.com\/hu\/wp-json\/wp\/v2\/product_tag?post=73665"}],"curies":[{"name":"wp","href":"https:\/\/api.w.org\/{rel}","templated":true}]}}