{"id":71593,"date":"2025-11-25T21:19:00","date_gmt":"2025-11-25T19:19:00","guid":{"rendered":"http:\/\/skyline-gs.com\/?post_type=product&#038;p=71593"},"modified":"2025-11-25T21:33:37","modified_gmt":"2025-11-25T19:33:37","slug":"discovery-tour-8-in-1","status":"publish","type":"product","link":"https:\/\/skyline-gs.com\/hu\/product\/discovery-tour-8-in-1\/","title":{"rendered":"Discovery Tour 8 az 1-ben\u201c"},"content":{"rendered":"<p>K\u00f6nny\u0171 \u00e9s intenz\u00edv csal\u00e1di kir\u00e1ndul\u00e1s, ide\u00e1lis m\u00e9g kisgyermekek sz\u00e1m\u00e1ra is. \u00c1ts\u00e9t\u00e1lnak egy \u00fcvegh\u00eddon, friss anan\u00e1szt k\u00f3stolnak, megl\u00e1togatj\u00e1k a Pokol \u00e9s a Mennyorsz\u00e1g templom\u00e1t, a V\u00f6r\u00f6s S\u00e1rk\u00e1ny k\u00ednai templom\u00e1t, egy sz\u00e1jhagyom\u00e1ny\u0151rz\u0151 farmot \u00e9s egy kontakt szafari parkot \u00e9l\u0151 \u00e1llatokkal Khao Kheow ter\u00fclet\u00e9n. A program tartalmazza az \u00e9tkez\u00e9seket (gy\u00fcm\u00f6lcs\u00f6s reggeli - eb\u00e9d) \u00e9s sz\u00e1mos kiemelt meg\u00e1ll\u00f3t a f\u00e9nyk\u00e9pek \u00e9s benyom\u00e1sok megtekint\u00e9s\u00e9re.<\/p>\n<p><strong>program<\/strong><\/p>\n<ul>\n<li>08:00 - Kijelentkez\u00e9s a pattayai sz\u00e1lloda hallj\u00e1b\u00f3l.<\/li>\n<li>09:30-10:00 - Felsz\u00e1ll\u00e1s \u00e9s \u00e9rkez\u00e9s az els\u0151 pontra: dombok k\u00f6z\u00f6tti \u00fcvegh\u00edd (Wat Khao Tabaek Skywalk) - fot\u00f3 pillanat, kil\u00e1t\u00e1s.<\/li>\n<li>10:00-10:45 - Anan\u00e1sz\u00fcltetv\u00e9ny - friss thaif\u00f6ldi anan\u00e1sz k\u00f3stol\u00e1sa.<\/li>\n<li>10:45-11:30 - L\u00e1togat\u00e1s a term\u00e9szeti l\u00e1tv\u00e1nyoss\u00e1ghoz: Chonburi Canyon (Chonburi Grand Canyon) - kil\u00e1t\u00f3 \u00e9s k\u00f6nny\u0171 s\u00e9ta.<\/li>\n<li>11:30-12:15 - A pokol \u00e9s a paradicsom temploma - buddhista t\u00e9m\u00e1j\u00fa \u00e9p\u00edtm\u00e9ny, a karma \u00e9s a nirv\u00e1na szimbolik\u00e1ja.<\/li>\n<li>12:15-13:00 - V\u00f6r\u00f6s S\u00e1rk\u00e1ny Templom (Wat Ang Sila) - k\u00ednai-thai hagyom\u00e1nyos templom, \u00e9p\u00edt\u00e9szet, energia.<\/li>\n<li>13:00-14:00 - B\u00fcf\u00e9eb\u00e9d (benne foglaltatik) vagy k\u00f6nny\u0171 gy\u00fcm\u00f6lcs- \u00e9s k\u00f3stol\u00f3b\u00fcf\u00e9 - id\u0151 a pihen\u00e9sre.<\/li>\n<li>14:00-16:00 - Kapcsolatfelv\u00e9tel a Khao Kheow Safari Parkkal - \u00e1llatetet\u00e9s, fot\u00f3z\u00e1s zsir\u00e1fokkal, orrszarv\u00faakkal, zebr\u00e1kkal stb.<\/li>\n<li>16:00-17:30 - L\u00e1togat\u00e1s egy osztrigafarmon \u00e9s a k\u00f6zeli \u00fcltetv\u00e9nyeken - osztrigak\u00f3stol\u00e1s, tengeri szell\u0151.<\/li>\n<li>17:30-19:00 - Szabadid\u0151 a park ter\u00fclet\u00e9n: s\u00e9ta, fot\u00f3z\u00e1s, pihen\u00e9s, k\u00e1v\u00e9z\u00f3.<\/li>\n<li>19:00 - Indul\u00e1s a sz\u00e1llod\u00e1ba.<\/li>\n<li>21:00 - Visszat\u00e9r\u00e9s a sz\u00e1llod\u00e1ba (becs\u00fclt id\u0151).<\/li>\n<\/ul>\n<p><strong>Tartalmazza:<\/strong><\/p>\n<ul>\n<li>Transzfer a sz\u00e1llod\u00e1b\u00f3l \u00e9s a sz\u00e1llod\u00e1ba (ha v\u00e1lasztottuk)<\/li>\n<li>K\u00e9nyelmes sz\u00e1ll\u00edt\u00e1s<\/li>\n<li>Magyarul besz\u00e9l\u0151 idegenvezet\u0151<\/li>\n<li>Minden bel\u00e9p\u0151jegy a program szerint<\/li>\n<li>B\u00fcf\u00e9eb\u00e9d (gy\u00fcm\u00f6lcs\u00f6s reggeli-eb\u00e9d)<\/li>\n<li>K\u00f3stol\u00f3k (anan\u00e1sz, osztriga)<\/li>\n<li>Biztos\u00edt\u00e1s<\/li>\n<\/ul>\n<p><strong>Vigy\u00e9l magaddal:<\/strong><\/p>\n<ul>\n<li>\u00datlev\u00e9lm\u00e1solat<\/li>\n<li>Kamera<\/li>\n<li>Napszem\u00fcveg<\/li>\n<li>K\u00e9nyelmes cip\u0151<\/li>\n<li>Fejd\u00edsz<\/li>\n<li>V\u00edz vagy ital (ha van kedved hozz\u00e1)<\/li>\n<li>P\u00e9nz szem\u00e9lyes kiad\u00e1sokra.<\/li>\n<\/ul>\n<p><strong>Tov\u00e1bbi inform\u00e1ci\u00f3k:<\/strong><\/p>\n<ul>\n<li>A programot k\u00f6nny\u0171 temp\u00f3ra tervezt\u00e9k, amely alkalmas a gyermekek sz\u00e1m\u00e1ra.<\/li>\n<li>K\u00e9rj\u00fck, a templomok l\u00e1togat\u00e1sakor fedje be a v\u00e1ll\u00e1t \u00e9s a t\u00e9rd\u00e9t.<\/li>\n<li>Biztos\u00edtson napv\u00e9delmet \u00e9s k\u00e9nyelmes temp\u00f3t a nap folyam\u00e1n.<\/li>\n<li>Az \u00e1llatkert ter\u00fclet\u00e9n jelent\u0151s mennyis\u00e9g\u0171 gyalogl\u00e1s van - hasznos, ha k\u00f6nny\u0171 h\u00e1tizs\u00e1kot visz mag\u00e1val.<\/li>\n<\/ul>","protected":false},"excerpt":{"rendered":"<p><strong>Kir\u00e1ndul\u00e1s Id\u0151pontja:<\/strong> 8:00 - 21:00<br \/>\n<strong>A Kir\u00e1ndul\u00e1s Napjai:<\/strong> H\u00e9tf\u0151, szerda, szombat<\/p>","protected":false},"featured_media":71596,"template":"","meta":{"_kad_post_transparent":"default","_kad_post_title":"","_kad_post_layout":"default","_kad_post_sidebar_id":"","_kad_post_content_style":"default","_kad_post_vertical_padding":"default","_kad_post_feature":"","_kad_post_feature_position":"","_kad_post_header":false,"_kad_post_footer":false,"_kad_post_classname":"","_glsr_average":0,"_glsr_ranking":0,"_glsr_reviews":0},"product_brand":[],"product_cat":[507],"product_tag":[],"class_list":{"0":"post-71593","1":"product","2":"type-product","3":"status-publish","4":"has-post-thumbnail","6":"product_cat-pattaya","7":"tm-has-options","9":"first","10":"instock","11":"sold-individually","12":"taxable","13":"shipping-taxable","14":"purchasable","15":"product-type-simple","16":"entry","17":"content-bg","18":"loop-entry"},"yoast_head":"<!-- This site is optimized with the Yoast SEO plugin v27.3 - https:\/\/yoast.com\/product\/yoast-seo-wordpress\/ -->\n<title>\u0414\u0438\u0441\u043a\u0430\u0432\u0435\u0440\u0438 \u0422\u0443\u0440 \u201c8 \u0432 1\u201d &#8226; \u042d\u043a\u0441\u043a\u0443\u0440\u0441\u0438\u0438 Skyline<\/title>\n<meta name=\"robots\" content=\"index, follow, max-snippet:-1, max-image-preview:large, max-video-preview:-1\" \/>\n<link rel=\"canonical\" href=\"https:\/\/skyline-gs.com\/hu\/termek\/discovery-tour-8-in-1\/\" \/>\n<meta property=\"og:locale\" content=\"hu_HU\" \/>\n<meta property=\"og:type\" content=\"article\" \/>\n<meta property=\"og:title\" content=\"\u0414\u0438\u0441\u043a\u0430\u0432\u0435\u0440\u0438 \u0422\u0443\u0440 \u201c8 \u0432 1\u201d &#8226; \u042d\u043a\u0441\u043a\u0443\u0440\u0441\u0438\u0438 Skyline\" \/>\n<meta property=\"og:description\" content=\"\u0412\u0440\u0435\u043c\u044f \u0442\u0443\u0440\u0430: 8:00 \u2013 21:00 \u0414\u043d\u0438 \u043f\u0440\u043e\u0432\u0435\u0434\u0435\u043d\u0438\u044f: \u043f\u043e\u043d\u0435\u0434\u0435\u043b\u044c\u043d\u0438\u043a, \u0441\u0440\u0435\u0434\u0430, \u0441\u0443\u0431\u0431\u043e\u0442\u0430\" \/>\n<meta property=\"og:url\" content=\"https:\/\/skyline-gs.com\/hu\/termek\/discovery-tour-8-in-1\/\" \/>\n<meta property=\"og:site_name\" content=\"\u042d\u043a\u0441\u043a\u0443\u0440\u0441\u0438\u0438 Skyline\" \/>\n<meta property=\"article:modified_time\" content=\"2025-11-25T19:33:37+00:00\" \/>\n<meta property=\"og:image\" content=\"https:\/\/skyline-gs.com\/wp-content\/uploads\/2025\/11\/11discovery.jpg.webp\" \/>\n\t<meta property=\"og:image:width\" content=\"1280\" \/>\n\t<meta property=\"og:image:height\" content=\"1280\" \/>\n\t<meta property=\"og:image:type\" content=\"image\/webp\" \/>\n<meta name=\"twitter:card\" content=\"summary_large_image\" \/>\n<meta name=\"twitter:label1\" content=\"Becs\u00fclt olvas\u00e1si id\u0151\" \/>\n\t<meta name=\"twitter:data1\" content=\"2 perc\" \/>\n<script type=\"application\/ld+json\" class=\"yoast-schema-graph\">{\"@context\":\"https:\\\/\\\/schema.org\",\"@graph\":[{\"@type\":\"WebPage\",\"@id\":\"https:\\\/\\\/skyline-gs.com\\\/product\\\/discovery-tour-8-in-1\\\/\",\"url\":\"https:\\\/\\\/skyline-gs.com\\\/product\\\/discovery-tour-8-in-1\\\/\",\"name\":\"\u0414\u0438\u0441\u043a\u0430\u0432\u0435\u0440\u0438 \u0422\u0443\u0440 \u201c8 \u0432 1\u201d &#8226; \u042d\u043a\u0441\u043a\u0443\u0440\u0441\u0438\u0438 Skyline\",\"isPartOf\":{\"@id\":\"https:\\\/\\\/skyline-gs.com\\\/it\\\/#website\"},\"primaryImageOfPage\":{\"@id\":\"https:\\\/\\\/skyline-gs.com\\\/product\\\/discovery-tour-8-in-1\\\/#primaryimage\"},\"image\":{\"@id\":\"https:\\\/\\\/skyline-gs.com\\\/product\\\/discovery-tour-8-in-1\\\/#primaryimage\"},\"thumbnailUrl\":\"https:\\\/\\\/skyline-gs.com\\\/wp-content\\\/uploads\\\/2025\\\/11\\\/11discovery.jpg.webp\",\"datePublished\":\"2025-11-25T19:19:00+00:00\",\"dateModified\":\"2025-11-25T19:33:37+00:00\",\"breadcrumb\":{\"@id\":\"https:\\\/\\\/skyline-gs.com\\\/product\\\/discovery-tour-8-in-1\\\/#breadcrumb\"},\"inLanguage\":\"hu\",\"potentialAction\":[{\"@type\":\"ReadAction\",\"target\":[\"https:\\\/\\\/skyline-gs.com\\\/product\\\/discovery-tour-8-in-1\\\/\"]}]},{\"@type\":\"ImageObject\",\"inLanguage\":\"hu\",\"@id\":\"https:\\\/\\\/skyline-gs.com\\\/product\\\/discovery-tour-8-in-1\\\/#primaryimage\",\"url\":\"https:\\\/\\\/skyline-gs.com\\\/wp-content\\\/uploads\\\/2025\\\/11\\\/11discovery.jpg.webp\",\"contentUrl\":\"https:\\\/\\\/skyline-gs.com\\\/wp-content\\\/uploads\\\/2025\\\/11\\\/11discovery.jpg.webp\",\"width\":1280,\"height\":1280},{\"@type\":\"BreadcrumbList\",\"@id\":\"https:\\\/\\\/skyline-gs.com\\\/product\\\/discovery-tour-8-in-1\\\/#breadcrumb\",\"itemListElement\":[{\"@type\":\"ListItem\",\"position\":1,\"name\":\"\u0413\u043b\u0430\u0432\u043d\u0430\u044f \u0441\u0442\u0440\u0430\u043d\u0438\u0446\u0430\",\"item\":\"https:\\\/\\\/skyline-gs.com\\\/hu\\\/\"},{\"@type\":\"ListItem\",\"position\":2,\"name\":\"\u041c\u0430\u0433\u0430\u0437\u0438\u043d\",\"item\":\"https:\\\/\\\/skyline-gs.com\\\/cs\\\/shop\\\/\"},{\"@type\":\"ListItem\",\"position\":3,\"name\":\"\u0414\u0438\u0441\u043a\u0430\u0432\u0435\u0440\u0438 \u0422\u0443\u0440 \u201c8 \u0432 1\u201d\"}]},{\"@type\":\"WebSite\",\"@id\":\"https:\\\/\\\/skyline-gs.com\\\/it\\\/#website\",\"url\":\"https:\\\/\\\/skyline-gs.com\\\/it\\\/\",\"name\":\"\u042d\u043a\u0441\u043a\u0443\u0440\u0441\u0438\u0438 Skyline\",\"description\":\"\u042d\u043a\u0441\u043a\u043b\u044e\u0437\u0438\u0432\u043d\u044b\u0435 \u044d\u043a\u0441\u043a\u0443\u0440\u0441\u0438\u0438 \u043d\u0430 \u043b\u0443\u0447\u0448\u0438\u0445 \u043a\u0443\u0440\u043e\u0440\u0442\u0430\u0445 \u043c\u0438\u0440\u0430\",\"publisher\":{\"@id\":\"https:\\\/\\\/skyline-gs.com\\\/it\\\/#organization\"},\"alternateName\":\"Skyline\",\"potentialAction\":[{\"@type\":\"SearchAction\",\"target\":{\"@type\":\"EntryPoint\",\"urlTemplate\":\"https:\\\/\\\/skyline-gs.com\\\/it\\\/?s={search_term_string}\"},\"query-input\":{\"@type\":\"PropertyValueSpecification\",\"valueRequired\":true,\"valueName\":\"search_term_string\"}}],\"inLanguage\":\"hu\"},{\"@type\":\"Organization\",\"@id\":\"https:\\\/\\\/skyline-gs.com\\\/it\\\/#organization\",\"name\":\"\u042d\u043a\u0441\u043a\u0443\u0440\u0441\u0438\u0438 Skyline\",\"alternateName\":\"\u042d\u043a\u0441\u043a\u0443\u0440\u0441\u0438\u0438 Skyline\",\"url\":\"https:\\\/\\\/skyline-gs.com\\\/it\\\/\",\"logo\":{\"@type\":\"ImageObject\",\"inLanguage\":\"hu\",\"@id\":\"https:\\\/\\\/skyline-gs.com\\\/it\\\/#\\\/schema\\\/logo\\\/image\\\/\",\"url\":\"https:\\\/\\\/skyline-gs.com\\\/wp-content\\\/uploads\\\/2020\\\/12\\\/cropped-logo-2.png\",\"contentUrl\":\"https:\\\/\\\/skyline-gs.com\\\/wp-content\\\/uploads\\\/2020\\\/12\\\/cropped-logo-2.png\",\"width\":512,\"height\":512,\"caption\":\"\u042d\u043a\u0441\u043a\u0443\u0440\u0441\u0438\u0438 Skyline\"},\"image\":{\"@id\":\"https:\\\/\\\/skyline-gs.com\\\/it\\\/#\\\/schema\\\/logo\\\/image\\\/\"},\"sameAs\":[\"https:\\\/\\\/www.instagram.com\\\/skylineglobalservice\\\/\"]}]}<\/script>\n<!-- \/ Yoast SEO plugin. -->","yoast_head_json":{"title":"8 az 1-ben felfedez\u0151 t\u00fara - Skyline Excursions","robots":{"index":"index","follow":"follow","max-snippet":"max-snippet:-1","max-image-preview":"max-image-preview:large","max-video-preview":"max-video-preview:-1"},"canonical":"https:\/\/skyline-gs.com\/hu\/termek\/discovery-tour-8-in-1\/","og_locale":"hu_HU","og_type":"article","og_title":"\u0414\u0438\u0441\u043a\u0430\u0432\u0435\u0440\u0438 \u0422\u0443\u0440 \u201c8 \u0432 1\u201d &#8226; \u042d\u043a\u0441\u043a\u0443\u0440\u0441\u0438\u0438 Skyline","og_description":"\u0412\u0440\u0435\u043c\u044f \u0442\u0443\u0440\u0430: 8:00 \u2013 21:00 \u0414\u043d\u0438 \u043f\u0440\u043e\u0432\u0435\u0434\u0435\u043d\u0438\u044f: \u043f\u043e\u043d\u0435\u0434\u0435\u043b\u044c\u043d\u0438\u043a, \u0441\u0440\u0435\u0434\u0430, \u0441\u0443\u0431\u0431\u043e\u0442\u0430","og_url":"https:\/\/skyline-gs.com\/hu\/termek\/discovery-tour-8-in-1\/","og_site_name":"\u042d\u043a\u0441\u043a\u0443\u0440\u0441\u0438\u0438 Skyline","article_modified_time":"2025-11-25T19:33:37+00:00","og_image":[{"width":1280,"height":1280,"url":"https:\/\/skyline-gs.com\/wp-content\/uploads\/2025\/11\/11discovery.jpg.webp","type":"image\/webp"}],"twitter_card":"summary_large_image","twitter_misc":{"Becs\u00fclt olvas\u00e1si id\u0151":"2 perc"},"schema":{"@context":"https:\/\/schema.org","@graph":[{"@type":"WebPage","@id":"https:\/\/skyline-gs.com\/product\/discovery-tour-8-in-1\/","url":"https:\/\/skyline-gs.com\/product\/discovery-tour-8-in-1\/","name":"8 az 1-ben felfedez\u0151 t\u00fara - Skyline Excursions","isPartOf":{"@id":"https:\/\/skyline-gs.com\/it\/#website"},"primaryImageOfPage":{"@id":"https:\/\/skyline-gs.com\/product\/discovery-tour-8-in-1\/#primaryimage"},"image":{"@id":"https:\/\/skyline-gs.com\/product\/discovery-tour-8-in-1\/#primaryimage"},"thumbnailUrl":"https:\/\/skyline-gs.com\/wp-content\/uploads\/2025\/11\/11discovery.jpg.webp","datePublished":"2025-11-25T19:19:00+00:00","dateModified":"2025-11-25T19:33:37+00:00","breadcrumb":{"@id":"https:\/\/skyline-gs.com\/product\/discovery-tour-8-in-1\/#breadcrumb"},"inLanguage":"hu","potentialAction":[{"@type":"ReadAction","target":["https:\/\/skyline-gs.com\/product\/discovery-tour-8-in-1\/"]}]},{"@type":"ImageObject","inLanguage":"hu","@id":"https:\/\/skyline-gs.com\/product\/discovery-tour-8-in-1\/#primaryimage","url":"https:\/\/skyline-gs.com\/wp-content\/uploads\/2025\/11\/11discovery.jpg.webp","contentUrl":"https:\/\/skyline-gs.com\/wp-content\/uploads\/2025\/11\/11discovery.jpg.webp","width":1280,"height":1280},{"@type":"BreadcrumbList","@id":"https:\/\/skyline-gs.com\/product\/discovery-tour-8-in-1\/#breadcrumb","itemListElement":[{"@type":"ListItem","position":1,"name":"\u0413\u043b\u0430\u0432\u043d\u0430\u044f \u0441\u0442\u0440\u0430\u043d\u0438\u0446\u0430","item":"https:\/\/skyline-gs.com\/hu\/"},{"@type":"ListItem","position":2,"name":"\u041c\u0430\u0433\u0430\u0437\u0438\u043d","item":"https:\/\/skyline-gs.com\/cs\/shop\/"},{"@type":"ListItem","position":3,"name":"\u0414\u0438\u0441\u043a\u0430\u0432\u0435\u0440\u0438 \u0422\u0443\u0440 \u201c8 \u0432 1\u201d"}]},{"@type":"WebSite","@id":"https:\/\/skyline-gs.com\/it\/#website","url":"https:\/\/skyline-gs.com\/it\/","name":"Skyline T\u00far\u00e1k","description":"Exkluz\u00edv kir\u00e1ndul\u00e1sok a vil\u00e1g legjobb \u00fcd\u00fcl\u0151helyein","publisher":{"@id":"https:\/\/skyline-gs.com\/it\/#organization"},"alternateName":"Skyline","potentialAction":[{"@type":"SearchAction","target":{"@type":"EntryPoint","urlTemplate":"https:\/\/skyline-gs.com\/it\/?s={search_term_string}"},"query-input":{"@type":"PropertyValueSpecification","valueRequired":true,"valueName":"search_term_string"}}],"inLanguage":"hu"},{"@type":"Organization","@id":"https:\/\/skyline-gs.com\/it\/#organization","name":"Skyline T\u00far\u00e1k","alternateName":"\u042d\u043a\u0441\u043a\u0443\u0440\u0441\u0438\u0438 Skyline","url":"https:\/\/skyline-gs.com\/it\/","logo":{"@type":"ImageObject","inLanguage":"hu","@id":"https:\/\/skyline-gs.com\/it\/#\/schema\/logo\/image\/","url":"https:\/\/skyline-gs.com\/wp-content\/uploads\/2020\/12\/cropped-logo-2.png","contentUrl":"https:\/\/skyline-gs.com\/wp-content\/uploads\/2020\/12\/cropped-logo-2.png","width":512,"height":512,"caption":"\u042d\u043a\u0441\u043a\u0443\u0440\u0441\u0438\u0438 Skyline"},"image":{"@id":"https:\/\/skyline-gs.com\/it\/#\/schema\/logo\/image\/"},"sameAs":["https:\/\/www.instagram.com\/skylineglobalservice\/"]}]}},"_links":{"self":[{"href":"https:\/\/skyline-gs.com\/hu\/wp-json\/wp\/v2\/product\/71593","targetHints":{"allow":["GET"]}}],"collection":[{"href":"https:\/\/skyline-gs.com\/hu\/wp-json\/wp\/v2\/product"}],"about":[{"href":"https:\/\/skyline-gs.com\/hu\/wp-json\/wp\/v2\/types\/product"}],"version-history":[{"count":0,"href":"https:\/\/skyline-gs.com\/hu\/wp-json\/wp\/v2\/product\/71593\/revisions"}],"wp:featuredmedia":[{"embeddable":true,"href":"https:\/\/skyline-gs.com\/hu\/wp-json\/wp\/v2\/media\/71596"}],"wp:attachment":[{"href":"https:\/\/skyline-gs.com\/hu\/wp-json\/wp\/v2\/media?parent=71593"}],"wp:term":[{"taxonomy":"product_brand","embeddable":true,"href":"https:\/\/skyline-gs.com\/hu\/wp-json\/wp\/v2\/product_brand?post=71593"},{"taxonomy":"product_cat","embeddable":true,"href":"https:\/\/skyline-gs.com\/hu\/wp-json\/wp\/v2\/product_cat?post=71593"},{"taxonomy":"product_tag","embeddable":true,"href":"https:\/\/skyline-gs.com\/hu\/wp-json\/wp\/v2\/product_tag?post=71593"}],"curies":[{"name":"wp","href":"https:\/\/api.w.org\/{rel}","templated":true}]}}