{"id":71460,"date":"2025-11-20T16:28:03","date_gmt":"2025-11-20T14:28:03","guid":{"rendered":"http:\/\/skyline-gs.com\/?post_type=product&#038;p=71460"},"modified":"2025-11-20T17:41:14","modified_gmt":"2025-11-20T15:41:14","slug":"nong-nuch-tropical-garden","status":"publish","type":"product","link":"https:\/\/skyline-gs.com\/hu\/product\/nong-nuch-tropical-garden\/","title":{"rendered":"Nong Nuch tr\u00f3pusi kert.\u00ab"},"content":{"rendered":"<p>A Madame Nong Nuch tr\u00f3pusi kert egy csod\u00e1latos t\u00e1jkomplexum v\u00e9gtelen \u00fcvegh\u00e1zakkal - vibr\u00e1l\u00f3 orchide\u00e1kkal, tematikus ter\u00fcletekkel, p\u00e1lmaf\u00e1k gy\u0171jtem\u00e9ny\u00e9vel, arjpaym tavakkal, dinoszauruszokkal, elef\u00e1ntshow-val, t\u00f6rt\u00e9nelmi sz\u00ednh\u00e1zi el\u0151ad\u00e1ssal \u00e9s m\u00e9g sok m\u00e1ssal.<br \/>\nMegl\u00e1togathatja az angol kertet \/ Stonehenge-et, a francia Versailles-i kertet, a kaktuszkertet, a k\u0151kertet, megn\u00e9zheti a retro aut\u00f3k gy\u0171jtem\u00e9ny\u00e9t, \u00e9s m\u00e9g egy elef\u00e1nton is lovagolhat.<\/p>\n<p><strong>program<\/strong><\/p>\n<ul>\n<li>08:00 - Indul\u00e1s a sz\u00e1lloda hallj\u00e1b\u00f3l (Pattaya).<\/li>\n<li>10:00 - \u00c9rkez\u00e9s a Nong Nuch Gardenbe, bejelentkez\u00e9s, bevezet\u0151 \u00e1ttekint\u00e9s.<\/li>\n<li>10:15-11:00 - S\u00e9ta az orchidea- \u00e9s kaktuszkertben: sz\u00ednes n\u00f6v\u00e9nyek, fot\u00f3z\u00f3n\u00e1k.<\/li>\n<li>11:00-12:00 - Dinoszaurusz-v\u00f6lgyi z\u00f3na: nagym\u00e9ret\u0171 dinoszaurusz-m\u00e1solatok, install\u00e1ci\u00f3k.<\/li>\n<li>12:00-12:45 - L\u00e1togat\u00e1s a francia kertben \u00e9s az eur\u00f3pai st\u00edlus\u00fa, parkos\u00edtott ter\u00fcleten.<\/li>\n<li>12:45-13:45 - B\u00fcf\u00e9eb\u00e9d (eb\u00e9d opci\u00f3 eset\u00e9n) vagy szabadid\u0151 \/ k\u00f6nny\u0171 snack (standard opci\u00f3 eset\u00e9n).<\/li>\n<li>13:45-15:00 - Hagyom\u00e1nyos thai show + elef\u00e1nt show: zene, t\u00e1ncbemutat\u00f3k, vicces \u00e1llatsz\u00e1mok.<\/li>\n<li>15:00-16:00 - S\u00e9ta a t\u00f3 k\u00f6r\u00fcl, botanikus s\u00e9t\u00e1nyok, fot\u00f3z\u00e1s, tea \u00e9s k\u00e1v\u00e9 a kert k\u00e1v\u00e9z\u00f3j\u00e1ban.<\/li>\n<li>16:00-17:30 - Szabadid\u0151: megl\u00e1togathatja a k\u00edgy\u00f3z\u00f3n\u00e1t, a k\u00edgy\u00f3farmot (VIP + k\u00edgy\u00f3farm opci\u00f3 eset\u00e9n), az aj\u00e1nd\u00e9kboltokat.<\/li>\n<li>17:30-19:00 - Vacsora a kerti \u00e9tteremben (a vacsora \u00e9s show opci\u00f3 eset\u00e9n), gy\u00f6ny\u00f6r\u0171 hangulatban \u00e9s a t\u00e1jra n\u00e9z\u0151 kil\u00e1t\u00e1ssal.<\/li>\n<li>19:00 - Visszautaz\u00e1s a sz\u00e1llod\u00e1ba.<\/li>\n<li>21:00 - Visszat\u00e9r\u00e9s a sz\u00e1llod\u00e1ba.<\/li>\n<\/ul>\n<p><strong>Tartalmazza:<\/strong><\/p>\n<ul>\n<li>Transzfer a sz\u00e1llod\u00e1b\u00f3l \u00e9s a sz\u00e1llod\u00e1ba (a transzferszolg\u00e1ltat\u00e1si lehet\u0151s\u00e9gek eset\u00e9ben)<\/li>\n<li>Program transzfer k\u00e9nyelmes busszal\/kisbusszal<\/li>\n<li>Magyarul besz\u00e9l\u0151 idegenvezet\u0151<\/li>\n<li>Bel\u00e9p\u0151jegyek a kiv\u00e1lasztott opci\u00f3nak megfelel\u0151en<\/li>\n<li>Eb\u00e9d vagy vacsora (ha kiv\u00e1lasztj\u00e1k)<\/li>\n<li>Show \/ kultur\u00e1lis program (opci\u00f3t\u00f3l f\u00fcgg\u0151en)<\/li>\n<li>Biztos\u00edt\u00e1s<\/li>\n<\/ul>\n<p><strong>Vigy\u00e9l magaddal:<\/strong><\/p>\n<ul>\n<li>\u00datlev\u00e9lm\u00e1solat<\/li>\n<li>Kamera<\/li>\n<li>Napszem\u00fcveg<\/li>\n<li>K\u00e9nyelmes cip\u0151<\/li>\n<li>K\u00f6nny\u0171 kab\u00e1t est\u00e9re (ha h\u0171v\u00f6s van).<\/li>\n<li>K\u00e9szletezze mag\u00e1t v\u00edzzel vagy italokkal (b\u00e1r van egy k\u00e1v\u00e9z\u00f3 a helysz\u00ednen).<\/li>\n<li>P\u00e9nz szem\u00e9lyes kiad\u00e1sokra.<\/li>\n<\/ul>\n<p><strong>Tov\u00e1bbi inform\u00e1ci\u00f3k:<\/strong><\/p>\n<ul>\n<li>A kerteken bel\u00fcl vannak m\u00e9g \u00e1llat- \u00e9s elef\u00e1ntbemutat\u00f3k, a bemutat\u00f3k k\u00fcl\u00f6nb\u00f6z\u0151 id\u0151pontokban kezd\u0151dhetnek - a program szerint 10:15-15:00.<\/li>\n<li>\u00d6lt\u00f6zk\u00f6d\u00e9si szab\u00e1lyok: a kertek l\u00e1togat\u00e1s\u00e1hoz k\u00e9nyelmes ruh\u00e1zat k\u00f6telez\u0151, a pavilonok \u00e9s a bemutat\u00f3k l\u00e1togat\u00e1sakor a v\u00e1llak \u00e9s a t\u00e9rdek lehet\u0151leg fedettek legyenek.<\/li>\n<li>Ellen\u0151rizze az utalv\u00e1nyokat \u00e9s a transzferek menetrendj\u00e9t az idegenvezet\u0151vel\/szervez\u0151vel.<\/li>\n<li>A kert nagy - sz\u00e1m\u00edtson sok l\u00e9pcs\u0151re; ig\u00e9ny eset\u00e9n ker\u00e9kp\u00e1rk\u00f6lcs\u00f6nz\u00e9s vagy elektromos aut\u00f3 b\u00e9rl\u00e9se lehets\u00e9ges (fel\u00e1r ellen\u00e9ben).<\/li>\n<\/ul>","protected":false},"excerpt":{"rendered":"<p><strong>Kir\u00e1ndul\u00e1s Id\u0151pontja:<\/strong> 8:00 - 21:00<br \/>\n<strong>A Kir\u00e1ndul\u00e1s Napjai:<\/strong> H\u00e9tf\u0151, szerda, szombat<\/p>","protected":false},"featured_media":71485,"template":"","meta":{"_kad_post_transparent":"default","_kad_post_title":"","_kad_post_layout":"default","_kad_post_sidebar_id":"","_kad_post_content_style":"default","_kad_post_vertical_padding":"default","_kad_post_feature":"","_kad_post_feature_position":"","_kad_post_header":false,"_kad_post_footer":false,"_kad_post_classname":"","_glsr_average":0,"_glsr_ranking":0,"_glsr_reviews":0},"product_brand":[],"product_cat":[507],"product_tag":[],"class_list":{"0":"post-71460","1":"product","2":"type-product","3":"status-publish","4":"has-post-thumbnail","6":"product_cat-pattaya","7":"tm-has-options","9":"first","10":"instock","11":"sold-individually","12":"taxable","13":"shipping-taxable","14":"purchasable","15":"product-type-simple","16":"entry","17":"content-bg","18":"loop-entry"},"yoast_head":"<!-- This site is optimized with the Yoast SEO plugin v27.3 - https:\/\/yoast.com\/product\/yoast-seo-wordpress\/ -->\n<title>\u0421\u0430\u0434 \u043e\u0440\u0445\u0438\u0434\u0435\u0439 \u00abNong Nuch Tropical Garden\u00bb &#8226; \u042d\u043a\u0441\u043a\u0443\u0440\u0441\u0438\u0438 Skyline<\/title>\n<meta name=\"robots\" content=\"index, follow, max-snippet:-1, max-image-preview:large, max-video-preview:-1\" \/>\n<link rel=\"canonical\" href=\"http:\/\/skyline-gs.com\/hu\/termek\/nong-nuch-tropical-garden\/\" \/>\n<meta property=\"og:locale\" content=\"hu_HU\" \/>\n<meta property=\"og:type\" content=\"article\" \/>\n<meta property=\"og:title\" content=\"\u0421\u0430\u0434 \u043e\u0440\u0445\u0438\u0434\u0435\u0439 \u00abNong Nuch Tropical Garden\u00bb &#8226; \u042d\u043a\u0441\u043a\u0443\u0440\u0441\u0438\u0438 Skyline\" \/>\n<meta property=\"og:description\" content=\"\u0412\u0440\u0435\u043c\u044f \u0442\u0443\u0440\u0430: 8:00 \u2013 21:00 \u0414\u043d\u0438 \u043f\u0440\u043e\u0432\u0435\u0434\u0435\u043d\u0438\u044f: \u043f\u043e\u043d\u0435\u0434\u0435\u043b\u044c\u043d\u0438\u043a, \u0441\u0440\u0435\u0434\u0430, \u0441\u0443\u0431\u0431\u043e\u0442\u0430\" \/>\n<meta property=\"og:url\" content=\"http:\/\/skyline-gs.com\/hu\/termek\/nong-nuch-tropical-garden\/\" \/>\n<meta property=\"og:site_name\" content=\"\u042d\u043a\u0441\u043a\u0443\u0440\u0441\u0438\u0438 Skyline\" \/>\n<meta property=\"article:modified_time\" content=\"2025-11-20T15:41:14+00:00\" \/>\n<meta property=\"og:image\" content=\"https:\/\/skyline-gs.com\/wp-content\/uploads\/2025\/11\/img_4026_0.jpg.webp\" \/>\n\t<meta property=\"og:image:width\" content=\"1500\" \/>\n\t<meta property=\"og:image:height\" content=\"1000\" \/>\n\t<meta property=\"og:image:type\" content=\"image\/webp\" \/>\n<meta name=\"twitter:card\" content=\"summary_large_image\" \/>\n<meta name=\"twitter:label1\" content=\"Becs\u00fclt olvas\u00e1si id\u0151\" \/>\n\t<meta name=\"twitter:data1\" content=\"2 perc\" \/>\n<script type=\"application\/ld+json\" class=\"yoast-schema-graph\">{\"@context\":\"https:\\\/\\\/schema.org\",\"@graph\":[{\"@type\":\"WebPage\",\"@id\":\"http:\\\/\\\/skyline-gs.com\\\/it\\\/prodotto\\\/nong-nuch-tropical-garden\\\/\",\"url\":\"http:\\\/\\\/skyline-gs.com\\\/it\\\/prodotto\\\/nong-nuch-tropical-garden\\\/\",\"name\":\"\u0421\u0430\u0434 \u043e\u0440\u0445\u0438\u0434\u0435\u0439 \u00abNong Nuch Tropical Garden\u00bb &#8226; \u042d\u043a\u0441\u043a\u0443\u0440\u0441\u0438\u0438 Skyline\",\"isPartOf\":{\"@id\":\"https:\\\/\\\/skyline-gs.com\\\/it\\\/#website\"},\"primaryImageOfPage\":{\"@id\":\"http:\\\/\\\/skyline-gs.com\\\/it\\\/prodotto\\\/nong-nuch-tropical-garden\\\/#primaryimage\"},\"image\":{\"@id\":\"http:\\\/\\\/skyline-gs.com\\\/it\\\/prodotto\\\/nong-nuch-tropical-garden\\\/#primaryimage\"},\"thumbnailUrl\":\"https:\\\/\\\/skyline-gs.com\\\/wp-content\\\/uploads\\\/2025\\\/11\\\/img_4026_0.jpg.webp\",\"datePublished\":\"2025-11-20T14:28:03+00:00\",\"dateModified\":\"2025-11-20T15:41:14+00:00\",\"breadcrumb\":{\"@id\":\"http:\\\/\\\/skyline-gs.com\\\/it\\\/prodotto\\\/nong-nuch-tropical-garden\\\/#breadcrumb\"},\"inLanguage\":\"hu\",\"potentialAction\":[{\"@type\":\"ReadAction\",\"target\":[\"http:\\\/\\\/skyline-gs.com\\\/it\\\/prodotto\\\/nong-nuch-tropical-garden\\\/\"]}]},{\"@type\":\"ImageObject\",\"inLanguage\":\"hu\",\"@id\":\"http:\\\/\\\/skyline-gs.com\\\/it\\\/prodotto\\\/nong-nuch-tropical-garden\\\/#primaryimage\",\"url\":\"https:\\\/\\\/skyline-gs.com\\\/wp-content\\\/uploads\\\/2025\\\/11\\\/img_4026_0.jpg.webp\",\"contentUrl\":\"https:\\\/\\\/skyline-gs.com\\\/wp-content\\\/uploads\\\/2025\\\/11\\\/img_4026_0.jpg.webp\",\"width\":1500,\"height\":1000},{\"@type\":\"BreadcrumbList\",\"@id\":\"http:\\\/\\\/skyline-gs.com\\\/it\\\/prodotto\\\/nong-nuch-tropical-garden\\\/#breadcrumb\",\"itemListElement\":[{\"@type\":\"ListItem\",\"position\":1,\"name\":\"\u0413\u043b\u0430\u0432\u043d\u0430\u044f \u0441\u0442\u0440\u0430\u043d\u0438\u0446\u0430\",\"item\":\"https:\\\/\\\/skyline-gs.com\\\/hu\\\/\"},{\"@type\":\"ListItem\",\"position\":2,\"name\":\"\u041c\u0430\u0433\u0430\u0437\u0438\u043d\",\"item\":\"https:\\\/\\\/skyline-gs.com\\\/cs\\\/shop\\\/\"},{\"@type\":\"ListItem\",\"position\":3,\"name\":\"\u0421\u0430\u0434 \u043e\u0440\u0445\u0438\u0434\u0435\u0439 \u00abNong Nuch Tropical Garden\u00bb\"}]},{\"@type\":\"WebSite\",\"@id\":\"https:\\\/\\\/skyline-gs.com\\\/it\\\/#website\",\"url\":\"https:\\\/\\\/skyline-gs.com\\\/it\\\/\",\"name\":\"\u042d\u043a\u0441\u043a\u0443\u0440\u0441\u0438\u0438 Skyline\",\"description\":\"\u042d\u043a\u0441\u043a\u043b\u044e\u0437\u0438\u0432\u043d\u044b\u0435 \u044d\u043a\u0441\u043a\u0443\u0440\u0441\u0438\u0438 \u043d\u0430 \u043b\u0443\u0447\u0448\u0438\u0445 \u043a\u0443\u0440\u043e\u0440\u0442\u0430\u0445 \u043c\u0438\u0440\u0430\",\"publisher\":{\"@id\":\"https:\\\/\\\/skyline-gs.com\\\/it\\\/#organization\"},\"alternateName\":\"Skyline\",\"potentialAction\":[{\"@type\":\"SearchAction\",\"target\":{\"@type\":\"EntryPoint\",\"urlTemplate\":\"https:\\\/\\\/skyline-gs.com\\\/it\\\/?s={search_term_string}\"},\"query-input\":{\"@type\":\"PropertyValueSpecification\",\"valueRequired\":true,\"valueName\":\"search_term_string\"}}],\"inLanguage\":\"hu\"},{\"@type\":\"Organization\",\"@id\":\"https:\\\/\\\/skyline-gs.com\\\/it\\\/#organization\",\"name\":\"\u042d\u043a\u0441\u043a\u0443\u0440\u0441\u0438\u0438 Skyline\",\"alternateName\":\"\u042d\u043a\u0441\u043a\u0443\u0440\u0441\u0438\u0438 Skyline\",\"url\":\"https:\\\/\\\/skyline-gs.com\\\/it\\\/\",\"logo\":{\"@type\":\"ImageObject\",\"inLanguage\":\"hu\",\"@id\":\"https:\\\/\\\/skyline-gs.com\\\/it\\\/#\\\/schema\\\/logo\\\/image\\\/\",\"url\":\"https:\\\/\\\/skyline-gs.com\\\/wp-content\\\/uploads\\\/2020\\\/12\\\/cropped-logo-2.png\",\"contentUrl\":\"https:\\\/\\\/skyline-gs.com\\\/wp-content\\\/uploads\\\/2020\\\/12\\\/cropped-logo-2.png\",\"width\":512,\"height\":512,\"caption\":\"\u042d\u043a\u0441\u043a\u0443\u0440\u0441\u0438\u0438 Skyline\"},\"image\":{\"@id\":\"https:\\\/\\\/skyline-gs.com\\\/it\\\/#\\\/schema\\\/logo\\\/image\\\/\"},\"sameAs\":[\"https:\\\/\\\/www.instagram.com\\\/skylineglobalservice\\\/\"]}]}<\/script>\n<!-- \/ Yoast SEO plugin. -->","yoast_head_json":{"title":"Nong Nuch Tr\u00f3pusi Kert Orchidea Kert - Skyline kir\u00e1ndul\u00e1sok","robots":{"index":"index","follow":"follow","max-snippet":"max-snippet:-1","max-image-preview":"max-image-preview:large","max-video-preview":"max-video-preview:-1"},"canonical":"http:\/\/skyline-gs.com\/hu\/termek\/nong-nuch-tropical-garden\/","og_locale":"hu_HU","og_type":"article","og_title":"\u0421\u0430\u0434 \u043e\u0440\u0445\u0438\u0434\u0435\u0439 \u00abNong Nuch Tropical Garden\u00bb &#8226; \u042d\u043a\u0441\u043a\u0443\u0440\u0441\u0438\u0438 Skyline","og_description":"\u0412\u0440\u0435\u043c\u044f \u0442\u0443\u0440\u0430: 8:00 \u2013 21:00 \u0414\u043d\u0438 \u043f\u0440\u043e\u0432\u0435\u0434\u0435\u043d\u0438\u044f: \u043f\u043e\u043d\u0435\u0434\u0435\u043b\u044c\u043d\u0438\u043a, \u0441\u0440\u0435\u0434\u0430, \u0441\u0443\u0431\u0431\u043e\u0442\u0430","og_url":"http:\/\/skyline-gs.com\/hu\/termek\/nong-nuch-tropical-garden\/","og_site_name":"\u042d\u043a\u0441\u043a\u0443\u0440\u0441\u0438\u0438 Skyline","article_modified_time":"2025-11-20T15:41:14+00:00","og_image":[{"width":1500,"height":1000,"url":"https:\/\/skyline-gs.com\/wp-content\/uploads\/2025\/11\/img_4026_0.jpg.webp","type":"image\/webp"}],"twitter_card":"summary_large_image","twitter_misc":{"Becs\u00fclt olvas\u00e1si id\u0151":"2 perc"},"schema":{"@context":"https:\/\/schema.org","@graph":[{"@type":"WebPage","@id":"http:\/\/skyline-gs.com\/it\/prodotto\/nong-nuch-tropical-garden\/","url":"http:\/\/skyline-gs.com\/it\/prodotto\/nong-nuch-tropical-garden\/","name":"Nong Nuch Tr\u00f3pusi Kert Orchidea Kert - Skyline kir\u00e1ndul\u00e1sok","isPartOf":{"@id":"https:\/\/skyline-gs.com\/it\/#website"},"primaryImageOfPage":{"@id":"http:\/\/skyline-gs.com\/it\/prodotto\/nong-nuch-tropical-garden\/#primaryimage"},"image":{"@id":"http:\/\/skyline-gs.com\/it\/prodotto\/nong-nuch-tropical-garden\/#primaryimage"},"thumbnailUrl":"https:\/\/skyline-gs.com\/wp-content\/uploads\/2025\/11\/img_4026_0.jpg.webp","datePublished":"2025-11-20T14:28:03+00:00","dateModified":"2025-11-20T15:41:14+00:00","breadcrumb":{"@id":"http:\/\/skyline-gs.com\/it\/prodotto\/nong-nuch-tropical-garden\/#breadcrumb"},"inLanguage":"hu","potentialAction":[{"@type":"ReadAction","target":["http:\/\/skyline-gs.com\/it\/prodotto\/nong-nuch-tropical-garden\/"]}]},{"@type":"ImageObject","inLanguage":"hu","@id":"http:\/\/skyline-gs.com\/it\/prodotto\/nong-nuch-tropical-garden\/#primaryimage","url":"https:\/\/skyline-gs.com\/wp-content\/uploads\/2025\/11\/img_4026_0.jpg.webp","contentUrl":"https:\/\/skyline-gs.com\/wp-content\/uploads\/2025\/11\/img_4026_0.jpg.webp","width":1500,"height":1000},{"@type":"BreadcrumbList","@id":"http:\/\/skyline-gs.com\/it\/prodotto\/nong-nuch-tropical-garden\/#breadcrumb","itemListElement":[{"@type":"ListItem","position":1,"name":"\u0413\u043b\u0430\u0432\u043d\u0430\u044f \u0441\u0442\u0440\u0430\u043d\u0438\u0446\u0430","item":"https:\/\/skyline-gs.com\/hu\/"},{"@type":"ListItem","position":2,"name":"\u041c\u0430\u0433\u0430\u0437\u0438\u043d","item":"https:\/\/skyline-gs.com\/cs\/shop\/"},{"@type":"ListItem","position":3,"name":"\u0421\u0430\u0434 \u043e\u0440\u0445\u0438\u0434\u0435\u0439 \u00abNong Nuch Tropical Garden\u00bb"}]},{"@type":"WebSite","@id":"https:\/\/skyline-gs.com\/it\/#website","url":"https:\/\/skyline-gs.com\/it\/","name":"Skyline T\u00far\u00e1k","description":"Exkluz\u00edv kir\u00e1ndul\u00e1sok a vil\u00e1g legjobb \u00fcd\u00fcl\u0151helyein","publisher":{"@id":"https:\/\/skyline-gs.com\/it\/#organization"},"alternateName":"Skyline","potentialAction":[{"@type":"SearchAction","target":{"@type":"EntryPoint","urlTemplate":"https:\/\/skyline-gs.com\/it\/?s={search_term_string}"},"query-input":{"@type":"PropertyValueSpecification","valueRequired":true,"valueName":"search_term_string"}}],"inLanguage":"hu"},{"@type":"Organization","@id":"https:\/\/skyline-gs.com\/it\/#organization","name":"Skyline T\u00far\u00e1k","alternateName":"\u042d\u043a\u0441\u043a\u0443\u0440\u0441\u0438\u0438 Skyline","url":"https:\/\/skyline-gs.com\/it\/","logo":{"@type":"ImageObject","inLanguage":"hu","@id":"https:\/\/skyline-gs.com\/it\/#\/schema\/logo\/image\/","url":"https:\/\/skyline-gs.com\/wp-content\/uploads\/2020\/12\/cropped-logo-2.png","contentUrl":"https:\/\/skyline-gs.com\/wp-content\/uploads\/2020\/12\/cropped-logo-2.png","width":512,"height":512,"caption":"\u042d\u043a\u0441\u043a\u0443\u0440\u0441\u0438\u0438 Skyline"},"image":{"@id":"https:\/\/skyline-gs.com\/it\/#\/schema\/logo\/image\/"},"sameAs":["https:\/\/www.instagram.com\/skylineglobalservice\/"]}]}},"_links":{"self":[{"href":"https:\/\/skyline-gs.com\/hu\/wp-json\/wp\/v2\/product\/71460","targetHints":{"allow":["GET"]}}],"collection":[{"href":"https:\/\/skyline-gs.com\/hu\/wp-json\/wp\/v2\/product"}],"about":[{"href":"https:\/\/skyline-gs.com\/hu\/wp-json\/wp\/v2\/types\/product"}],"version-history":[{"count":0,"href":"https:\/\/skyline-gs.com\/hu\/wp-json\/wp\/v2\/product\/71460\/revisions"}],"wp:featuredmedia":[{"embeddable":true,"href":"https:\/\/skyline-gs.com\/hu\/wp-json\/wp\/v2\/media\/71485"}],"wp:attachment":[{"href":"https:\/\/skyline-gs.com\/hu\/wp-json\/wp\/v2\/media?parent=71460"}],"wp:term":[{"taxonomy":"product_brand","embeddable":true,"href":"https:\/\/skyline-gs.com\/hu\/wp-json\/wp\/v2\/product_brand?post=71460"},{"taxonomy":"product_cat","embeddable":true,"href":"https:\/\/skyline-gs.com\/hu\/wp-json\/wp\/v2\/product_cat?post=71460"},{"taxonomy":"product_tag","embeddable":true,"href":"https:\/\/skyline-gs.com\/hu\/wp-json\/wp\/v2\/product_tag?post=71460"}],"curies":[{"name":"wp","href":"https:\/\/api.w.org\/{rel}","templated":true}]}}