{"id":70927,"date":"2025-11-09T13:44:20","date_gmt":"2025-11-09T11:44:20","guid":{"rendered":"http:\/\/skyline-gs.com\/?post_type=product&#038;p=70927"},"modified":"2026-01-26T13:39:09","modified_gmt":"2026-01-26T11:39:09","slug":"cairo-hurghada","status":"publish","type":"product","link":"https:\/\/skyline-gs.com\/hu\/product\/cairo-hurghada\/","title":{"rendered":"\u041a\u0430\u0438\u0440 (\u0441\u0442\u0430\u043d\u0434\u0430\u0440\u0442): \u041f\u0438\u0440\u0430\u043c\u0438\u0434\u044b \u0413\u0438\u0437\u044b \u0438 \u0421\u0442\u0430\u0440\u044b\u0439 \u0415\u0433\u0438\u043f\u0435\u0442\u0441\u043a\u0438\u0439 \u043c\u0443\u0437\u0435\u0439"},"content":{"rendered":"<p>Hajnali 1:00 \u2014 Indul\u00e1s a sz\u00e1llod\u00e1b\u00f3l. Az \u00fat k\u00f6r\u00fclbel\u00fcl 7 \u00f3r\u00e1t vesz ig\u00e9nybe egy ir\u00e1nyban. \u00datk\u00f6zben megcsod\u00e1lhatja a V\u00f6r\u00f6s-tenger partj\u00e1t.\n8:30 \u2014 \u00c9rkez\u00e9s Kair\u00f3ba, Afrika egyik legs\u0171r\u0171bben lakott v\u00e1ros\u00e1ba.\nL\u00e1togat\u00e1s az Egyiptomi M\u00fazeumban, ahol hatalmas mennyis\u00e9g\u0171 \u0151si t\u00e1rgyat \u0151riznek. A t\u00f6bb mint sz\u00e1z teremb\u0151l \u00e1ll\u00f3 m\u00fazeumban egyed\u00fcl\u00e1ll\u00f3, \u00f6tezer \u00e9ves leletek l\u00e1that\u00f3k. Megn\u00e9zheti a legh\u00edresebb f\u00e1ra\u00f3k szobrait \u2013 p\u00e9ld\u00e1ul Kheopsz, Khephr\u00e9n, M\u00fckerinosz, Hatsepszut, Ehnaton \u2013 valamint arany szarkof\u00e1gokat \u00e9s Tutanhamon s\u00edrj\u00e1b\u00f3l sz\u00e1rmaz\u00f3 kincseket.\nN\u00edlus haj\u00f3kir\u00e1ndul\u00e1s (opcion\u00e1lis, +10 USD).<\/p>\n<p>Eb\u00e9d egy sv\u00e9dasztalos \u00e9tteremben (az italokat nem tartalmazza). Eb\u00e9d ut\u00e1n elutaznak oda, ahol meg\u00e1ll az id\u0151, Egyiptom jelk\u00e9p\u00e9hez, a Nagy Piramisokhoz \u00e9s a Szfinxhez. Egyiptomban t\u00f6bb mint 100 piramis tal\u00e1lhat\u00f3, de a legh\u00edresebbek a g\u00edzai piramisok, amelyeket minden id\u0151k els\u0151 vil\u00e1gcsod\u00e1j\u00e1nak tartanak. G\u00edza Kair\u00f3 egyik k\u00fclv\u00e1rosa, \u00e9s vil\u00e1gh\u00edr\u0171. Ell\u00e1togat a Papirusz M\u00fazeumba, ahol elmondj\u00e1k \u00e9s megmutatj\u00e1k, hogyan k\u00e9sz\u00edtett\u00e9k a papiruszt az \u00f3korban, illetve az illatszer- \u00e9s olajgy\u00e1rba. Visszautaz\u00e1s \u00e9s visszat\u00e9r\u00e9s a sz\u00e1llod\u00e1ba 22:00 \u00f3ra k\u00f6r\u00fcl.<\/p>\n<p><strong>Tartalmazza:<\/strong><\/p>\n<ul>\n<li>Transzfer a sz\u00e1llod\u00e1b\u00f3l \u00e9s a sz\u00e1llod\u00e1ba<\/li>\n<li>Transzfer egy modern, l\u00e9gkondicion\u00e1lt turistabuszban<\/li>\n<li>Orosz nyelv\u0171 egyiptol\u00f3gus idegenvezet\u0151 Kair\u00f3ban<\/li>\n<li>Bel\u00e9p\u0151d\u00edjak az \u00f6sszes eml\u00edtett l\u00e1tnival\u00f3hoz;<\/li>\n<li>Eb\u00e9d egy kair\u00f3i \u00e9tteremben<\/li>\n<\/ul>\n<p><strong>Nem tartalmazza:<\/strong><\/p>\n<ul>\n<li>Transzferek Sahl Hasheesh, Makadi Bay, El Gouna +$10 oda-vissza (legfeljebb 6 f\u0151s csoportonk\u00e9nt).<\/li>\n<li>Transzfer a Soma Bay, Safaga vid\u00e9ki sz\u00e1llod\u00e1kb\u00f3l +$20 oda-vissza (csoportonk\u00e9nt legfeljebb 6 f\u0151ig)<\/li>\n<li>N\u00edlusi haj\u00f3kir\u00e1ndul\u00e1s (opcion\u00e1lis, fel\u00e1r +10 USD)<\/li>\n<li>Italok<\/li>\n<\/ul>\n<p><strong>Vigy\u00e9l magaddal:<\/strong><\/p>\n<ul>\n<li>\u00datlev\u00e9l<\/li>\n<li>Fejd\u00edsz<\/li>\n<li>P\u00e9nz szem\u00e9lyes kiad\u00e1sokra \u00e9s aj\u00e1nd\u00e9kt\u00e1rgyakra<\/li>\n<li>Szem\u00e9lyi \u00e1pol\u00f3szerek<\/li>\n<li>Iv\u00f3v\u00edz<\/li>\n<li>Reggeli harapnival\u00f3 (az hotel recepci\u00f3j\u00e1n jelezze, hogy kor\u00e1n reggel indul egy kir\u00e1ndul\u00e1sra, \u00e9s k\u00e9sz\u00edtsenek \u00d6nnek egy eb\u00e9dcsomagot, a sz\u00e1llod\u00e1k ezt a szolg\u00e1ltat\u00e1st ingyen biztos\u00edtj\u00e1k);<\/li>\n<li>K\u00e9nyelmes cip\u0151<\/li>\n<li>Meleg ruh\u00e1zat az utaz\u00e1shoz (t\u00e9len)<\/li>\n<\/ul>","protected":false},"excerpt":{"rendered":"<p><strong>Kir\u00e1ndul\u00e1s Id\u0151pontja:<\/strong> 1:00 &#8212; 22:00<\/p>\n<p><strong>A Kir\u00e1ndul\u00e1s Napjai:<\/strong> Minden nap<\/p>","protected":false},"featured_media":70928,"template":"","meta":{"_kad_post_transparent":"default","_kad_post_title":"","_kad_post_layout":"default","_kad_post_sidebar_id":"","_kad_post_content_style":"default","_kad_post_vertical_padding":"default","_kad_post_feature":"","_kad_post_feature_position":"","_kad_post_header":false,"_kad_post_footer":false,"_kad_post_classname":"","_glsr_average":0,"_glsr_ranking":0,"_glsr_reviews":0},"product_brand":[],"product_cat":[479],"product_tag":[],"class_list":{"0":"post-70927","1":"product","2":"type-product","3":"status-publish","4":"has-post-thumbnail","6":"product_cat-hurghadatours","7":"tm-has-options","9":"first","10":"instock","11":"sold-individually","12":"taxable","13":"shipping-taxable","14":"purchasable","15":"product-type-simple","16":"entry","17":"content-bg","18":"loop-entry"},"yoast_head":"<!-- This site is optimized with the Yoast SEO plugin v27.3 - https:\/\/yoast.com\/product\/yoast-seo-wordpress\/ -->\n<title>\u041a\u0430\u0438\u0440 (\u0441\u0442\u0430\u043d\u0434\u0430\u0440\u0442): \u041f\u0438\u0440\u0430\u043c\u0438\u0434\u044b \u0413\u0438\u0437\u044b \u0438 \u0421\u0442\u0430\u0440\u044b\u0439 \u0415\u0433\u0438\u043f\u0435\u0442\u0441\u043a\u0438\u0439 \u043c\u0443\u0437\u0435\u0439 &#8226; \u042d\u043a\u0441\u043a\u0443\u0440\u0441\u0438\u0438 Skyline<\/title>\n<meta name=\"robots\" content=\"index, follow, max-snippet:-1, max-image-preview:large, max-video-preview:-1\" \/>\n<link rel=\"canonical\" href=\"https:\/\/skyline-gs.com\/hu\/termek\/cairo-hurghada\/\" \/>\n<meta property=\"og:locale\" content=\"hu_HU\" \/>\n<meta property=\"og:type\" content=\"article\" \/>\n<meta property=\"og:title\" content=\"\u041a\u0430\u0438\u0440 (\u0441\u0442\u0430\u043d\u0434\u0430\u0440\u0442): \u041f\u0438\u0440\u0430\u043c\u0438\u0434\u044b \u0413\u0438\u0437\u044b \u0438 \u0421\u0442\u0430\u0440\u044b\u0439 \u0415\u0433\u0438\u043f\u0435\u0442\u0441\u043a\u0438\u0439 \u043c\u0443\u0437\u0435\u0439 &#8226; \u042d\u043a\u0441\u043a\u0443\u0440\u0441\u0438\u0438 Skyline\" \/>\n<meta property=\"og:description\" content=\"\u0412\u0440\u0435\u043c\u044f \u0442\u0443\u0440\u0430: 1:00 - 22:00  \u0414\u043d\u0438 \u043f\u0440\u043e\u0432\u0435\u0434\u0435\u043d\u0438\u044f: \u041a\u0430\u0436\u0434\u044b\u0439 \u0434\u0435\u043d\u044c\" \/>\n<meta property=\"og:url\" content=\"https:\/\/skyline-gs.com\/hu\/termek\/cairo-hurghada\/\" \/>\n<meta property=\"og:site_name\" content=\"\u042d\u043a\u0441\u043a\u0443\u0440\u0441\u0438\u0438 Skyline\" \/>\n<meta property=\"article:modified_time\" content=\"2026-01-26T11:39:09+00:00\" \/>\n<meta property=\"og:image\" content=\"https:\/\/skyline-gs.com\/wp-content\/uploads\/2024\/08\/LoGo777.png\" \/>\n\t<meta property=\"og:image:width\" content=\"1080\" \/>\n\t<meta property=\"og:image:height\" content=\"1080\" \/>\n\t<meta property=\"og:image:type\" content=\"image\/png\" \/>\n<meta name=\"twitter:card\" content=\"summary_large_image\" \/>\n<meta name=\"twitter:label1\" content=\"Becs\u00fclt olvas\u00e1si id\u0151\" \/>\n\t<meta name=\"twitter:data1\" content=\"2 perc\" \/>\n<script type=\"application\/ld+json\" class=\"yoast-schema-graph\">{\"@context\":\"https:\\\/\\\/schema.org\",\"@graph\":[{\"@type\":\"WebPage\",\"@id\":\"https:\\\/\\\/skyline-gs.com\\\/product\\\/cairo-hurghada\\\/\",\"url\":\"https:\\\/\\\/skyline-gs.com\\\/product\\\/cairo-hurghada\\\/\",\"name\":\"\u041a\u0430\u0438\u0440 (\u0441\u0442\u0430\u043d\u0434\u0430\u0440\u0442): \u041f\u0438\u0440\u0430\u043c\u0438\u0434\u044b \u0413\u0438\u0437\u044b \u0438 \u0421\u0442\u0430\u0440\u044b\u0439 \u0415\u0433\u0438\u043f\u0435\u0442\u0441\u043a\u0438\u0439 \u043c\u0443\u0437\u0435\u0439 &#8226; \u042d\u043a\u0441\u043a\u0443\u0440\u0441\u0438\u0438 Skyline\",\"isPartOf\":{\"@id\":\"https:\\\/\\\/skyline-gs.com\\\/it\\\/#website\"},\"primaryImageOfPage\":{\"@id\":\"https:\\\/\\\/skyline-gs.com\\\/product\\\/cairo-hurghada\\\/#primaryimage\"},\"image\":{\"@id\":\"https:\\\/\\\/skyline-gs.com\\\/product\\\/cairo-hurghada\\\/#primaryimage\"},\"thumbnailUrl\":\"https:\\\/\\\/skyline-gs.com\\\/wp-content\\\/uploads\\\/2025\\\/11\\\/145-37.jpg.avif\",\"datePublished\":\"2025-11-09T11:44:20+00:00\",\"dateModified\":\"2026-01-26T11:39:09+00:00\",\"breadcrumb\":{\"@id\":\"https:\\\/\\\/skyline-gs.com\\\/product\\\/cairo-hurghada\\\/#breadcrumb\"},\"inLanguage\":\"hu\",\"potentialAction\":[{\"@type\":\"ReadAction\",\"target\":[\"https:\\\/\\\/skyline-gs.com\\\/product\\\/cairo-hurghada\\\/\"]}]},{\"@type\":\"ImageObject\",\"inLanguage\":\"hu\",\"@id\":\"https:\\\/\\\/skyline-gs.com\\\/product\\\/cairo-hurghada\\\/#primaryimage\",\"url\":\"https:\\\/\\\/skyline-gs.com\\\/wp-content\\\/uploads\\\/2025\\\/11\\\/145-37.jpg.avif\",\"contentUrl\":\"https:\\\/\\\/skyline-gs.com\\\/wp-content\\\/uploads\\\/2025\\\/11\\\/145-37.jpg.avif\",\"width\":960,\"height\":640},{\"@type\":\"BreadcrumbList\",\"@id\":\"https:\\\/\\\/skyline-gs.com\\\/product\\\/cairo-hurghada\\\/#breadcrumb\",\"itemListElement\":[{\"@type\":\"ListItem\",\"position\":1,\"name\":\"\u0413\u043b\u0430\u0432\u043d\u0430\u044f \u0441\u0442\u0440\u0430\u043d\u0438\u0446\u0430\",\"item\":\"https:\\\/\\\/skyline-gs.com\\\/hu\\\/\"},{\"@type\":\"ListItem\",\"position\":2,\"name\":\"\u041c\u0430\u0433\u0430\u0437\u0438\u043d\",\"item\":\"https:\\\/\\\/skyline-gs.com\\\/cs\\\/shop\\\/\"},{\"@type\":\"ListItem\",\"position\":3,\"name\":\"\u041a\u0430\u0438\u0440 (\u0441\u0442\u0430\u043d\u0434\u0430\u0440\u0442): \u041f\u0438\u0440\u0430\u043c\u0438\u0434\u044b \u0413\u0438\u0437\u044b \u0438 \u0421\u0442\u0430\u0440\u044b\u0439 \u0415\u0433\u0438\u043f\u0435\u0442\u0441\u043a\u0438\u0439 \u043c\u0443\u0437\u0435\u0439\"}]},{\"@type\":\"WebSite\",\"@id\":\"https:\\\/\\\/skyline-gs.com\\\/it\\\/#website\",\"url\":\"https:\\\/\\\/skyline-gs.com\\\/it\\\/\",\"name\":\"\u042d\u043a\u0441\u043a\u0443\u0440\u0441\u0438\u0438 Skyline\",\"description\":\"\u042d\u043a\u0441\u043a\u043b\u044e\u0437\u0438\u0432\u043d\u044b\u0435 \u044d\u043a\u0441\u043a\u0443\u0440\u0441\u0438\u0438 \u043d\u0430 \u043b\u0443\u0447\u0448\u0438\u0445 \u043a\u0443\u0440\u043e\u0440\u0442\u0430\u0445 \u043c\u0438\u0440\u0430\",\"publisher\":{\"@id\":\"https:\\\/\\\/skyline-gs.com\\\/it\\\/#organization\"},\"alternateName\":\"Skyline\",\"potentialAction\":[{\"@type\":\"SearchAction\",\"target\":{\"@type\":\"EntryPoint\",\"urlTemplate\":\"https:\\\/\\\/skyline-gs.com\\\/it\\\/?s={search_term_string}\"},\"query-input\":{\"@type\":\"PropertyValueSpecification\",\"valueRequired\":true,\"valueName\":\"search_term_string\"}}],\"inLanguage\":\"hu\"},{\"@type\":\"Organization\",\"@id\":\"https:\\\/\\\/skyline-gs.com\\\/it\\\/#organization\",\"name\":\"\u042d\u043a\u0441\u043a\u0443\u0440\u0441\u0438\u0438 Skyline\",\"alternateName\":\"\u042d\u043a\u0441\u043a\u0443\u0440\u0441\u0438\u0438 Skyline\",\"url\":\"https:\\\/\\\/skyline-gs.com\\\/it\\\/\",\"logo\":{\"@type\":\"ImageObject\",\"inLanguage\":\"hu\",\"@id\":\"https:\\\/\\\/skyline-gs.com\\\/it\\\/#\\\/schema\\\/logo\\\/image\\\/\",\"url\":\"https:\\\/\\\/skyline-gs.com\\\/wp-content\\\/uploads\\\/2020\\\/12\\\/cropped-logo-2.png\",\"contentUrl\":\"https:\\\/\\\/skyline-gs.com\\\/wp-content\\\/uploads\\\/2020\\\/12\\\/cropped-logo-2.png\",\"width\":512,\"height\":512,\"caption\":\"\u042d\u043a\u0441\u043a\u0443\u0440\u0441\u0438\u0438 Skyline\"},\"image\":{\"@id\":\"https:\\\/\\\/skyline-gs.com\\\/it\\\/#\\\/schema\\\/logo\\\/image\\\/\"},\"sameAs\":[\"https:\\\/\\\/www.instagram.com\\\/skylineglobalservice\\\/\"]}]}<\/script>\n<!-- \/ Yoast SEO plugin. -->","yoast_head_json":{"title":"\u041a\u0430\u0438\u0440 (\u0441\u0442\u0430\u043d\u0434\u0430\u0440\u0442): \u041f\u0438\u0440\u0430\u043c\u0438\u0434\u044b \u0413\u0438\u0437\u044b \u0438 \u0421\u0442\u0430\u0440\u044b\u0439 \u0415\u0433\u0438\u043f\u0435\u0442\u0441\u043a\u0438\u0439 \u043c\u0443\u0437\u0435\u0439 &#8226; \u042d\u043a\u0441\u043a\u0443\u0440\u0441\u0438\u0438 Skyline","robots":{"index":"index","follow":"follow","max-snippet":"max-snippet:-1","max-image-preview":"max-image-preview:large","max-video-preview":"max-video-preview:-1"},"canonical":"https:\/\/skyline-gs.com\/hu\/termek\/cairo-hurghada\/","og_locale":"hu_HU","og_type":"article","og_title":"\u041a\u0430\u0438\u0440 (\u0441\u0442\u0430\u043d\u0434\u0430\u0440\u0442): \u041f\u0438\u0440\u0430\u043c\u0438\u0434\u044b \u0413\u0438\u0437\u044b \u0438 \u0421\u0442\u0430\u0440\u044b\u0439 \u0415\u0433\u0438\u043f\u0435\u0442\u0441\u043a\u0438\u0439 \u043c\u0443\u0437\u0435\u0439 &#8226; \u042d\u043a\u0441\u043a\u0443\u0440\u0441\u0438\u0438 Skyline","og_description":"\u0412\u0440\u0435\u043c\u044f \u0442\u0443\u0440\u0430: 1:00 - 22:00  \u0414\u043d\u0438 \u043f\u0440\u043e\u0432\u0435\u0434\u0435\u043d\u0438\u044f: \u041a\u0430\u0436\u0434\u044b\u0439 \u0434\u0435\u043d\u044c","og_url":"https:\/\/skyline-gs.com\/hu\/termek\/cairo-hurghada\/","og_site_name":"\u042d\u043a\u0441\u043a\u0443\u0440\u0441\u0438\u0438 Skyline","article_modified_time":"2026-01-26T11:39:09+00:00","og_image":[{"width":1080,"height":1080,"url":"https:\/\/skyline-gs.com\/wp-content\/uploads\/2024\/08\/LoGo777.png","type":"image\/png"}],"twitter_card":"summary_large_image","twitter_misc":{"Becs\u00fclt olvas\u00e1si id\u0151":"2 perc"},"schema":{"@context":"https:\/\/schema.org","@graph":[{"@type":"WebPage","@id":"https:\/\/skyline-gs.com\/product\/cairo-hurghada\/","url":"https:\/\/skyline-gs.com\/product\/cairo-hurghada\/","name":"\u041a\u0430\u0438\u0440 (\u0441\u0442\u0430\u043d\u0434\u0430\u0440\u0442): \u041f\u0438\u0440\u0430\u043c\u0438\u0434\u044b \u0413\u0438\u0437\u044b \u0438 \u0421\u0442\u0430\u0440\u044b\u0439 \u0415\u0433\u0438\u043f\u0435\u0442\u0441\u043a\u0438\u0439 \u043c\u0443\u0437\u0435\u0439 &#8226; \u042d\u043a\u0441\u043a\u0443\u0440\u0441\u0438\u0438 Skyline","isPartOf":{"@id":"https:\/\/skyline-gs.com\/it\/#website"},"primaryImageOfPage":{"@id":"https:\/\/skyline-gs.com\/product\/cairo-hurghada\/#primaryimage"},"image":{"@id":"https:\/\/skyline-gs.com\/product\/cairo-hurghada\/#primaryimage"},"thumbnailUrl":"https:\/\/skyline-gs.com\/wp-content\/uploads\/2025\/11\/145-37.jpg.avif","datePublished":"2025-11-09T11:44:20+00:00","dateModified":"2026-01-26T11:39:09+00:00","breadcrumb":{"@id":"https:\/\/skyline-gs.com\/product\/cairo-hurghada\/#breadcrumb"},"inLanguage":"hu","potentialAction":[{"@type":"ReadAction","target":["https:\/\/skyline-gs.com\/product\/cairo-hurghada\/"]}]},{"@type":"ImageObject","inLanguage":"hu","@id":"https:\/\/skyline-gs.com\/product\/cairo-hurghada\/#primaryimage","url":"https:\/\/skyline-gs.com\/wp-content\/uploads\/2025\/11\/145-37.jpg.avif","contentUrl":"https:\/\/skyline-gs.com\/wp-content\/uploads\/2025\/11\/145-37.jpg.avif","width":960,"height":640},{"@type":"BreadcrumbList","@id":"https:\/\/skyline-gs.com\/product\/cairo-hurghada\/#breadcrumb","itemListElement":[{"@type":"ListItem","position":1,"name":"\u0413\u043b\u0430\u0432\u043d\u0430\u044f \u0441\u0442\u0440\u0430\u043d\u0438\u0446\u0430","item":"https:\/\/skyline-gs.com\/hu\/"},{"@type":"ListItem","position":2,"name":"\u041c\u0430\u0433\u0430\u0437\u0438\u043d","item":"https:\/\/skyline-gs.com\/cs\/shop\/"},{"@type":"ListItem","position":3,"name":"\u041a\u0430\u0438\u0440 (\u0441\u0442\u0430\u043d\u0434\u0430\u0440\u0442): \u041f\u0438\u0440\u0430\u043c\u0438\u0434\u044b \u0413\u0438\u0437\u044b \u0438 \u0421\u0442\u0430\u0440\u044b\u0439 \u0415\u0433\u0438\u043f\u0435\u0442\u0441\u043a\u0438\u0439 \u043c\u0443\u0437\u0435\u0439"}]},{"@type":"WebSite","@id":"https:\/\/skyline-gs.com\/it\/#website","url":"https:\/\/skyline-gs.com\/it\/","name":"Skyline T\u00far\u00e1k","description":"Exkluz\u00edv kir\u00e1ndul\u00e1sok a vil\u00e1g legjobb \u00fcd\u00fcl\u0151helyein","publisher":{"@id":"https:\/\/skyline-gs.com\/it\/#organization"},"alternateName":"Skyline","potentialAction":[{"@type":"SearchAction","target":{"@type":"EntryPoint","urlTemplate":"https:\/\/skyline-gs.com\/it\/?s={search_term_string}"},"query-input":{"@type":"PropertyValueSpecification","valueRequired":true,"valueName":"search_term_string"}}],"inLanguage":"hu"},{"@type":"Organization","@id":"https:\/\/skyline-gs.com\/it\/#organization","name":"Skyline T\u00far\u00e1k","alternateName":"\u042d\u043a\u0441\u043a\u0443\u0440\u0441\u0438\u0438 Skyline","url":"https:\/\/skyline-gs.com\/it\/","logo":{"@type":"ImageObject","inLanguage":"hu","@id":"https:\/\/skyline-gs.com\/it\/#\/schema\/logo\/image\/","url":"https:\/\/skyline-gs.com\/wp-content\/uploads\/2020\/12\/cropped-logo-2.png","contentUrl":"https:\/\/skyline-gs.com\/wp-content\/uploads\/2020\/12\/cropped-logo-2.png","width":512,"height":512,"caption":"\u042d\u043a\u0441\u043a\u0443\u0440\u0441\u0438\u0438 Skyline"},"image":{"@id":"https:\/\/skyline-gs.com\/it\/#\/schema\/logo\/image\/"},"sameAs":["https:\/\/www.instagram.com\/skylineglobalservice\/"]}]}},"_links":{"self":[{"href":"https:\/\/skyline-gs.com\/hu\/wp-json\/wp\/v2\/product\/70927","targetHints":{"allow":["GET"]}}],"collection":[{"href":"https:\/\/skyline-gs.com\/hu\/wp-json\/wp\/v2\/product"}],"about":[{"href":"https:\/\/skyline-gs.com\/hu\/wp-json\/wp\/v2\/types\/product"}],"version-history":[{"count":0,"href":"https:\/\/skyline-gs.com\/hu\/wp-json\/wp\/v2\/product\/70927\/revisions"}],"wp:featuredmedia":[{"embeddable":true,"href":"https:\/\/skyline-gs.com\/hu\/wp-json\/wp\/v2\/media\/70928"}],"wp:attachment":[{"href":"https:\/\/skyline-gs.com\/hu\/wp-json\/wp\/v2\/media?parent=70927"}],"wp:term":[{"taxonomy":"product_brand","embeddable":true,"href":"https:\/\/skyline-gs.com\/hu\/wp-json\/wp\/v2\/product_brand?post=70927"},{"taxonomy":"product_cat","embeddable":true,"href":"https:\/\/skyline-gs.com\/hu\/wp-json\/wp\/v2\/product_cat?post=70927"},{"taxonomy":"product_tag","embeddable":true,"href":"https:\/\/skyline-gs.com\/hu\/wp-json\/wp\/v2\/product_tag?post=70927"}],"curies":[{"name":"wp","href":"https:\/\/api.w.org\/{rel}","templated":true}]}}