{"id":70208,"date":"2025-10-23T21:08:53","date_gmt":"2025-10-23T19:08:53","guid":{"rendered":"http:\/\/skyline-gs.com\/?post_type=product&#038;p=70208"},"modified":"2025-10-23T21:17:56","modified_gmt":"2025-10-23T19:17:56","slug":"bangkok-2-nap-es-1-ejszaka","status":"publish","type":"product","link":"https:\/\/skyline-gs.com\/hu\/product\/bangkok-in-2-days-and-1-night\/","title":{"rendered":"Bangkok 2 nap \u00e9s 1 \u00e9jszaka"},"content":{"rendered":"<p>Fedezze fel Thaif\u00f6ld f\u0151v\u00e1ros\u00e1t k\u00e9t zs\u00fafolt nap alatt: kiemelked\u0151 templomok, csatorn\u00e1k, Bangkok \u00e9jszakai \u00e9lete \u00e9s egy k\u00e9nyelmes \u00e9jszaka egy sz\u00e1llod\u00e1ban. A t\u00fara \u00fagy van fel\u00e9p\u00edtve, hogy a v\u00e1ros klasszikus \u00e9s modern arc\u00e1t is l\u00e1thassa.<\/p>\n<p data-start=\"474\" data-end=\"809\"><strong>T\u00faraprogram:<\/strong><\/p>\n<p><strong>1. nap:<\/strong><\/p>\n<ul>\n<li>Begy\u0171jt\u00e9s 09:00-09:30 Pattay\u00e1r\u00f3l.<\/li>\n<li>L\u00e1togat\u00e1s a Wat Saketbe (Aranyhegy) 12:00 k\u00f6r\u00fcl.<\/li>\n<li>13:00 k\u00f6r\u00fcl l\u00e1togat\u00e1s a Loha Prasat (Vaspalota) \u00e9p\u00fclet\u00e9ben.<\/li>\n<li>S\u00e9ta a vir\u00e1gpiacon 14:00 k\u00f6r\u00fcl.<\/li>\n<li>Csatorn\u00e1k - haj\u00f3kir\u00e1ndul\u00e1s 14:30 k\u00f6r\u00fcl.<\/li>\n<li>Eb\u00e9d 15:30 k\u00f6r\u00fcl.<\/li>\n<li>L\u00e1togat\u00e1s az ICON SIAM bev\u00e1s\u00e1rl\u00f3k\u00f6zpontban 17:00 k\u00f6r\u00fcl.<\/li>\n<li>Vacsor\u00e1z\u00e1s a haj\u00f3val 19:30 k\u00f6r\u00fcl.<\/li>\n<li>Bejelentkez\u00e9s a sz\u00e1llod\u00e1ba, pihen\u00e9s.<\/li>\n<\/ul>\n<p>2. nap:<\/p>\n<ul>\n<li>Reggeli 07:00-10:00.<\/li>\n<li>Lumpini Park \u00e9s transzfer tuk tukkal 11:00 k\u00f6r\u00fcl.<\/li>\n<li>L\u00e1togat\u00e1s a MahaNakhon Tower - kil\u00e1t\u00f3teraszon 12:30 k\u00f6r\u00fcl.<\/li>\n<li>Monorail (BTS) 13:30 k\u00f6r\u00fcl.<\/li>\n<li>L\u00e1togat\u00e1s a \u00abszellem\u00e9p\u00fclet\u00bb Sathorn Unique Towerben 14:00 k\u00f6r\u00fcl.<\/li>\n<li>L\u00e1togat\u00e1s a Wat Yannawa haj\u00f3templomhoz 14:00 k\u00f6r\u00fcl.<\/li>\n<li>Eb\u00e9d 15:00 k\u00f6r\u00fcl.<\/li>\n<li>S\u00e9ta a Talat Noi piacon 15:30 k\u00f6r\u00fcl.<\/li>\n<li>L\u00e1togat\u00e1s a k\u00ednai negyedben 16:30 k\u00f6r\u00fcl.<\/li>\n<li>Vacsora panor\u00e1ma a Baiyoke Sky Towerben 17:00 k\u00f6r\u00fcl.<\/li>\n<li>Indul\u00e1s Pattay\u00e1ra 18:30-19:00.<\/li>\n<\/ul>\n<p><strong>Tartalmazza:<\/strong><\/p>\n<ul>\n<li>Transzfer a sz\u00e1llod\u00e1b\u00f3l\/a sz\u00e1llod\u00e1ba.<\/li>\n<li>Sz\u00e1ll\u00e1s a sz\u00e1llod\u00e1ban (1 \u00e9jszaka).<\/li>\n<li>Minden bel\u00e9p\u0151jegy.<\/li>\n<li>Eb\u00e9d \u00e9s vacsora a program szerint.<\/li>\n<li>Hivat\u00e1sos orosz nyelv\u0171 idegenvezet\u0151-t\u00f6rt\u00e9n\u00e9sz.<\/li>\n<li>Biztos\u00edt\u00e1s.<\/li>\n<\/ul>\n<p><strong>Vigy\u00e9l magaddal:<\/strong><\/p>\n<ul>\n<li>Az \u00fatlev\u00e9l m\u00e1solata.<\/li>\n<li>Reggeli-box a sz\u00e1llod\u00e1b\u00f3l az els\u0151 reggelre.<\/li>\n<li>Templomi ruh\u00e1k (v\u00e1llak \u00e9s t\u00e9rdek fedve).<\/li>\n<li>Fot\u00f3\/vide\u00f3 felszerel\u00e9s \u00e9s akkumul\u00e1torok.<\/li>\n<li>Fejfed\u0151, napszem\u00fcveg.<\/li>\n<li>P\u00e9nz szem\u00e9lyes kiad\u00e1sokra.<\/li>\n<\/ul>\n<p><strong>Tov\u00e1bbi inform\u00e1ci\u00f3k:<\/strong><\/p>\n<ul>\n<li>A templomokban \u00e9s szent helyeken k\u00f6telez\u0151 a z\u00e1rt \u00f6lt\u00f6zet:<br \/>\nN\u0151k: v\u00e1llak \u00e9s t\u00e9rdek fedve, ker\u00fclj\u00fck a nyitott fels\u0151ket, r\u00f6vid szokny\u00e1kat.<br \/>\nF\u00e9rfiak: ing vagy ujjas ing \u00e9s bok\u00e1ig \u00e9r\u0151 nadr\u00e1g.<\/li>\n<li>A gyermekjegyet 90 \u00e9s 120 cm k\u00f6z\u00f6tti magass\u00e1g szerint sz\u00e1molj\u00e1k. Egy 90 cm alatti gyermek ingyenesen utazhat.<\/li>\n<li>Az alkohol vagy k\u00e1b\u00edt\u00f3szer hat\u00e1sa alatt \u00e1ll\u00f3 szem\u00e9lyek nem vehetnek r\u00e9szt a t\u00far\u00e1n a kifizetett p\u00e9nzeszk\u00f6z\u00f6k elveszt\u00e9se mellett.<\/li>\n<li>A visszat\u00e9r\u00e9si id\u0151k a forgalmi viszonyokt\u00f3l f\u00fcgg\u0151en v\u00e1ltozhatnak.<\/li>\n<\/ul>","protected":false},"excerpt":{"rendered":"<p><strong>Kir\u00e1ndul\u00e1s Id\u0151pontja:<\/strong> 2 nap \/ 1 \u00e9jszaka<br \/>\n<strong>A Kir\u00e1ndul\u00e1s Napjai:<\/strong> kedd, p\u00e9ntek<\/p>","protected":false},"featured_media":70216,"template":"","meta":{"_kad_post_transparent":"default","_kad_post_title":"","_kad_post_layout":"default","_kad_post_sidebar_id":"","_kad_post_content_style":"default","_kad_post_vertical_padding":"default","_kad_post_feature":"","_kad_post_feature_position":"","_kad_post_header":false,"_kad_post_footer":false,"_kad_post_classname":"","_glsr_average":0,"_glsr_ranking":0,"_glsr_reviews":0},"product_brand":[],"product_cat":[507],"product_tag":[],"class_list":{"0":"post-70208","1":"product","2":"type-product","3":"status-publish","4":"has-post-thumbnail","6":"product_cat-pattaya","7":"tm-has-options","9":"first","10":"instock","11":"sold-individually","12":"taxable","13":"shipping-taxable","14":"purchasable","15":"product-type-simple","16":"entry","17":"content-bg","18":"loop-entry"},"yoast_head":"<!-- This site is optimized with the Yoast SEO plugin v27.3 - https:\/\/yoast.com\/product\/yoast-seo-wordpress\/ -->\n<title>\u0411\u0430\u043d\u0433\u043a\u043e\u043a \u0437\u0430 2 \u0434\u043d\u044f \u0438 1 \u043d\u043e\u0447\u044c &#8226; \u042d\u043a\u0441\u043a\u0443\u0440\u0441\u0438\u0438 Skyline<\/title>\n<meta name=\"robots\" content=\"index, follow, max-snippet:-1, max-image-preview:large, max-video-preview:-1\" \/>\n<link rel=\"canonical\" href=\"https:\/\/skyline-gs.com\/hu\/termek\/bangkok-2-nap-es-1-ejszaka\/\" \/>\n<meta property=\"og:locale\" content=\"hu_HU\" \/>\n<meta property=\"og:type\" content=\"article\" \/>\n<meta property=\"og:title\" content=\"\u0411\u0430\u043d\u0433\u043a\u043e\u043a \u0437\u0430 2 \u0434\u043d\u044f \u0438 1 \u043d\u043e\u0447\u044c &#8226; \u042d\u043a\u0441\u043a\u0443\u0440\u0441\u0438\u0438 Skyline\" \/>\n<meta property=\"og:description\" content=\"\u0412\u0440\u0435\u043c\u044f \u0442\u0443\u0440\u0430: 2 \u0434\u043d\u044f \/ 1 \u043d\u043e\u0447\u044c \u0414\u043d\u0438 \u043f\u0440\u043e\u0432\u0435\u0434\u0435\u043d\u0438\u044f: \u0432\u0442\u043e\u0440\u043d\u0438\u043a, \u043f\u044f\u0442\u043d\u0438\u0446\u0430\" \/>\n<meta property=\"og:url\" content=\"https:\/\/skyline-gs.com\/hu\/termek\/bangkok-2-nap-es-1-ejszaka\/\" \/>\n<meta property=\"og:site_name\" content=\"\u042d\u043a\u0441\u043a\u0443\u0440\u0441\u0438\u0438 Skyline\" \/>\n<meta property=\"article:modified_time\" content=\"2025-10-23T19:17:56+00:00\" \/>\n<meta property=\"og:image\" content=\"https:\/\/skyline-gs.com\/wp-content\/uploads\/2025\/10\/img_7013_1.jpg.webp\" \/>\n\t<meta property=\"og:image:width\" content=\"744\" \/>\n\t<meta property=\"og:image:height\" content=\"927\" \/>\n\t<meta property=\"og:image:type\" content=\"image\/webp\" \/>\n<meta name=\"twitter:card\" content=\"summary_large_image\" \/>\n<meta name=\"twitter:label1\" content=\"Becs\u00fclt olvas\u00e1si id\u0151\" \/>\n\t<meta name=\"twitter:data1\" content=\"2 perc\" \/>\n<script type=\"application\/ld+json\" class=\"yoast-schema-graph\">{\"@context\":\"https:\\\/\\\/schema.org\",\"@graph\":[{\"@type\":\"WebPage\",\"@id\":\"https:\\\/\\\/skyline-gs.com\\\/hu\\\/termek\\\/bangkok-in-2-days-and-1-night\\\/\",\"url\":\"https:\\\/\\\/skyline-gs.com\\\/hu\\\/termek\\\/bangkok-in-2-days-and-1-night\\\/\",\"name\":\"\u0411\u0430\u043d\u0433\u043a\u043e\u043a \u0437\u0430 2 \u0434\u043d\u044f \u0438 1 \u043d\u043e\u0447\u044c &#8226; \u042d\u043a\u0441\u043a\u0443\u0440\u0441\u0438\u0438 Skyline\",\"isPartOf\":{\"@id\":\"https:\\\/\\\/skyline-gs.com\\\/it\\\/#website\"},\"primaryImageOfPage\":{\"@id\":\"https:\\\/\\\/skyline-gs.com\\\/hu\\\/termek\\\/bangkok-in-2-days-and-1-night\\\/#primaryimage\"},\"image\":{\"@id\":\"https:\\\/\\\/skyline-gs.com\\\/hu\\\/termek\\\/bangkok-in-2-days-and-1-night\\\/#primaryimage\"},\"thumbnailUrl\":\"https:\\\/\\\/skyline-gs.com\\\/wp-content\\\/uploads\\\/2025\\\/10\\\/img_7013_1.jpg.webp\",\"datePublished\":\"2025-10-23T19:08:53+00:00\",\"dateModified\":\"2025-10-23T19:17:56+00:00\",\"breadcrumb\":{\"@id\":\"https:\\\/\\\/skyline-gs.com\\\/hu\\\/termek\\\/bangkok-in-2-days-and-1-night\\\/#breadcrumb\"},\"inLanguage\":\"hu\",\"potentialAction\":[{\"@type\":\"ReadAction\",\"target\":[\"https:\\\/\\\/skyline-gs.com\\\/hu\\\/termek\\\/bangkok-in-2-days-and-1-night\\\/\"]}]},{\"@type\":\"ImageObject\",\"inLanguage\":\"hu\",\"@id\":\"https:\\\/\\\/skyline-gs.com\\\/hu\\\/termek\\\/bangkok-in-2-days-and-1-night\\\/#primaryimage\",\"url\":\"https:\\\/\\\/skyline-gs.com\\\/wp-content\\\/uploads\\\/2025\\\/10\\\/img_7013_1.jpg.webp\",\"contentUrl\":\"https:\\\/\\\/skyline-gs.com\\\/wp-content\\\/uploads\\\/2025\\\/10\\\/img_7013_1.jpg.webp\",\"width\":744,\"height\":927},{\"@type\":\"BreadcrumbList\",\"@id\":\"https:\\\/\\\/skyline-gs.com\\\/hu\\\/termek\\\/bangkok-in-2-days-and-1-night\\\/#breadcrumb\",\"itemListElement\":[{\"@type\":\"ListItem\",\"position\":1,\"name\":\"\u0413\u043b\u0430\u0432\u043d\u0430\u044f \u0441\u0442\u0440\u0430\u043d\u0438\u0446\u0430\",\"item\":\"https:\\\/\\\/skyline-gs.com\\\/hu\\\/\"},{\"@type\":\"ListItem\",\"position\":2,\"name\":\"\u041c\u0430\u0433\u0430\u0437\u0438\u043d\",\"item\":\"https:\\\/\\\/skyline-gs.com\\\/cs\\\/shop\\\/\"},{\"@type\":\"ListItem\",\"position\":3,\"name\":\"\u0411\u0430\u043d\u0433\u043a\u043e\u043a \u0437\u0430 2 \u0434\u043d\u044f \u0438 1 \u043d\u043e\u0447\u044c\"}]},{\"@type\":\"WebSite\",\"@id\":\"https:\\\/\\\/skyline-gs.com\\\/it\\\/#website\",\"url\":\"https:\\\/\\\/skyline-gs.com\\\/it\\\/\",\"name\":\"\u042d\u043a\u0441\u043a\u0443\u0440\u0441\u0438\u0438 Skyline\",\"description\":\"\u042d\u043a\u0441\u043a\u043b\u044e\u0437\u0438\u0432\u043d\u044b\u0435 \u044d\u043a\u0441\u043a\u0443\u0440\u0441\u0438\u0438 \u043d\u0430 \u043b\u0443\u0447\u0448\u0438\u0445 \u043a\u0443\u0440\u043e\u0440\u0442\u0430\u0445 \u043c\u0438\u0440\u0430\",\"publisher\":{\"@id\":\"https:\\\/\\\/skyline-gs.com\\\/it\\\/#organization\"},\"alternateName\":\"Skyline\",\"potentialAction\":[{\"@type\":\"SearchAction\",\"target\":{\"@type\":\"EntryPoint\",\"urlTemplate\":\"https:\\\/\\\/skyline-gs.com\\\/it\\\/?s={search_term_string}\"},\"query-input\":{\"@type\":\"PropertyValueSpecification\",\"valueRequired\":true,\"valueName\":\"search_term_string\"}}],\"inLanguage\":\"hu\"},{\"@type\":\"Organization\",\"@id\":\"https:\\\/\\\/skyline-gs.com\\\/it\\\/#organization\",\"name\":\"\u042d\u043a\u0441\u043a\u0443\u0440\u0441\u0438\u0438 Skyline\",\"alternateName\":\"\u042d\u043a\u0441\u043a\u0443\u0440\u0441\u0438\u0438 Skyline\",\"url\":\"https:\\\/\\\/skyline-gs.com\\\/it\\\/\",\"logo\":{\"@type\":\"ImageObject\",\"inLanguage\":\"hu\",\"@id\":\"https:\\\/\\\/skyline-gs.com\\\/it\\\/#\\\/schema\\\/logo\\\/image\\\/\",\"url\":\"https:\\\/\\\/skyline-gs.com\\\/wp-content\\\/uploads\\\/2020\\\/12\\\/cropped-logo-2.png\",\"contentUrl\":\"https:\\\/\\\/skyline-gs.com\\\/wp-content\\\/uploads\\\/2020\\\/12\\\/cropped-logo-2.png\",\"width\":512,\"height\":512,\"caption\":\"\u042d\u043a\u0441\u043a\u0443\u0440\u0441\u0438\u0438 Skyline\"},\"image\":{\"@id\":\"https:\\\/\\\/skyline-gs.com\\\/it\\\/#\\\/schema\\\/logo\\\/image\\\/\"},\"sameAs\":[\"https:\\\/\\\/www.instagram.com\\\/skylineglobalservice\\\/\"]}]}<\/script>\n<!-- \/ Yoast SEO plugin. -->","yoast_head_json":{"title":"Bangkok 2 nap \u00e9s 1 \u00e9jszaka - Skyline kir\u00e1ndul\u00e1sok","robots":{"index":"index","follow":"follow","max-snippet":"max-snippet:-1","max-image-preview":"max-image-preview:large","max-video-preview":"max-video-preview:-1"},"canonical":"https:\/\/skyline-gs.com\/hu\/termek\/bangkok-2-nap-es-1-ejszaka\/","og_locale":"hu_HU","og_type":"article","og_title":"\u0411\u0430\u043d\u0433\u043a\u043e\u043a \u0437\u0430 2 \u0434\u043d\u044f \u0438 1 \u043d\u043e\u0447\u044c &#8226; \u042d\u043a\u0441\u043a\u0443\u0440\u0441\u0438\u0438 Skyline","og_description":"\u0412\u0440\u0435\u043c\u044f \u0442\u0443\u0440\u0430: 2 \u0434\u043d\u044f \/ 1 \u043d\u043e\u0447\u044c \u0414\u043d\u0438 \u043f\u0440\u043e\u0432\u0435\u0434\u0435\u043d\u0438\u044f: \u0432\u0442\u043e\u0440\u043d\u0438\u043a, \u043f\u044f\u0442\u043d\u0438\u0446\u0430","og_url":"https:\/\/skyline-gs.com\/hu\/termek\/bangkok-2-nap-es-1-ejszaka\/","og_site_name":"\u042d\u043a\u0441\u043a\u0443\u0440\u0441\u0438\u0438 Skyline","article_modified_time":"2025-10-23T19:17:56+00:00","og_image":[{"width":744,"height":927,"url":"https:\/\/skyline-gs.com\/wp-content\/uploads\/2025\/10\/img_7013_1.jpg.webp","type":"image\/webp"}],"twitter_card":"summary_large_image","twitter_misc":{"Becs\u00fclt olvas\u00e1si id\u0151":"2 perc"},"schema":{"@context":"https:\/\/schema.org","@graph":[{"@type":"WebPage","@id":"https:\/\/skyline-gs.com\/hu\/termek\/bangkok-in-2-days-and-1-night\/","url":"https:\/\/skyline-gs.com\/hu\/termek\/bangkok-in-2-days-and-1-night\/","name":"Bangkok 2 nap \u00e9s 1 \u00e9jszaka - Skyline kir\u00e1ndul\u00e1sok","isPartOf":{"@id":"https:\/\/skyline-gs.com\/it\/#website"},"primaryImageOfPage":{"@id":"https:\/\/skyline-gs.com\/hu\/termek\/bangkok-in-2-days-and-1-night\/#primaryimage"},"image":{"@id":"https:\/\/skyline-gs.com\/hu\/termek\/bangkok-in-2-days-and-1-night\/#primaryimage"},"thumbnailUrl":"https:\/\/skyline-gs.com\/wp-content\/uploads\/2025\/10\/img_7013_1.jpg.webp","datePublished":"2025-10-23T19:08:53+00:00","dateModified":"2025-10-23T19:17:56+00:00","breadcrumb":{"@id":"https:\/\/skyline-gs.com\/hu\/termek\/bangkok-in-2-days-and-1-night\/#breadcrumb"},"inLanguage":"hu","potentialAction":[{"@type":"ReadAction","target":["https:\/\/skyline-gs.com\/hu\/termek\/bangkok-in-2-days-and-1-night\/"]}]},{"@type":"ImageObject","inLanguage":"hu","@id":"https:\/\/skyline-gs.com\/hu\/termek\/bangkok-in-2-days-and-1-night\/#primaryimage","url":"https:\/\/skyline-gs.com\/wp-content\/uploads\/2025\/10\/img_7013_1.jpg.webp","contentUrl":"https:\/\/skyline-gs.com\/wp-content\/uploads\/2025\/10\/img_7013_1.jpg.webp","width":744,"height":927},{"@type":"BreadcrumbList","@id":"https:\/\/skyline-gs.com\/hu\/termek\/bangkok-in-2-days-and-1-night\/#breadcrumb","itemListElement":[{"@type":"ListItem","position":1,"name":"\u0413\u043b\u0430\u0432\u043d\u0430\u044f \u0441\u0442\u0440\u0430\u043d\u0438\u0446\u0430","item":"https:\/\/skyline-gs.com\/hu\/"},{"@type":"ListItem","position":2,"name":"\u041c\u0430\u0433\u0430\u0437\u0438\u043d","item":"https:\/\/skyline-gs.com\/cs\/shop\/"},{"@type":"ListItem","position":3,"name":"\u0411\u0430\u043d\u0433\u043a\u043e\u043a \u0437\u0430 2 \u0434\u043d\u044f \u0438 1 \u043d\u043e\u0447\u044c"}]},{"@type":"WebSite","@id":"https:\/\/skyline-gs.com\/it\/#website","url":"https:\/\/skyline-gs.com\/it\/","name":"Skyline T\u00far\u00e1k","description":"Exkluz\u00edv kir\u00e1ndul\u00e1sok a vil\u00e1g legjobb \u00fcd\u00fcl\u0151helyein","publisher":{"@id":"https:\/\/skyline-gs.com\/it\/#organization"},"alternateName":"Skyline","potentialAction":[{"@type":"SearchAction","target":{"@type":"EntryPoint","urlTemplate":"https:\/\/skyline-gs.com\/it\/?s={search_term_string}"},"query-input":{"@type":"PropertyValueSpecification","valueRequired":true,"valueName":"search_term_string"}}],"inLanguage":"hu"},{"@type":"Organization","@id":"https:\/\/skyline-gs.com\/it\/#organization","name":"Skyline T\u00far\u00e1k","alternateName":"\u042d\u043a\u0441\u043a\u0443\u0440\u0441\u0438\u0438 Skyline","url":"https:\/\/skyline-gs.com\/it\/","logo":{"@type":"ImageObject","inLanguage":"hu","@id":"https:\/\/skyline-gs.com\/it\/#\/schema\/logo\/image\/","url":"https:\/\/skyline-gs.com\/wp-content\/uploads\/2020\/12\/cropped-logo-2.png","contentUrl":"https:\/\/skyline-gs.com\/wp-content\/uploads\/2020\/12\/cropped-logo-2.png","width":512,"height":512,"caption":"\u042d\u043a\u0441\u043a\u0443\u0440\u0441\u0438\u0438 Skyline"},"image":{"@id":"https:\/\/skyline-gs.com\/it\/#\/schema\/logo\/image\/"},"sameAs":["https:\/\/www.instagram.com\/skylineglobalservice\/"]}]}},"_links":{"self":[{"href":"https:\/\/skyline-gs.com\/hu\/wp-json\/wp\/v2\/product\/70208","targetHints":{"allow":["GET"]}}],"collection":[{"href":"https:\/\/skyline-gs.com\/hu\/wp-json\/wp\/v2\/product"}],"about":[{"href":"https:\/\/skyline-gs.com\/hu\/wp-json\/wp\/v2\/types\/product"}],"version-history":[{"count":0,"href":"https:\/\/skyline-gs.com\/hu\/wp-json\/wp\/v2\/product\/70208\/revisions"}],"wp:featuredmedia":[{"embeddable":true,"href":"https:\/\/skyline-gs.com\/hu\/wp-json\/wp\/v2\/media\/70216"}],"wp:attachment":[{"href":"https:\/\/skyline-gs.com\/hu\/wp-json\/wp\/v2\/media?parent=70208"}],"wp:term":[{"taxonomy":"product_brand","embeddable":true,"href":"https:\/\/skyline-gs.com\/hu\/wp-json\/wp\/v2\/product_brand?post=70208"},{"taxonomy":"product_cat","embeddable":true,"href":"https:\/\/skyline-gs.com\/hu\/wp-json\/wp\/v2\/product_cat?post=70208"},{"taxonomy":"product_tag","embeddable":true,"href":"https:\/\/skyline-gs.com\/hu\/wp-json\/wp\/v2\/product_tag?post=70208"}],"curies":[{"name":"wp","href":"https:\/\/api.w.org\/{rel}","templated":true}]}}