{"id":66952,"date":"2025-10-02T01:30:36","date_gmt":"2025-10-01T23:30:36","guid":{"rendered":"http:\/\/skyline-gs.com\/?post_type=product&#038;p=66952"},"modified":"2025-10-02T02:04:45","modified_gmt":"2025-10-02T00:04:45","slug":"land-of-waterfalls-khao-yai-national-park","status":"publish","type":"product","link":"https:\/\/skyline-gs.com\/hu\/product\/land-of-waterfalls-khao-yai-national-park\/","title":{"rendered":"\u041a\u0440\u0430\u0439 \u0432\u043e\u0434\u043e\u043f\u0430\u0434\u043e\u0432. \u041d\u0430\u0446\u0438\u043e\u043d\u0430\u043b\u044c\u043d\u044b\u0439 \u043f\u0430\u0440\u043a \u041a\u0430\u043e \u042f\u0439"},"content":{"rendered":"<p>\u041d\u0430\u0441\u043b\u0430\u0434\u0438\u0442\u0435\u0441\u044c \u043a\u0440\u0430\u0441\u043e\u0442\u043e\u0439 \u043e\u0434\u043d\u043e\u0433\u043e \u0438\u0437 \u0441\u0430\u043c\u044b\u0445 \u0437\u043d\u0430\u043c\u0435\u043d\u0438\u0442\u044b\u0445 \u043f\u0430\u0440\u043a\u043e\u0432 \u0422\u0430\u0438\u043b\u0430\u043d\u0434\u0430, \u0432\u043a\u043b\u044e\u0447\u0451\u043d\u043d\u043e\u0433\u043e \u0432 \u0441\u043f\u0438\u0441\u043e\u043a \u0412\u0441\u0435\u043c\u0438\u0440\u043d\u043e\u0433\u043e \u043d\u0430\u0441\u043b\u0435\u0434\u0438\u044f \u042e\u041d\u0415\u0421\u041a\u041e. \u0412\u043e\u0434\u043e\u043f\u0430\u0434\u044b, \u044d\u043a\u0437\u043e\u0442\u0438\u0447\u0435\u0441\u043a\u0438\u0435 \u0436\u0438\u0432\u043e\u0442\u043d\u044b\u0435, \u0436\u0438\u0432\u043e\u043f\u0438\u0441\u043d\u044b\u0435 \u0432\u0438\u0434\u044b, \u043a\u0430\u0442\u0430\u043d\u0438\u0435 \u043d\u0430 \u043b\u043e\u0434\u043a\u0435 \u0438 \u043f\u043e\u0441\u0435\u0449\u0435\u043d\u0438\u0435 \u0445\u0440\u0430\u043c\u043e\u0432 \u0441\u0434\u0435\u043b\u0430\u044e\u0442 \u044d\u0442\u043e\u0442 \u0434\u0435\u043d\u044c \u043f\u043e-\u043d\u0430\u0441\u0442\u043e\u044f\u0449\u0435\u043c\u0443 \u043d\u0435\u0437\u0430\u0431\u044b\u0432\u0430\u0435\u043c\u044b\u043c.<\/p>\n<p data-start=\"474\" data-end=\"809\"><strong>\u041f\u0440\u043e\u0433\u0440\u0430\u043c\u043c\u0430 1: \u00ab\u041a\u0445\u0430\u043e \u042f\u0439 \u2014 3 \u0432\u043e\u0434\u043e\u043f\u0430\u0434\u0430\u00bb<\/strong><\/p>\n<p>06:00 \u2014 \u043e\u0442\u043f\u0440\u0430\u0432\u043b\u0435\u043d\u0438\u0435 \u0438\u0437 \u041f\u0430\u0442\u0442\u0430\u0439\u0438<br \/>\n08:30 \u2014 \u043e\u0441\u0442\u0430\u043d\u043e\u0432\u043a\u0430 \u043d\u0430 \u0441\u043c\u043e\u0442\u0440\u043e\u0432\u043e\u0439 \u043f\u043b\u043e\u0449\u0430\u0434\u043a\u0435 \u043f\u0430\u0440\u043a\u0430<br \/>\n09:00 \u2014 \u0432\u043e\u0434\u043e\u043f\u0430\u0434 Haew Narok \u2014 \u0441\u0430\u043c\u044b\u0439 \u043c\u043e\u0449\u043d\u044b\u0439 \u0432 \u0426\u0435\u043d\u0442\u0440\u0430\u043b\u044c\u043d\u043e\u043c \u0422\u0430\u0438\u043b\u0430\u043d\u0434\u0435<br \/>\n11:00 \u2014 \u0432\u043e\u0434\u043e\u043f\u0430\u0434 Haew Suwat (\u043c\u0435\u0441\u0442\u043e \u0441\u044a\u0451\u043c\u043e\u043a \u0444\u0438\u043b\u044c\u043c\u0430 \u00ab\u041f\u043b\u044f\u0436\u00bb)<br \/>\n12:00 \u2014 \u0441\u043c\u043e\u0442\u0440\u043e\u0432\u0430\u044f \u043f\u043b\u043e\u0449\u0430\u0434\u043a\u0430 \u043e\u0437\u0435\u0440\u0430 \u041a\u0445\u0430\u043e \u042f\u0439<br \/>\n12:30 \u2014 \u043e\u0431\u0435\u0434 \u0432 \u0434\u0436\u0443\u043d\u0433\u043b\u044f\u0445 \u043d\u0430 \u0431\u0435\u0440\u0435\u0433\u0443 \u0440\u0435\u043a\u0438, \u0432\u043e\u0437\u043c\u043e\u0436\u043d\u043e\u0441\u0442\u044c \u0443\u0432\u0438\u0434\u0435\u0442\u044c \u0436\u0438\u0432\u043e\u0442\u043d\u044b\u0445 \u043d\u0430 \u0432\u043e\u0434\u043e\u043f\u043e\u0435<br \/>\n14:00 \u2014 \u0434\u0430\u043c\u0431\u0430 Khun Dan Prakarn Chon Dam \u2014 \u043f\u0430\u043d\u043e\u0440\u0430\u043c\u043d\u044b\u0435 \u0432\u0438\u0434\u044b \u0434\u043e\u043b\u0438\u043d\u044b<br \/>\n16:00 \u2014 \u043a\u0443\u043f\u0430\u043d\u0438\u0435 \u0438 \u043e\u0442\u0434\u044b\u0445 \u0443 \u0432\u043e\u0434\u043e\u043f\u0430\u0434\u0430 \u0421\u0430\u0440\u0438\u043a\u0430<br \/>\n18:00 \u2014 \u0445\u0440\u0430\u043c \u0422\u044b\u0441\u044f\u0447\u0438 \u0417\u043e\u043b\u043e\u0442\u044b\u0445 \u0411\u0443\u0434\u0434<br \/>\n21:30 \u2014 \u0432\u043e\u0437\u0432\u0440\u0430\u0449\u0435\u043d\u0438\u0435 \u0432 \u041f\u0430\u0442\u0442\u0430\u0439\u044e<\/p>\n<p data-start=\"474\" data-end=\"809\"><strong>\u041f\u0440\u043e\u0433\u0440\u0430\u043c\u043c\u0430 2: \u00ab\u041a\u0445\u0430\u043e \u042f\u0439 \u2014 6 \u0432\u043e\u0434\u043e\u043f\u0430\u0434\u043e\u0432\u00bb<\/strong><\/p>\n<p data-start=\"474\" data-end=\"809\">05:30 \u2014 \u0432\u044b\u0435\u0437\u0434 \u0438\u0437 \u041f\u0430\u0442\u0442\u0430\u0439\u0438<br \/>\n09:00 \u2014 \u0432\u043e\u0434\u043e\u043f\u0430\u0434 Haew Narok<br \/>\n11:00 \u2014 \u0432\u043e\u0434\u043e\u043f\u0430\u0434 Haew Suwat<br \/>\n12:00 \u2014 \u043f\u0440\u043e\u0433\u0443\u043b\u043a\u0430 \u043d\u0430 \u043b\u043e\u0434\u043a\u0435 \u043f\u043e \u043e\u0437\u0435\u0440\u0443 \u041a\u0430\u043e \u042f\u0439 \u043a \u0442\u0440\u0451\u043c \u0432\u043e\u0434\u043e\u043f\u0430\u0434\u0430\u043c<br \/>\n13:00 \u2014 \u043e\u0431\u0435\u0434 \u0432 \u0434\u0436\u0443\u043d\u0433\u043b\u044f\u0445 \u0441 \u0432\u043e\u0437\u043c\u043e\u0436\u043d\u043e\u0441\u0442\u044c\u044e \u043d\u0430\u0431\u043b\u044e\u0434\u0430\u0442\u044c \u0436\u0438\u0432\u043e\u0442\u043d\u044b\u0445<br \/>\n14:30 \u2014 \u0441\u043c\u043e\u0442\u0440\u043e\u0432\u0430\u044f \u043f\u043b\u043e\u0449\u0430\u0434\u043a\u0430 \u043f\u043b\u043e\u0442\u0438\u043d\u044b Khun Dan Prakarn Chon Dam<br \/>\n15:00 \u2014 \u0445\u0440\u0430\u043c \u0420\u043e\u0437\u043e\u0432\u043e\u0433\u043e \u0413\u0430\u043d\u0435\u0448\u0438 \u0438 \u0443\u0447\u0430\u0441\u0442\u0438\u0435 \u0432 \u0440\u0438\u0442\u0443\u0430\u043b\u0435<br \/>\n15:30 \u2014 \u043a\u0443\u043f\u0430\u043d\u0438\u0435 \u0443 \u0432\u043e\u0434\u043e\u043f\u0430\u0434\u0430 \u0421\u0430\u0440\u0438\u043a\u0430<br \/>\n18:00 \u2014 \u0445\u0440\u0430\u043c \u0422\u044b\u0441\u044f\u0447\u0438 \u0417\u043e\u043b\u043e\u0442\u044b\u0445 \u0411\u0443\u0434\u0434<br \/>\n19:30 \u2014 \u043e\u0441\u0442\u0430\u043d\u043e\u0432\u043a\u0430 \u043d\u0430 \u043c\u0435\u0441\u0442\u043d\u043e\u043c \u0440\u044b\u043d\u043a\u0435 (\u0444\u0440\u0443\u043a\u0442\u044b \u0438 \u0441\u0443\u0432\u0435\u043d\u0438\u0440\u044b)<br \/>\n21:30 \u2014 \u0432\u043e\u0437\u0432\u0440\u0430\u0449\u0435\u043d\u0438\u0435 \u0432 \u041f\u0430\u0442\u0442\u0430\u0439\u044e<\/p>\n<p><strong>Tov\u00e1bbi d\u00edjak:<\/strong><\/p>\n<ul>\n<li>Tov\u00e1bbi d\u00edjak:<\/li>\n<li>\u041a\u0430\u0442\u0430\u043d\u0438\u0435 \u043d\u0430 \u0441\u043b\u043e\u043d\u0430\u0445 (\u2248 400 \u0e3f)<\/li>\n<li>\u041f\u043e\u0441\u0430\u0434\u043a\u0430 \u0434\u0435\u0440\u0435\u0432\u0430 (\u043f\u043e \u0436\u0435\u043b\u0430\u043d\u0438\u044e)<\/li>\n<li>Italok<\/li>\n<\/ul>\n<p><strong style=\"font-family: var(--global-body-font-family);\">Tartalmazza:<\/strong><\/p>\n<ul>\n<li>Transzfer a sz\u00e1llod\u00e1b\u00f3l \u00e9s vissza<\/li>\n<li>Bel\u00e9p\u0151jegyek a parkba<\/li>\n<li>Eb\u00e9d<\/li>\n<li>Orosz nyelv\u0171 idegenvezet\u0151<\/li>\n<li>Biztos\u00edt\u00e1s<\/li>\n<\/ul>\n<p><strong>Vigy\u00e9l magaddal:<\/strong><\/p>\n<ul>\n<li>\u00datlev\u00e9l vagy m\u00e1solat<\/li>\n<li>\u0417\u0430\u0432\u0442\u0440\u0430\u043a \u0438\u0437 \u043e\u0442\u0435\u043b\u044f<\/li>\n<li>K\u00e9nyelmes cip\u0151<\/li>\n<li>F\u00fcrd\u0151ruha \u00e9s t\u00f6r\u00f6lk\u00f6z\u0151<\/li>\n<li>K\u00fclt\u00e9ri ruh\u00e1zat<\/li>\n<li>Fejd\u00edsz<\/li>\n<li>P\u00e9nz szem\u00e9lyes kiad\u00e1sokra<\/li>\n<\/ul>\n<p><strong>Tov\u00e1bbi inform\u00e1ci\u00f3k:<\/strong><\/p>\n<ul>\n<li>\u0412\u043e\u0434\u043e\u043f\u0430\u0434 Haew Suwat: \u043a\u0443\u043f\u0430\u043d\u0438\u0435 \u0437\u0430\u043f\u0440\u0435\u0449\u0435\u043d\u043e \u043f\u043e \u0441\u043e\u043e\u0431\u0440\u0430\u0436\u0435\u043d\u0438\u044f\u043c \u0431\u0435\u0437\u043e\u043f\u0430\u0441\u043d\u043e\u0441\u0442\u0438<\/li>\n<li>\u0414\u0435\u0442\u0438 \u0434\u043e 3 \u043b\u0435\u0442 \u0431\u0435\u0437 \u043e\u0442\u0434\u0435\u043b\u044c\u043d\u043e\u0433\u043e \u043c\u0435\u0441\u0442\u0430 \u2014 \u0431\u0435\u0441\u043f\u043b\u0430\u0442\u043d\u043e<\/li>\n<li>\u041b\u0438\u0446\u0430 \u0432 \u0441\u043e\u0441\u0442\u043e\u044f\u043d\u0438\u0438 \u0430\u043b\u043a\u043e\u0433\u043e\u043b\u044c\u043d\u043e\u0433\u043e \u0438\u043b\u0438 \u043d\u0430\u0440\u043a\u043e\u0442\u0438\u0447\u0435\u0441\u043a\u043e\u0433\u043e \u043e\u043f\u044c\u044f\u043d\u0435\u043d\u0438\u044f \u043d\u0435 \u0434\u043e\u043f\u0443\u0441\u043a\u0430\u044e\u0442\u0441\u044f \u043a \u0442\u0443\u0440\u0443<\/li>\n<\/ul>","protected":false},"excerpt":{"rendered":"<p><strong>Kir\u00e1ndul\u00e1s Id\u0151pontja:<\/strong><br \/>\n\u00ab3 \u0432\u043e\u0434\u043e\u043f\u0430\u0434\u0430\u00bb \u2014 06:00\u201321:00<br \/>\n\u00ab6 \u0432\u043e\u0434\u043e\u043f\u0430\u0434\u043e\u0432\u00bb \u2014 05:30\u201321:30<br \/>\n<strong>A Kir\u00e1ndul\u00e1s Napjai:<\/strong> \u00ab3 \u0432\u043e\u0434\u043e\u043f\u0430\u0434\u0430\u00bb \u2014 \u0441\u0440\u0435\u0434\u0430, \u0432\u043e\u0441\u043a\u0440\u0435\u0441\u0435\u043d\u044c\u0435<br \/>\n\u00ab6 \u0432\u043e\u0434\u043e\u043f\u0430\u0434\u043e\u0432\u00bb \u2014 \u0443\u0442\u043e\u0447\u043d\u044f\u0439\u0442\u0435 \u043f\u0440\u0438 \u0431\u0440\u043e\u043d\u0438\u0440\u043e\u0432\u0430\u043d\u0438\u0438<\/p>","protected":false},"featured_media":66948,"template":"","meta":{"_kad_post_transparent":"default","_kad_post_title":"","_kad_post_layout":"default","_kad_post_sidebar_id":"","_kad_post_content_style":"default","_kad_post_vertical_padding":"default","_kad_post_feature":"","_kad_post_feature_position":"","_kad_post_header":false,"_kad_post_footer":false,"_kad_post_classname":"","_glsr_average":0,"_glsr_ranking":0,"_glsr_reviews":0},"product_brand":[],"product_cat":[507],"product_tag":[],"class_list":{"0":"post-66952","1":"product","2":"type-product","3":"status-publish","4":"has-post-thumbnail","6":"product_cat-pattaya","7":"tm-has-options","9":"first","10":"instock","11":"sold-individually","12":"taxable","13":"shipping-taxable","14":"purchasable","15":"product-type-simple","16":"entry","17":"content-bg","18":"loop-entry"},"yoast_head":"<!-- This site is optimized with the Yoast SEO plugin v27.3 - https:\/\/yoast.com\/product\/yoast-seo-wordpress\/ -->\n<title>\u041a\u0440\u0430\u0439 \u0432\u043e\u0434\u043e\u043f\u0430\u0434\u043e\u0432. \u041d\u0430\u0446\u0438\u043e\u043d\u0430\u043b\u044c\u043d\u044b\u0439 \u043f\u0430\u0440\u043a \u041a\u0430\u043e \u042f\u0439 &#8226; \u042d\u043a\u0441\u043a\u0443\u0440\u0441\u0438\u0438 Skyline<\/title>\n<meta name=\"robots\" content=\"index, follow, max-snippet:-1, max-image-preview:large, max-video-preview:-1\" \/>\n<link rel=\"canonical\" href=\"https:\/\/skyline-gs.com\/hu\/termek\/land-of-waterfalls-khao-yai-national-park\/\" \/>\n<meta property=\"og:locale\" content=\"hu_HU\" \/>\n<meta property=\"og:type\" content=\"article\" \/>\n<meta property=\"og:title\" content=\"\u041a\u0440\u0430\u0439 \u0432\u043e\u0434\u043e\u043f\u0430\u0434\u043e\u0432. \u041d\u0430\u0446\u0438\u043e\u043d\u0430\u043b\u044c\u043d\u044b\u0439 \u043f\u0430\u0440\u043a \u041a\u0430\u043e \u042f\u0439 &#8226; \u042d\u043a\u0441\u043a\u0443\u0440\u0441\u0438\u0438 Skyline\" \/>\n<meta property=\"og:description\" content=\"\u0412\u0440\u0435\u043c\u044f \u0442\u0443\u0440\u0430: \u00ab3 \u0432\u043e\u0434\u043e\u043f\u0430\u0434\u0430\u00bb \u2014 06:00\u201321:00 \u00ab6 \u0432\u043e\u0434\u043e\u043f\u0430\u0434\u043e\u0432\u00bb \u2014 05:30\u201321:30 \u0414\u043d\u0438 \u043f\u0440\u043e\u0432\u0435\u0434\u0435\u043d\u0438\u044f: \u00ab3 \u0432\u043e\u0434\u043e\u043f\u0430\u0434\u0430\u00bb \u2014 \u0441\u0440\u0435\u0434\u0430, \u0432\u043e\u0441\u043a\u0440\u0435\u0441\u0435\u043d\u044c\u0435 \u00ab6 \u0432\u043e\u0434\u043e\u043f\u0430\u0434\u043e\u0432\u00bb \u2014 \u0443\u0442\u043e\u0447\u043d\u044f\u0439\u0442\u0435 \u043f\u0440\u0438 \u0431\u0440\u043e\u043d\u0438\u0440\u043e\u0432\u0430\u043d\u0438\u0438\" \/>\n<meta property=\"og:url\" content=\"https:\/\/skyline-gs.com\/hu\/termek\/land-of-waterfalls-khao-yai-national-park\/\" \/>\n<meta property=\"og:site_name\" content=\"\u042d\u043a\u0441\u043a\u0443\u0440\u0441\u0438\u0438 Skyline\" \/>\n<meta property=\"article:modified_time\" content=\"2025-10-02T00:04:45+00:00\" \/>\n<meta property=\"og:image\" content=\"https:\/\/skyline-gs.com\/wp-content\/uploads\/2025\/10\/kyai2days40-e1765915196641.webp\" \/>\n\t<meta property=\"og:image:width\" content=\"695\" \/>\n\t<meta property=\"og:image:height\" content=\"463\" \/>\n\t<meta property=\"og:image:type\" content=\"image\/webp\" \/>\n<meta name=\"twitter:card\" content=\"summary_large_image\" \/>\n<meta name=\"twitter:label1\" content=\"Becs\u00fclt olvas\u00e1si id\u0151\" \/>\n\t<meta name=\"twitter:data1\" content=\"2 perc\" \/>\n<script type=\"application\/ld+json\" class=\"yoast-schema-graph\">{\"@context\":\"https:\\\/\\\/schema.org\",\"@graph\":[{\"@type\":\"WebPage\",\"@id\":\"https:\\\/\\\/skyline-gs.com\\\/cs\\\/produkt\\\/land-of-waterfalls-khao-yai-national-park\\\/\",\"url\":\"https:\\\/\\\/skyline-gs.com\\\/cs\\\/produkt\\\/land-of-waterfalls-khao-yai-national-park\\\/\",\"name\":\"\u041a\u0440\u0430\u0439 \u0432\u043e\u0434\u043e\u043f\u0430\u0434\u043e\u0432. \u041d\u0430\u0446\u0438\u043e\u043d\u0430\u043b\u044c\u043d\u044b\u0439 \u043f\u0430\u0440\u043a \u041a\u0430\u043e \u042f\u0439 &#8226; \u042d\u043a\u0441\u043a\u0443\u0440\u0441\u0438\u0438 Skyline\",\"isPartOf\":{\"@id\":\"https:\\\/\\\/skyline-gs.com\\\/it\\\/#website\"},\"primaryImageOfPage\":{\"@id\":\"https:\\\/\\\/skyline-gs.com\\\/cs\\\/produkt\\\/land-of-waterfalls-khao-yai-national-park\\\/#primaryimage\"},\"image\":{\"@id\":\"https:\\\/\\\/skyline-gs.com\\\/cs\\\/produkt\\\/land-of-waterfalls-khao-yai-national-park\\\/#primaryimage\"},\"thumbnailUrl\":\"https:\\\/\\\/skyline-gs.com\\\/wp-content\\\/uploads\\\/2025\\\/10\\\/kyai2days40-e1765915196641.webp\",\"datePublished\":\"2025-10-01T23:30:36+00:00\",\"dateModified\":\"2025-10-02T00:04:45+00:00\",\"breadcrumb\":{\"@id\":\"https:\\\/\\\/skyline-gs.com\\\/cs\\\/produkt\\\/land-of-waterfalls-khao-yai-national-park\\\/#breadcrumb\"},\"inLanguage\":\"hu\",\"potentialAction\":[{\"@type\":\"ReadAction\",\"target\":[\"https:\\\/\\\/skyline-gs.com\\\/cs\\\/produkt\\\/land-of-waterfalls-khao-yai-national-park\\\/\"]}]},{\"@type\":\"ImageObject\",\"inLanguage\":\"hu\",\"@id\":\"https:\\\/\\\/skyline-gs.com\\\/cs\\\/produkt\\\/land-of-waterfalls-khao-yai-national-park\\\/#primaryimage\",\"url\":\"https:\\\/\\\/skyline-gs.com\\\/wp-content\\\/uploads\\\/2025\\\/10\\\/kyai2days40-e1765915196641.webp\",\"contentUrl\":\"https:\\\/\\\/skyline-gs.com\\\/wp-content\\\/uploads\\\/2025\\\/10\\\/kyai2days40-e1765915196641.webp\",\"width\":695,\"height\":463},{\"@type\":\"BreadcrumbList\",\"@id\":\"https:\\\/\\\/skyline-gs.com\\\/cs\\\/produkt\\\/land-of-waterfalls-khao-yai-national-park\\\/#breadcrumb\",\"itemListElement\":[{\"@type\":\"ListItem\",\"position\":1,\"name\":\"\u0413\u043b\u0430\u0432\u043d\u0430\u044f \u0441\u0442\u0440\u0430\u043d\u0438\u0446\u0430\",\"item\":\"https:\\\/\\\/skyline-gs.com\\\/hu\\\/\"},{\"@type\":\"ListItem\",\"position\":2,\"name\":\"\u041c\u0430\u0433\u0430\u0437\u0438\u043d\",\"item\":\"https:\\\/\\\/skyline-gs.com\\\/cs\\\/shop\\\/\"},{\"@type\":\"ListItem\",\"position\":3,\"name\":\"\u041a\u0440\u0430\u0439 \u0432\u043e\u0434\u043e\u043f\u0430\u0434\u043e\u0432. \u041d\u0430\u0446\u0438\u043e\u043d\u0430\u043b\u044c\u043d\u044b\u0439 \u043f\u0430\u0440\u043a \u041a\u0430\u043e \u042f\u0439\"}]},{\"@type\":\"WebSite\",\"@id\":\"https:\\\/\\\/skyline-gs.com\\\/it\\\/#website\",\"url\":\"https:\\\/\\\/skyline-gs.com\\\/it\\\/\",\"name\":\"\u042d\u043a\u0441\u043a\u0443\u0440\u0441\u0438\u0438 Skyline\",\"description\":\"\u042d\u043a\u0441\u043a\u043b\u044e\u0437\u0438\u0432\u043d\u044b\u0435 \u044d\u043a\u0441\u043a\u0443\u0440\u0441\u0438\u0438 \u043d\u0430 \u043b\u0443\u0447\u0448\u0438\u0445 \u043a\u0443\u0440\u043e\u0440\u0442\u0430\u0445 \u043c\u0438\u0440\u0430\",\"publisher\":{\"@id\":\"https:\\\/\\\/skyline-gs.com\\\/it\\\/#organization\"},\"alternateName\":\"Skyline\",\"potentialAction\":[{\"@type\":\"SearchAction\",\"target\":{\"@type\":\"EntryPoint\",\"urlTemplate\":\"https:\\\/\\\/skyline-gs.com\\\/it\\\/?s={search_term_string}\"},\"query-input\":{\"@type\":\"PropertyValueSpecification\",\"valueRequired\":true,\"valueName\":\"search_term_string\"}}],\"inLanguage\":\"hu\"},{\"@type\":\"Organization\",\"@id\":\"https:\\\/\\\/skyline-gs.com\\\/it\\\/#organization\",\"name\":\"\u042d\u043a\u0441\u043a\u0443\u0440\u0441\u0438\u0438 Skyline\",\"alternateName\":\"\u042d\u043a\u0441\u043a\u0443\u0440\u0441\u0438\u0438 Skyline\",\"url\":\"https:\\\/\\\/skyline-gs.com\\\/it\\\/\",\"logo\":{\"@type\":\"ImageObject\",\"inLanguage\":\"hu\",\"@id\":\"https:\\\/\\\/skyline-gs.com\\\/it\\\/#\\\/schema\\\/logo\\\/image\\\/\",\"url\":\"https:\\\/\\\/skyline-gs.com\\\/wp-content\\\/uploads\\\/2020\\\/12\\\/cropped-logo-2.png\",\"contentUrl\":\"https:\\\/\\\/skyline-gs.com\\\/wp-content\\\/uploads\\\/2020\\\/12\\\/cropped-logo-2.png\",\"width\":512,\"height\":512,\"caption\":\"\u042d\u043a\u0441\u043a\u0443\u0440\u0441\u0438\u0438 Skyline\"},\"image\":{\"@id\":\"https:\\\/\\\/skyline-gs.com\\\/it\\\/#\\\/schema\\\/logo\\\/image\\\/\"},\"sameAs\":[\"https:\\\/\\\/www.instagram.com\\\/skylineglobalservice\\\/\"]}]}<\/script>\n<!-- \/ Yoast SEO plugin. -->","yoast_head_json":{"title":"\u041a\u0440\u0430\u0439 \u0432\u043e\u0434\u043e\u043f\u0430\u0434\u043e\u0432. \u041d\u0430\u0446\u0438\u043e\u043d\u0430\u043b\u044c\u043d\u044b\u0439 \u043f\u0430\u0440\u043a \u041a\u0430\u043e \u042f\u0439 &#8226; \u042d\u043a\u0441\u043a\u0443\u0440\u0441\u0438\u0438 Skyline","robots":{"index":"index","follow":"follow","max-snippet":"max-snippet:-1","max-image-preview":"max-image-preview:large","max-video-preview":"max-video-preview:-1"},"canonical":"https:\/\/skyline-gs.com\/hu\/termek\/land-of-waterfalls-khao-yai-national-park\/","og_locale":"hu_HU","og_type":"article","og_title":"\u041a\u0440\u0430\u0439 \u0432\u043e\u0434\u043e\u043f\u0430\u0434\u043e\u0432. \u041d\u0430\u0446\u0438\u043e\u043d\u0430\u043b\u044c\u043d\u044b\u0439 \u043f\u0430\u0440\u043a \u041a\u0430\u043e \u042f\u0439 &#8226; \u042d\u043a\u0441\u043a\u0443\u0440\u0441\u0438\u0438 Skyline","og_description":"\u0412\u0440\u0435\u043c\u044f \u0442\u0443\u0440\u0430: \u00ab3 \u0432\u043e\u0434\u043e\u043f\u0430\u0434\u0430\u00bb \u2014 06:00\u201321:00 \u00ab6 \u0432\u043e\u0434\u043e\u043f\u0430\u0434\u043e\u0432\u00bb \u2014 05:30\u201321:30 \u0414\u043d\u0438 \u043f\u0440\u043e\u0432\u0435\u0434\u0435\u043d\u0438\u044f: \u00ab3 \u0432\u043e\u0434\u043e\u043f\u0430\u0434\u0430\u00bb \u2014 \u0441\u0440\u0435\u0434\u0430, \u0432\u043e\u0441\u043a\u0440\u0435\u0441\u0435\u043d\u044c\u0435 \u00ab6 \u0432\u043e\u0434\u043e\u043f\u0430\u0434\u043e\u0432\u00bb \u2014 \u0443\u0442\u043e\u0447\u043d\u044f\u0439\u0442\u0435 \u043f\u0440\u0438 \u0431\u0440\u043e\u043d\u0438\u0440\u043e\u0432\u0430\u043d\u0438\u0438","og_url":"https:\/\/skyline-gs.com\/hu\/termek\/land-of-waterfalls-khao-yai-national-park\/","og_site_name":"\u042d\u043a\u0441\u043a\u0443\u0440\u0441\u0438\u0438 Skyline","article_modified_time":"2025-10-02T00:04:45+00:00","og_image":[{"width":695,"height":463,"url":"https:\/\/skyline-gs.com\/wp-content\/uploads\/2025\/10\/kyai2days40-e1765915196641.webp","type":"image\/webp"}],"twitter_card":"summary_large_image","twitter_misc":{"Becs\u00fclt olvas\u00e1si id\u0151":"2 perc"},"schema":{"@context":"https:\/\/schema.org","@graph":[{"@type":"WebPage","@id":"https:\/\/skyline-gs.com\/cs\/produkt\/land-of-waterfalls-khao-yai-national-park\/","url":"https:\/\/skyline-gs.com\/cs\/produkt\/land-of-waterfalls-khao-yai-national-park\/","name":"\u041a\u0440\u0430\u0439 \u0432\u043e\u0434\u043e\u043f\u0430\u0434\u043e\u0432. \u041d\u0430\u0446\u0438\u043e\u043d\u0430\u043b\u044c\u043d\u044b\u0439 \u043f\u0430\u0440\u043a \u041a\u0430\u043e \u042f\u0439 &#8226; \u042d\u043a\u0441\u043a\u0443\u0440\u0441\u0438\u0438 Skyline","isPartOf":{"@id":"https:\/\/skyline-gs.com\/it\/#website"},"primaryImageOfPage":{"@id":"https:\/\/skyline-gs.com\/cs\/produkt\/land-of-waterfalls-khao-yai-national-park\/#primaryimage"},"image":{"@id":"https:\/\/skyline-gs.com\/cs\/produkt\/land-of-waterfalls-khao-yai-national-park\/#primaryimage"},"thumbnailUrl":"https:\/\/skyline-gs.com\/wp-content\/uploads\/2025\/10\/kyai2days40-e1765915196641.webp","datePublished":"2025-10-01T23:30:36+00:00","dateModified":"2025-10-02T00:04:45+00:00","breadcrumb":{"@id":"https:\/\/skyline-gs.com\/cs\/produkt\/land-of-waterfalls-khao-yai-national-park\/#breadcrumb"},"inLanguage":"hu","potentialAction":[{"@type":"ReadAction","target":["https:\/\/skyline-gs.com\/cs\/produkt\/land-of-waterfalls-khao-yai-national-park\/"]}]},{"@type":"ImageObject","inLanguage":"hu","@id":"https:\/\/skyline-gs.com\/cs\/produkt\/land-of-waterfalls-khao-yai-national-park\/#primaryimage","url":"https:\/\/skyline-gs.com\/wp-content\/uploads\/2025\/10\/kyai2days40-e1765915196641.webp","contentUrl":"https:\/\/skyline-gs.com\/wp-content\/uploads\/2025\/10\/kyai2days40-e1765915196641.webp","width":695,"height":463},{"@type":"BreadcrumbList","@id":"https:\/\/skyline-gs.com\/cs\/produkt\/land-of-waterfalls-khao-yai-national-park\/#breadcrumb","itemListElement":[{"@type":"ListItem","position":1,"name":"\u0413\u043b\u0430\u0432\u043d\u0430\u044f \u0441\u0442\u0440\u0430\u043d\u0438\u0446\u0430","item":"https:\/\/skyline-gs.com\/hu\/"},{"@type":"ListItem","position":2,"name":"\u041c\u0430\u0433\u0430\u0437\u0438\u043d","item":"https:\/\/skyline-gs.com\/cs\/shop\/"},{"@type":"ListItem","position":3,"name":"\u041a\u0440\u0430\u0439 \u0432\u043e\u0434\u043e\u043f\u0430\u0434\u043e\u0432. \u041d\u0430\u0446\u0438\u043e\u043d\u0430\u043b\u044c\u043d\u044b\u0439 \u043f\u0430\u0440\u043a \u041a\u0430\u043e \u042f\u0439"}]},{"@type":"WebSite","@id":"https:\/\/skyline-gs.com\/it\/#website","url":"https:\/\/skyline-gs.com\/it\/","name":"Skyline T\u00far\u00e1k","description":"Exkluz\u00edv kir\u00e1ndul\u00e1sok a vil\u00e1g legjobb \u00fcd\u00fcl\u0151helyein","publisher":{"@id":"https:\/\/skyline-gs.com\/it\/#organization"},"alternateName":"Skyline","potentialAction":[{"@type":"SearchAction","target":{"@type":"EntryPoint","urlTemplate":"https:\/\/skyline-gs.com\/it\/?s={search_term_string}"},"query-input":{"@type":"PropertyValueSpecification","valueRequired":true,"valueName":"search_term_string"}}],"inLanguage":"hu"},{"@type":"Organization","@id":"https:\/\/skyline-gs.com\/it\/#organization","name":"Skyline T\u00far\u00e1k","alternateName":"\u042d\u043a\u0441\u043a\u0443\u0440\u0441\u0438\u0438 Skyline","url":"https:\/\/skyline-gs.com\/it\/","logo":{"@type":"ImageObject","inLanguage":"hu","@id":"https:\/\/skyline-gs.com\/it\/#\/schema\/logo\/image\/","url":"https:\/\/skyline-gs.com\/wp-content\/uploads\/2020\/12\/cropped-logo-2.png","contentUrl":"https:\/\/skyline-gs.com\/wp-content\/uploads\/2020\/12\/cropped-logo-2.png","width":512,"height":512,"caption":"\u042d\u043a\u0441\u043a\u0443\u0440\u0441\u0438\u0438 Skyline"},"image":{"@id":"https:\/\/skyline-gs.com\/it\/#\/schema\/logo\/image\/"},"sameAs":["https:\/\/www.instagram.com\/skylineglobalservice\/"]}]}},"_links":{"self":[{"href":"https:\/\/skyline-gs.com\/hu\/wp-json\/wp\/v2\/product\/66952","targetHints":{"allow":["GET"]}}],"collection":[{"href":"https:\/\/skyline-gs.com\/hu\/wp-json\/wp\/v2\/product"}],"about":[{"href":"https:\/\/skyline-gs.com\/hu\/wp-json\/wp\/v2\/types\/product"}],"version-history":[{"count":0,"href":"https:\/\/skyline-gs.com\/hu\/wp-json\/wp\/v2\/product\/66952\/revisions"}],"wp:featuredmedia":[{"embeddable":true,"href":"https:\/\/skyline-gs.com\/hu\/wp-json\/wp\/v2\/media\/66948"}],"wp:attachment":[{"href":"https:\/\/skyline-gs.com\/hu\/wp-json\/wp\/v2\/media?parent=66952"}],"wp:term":[{"taxonomy":"product_brand","embeddable":true,"href":"https:\/\/skyline-gs.com\/hu\/wp-json\/wp\/v2\/product_brand?post=66952"},{"taxonomy":"product_cat","embeddable":true,"href":"https:\/\/skyline-gs.com\/hu\/wp-json\/wp\/v2\/product_cat?post=66952"},{"taxonomy":"product_tag","embeddable":true,"href":"https:\/\/skyline-gs.com\/hu\/wp-json\/wp\/v2\/product_tag?post=66952"}],"curies":[{"name":"wp","href":"https:\/\/api.w.org\/{rel}","templated":true}]}}