{"id":66938,"date":"2025-10-01T22:07:04","date_gmt":"2025-10-01T20:07:04","guid":{"rendered":"http:\/\/skyline-gs.com\/?post_type=product&#038;p=66938"},"modified":"2025-10-02T01:21:27","modified_gmt":"2025-10-01T23:21:27","slug":"khao-yai-wonderful-land","status":"publish","type":"product","link":"https:\/\/skyline-gs.com\/hu\/product\/khao-yai-wonderful-land\/","title":{"rendered":"Khao Yai egy csod\u00e1s vid\u00e9k."},"content":{"rendered":"<p>Mer\u00fclj\u00f6n el Thaif\u00f6ld vadvil\u00e1g\u00e1nak csod\u00e1latos vil\u00e1g\u00e1ban! A Khao Yai Nemzeti Park v\u00edzes\u00e9sekkel, buja tr\u00f3pusi z\u00f6lddel, l\u00e9legzetel\u00e1ll\u00edt\u00f3 kil\u00e1t\u00e1ssal, t\u00f3haj\u00f3z\u00e1ssal, raftinggal \u00e9s egzotikus \u00e1llatokkal v\u00e1rja a l\u00e1togat\u00f3kat. A t\u00fara az eg\u00e9sz csal\u00e1d sz\u00e1m\u00e1ra alkalmas, \u00e9s felejthetetlen \u00e9lm\u00e9nyt ny\u00fajt.<\/p>\n<p data-start=\"474\" data-end=\"809\"><strong>Az 1 napos t\u00fara programja:<\/strong><\/p>\n<ul>\n<li data-start=\"474\" data-end=\"809\">05:00-05:40 - a vend\u00e9gek \u00f6sszegy\u0171jt\u00e9se, meg\u00e1ll\u00e1s reggelizni (reggeliz\u0151box vagy k\u00e1v\u00e9z\u00f3).<\/li>\n<li data-start=\"474\" data-end=\"809\">Sarika 9 szintes v\u00edzes\u00e9s - \u00fasz\u00e1s.<\/li>\n<li data-start=\"474\" data-end=\"809\">Kil\u00e1t\u00f3 a v\u00edzt\u00e1roz\u00f3ra Thaif\u00f6ld legnagyobb g\u00e1tj\u00e1val.<\/li>\n<li data-start=\"474\" data-end=\"809\">Haj\u00f3z\u00e1s a t\u00f3 ment\u00e9n 2-3 v\u00edzes\u00e9shez, \u00fasz\u00e1s.<\/li>\n<li data-start=\"474\" data-end=\"809\">Eb\u00e9d az \u00e9tteremben, men\u00fcv\u00e1laszt\u00e1sos men\u00fcvel.<\/li>\n<li data-start=\"474\" data-end=\"809\">A Haew Narok v\u00edzes\u00e9s Khao Yai legmagasabb \u00e9s leger\u0151sebb v\u00edzes\u00e9se.<\/li>\n<li data-start=\"474\" data-end=\"809\">Kil\u00e1t\u00f3 a v\u00f6lgyre ny\u00edl\u00f3 panor\u00e1m\u00e1s kil\u00e1t\u00e1ssal.<\/li>\n<li data-start=\"474\" data-end=\"809\">A 20 m\u00e9teres Haew Suwat v\u00edzes\u00e9s a The Beach c\u00edm\u0171 filmb\u0151l.<\/li>\n<li data-start=\"474\" data-end=\"809\">Visszat\u00e9r\u00e9s Pattay\u00e1ba 21:00 k\u00f6r\u00fcl.<\/li>\n<\/ul>\n<p data-start=\"474\" data-end=\"809\"><strong>A 2 napos t\u00fara programja:<\/strong><\/p>\n<p data-start=\"474\" data-end=\"809\"><strong>1 nap<\/strong><\/p>\n<ul>\n<li data-start=\"474\" data-end=\"809\">Vend\u00e9gek gy\u00fclekez\u00e9se, reggeli meg\u00e1ll\u00f3.<\/li>\n<li data-start=\"474\" data-end=\"809\">Sarika Falls, f\u00fcrd\u00e9s.<\/li>\n<li data-start=\"474\" data-end=\"809\">G\u00e1t \u00e9s v\u00edzt\u00e1roz\u00f3, s\u00e9tahaj\u00f3z\u00e1s a v\u00edzes\u00e9sekhez.<\/li>\n<li data-start=\"474\" data-end=\"809\">Rafting (7 km).<\/li>\n<li data-start=\"474\" data-end=\"809\">Eb\u00e9d az \u00e9tteremben.<\/li>\n<li data-start=\"474\" data-end=\"809\">Haew Narok v\u00edzes\u00e9s, kil\u00e1t\u00f3, t\u00f3 a v\u00f6lgyben.<\/li>\n<li data-start=\"474\" data-end=\"809\">Haew Suwat v\u00edzes\u00e9s.<\/li>\n<li data-start=\"474\" data-end=\"809\">Bejelentkez\u00e9s a Jungle House Hotelben, vacsora.<\/li>\n<li data-start=\"474\" data-end=\"809\">Fakultat\u00edv massz\u00e1zs (fel\u00e1r ellen\u00e9ben).<\/li>\n<\/ul>\n<p data-start=\"474\" data-end=\"809\"><strong>2. nap<\/strong><\/p>\n<ul>\n<li data-start=\"474\" data-end=\"809\">Reggeli.<\/li>\n<li data-start=\"474\" data-end=\"809\">Elef\u00e1ntfalu (elef\u00e1nthajt\u00e1s fel\u00e1r ellen\u00e9ben).<\/li>\n<li data-start=\"474\" data-end=\"809\">Denev\u00e9rbarlang.<\/li>\n<li data-start=\"474\" data-end=\"809\">\u00c1sv\u00e1nyforr\u00e1sok (f\u00fcrd\u00e9s, fakultat\u00edv kajakb\u00e9rl\u00e9s).<\/li>\n<li data-start=\"474\" data-end=\"809\">Templomi barlang cseppk\u00f6vekkel.<\/li>\n<li data-start=\"474\" data-end=\"809\">Eb\u00e9d.<\/li>\n<li data-start=\"474\" data-end=\"809\">Luang Pu Tuat templompark.<\/li>\n<li data-start=\"474\" data-end=\"809\">Kaktuszfarm, bork\u00f3stol\u00f3.<\/li>\n<li data-start=\"474\" data-end=\"809\">Gy\u00fcm\u00f6lcspiac.<\/li>\n<li data-start=\"474\" data-end=\"809\">Visszat\u00e9r\u00e9s Pattay\u00e1ra 20:00-21:00 k\u00f6r\u00fcl.<\/li>\n<\/ul>\n<p><strong>Tov\u00e1bbi d\u00edjak:<\/strong><\/p>\n<ul>\n<li>Egy\u00e1gyas sz\u00e1ll\u00e1s sz\u00e1llod\u00e1ban - 500 \u0e3f<\/li>\n<li>Elef\u00e1nt lovagl\u00e1s, massz\u00e1zs, kajak b\u00e9rl\u00e9s - fakultat\u00edv<\/li>\n<\/ul>\n<p><strong style=\"font-family: var(--global-body-font-family);\">Tartalmazza:<\/strong><\/p>\n<ul>\n<li>Transzfer a sz\u00e1llod\u00e1b\u00f3l \u00e9s vissza<\/li>\n<li>Orosz nyelv\u0171 idegenvezet\u0151<\/li>\n<li>K\u00e9nyelmes sz\u00e1ll\u00edt\u00e1s<\/li>\n<li>Minden bel\u00e9p\u0151jegy<\/li>\n<li>\u00c9tkez\u00e9s a program szerint<\/li>\n<li>Sz\u00e1llodai sz\u00e1ll\u00e1s (2 napos t\u00fara eset\u00e9n)<\/li>\n<li>Biztos\u00edt\u00e1s<\/li>\n<\/ul>\n<p><strong>Vigy\u00e9l magaddal:<\/strong><\/p>\n<ul>\n<li>\u00datlev\u00e9l vagy m\u00e1solat<\/li>\n<li>Brakfast doboz<\/li>\n<li>F\u00fcrd\u0151ruha \u00e9s t\u00f6r\u00f6lk\u00f6z\u0151<\/li>\n<li>K\u00e9nyelmes, cs\u00fasz\u00e1smentes cip\u0151 \u00e9s v\u00e1lt\u00f3ruha<\/li>\n<li>Fot\u00f3\/vide\u00f3 felszerel\u00e9s \u00e9s t\u00f6lt\u0151k<\/li>\n<li>Fejd\u00edsz<\/li>\n<li>P\u00e9nz szem\u00e9lyes kiad\u00e1sokra<\/li>\n<\/ul>\n<p><strong>Tov\u00e1bbi inform\u00e1ci\u00f3k:<\/strong><\/p>\n<ul>\n<li>Gyermekjegy 3-12 \u00e9ves gyermekek sz\u00e1m\u00e1ra 120 cm magass\u00e1gig.<\/li>\n<li>A 3 \u00e9v alatti gyermekek k\u00fcl\u00f6n \u00fcl\u0151hely n\u00e9lk\u00fcl ingyenesen utazhatnak.<\/li>\n<li>A t\u00fara aut\u00f3busszal vagy kisbusszal t\u00f6rt\u00e9nik (a csoportt\u00f3l f\u00fcgg\u0151en).<\/li>\n<li>Jungle House Hotel: a foly\u00f3 mellett tal\u00e1lhat\u00f3, medenc\u00e9vel, j\u00e1tsz\u00f3t\u00e9rrel, l\u00e9gkondicion\u00e1l\u00f3val, zuhanyz\u00f3val, h\u0171t\u0151szekr\u00e9nnyel, v\u00edzforral\u00f3val rendelkezik.<\/li>\n<li>Alkohol vagy k\u00e1b\u00edt\u00f3szer hat\u00e1sa alatt \u00e1ll\u00f3 szem\u00e9lyek nem vehetnek r\u00e9szt a t\u00far\u00e1n.<\/li>\n<\/ul>","protected":false},"excerpt":{"rendered":"<p><strong>Kir\u00e1ndul\u00e1s Id\u0151pontja:<\/strong><br \/>\n1 napos t\u00fara - 05:00-21:00<br \/>\n2 napos t\u00fara - 05:00 (1. nap) - 21:00 (2. nap)<br \/>\n<strong>A Kir\u00e1ndul\u00e1s Napjai:<\/strong> H\u00e9tf\u0151, szerda, p\u00e9ntek<\/p>","protected":false},"featured_media":66949,"template":"","meta":{"_kad_post_transparent":"default","_kad_post_title":"","_kad_post_layout":"default","_kad_post_sidebar_id":"","_kad_post_content_style":"default","_kad_post_vertical_padding":"default","_kad_post_feature":"","_kad_post_feature_position":"","_kad_post_header":false,"_kad_post_footer":false,"_kad_post_classname":"","_glsr_average":0,"_glsr_ranking":0,"_glsr_reviews":0},"product_brand":[],"product_cat":[507],"product_tag":[],"class_list":{"0":"post-66938","1":"product","2":"type-product","3":"status-publish","4":"has-post-thumbnail","6":"product_cat-pattaya","7":"tm-has-options","9":"first","10":"instock","11":"sold-individually","12":"taxable","13":"shipping-taxable","14":"purchasable","15":"product-type-simple","16":"entry","17":"content-bg","18":"loop-entry"},"yoast_head":"<!-- This site is optimized with the Yoast SEO plugin v27.3 - https:\/\/yoast.com\/product\/yoast-seo-wordpress\/ -->\n<title>\u041a\u0430\u043e \u042f\u0439 \u2014 \u0427\u0443\u0434\u0435\u0441\u043d\u044b\u0439 \u043a\u0440\u0430\u0439 &#8226; \u042d\u043a\u0441\u043a\u0443\u0440\u0441\u0438\u0438 Skyline<\/title>\n<meta name=\"robots\" content=\"index, follow, max-snippet:-1, max-image-preview:large, max-video-preview:-1\" \/>\n<link rel=\"canonical\" href=\"http:\/\/skyline-gs.com\/hu\/termek\/khao-yai-wonderful-land\/\" \/>\n<meta property=\"og:locale\" content=\"hu_HU\" \/>\n<meta property=\"og:type\" content=\"article\" \/>\n<meta property=\"og:title\" content=\"\u041a\u0430\u043e \u042f\u0439 \u2014 \u0427\u0443\u0434\u0435\u0441\u043d\u044b\u0439 \u043a\u0440\u0430\u0439 &#8226; \u042d\u043a\u0441\u043a\u0443\u0440\u0441\u0438\u0438 Skyline\" \/>\n<meta property=\"og:description\" content=\"\u0412\u0440\u0435\u043c\u044f \u0442\u0443\u0440\u0430: 1-\u0434\u043d\u0435\u0432\u043d\u044b\u0439 \u0442\u0443\u0440 \u2014 05:00\u201321:00 2-\u0434\u043d\u0435\u0432\u043d\u044b\u0439 \u0442\u0443\u0440 \u2014 05:00 (1-\u0439 \u0434\u0435\u043d\u044c) \u0434\u043e 21:00 (2-\u0439 \u0434\u0435\u043d\u044c) \u0414\u043d\u0438 \u043f\u0440\u043e\u0432\u0435\u0434\u0435\u043d\u0438\u044f: \u043f\u043e\u043d\u0435\u0434\u0435\u043b\u044c\u043d\u0438\u043a, \u0441\u0440\u0435\u0434\u0430, \u043f\u044f\u0442\u043d\u0438\u0446\u0430\" \/>\n<meta property=\"og:url\" content=\"http:\/\/skyline-gs.com\/hu\/termek\/khao-yai-wonderful-land\/\" \/>\n<meta property=\"og:site_name\" content=\"\u042d\u043a\u0441\u043a\u0443\u0440\u0441\u0438\u0438 Skyline\" \/>\n<meta property=\"article:modified_time\" content=\"2025-10-01T23:21:27+00:00\" \/>\n<meta property=\"og:image\" content=\"https:\/\/skyline-gs.com\/wp-content\/uploads\/2025\/10\/land-waterfalls-4-e1765915220239.jpg\" \/>\n\t<meta property=\"og:image:width\" content=\"742\" \/>\n\t<meta property=\"og:image:height\" content=\"495\" \/>\n\t<meta property=\"og:image:type\" content=\"image\/jpeg\" \/>\n<meta name=\"twitter:card\" content=\"summary_large_image\" \/>\n<meta name=\"twitter:label1\" content=\"Becs\u00fclt olvas\u00e1si id\u0151\" \/>\n\t<meta name=\"twitter:data1\" content=\"2 perc\" \/>\n<script type=\"application\/ld+json\" class=\"yoast-schema-graph\">{\"@context\":\"https:\\\/\\\/schema.org\",\"@graph\":[{\"@type\":\"WebPage\",\"@id\":\"http:\\\/\\\/skyline-gs.com\\\/cs\\\/produkt\\\/khao-yai-wonderful-land\\\/\",\"url\":\"http:\\\/\\\/skyline-gs.com\\\/cs\\\/produkt\\\/khao-yai-wonderful-land\\\/\",\"name\":\"\u041a\u0430\u043e \u042f\u0439 \u2014 \u0427\u0443\u0434\u0435\u0441\u043d\u044b\u0439 \u043a\u0440\u0430\u0439 &#8226; \u042d\u043a\u0441\u043a\u0443\u0440\u0441\u0438\u0438 Skyline\",\"isPartOf\":{\"@id\":\"https:\\\/\\\/skyline-gs.com\\\/it\\\/#website\"},\"primaryImageOfPage\":{\"@id\":\"http:\\\/\\\/skyline-gs.com\\\/cs\\\/produkt\\\/khao-yai-wonderful-land\\\/#primaryimage\"},\"image\":{\"@id\":\"http:\\\/\\\/skyline-gs.com\\\/cs\\\/produkt\\\/khao-yai-wonderful-land\\\/#primaryimage\"},\"thumbnailUrl\":\"https:\\\/\\\/skyline-gs.com\\\/wp-content\\\/uploads\\\/2025\\\/10\\\/land-waterfalls-4-e1765915220239.jpg\",\"datePublished\":\"2025-10-01T20:07:04+00:00\",\"dateModified\":\"2025-10-01T23:21:27+00:00\",\"breadcrumb\":{\"@id\":\"http:\\\/\\\/skyline-gs.com\\\/cs\\\/produkt\\\/khao-yai-wonderful-land\\\/#breadcrumb\"},\"inLanguage\":\"hu\",\"potentialAction\":[{\"@type\":\"ReadAction\",\"target\":[\"http:\\\/\\\/skyline-gs.com\\\/cs\\\/produkt\\\/khao-yai-wonderful-land\\\/\"]}]},{\"@type\":\"ImageObject\",\"inLanguage\":\"hu\",\"@id\":\"http:\\\/\\\/skyline-gs.com\\\/cs\\\/produkt\\\/khao-yai-wonderful-land\\\/#primaryimage\",\"url\":\"https:\\\/\\\/skyline-gs.com\\\/wp-content\\\/uploads\\\/2025\\\/10\\\/land-waterfalls-4-e1765915220239.jpg\",\"contentUrl\":\"https:\\\/\\\/skyline-gs.com\\\/wp-content\\\/uploads\\\/2025\\\/10\\\/land-waterfalls-4-e1765915220239.jpg\",\"width\":742,\"height\":495},{\"@type\":\"BreadcrumbList\",\"@id\":\"http:\\\/\\\/skyline-gs.com\\\/cs\\\/produkt\\\/khao-yai-wonderful-land\\\/#breadcrumb\",\"itemListElement\":[{\"@type\":\"ListItem\",\"position\":1,\"name\":\"\u0413\u043b\u0430\u0432\u043d\u0430\u044f \u0441\u0442\u0440\u0430\u043d\u0438\u0446\u0430\",\"item\":\"https:\\\/\\\/skyline-gs.com\\\/hu\\\/\"},{\"@type\":\"ListItem\",\"position\":2,\"name\":\"\u041c\u0430\u0433\u0430\u0437\u0438\u043d\",\"item\":\"https:\\\/\\\/skyline-gs.com\\\/cs\\\/shop\\\/\"},{\"@type\":\"ListItem\",\"position\":3,\"name\":\"\u041a\u0430\u043e \u042f\u0439 \u2014 \u0427\u0443\u0434\u0435\u0441\u043d\u044b\u0439 \u043a\u0440\u0430\u0439\"}]},{\"@type\":\"WebSite\",\"@id\":\"https:\\\/\\\/skyline-gs.com\\\/it\\\/#website\",\"url\":\"https:\\\/\\\/skyline-gs.com\\\/it\\\/\",\"name\":\"\u042d\u043a\u0441\u043a\u0443\u0440\u0441\u0438\u0438 Skyline\",\"description\":\"\u042d\u043a\u0441\u043a\u043b\u044e\u0437\u0438\u0432\u043d\u044b\u0435 \u044d\u043a\u0441\u043a\u0443\u0440\u0441\u0438\u0438 \u043d\u0430 \u043b\u0443\u0447\u0448\u0438\u0445 \u043a\u0443\u0440\u043e\u0440\u0442\u0430\u0445 \u043c\u0438\u0440\u0430\",\"publisher\":{\"@id\":\"https:\\\/\\\/skyline-gs.com\\\/it\\\/#organization\"},\"alternateName\":\"Skyline\",\"potentialAction\":[{\"@type\":\"SearchAction\",\"target\":{\"@type\":\"EntryPoint\",\"urlTemplate\":\"https:\\\/\\\/skyline-gs.com\\\/it\\\/?s={search_term_string}\"},\"query-input\":{\"@type\":\"PropertyValueSpecification\",\"valueRequired\":true,\"valueName\":\"search_term_string\"}}],\"inLanguage\":\"hu\"},{\"@type\":\"Organization\",\"@id\":\"https:\\\/\\\/skyline-gs.com\\\/it\\\/#organization\",\"name\":\"\u042d\u043a\u0441\u043a\u0443\u0440\u0441\u0438\u0438 Skyline\",\"alternateName\":\"\u042d\u043a\u0441\u043a\u0443\u0440\u0441\u0438\u0438 Skyline\",\"url\":\"https:\\\/\\\/skyline-gs.com\\\/it\\\/\",\"logo\":{\"@type\":\"ImageObject\",\"inLanguage\":\"hu\",\"@id\":\"https:\\\/\\\/skyline-gs.com\\\/it\\\/#\\\/schema\\\/logo\\\/image\\\/\",\"url\":\"https:\\\/\\\/skyline-gs.com\\\/wp-content\\\/uploads\\\/2020\\\/12\\\/cropped-logo-2.png\",\"contentUrl\":\"https:\\\/\\\/skyline-gs.com\\\/wp-content\\\/uploads\\\/2020\\\/12\\\/cropped-logo-2.png\",\"width\":512,\"height\":512,\"caption\":\"\u042d\u043a\u0441\u043a\u0443\u0440\u0441\u0438\u0438 Skyline\"},\"image\":{\"@id\":\"https:\\\/\\\/skyline-gs.com\\\/it\\\/#\\\/schema\\\/logo\\\/image\\\/\"},\"sameAs\":[\"https:\\\/\\\/www.instagram.com\\\/skylineglobalservice\\\/\"]}]}<\/script>\n<!-- \/ Yoast SEO plugin. -->","yoast_head_json":{"title":"Khao Yai - Wonderland - Skyline kir\u00e1ndul\u00e1sok","robots":{"index":"index","follow":"follow","max-snippet":"max-snippet:-1","max-image-preview":"max-image-preview:large","max-video-preview":"max-video-preview:-1"},"canonical":"http:\/\/skyline-gs.com\/hu\/termek\/khao-yai-wonderful-land\/","og_locale":"hu_HU","og_type":"article","og_title":"\u041a\u0430\u043e \u042f\u0439 \u2014 \u0427\u0443\u0434\u0435\u0441\u043d\u044b\u0439 \u043a\u0440\u0430\u0439 &#8226; \u042d\u043a\u0441\u043a\u0443\u0440\u0441\u0438\u0438 Skyline","og_description":"\u0412\u0440\u0435\u043c\u044f \u0442\u0443\u0440\u0430: 1-\u0434\u043d\u0435\u0432\u043d\u044b\u0439 \u0442\u0443\u0440 \u2014 05:00\u201321:00 2-\u0434\u043d\u0435\u0432\u043d\u044b\u0439 \u0442\u0443\u0440 \u2014 05:00 (1-\u0439 \u0434\u0435\u043d\u044c) \u0434\u043e 21:00 (2-\u0439 \u0434\u0435\u043d\u044c) \u0414\u043d\u0438 \u043f\u0440\u043e\u0432\u0435\u0434\u0435\u043d\u0438\u044f: \u043f\u043e\u043d\u0435\u0434\u0435\u043b\u044c\u043d\u0438\u043a, \u0441\u0440\u0435\u0434\u0430, \u043f\u044f\u0442\u043d\u0438\u0446\u0430","og_url":"http:\/\/skyline-gs.com\/hu\/termek\/khao-yai-wonderful-land\/","og_site_name":"\u042d\u043a\u0441\u043a\u0443\u0440\u0441\u0438\u0438 Skyline","article_modified_time":"2025-10-01T23:21:27+00:00","og_image":[{"width":742,"height":495,"url":"https:\/\/skyline-gs.com\/wp-content\/uploads\/2025\/10\/land-waterfalls-4-e1765915220239.jpg","type":"image\/jpeg"}],"twitter_card":"summary_large_image","twitter_misc":{"Becs\u00fclt olvas\u00e1si id\u0151":"2 perc"},"schema":{"@context":"https:\/\/schema.org","@graph":[{"@type":"WebPage","@id":"http:\/\/skyline-gs.com\/cs\/produkt\/khao-yai-wonderful-land\/","url":"http:\/\/skyline-gs.com\/cs\/produkt\/khao-yai-wonderful-land\/","name":"Khao Yai - Wonderland - Skyline kir\u00e1ndul\u00e1sok","isPartOf":{"@id":"https:\/\/skyline-gs.com\/it\/#website"},"primaryImageOfPage":{"@id":"http:\/\/skyline-gs.com\/cs\/produkt\/khao-yai-wonderful-land\/#primaryimage"},"image":{"@id":"http:\/\/skyline-gs.com\/cs\/produkt\/khao-yai-wonderful-land\/#primaryimage"},"thumbnailUrl":"https:\/\/skyline-gs.com\/wp-content\/uploads\/2025\/10\/land-waterfalls-4-e1765915220239.jpg","datePublished":"2025-10-01T20:07:04+00:00","dateModified":"2025-10-01T23:21:27+00:00","breadcrumb":{"@id":"http:\/\/skyline-gs.com\/cs\/produkt\/khao-yai-wonderful-land\/#breadcrumb"},"inLanguage":"hu","potentialAction":[{"@type":"ReadAction","target":["http:\/\/skyline-gs.com\/cs\/produkt\/khao-yai-wonderful-land\/"]}]},{"@type":"ImageObject","inLanguage":"hu","@id":"http:\/\/skyline-gs.com\/cs\/produkt\/khao-yai-wonderful-land\/#primaryimage","url":"https:\/\/skyline-gs.com\/wp-content\/uploads\/2025\/10\/land-waterfalls-4-e1765915220239.jpg","contentUrl":"https:\/\/skyline-gs.com\/wp-content\/uploads\/2025\/10\/land-waterfalls-4-e1765915220239.jpg","width":742,"height":495},{"@type":"BreadcrumbList","@id":"http:\/\/skyline-gs.com\/cs\/produkt\/khao-yai-wonderful-land\/#breadcrumb","itemListElement":[{"@type":"ListItem","position":1,"name":"\u0413\u043b\u0430\u0432\u043d\u0430\u044f \u0441\u0442\u0440\u0430\u043d\u0438\u0446\u0430","item":"https:\/\/skyline-gs.com\/hu\/"},{"@type":"ListItem","position":2,"name":"\u041c\u0430\u0433\u0430\u0437\u0438\u043d","item":"https:\/\/skyline-gs.com\/cs\/shop\/"},{"@type":"ListItem","position":3,"name":"\u041a\u0430\u043e \u042f\u0439 \u2014 \u0427\u0443\u0434\u0435\u0441\u043d\u044b\u0439 \u043a\u0440\u0430\u0439"}]},{"@type":"WebSite","@id":"https:\/\/skyline-gs.com\/it\/#website","url":"https:\/\/skyline-gs.com\/it\/","name":"Skyline T\u00far\u00e1k","description":"Exkluz\u00edv kir\u00e1ndul\u00e1sok a vil\u00e1g legjobb \u00fcd\u00fcl\u0151helyein","publisher":{"@id":"https:\/\/skyline-gs.com\/it\/#organization"},"alternateName":"Skyline","potentialAction":[{"@type":"SearchAction","target":{"@type":"EntryPoint","urlTemplate":"https:\/\/skyline-gs.com\/it\/?s={search_term_string}"},"query-input":{"@type":"PropertyValueSpecification","valueRequired":true,"valueName":"search_term_string"}}],"inLanguage":"hu"},{"@type":"Organization","@id":"https:\/\/skyline-gs.com\/it\/#organization","name":"Skyline T\u00far\u00e1k","alternateName":"\u042d\u043a\u0441\u043a\u0443\u0440\u0441\u0438\u0438 Skyline","url":"https:\/\/skyline-gs.com\/it\/","logo":{"@type":"ImageObject","inLanguage":"hu","@id":"https:\/\/skyline-gs.com\/it\/#\/schema\/logo\/image\/","url":"https:\/\/skyline-gs.com\/wp-content\/uploads\/2020\/12\/cropped-logo-2.png","contentUrl":"https:\/\/skyline-gs.com\/wp-content\/uploads\/2020\/12\/cropped-logo-2.png","width":512,"height":512,"caption":"\u042d\u043a\u0441\u043a\u0443\u0440\u0441\u0438\u0438 Skyline"},"image":{"@id":"https:\/\/skyline-gs.com\/it\/#\/schema\/logo\/image\/"},"sameAs":["https:\/\/www.instagram.com\/skylineglobalservice\/"]}]}},"_links":{"self":[{"href":"https:\/\/skyline-gs.com\/hu\/wp-json\/wp\/v2\/product\/66938","targetHints":{"allow":["GET"]}}],"collection":[{"href":"https:\/\/skyline-gs.com\/hu\/wp-json\/wp\/v2\/product"}],"about":[{"href":"https:\/\/skyline-gs.com\/hu\/wp-json\/wp\/v2\/types\/product"}],"version-history":[{"count":0,"href":"https:\/\/skyline-gs.com\/hu\/wp-json\/wp\/v2\/product\/66938\/revisions"}],"wp:featuredmedia":[{"embeddable":true,"href":"https:\/\/skyline-gs.com\/hu\/wp-json\/wp\/v2\/media\/66949"}],"wp:attachment":[{"href":"https:\/\/skyline-gs.com\/hu\/wp-json\/wp\/v2\/media?parent=66938"}],"wp:term":[{"taxonomy":"product_brand","embeddable":true,"href":"https:\/\/skyline-gs.com\/hu\/wp-json\/wp\/v2\/product_brand?post=66938"},{"taxonomy":"product_cat","embeddable":true,"href":"https:\/\/skyline-gs.com\/hu\/wp-json\/wp\/v2\/product_cat?post=66938"},{"taxonomy":"product_tag","embeddable":true,"href":"https:\/\/skyline-gs.com\/hu\/wp-json\/wp\/v2\/product_tag?post=66938"}],"curies":[{"name":"wp","href":"https:\/\/api.w.org\/{rel}","templated":true}]}}