{"id":66929,"date":"2025-10-01T21:50:24","date_gmt":"2025-10-01T19:50:24","guid":{"rendered":"http:\/\/skyline-gs.com\/?post_type=product&#038;p=66929"},"modified":"2025-10-01T22:01:36","modified_gmt":"2025-10-01T20:01:36","slug":"thai-express","status":"publish","type":"product","link":"https:\/\/skyline-gs.com\/hu\/product\/thai-express\/","title":{"rendered":"Thai Expressz"},"content":{"rendered":"<p>\u042f\u0440\u043a\u0438\u0439 \u0438 \u043d\u0430\u0441\u044b\u0449\u0435\u043d\u043d\u044b\u0439 \u043e\u0434\u043d\u043e\u0434\u043d\u0435\u0432\u043d\u044b\u0439 \u0442\u0443\u0440, \u043a\u043e\u0442\u043e\u0440\u044b\u0439 \u043f\u043e\u0437\u043d\u0430\u043a\u043e\u043c\u0438\u0442 \u0432\u0430\u0441 \u0441 \u043a\u0443\u043b\u044c\u0442\u0443\u0440\u043e\u0439, \u0438\u0441\u0442\u043e\u0440\u0438\u0435\u0439 \u0438 \u043f\u0440\u0438\u0440\u043e\u0434\u043e\u0439 \u0422\u0430\u0438\u043b\u0430\u043d\u0434\u0430. \u0412\u0430\u0441 \u0436\u0434\u0443\u0442 \u0445\u0440\u0430\u043c\u044b, \u0440\u0438\u0442\u0443\u0430\u043b\u044b, \u0440\u044b\u043d\u043e\u043a \u0430\u043c\u0443\u043b\u0435\u0442\u043e\u0432, \u043f\u043e\u0435\u0437\u0434\u043a\u0430 \u043d\u0430 \u043b\u043e\u0434\u043a\u0435 \u0438 \u044d\u043a\u0437\u043e\u0442\u0438\u0447\u0435\u0441\u043a\u0438\u0435 \u0432\u043f\u0435\u0447\u0430\u0442\u043b\u0435\u043d\u0438\u044f. \u041f\u0440\u043e\u0433\u0440\u0430\u043c\u043c\u0430 \u043f\u043e\u0441\u0442\u0440\u043e\u0435\u043d\u0430 \u0442\u0430\u043a, \u0447\u0442\u043e\u0431\u044b \u0437\u0430 \u043e\u0434\u0438\u043d \u0434\u0435\u043d\u044c \u0443\u0432\u0438\u0434\u0435\u0442\u044c \u0441\u0440\u0430\u0437\u0443 \u043d\u0435\u0441\u043a\u043e\u043b\u044c\u043a\u043e \u0433\u0440\u0430\u043d\u0435\u0439 \u0421\u0438\u0430\u043c\u0430.<\/p>\n<p data-start=\"474\" data-end=\"809\"><strong data-start=\"474\" data-end=\"488\">Program: <\/strong><\/p>\n<p>07:00 \u2014 \u0432\u044b\u0435\u0437\u0434 \u0438\u0437 \u043e\u0442\u0435\u043b\u044f \u0432 \u041f\u0430\u0442\u0442\u0430\u0439\u0435<br \/>\n09:00 \u2014 \u043f\u043e\u0441\u0435\u0449\u0435\u043d\u0438\u0435 \u0425\u0440\u0430\u043c\u0430 \u041b\u0435\u0436\u0430\u0449\u0435\u0433\u043e \u0411\u0443\u0434\u0434\u044b<br \/>\n10:00 \u2014 \u0440\u044b\u043d\u043e\u043a \u0430\u043c\u0443\u043b\u0435\u0442\u043e\u0432 \u0432 \u0427\u0430\u0447\u0435\u043d\u0433\u0441\u0430\u043e<br \/>\n11:00 \u2014 \u0440\u0438\u0442\u0443\u0430\u043b \u0438\u0441\u043f\u043e\u043b\u043d\u0435\u043d\u0438\u044f \u0436\u0435\u043b\u0430\u043d\u0438\u0439 \u0432 \u0445\u0440\u0430\u043c\u0435 \u0412\u0430\u0442 \u0421\u043e\u0442\u0445\u043e\u043d<br \/>\n12:00 \u2014 \u043e\u0431\u0435\u0434 \u0432 \u043d\u0430\u0446\u0438\u043e\u043d\u0430\u043b\u044c\u043d\u043e\u043c \u0440\u0435\u0441\u0442\u043e\u0440\u0430\u043d\u0435<br \/>\n13:00 \u2014 \u043f\u043e\u0435\u0437\u0434\u043a\u0430 \u043d\u0430 \u043b\u043e\u0434\u043a\u0435 \u043f\u043e \u0440\u0435\u043a\u0435 \u0411\u0430\u043d\u0433 \u041f\u0430\u043a\u043e\u043d\u0433<br \/>\n14:00 \u2014 \u0445\u0440\u0430\u043c \u0441 \u043b\u0435\u0442\u0443\u0447\u0438\u043c\u0438 \u043b\u0438\u0441\u0438\u0446\u0430\u043c\u0438<br \/>\n15:00 \u2014 \u043f\u043e\u0441\u0435\u0449\u0435\u043d\u0438\u0435 \u0417\u043e\u043b\u043e\u0442\u043e\u0433\u043e \u0445\u0440\u0430\u043c\u0430<br \/>\n16:30 \u2014 \u0445\u0440\u0430\u043c-\u043d\u0435\u0431\u043e\u0441\u043a\u0440\u0451\u0431 Wat Paknam Jolo (\u0437\u043e\u043b\u043e\u0442\u0430\u044f \u043f\u0430\u0433\u043e\u0434\u0430)<br \/>\n17:30 \u2014 \u0445\u0440\u0430\u043c\u043e\u0432\u044b\u0439 \u0440\u044b\u043d\u043e\u043a, \u0434\u0435\u0433\u0443\u0441\u0442\u0430\u0446\u0438\u044f \u0444\u0440\u0443\u043a\u0442\u043e\u0432 \u0438 \u0441\u043b\u0430\u0434\u043e\u0441\u0442\u0435\u0439<br \/>\n19:30 \u2014 \u0432\u043e\u0437\u0432\u0440\u0430\u0449\u0435\u043d\u0438\u0435 \u0432 \u041f\u0430\u0442\u0442\u0430\u0439\u044e<\/p>\n<p><strong style=\"font-family: var(--global-body-font-family);\">Tartalmazza:<\/strong><\/p>\n<ul>\n<li>Transzfer a sz\u00e1llod\u00e1b\u00f3l \u00e9s vissza<\/li>\n<li>Minden bel\u00e9p\u0151jegy a program szerint<\/li>\n<li>Eb\u00e9d<\/li>\n<li>Orosz nyelv\u0171 idegenvezet\u0151<\/li>\n<li>Biztos\u00edt\u00e1s<\/li>\n<\/ul>\n<p><strong>Vigy\u00e9l magaddal:<\/strong><\/p>\n<ul>\n<li>\u041f\u0430\u0441\u043f\u043e\u0440\u0442 \u0438\u043b\u0438 \u0435\u0433\u043e \u043a\u043e\u043f\u0438\u044e<\/li>\n<li>\u0424\u043e\u0442\u043e\/\u0432\u0438\u0434\u0435\u043e-\u043a\u0430\u043c\u0435\u0440\u0443<\/li>\n<li>K\u00e9nyelmes cip\u0151<\/li>\n<li>\u041e\u0434\u0435\u0436\u0434\u0443 \u0441 \u0437\u0430\u043a\u0440\u044b\u0442\u044b\u043c\u0438 \u043f\u043b\u0435\u0447\u0430\u043c\u0438 \u0438 \u043a\u043e\u043b\u0435\u043d\u044f\u043c\u0438<\/li>\n<li>Fejfed\u0151 \u00e9s napszem\u00fcveg<\/li>\n<li>P\u00e9nz szem\u00e9lyes kiad\u00e1sokra<\/li>\n<\/ul>\n<p><strong>Tov\u00e1bbi inform\u00e1ci\u00f3k:<\/strong><\/p>\n<ul>\n<li>\u041f\u0440\u043e\u0433\u0440\u0430\u043c\u043c\u0430 \u043f\u043e\u0434\u0445\u043e\u0434\u0438\u0442 \u0434\u043b\u044f \u0432\u0437\u0440\u043e\u0441\u043b\u044b\u0445 \u0438 \u0434\u0435\u0442\u0435\u0439.<\/li>\n<li>\u041f\u043e\u0440\u044f\u0434\u043e\u043a \u043f\u043e\u0441\u0435\u0449\u0435\u043d\u0438\u044f \u043e\u0431\u044a\u0435\u043a\u0442\u043e\u0432 \u043c\u043e\u0436\u0435\u0442 \u043c\u0435\u043d\u044f\u0442\u044c\u0441\u044f \u0432 \u0437\u0430\u0432\u0438\u0441\u0438\u043c\u043e\u0441\u0442\u0438 \u043e\u0442 \u0434\u043e\u0440\u043e\u0436\u043d\u044b\u0445 \u0443\u0441\u043b\u043e\u0432\u0438\u0439.<\/li>\n<li>\u0422\u0443\u0440 \u043f\u0440\u043e\u0445\u043e\u0434\u0438\u0442 \u043d\u0430 \u043a\u043e\u043c\u0444\u043e\u0440\u0442\u0430\u0431\u0435\u043b\u044c\u043d\u043e\u043c \u0442\u0440\u0430\u043d\u0441\u043f\u043e\u0440\u0442\u0435 \u0441 \u043a\u043e\u043d\u0434\u0438\u0446\u0438\u043e\u043d\u0435\u0440\u043e\u043c.<\/li>\n<\/ul>","protected":false},"excerpt":{"rendered":"<p><strong>Kir\u00e1ndul\u00e1s Id\u0151pontja:<\/strong> 07:00 \u2014 19:30<br \/>\n<strong>A Kir\u00e1ndul\u00e1s Napjai:<\/strong> Naponta<\/p>","protected":false},"featured_media":66933,"template":"","meta":{"_kad_post_transparent":"default","_kad_post_title":"","_kad_post_layout":"default","_kad_post_sidebar_id":"","_kad_post_content_style":"default","_kad_post_vertical_padding":"default","_kad_post_feature":"","_kad_post_feature_position":"","_kad_post_header":false,"_kad_post_footer":false,"_kad_post_classname":"","_glsr_average":0,"_glsr_ranking":0,"_glsr_reviews":0},"product_brand":[],"product_cat":[507],"product_tag":[],"class_list":{"0":"post-66929","1":"product","2":"type-product","3":"status-publish","4":"has-post-thumbnail","6":"product_cat-pattaya","7":"tm-has-options","9":"first","10":"instock","11":"sold-individually","12":"taxable","13":"shipping-taxable","14":"purchasable","15":"product-type-simple","16":"entry","17":"content-bg","18":"loop-entry"},"yoast_head":"<!-- This site is optimized with the Yoast SEO plugin v27.3 - https:\/\/yoast.com\/product\/yoast-seo-wordpress\/ -->\n<title>\u0422\u0430\u0439\u0441\u043a\u0438\u0439 \u042d\u043a\u0441\u043f\u0440\u0435\u0441\u0441 &#8226; \u042d\u043a\u0441\u043a\u0443\u0440\u0441\u0438\u0438 Skyline<\/title>\n<meta name=\"robots\" content=\"index, follow, max-snippet:-1, max-image-preview:large, max-video-preview:-1\" \/>\n<link rel=\"canonical\" href=\"http:\/\/skyline-gs.com\/hu\/termek\/thai-express\/\" \/>\n<meta property=\"og:locale\" content=\"hu_HU\" \/>\n<meta property=\"og:type\" content=\"article\" \/>\n<meta property=\"og:title\" content=\"\u0422\u0430\u0439\u0441\u043a\u0438\u0439 \u042d\u043a\u0441\u043f\u0440\u0435\u0441\u0441 &#8226; \u042d\u043a\u0441\u043a\u0443\u0440\u0441\u0438\u0438 Skyline\" \/>\n<meta property=\"og:description\" content=\"\u0412\u0440\u0435\u043c\u044f \u0442\u0443\u0440\u0430: 07:00 \u2014 19:30 \u0414\u043d\u0438 \u043f\u0440\u043e\u0432\u0435\u0434\u0435\u043d\u0438\u044f: \u0435\u0436\u0435\u0434\u043d\u0435\u0432\u043d\u043e\" \/>\n<meta property=\"og:url\" content=\"http:\/\/skyline-gs.com\/hu\/termek\/thai-express\/\" \/>\n<meta property=\"og:site_name\" content=\"\u042d\u043a\u0441\u043a\u0443\u0440\u0441\u0438\u0438 Skyline\" \/>\n<meta property=\"article:modified_time\" content=\"2025-10-01T20:01:36+00:00\" \/>\n<meta property=\"og:image\" content=\"https:\/\/skyline-gs.com\/wp-content\/uploads\/2025\/10\/tajskij-ekspress-55.jpg\" \/>\n\t<meta property=\"og:image:width\" content=\"1024\" \/>\n\t<meta property=\"og:image:height\" content=\"683\" \/>\n\t<meta property=\"og:image:type\" content=\"image\/jpeg\" \/>\n<meta name=\"twitter:card\" content=\"summary_large_image\" \/>\n<meta name=\"twitter:label1\" content=\"Becs\u00fclt olvas\u00e1si id\u0151\" \/>\n\t<meta name=\"twitter:data1\" content=\"2 perc\" \/>\n<script type=\"application\/ld+json\" class=\"yoast-schema-graph\">{\"@context\":\"https:\\\/\\\/schema.org\",\"@graph\":[{\"@type\":\"WebPage\",\"@id\":\"http:\\\/\\\/skyline-gs.com\\\/de\\\/produkt\\\/thai-express\\\/\",\"url\":\"http:\\\/\\\/skyline-gs.com\\\/de\\\/produkt\\\/thai-express\\\/\",\"name\":\"\u0422\u0430\u0439\u0441\u043a\u0438\u0439 \u042d\u043a\u0441\u043f\u0440\u0435\u0441\u0441 &#8226; \u042d\u043a\u0441\u043a\u0443\u0440\u0441\u0438\u0438 Skyline\",\"isPartOf\":{\"@id\":\"https:\\\/\\\/skyline-gs.com\\\/it\\\/#website\"},\"primaryImageOfPage\":{\"@id\":\"http:\\\/\\\/skyline-gs.com\\\/de\\\/produkt\\\/thai-express\\\/#primaryimage\"},\"image\":{\"@id\":\"http:\\\/\\\/skyline-gs.com\\\/de\\\/produkt\\\/thai-express\\\/#primaryimage\"},\"thumbnailUrl\":\"https:\\\/\\\/skyline-gs.com\\\/wp-content\\\/uploads\\\/2025\\\/10\\\/tajskij-ekspress-55.jpg\",\"datePublished\":\"2025-10-01T19:50:24+00:00\",\"dateModified\":\"2025-10-01T20:01:36+00:00\",\"breadcrumb\":{\"@id\":\"http:\\\/\\\/skyline-gs.com\\\/de\\\/produkt\\\/thai-express\\\/#breadcrumb\"},\"inLanguage\":\"hu\",\"potentialAction\":[{\"@type\":\"ReadAction\",\"target\":[\"http:\\\/\\\/skyline-gs.com\\\/de\\\/produkt\\\/thai-express\\\/\"]}]},{\"@type\":\"ImageObject\",\"inLanguage\":\"hu\",\"@id\":\"http:\\\/\\\/skyline-gs.com\\\/de\\\/produkt\\\/thai-express\\\/#primaryimage\",\"url\":\"https:\\\/\\\/skyline-gs.com\\\/wp-content\\\/uploads\\\/2025\\\/10\\\/tajskij-ekspress-55.jpg\",\"contentUrl\":\"https:\\\/\\\/skyline-gs.com\\\/wp-content\\\/uploads\\\/2025\\\/10\\\/tajskij-ekspress-55.jpg\",\"width\":1024,\"height\":683},{\"@type\":\"BreadcrumbList\",\"@id\":\"http:\\\/\\\/skyline-gs.com\\\/de\\\/produkt\\\/thai-express\\\/#breadcrumb\",\"itemListElement\":[{\"@type\":\"ListItem\",\"position\":1,\"name\":\"\u0413\u043b\u0430\u0432\u043d\u0430\u044f \u0441\u0442\u0440\u0430\u043d\u0438\u0446\u0430\",\"item\":\"https:\\\/\\\/skyline-gs.com\\\/hu\\\/\"},{\"@type\":\"ListItem\",\"position\":2,\"name\":\"\u041c\u0430\u0433\u0430\u0437\u0438\u043d\",\"item\":\"https:\\\/\\\/skyline-gs.com\\\/cs\\\/shop\\\/\"},{\"@type\":\"ListItem\",\"position\":3,\"name\":\"\u0422\u0430\u0439\u0441\u043a\u0438\u0439 \u042d\u043a\u0441\u043f\u0440\u0435\u0441\u0441\"}]},{\"@type\":\"WebSite\",\"@id\":\"https:\\\/\\\/skyline-gs.com\\\/it\\\/#website\",\"url\":\"https:\\\/\\\/skyline-gs.com\\\/it\\\/\",\"name\":\"\u042d\u043a\u0441\u043a\u0443\u0440\u0441\u0438\u0438 Skyline\",\"description\":\"\u042d\u043a\u0441\u043a\u043b\u044e\u0437\u0438\u0432\u043d\u044b\u0435 \u044d\u043a\u0441\u043a\u0443\u0440\u0441\u0438\u0438 \u043d\u0430 \u043b\u0443\u0447\u0448\u0438\u0445 \u043a\u0443\u0440\u043e\u0440\u0442\u0430\u0445 \u043c\u0438\u0440\u0430\",\"publisher\":{\"@id\":\"https:\\\/\\\/skyline-gs.com\\\/it\\\/#organization\"},\"alternateName\":\"Skyline\",\"potentialAction\":[{\"@type\":\"SearchAction\",\"target\":{\"@type\":\"EntryPoint\",\"urlTemplate\":\"https:\\\/\\\/skyline-gs.com\\\/it\\\/?s={search_term_string}\"},\"query-input\":{\"@type\":\"PropertyValueSpecification\",\"valueRequired\":true,\"valueName\":\"search_term_string\"}}],\"inLanguage\":\"hu\"},{\"@type\":\"Organization\",\"@id\":\"https:\\\/\\\/skyline-gs.com\\\/it\\\/#organization\",\"name\":\"\u042d\u043a\u0441\u043a\u0443\u0440\u0441\u0438\u0438 Skyline\",\"alternateName\":\"\u042d\u043a\u0441\u043a\u0443\u0440\u0441\u0438\u0438 Skyline\",\"url\":\"https:\\\/\\\/skyline-gs.com\\\/it\\\/\",\"logo\":{\"@type\":\"ImageObject\",\"inLanguage\":\"hu\",\"@id\":\"https:\\\/\\\/skyline-gs.com\\\/it\\\/#\\\/schema\\\/logo\\\/image\\\/\",\"url\":\"https:\\\/\\\/skyline-gs.com\\\/wp-content\\\/uploads\\\/2020\\\/12\\\/cropped-logo-2.png\",\"contentUrl\":\"https:\\\/\\\/skyline-gs.com\\\/wp-content\\\/uploads\\\/2020\\\/12\\\/cropped-logo-2.png\",\"width\":512,\"height\":512,\"caption\":\"\u042d\u043a\u0441\u043a\u0443\u0440\u0441\u0438\u0438 Skyline\"},\"image\":{\"@id\":\"https:\\\/\\\/skyline-gs.com\\\/it\\\/#\\\/schema\\\/logo\\\/image\\\/\"},\"sameAs\":[\"https:\\\/\\\/www.instagram.com\\\/skylineglobalservice\\\/\"]}]}<\/script>\n<!-- \/ Yoast SEO plugin. -->","yoast_head_json":{"title":"\u0422\u0430\u0439\u0441\u043a\u0438\u0439 \u042d\u043a\u0441\u043f\u0440\u0435\u0441\u0441 &#8226; \u042d\u043a\u0441\u043a\u0443\u0440\u0441\u0438\u0438 Skyline","robots":{"index":"index","follow":"follow","max-snippet":"max-snippet:-1","max-image-preview":"max-image-preview:large","max-video-preview":"max-video-preview:-1"},"canonical":"http:\/\/skyline-gs.com\/hu\/termek\/thai-express\/","og_locale":"hu_HU","og_type":"article","og_title":"\u0422\u0430\u0439\u0441\u043a\u0438\u0439 \u042d\u043a\u0441\u043f\u0440\u0435\u0441\u0441 &#8226; \u042d\u043a\u0441\u043a\u0443\u0440\u0441\u0438\u0438 Skyline","og_description":"\u0412\u0440\u0435\u043c\u044f \u0442\u0443\u0440\u0430: 07:00 \u2014 19:30 \u0414\u043d\u0438 \u043f\u0440\u043e\u0432\u0435\u0434\u0435\u043d\u0438\u044f: \u0435\u0436\u0435\u0434\u043d\u0435\u0432\u043d\u043e","og_url":"http:\/\/skyline-gs.com\/hu\/termek\/thai-express\/","og_site_name":"\u042d\u043a\u0441\u043a\u0443\u0440\u0441\u0438\u0438 Skyline","article_modified_time":"2025-10-01T20:01:36+00:00","og_image":[{"width":1024,"height":683,"url":"https:\/\/skyline-gs.com\/wp-content\/uploads\/2025\/10\/tajskij-ekspress-55.jpg","type":"image\/jpeg"}],"twitter_card":"summary_large_image","twitter_misc":{"Becs\u00fclt olvas\u00e1si id\u0151":"2 perc"},"schema":{"@context":"https:\/\/schema.org","@graph":[{"@type":"WebPage","@id":"http:\/\/skyline-gs.com\/de\/produkt\/thai-express\/","url":"http:\/\/skyline-gs.com\/de\/produkt\/thai-express\/","name":"\u0422\u0430\u0439\u0441\u043a\u0438\u0439 \u042d\u043a\u0441\u043f\u0440\u0435\u0441\u0441 &#8226; \u042d\u043a\u0441\u043a\u0443\u0440\u0441\u0438\u0438 Skyline","isPartOf":{"@id":"https:\/\/skyline-gs.com\/it\/#website"},"primaryImageOfPage":{"@id":"http:\/\/skyline-gs.com\/de\/produkt\/thai-express\/#primaryimage"},"image":{"@id":"http:\/\/skyline-gs.com\/de\/produkt\/thai-express\/#primaryimage"},"thumbnailUrl":"https:\/\/skyline-gs.com\/wp-content\/uploads\/2025\/10\/tajskij-ekspress-55.jpg","datePublished":"2025-10-01T19:50:24+00:00","dateModified":"2025-10-01T20:01:36+00:00","breadcrumb":{"@id":"http:\/\/skyline-gs.com\/de\/produkt\/thai-express\/#breadcrumb"},"inLanguage":"hu","potentialAction":[{"@type":"ReadAction","target":["http:\/\/skyline-gs.com\/de\/produkt\/thai-express\/"]}]},{"@type":"ImageObject","inLanguage":"hu","@id":"http:\/\/skyline-gs.com\/de\/produkt\/thai-express\/#primaryimage","url":"https:\/\/skyline-gs.com\/wp-content\/uploads\/2025\/10\/tajskij-ekspress-55.jpg","contentUrl":"https:\/\/skyline-gs.com\/wp-content\/uploads\/2025\/10\/tajskij-ekspress-55.jpg","width":1024,"height":683},{"@type":"BreadcrumbList","@id":"http:\/\/skyline-gs.com\/de\/produkt\/thai-express\/#breadcrumb","itemListElement":[{"@type":"ListItem","position":1,"name":"\u0413\u043b\u0430\u0432\u043d\u0430\u044f \u0441\u0442\u0440\u0430\u043d\u0438\u0446\u0430","item":"https:\/\/skyline-gs.com\/hu\/"},{"@type":"ListItem","position":2,"name":"\u041c\u0430\u0433\u0430\u0437\u0438\u043d","item":"https:\/\/skyline-gs.com\/cs\/shop\/"},{"@type":"ListItem","position":3,"name":"\u0422\u0430\u0439\u0441\u043a\u0438\u0439 \u042d\u043a\u0441\u043f\u0440\u0435\u0441\u0441"}]},{"@type":"WebSite","@id":"https:\/\/skyline-gs.com\/it\/#website","url":"https:\/\/skyline-gs.com\/it\/","name":"Skyline T\u00far\u00e1k","description":"Exkluz\u00edv kir\u00e1ndul\u00e1sok a vil\u00e1g legjobb \u00fcd\u00fcl\u0151helyein","publisher":{"@id":"https:\/\/skyline-gs.com\/it\/#organization"},"alternateName":"Skyline","potentialAction":[{"@type":"SearchAction","target":{"@type":"EntryPoint","urlTemplate":"https:\/\/skyline-gs.com\/it\/?s={search_term_string}"},"query-input":{"@type":"PropertyValueSpecification","valueRequired":true,"valueName":"search_term_string"}}],"inLanguage":"hu"},{"@type":"Organization","@id":"https:\/\/skyline-gs.com\/it\/#organization","name":"Skyline T\u00far\u00e1k","alternateName":"\u042d\u043a\u0441\u043a\u0443\u0440\u0441\u0438\u0438 Skyline","url":"https:\/\/skyline-gs.com\/it\/","logo":{"@type":"ImageObject","inLanguage":"hu","@id":"https:\/\/skyline-gs.com\/it\/#\/schema\/logo\/image\/","url":"https:\/\/skyline-gs.com\/wp-content\/uploads\/2020\/12\/cropped-logo-2.png","contentUrl":"https:\/\/skyline-gs.com\/wp-content\/uploads\/2020\/12\/cropped-logo-2.png","width":512,"height":512,"caption":"\u042d\u043a\u0441\u043a\u0443\u0440\u0441\u0438\u0438 Skyline"},"image":{"@id":"https:\/\/skyline-gs.com\/it\/#\/schema\/logo\/image\/"},"sameAs":["https:\/\/www.instagram.com\/skylineglobalservice\/"]}]}},"_links":{"self":[{"href":"https:\/\/skyline-gs.com\/hu\/wp-json\/wp\/v2\/product\/66929","targetHints":{"allow":["GET"]}}],"collection":[{"href":"https:\/\/skyline-gs.com\/hu\/wp-json\/wp\/v2\/product"}],"about":[{"href":"https:\/\/skyline-gs.com\/hu\/wp-json\/wp\/v2\/types\/product"}],"version-history":[{"count":0,"href":"https:\/\/skyline-gs.com\/hu\/wp-json\/wp\/v2\/product\/66929\/revisions"}],"wp:featuredmedia":[{"embeddable":true,"href":"https:\/\/skyline-gs.com\/hu\/wp-json\/wp\/v2\/media\/66933"}],"wp:attachment":[{"href":"https:\/\/skyline-gs.com\/hu\/wp-json\/wp\/v2\/media?parent=66929"}],"wp:term":[{"taxonomy":"product_brand","embeddable":true,"href":"https:\/\/skyline-gs.com\/hu\/wp-json\/wp\/v2\/product_brand?post=66929"},{"taxonomy":"product_cat","embeddable":true,"href":"https:\/\/skyline-gs.com\/hu\/wp-json\/wp\/v2\/product_cat?post=66929"},{"taxonomy":"product_tag","embeddable":true,"href":"https:\/\/skyline-gs.com\/hu\/wp-json\/wp\/v2\/product_tag?post=66929"}],"curies":[{"name":"wp","href":"https:\/\/api.w.org\/{rel}","templated":true}]}}