{"id":66912,"date":"2025-10-01T20:32:47","date_gmt":"2025-10-01T18:32:47","guid":{"rendered":"http:\/\/skyline-gs.com\/?post_type=product&#038;p=66912"},"modified":"2025-10-01T21:26:14","modified_gmt":"2025-10-01T19:26:14","slug":"air-tour-the-kingdom-of-sukhothai-from-pattaya-and-bangkok","status":"publish","type":"product","link":"https:\/\/skyline-gs.com\/hu\/product\/air-tour-the-kingdom-of-sukhothai-from-pattaya-and-bangkok\/","title":{"rendered":"Sukhothai Kir\u00e1lys\u00e1g l\u00e9gi t\u00fara Pattaya \u00e9s Bangkokb\u00f3l"},"content":{"rendered":"<p>Utazzon el Sukhothai \u0151si f\u0151v\u00e1ros\u00e1ba, ahol Thaif\u00f6ld egys\u00e9ges \u00e9s f\u00fcggetlen nemzetk\u00e9nt val\u00f3 t\u00f6rt\u00e9nelme kezd\u0151d\u00f6tt. 2 nap alatt t\u00f6rt\u00e9nelmi parkokat, \u0151si templomokat, egyed\u00fcl\u00e1ll\u00f3 term\u00e9szeti l\u00e1tnival\u00f3kat l\u00e1togathat meg, \u00e9s \u00e9lvezheti a nyaral\u00e1st egy gy\u00f3gysz\u00e1llod\u00e1ban, ahol \u00e1sv\u00e1nyi medenc\u00e9kkel v\u00e1rj\u00e1k. A t\u00far\u00e1t \u00fagy szervezz\u00fck, hogy az utaz\u00e1s a lehet\u0151 legk\u00e9nyelmesebb \u00e9s legf\u00e1rads\u00e1gosabb legyen.<\/p>\n<p>&nbsp;<\/p>\n<p data-start=\"474\" data-end=\"809\"><strong data-start=\"474\" data-end=\"488\">Program: <\/strong><\/p>\n<p><strong>1 nap<\/strong><br \/>\n05:00 - Indul\u00e1s a pattayai sz\u00e1llod\u00e1kb\u00f3l<br \/>\n08:30 - j\u00e1rat Bangkok - Sukhothai<br \/>\n10:00 - Si-Satchanalai T\u00f6rt\u00e9nelmi Park (XIII. sz\u00e1zad)<br \/>\n13:30 - eb\u00e9d<br \/>\n15:00 - pihen\u00e9s egy thaif\u00f6ldi wellness k\u00f6zpontban \u00e1sv\u00e1nyi medenc\u00e9kkel<br \/>\n17:00 - \u00c9rkez\u00e9s Sukhothaiba, bejelentkez\u00e9s a sz\u00e1llod\u00e1ba (fakultat\u00edv massz\u00e1zs, medence)<br \/>\n17:30 - esti s\u00e9ta a t\u00f6rt\u00e9nelmi v\u00e1rosban, \u00e9jszakai piac (fakultat\u00edv ker\u00e9kp\u00e1rk\u00f6lcs\u00f6nz\u00e9s)<br \/>\n19:00 - vacsora egy nemzeti \u00e9tteremben a t\u00f3parton<br \/>\n20:00 - pihen\u00e9s (lehet\u0151s\u00e9g van massz\u00e1zs rendel\u00e9s\u00e9re a sz\u00e1llod\u00e1ban fel\u00e1r ellen\u00e9ben)<\/p>\n<p><strong>2. nap<\/strong><br \/>\n07:30 - reggeli a sz\u00e1llod\u00e1ban<br \/>\n08:00 - Villamost\u00fara a Sukhothai T\u00f6rt\u00e9nelmi Parkban (fakultat\u00edv ker\u00e9kp\u00e1r vagy golfkocsi fel\u00e1r ellen\u00e9ben)<br \/>\n10:30 - visszat\u00e9r\u00e9s a sz\u00e1llod\u00e1ba, szabadid\u0151 a medenc\u00e9n\u00e9l<br \/>\n12:00 - kijelentkez\u00e9s a sz\u00e1llod\u00e1b\u00f3l<br \/>\n13:00 - \u00c9rkez\u00e9s Phitsanulokba, Wat Phra Rattana Mahathat templom az Arany Buddha szoborral<br \/>\n14:00 - eb\u00e9d<br \/>\n15:00 - Phu Hin Rong Nat\u00farpark - egy rendk\u00edv\u00fcli sz\u00e9ps\u00e9g\u0171 fenns\u00edk<br \/>\n19:30 - j\u00e1rat Phitsanulok - Bangkok<br \/>\n22:00 - visszat\u00e9r\u00e9s a pattayai sz\u00e1llod\u00e1kba<\/p>\n<p><strong style=\"font-family: var(--global-body-font-family);\">Tartalmazza:<\/strong><\/p>\n<ul>\n<li>Transzfer a pattayai sz\u00e1llod\u00e1b\u00f3l \u00e9s a sz\u00e1llod\u00e1ba<\/li>\n<li>Rep\u00fcl\u0151jegyek a program szerint<\/li>\n<li>Sz\u00e1ll\u00e1s egy thai nemzeti st\u00edlus\u00fa gy\u00f3gysz\u00e1llod\u00e1ban<\/li>\n<li>\u00c9tkez\u00e9s (reggeli, eb\u00e9d, vacsora)<\/li>\n<li>Minden bel\u00e9p\u0151jegy<\/li>\n<li>Orosz nyelv\u0171 t\u00f6rt\u00e9nelmi idegenvezet\u0151<\/li>\n<li>Biztos\u00edt\u00e1s<\/li>\n<\/ul>\n<p><strong>Tov\u00e1bbi d\u00edjak:<\/strong><\/p>\n<ul>\n<li>Adom\u00e1nyok a templomokban (nem k\u00f6telez\u0151)<\/li>\n<li>Egy\u00e1gyas sz\u00e1ll\u00e1s egy sz\u00e1llod\u00e1ban<\/li>\n<li>Kieg\u00e9sz\u00edt\u0151 szolg\u00e1ltat\u00e1sok (massz\u00e1zs, golfkocsi b\u00e9rl\u00e9s stb.)<\/li>\n<\/ul>\n<p>&nbsp;<\/p>\n<p><strong>Vigy\u00e9l magaddal:<\/strong><\/p>\n<ul>\n<li>\u00datlev\u00e9l<\/li>\n<li>K\u00e9nyelmes cip\u0151<\/li>\n<li>K\u00fclt\u00e9ri ruh\u00e1zat<\/li>\n<li>F\u00fcrd\u0151ruha \u00e9s t\u00f6r\u00f6lk\u00f6z\u0151<\/li>\n<li>Ruh\u00e1zat a templomok sz\u00e1m\u00e1ra (fedett v\u00e1llak \u00e9s t\u00e9rdek)<\/li>\n<li>Fejd\u00edsz<\/li>\n<li>Reggeli a sz\u00e1llod\u00e1ban (az els\u0151 napon)<\/li>\n<li>P\u00e9nz szem\u00e9lyes kiad\u00e1sokra<\/li>\n<\/ul>\n<p data-start=\"2105\" data-end=\"2137\"><strong>Megjegyz\u00e9s:<\/strong><br \/>\nAz alkohol vagy k\u00e1b\u00edt\u00f3szer hat\u00e1sa alatt \u00e1ll\u00f3 szem\u00e9lyek nem vehetnek r\u00e9szt a t\u00far\u00e1n, \u00e9s nem kapnak visszat\u00e9r\u00edt\u00e9st.<\/p>","protected":false},"excerpt":{"rendered":"<p><strong>Kir\u00e1ndul\u00e1s Id\u0151pontja:<\/strong> 2 nap \/ 1 \u00e9jszaka<br \/>\n<strong>A Kir\u00e1ndul\u00e1s Napjai:<\/strong> foglal\u00e1skor \u00e9rdekl\u0151dj\u00f6n<\/p>","protected":false},"featured_media":66917,"template":"","meta":{"_kad_post_transparent":"default","_kad_post_title":"","_kad_post_layout":"default","_kad_post_sidebar_id":"","_kad_post_content_style":"default","_kad_post_vertical_padding":"default","_kad_post_feature":"","_kad_post_feature_position":"","_kad_post_header":false,"_kad_post_footer":false,"_kad_post_classname":"","_glsr_average":0,"_glsr_ranking":0,"_glsr_reviews":0},"product_brand":[],"product_cat":[507],"product_tag":[],"class_list":{"0":"post-66912","1":"product","2":"type-product","3":"status-publish","4":"has-post-thumbnail","6":"product_cat-pattaya","7":"tm-has-options","9":"first","10":"instock","11":"sold-individually","12":"taxable","13":"shipping-taxable","14":"purchasable","15":"product-type-simple","16":"entry","17":"content-bg","18":"loop-entry"},"yoast_head":"<!-- This site is optimized with the Yoast SEO plugin v27.3 - https:\/\/yoast.com\/product\/yoast-seo-wordpress\/ -->\n<title>\u0410\u0432\u0438\u0430\u0442\u0443\u0440 \u00ab\u041a\u043e\u0440\u043e\u043b\u0435\u0432\u0441\u0442\u0432\u043e \u0421\u0443\u043a\u0445\u043e\u0442\u0430\u0439\u00bb \u0438\u0437 \u041f\u0430\u0442\u0442\u0430\u0439\u0438 \u0438 \u0411\u0430\u043d\u0433\u043a\u043e\u043a\u0430 &#8226; \u042d\u043a\u0441\u043a\u0443\u0440\u0441\u0438\u0438 Skyline<\/title>\n<meta name=\"robots\" content=\"index, follow, max-snippet:-1, max-image-preview:large, max-video-preview:-1\" \/>\n<link rel=\"canonical\" href=\"https:\/\/skyline-gs.com\/hu\/termek\/air-tour-the-kingdom-of-sukhothai-from-pattaya-and-bangkok\/\" \/>\n<meta property=\"og:locale\" content=\"hu_HU\" \/>\n<meta property=\"og:type\" content=\"article\" \/>\n<meta property=\"og:title\" content=\"\u0410\u0432\u0438\u0430\u0442\u0443\u0440 \u00ab\u041a\u043e\u0440\u043e\u043b\u0435\u0432\u0441\u0442\u0432\u043e \u0421\u0443\u043a\u0445\u043e\u0442\u0430\u0439\u00bb \u0438\u0437 \u041f\u0430\u0442\u0442\u0430\u0439\u0438 \u0438 \u0411\u0430\u043d\u0433\u043a\u043e\u043a\u0430 &#8226; \u042d\u043a\u0441\u043a\u0443\u0440\u0441\u0438\u0438 Skyline\" \/>\n<meta property=\"og:description\" content=\"\u0412\u0440\u0435\u043c\u044f \u0442\u0443\u0440\u0430: 2 \u0434\u043d\u044f \/ 1 \u043d\u043e\u0447\u044c \u0414\u043d\u0438 \u043f\u0440\u043e\u0432\u0435\u0434\u0435\u043d\u0438\u044f: \u0443\u0442\u043e\u0447\u043d\u044f\u0439\u0442\u0435 \u043f\u0440\u0438 \u0431\u0440\u043e\u043d\u0438\u0440\u043e\u0432\u0430\u043d\u0438\u0438\" \/>\n<meta property=\"og:url\" content=\"https:\/\/skyline-gs.com\/hu\/termek\/air-tour-the-kingdom-of-sukhothai-from-pattaya-and-bangkok\/\" \/>\n<meta property=\"og:site_name\" content=\"\u042d\u043a\u0441\u043a\u0443\u0440\u0441\u0438\u0438 Skyline\" \/>\n<meta property=\"article:modified_time\" content=\"2025-10-01T19:26:14+00:00\" \/>\n<meta property=\"og:image\" content=\"https:\/\/skyline-gs.com\/wp-content\/uploads\/2025\/10\/img_6984_3.jpg-e1765914833700.webp\" \/>\n\t<meta property=\"og:image:width\" content=\"1478\" \/>\n\t<meta property=\"og:image:height\" content=\"985\" \/>\n\t<meta property=\"og:image:type\" content=\"image\/webp\" \/>\n<meta name=\"twitter:card\" content=\"summary_large_image\" \/>\n<meta name=\"twitter:label1\" content=\"Becs\u00fclt olvas\u00e1si id\u0151\" \/>\n\t<meta name=\"twitter:data1\" content=\"2 perc\" \/>\n<script type=\"application\/ld+json\" class=\"yoast-schema-graph\">{\"@context\":\"https:\\\/\\\/schema.org\",\"@graph\":[{\"@type\":\"WebPage\",\"@id\":\"https:\\\/\\\/skyline-gs.com\\\/it\\\/prodotto\\\/air-tour-the-kingdom-of-sukhothai-from-pattaya-and-bangkok\\\/\",\"url\":\"https:\\\/\\\/skyline-gs.com\\\/it\\\/prodotto\\\/air-tour-the-kingdom-of-sukhothai-from-pattaya-and-bangkok\\\/\",\"name\":\"\u0410\u0432\u0438\u0430\u0442\u0443\u0440 \u00ab\u041a\u043e\u0440\u043e\u043b\u0435\u0432\u0441\u0442\u0432\u043e \u0421\u0443\u043a\u0445\u043e\u0442\u0430\u0439\u00bb \u0438\u0437 \u041f\u0430\u0442\u0442\u0430\u0439\u0438 \u0438 \u0411\u0430\u043d\u0433\u043a\u043e\u043a\u0430 &#8226; \u042d\u043a\u0441\u043a\u0443\u0440\u0441\u0438\u0438 Skyline\",\"isPartOf\":{\"@id\":\"https:\\\/\\\/skyline-gs.com\\\/it\\\/#website\"},\"primaryImageOfPage\":{\"@id\":\"https:\\\/\\\/skyline-gs.com\\\/it\\\/prodotto\\\/air-tour-the-kingdom-of-sukhothai-from-pattaya-and-bangkok\\\/#primaryimage\"},\"image\":{\"@id\":\"https:\\\/\\\/skyline-gs.com\\\/it\\\/prodotto\\\/air-tour-the-kingdom-of-sukhothai-from-pattaya-and-bangkok\\\/#primaryimage\"},\"thumbnailUrl\":\"https:\\\/\\\/skyline-gs.com\\\/wp-content\\\/uploads\\\/2025\\\/10\\\/img_6984_3.jpg-e1765914833700.webp\",\"datePublished\":\"2025-10-01T18:32:47+00:00\",\"dateModified\":\"2025-10-01T19:26:14+00:00\",\"breadcrumb\":{\"@id\":\"https:\\\/\\\/skyline-gs.com\\\/it\\\/prodotto\\\/air-tour-the-kingdom-of-sukhothai-from-pattaya-and-bangkok\\\/#breadcrumb\"},\"inLanguage\":\"hu\",\"potentialAction\":[{\"@type\":\"ReadAction\",\"target\":[\"https:\\\/\\\/skyline-gs.com\\\/it\\\/prodotto\\\/air-tour-the-kingdom-of-sukhothai-from-pattaya-and-bangkok\\\/\"]}]},{\"@type\":\"ImageObject\",\"inLanguage\":\"hu\",\"@id\":\"https:\\\/\\\/skyline-gs.com\\\/it\\\/prodotto\\\/air-tour-the-kingdom-of-sukhothai-from-pattaya-and-bangkok\\\/#primaryimage\",\"url\":\"https:\\\/\\\/skyline-gs.com\\\/wp-content\\\/uploads\\\/2025\\\/10\\\/img_6984_3.jpg-e1765914833700.webp\",\"contentUrl\":\"https:\\\/\\\/skyline-gs.com\\\/wp-content\\\/uploads\\\/2025\\\/10\\\/img_6984_3.jpg-e1765914833700.webp\",\"width\":1478,\"height\":985},{\"@type\":\"BreadcrumbList\",\"@id\":\"https:\\\/\\\/skyline-gs.com\\\/it\\\/prodotto\\\/air-tour-the-kingdom-of-sukhothai-from-pattaya-and-bangkok\\\/#breadcrumb\",\"itemListElement\":[{\"@type\":\"ListItem\",\"position\":1,\"name\":\"\u0413\u043b\u0430\u0432\u043d\u0430\u044f \u0441\u0442\u0440\u0430\u043d\u0438\u0446\u0430\",\"item\":\"https:\\\/\\\/skyline-gs.com\\\/hu\\\/\"},{\"@type\":\"ListItem\",\"position\":2,\"name\":\"\u041c\u0430\u0433\u0430\u0437\u0438\u043d\",\"item\":\"https:\\\/\\\/skyline-gs.com\\\/cs\\\/shop\\\/\"},{\"@type\":\"ListItem\",\"position\":3,\"name\":\"\u0410\u0432\u0438\u0430\u0442\u0443\u0440 \u00ab\u041a\u043e\u0440\u043e\u043b\u0435\u0432\u0441\u0442\u0432\u043e \u0421\u0443\u043a\u0445\u043e\u0442\u0430\u0439\u00bb \u0438\u0437 \u041f\u0430\u0442\u0442\u0430\u0439\u0438 \u0438 \u0411\u0430\u043d\u0433\u043a\u043e\u043a\u0430\"}]},{\"@type\":\"WebSite\",\"@id\":\"https:\\\/\\\/skyline-gs.com\\\/it\\\/#website\",\"url\":\"https:\\\/\\\/skyline-gs.com\\\/it\\\/\",\"name\":\"\u042d\u043a\u0441\u043a\u0443\u0440\u0441\u0438\u0438 Skyline\",\"description\":\"\u042d\u043a\u0441\u043a\u043b\u044e\u0437\u0438\u0432\u043d\u044b\u0435 \u044d\u043a\u0441\u043a\u0443\u0440\u0441\u0438\u0438 \u043d\u0430 \u043b\u0443\u0447\u0448\u0438\u0445 \u043a\u0443\u0440\u043e\u0440\u0442\u0430\u0445 \u043c\u0438\u0440\u0430\",\"publisher\":{\"@id\":\"https:\\\/\\\/skyline-gs.com\\\/it\\\/#organization\"},\"alternateName\":\"Skyline\",\"potentialAction\":[{\"@type\":\"SearchAction\",\"target\":{\"@type\":\"EntryPoint\",\"urlTemplate\":\"https:\\\/\\\/skyline-gs.com\\\/it\\\/?s={search_term_string}\"},\"query-input\":{\"@type\":\"PropertyValueSpecification\",\"valueRequired\":true,\"valueName\":\"search_term_string\"}}],\"inLanguage\":\"hu\"},{\"@type\":\"Organization\",\"@id\":\"https:\\\/\\\/skyline-gs.com\\\/it\\\/#organization\",\"name\":\"\u042d\u043a\u0441\u043a\u0443\u0440\u0441\u0438\u0438 Skyline\",\"alternateName\":\"\u042d\u043a\u0441\u043a\u0443\u0440\u0441\u0438\u0438 Skyline\",\"url\":\"https:\\\/\\\/skyline-gs.com\\\/it\\\/\",\"logo\":{\"@type\":\"ImageObject\",\"inLanguage\":\"hu\",\"@id\":\"https:\\\/\\\/skyline-gs.com\\\/it\\\/#\\\/schema\\\/logo\\\/image\\\/\",\"url\":\"https:\\\/\\\/skyline-gs.com\\\/wp-content\\\/uploads\\\/2020\\\/12\\\/cropped-logo-2.png\",\"contentUrl\":\"https:\\\/\\\/skyline-gs.com\\\/wp-content\\\/uploads\\\/2020\\\/12\\\/cropped-logo-2.png\",\"width\":512,\"height\":512,\"caption\":\"\u042d\u043a\u0441\u043a\u0443\u0440\u0441\u0438\u0438 Skyline\"},\"image\":{\"@id\":\"https:\\\/\\\/skyline-gs.com\\\/it\\\/#\\\/schema\\\/logo\\\/image\\\/\"},\"sameAs\":[\"https:\\\/\\\/www.instagram.com\\\/skylineglobalservice\\\/\"]}]}<\/script>\n<!-- \/ Yoast SEO plugin. -->","yoast_head_json":{"title":"Sukhothai Kir\u00e1lys\u00e1g Air Tour Pattaya \u00e9s Bangkok - Skyline kir\u00e1ndul\u00e1sok","robots":{"index":"index","follow":"follow","max-snippet":"max-snippet:-1","max-image-preview":"max-image-preview:large","max-video-preview":"max-video-preview:-1"},"canonical":"https:\/\/skyline-gs.com\/hu\/termek\/air-tour-the-kingdom-of-sukhothai-from-pattaya-and-bangkok\/","og_locale":"hu_HU","og_type":"article","og_title":"\u0410\u0432\u0438\u0430\u0442\u0443\u0440 \u00ab\u041a\u043e\u0440\u043e\u043b\u0435\u0432\u0441\u0442\u0432\u043e \u0421\u0443\u043a\u0445\u043e\u0442\u0430\u0439\u00bb \u0438\u0437 \u041f\u0430\u0442\u0442\u0430\u0439\u0438 \u0438 \u0411\u0430\u043d\u0433\u043a\u043e\u043a\u0430 &#8226; \u042d\u043a\u0441\u043a\u0443\u0440\u0441\u0438\u0438 Skyline","og_description":"\u0412\u0440\u0435\u043c\u044f \u0442\u0443\u0440\u0430: 2 \u0434\u043d\u044f \/ 1 \u043d\u043e\u0447\u044c \u0414\u043d\u0438 \u043f\u0440\u043e\u0432\u0435\u0434\u0435\u043d\u0438\u044f: \u0443\u0442\u043e\u0447\u043d\u044f\u0439\u0442\u0435 \u043f\u0440\u0438 \u0431\u0440\u043e\u043d\u0438\u0440\u043e\u0432\u0430\u043d\u0438\u0438","og_url":"https:\/\/skyline-gs.com\/hu\/termek\/air-tour-the-kingdom-of-sukhothai-from-pattaya-and-bangkok\/","og_site_name":"\u042d\u043a\u0441\u043a\u0443\u0440\u0441\u0438\u0438 Skyline","article_modified_time":"2025-10-01T19:26:14+00:00","og_image":[{"width":1478,"height":985,"url":"https:\/\/skyline-gs.com\/wp-content\/uploads\/2025\/10\/img_6984_3.jpg-e1765914833700.webp","type":"image\/webp"}],"twitter_card":"summary_large_image","twitter_misc":{"Becs\u00fclt olvas\u00e1si id\u0151":"2 perc"},"schema":{"@context":"https:\/\/schema.org","@graph":[{"@type":"WebPage","@id":"https:\/\/skyline-gs.com\/it\/prodotto\/air-tour-the-kingdom-of-sukhothai-from-pattaya-and-bangkok\/","url":"https:\/\/skyline-gs.com\/it\/prodotto\/air-tour-the-kingdom-of-sukhothai-from-pattaya-and-bangkok\/","name":"Sukhothai Kir\u00e1lys\u00e1g Air Tour Pattaya \u00e9s Bangkok - Skyline kir\u00e1ndul\u00e1sok","isPartOf":{"@id":"https:\/\/skyline-gs.com\/it\/#website"},"primaryImageOfPage":{"@id":"https:\/\/skyline-gs.com\/it\/prodotto\/air-tour-the-kingdom-of-sukhothai-from-pattaya-and-bangkok\/#primaryimage"},"image":{"@id":"https:\/\/skyline-gs.com\/it\/prodotto\/air-tour-the-kingdom-of-sukhothai-from-pattaya-and-bangkok\/#primaryimage"},"thumbnailUrl":"https:\/\/skyline-gs.com\/wp-content\/uploads\/2025\/10\/img_6984_3.jpg-e1765914833700.webp","datePublished":"2025-10-01T18:32:47+00:00","dateModified":"2025-10-01T19:26:14+00:00","breadcrumb":{"@id":"https:\/\/skyline-gs.com\/it\/prodotto\/air-tour-the-kingdom-of-sukhothai-from-pattaya-and-bangkok\/#breadcrumb"},"inLanguage":"hu","potentialAction":[{"@type":"ReadAction","target":["https:\/\/skyline-gs.com\/it\/prodotto\/air-tour-the-kingdom-of-sukhothai-from-pattaya-and-bangkok\/"]}]},{"@type":"ImageObject","inLanguage":"hu","@id":"https:\/\/skyline-gs.com\/it\/prodotto\/air-tour-the-kingdom-of-sukhothai-from-pattaya-and-bangkok\/#primaryimage","url":"https:\/\/skyline-gs.com\/wp-content\/uploads\/2025\/10\/img_6984_3.jpg-e1765914833700.webp","contentUrl":"https:\/\/skyline-gs.com\/wp-content\/uploads\/2025\/10\/img_6984_3.jpg-e1765914833700.webp","width":1478,"height":985},{"@type":"BreadcrumbList","@id":"https:\/\/skyline-gs.com\/it\/prodotto\/air-tour-the-kingdom-of-sukhothai-from-pattaya-and-bangkok\/#breadcrumb","itemListElement":[{"@type":"ListItem","position":1,"name":"\u0413\u043b\u0430\u0432\u043d\u0430\u044f \u0441\u0442\u0440\u0430\u043d\u0438\u0446\u0430","item":"https:\/\/skyline-gs.com\/hu\/"},{"@type":"ListItem","position":2,"name":"\u041c\u0430\u0433\u0430\u0437\u0438\u043d","item":"https:\/\/skyline-gs.com\/cs\/shop\/"},{"@type":"ListItem","position":3,"name":"\u0410\u0432\u0438\u0430\u0442\u0443\u0440 \u00ab\u041a\u043e\u0440\u043e\u043b\u0435\u0432\u0441\u0442\u0432\u043e \u0421\u0443\u043a\u0445\u043e\u0442\u0430\u0439\u00bb \u0438\u0437 \u041f\u0430\u0442\u0442\u0430\u0439\u0438 \u0438 \u0411\u0430\u043d\u0433\u043a\u043e\u043a\u0430"}]},{"@type":"WebSite","@id":"https:\/\/skyline-gs.com\/it\/#website","url":"https:\/\/skyline-gs.com\/it\/","name":"Skyline T\u00far\u00e1k","description":"Exkluz\u00edv kir\u00e1ndul\u00e1sok a vil\u00e1g legjobb \u00fcd\u00fcl\u0151helyein","publisher":{"@id":"https:\/\/skyline-gs.com\/it\/#organization"},"alternateName":"Skyline","potentialAction":[{"@type":"SearchAction","target":{"@type":"EntryPoint","urlTemplate":"https:\/\/skyline-gs.com\/it\/?s={search_term_string}"},"query-input":{"@type":"PropertyValueSpecification","valueRequired":true,"valueName":"search_term_string"}}],"inLanguage":"hu"},{"@type":"Organization","@id":"https:\/\/skyline-gs.com\/it\/#organization","name":"Skyline T\u00far\u00e1k","alternateName":"\u042d\u043a\u0441\u043a\u0443\u0440\u0441\u0438\u0438 Skyline","url":"https:\/\/skyline-gs.com\/it\/","logo":{"@type":"ImageObject","inLanguage":"hu","@id":"https:\/\/skyline-gs.com\/it\/#\/schema\/logo\/image\/","url":"https:\/\/skyline-gs.com\/wp-content\/uploads\/2020\/12\/cropped-logo-2.png","contentUrl":"https:\/\/skyline-gs.com\/wp-content\/uploads\/2020\/12\/cropped-logo-2.png","width":512,"height":512,"caption":"\u042d\u043a\u0441\u043a\u0443\u0440\u0441\u0438\u0438 Skyline"},"image":{"@id":"https:\/\/skyline-gs.com\/it\/#\/schema\/logo\/image\/"},"sameAs":["https:\/\/www.instagram.com\/skylineglobalservice\/"]}]}},"_links":{"self":[{"href":"https:\/\/skyline-gs.com\/hu\/wp-json\/wp\/v2\/product\/66912","targetHints":{"allow":["GET"]}}],"collection":[{"href":"https:\/\/skyline-gs.com\/hu\/wp-json\/wp\/v2\/product"}],"about":[{"href":"https:\/\/skyline-gs.com\/hu\/wp-json\/wp\/v2\/types\/product"}],"version-history":[{"count":0,"href":"https:\/\/skyline-gs.com\/hu\/wp-json\/wp\/v2\/product\/66912\/revisions"}],"wp:featuredmedia":[{"embeddable":true,"href":"https:\/\/skyline-gs.com\/hu\/wp-json\/wp\/v2\/media\/66917"}],"wp:attachment":[{"href":"https:\/\/skyline-gs.com\/hu\/wp-json\/wp\/v2\/media?parent=66912"}],"wp:term":[{"taxonomy":"product_brand","embeddable":true,"href":"https:\/\/skyline-gs.com\/hu\/wp-json\/wp\/v2\/product_brand?post=66912"},{"taxonomy":"product_cat","embeddable":true,"href":"https:\/\/skyline-gs.com\/hu\/wp-json\/wp\/v2\/product_cat?post=66912"},{"taxonomy":"product_tag","embeddable":true,"href":"https:\/\/skyline-gs.com\/hu\/wp-json\/wp\/v2\/product_tag?post=66912"}],"curies":[{"name":"wp","href":"https:\/\/api.w.org\/{rel}","templated":true}]}}