{"id":66351,"date":"2025-09-23T20:59:50","date_gmt":"2025-09-23T18:59:50","guid":{"rendered":"http:\/\/skyline-gs.com\/?post_type=product&#038;p=66351"},"modified":"2025-09-23T21:53:32","modified_gmt":"2025-09-23T19:53:32","slug":"sanctuary-of-truth","status":"publish","type":"product","link":"https:\/\/skyline-gs.com\/hu\/product\/sanctuary-of-truth\/","title":{"rendered":"Az igazs\u00e1g szent\u00e9lye."},"content":{"rendered":"<p>Mer\u00fclj\u00f6n el a fa m\u0171v\u00e9szet \u00e9s a spiritu\u00e1lis filoz\u00f3fia csod\u00e1latos vil\u00e1g\u00e1ban. Ez a f\u00e9lnapos kir\u00e1ndul\u00e1s lehet\u0151v\u00e9 teszi, hogy megn\u00e9zze az \u00e9p\u00edt\u00e9szet remekm\u0171v\u00e9t, meg\u00e9rtse a vall\u00e1sok \u00e9s szimb\u00f3lumok \u00f6sszefon\u00f3d\u00e1s\u00e1t, meg\u00e9rezze a k\u00e9zm\u0171vess\u00e9g fens\u00e9g\u00e9t, ahol minden r\u00e9szlet k\u00e9zzel van faragva, \u00e9s \u00e9lvezze a term\u00e9szet \u00e1ltal k\u00f6r\u00fclvett b\u00e9k\u00e9s l\u00e9gk\u00f6rt.<\/p>\n<p data-start=\"474\" data-end=\"809\"><strong data-start=\"474\" data-end=\"488\">Program: <\/strong><\/p>\n<p data-start=\"1170\" data-end=\"1263\">Transzfer a pattayai sz\u00e1llod\u00e1b\u00f3l az \u00abIgazs\u00e1g Templom\u00e1hoz\u00bb \u00e9s vissza. A t\u00fara sor\u00e1n megtekintheti a templomot, a legmagasabb fa\u00e9p\u00edtm\u00e9nyt (kb. 105 m\u00e9ter), amely sz\u00f6gek n\u00e9lk\u00fcl \u00e9p\u00fclt. A k\u00e9zm\u0171vesek tov\u00e1bbra is dolgoznak az embereket, \u00e1llatokat \u00e9s mitol\u00f3giai l\u00e9nyeket \u00e1br\u00e1zol\u00f3 faszobrokon, k\u00f6zvetlen\u00fcl az \u00e9p\u00fclet ter\u00fclet\u00e9n. Megtudhatja, hogy a csarnok egyes r\u00e9szei hogyan k\u00e9pviselik a k\u00fcl\u00f6nb\u00f6z\u0151 kult\u00far\u00e1kat \u00e9s filoz\u00f3fi\u00e1kat: Thaif\u00f6ld, India, Kambodzsa, K\u00edna - az elemek, a t\u00e9r, a vil\u00e1gegyetem szimb\u00f3lumait. Lesz id\u0151 s\u00e9t\u00e1lni, fot\u00f3zni, megn\u00e9zni a faragv\u00e1nyokat, a d\u00edsz\u00edt\u0151elemeket \u00e9s a bels\u0151 teret.<\/p>\n<p data-start=\"1233\" data-end=\"1656\"><strong style=\"font-family: var(--global-body-font-family);\">Tartalmazza:<\/strong><\/p>\n<ul>\n<li>Transzfer a sz\u00e1llod\u00e1b\u00f3l \u00e9s vissza<\/li>\n<li>Bel\u00e9p\u0151jegy az Igazs\u00e1g Templom\u00e1ba<\/li>\n<li>Biztos\u00edt\u00e1s<\/li>\n<\/ul>\n<p><strong>Vigy\u00e9l magaddal:<\/strong><\/p>\n<ul>\n<li data-start=\"985\" data-end=\"1014\">A v\u00e1llakat \u00e9s a t\u00e9rdeket fed\u0151 ruh\u00e1zat.<\/li>\n<li data-start=\"985\" data-end=\"1014\">K\u00e9nyelmes cip\u0151<\/li>\n<li data-start=\"985\" data-end=\"1014\">Fejfed\u0151, napszem\u00fcveg<\/li>\n<li data-start=\"985\" data-end=\"1014\">fot\u00f3\/videokamera<\/li>\n<li data-start=\"985\" data-end=\"1014\">Egy kis \u00f6sszeg \u00e9telre\/italra \u00e9s aj\u00e1nd\u00e9kt\u00e1rgyakra.<\/li>\n<\/ul>\n<p data-start=\"2105\" data-end=\"2137\">Tov\u00e1bbi inform\u00e1ci\u00f3k:<br \/>\nA templom naponta nyitva van, \u00e1ltal\u00e1ban reggelt\u0151l estig.<br \/>\nA gyermekjegyek bizonyos magass\u00e1gig\/korig \u00e9rv\u00e9nyesek (utaz\u00e1s el\u0151tt ellen\u0151rizze).<br \/>\nA temp\u00f3 \u00e9s a templomban t\u00f6lt\u00f6tt id\u0151 m\u00e9rs\u00e9kelt - a t\u00fara nem neh\u00e9z, szinte mindenki sz\u00e1m\u00e1ra alkalmas.<br \/>\nA j\u00f3 fot\u00f3k k\u00e9sz\u00edt\u00e9s\u00e9hez jobb, ha reggel vagy estefel\u00e9 l\u00e1togatjuk meg a templomot, amikor a f\u00e9ny l\u00e1gyabb.<\/p>","protected":false},"excerpt":{"rendered":"<p><strong data-start=\"567\" data-end=\"599\">A t\u00fara id\u0151pontjai \u00e9s napjai:<\/strong><br data-start=\"599\" data-end=\"602\" \/>Kijelentkez\u00e9s a sz\u00e1llod\u00e1b\u00f3l: 10:15<br data-start=\"460\" data-end=\"463\" \/>A t\u00far\u00e1ra a k\u00f6vetkez\u0151 helysz\u00edneken ker\u00fcl sor <strong data-start=\"476\" data-end=\"489\">Naponta<\/strong>.<\/p>","protected":false},"featured_media":66360,"template":"","meta":{"_kad_post_transparent":"default","_kad_post_title":"","_kad_post_layout":"default","_kad_post_sidebar_id":"","_kad_post_content_style":"default","_kad_post_vertical_padding":"default","_kad_post_feature":"","_kad_post_feature_position":"","_kad_post_header":false,"_kad_post_footer":false,"_kad_post_classname":"","_glsr_average":0,"_glsr_ranking":0,"_glsr_reviews":0},"product_brand":[],"product_cat":[507],"product_tag":[],"class_list":{"0":"post-66351","1":"product","2":"type-product","3":"status-publish","4":"has-post-thumbnail","6":"product_cat-pattaya","7":"tm-has-options","9":"first","10":"instock","11":"sold-individually","12":"taxable","13":"shipping-taxable","14":"purchasable","15":"product-type-simple","16":"entry","17":"content-bg","18":"loop-entry"},"yoast_head":"<!-- This site is optimized with the Yoast SEO plugin v27.3 - https:\/\/yoast.com\/product\/yoast-seo-wordpress\/ -->\n<title>\u0425\u0440\u0430\u043c \u0418\u0441\u0442\u0438\u043d\u044b (Sanctuary of Truth) &#8226; \u042d\u043a\u0441\u043a\u0443\u0440\u0441\u0438\u0438 Skyline<\/title>\n<meta name=\"robots\" content=\"index, follow, max-snippet:-1, max-image-preview:large, max-video-preview:-1\" \/>\n<link rel=\"canonical\" href=\"http:\/\/skyline-gs.com\/hu\/termek\/sanctuary-of-truth\/\" \/>\n<meta property=\"og:locale\" content=\"hu_HU\" \/>\n<meta property=\"og:type\" content=\"article\" \/>\n<meta property=\"og:title\" content=\"\u0425\u0440\u0430\u043c \u0418\u0441\u0442\u0438\u043d\u044b (Sanctuary of Truth) &#8226; \u042d\u043a\u0441\u043a\u0443\u0440\u0441\u0438\u0438 Skyline\" \/>\n<meta property=\"og:description\" content=\"\u0412\u0440\u0435\u043c\u044f \u0442\u0443\u0440\u0430 \u0438 \u0434\u043d\u0438 \u043f\u0440\u043e\u0432\u0435\u0434\u0435\u043d\u0438\u044f:\u0412\u044b\u0435\u0437\u0434 \u0438\u0437 \u043e\u0442\u0435\u043b\u044f: 10:15\u0422\u0443\u0440 \u043f\u0440\u043e\u0445\u043e\u0434\u0438\u0442 \u0435\u0436\u0435\u0434\u043d\u0435\u0432\u043d\u043e.\" \/>\n<meta property=\"og:url\" content=\"http:\/\/skyline-gs.com\/hu\/termek\/sanctuary-of-truth\/\" \/>\n<meta property=\"og:site_name\" content=\"\u042d\u043a\u0441\u043a\u0443\u0440\u0441\u0438\u0438 Skyline\" \/>\n<meta property=\"article:modified_time\" content=\"2025-09-23T19:53:32+00:00\" \/>\n<meta property=\"og:image\" content=\"https:\/\/skyline-gs.com\/wp-content\/uploads\/2025\/09\/hram-istinyi-v-pattaye_0.jpg-e1765911900626.webp\" \/>\n\t<meta property=\"og:image:width\" content=\"591\" \/>\n\t<meta property=\"og:image:height\" content=\"394\" \/>\n\t<meta property=\"og:image:type\" content=\"image\/webp\" \/>\n<meta name=\"twitter:card\" content=\"summary_large_image\" \/>\n<meta name=\"twitter:label1\" content=\"Becs\u00fclt olvas\u00e1si id\u0151\" \/>\n\t<meta name=\"twitter:data1\" content=\"2 perc\" \/>\n<script type=\"application\/ld+json\" class=\"yoast-schema-graph\">{\"@context\":\"https:\\\/\\\/schema.org\",\"@graph\":[{\"@type\":\"WebPage\",\"@id\":\"http:\\\/\\\/skyline-gs.com\\\/de\\\/produkt\\\/sanctuary-of-truth\\\/\",\"url\":\"http:\\\/\\\/skyline-gs.com\\\/de\\\/produkt\\\/sanctuary-of-truth\\\/\",\"name\":\"\u0425\u0440\u0430\u043c \u0418\u0441\u0442\u0438\u043d\u044b (Sanctuary of Truth) &#8226; \u042d\u043a\u0441\u043a\u0443\u0440\u0441\u0438\u0438 Skyline\",\"isPartOf\":{\"@id\":\"https:\\\/\\\/skyline-gs.com\\\/it\\\/#website\"},\"primaryImageOfPage\":{\"@id\":\"http:\\\/\\\/skyline-gs.com\\\/de\\\/produkt\\\/sanctuary-of-truth\\\/#primaryimage\"},\"image\":{\"@id\":\"http:\\\/\\\/skyline-gs.com\\\/de\\\/produkt\\\/sanctuary-of-truth\\\/#primaryimage\"},\"thumbnailUrl\":\"https:\\\/\\\/skyline-gs.com\\\/wp-content\\\/uploads\\\/2025\\\/09\\\/hram-istinyi-v-pattaye_0.jpg-e1765911900626.webp\",\"datePublished\":\"2025-09-23T18:59:50+00:00\",\"dateModified\":\"2025-09-23T19:53:32+00:00\",\"breadcrumb\":{\"@id\":\"http:\\\/\\\/skyline-gs.com\\\/de\\\/produkt\\\/sanctuary-of-truth\\\/#breadcrumb\"},\"inLanguage\":\"hu\",\"potentialAction\":[{\"@type\":\"ReadAction\",\"target\":[\"http:\\\/\\\/skyline-gs.com\\\/de\\\/produkt\\\/sanctuary-of-truth\\\/\"]}]},{\"@type\":\"ImageObject\",\"inLanguage\":\"hu\",\"@id\":\"http:\\\/\\\/skyline-gs.com\\\/de\\\/produkt\\\/sanctuary-of-truth\\\/#primaryimage\",\"url\":\"https:\\\/\\\/skyline-gs.com\\\/wp-content\\\/uploads\\\/2025\\\/09\\\/hram-istinyi-v-pattaye_0.jpg-e1765911900626.webp\",\"contentUrl\":\"https:\\\/\\\/skyline-gs.com\\\/wp-content\\\/uploads\\\/2025\\\/09\\\/hram-istinyi-v-pattaye_0.jpg-e1765911900626.webp\",\"width\":591,\"height\":394},{\"@type\":\"BreadcrumbList\",\"@id\":\"http:\\\/\\\/skyline-gs.com\\\/de\\\/produkt\\\/sanctuary-of-truth\\\/#breadcrumb\",\"itemListElement\":[{\"@type\":\"ListItem\",\"position\":1,\"name\":\"\u0413\u043b\u0430\u0432\u043d\u0430\u044f \u0441\u0442\u0440\u0430\u043d\u0438\u0446\u0430\",\"item\":\"https:\\\/\\\/skyline-gs.com\\\/hu\\\/\"},{\"@type\":\"ListItem\",\"position\":2,\"name\":\"\u041c\u0430\u0433\u0430\u0437\u0438\u043d\",\"item\":\"https:\\\/\\\/skyline-gs.com\\\/cs\\\/shop\\\/\"},{\"@type\":\"ListItem\",\"position\":3,\"name\":\"\u0425\u0440\u0430\u043c \u0418\u0441\u0442\u0438\u043d\u044b (Sanctuary of Truth)\"}]},{\"@type\":\"WebSite\",\"@id\":\"https:\\\/\\\/skyline-gs.com\\\/it\\\/#website\",\"url\":\"https:\\\/\\\/skyline-gs.com\\\/it\\\/\",\"name\":\"\u042d\u043a\u0441\u043a\u0443\u0440\u0441\u0438\u0438 Skyline\",\"description\":\"\u042d\u043a\u0441\u043a\u043b\u044e\u0437\u0438\u0432\u043d\u044b\u0435 \u044d\u043a\u0441\u043a\u0443\u0440\u0441\u0438\u0438 \u043d\u0430 \u043b\u0443\u0447\u0448\u0438\u0445 \u043a\u0443\u0440\u043e\u0440\u0442\u0430\u0445 \u043c\u0438\u0440\u0430\",\"publisher\":{\"@id\":\"https:\\\/\\\/skyline-gs.com\\\/it\\\/#organization\"},\"alternateName\":\"Skyline\",\"potentialAction\":[{\"@type\":\"SearchAction\",\"target\":{\"@type\":\"EntryPoint\",\"urlTemplate\":\"https:\\\/\\\/skyline-gs.com\\\/it\\\/?s={search_term_string}\"},\"query-input\":{\"@type\":\"PropertyValueSpecification\",\"valueRequired\":true,\"valueName\":\"search_term_string\"}}],\"inLanguage\":\"hu\"},{\"@type\":\"Organization\",\"@id\":\"https:\\\/\\\/skyline-gs.com\\\/it\\\/#organization\",\"name\":\"\u042d\u043a\u0441\u043a\u0443\u0440\u0441\u0438\u0438 Skyline\",\"alternateName\":\"\u042d\u043a\u0441\u043a\u0443\u0440\u0441\u0438\u0438 Skyline\",\"url\":\"https:\\\/\\\/skyline-gs.com\\\/it\\\/\",\"logo\":{\"@type\":\"ImageObject\",\"inLanguage\":\"hu\",\"@id\":\"https:\\\/\\\/skyline-gs.com\\\/it\\\/#\\\/schema\\\/logo\\\/image\\\/\",\"url\":\"https:\\\/\\\/skyline-gs.com\\\/wp-content\\\/uploads\\\/2020\\\/12\\\/cropped-logo-2.png\",\"contentUrl\":\"https:\\\/\\\/skyline-gs.com\\\/wp-content\\\/uploads\\\/2020\\\/12\\\/cropped-logo-2.png\",\"width\":512,\"height\":512,\"caption\":\"\u042d\u043a\u0441\u043a\u0443\u0440\u0441\u0438\u0438 Skyline\"},\"image\":{\"@id\":\"https:\\\/\\\/skyline-gs.com\\\/it\\\/#\\\/schema\\\/logo\\\/image\\\/\"},\"sameAs\":[\"https:\\\/\\\/www.instagram.com\\\/skylineglobalservice\\\/\"]}]}<\/script>\n<!-- \/ Yoast SEO plugin. -->","yoast_head_json":{"title":"Az igazs\u00e1g szent\u00e9lye - Skyline Tours","robots":{"index":"index","follow":"follow","max-snippet":"max-snippet:-1","max-image-preview":"max-image-preview:large","max-video-preview":"max-video-preview:-1"},"canonical":"http:\/\/skyline-gs.com\/hu\/termek\/sanctuary-of-truth\/","og_locale":"hu_HU","og_type":"article","og_title":"\u0425\u0440\u0430\u043c \u0418\u0441\u0442\u0438\u043d\u044b (Sanctuary of Truth) &#8226; \u042d\u043a\u0441\u043a\u0443\u0440\u0441\u0438\u0438 Skyline","og_description":"\u0412\u0440\u0435\u043c\u044f \u0442\u0443\u0440\u0430 \u0438 \u0434\u043d\u0438 \u043f\u0440\u043e\u0432\u0435\u0434\u0435\u043d\u0438\u044f:\u0412\u044b\u0435\u0437\u0434 \u0438\u0437 \u043e\u0442\u0435\u043b\u044f: 10:15\u0422\u0443\u0440 \u043f\u0440\u043e\u0445\u043e\u0434\u0438\u0442 \u0435\u0436\u0435\u0434\u043d\u0435\u0432\u043d\u043e.","og_url":"http:\/\/skyline-gs.com\/hu\/termek\/sanctuary-of-truth\/","og_site_name":"\u042d\u043a\u0441\u043a\u0443\u0440\u0441\u0438\u0438 Skyline","article_modified_time":"2025-09-23T19:53:32+00:00","og_image":[{"width":591,"height":394,"url":"https:\/\/skyline-gs.com\/wp-content\/uploads\/2025\/09\/hram-istinyi-v-pattaye_0.jpg-e1765911900626.webp","type":"image\/webp"}],"twitter_card":"summary_large_image","twitter_misc":{"Becs\u00fclt olvas\u00e1si id\u0151":"2 perc"},"schema":{"@context":"https:\/\/schema.org","@graph":[{"@type":"WebPage","@id":"http:\/\/skyline-gs.com\/de\/produkt\/sanctuary-of-truth\/","url":"http:\/\/skyline-gs.com\/de\/produkt\/sanctuary-of-truth\/","name":"Az igazs\u00e1g szent\u00e9lye - Skyline Tours","isPartOf":{"@id":"https:\/\/skyline-gs.com\/it\/#website"},"primaryImageOfPage":{"@id":"http:\/\/skyline-gs.com\/de\/produkt\/sanctuary-of-truth\/#primaryimage"},"image":{"@id":"http:\/\/skyline-gs.com\/de\/produkt\/sanctuary-of-truth\/#primaryimage"},"thumbnailUrl":"https:\/\/skyline-gs.com\/wp-content\/uploads\/2025\/09\/hram-istinyi-v-pattaye_0.jpg-e1765911900626.webp","datePublished":"2025-09-23T18:59:50+00:00","dateModified":"2025-09-23T19:53:32+00:00","breadcrumb":{"@id":"http:\/\/skyline-gs.com\/de\/produkt\/sanctuary-of-truth\/#breadcrumb"},"inLanguage":"hu","potentialAction":[{"@type":"ReadAction","target":["http:\/\/skyline-gs.com\/de\/produkt\/sanctuary-of-truth\/"]}]},{"@type":"ImageObject","inLanguage":"hu","@id":"http:\/\/skyline-gs.com\/de\/produkt\/sanctuary-of-truth\/#primaryimage","url":"https:\/\/skyline-gs.com\/wp-content\/uploads\/2025\/09\/hram-istinyi-v-pattaye_0.jpg-e1765911900626.webp","contentUrl":"https:\/\/skyline-gs.com\/wp-content\/uploads\/2025\/09\/hram-istinyi-v-pattaye_0.jpg-e1765911900626.webp","width":591,"height":394},{"@type":"BreadcrumbList","@id":"http:\/\/skyline-gs.com\/de\/produkt\/sanctuary-of-truth\/#breadcrumb","itemListElement":[{"@type":"ListItem","position":1,"name":"\u0413\u043b\u0430\u0432\u043d\u0430\u044f \u0441\u0442\u0440\u0430\u043d\u0438\u0446\u0430","item":"https:\/\/skyline-gs.com\/hu\/"},{"@type":"ListItem","position":2,"name":"\u041c\u0430\u0433\u0430\u0437\u0438\u043d","item":"https:\/\/skyline-gs.com\/cs\/shop\/"},{"@type":"ListItem","position":3,"name":"\u0425\u0440\u0430\u043c \u0418\u0441\u0442\u0438\u043d\u044b (Sanctuary of Truth)"}]},{"@type":"WebSite","@id":"https:\/\/skyline-gs.com\/it\/#website","url":"https:\/\/skyline-gs.com\/it\/","name":"Skyline T\u00far\u00e1k","description":"Exkluz\u00edv kir\u00e1ndul\u00e1sok a vil\u00e1g legjobb \u00fcd\u00fcl\u0151helyein","publisher":{"@id":"https:\/\/skyline-gs.com\/it\/#organization"},"alternateName":"Skyline","potentialAction":[{"@type":"SearchAction","target":{"@type":"EntryPoint","urlTemplate":"https:\/\/skyline-gs.com\/it\/?s={search_term_string}"},"query-input":{"@type":"PropertyValueSpecification","valueRequired":true,"valueName":"search_term_string"}}],"inLanguage":"hu"},{"@type":"Organization","@id":"https:\/\/skyline-gs.com\/it\/#organization","name":"Skyline T\u00far\u00e1k","alternateName":"\u042d\u043a\u0441\u043a\u0443\u0440\u0441\u0438\u0438 Skyline","url":"https:\/\/skyline-gs.com\/it\/","logo":{"@type":"ImageObject","inLanguage":"hu","@id":"https:\/\/skyline-gs.com\/it\/#\/schema\/logo\/image\/","url":"https:\/\/skyline-gs.com\/wp-content\/uploads\/2020\/12\/cropped-logo-2.png","contentUrl":"https:\/\/skyline-gs.com\/wp-content\/uploads\/2020\/12\/cropped-logo-2.png","width":512,"height":512,"caption":"\u042d\u043a\u0441\u043a\u0443\u0440\u0441\u0438\u0438 Skyline"},"image":{"@id":"https:\/\/skyline-gs.com\/it\/#\/schema\/logo\/image\/"},"sameAs":["https:\/\/www.instagram.com\/skylineglobalservice\/"]}]}},"_links":{"self":[{"href":"https:\/\/skyline-gs.com\/hu\/wp-json\/wp\/v2\/product\/66351","targetHints":{"allow":["GET"]}}],"collection":[{"href":"https:\/\/skyline-gs.com\/hu\/wp-json\/wp\/v2\/product"}],"about":[{"href":"https:\/\/skyline-gs.com\/hu\/wp-json\/wp\/v2\/types\/product"}],"version-history":[{"count":0,"href":"https:\/\/skyline-gs.com\/hu\/wp-json\/wp\/v2\/product\/66351\/revisions"}],"wp:featuredmedia":[{"embeddable":true,"href":"https:\/\/skyline-gs.com\/hu\/wp-json\/wp\/v2\/media\/66360"}],"wp:attachment":[{"href":"https:\/\/skyline-gs.com\/hu\/wp-json\/wp\/v2\/media?parent=66351"}],"wp:term":[{"taxonomy":"product_brand","embeddable":true,"href":"https:\/\/skyline-gs.com\/hu\/wp-json\/wp\/v2\/product_brand?post=66351"},{"taxonomy":"product_cat","embeddable":true,"href":"https:\/\/skyline-gs.com\/hu\/wp-json\/wp\/v2\/product_cat?post=66351"},{"taxonomy":"product_tag","embeddable":true,"href":"https:\/\/skyline-gs.com\/hu\/wp-json\/wp\/v2\/product_tag?post=66351"}],"curies":[{"name":"wp","href":"https:\/\/api.w.org\/{rel}","templated":true}]}}