{"id":66189,"date":"2025-09-20T18:08:47","date_gmt":"2025-09-20T16:08:47","guid":{"rendered":"http:\/\/skyline-gs.com\/?post_type=product&#038;p=66189"},"modified":"2025-09-23T22:08:34","modified_gmt":"2025-09-23T20:08:34","slug":"wat-yan-temple-complex","status":"publish","type":"product","link":"https:\/\/skyline-gs.com\/hu\/product\/wat-yan-temple-complex\/","title":{"rendered":"Wat Yang templomkomplexum"},"content":{"rendered":"<p>Egy gazdag t\u00fara, amely felt\u00e1rja a r\u00e9gi\u00f3 sokr\u00e9t\u0171 kult\u00far\u00e1j\u00e1t \u00e9s spiritualit\u00e1s\u00e1t. \u0150si templomokat, kolostorokat l\u00e1togatunk meg, buddhista szertart\u00e1sokat, kultur\u00e1lis r\u00edtusokat \u00e9s helyi hagyom\u00e1nyokat l\u00e1thatunk, valamint lehet\u0151s\u00e9g\u00fcnk ny\u00edlik elmer\u00fclni a term\u00e9szet \u00e9s a csend hangulat\u00e1ban.<\/p>\n<p data-start=\"474\" data-end=\"809\"><strong data-start=\"474\" data-end=\"488\">Program: <\/strong><\/p>\n<p data-start=\"1170\" data-end=\"1263\">\u0412\u044b \u043e\u0442\u043f\u0440\u0430\u0432\u043b\u044f\u0435\u0442\u0435\u0441\u044c \u0438\u0437 \u043e\u0442\u0435\u043b\u044f \u0443\u0442\u0440\u043e\u043c \u0438\u043b\u0438 \u043f\u043e\u0441\u043b\u0435 \u043e\u0431\u0435\u0434\u0430, \u0432 \u0437\u0430\u0432\u0438\u0441\u0438\u043c\u043e\u0441\u0442\u0438 \u043e\u0442 \u0432\u0430\u0440\u0438\u0430\u043d\u0442\u0430.<\/p>\n<p>\u0412 \u0445\u043e\u0434\u0435 \u044d\u043a\u0441\u043a\u0443\u0440\u0441\u0438\u0438:<\/p>\n<ul>\n<li>L\u00e1togat\u00e1s a karen hossz\u00fanyak\u00fa n\u0151k faluj\u00e1ban - ismerked\u00e9s a hagyom\u00e1nyokkal, ruh\u00e1zattal, legend\u00e1kkal, n\u0151i k\u00e9zm\u0171vess\u00e9ggel.<\/li>\n<li data-start=\"1170\" data-end=\"1263\">L\u00e1togat\u00e1s a Wat Yansangvararam kolostorban: pihentet\u0151 s\u00e9ta a kolostor ter\u00fclet\u00e9n, az \u00e9p\u00edt\u00e9szet \u00e9s a t\u00f6rt\u00e9nelem megtekint\u00e9se.<\/li>\n<li data-start=\"1170\" data-end=\"1263\">A megvil\u00e1gosodott szerzetesek viaszfigur\u00e1inak m\u00fazeuma.<\/li>\n<li data-start=\"1170\" data-end=\"1263\">L\u00f3tusz-t\u00f3 \u00e9s a \"karma megtiszt\u00edt\u00e1sa\" ritu\u00e1l\u00e9: 200 l\u00e9p\u00e9s a spiritu\u00e1lis felemelked\u00e9s\u00e9rt, halak etet\u00e9se, \u00e9l\u0151l\u00e9nyek v\u00edzbe enged\u00e9se - fakultat\u00edv.<\/li>\n<li data-start=\"1170\" data-end=\"1263\">Arany Buddha-hegy - Khao Chi Chan egy hatalmas, szikl\u00e1ba v\u00e1jt aranysz\u00edn\u0171 buddhista k\u00e9p.<\/li>\n<li data-start=\"1170\" data-end=\"1263\">Ha az \u00e1llatkerti kapcsolattart\u00e1s opci\u00f3t v\u00e1lasztja - az \u00e1llatkertben tett l\u00e1togat\u00e1s, az \u00e1llatokkal val\u00f3 interakci\u00f3 lehet\u0151s\u00e9ge.<\/li>\n<li data-start=\"1170\" data-end=\"1263\">Ha a \"Kudarcok temet\u00e9se\" szertart\u00e1s szerepel - vegyen r\u00e9szt a szertart\u00e1son \u00e1ld\u00e1sokkal \u00e9s mantraszaval\u00e1ssal.<\/li>\n<\/ul>\n<p data-start=\"1233\" data-end=\"1656\"><strong style=\"font-family: var(--global-body-font-family);\">Tartalmazza:<\/strong><\/p>\n<ul>\n<li>Transzfer a sz\u00e1llod\u00e1b\u00f3l \u00e9s vissza<\/li>\n<li>Minden bel\u00e9p\u0151jegy a program szerint<\/li>\n<li>Magyarul besz\u00e9l\u0151 idegenvezet\u0151<\/li>\n<li><span style=\"font-family: var(--global-body-font-family);\">Biztos\u00edt\u00e1s<\/span><\/li>\n<\/ul>\n<p><strong>Vigy\u00e9l magaddal:<\/strong><\/p>\n<ul>\n<li>\u00datlev\u00e9lm\u00e1solat<\/li>\n<li>A v\u00e1llakat \u00e9s a t\u00e9rdeket fed\u0151 ruh\u00e1zat.<\/li>\n<li>K\u00e9nyelmes cip\u0151<\/li>\n<li>Fejfed\u0151, napszem\u00fcveg<\/li>\n<li>fot\u00f3\/videokamera<\/li>\n<li>P\u00e9nz szem\u00e9lyes kiad\u00e1sokra \u00e9s esetleges hozz\u00e1j\u00e1rul\u00e1sok szertart\u00e1sokhoz, \u00e9telekhez, aj\u00e1nd\u00e9kt\u00e1rgyakhoz.<\/li>\n<\/ul>\n<p data-start=\"2105\" data-end=\"2137\"><strong data-start=\"2105\" data-end=\"2135\">Tov\u00e1bbi inform\u00e1ci\u00f3k:<\/strong><\/p>\n<ul>\n<li>A 2-3 \u00e9v alatti gyermekek (legfeljebb ~90 cm) \u00e1ltal\u00e1ban ingyenesen, k\u00fcl\u00f6n \u00fcl\u0151hely n\u00e9lk\u00fcl utazhatnak a buszon.<\/li>\n<li>A program v\u00e1ltozhat: reggeli \u00e9s esti v\u00e1ltozatok, szem\u00e9lyre szabott v\u00e1ltozatok, amelyek tov\u00e1bbi opci\u00f3kat tartalmaznak.<\/li>\n<li>A karm\u00e1val \u00e9s a temet\u00e9si kudarccal kapcsolatos szertart\u00e1sokon r\u00e9szt kell venni, ha k\u00edv\u00e1natos, \u00e9s a helysz\u00ednen tov\u00e1bbi d\u00edjat lehet fizetni.<\/li>\n<\/ul>","protected":false},"excerpt":{"rendered":"<p><strong>Kir\u00e1ndul\u00e1s Id\u0151pontja:<\/strong><br \/>\n\u0423\u0442\u0440\u0435\u043d\u043d\u044f\u044f \u043f\u0440\u043e\u0433\u0440\u0430\u043c\u043c\u0430 \u0441 8:00 \u0434\u043e 15:00;<br \/>\n\u0412\u0435\u0447\u0435\u0440\u043d\u044f\u044f \u043f\u0440\u043e\u0433\u0440\u0430\u043c\u043c\u0430 \u2014 \u0441 13:30 \u0434\u043e 20:30.<br \/>\n<strong>A Kir\u00e1ndul\u00e1s Napjai:<\/strong> Napi<\/p>","protected":false},"featured_media":66197,"template":"","meta":{"_kad_post_transparent":"default","_kad_post_title":"","_kad_post_layout":"default","_kad_post_sidebar_id":"","_kad_post_content_style":"default","_kad_post_vertical_padding":"default","_kad_post_feature":"","_kad_post_feature_position":"","_kad_post_header":false,"_kad_post_footer":false,"_kad_post_classname":"","_glsr_average":0,"_glsr_ranking":0,"_glsr_reviews":0},"product_brand":[],"product_cat":[507],"product_tag":[],"class_list":{"0":"post-66189","1":"product","2":"type-product","3":"status-publish","4":"has-post-thumbnail","6":"product_cat-pattaya","7":"tm-has-options","9":"first","10":"instock","11":"sold-individually","12":"taxable","13":"shipping-taxable","14":"purchasable","15":"product-type-simple","16":"entry","17":"content-bg","18":"loop-entry"},"yoast_head":"<!-- This site is optimized with the Yoast SEO plugin v27.3 - https:\/\/yoast.com\/product\/yoast-seo-wordpress\/ -->\n<title>\u0425\u0440\u0430\u043c\u043e\u0432\u044b\u0439 \u043a\u043e\u043c\u043f\u043b\u0435\u043a\u0441 \u0412\u0430\u0442 \u042f\u043d &#8226; \u042d\u043a\u0441\u043a\u0443\u0440\u0441\u0438\u0438 Skyline<\/title>\n<meta name=\"robots\" content=\"index, follow, max-snippet:-1, max-image-preview:large, max-video-preview:-1\" \/>\n<link rel=\"canonical\" href=\"https:\/\/skyline-gs.com\/hu\/termek\/wat-yan-temple-complex\/\" \/>\n<meta property=\"og:locale\" content=\"hu_HU\" \/>\n<meta property=\"og:type\" content=\"article\" \/>\n<meta property=\"og:title\" content=\"\u0425\u0440\u0430\u043c\u043e\u0432\u044b\u0439 \u043a\u043e\u043c\u043f\u043b\u0435\u043a\u0441 \u0412\u0430\u0442 \u042f\u043d &#8226; \u042d\u043a\u0441\u043a\u0443\u0440\u0441\u0438\u0438 Skyline\" \/>\n<meta property=\"og:description\" content=\"\u0412\u0440\u0435\u043c\u044f \u0442\u0443\u0440\u0430: \u0423\u0442\u0440\u0435\u043d\u043d\u044f\u044f \u043f\u0440\u043e\u0433\u0440\u0430\u043c\u043c\u0430 \u0441 8:00 \u0434\u043e 15:00; \u0412\u0435\u0447\u0435\u0440\u043d\u044f\u044f \u043f\u0440\u043e\u0433\u0440\u0430\u043c\u043c\u0430 \u2014 \u0441 13:30 \u0434\u043e 20:30. \u0414\u043d\u0438 \u043f\u0440\u043e\u0432\u0435\u0434\u0435\u043d\u0438\u044f: \u0415\u0436\u0435\u0434\u043d\u0435\u0432\u043d\u043e\" \/>\n<meta property=\"og:url\" content=\"https:\/\/skyline-gs.com\/hu\/termek\/wat-yan-temple-complex\/\" \/>\n<meta property=\"og:site_name\" content=\"\u042d\u043a\u0441\u043a\u0443\u0440\u0441\u0438\u0438 Skyline\" \/>\n<meta property=\"article:modified_time\" content=\"2025-09-23T20:08:34+00:00\" \/>\n<meta property=\"og:image\" content=\"https:\/\/skyline-gs.com\/wp-content\/uploads\/2025\/09\/img_8773_0.jpg-e1765911599291.webp\" \/>\n\t<meta property=\"og:image:width\" content=\"1108\" \/>\n\t<meta property=\"og:image:height\" content=\"740\" \/>\n\t<meta property=\"og:image:type\" content=\"image\/webp\" \/>\n<meta name=\"twitter:card\" content=\"summary_large_image\" \/>\n<meta name=\"twitter:label1\" content=\"Becs\u00fclt olvas\u00e1si id\u0151\" \/>\n\t<meta name=\"twitter:data1\" content=\"2 perc\" \/>\n<script type=\"application\/ld+json\" class=\"yoast-schema-graph\">{\"@context\":\"https:\\\/\\\/schema.org\",\"@graph\":[{\"@type\":\"WebPage\",\"@id\":\"https:\\\/\\\/skyline-gs.com\\\/de\\\/produkt\\\/wat-yan-temple-complex\\\/\",\"url\":\"https:\\\/\\\/skyline-gs.com\\\/de\\\/produkt\\\/wat-yan-temple-complex\\\/\",\"name\":\"\u0425\u0440\u0430\u043c\u043e\u0432\u044b\u0439 \u043a\u043e\u043c\u043f\u043b\u0435\u043a\u0441 \u0412\u0430\u0442 \u042f\u043d &#8226; \u042d\u043a\u0441\u043a\u0443\u0440\u0441\u0438\u0438 Skyline\",\"isPartOf\":{\"@id\":\"https:\\\/\\\/skyline-gs.com\\\/it\\\/#website\"},\"primaryImageOfPage\":{\"@id\":\"https:\\\/\\\/skyline-gs.com\\\/de\\\/produkt\\\/wat-yan-temple-complex\\\/#primaryimage\"},\"image\":{\"@id\":\"https:\\\/\\\/skyline-gs.com\\\/de\\\/produkt\\\/wat-yan-temple-complex\\\/#primaryimage\"},\"thumbnailUrl\":\"https:\\\/\\\/skyline-gs.com\\\/wp-content\\\/uploads\\\/2025\\\/09\\\/img_8773_0.jpg-e1765911599291.webp\",\"datePublished\":\"2025-09-20T16:08:47+00:00\",\"dateModified\":\"2025-09-23T20:08:34+00:00\",\"breadcrumb\":{\"@id\":\"https:\\\/\\\/skyline-gs.com\\\/de\\\/produkt\\\/wat-yan-temple-complex\\\/#breadcrumb\"},\"inLanguage\":\"hu\",\"potentialAction\":[{\"@type\":\"ReadAction\",\"target\":[\"https:\\\/\\\/skyline-gs.com\\\/de\\\/produkt\\\/wat-yan-temple-complex\\\/\"]}]},{\"@type\":\"ImageObject\",\"inLanguage\":\"hu\",\"@id\":\"https:\\\/\\\/skyline-gs.com\\\/de\\\/produkt\\\/wat-yan-temple-complex\\\/#primaryimage\",\"url\":\"https:\\\/\\\/skyline-gs.com\\\/wp-content\\\/uploads\\\/2025\\\/09\\\/img_8773_0.jpg-e1765911599291.webp\",\"contentUrl\":\"https:\\\/\\\/skyline-gs.com\\\/wp-content\\\/uploads\\\/2025\\\/09\\\/img_8773_0.jpg-e1765911599291.webp\",\"width\":1108,\"height\":740},{\"@type\":\"BreadcrumbList\",\"@id\":\"https:\\\/\\\/skyline-gs.com\\\/de\\\/produkt\\\/wat-yan-temple-complex\\\/#breadcrumb\",\"itemListElement\":[{\"@type\":\"ListItem\",\"position\":1,\"name\":\"\u0413\u043b\u0430\u0432\u043d\u0430\u044f \u0441\u0442\u0440\u0430\u043d\u0438\u0446\u0430\",\"item\":\"https:\\\/\\\/skyline-gs.com\\\/hu\\\/\"},{\"@type\":\"ListItem\",\"position\":2,\"name\":\"\u041c\u0430\u0433\u0430\u0437\u0438\u043d\",\"item\":\"https:\\\/\\\/skyline-gs.com\\\/cs\\\/shop\\\/\"},{\"@type\":\"ListItem\",\"position\":3,\"name\":\"\u0425\u0440\u0430\u043c\u043e\u0432\u044b\u0439 \u043a\u043e\u043c\u043f\u043b\u0435\u043a\u0441 \u0412\u0430\u0442 \u042f\u043d\"}]},{\"@type\":\"WebSite\",\"@id\":\"https:\\\/\\\/skyline-gs.com\\\/it\\\/#website\",\"url\":\"https:\\\/\\\/skyline-gs.com\\\/it\\\/\",\"name\":\"\u042d\u043a\u0441\u043a\u0443\u0440\u0441\u0438\u0438 Skyline\",\"description\":\"\u042d\u043a\u0441\u043a\u043b\u044e\u0437\u0438\u0432\u043d\u044b\u0435 \u044d\u043a\u0441\u043a\u0443\u0440\u0441\u0438\u0438 \u043d\u0430 \u043b\u0443\u0447\u0448\u0438\u0445 \u043a\u0443\u0440\u043e\u0440\u0442\u0430\u0445 \u043c\u0438\u0440\u0430\",\"publisher\":{\"@id\":\"https:\\\/\\\/skyline-gs.com\\\/it\\\/#organization\"},\"alternateName\":\"Skyline\",\"potentialAction\":[{\"@type\":\"SearchAction\",\"target\":{\"@type\":\"EntryPoint\",\"urlTemplate\":\"https:\\\/\\\/skyline-gs.com\\\/it\\\/?s={search_term_string}\"},\"query-input\":{\"@type\":\"PropertyValueSpecification\",\"valueRequired\":true,\"valueName\":\"search_term_string\"}}],\"inLanguage\":\"hu\"},{\"@type\":\"Organization\",\"@id\":\"https:\\\/\\\/skyline-gs.com\\\/it\\\/#organization\",\"name\":\"\u042d\u043a\u0441\u043a\u0443\u0440\u0441\u0438\u0438 Skyline\",\"alternateName\":\"\u042d\u043a\u0441\u043a\u0443\u0440\u0441\u0438\u0438 Skyline\",\"url\":\"https:\\\/\\\/skyline-gs.com\\\/it\\\/\",\"logo\":{\"@type\":\"ImageObject\",\"inLanguage\":\"hu\",\"@id\":\"https:\\\/\\\/skyline-gs.com\\\/it\\\/#\\\/schema\\\/logo\\\/image\\\/\",\"url\":\"https:\\\/\\\/skyline-gs.com\\\/wp-content\\\/uploads\\\/2020\\\/12\\\/cropped-logo-2.png\",\"contentUrl\":\"https:\\\/\\\/skyline-gs.com\\\/wp-content\\\/uploads\\\/2020\\\/12\\\/cropped-logo-2.png\",\"width\":512,\"height\":512,\"caption\":\"\u042d\u043a\u0441\u043a\u0443\u0440\u0441\u0438\u0438 Skyline\"},\"image\":{\"@id\":\"https:\\\/\\\/skyline-gs.com\\\/it\\\/#\\\/schema\\\/logo\\\/image\\\/\"},\"sameAs\":[\"https:\\\/\\\/www.instagram.com\\\/skylineglobalservice\\\/\"]}]}<\/script>\n<!-- \/ Yoast SEO plugin. -->","yoast_head_json":{"title":"Wat Yang templomkomplexum - Skyline Tours","robots":{"index":"index","follow":"follow","max-snippet":"max-snippet:-1","max-image-preview":"max-image-preview:large","max-video-preview":"max-video-preview:-1"},"canonical":"https:\/\/skyline-gs.com\/hu\/termek\/wat-yan-temple-complex\/","og_locale":"hu_HU","og_type":"article","og_title":"\u0425\u0440\u0430\u043c\u043e\u0432\u044b\u0439 \u043a\u043e\u043c\u043f\u043b\u0435\u043a\u0441 \u0412\u0430\u0442 \u042f\u043d &#8226; \u042d\u043a\u0441\u043a\u0443\u0440\u0441\u0438\u0438 Skyline","og_description":"\u0412\u0440\u0435\u043c\u044f \u0442\u0443\u0440\u0430: \u0423\u0442\u0440\u0435\u043d\u043d\u044f\u044f \u043f\u0440\u043e\u0433\u0440\u0430\u043c\u043c\u0430 \u0441 8:00 \u0434\u043e 15:00; \u0412\u0435\u0447\u0435\u0440\u043d\u044f\u044f \u043f\u0440\u043e\u0433\u0440\u0430\u043c\u043c\u0430 \u2014 \u0441 13:30 \u0434\u043e 20:30. \u0414\u043d\u0438 \u043f\u0440\u043e\u0432\u0435\u0434\u0435\u043d\u0438\u044f: \u0415\u0436\u0435\u0434\u043d\u0435\u0432\u043d\u043e","og_url":"https:\/\/skyline-gs.com\/hu\/termek\/wat-yan-temple-complex\/","og_site_name":"\u042d\u043a\u0441\u043a\u0443\u0440\u0441\u0438\u0438 Skyline","article_modified_time":"2025-09-23T20:08:34+00:00","og_image":[{"width":1108,"height":740,"url":"https:\/\/skyline-gs.com\/wp-content\/uploads\/2025\/09\/img_8773_0.jpg-e1765911599291.webp","type":"image\/webp"}],"twitter_card":"summary_large_image","twitter_misc":{"Becs\u00fclt olvas\u00e1si id\u0151":"2 perc"},"schema":{"@context":"https:\/\/schema.org","@graph":[{"@type":"WebPage","@id":"https:\/\/skyline-gs.com\/de\/produkt\/wat-yan-temple-complex\/","url":"https:\/\/skyline-gs.com\/de\/produkt\/wat-yan-temple-complex\/","name":"Wat Yang templomkomplexum - Skyline Tours","isPartOf":{"@id":"https:\/\/skyline-gs.com\/it\/#website"},"primaryImageOfPage":{"@id":"https:\/\/skyline-gs.com\/de\/produkt\/wat-yan-temple-complex\/#primaryimage"},"image":{"@id":"https:\/\/skyline-gs.com\/de\/produkt\/wat-yan-temple-complex\/#primaryimage"},"thumbnailUrl":"https:\/\/skyline-gs.com\/wp-content\/uploads\/2025\/09\/img_8773_0.jpg-e1765911599291.webp","datePublished":"2025-09-20T16:08:47+00:00","dateModified":"2025-09-23T20:08:34+00:00","breadcrumb":{"@id":"https:\/\/skyline-gs.com\/de\/produkt\/wat-yan-temple-complex\/#breadcrumb"},"inLanguage":"hu","potentialAction":[{"@type":"ReadAction","target":["https:\/\/skyline-gs.com\/de\/produkt\/wat-yan-temple-complex\/"]}]},{"@type":"ImageObject","inLanguage":"hu","@id":"https:\/\/skyline-gs.com\/de\/produkt\/wat-yan-temple-complex\/#primaryimage","url":"https:\/\/skyline-gs.com\/wp-content\/uploads\/2025\/09\/img_8773_0.jpg-e1765911599291.webp","contentUrl":"https:\/\/skyline-gs.com\/wp-content\/uploads\/2025\/09\/img_8773_0.jpg-e1765911599291.webp","width":1108,"height":740},{"@type":"BreadcrumbList","@id":"https:\/\/skyline-gs.com\/de\/produkt\/wat-yan-temple-complex\/#breadcrumb","itemListElement":[{"@type":"ListItem","position":1,"name":"\u0413\u043b\u0430\u0432\u043d\u0430\u044f \u0441\u0442\u0440\u0430\u043d\u0438\u0446\u0430","item":"https:\/\/skyline-gs.com\/hu\/"},{"@type":"ListItem","position":2,"name":"\u041c\u0430\u0433\u0430\u0437\u0438\u043d","item":"https:\/\/skyline-gs.com\/cs\/shop\/"},{"@type":"ListItem","position":3,"name":"\u0425\u0440\u0430\u043c\u043e\u0432\u044b\u0439 \u043a\u043e\u043c\u043f\u043b\u0435\u043a\u0441 \u0412\u0430\u0442 \u042f\u043d"}]},{"@type":"WebSite","@id":"https:\/\/skyline-gs.com\/it\/#website","url":"https:\/\/skyline-gs.com\/it\/","name":"Skyline T\u00far\u00e1k","description":"Exkluz\u00edv kir\u00e1ndul\u00e1sok a vil\u00e1g legjobb \u00fcd\u00fcl\u0151helyein","publisher":{"@id":"https:\/\/skyline-gs.com\/it\/#organization"},"alternateName":"Skyline","potentialAction":[{"@type":"SearchAction","target":{"@type":"EntryPoint","urlTemplate":"https:\/\/skyline-gs.com\/it\/?s={search_term_string}"},"query-input":{"@type":"PropertyValueSpecification","valueRequired":true,"valueName":"search_term_string"}}],"inLanguage":"hu"},{"@type":"Organization","@id":"https:\/\/skyline-gs.com\/it\/#organization","name":"Skyline T\u00far\u00e1k","alternateName":"\u042d\u043a\u0441\u043a\u0443\u0440\u0441\u0438\u0438 Skyline","url":"https:\/\/skyline-gs.com\/it\/","logo":{"@type":"ImageObject","inLanguage":"hu","@id":"https:\/\/skyline-gs.com\/it\/#\/schema\/logo\/image\/","url":"https:\/\/skyline-gs.com\/wp-content\/uploads\/2020\/12\/cropped-logo-2.png","contentUrl":"https:\/\/skyline-gs.com\/wp-content\/uploads\/2020\/12\/cropped-logo-2.png","width":512,"height":512,"caption":"\u042d\u043a\u0441\u043a\u0443\u0440\u0441\u0438\u0438 Skyline"},"image":{"@id":"https:\/\/skyline-gs.com\/it\/#\/schema\/logo\/image\/"},"sameAs":["https:\/\/www.instagram.com\/skylineglobalservice\/"]}]}},"_links":{"self":[{"href":"https:\/\/skyline-gs.com\/hu\/wp-json\/wp\/v2\/product\/66189","targetHints":{"allow":["GET"]}}],"collection":[{"href":"https:\/\/skyline-gs.com\/hu\/wp-json\/wp\/v2\/product"}],"about":[{"href":"https:\/\/skyline-gs.com\/hu\/wp-json\/wp\/v2\/types\/product"}],"version-history":[{"count":0,"href":"https:\/\/skyline-gs.com\/hu\/wp-json\/wp\/v2\/product\/66189\/revisions"}],"wp:featuredmedia":[{"embeddable":true,"href":"https:\/\/skyline-gs.com\/hu\/wp-json\/wp\/v2\/media\/66197"}],"wp:attachment":[{"href":"https:\/\/skyline-gs.com\/hu\/wp-json\/wp\/v2\/media?parent=66189"}],"wp:term":[{"taxonomy":"product_brand","embeddable":true,"href":"https:\/\/skyline-gs.com\/hu\/wp-json\/wp\/v2\/product_brand?post=66189"},{"taxonomy":"product_cat","embeddable":true,"href":"https:\/\/skyline-gs.com\/hu\/wp-json\/wp\/v2\/product_cat?post=66189"},{"taxonomy":"product_tag","embeddable":true,"href":"https:\/\/skyline-gs.com\/hu\/wp-json\/wp\/v2\/product_tag?post=66189"}],"curies":[{"name":"wp","href":"https:\/\/api.w.org\/{rel}","templated":true}]}}