{"id":66153,"date":"2025-09-20T14:29:54","date_gmt":"2025-09-20T12:29:54","guid":{"rendered":"http:\/\/skyline-gs.com\/?post_type=product&#038;p=66153"},"modified":"2025-09-20T14:59:03","modified_gmt":"2025-09-20T12:59:03","slug":"river-of-time-ayutthaya-bangkok-cruise","status":"publish","type":"product","link":"https:\/\/skyline-gs.com\/hu\/product\/river-of-time-ayutthaya-bangkok-cruise\/","title":{"rendered":"Az id\u0151 foly\u00f3ja: Ayutthaya-Bangkok k\u00f6rutaz\u00e1s"},"content":{"rendered":"<p><strong>Fedezze fel Thaif\u00f6ld t\u00f6rt\u00e9nelm\u00e9nek k\u00e9t fejezet\u00e9t - az \u0151si Ayutthay\u00e1t \u00e9s a modern Bangkokot.<\/strong> egy nap alatt. A t\u00fara tele van templomokkal, legend\u00e1kkal, ritu\u00e1l\u00e9kkal, fest\u0151i s\u00e9tahaj\u00f3z\u00e1ssal \u00e9s remek \u00e9telekkel - minden, hogy a nap \u00e9l\u00e9nk eml\u00e9keket hagyjon maga ut\u00e1n!<\/p>\n<p data-start=\"474\" data-end=\"809\"><strong data-start=\"474\" data-end=\"488\">Program: <\/strong><\/p>\n<p data-start=\"474\" data-end=\"809\">Kijelentkez\u00e9s a sz\u00e1llod\u00e1b\u00f3l a kora reggeli \u00f3r\u00e1kban.<\/p>\n<p data-start=\"474\" data-end=\"809\">Az els\u0151 meg\u00e1ll\u00f3 a S\u00edr\u00f3 Buddha temploma: itt a j\u00f3s\u00e1g \u00e9s a szeretet vonz\u00e1s\u00e1ra szolg\u00e1l\u00f3 ritu\u00e1l\u00e9t tartanak, szent harcs\u00e1k etet\u00e9s\u00e9vel.<\/p>\n<p data-start=\"474\" data-end=\"809\">Ezut\u00e1n k\u00f6vetkezik a Nagy ereklyetemplom, amelyet a puszt\u00edt\u00e1s ut\u00e1n \u00e9p\u00edtettek \u00fajj\u00e1, Buddha erekly\u00e9ivel \u00e9s a h\u00edres gy\u00f6k\u00e9rf\u00e1val.<\/p>\n<p data-start=\"474\" data-end=\"809\">Azt\u00e1n - a Mortal Kombat templom, ismer\u0151s a filmb\u0151l, a khmer \u00e9p\u00edt\u00e9szet p\u00e9ld\u00e1i. A templom ut\u00e1n sz\u00e1lljon fel egy k\u00e9nyelmes, k\u00e9tfed\u00e9lzet\u0171 s\u00e9tahaj\u00f3ra, ahol sv\u00e9dasztalos eb\u00e9det fogyaszthat \u00e9s pihenhet, mik\u00f6zben gy\u00f6ny\u00f6rk\u00f6dhet a folyami t\u00e1jban.<\/p>\n<p data-start=\"474\" data-end=\"809\">V\u00e9g\u00fcl - \u00e9rkez\u00e9s Bangkokba, a f\u0151v\u00e1ros k\u00f6zpontj\u00e1ba, ahol a r\u00e9gi \u00e9s az \u00faj Thaif\u00f6ld, a templomok, hidak \u00e9s felh\u0151karcol\u00f3k kontrasztj\u00e1t l\u00e1thatja.<\/p>\n<p data-start=\"1233\" data-end=\"1656\"><strong style=\"font-family: var(--global-body-font-family);\">Tartalmazza:<\/strong><\/p>\n<ul>\n<li data-start=\"1336\" data-end=\"1365\">Transzfer a sz\u00e1llod\u00e1b\u00f3l \u00e9s vissza<\/li>\n<li data-start=\"1368\" data-end=\"1423\">K\u00e9nyelmes j\u00e1rm\u0171 l\u00e9gkondicion\u00e1l\u00f3val<\/li>\n<li data-start=\"1426\" data-end=\"1445\">Orosz nyelv\u0171 idegenvezet\u0151<\/li>\n<li data-start=\"1448\" data-end=\"1492\">Bel\u00e9p\u0151jegyek a programban szerepl\u0151 \u00f6sszes templomba<\/li>\n<li data-start=\"1495\" data-end=\"1546\">B\u00fcf\u00e9eb\u00e9d a haj\u00f3n \u00e9s italok a haj\u00f3\u00faton<\/li>\n<li data-start=\"1549\" data-end=\"1580\">Utaz\u00e1s egy k\u00e9tszintes haj\u00f3val<\/li>\n<li data-start=\"1583\" data-end=\"1594\">Biztos\u00edt\u00e1s<\/li>\n<\/ul>\n<p><strong>Vigy\u00e9l magaddal:<\/strong><\/p>\n<ul>\n<li data-start=\"1627\" data-end=\"1648\">K\u00fclf\u00f6ldi \u00fatlev\u00e9l<\/li>\n<li data-start=\"1651\" data-end=\"1666\">K\u00e9nyelmes cip\u0151<\/li>\n<li data-start=\"1669\" data-end=\"1706\">Fejfed\u0151 \u00e9s napszem\u00fcveg<\/li>\n<li data-start=\"1709\" data-end=\"1733\">fot\u00f3\/video felszerel\u00e9s<\/li>\n<li data-start=\"1736\" data-end=\"1785\">v\u00e1llat \u00e9s t\u00e9rdet fed\u0151 ruh\u00e1zat (templomokn\u00e1l)<\/li>\n<\/ul>\n<p data-start=\"2105\" data-end=\"2137\"><strong data-start=\"2105\" data-end=\"2135\">Tov\u00e1bbi inform\u00e1ci\u00f3k:<\/strong><\/p>\n<ul>\n<li data-start=\"1827\" data-end=\"1905\">A t\u00fara egy eg\u00e9sz napos t\u00fara, amely alkalmas a t\u00f6rt\u00e9nelemkedvel\u0151k \u00e9s a nyugodt nyaral\u00f3k sz\u00e1m\u00e1ra.<\/li>\n<li data-start=\"1908\" data-end=\"1977\">A templom ter\u00fclet\u00e9n tartsa be az \u00f6lt\u00f6zk\u00f6d\u00e9si szab\u00e1lyokat: fedett v\u00e1llak \u00e9s t\u00e9rdek.<\/li>\n<li data-start=\"1980\" data-end=\"2067\">A visszat\u00e9r\u00e9si id\u0151k hozz\u00e1vet\u0151legesek, \u00e9s az \u00fatviszonyokt\u00f3l f\u00fcgg\u0151en v\u00e1ltozhatnak.<\/li>\n<\/ul>","protected":false},"excerpt":{"rendered":"<p><strong data-start=\"583\" data-end=\"598\">Kir\u00e1ndul\u00e1s Id\u0151pontja:<\/strong> 2 nap \/ 1 \u00e9jszaka<br data-start=\"613\" data-end=\"616\" \/><strong data-start=\"616\" data-end=\"635\">A Kir\u00e1ndul\u00e1s Napjai:<\/strong> menetrend szerint (h\u00e9tf\u0151, szerda, p\u00e9ntek stb.)<\/p>","protected":false},"featured_media":66160,"template":"","meta":{"_kad_post_transparent":"default","_kad_post_title":"","_kad_post_layout":"default","_kad_post_sidebar_id":"","_kad_post_content_style":"default","_kad_post_vertical_padding":"default","_kad_post_feature":"","_kad_post_feature_position":"","_kad_post_header":false,"_kad_post_footer":false,"_kad_post_classname":"","_glsr_average":0,"_glsr_ranking":0,"_glsr_reviews":0},"product_brand":[],"product_cat":[507],"product_tag":[],"class_list":{"0":"post-66153","1":"product","2":"type-product","3":"status-publish","4":"has-post-thumbnail","6":"product_cat-pattaya","7":"tm-has-options","9":"first","10":"instock","11":"sold-individually","12":"taxable","13":"shipping-taxable","14":"purchasable","15":"product-type-simple","16":"entry","17":"content-bg","18":"loop-entry"},"yoast_head":"<!-- This site is optimized with the Yoast SEO plugin v27.3 - https:\/\/yoast.com\/product\/yoast-seo-wordpress\/ -->\n<title>\u0420\u0435\u043a\u0430 \u0412\u0440\u0435\u043c\u0435\u043d\u0438: \u043a\u0440\u0443\u0438\u0437 \u0410\u044e\u0442\u0442\u0430\u0439\u044f-\u0411\u0430\u043d\u0433\u043a\u043e\u043a &#8226; \u042d\u043a\u0441\u043a\u0443\u0440\u0441\u0438\u0438 Skyline<\/title>\n<meta name=\"robots\" content=\"index, follow, max-snippet:-1, max-image-preview:large, max-video-preview:-1\" \/>\n<link rel=\"canonical\" href=\"http:\/\/skyline-gs.com\/hu\/termek\/river-of-time-ayutthaya-bangkok-cruise\/\" \/>\n<meta property=\"og:locale\" content=\"hu_HU\" \/>\n<meta property=\"og:type\" content=\"article\" \/>\n<meta property=\"og:title\" content=\"\u0420\u0435\u043a\u0430 \u0412\u0440\u0435\u043c\u0435\u043d\u0438: \u043a\u0440\u0443\u0438\u0437 \u0410\u044e\u0442\u0442\u0430\u0439\u044f-\u0411\u0430\u043d\u0433\u043a\u043e\u043a &#8226; \u042d\u043a\u0441\u043a\u0443\u0440\u0441\u0438\u0438 Skyline\" \/>\n<meta property=\"og:description\" content=\"\u0412\u0440\u0435\u043c\u044f \u0442\u0443\u0440\u0430: 2 \u0434\u043d\u044f \/ 1 \u043d\u043e\u0447\u044c\u0414\u043d\u0438 \u043f\u0440\u043e\u0432\u0435\u0434\u0435\u043d\u0438\u044f: \u043f\u043e \u0440\u0430\u0441\u043f\u0438\u0441\u0430\u043d\u0438\u044e (\u043f\u043e\u043d\u0435\u0434\u0435\u043b\u044c\u043d\u0438\u043a, \u0441\u0440\u0435\u0434\u0430, \u043f\u044f\u0442\u043d\u0438\u0446\u0430 \u0438 \u0434\u0440.)\" \/>\n<meta property=\"og:url\" content=\"http:\/\/skyline-gs.com\/hu\/termek\/river-of-time-ayutthaya-bangkok-cruise\/\" \/>\n<meta property=\"og:site_name\" content=\"\u042d\u043a\u0441\u043a\u0443\u0440\u0441\u0438\u0438 Skyline\" \/>\n<meta property=\"article:modified_time\" content=\"2025-09-20T12:59:03+00:00\" \/>\n<meta property=\"og:image\" content=\"https:\/\/skyline-gs.com\/wp-content\/uploads\/2025\/09\/43dcc2.jpg-e1765911336448.webp\" \/>\n\t<meta property=\"og:image:width\" content=\"1044\" \/>\n\t<meta property=\"og:image:height\" content=\"660\" \/>\n\t<meta property=\"og:image:type\" content=\"image\/webp\" \/>\n<meta name=\"twitter:card\" content=\"summary_large_image\" \/>\n<meta name=\"twitter:label1\" content=\"Becs\u00fclt olvas\u00e1si id\u0151\" \/>\n\t<meta name=\"twitter:data1\" content=\"2 perc\" \/>\n<script type=\"application\/ld+json\" class=\"yoast-schema-graph\">{\"@context\":\"https:\\\/\\\/schema.org\",\"@graph\":[{\"@type\":\"WebPage\",\"@id\":\"http:\\\/\\\/skyline-gs.com\\\/hu\\\/termek\\\/river-of-time-ayutthaya-bangkok-cruise\\\/\",\"url\":\"http:\\\/\\\/skyline-gs.com\\\/hu\\\/termek\\\/river-of-time-ayutthaya-bangkok-cruise\\\/\",\"name\":\"\u0420\u0435\u043a\u0430 \u0412\u0440\u0435\u043c\u0435\u043d\u0438: \u043a\u0440\u0443\u0438\u0437 \u0410\u044e\u0442\u0442\u0430\u0439\u044f-\u0411\u0430\u043d\u0433\u043a\u043e\u043a &#8226; \u042d\u043a\u0441\u043a\u0443\u0440\u0441\u0438\u0438 Skyline\",\"isPartOf\":{\"@id\":\"https:\\\/\\\/skyline-gs.com\\\/it\\\/#website\"},\"primaryImageOfPage\":{\"@id\":\"http:\\\/\\\/skyline-gs.com\\\/hu\\\/termek\\\/river-of-time-ayutthaya-bangkok-cruise\\\/#primaryimage\"},\"image\":{\"@id\":\"http:\\\/\\\/skyline-gs.com\\\/hu\\\/termek\\\/river-of-time-ayutthaya-bangkok-cruise\\\/#primaryimage\"},\"thumbnailUrl\":\"https:\\\/\\\/skyline-gs.com\\\/wp-content\\\/uploads\\\/2025\\\/09\\\/43dcc2.jpg-e1765911336448.webp\",\"datePublished\":\"2025-09-20T12:29:54+00:00\",\"dateModified\":\"2025-09-20T12:59:03+00:00\",\"breadcrumb\":{\"@id\":\"http:\\\/\\\/skyline-gs.com\\\/hu\\\/termek\\\/river-of-time-ayutthaya-bangkok-cruise\\\/#breadcrumb\"},\"inLanguage\":\"hu\",\"potentialAction\":[{\"@type\":\"ReadAction\",\"target\":[\"http:\\\/\\\/skyline-gs.com\\\/hu\\\/termek\\\/river-of-time-ayutthaya-bangkok-cruise\\\/\"]}]},{\"@type\":\"ImageObject\",\"inLanguage\":\"hu\",\"@id\":\"http:\\\/\\\/skyline-gs.com\\\/hu\\\/termek\\\/river-of-time-ayutthaya-bangkok-cruise\\\/#primaryimage\",\"url\":\"https:\\\/\\\/skyline-gs.com\\\/wp-content\\\/uploads\\\/2025\\\/09\\\/43dcc2.jpg-e1765911336448.webp\",\"contentUrl\":\"https:\\\/\\\/skyline-gs.com\\\/wp-content\\\/uploads\\\/2025\\\/09\\\/43dcc2.jpg-e1765911336448.webp\",\"width\":1044,\"height\":660},{\"@type\":\"BreadcrumbList\",\"@id\":\"http:\\\/\\\/skyline-gs.com\\\/hu\\\/termek\\\/river-of-time-ayutthaya-bangkok-cruise\\\/#breadcrumb\",\"itemListElement\":[{\"@type\":\"ListItem\",\"position\":1,\"name\":\"\u0413\u043b\u0430\u0432\u043d\u0430\u044f \u0441\u0442\u0440\u0430\u043d\u0438\u0446\u0430\",\"item\":\"https:\\\/\\\/skyline-gs.com\\\/hu\\\/\"},{\"@type\":\"ListItem\",\"position\":2,\"name\":\"\u041c\u0430\u0433\u0430\u0437\u0438\u043d\",\"item\":\"https:\\\/\\\/skyline-gs.com\\\/cs\\\/shop\\\/\"},{\"@type\":\"ListItem\",\"position\":3,\"name\":\"\u0420\u0435\u043a\u0430 \u0412\u0440\u0435\u043c\u0435\u043d\u0438: \u043a\u0440\u0443\u0438\u0437 \u0410\u044e\u0442\u0442\u0430\u0439\u044f-\u0411\u0430\u043d\u0433\u043a\u043e\u043a\"}]},{\"@type\":\"WebSite\",\"@id\":\"https:\\\/\\\/skyline-gs.com\\\/it\\\/#website\",\"url\":\"https:\\\/\\\/skyline-gs.com\\\/it\\\/\",\"name\":\"\u042d\u043a\u0441\u043a\u0443\u0440\u0441\u0438\u0438 Skyline\",\"description\":\"\u042d\u043a\u0441\u043a\u043b\u044e\u0437\u0438\u0432\u043d\u044b\u0435 \u044d\u043a\u0441\u043a\u0443\u0440\u0441\u0438\u0438 \u043d\u0430 \u043b\u0443\u0447\u0448\u0438\u0445 \u043a\u0443\u0440\u043e\u0440\u0442\u0430\u0445 \u043c\u0438\u0440\u0430\",\"publisher\":{\"@id\":\"https:\\\/\\\/skyline-gs.com\\\/it\\\/#organization\"},\"alternateName\":\"Skyline\",\"potentialAction\":[{\"@type\":\"SearchAction\",\"target\":{\"@type\":\"EntryPoint\",\"urlTemplate\":\"https:\\\/\\\/skyline-gs.com\\\/it\\\/?s={search_term_string}\"},\"query-input\":{\"@type\":\"PropertyValueSpecification\",\"valueRequired\":true,\"valueName\":\"search_term_string\"}}],\"inLanguage\":\"hu\"},{\"@type\":\"Organization\",\"@id\":\"https:\\\/\\\/skyline-gs.com\\\/it\\\/#organization\",\"name\":\"\u042d\u043a\u0441\u043a\u0443\u0440\u0441\u0438\u0438 Skyline\",\"alternateName\":\"\u042d\u043a\u0441\u043a\u0443\u0440\u0441\u0438\u0438 Skyline\",\"url\":\"https:\\\/\\\/skyline-gs.com\\\/it\\\/\",\"logo\":{\"@type\":\"ImageObject\",\"inLanguage\":\"hu\",\"@id\":\"https:\\\/\\\/skyline-gs.com\\\/it\\\/#\\\/schema\\\/logo\\\/image\\\/\",\"url\":\"https:\\\/\\\/skyline-gs.com\\\/wp-content\\\/uploads\\\/2020\\\/12\\\/cropped-logo-2.png\",\"contentUrl\":\"https:\\\/\\\/skyline-gs.com\\\/wp-content\\\/uploads\\\/2020\\\/12\\\/cropped-logo-2.png\",\"width\":512,\"height\":512,\"caption\":\"\u042d\u043a\u0441\u043a\u0443\u0440\u0441\u0438\u0438 Skyline\"},\"image\":{\"@id\":\"https:\\\/\\\/skyline-gs.com\\\/it\\\/#\\\/schema\\\/logo\\\/image\\\/\"},\"sameAs\":[\"https:\\\/\\\/www.instagram.com\\\/skylineglobalservice\\\/\"]}]}<\/script>\n<!-- \/ Yoast SEO plugin. -->","yoast_head_json":{"title":"Az id\u0151 foly\u00f3ja: Ayutthaya-Bangkok haj\u00f3\u00fat - Skyline Excursions","robots":{"index":"index","follow":"follow","max-snippet":"max-snippet:-1","max-image-preview":"max-image-preview:large","max-video-preview":"max-video-preview:-1"},"canonical":"http:\/\/skyline-gs.com\/hu\/termek\/river-of-time-ayutthaya-bangkok-cruise\/","og_locale":"hu_HU","og_type":"article","og_title":"\u0420\u0435\u043a\u0430 \u0412\u0440\u0435\u043c\u0435\u043d\u0438: \u043a\u0440\u0443\u0438\u0437 \u0410\u044e\u0442\u0442\u0430\u0439\u044f-\u0411\u0430\u043d\u0433\u043a\u043e\u043a &#8226; \u042d\u043a\u0441\u043a\u0443\u0440\u0441\u0438\u0438 Skyline","og_description":"\u0412\u0440\u0435\u043c\u044f \u0442\u0443\u0440\u0430: 2 \u0434\u043d\u044f \/ 1 \u043d\u043e\u0447\u044c\u0414\u043d\u0438 \u043f\u0440\u043e\u0432\u0435\u0434\u0435\u043d\u0438\u044f: \u043f\u043e \u0440\u0430\u0441\u043f\u0438\u0441\u0430\u043d\u0438\u044e (\u043f\u043e\u043d\u0435\u0434\u0435\u043b\u044c\u043d\u0438\u043a, \u0441\u0440\u0435\u0434\u0430, \u043f\u044f\u0442\u043d\u0438\u0446\u0430 \u0438 \u0434\u0440.)","og_url":"http:\/\/skyline-gs.com\/hu\/termek\/river-of-time-ayutthaya-bangkok-cruise\/","og_site_name":"\u042d\u043a\u0441\u043a\u0443\u0440\u0441\u0438\u0438 Skyline","article_modified_time":"2025-09-20T12:59:03+00:00","og_image":[{"width":1044,"height":660,"url":"https:\/\/skyline-gs.com\/wp-content\/uploads\/2025\/09\/43dcc2.jpg-e1765911336448.webp","type":"image\/webp"}],"twitter_card":"summary_large_image","twitter_misc":{"Becs\u00fclt olvas\u00e1si id\u0151":"2 perc"},"schema":{"@context":"https:\/\/schema.org","@graph":[{"@type":"WebPage","@id":"http:\/\/skyline-gs.com\/hu\/termek\/river-of-time-ayutthaya-bangkok-cruise\/","url":"http:\/\/skyline-gs.com\/hu\/termek\/river-of-time-ayutthaya-bangkok-cruise\/","name":"Az id\u0151 foly\u00f3ja: Ayutthaya-Bangkok haj\u00f3\u00fat - Skyline Excursions","isPartOf":{"@id":"https:\/\/skyline-gs.com\/it\/#website"},"primaryImageOfPage":{"@id":"http:\/\/skyline-gs.com\/hu\/termek\/river-of-time-ayutthaya-bangkok-cruise\/#primaryimage"},"image":{"@id":"http:\/\/skyline-gs.com\/hu\/termek\/river-of-time-ayutthaya-bangkok-cruise\/#primaryimage"},"thumbnailUrl":"https:\/\/skyline-gs.com\/wp-content\/uploads\/2025\/09\/43dcc2.jpg-e1765911336448.webp","datePublished":"2025-09-20T12:29:54+00:00","dateModified":"2025-09-20T12:59:03+00:00","breadcrumb":{"@id":"http:\/\/skyline-gs.com\/hu\/termek\/river-of-time-ayutthaya-bangkok-cruise\/#breadcrumb"},"inLanguage":"hu","potentialAction":[{"@type":"ReadAction","target":["http:\/\/skyline-gs.com\/hu\/termek\/river-of-time-ayutthaya-bangkok-cruise\/"]}]},{"@type":"ImageObject","inLanguage":"hu","@id":"http:\/\/skyline-gs.com\/hu\/termek\/river-of-time-ayutthaya-bangkok-cruise\/#primaryimage","url":"https:\/\/skyline-gs.com\/wp-content\/uploads\/2025\/09\/43dcc2.jpg-e1765911336448.webp","contentUrl":"https:\/\/skyline-gs.com\/wp-content\/uploads\/2025\/09\/43dcc2.jpg-e1765911336448.webp","width":1044,"height":660},{"@type":"BreadcrumbList","@id":"http:\/\/skyline-gs.com\/hu\/termek\/river-of-time-ayutthaya-bangkok-cruise\/#breadcrumb","itemListElement":[{"@type":"ListItem","position":1,"name":"\u0413\u043b\u0430\u0432\u043d\u0430\u044f \u0441\u0442\u0440\u0430\u043d\u0438\u0446\u0430","item":"https:\/\/skyline-gs.com\/hu\/"},{"@type":"ListItem","position":2,"name":"\u041c\u0430\u0433\u0430\u0437\u0438\u043d","item":"https:\/\/skyline-gs.com\/cs\/shop\/"},{"@type":"ListItem","position":3,"name":"\u0420\u0435\u043a\u0430 \u0412\u0440\u0435\u043c\u0435\u043d\u0438: \u043a\u0440\u0443\u0438\u0437 \u0410\u044e\u0442\u0442\u0430\u0439\u044f-\u0411\u0430\u043d\u0433\u043a\u043e\u043a"}]},{"@type":"WebSite","@id":"https:\/\/skyline-gs.com\/it\/#website","url":"https:\/\/skyline-gs.com\/it\/","name":"Skyline T\u00far\u00e1k","description":"Exkluz\u00edv kir\u00e1ndul\u00e1sok a vil\u00e1g legjobb \u00fcd\u00fcl\u0151helyein","publisher":{"@id":"https:\/\/skyline-gs.com\/it\/#organization"},"alternateName":"Skyline","potentialAction":[{"@type":"SearchAction","target":{"@type":"EntryPoint","urlTemplate":"https:\/\/skyline-gs.com\/it\/?s={search_term_string}"},"query-input":{"@type":"PropertyValueSpecification","valueRequired":true,"valueName":"search_term_string"}}],"inLanguage":"hu"},{"@type":"Organization","@id":"https:\/\/skyline-gs.com\/it\/#organization","name":"Skyline T\u00far\u00e1k","alternateName":"\u042d\u043a\u0441\u043a\u0443\u0440\u0441\u0438\u0438 Skyline","url":"https:\/\/skyline-gs.com\/it\/","logo":{"@type":"ImageObject","inLanguage":"hu","@id":"https:\/\/skyline-gs.com\/it\/#\/schema\/logo\/image\/","url":"https:\/\/skyline-gs.com\/wp-content\/uploads\/2020\/12\/cropped-logo-2.png","contentUrl":"https:\/\/skyline-gs.com\/wp-content\/uploads\/2020\/12\/cropped-logo-2.png","width":512,"height":512,"caption":"\u042d\u043a\u0441\u043a\u0443\u0440\u0441\u0438\u0438 Skyline"},"image":{"@id":"https:\/\/skyline-gs.com\/it\/#\/schema\/logo\/image\/"},"sameAs":["https:\/\/www.instagram.com\/skylineglobalservice\/"]}]}},"_links":{"self":[{"href":"https:\/\/skyline-gs.com\/hu\/wp-json\/wp\/v2\/product\/66153","targetHints":{"allow":["GET"]}}],"collection":[{"href":"https:\/\/skyline-gs.com\/hu\/wp-json\/wp\/v2\/product"}],"about":[{"href":"https:\/\/skyline-gs.com\/hu\/wp-json\/wp\/v2\/types\/product"}],"version-history":[{"count":0,"href":"https:\/\/skyline-gs.com\/hu\/wp-json\/wp\/v2\/product\/66153\/revisions"}],"wp:featuredmedia":[{"embeddable":true,"href":"https:\/\/skyline-gs.com\/hu\/wp-json\/wp\/v2\/media\/66160"}],"wp:attachment":[{"href":"https:\/\/skyline-gs.com\/hu\/wp-json\/wp\/v2\/media?parent=66153"}],"wp:term":[{"taxonomy":"product_brand","embeddable":true,"href":"https:\/\/skyline-gs.com\/hu\/wp-json\/wp\/v2\/product_brand?post=66153"},{"taxonomy":"product_cat","embeddable":true,"href":"https:\/\/skyline-gs.com\/hu\/wp-json\/wp\/v2\/product_cat?post=66153"},{"taxonomy":"product_tag","embeddable":true,"href":"https:\/\/skyline-gs.com\/hu\/wp-json\/wp\/v2\/product_tag?post=66153"}],"curies":[{"name":"wp","href":"https:\/\/api.w.org\/{rel}","templated":true}]}}