{"id":66092,"date":"2025-09-17T15:47:07","date_gmt":"2025-09-17T13:47:07","guid":{"rendered":"http:\/\/skyline-gs.com\/?post_type=product&#038;p=66092"},"modified":"2025-09-20T13:19:39","modified_gmt":"2025-09-20T11:19:39","slug":"bangkok-tortenelmi-oceanariummal","status":"publish","type":"product","link":"https:\/\/skyline-gs.com\/hu\/product\/%d0%b1%d0%b0%d0%bd%d0%b3%d0%ba%d0%be%d0%ba-%d0%b8%d1%81%d1%82%d0%be%d1%80%d0%b8%d1%87%d0%b5%d1%81%d0%ba%d0%b8%d0%b9-%d1%81-%d0%be%d0%ba%d0%b5%d0%b0%d0%bd%d0%b0%d1%80%d0%b8%d1%83%d0%bc%d0%be%d0%bc\/","title":{"rendered":"Bangkok t\u00f6rt\u00e9nelmi \u00f3cean\u00e1riummal \u00e9s Siam Niramit show-val"},"content":{"rendered":"<p><strong data-start=\"48\" data-end=\"118\">Mer\u00fclj\u00f6n el a kontrasztos \u00e9s fest\u0151i Bangkokban egyetlen nap alatt!<\/strong><br data-start=\"118\" data-end=\"121\" \/>L\u00e1that fens\u00e9ges palot\u00e1kat, sz\u00ednes templomokat, lovagolhat a csatorn\u00e1kon, \u00e9lvezheti a v\u00e1ros panor\u00e1m\u00e1j\u00e1t a magasb\u00f3l, megl\u00e1togathatja D\u00e9lkelet-\u00c1zsia legnagyobb \u00f3cean\u00e1rium\u00e1t, \u00e9s megismerheti a thai kult\u00far\u00e1t a Siam Niramit show-val.<\/p>\n<p><strong>6:00 - Indul\u00e1s a pattayai sz\u00e1lloda hallj\u00e1b\u00f3l. <\/strong>Az utaz\u00e1si id\u0151 k\u00e9t \u00f3ra.<\/p>\n<ul>\n<li>\u00a0Reggel - L\u00e1togat\u00e1s <strong>a Nagy Kir\u00e1lyi Palota<\/strong> \u0438 <strong>Smaragd Buddha templom<\/strong> - Bangkok t\u00f6rt\u00e9nelmi sz\u00edv\u00e9ben<\/li>\n<li>K\u00f6vetkez\u0151 - S\u00e9ta a foly\u00f3 ment\u00e9n <b>Chao Praya<\/b> \u00e9s csatorn\u00e1k - kil\u00e1t\u00e1s a v\u00edzr\u0151l, a r\u00e9gi v\u00e1ros hangulata<\/li>\n<li>D\u00e9lben - <strong>Eb\u00e9d<\/strong>-B\u00fcf\u00e9 a Baiyoke Sky Towerben egy panor\u00e1ma \u00e9tterem, ahonnan kil\u00e1t\u00e1s ny\u00edlik a v\u00e1rosra.<\/li>\n<li>Eb\u00e9d ut\u00e1n - L\u00e1togat\u00e1s <b>Siam Ocean World<\/b> - h\u00e9t z\u00f3na, egy \u00fcvegalag\u00fat c\u00e1p\u00e1kkal, k\u00fcl\u00f6nf\u00e9le tengeri \u00e9l\u0151l\u00e9nyekkel<\/li>\n<li>Este - Show <strong>Siam Niramit<\/strong> - Egy esti sz\u00ednh\u00e1zi produkci\u00f3, amely Thaif\u00f6ld t\u00f6rt\u00e9nelm\u00e9t \u00e9s kult\u00far\u00e1j\u00e1t t\u00fckr\u00f6zi.<\/li>\n<li>19:00 - Indul\u00e1s Pattay\u00e1ra.<\/li>\n<\/ul>\n<p data-start=\"984\" data-end=\"1052\"><strong>21:00 - Visszat\u00e9r\u00e9s a sz\u00e1llod\u00e1ba.<\/strong><\/p>\n<p><strong>Tartalmazza:<\/strong><\/p>\n<ul>\n<li data-start=\"1164\" data-end=\"1195\">\n<p data-start=\"1166\" data-end=\"1195\">Transzfer a sz\u00e1llod\u00e1b\u00f3l \u00e9s vissza<\/p>\n<\/li>\n<li data-start=\"1196\" data-end=\"1227\">\n<p data-start=\"1198\" data-end=\"1227\">Orosz nyelv\u0171 idegenvezet\u0151<\/p>\n<\/li>\n<li data-start=\"1228\" data-end=\"1289\">\n<p data-start=\"1230\" data-end=\"1289\">Minden bel\u00e9p\u0151jegy a program szerint (palota, el\u0151ad\u00e1sok)<\/p>\n<\/li>\n<li data-start=\"1290\" data-end=\"1304\">\n<p data-start=\"1292\" data-end=\"1304\">B\u00fcf\u00e9 eb\u00e9d<\/p>\n<\/li>\n<li data-start=\"1305\" data-end=\"1318\">\n<p data-start=\"1307\" data-end=\"1318\">Biztos\u00edt\u00e1s<\/p>\n<\/li>\n<\/ul>\n<p><strong>Vigy\u00e9l magaddal:<\/strong><\/p>\n<ul>\n<li data-start=\"1348\" data-end=\"1366\">\n<p data-start=\"1350\" data-end=\"1366\">\u00datlev\u00e9lm\u00e1solat<\/p>\n<\/li>\n<li data-start=\"1367\" data-end=\"1384\">\n<p data-start=\"1369\" data-end=\"1384\">K\u00e9nyelmes cip\u0151<\/p>\n<\/li>\n<li data-start=\"1385\" data-end=\"1424\">\n<p data-start=\"1387\" data-end=\"1424\">Fejfed\u0151 \u00e9s napszem\u00fcveg<\/p>\n<\/li>\n<li data-start=\"1425\" data-end=\"1467\">\n<p data-start=\"1427\" data-end=\"1467\">Fot\u00f3\/videokamera \u00e9s tartal\u00e9k elemek<\/p>\n<\/li>\n<li data-start=\"1468\" data-end=\"1517\">\n<p data-start=\"1470\" data-end=\"1517\">A v\u00e1llakat \u00e9s a t\u00e9rdeket fed\u0151 ruh\u00e1zat a templomok sz\u00e1m\u00e1ra.<\/p>\n<\/li>\n<\/ul>\n<p><strong>Tov\u00e1bbi inform\u00e1ci\u00f3k:<\/strong><\/p>\n<ul>\n<li data-start=\"1556\" data-end=\"1659\">\n<p data-start=\"1558\" data-end=\"1659\"><b>Az \u00f3cen\u00e1rium l\u00e1togat\u00e1s\u00e1\u00e9rt fel\u00e1rat kell fizetni.<\/b> vagy opcion\u00e1lis lehet a t\u00fara opci\u00f3j\u00e1t\u00f3l f\u00fcgg\u0151en.<\/p>\n<\/li>\n<li data-start=\"1660\" data-end=\"1753\">\n<p data-start=\"1662\" data-end=\"1753\">A Siam Niramit show este kezd\u0151dik - gy\u0151z\u0151dj\u00f6n meg r\u00f3la, hogy a programid\u0151 tartalmazza a kezd\u00e9si id\u0151pontot.<\/p>\n<\/li>\n<li data-start=\"1754\" data-end=\"1842\">\n<p data-start=\"1756\" data-end=\"1842\"><b>Az \u00f6lt\u00f6zk\u00f6d\u00e9si szab\u00e1lyok szigor\u00faak <\/b>a kir\u00e1lyi palot\u00e1ban \u00e9s a templomokban: a v\u00e1llakat \u00e9s a t\u00e9rdeket el kell takarni, f\u00e9rfiaknak \u00e9s n\u0151knek egyar\u00e1nt.<\/p>\n<\/li>\n<\/ul>","protected":false},"excerpt":{"rendered":"<p><strong>Kir\u00e1ndul\u00e1s Id\u0151pontja:<\/strong> 8:00 \u2014 21:00<\/p>\n<p><strong>A Kir\u00e1ndul\u00e1s Napjai:<\/strong> H\u00e9tf\u0151, szerda, szombat<\/p>","protected":false},"featured_media":66126,"template":"","meta":{"_kad_post_transparent":"default","_kad_post_title":"","_kad_post_layout":"default","_kad_post_sidebar_id":"","_kad_post_content_style":"default","_kad_post_vertical_padding":"default","_kad_post_feature":"","_kad_post_feature_position":"","_kad_post_header":false,"_kad_post_footer":false,"_kad_post_classname":"","_glsr_average":0,"_glsr_ranking":0,"_glsr_reviews":0},"product_brand":[],"product_cat":[507],"product_tag":[],"class_list":{"0":"post-66092","1":"product","2":"type-product","3":"status-publish","4":"has-post-thumbnail","6":"product_cat-pattaya","7":"tm-has-options","9":"first","10":"instock","11":"sold-individually","12":"taxable","13":"shipping-taxable","14":"purchasable","15":"product-type-simple","16":"entry","17":"content-bg","18":"loop-entry"},"yoast_head":"<!-- This site is optimized with the Yoast SEO plugin v27.4 - https:\/\/yoast.com\/product\/yoast-seo-wordpress\/ -->\n<title>\u0411\u0430\u043d\u0433\u043a\u043e\u043a \u0418\u0441\u0442\u043e\u0440\u0438\u0447\u0435\u0441\u043a\u0438\u0439 \u0441 \u041e\u043a\u0435\u0430\u043d\u0430\u0440\u0438\u0443\u043c\u043e\u043c \u0438 \u0448\u043e\u0443 Siam Niramit &#8226; \u042d\u043a\u0441\u043a\u0443\u0440\u0441\u0438\u0438 Skyline<\/title>\n<meta name=\"robots\" content=\"index, follow, max-snippet:-1, max-image-preview:large, max-video-preview:-1\" \/>\n<link rel=\"canonical\" href=\"http:\/\/skyline-gs.com\/hu\/termek\/bangkok-tortenelmi-oceanariummal\/\" \/>\n<meta property=\"og:locale\" content=\"hu_HU\" \/>\n<meta property=\"og:type\" content=\"article\" \/>\n<meta property=\"og:title\" content=\"\u0411\u0430\u043d\u0433\u043a\u043e\u043a \u0418\u0441\u0442\u043e\u0440\u0438\u0447\u0435\u0441\u043a\u0438\u0439 \u0441 \u041e\u043a\u0435\u0430\u043d\u0430\u0440\u0438\u0443\u043c\u043e\u043c \u0438 \u0448\u043e\u0443 Siam Niramit &#8226; \u042d\u043a\u0441\u043a\u0443\u0440\u0441\u0438\u0438 Skyline\" \/>\n<meta property=\"og:description\" content=\"\u0412\u0440\u0435\u043c\u044f \u0442\u0443\u0440\u0430: 8:00 - 21:00  \u0414\u043d\u0438 \u043f\u0440\u043e\u0432\u0435\u0434\u0435\u043d\u0438\u044f: \u041f\u043e\u043d\u0435\u0434\u0435\u043b\u044c\u043d\u0438\u043a, \u0421\u0440\u0435\u0434\u0430, \u0421\u0443\u0431\u0431\u043e\u0442\u0430\" \/>\n<meta property=\"og:url\" content=\"http:\/\/skyline-gs.com\/hu\/termek\/bangkok-tortenelmi-oceanariummal\/\" \/>\n<meta property=\"og:site_name\" content=\"\u042d\u043a\u0441\u043a\u0443\u0440\u0441\u0438\u0438 Skyline\" \/>\n<meta property=\"article:modified_time\" content=\"2025-09-20T11:19:39+00:00\" \/>\n<meta property=\"og:image\" content=\"https:\/\/skyline-gs.com\/wp-content\/uploads\/2025\/09\/bkk-1_0_0.jpg-e1765911010142.webp\" \/>\n\t<meta property=\"og:image:width\" content=\"599\" \/>\n\t<meta property=\"og:image:height\" content=\"399\" \/>\n\t<meta property=\"og:image:type\" content=\"image\/webp\" \/>\n<meta name=\"twitter:card\" content=\"summary_large_image\" \/>\n<meta name=\"twitter:label1\" content=\"Becs\u00fclt olvas\u00e1si id\u0151\" \/>\n\t<meta name=\"twitter:data1\" content=\"2 perc\" \/>\n<script type=\"application\/ld+json\" class=\"yoast-schema-graph\">{\"@context\":\"https:\\\/\\\/schema.org\",\"@graph\":[{\"@type\":\"WebPage\",\"@id\":\"http:\\\/\\\/skyline-gs.com\\\/de\\\/produkt\\\/%d0%b1%d0%b0%d0%bd%d0%b3%d0%ba%d0%be%d0%ba-%d0%b8%d1%81%d1%82%d0%be%d1%80%d0%b8%d1%87%d0%b5%d1%81%d0%ba%d0%b8%d0%b9-%d1%81-%d0%be%d0%ba%d0%b5%d0%b0%d0%bd%d0%b0%d1%80%d0%b8%d1%83%d0%bc%d0%be%d0%bc\\\/\",\"url\":\"http:\\\/\\\/skyline-gs.com\\\/de\\\/produkt\\\/%d0%b1%d0%b0%d0%bd%d0%b3%d0%ba%d0%be%d0%ba-%d0%b8%d1%81%d1%82%d0%be%d1%80%d0%b8%d1%87%d0%b5%d1%81%d0%ba%d0%b8%d0%b9-%d1%81-%d0%be%d0%ba%d0%b5%d0%b0%d0%bd%d0%b0%d1%80%d0%b8%d1%83%d0%bc%d0%be%d0%bc\\\/\",\"name\":\"\u0411\u0430\u043d\u0433\u043a\u043e\u043a \u0418\u0441\u0442\u043e\u0440\u0438\u0447\u0435\u0441\u043a\u0438\u0439 \u0441 \u041e\u043a\u0435\u0430\u043d\u0430\u0440\u0438\u0443\u043c\u043e\u043c \u0438 \u0448\u043e\u0443 Siam Niramit &#8226; \u042d\u043a\u0441\u043a\u0443\u0440\u0441\u0438\u0438 Skyline\",\"isPartOf\":{\"@id\":\"https:\\\/\\\/skyline-gs.com\\\/it\\\/#website\"},\"primaryImageOfPage\":{\"@id\":\"http:\\\/\\\/skyline-gs.com\\\/de\\\/produkt\\\/%d0%b1%d0%b0%d0%bd%d0%b3%d0%ba%d0%be%d0%ba-%d0%b8%d1%81%d1%82%d0%be%d1%80%d0%b8%d1%87%d0%b5%d1%81%d0%ba%d0%b8%d0%b9-%d1%81-%d0%be%d0%ba%d0%b5%d0%b0%d0%bd%d0%b0%d1%80%d0%b8%d1%83%d0%bc%d0%be%d0%bc\\\/#primaryimage\"},\"image\":{\"@id\":\"http:\\\/\\\/skyline-gs.com\\\/de\\\/produkt\\\/%d0%b1%d0%b0%d0%bd%d0%b3%d0%ba%d0%be%d0%ba-%d0%b8%d1%81%d1%82%d0%be%d1%80%d0%b8%d1%87%d0%b5%d1%81%d0%ba%d0%b8%d0%b9-%d1%81-%d0%be%d0%ba%d0%b5%d0%b0%d0%bd%d0%b0%d1%80%d0%b8%d1%83%d0%bc%d0%be%d0%bc\\\/#primaryimage\"},\"thumbnailUrl\":\"https:\\\/\\\/skyline-gs.com\\\/wp-content\\\/uploads\\\/2025\\\/09\\\/bkk-1_0_0.jpg-e1765911010142.webp\",\"datePublished\":\"2025-09-17T13:47:07+00:00\",\"dateModified\":\"2025-09-20T11:19:39+00:00\",\"breadcrumb\":{\"@id\":\"http:\\\/\\\/skyline-gs.com\\\/de\\\/produkt\\\/%d0%b1%d0%b0%d0%bd%d0%b3%d0%ba%d0%be%d0%ba-%d0%b8%d1%81%d1%82%d0%be%d1%80%d0%b8%d1%87%d0%b5%d1%81%d0%ba%d0%b8%d0%b9-%d1%81-%d0%be%d0%ba%d0%b5%d0%b0%d0%bd%d0%b0%d1%80%d0%b8%d1%83%d0%bc%d0%be%d0%bc\\\/#breadcrumb\"},\"inLanguage\":\"hu\",\"potentialAction\":[{\"@type\":\"ReadAction\",\"target\":[\"http:\\\/\\\/skyline-gs.com\\\/de\\\/produkt\\\/%d0%b1%d0%b0%d0%bd%d0%b3%d0%ba%d0%be%d0%ba-%d0%b8%d1%81%d1%82%d0%be%d1%80%d0%b8%d1%87%d0%b5%d1%81%d0%ba%d0%b8%d0%b9-%d1%81-%d0%be%d0%ba%d0%b5%d0%b0%d0%bd%d0%b0%d1%80%d0%b8%d1%83%d0%bc%d0%be%d0%bc\\\/\"]}]},{\"@type\":\"ImageObject\",\"inLanguage\":\"hu\",\"@id\":\"http:\\\/\\\/skyline-gs.com\\\/de\\\/produkt\\\/%d0%b1%d0%b0%d0%bd%d0%b3%d0%ba%d0%be%d0%ba-%d0%b8%d1%81%d1%82%d0%be%d1%80%d0%b8%d1%87%d0%b5%d1%81%d0%ba%d0%b8%d0%b9-%d1%81-%d0%be%d0%ba%d0%b5%d0%b0%d0%bd%d0%b0%d1%80%d0%b8%d1%83%d0%bc%d0%be%d0%bc\\\/#primaryimage\",\"url\":\"https:\\\/\\\/skyline-gs.com\\\/wp-content\\\/uploads\\\/2025\\\/09\\\/bkk-1_0_0.jpg-e1765911010142.webp\",\"contentUrl\":\"https:\\\/\\\/skyline-gs.com\\\/wp-content\\\/uploads\\\/2025\\\/09\\\/bkk-1_0_0.jpg-e1765911010142.webp\",\"width\":599,\"height\":399},{\"@type\":\"BreadcrumbList\",\"@id\":\"http:\\\/\\\/skyline-gs.com\\\/de\\\/produkt\\\/%d0%b1%d0%b0%d0%bd%d0%b3%d0%ba%d0%be%d0%ba-%d0%b8%d1%81%d1%82%d0%be%d1%80%d0%b8%d1%87%d0%b5%d1%81%d0%ba%d0%b8%d0%b9-%d1%81-%d0%be%d0%ba%d0%b5%d0%b0%d0%bd%d0%b0%d1%80%d0%b8%d1%83%d0%bc%d0%be%d0%bc\\\/#breadcrumb\",\"itemListElement\":[{\"@type\":\"ListItem\",\"position\":1,\"name\":\"\u0413\u043b\u0430\u0432\u043d\u0430\u044f \u0441\u0442\u0440\u0430\u043d\u0438\u0446\u0430\",\"item\":\"https:\\\/\\\/skyline-gs.com\\\/hu\\\/\"},{\"@type\":\"ListItem\",\"position\":2,\"name\":\"\u041c\u0430\u0433\u0430\u0437\u0438\u043d\",\"item\":\"https:\\\/\\\/skyline-gs.com\\\/cs\\\/shop\\\/\"},{\"@type\":\"ListItem\",\"position\":3,\"name\":\"\u0411\u0430\u043d\u0433\u043a\u043e\u043a \u0418\u0441\u0442\u043e\u0440\u0438\u0447\u0435\u0441\u043a\u0438\u0439 \u0441 \u041e\u043a\u0435\u0430\u043d\u0430\u0440\u0438\u0443\u043c\u043e\u043c \u0438 \u0448\u043e\u0443 Siam Niramit\"}]},{\"@type\":\"WebSite\",\"@id\":\"https:\\\/\\\/skyline-gs.com\\\/it\\\/#website\",\"url\":\"https:\\\/\\\/skyline-gs.com\\\/it\\\/\",\"name\":\"\u042d\u043a\u0441\u043a\u0443\u0440\u0441\u0438\u0438 Skyline\",\"description\":\"\u042d\u043a\u0441\u043a\u043b\u044e\u0437\u0438\u0432\u043d\u044b\u0435 \u044d\u043a\u0441\u043a\u0443\u0440\u0441\u0438\u0438 \u043d\u0430 \u043b\u0443\u0447\u0448\u0438\u0445 \u043a\u0443\u0440\u043e\u0440\u0442\u0430\u0445 \u043c\u0438\u0440\u0430\",\"publisher\":{\"@id\":\"https:\\\/\\\/skyline-gs.com\\\/it\\\/#organization\"},\"alternateName\":\"Skyline\",\"potentialAction\":[{\"@type\":\"SearchAction\",\"target\":{\"@type\":\"EntryPoint\",\"urlTemplate\":\"https:\\\/\\\/skyline-gs.com\\\/it\\\/?s={search_term_string}\"},\"query-input\":{\"@type\":\"PropertyValueSpecification\",\"valueRequired\":true,\"valueName\":\"search_term_string\"}}],\"inLanguage\":\"hu\"},{\"@type\":\"Organization\",\"@id\":\"https:\\\/\\\/skyline-gs.com\\\/it\\\/#organization\",\"name\":\"\u042d\u043a\u0441\u043a\u0443\u0440\u0441\u0438\u0438 Skyline\",\"alternateName\":\"\u042d\u043a\u0441\u043a\u0443\u0440\u0441\u0438\u0438 Skyline\",\"url\":\"https:\\\/\\\/skyline-gs.com\\\/it\\\/\",\"logo\":{\"@type\":\"ImageObject\",\"inLanguage\":\"hu\",\"@id\":\"https:\\\/\\\/skyline-gs.com\\\/it\\\/#\\\/schema\\\/logo\\\/image\\\/\",\"url\":\"https:\\\/\\\/skyline-gs.com\\\/wp-content\\\/uploads\\\/2020\\\/12\\\/cropped-logo-2.png\",\"contentUrl\":\"https:\\\/\\\/skyline-gs.com\\\/wp-content\\\/uploads\\\/2020\\\/12\\\/cropped-logo-2.png\",\"width\":512,\"height\":512,\"caption\":\"\u042d\u043a\u0441\u043a\u0443\u0440\u0441\u0438\u0438 Skyline\"},\"image\":{\"@id\":\"https:\\\/\\\/skyline-gs.com\\\/it\\\/#\\\/schema\\\/logo\\\/image\\\/\"},\"sameAs\":[\"https:\\\/\\\/www.instagram.com\\\/skylineglobalservice\\\/\"]}]}<\/script>\n<!-- \/ Yoast SEO plugin. -->","yoast_head_json":{"title":"Bangkok T\u00f6rt\u00e9nelmi \u00d3cen\u00e1riummal \u00e9s Siam Niramit Show - Skyline Excursions","robots":{"index":"index","follow":"follow","max-snippet":"max-snippet:-1","max-image-preview":"max-image-preview:large","max-video-preview":"max-video-preview:-1"},"canonical":"http:\/\/skyline-gs.com\/hu\/termek\/bangkok-tortenelmi-oceanariummal\/","og_locale":"hu_HU","og_type":"article","og_title":"\u0411\u0430\u043d\u0433\u043a\u043e\u043a \u0418\u0441\u0442\u043e\u0440\u0438\u0447\u0435\u0441\u043a\u0438\u0439 \u0441 \u041e\u043a\u0435\u0430\u043d\u0430\u0440\u0438\u0443\u043c\u043e\u043c \u0438 \u0448\u043e\u0443 Siam Niramit &#8226; \u042d\u043a\u0441\u043a\u0443\u0440\u0441\u0438\u0438 Skyline","og_description":"\u0412\u0440\u0435\u043c\u044f \u0442\u0443\u0440\u0430: 8:00 - 21:00  \u0414\u043d\u0438 \u043f\u0440\u043e\u0432\u0435\u0434\u0435\u043d\u0438\u044f: \u041f\u043e\u043d\u0435\u0434\u0435\u043b\u044c\u043d\u0438\u043a, \u0421\u0440\u0435\u0434\u0430, \u0421\u0443\u0431\u0431\u043e\u0442\u0430","og_url":"http:\/\/skyline-gs.com\/hu\/termek\/bangkok-tortenelmi-oceanariummal\/","og_site_name":"\u042d\u043a\u0441\u043a\u0443\u0440\u0441\u0438\u0438 Skyline","article_modified_time":"2025-09-20T11:19:39+00:00","og_image":[{"width":599,"height":399,"url":"https:\/\/skyline-gs.com\/wp-content\/uploads\/2025\/09\/bkk-1_0_0.jpg-e1765911010142.webp","type":"image\/webp"}],"twitter_card":"summary_large_image","twitter_misc":{"Becs\u00fclt olvas\u00e1si id\u0151":"2 perc"},"schema":{"@context":"https:\/\/schema.org","@graph":[{"@type":"WebPage","@id":"http:\/\/skyline-gs.com\/de\/produkt\/%d0%b1%d0%b0%d0%bd%d0%b3%d0%ba%d0%be%d0%ba-%d0%b8%d1%81%d1%82%d0%be%d1%80%d0%b8%d1%87%d0%b5%d1%81%d0%ba%d0%b8%d0%b9-%d1%81-%d0%be%d0%ba%d0%b5%d0%b0%d0%bd%d0%b0%d1%80%d0%b8%d1%83%d0%bc%d0%be%d0%bc\/","url":"http:\/\/skyline-gs.com\/de\/produkt\/%d0%b1%d0%b0%d0%bd%d0%b3%d0%ba%d0%be%d0%ba-%d0%b8%d1%81%d1%82%d0%be%d1%80%d0%b8%d1%87%d0%b5%d1%81%d0%ba%d0%b8%d0%b9-%d1%81-%d0%be%d0%ba%d0%b5%d0%b0%d0%bd%d0%b0%d1%80%d0%b8%d1%83%d0%bc%d0%be%d0%bc\/","name":"Bangkok T\u00f6rt\u00e9nelmi \u00d3cen\u00e1riummal \u00e9s Siam Niramit Show - Skyline Excursions","isPartOf":{"@id":"https:\/\/skyline-gs.com\/it\/#website"},"primaryImageOfPage":{"@id":"http:\/\/skyline-gs.com\/de\/produkt\/%d0%b1%d0%b0%d0%bd%d0%b3%d0%ba%d0%be%d0%ba-%d0%b8%d1%81%d1%82%d0%be%d1%80%d0%b8%d1%87%d0%b5%d1%81%d0%ba%d0%b8%d0%b9-%d1%81-%d0%be%d0%ba%d0%b5%d0%b0%d0%bd%d0%b0%d1%80%d0%b8%d1%83%d0%bc%d0%be%d0%bc\/#primaryimage"},"image":{"@id":"http:\/\/skyline-gs.com\/de\/produkt\/%d0%b1%d0%b0%d0%bd%d0%b3%d0%ba%d0%be%d0%ba-%d0%b8%d1%81%d1%82%d0%be%d1%80%d0%b8%d1%87%d0%b5%d1%81%d0%ba%d0%b8%d0%b9-%d1%81-%d0%be%d0%ba%d0%b5%d0%b0%d0%bd%d0%b0%d1%80%d0%b8%d1%83%d0%bc%d0%be%d0%bc\/#primaryimage"},"thumbnailUrl":"https:\/\/skyline-gs.com\/wp-content\/uploads\/2025\/09\/bkk-1_0_0.jpg-e1765911010142.webp","datePublished":"2025-09-17T13:47:07+00:00","dateModified":"2025-09-20T11:19:39+00:00","breadcrumb":{"@id":"http:\/\/skyline-gs.com\/de\/produkt\/%d0%b1%d0%b0%d0%bd%d0%b3%d0%ba%d0%be%d0%ba-%d0%b8%d1%81%d1%82%d0%be%d1%80%d0%b8%d1%87%d0%b5%d1%81%d0%ba%d0%b8%d0%b9-%d1%81-%d0%be%d0%ba%d0%b5%d0%b0%d0%bd%d0%b0%d1%80%d0%b8%d1%83%d0%bc%d0%be%d0%bc\/#breadcrumb"},"inLanguage":"hu","potentialAction":[{"@type":"ReadAction","target":["http:\/\/skyline-gs.com\/de\/produkt\/%d0%b1%d0%b0%d0%bd%d0%b3%d0%ba%d0%be%d0%ba-%d0%b8%d1%81%d1%82%d0%be%d1%80%d0%b8%d1%87%d0%b5%d1%81%d0%ba%d0%b8%d0%b9-%d1%81-%d0%be%d0%ba%d0%b5%d0%b0%d0%bd%d0%b0%d1%80%d0%b8%d1%83%d0%bc%d0%be%d0%bc\/"]}]},{"@type":"ImageObject","inLanguage":"hu","@id":"http:\/\/skyline-gs.com\/de\/produkt\/%d0%b1%d0%b0%d0%bd%d0%b3%d0%ba%d0%be%d0%ba-%d0%b8%d1%81%d1%82%d0%be%d1%80%d0%b8%d1%87%d0%b5%d1%81%d0%ba%d0%b8%d0%b9-%d1%81-%d0%be%d0%ba%d0%b5%d0%b0%d0%bd%d0%b0%d1%80%d0%b8%d1%83%d0%bc%d0%be%d0%bc\/#primaryimage","url":"https:\/\/skyline-gs.com\/wp-content\/uploads\/2025\/09\/bkk-1_0_0.jpg-e1765911010142.webp","contentUrl":"https:\/\/skyline-gs.com\/wp-content\/uploads\/2025\/09\/bkk-1_0_0.jpg-e1765911010142.webp","width":599,"height":399},{"@type":"BreadcrumbList","@id":"http:\/\/skyline-gs.com\/de\/produkt\/%d0%b1%d0%b0%d0%bd%d0%b3%d0%ba%d0%be%d0%ba-%d0%b8%d1%81%d1%82%d0%be%d1%80%d0%b8%d1%87%d0%b5%d1%81%d0%ba%d0%b8%d0%b9-%d1%81-%d0%be%d0%ba%d0%b5%d0%b0%d0%bd%d0%b0%d1%80%d0%b8%d1%83%d0%bc%d0%be%d0%bc\/#breadcrumb","itemListElement":[{"@type":"ListItem","position":1,"name":"\u0413\u043b\u0430\u0432\u043d\u0430\u044f \u0441\u0442\u0440\u0430\u043d\u0438\u0446\u0430","item":"https:\/\/skyline-gs.com\/hu\/"},{"@type":"ListItem","position":2,"name":"\u041c\u0430\u0433\u0430\u0437\u0438\u043d","item":"https:\/\/skyline-gs.com\/cs\/shop\/"},{"@type":"ListItem","position":3,"name":"\u0411\u0430\u043d\u0433\u043a\u043e\u043a \u0418\u0441\u0442\u043e\u0440\u0438\u0447\u0435\u0441\u043a\u0438\u0439 \u0441 \u041e\u043a\u0435\u0430\u043d\u0430\u0440\u0438\u0443\u043c\u043e\u043c \u0438 \u0448\u043e\u0443 Siam Niramit"}]},{"@type":"WebSite","@id":"https:\/\/skyline-gs.com\/it\/#website","url":"https:\/\/skyline-gs.com\/it\/","name":"Skyline T\u00far\u00e1k","description":"Exkluz\u00edv kir\u00e1ndul\u00e1sok a vil\u00e1g legjobb \u00fcd\u00fcl\u0151helyein","publisher":{"@id":"https:\/\/skyline-gs.com\/it\/#organization"},"alternateName":"Skyline","potentialAction":[{"@type":"SearchAction","target":{"@type":"EntryPoint","urlTemplate":"https:\/\/skyline-gs.com\/it\/?s={search_term_string}"},"query-input":{"@type":"PropertyValueSpecification","valueRequired":true,"valueName":"search_term_string"}}],"inLanguage":"hu"},{"@type":"Organization","@id":"https:\/\/skyline-gs.com\/it\/#organization","name":"Skyline T\u00far\u00e1k","alternateName":"\u042d\u043a\u0441\u043a\u0443\u0440\u0441\u0438\u0438 Skyline","url":"https:\/\/skyline-gs.com\/it\/","logo":{"@type":"ImageObject","inLanguage":"hu","@id":"https:\/\/skyline-gs.com\/it\/#\/schema\/logo\/image\/","url":"https:\/\/skyline-gs.com\/wp-content\/uploads\/2020\/12\/cropped-logo-2.png","contentUrl":"https:\/\/skyline-gs.com\/wp-content\/uploads\/2020\/12\/cropped-logo-2.png","width":512,"height":512,"caption":"\u042d\u043a\u0441\u043a\u0443\u0440\u0441\u0438\u0438 Skyline"},"image":{"@id":"https:\/\/skyline-gs.com\/it\/#\/schema\/logo\/image\/"},"sameAs":["https:\/\/www.instagram.com\/skylineglobalservice\/"]}]}},"_links":{"self":[{"href":"https:\/\/skyline-gs.com\/hu\/wp-json\/wp\/v2\/product\/66092","targetHints":{"allow":["GET"]}}],"collection":[{"href":"https:\/\/skyline-gs.com\/hu\/wp-json\/wp\/v2\/product"}],"about":[{"href":"https:\/\/skyline-gs.com\/hu\/wp-json\/wp\/v2\/types\/product"}],"version-history":[{"count":0,"href":"https:\/\/skyline-gs.com\/hu\/wp-json\/wp\/v2\/product\/66092\/revisions"}],"wp:featuredmedia":[{"embeddable":true,"href":"https:\/\/skyline-gs.com\/hu\/wp-json\/wp\/v2\/media\/66126"}],"wp:attachment":[{"href":"https:\/\/skyline-gs.com\/hu\/wp-json\/wp\/v2\/media?parent=66092"}],"wp:term":[{"taxonomy":"product_brand","embeddable":true,"href":"https:\/\/skyline-gs.com\/hu\/wp-json\/wp\/v2\/product_brand?post=66092"},{"taxonomy":"product_cat","embeddable":true,"href":"https:\/\/skyline-gs.com\/hu\/wp-json\/wp\/v2\/product_cat?post=66092"},{"taxonomy":"product_tag","embeddable":true,"href":"https:\/\/skyline-gs.com\/hu\/wp-json\/wp\/v2\/product_tag?post=66092"}],"curies":[{"name":"wp","href":"https:\/\/api.w.org\/{rel}","templated":true}]}}