{"id":66061,"date":"2025-09-17T00:43:06","date_gmt":"2025-09-16T22:43:06","guid":{"rendered":"http:\/\/skyline-gs.com\/?post_type=product&#038;p=66061"},"modified":"2025-09-17T11:04:10","modified_gmt":"2025-09-17T09:04:10","slug":"the-village-of-masai-zanzibar","status":"publish","type":"product","link":"https:\/\/skyline-gs.com\/hu\/product\/the-village-of-masai-zanzibar\/","title":{"rendered":"Masz\u00e1j falu, Kiwengwa barlang \u00e9s Kiwengwa Beach"},"content":{"rendered":"<p>Ez az utaz\u00e1s egyes\u00edti Zanzib\u00e1r kult\u00far\u00e1j\u00e1t, term\u00e9szet\u00e9t \u00e9s \u00edzvil\u00e1g\u00e1t. Megismerkedhet a masz\u00e1jok \u00e9let\u00e9vel \u00e9s hagyom\u00e1nyaival, megl\u00e1togathatja a titokzatos Kivengwa-barlangot \u00e9s lak\u00f3it, \u00e9s s\u00e9t\u00e1lhat egy fest\u0151i tengerparton, ahol egyed\u00fcl\u00e1ll\u00f3 h\u00edn\u00e1r\u00fcltetv\u00e9nyek tal\u00e1lhat\u00f3k.<\/p>\n<p><strong>9:00 - Indul\u00e1s a sz\u00e1llod\u00e1b\u00f3l.<\/strong><\/p>\n<ul>\n<li data-start=\"563\" data-end=\"733\"><strong data-start=\"563\" data-end=\"580\">Masaev falu<\/strong>\u00a0- A nom\u00e1d n\u00e9pek kult\u00far\u00e1j\u00e1nak, szok\u00e1sainak \u00e9s \u00e9letm\u00f3dj\u00e1nak megismer\u00e9se. Eb\u00e9d hagyom\u00e1nyos m\u00f3don: kecskeh\u00fas, nemzeti recept szerint f\u0151zve.<\/li>\n<li data-start=\"563\" data-end=\"733\"><strong data-start=\"736\" data-end=\"755\">Kivengwa barlang<\/strong>\u00a0- Egy denev\u00e9rkol\u00f3ni\u00e1k \u00e1ltal lakott barlang felfedez\u00e9se. Hangulatos hely, melyet legend\u00e1k \u00f6veznek.<\/li>\n<li data-start=\"563\" data-end=\"733\"><strong data-start=\"865\" data-end=\"882\">Kiwengwa strand<\/strong>\u00a0- S\u00e9ta ap\u00e1lykor a csupasz \u00f3ce\u00e1nfen\u00e9ken, felfedezve a helyiek \u00e1ltal l\u00e9trehozott h\u00edn\u00e1ros \"z\u00f6lds\u00e9geskerteket\". Pihen\u00e9s \u00e9s f\u00e9nyk\u00e9pez\u00e9s.<\/li>\n<\/ul>\n<p><strong>17:00 - Visszat\u00e9r\u00e9s a sz\u00e1llod\u00e1ba.<\/strong><\/p>\n<p><strong>Tartalmazza:<\/strong><\/p>\n<ul>\n<li>Transzfer a sz\u00e1llod\u00e1b\u00f3l \u00e9s a sz\u00e1llod\u00e1ba<\/li>\n<li>Minden transzfer l\u00e9gkondicion\u00e1lt minibusszal<\/li>\n<li>Magyarul besz\u00e9l\u0151 idegenvezet\u0151<\/li>\n<li>Eb\u00e9d<\/li>\n<li>Minden bel\u00e9p\u0151jegy<\/li>\n<\/ul>\n<p><strong>Nem tartalmazza:<\/strong><\/p>\n<ul>\n<li>Szem\u00e9lyes kiad\u00e1sok (aj\u00e1nd\u00e9kt\u00e1rgyak)<\/li>\n<\/ul>\n<p><strong>L\u00e9nyeges:<\/strong><\/p>\n<ul>\n<li>F\u00fcrd\u0151ruha, \u00fasz\u00f3nadr\u00e1g<\/li>\n<li>T\u00f6r\u00fclk\u00f6z\u0151<\/li>\n<li>Kamera<\/li>\n<li><span class=\"fontstyle0\">Napszem\u00fcveg<\/span><\/li>\n<li>Fejd\u00edsz<\/li>\n<li><span class=\"fontstyle0\">F\u00e9nyv\u00e9d\u0151 kr\u00e9m<\/span><\/li>\n<\/ul>","protected":false},"excerpt":{"rendered":"<p><strong>Kir\u00e1ndul\u00e1s Id\u0151pontja:<\/strong> 9:00 - 17:00<\/p>\n<p><strong>A Kir\u00e1ndul\u00e1s Napjai:\u00a0<\/strong>Minden nap<\/p>","protected":false},"featured_media":66078,"template":"","meta":{"_kad_post_transparent":"default","_kad_post_title":"","_kad_post_layout":"default","_kad_post_sidebar_id":"","_kad_post_content_style":"default","_kad_post_vertical_padding":"default","_kad_post_feature":"","_kad_post_feature_position":"","_kad_post_header":false,"_kad_post_footer":false,"_kad_post_classname":"","_glsr_average":0,"_glsr_ranking":0,"_glsr_reviews":0},"product_brand":[],"product_cat":[469],"product_tag":[],"class_list":{"0":"post-66061","1":"product","2":"type-product","3":"status-publish","4":"has-post-thumbnail","6":"product_cat-tours","7":"tm-has-options","9":"first","10":"instock","11":"sale","12":"sold-individually","13":"taxable","14":"shipping-taxable","15":"purchasable","16":"product-type-simple","17":"entry","18":"content-bg","19":"loop-entry"},"yoast_head":"<!-- This site is optimized with the Yoast SEO plugin v27.3 - https:\/\/yoast.com\/product\/yoast-seo-wordpress\/ -->\n<title>\u0414\u0435\u0440\u0435\u0432\u043d\u044f \u041c\u0430\u0441\u0430\u0435\u0432, \u043f\u0435\u0449\u0435\u0440\u0430 \u041a\u0438\u0432\u0435\u043d\u0433\u0432\u0430 \u0438 \u043f\u043b\u044f\u0436 \u041a\u0438\u0432\u0435\u043d\u0433\u0432\u0430 &#8226; \u042d\u043a\u0441\u043a\u0443\u0440\u0441\u0438\u0438 Skyline<\/title>\n<meta name=\"robots\" content=\"index, follow, max-snippet:-1, max-image-preview:large, max-video-preview:-1\" \/>\n<link rel=\"canonical\" href=\"https:\/\/skyline-gs.com\/hu\/termek\/the-village-of-masai-zanzibar\/\" \/>\n<meta property=\"og:locale\" content=\"hu_HU\" \/>\n<meta property=\"og:type\" content=\"article\" \/>\n<meta property=\"og:title\" content=\"\u0414\u0435\u0440\u0435\u0432\u043d\u044f \u041c\u0430\u0441\u0430\u0435\u0432, \u043f\u0435\u0449\u0435\u0440\u0430 \u041a\u0438\u0432\u0435\u043d\u0433\u0432\u0430 \u0438 \u043f\u043b\u044f\u0436 \u041a\u0438\u0432\u0435\u043d\u0433\u0432\u0430 &#8226; \u042d\u043a\u0441\u043a\u0443\u0440\u0441\u0438\u0438 Skyline\" \/>\n<meta property=\"og:description\" content=\"\u0412\u0440\u0435\u043c\u044f \u0442\u0443\u0440\u0430: 9:00 \u2014 17:00  \u0414\u043d\u0438 \u043f\u0440\u043e\u0432\u0435\u0434\u0435\u043d\u0438\u044f:\u00a0\u041a\u0430\u0436\u0434\u044b\u0439 \u0434\u0435\u043d\u044c\" \/>\n<meta property=\"og:url\" content=\"https:\/\/skyline-gs.com\/hu\/termek\/the-village-of-masai-zanzibar\/\" \/>\n<meta property=\"og:site_name\" content=\"\u042d\u043a\u0441\u043a\u0443\u0440\u0441\u0438\u0438 Skyline\" \/>\n<meta property=\"article:modified_time\" content=\"2025-09-17T09:04:10+00:00\" \/>\n<meta property=\"og:image\" content=\"https:\/\/skyline-gs.com\/wp-content\/uploads\/2025\/09\/\u0414\u0435\u0440\u0435\u0432\u043d\u044f-\u041c\u0430\u0441\u0430\u0438-5.jpg\" \/>\n\t<meta property=\"og:image:width\" content=\"669\" \/>\n\t<meta property=\"og:image:height\" content=\"446\" \/>\n\t<meta property=\"og:image:type\" content=\"image\/jpeg\" \/>\n<meta name=\"twitter:card\" content=\"summary_large_image\" \/>\n<meta name=\"twitter:label1\" content=\"Becs\u00fclt olvas\u00e1si id\u0151\" \/>\n\t<meta name=\"twitter:data1\" content=\"1 perc\" \/>\n<script type=\"application\/ld+json\" class=\"yoast-schema-graph\">{\"@context\":\"https:\\\/\\\/schema.org\",\"@graph\":[{\"@type\":\"WebPage\",\"@id\":\"https:\\\/\\\/skyline-gs.com\\\/en\\\/product-2\\\/the-village-of-masai-zanzibar\\\/\",\"url\":\"https:\\\/\\\/skyline-gs.com\\\/en\\\/product-2\\\/the-village-of-masai-zanzibar\\\/\",\"name\":\"\u0414\u0435\u0440\u0435\u0432\u043d\u044f \u041c\u0430\u0441\u0430\u0435\u0432, \u043f\u0435\u0449\u0435\u0440\u0430 \u041a\u0438\u0432\u0435\u043d\u0433\u0432\u0430 \u0438 \u043f\u043b\u044f\u0436 \u041a\u0438\u0432\u0435\u043d\u0433\u0432\u0430 &#8226; \u042d\u043a\u0441\u043a\u0443\u0440\u0441\u0438\u0438 Skyline\",\"isPartOf\":{\"@id\":\"https:\\\/\\\/skyline-gs.com\\\/it\\\/#website\"},\"primaryImageOfPage\":{\"@id\":\"https:\\\/\\\/skyline-gs.com\\\/en\\\/product-2\\\/the-village-of-masai-zanzibar\\\/#primaryimage\"},\"image\":{\"@id\":\"https:\\\/\\\/skyline-gs.com\\\/en\\\/product-2\\\/the-village-of-masai-zanzibar\\\/#primaryimage\"},\"thumbnailUrl\":\"https:\\\/\\\/skyline-gs.com\\\/wp-content\\\/uploads\\\/2025\\\/09\\\/\u0414\u0435\u0440\u0435\u0432\u043d\u044f-\u041c\u0430\u0441\u0430\u0438-5.jpg\",\"datePublished\":\"2025-09-16T22:43:06+00:00\",\"dateModified\":\"2025-09-17T09:04:10+00:00\",\"breadcrumb\":{\"@id\":\"https:\\\/\\\/skyline-gs.com\\\/en\\\/product-2\\\/the-village-of-masai-zanzibar\\\/#breadcrumb\"},\"inLanguage\":\"hu\",\"potentialAction\":[{\"@type\":\"ReadAction\",\"target\":[\"https:\\\/\\\/skyline-gs.com\\\/en\\\/product-2\\\/the-village-of-masai-zanzibar\\\/\"]}]},{\"@type\":\"ImageObject\",\"inLanguage\":\"hu\",\"@id\":\"https:\\\/\\\/skyline-gs.com\\\/en\\\/product-2\\\/the-village-of-masai-zanzibar\\\/#primaryimage\",\"url\":\"https:\\\/\\\/skyline-gs.com\\\/wp-content\\\/uploads\\\/2025\\\/09\\\/\u0414\u0435\u0440\u0435\u0432\u043d\u044f-\u041c\u0430\u0441\u0430\u0438-5.jpg\",\"contentUrl\":\"https:\\\/\\\/skyline-gs.com\\\/wp-content\\\/uploads\\\/2025\\\/09\\\/\u0414\u0435\u0440\u0435\u0432\u043d\u044f-\u041c\u0430\u0441\u0430\u0438-5.jpg\",\"width\":669,\"height\":446},{\"@type\":\"BreadcrumbList\",\"@id\":\"https:\\\/\\\/skyline-gs.com\\\/en\\\/product-2\\\/the-village-of-masai-zanzibar\\\/#breadcrumb\",\"itemListElement\":[{\"@type\":\"ListItem\",\"position\":1,\"name\":\"\u0413\u043b\u0430\u0432\u043d\u0430\u044f \u0441\u0442\u0440\u0430\u043d\u0438\u0446\u0430\",\"item\":\"https:\\\/\\\/skyline-gs.com\\\/hu\\\/\"},{\"@type\":\"ListItem\",\"position\":2,\"name\":\"\u041c\u0430\u0433\u0430\u0437\u0438\u043d\",\"item\":\"https:\\\/\\\/skyline-gs.com\\\/cs\\\/shop\\\/\"},{\"@type\":\"ListItem\",\"position\":3,\"name\":\"\u0414\u0435\u0440\u0435\u0432\u043d\u044f \u041c\u0430\u0441\u0430\u0435\u0432, \u043f\u0435\u0449\u0435\u0440\u0430 \u041a\u0438\u0432\u0435\u043d\u0433\u0432\u0430 \u0438 \u043f\u043b\u044f\u0436 \u041a\u0438\u0432\u0435\u043d\u0433\u0432\u0430\"}]},{\"@type\":\"WebSite\",\"@id\":\"https:\\\/\\\/skyline-gs.com\\\/it\\\/#website\",\"url\":\"https:\\\/\\\/skyline-gs.com\\\/it\\\/\",\"name\":\"\u042d\u043a\u0441\u043a\u0443\u0440\u0441\u0438\u0438 Skyline\",\"description\":\"\u042d\u043a\u0441\u043a\u043b\u044e\u0437\u0438\u0432\u043d\u044b\u0435 \u044d\u043a\u0441\u043a\u0443\u0440\u0441\u0438\u0438 \u043d\u0430 \u043b\u0443\u0447\u0448\u0438\u0445 \u043a\u0443\u0440\u043e\u0440\u0442\u0430\u0445 \u043c\u0438\u0440\u0430\",\"publisher\":{\"@id\":\"https:\\\/\\\/skyline-gs.com\\\/it\\\/#organization\"},\"alternateName\":\"Skyline\",\"potentialAction\":[{\"@type\":\"SearchAction\",\"target\":{\"@type\":\"EntryPoint\",\"urlTemplate\":\"https:\\\/\\\/skyline-gs.com\\\/it\\\/?s={search_term_string}\"},\"query-input\":{\"@type\":\"PropertyValueSpecification\",\"valueRequired\":true,\"valueName\":\"search_term_string\"}}],\"inLanguage\":\"hu\"},{\"@type\":\"Organization\",\"@id\":\"https:\\\/\\\/skyline-gs.com\\\/it\\\/#organization\",\"name\":\"\u042d\u043a\u0441\u043a\u0443\u0440\u0441\u0438\u0438 Skyline\",\"alternateName\":\"\u042d\u043a\u0441\u043a\u0443\u0440\u0441\u0438\u0438 Skyline\",\"url\":\"https:\\\/\\\/skyline-gs.com\\\/it\\\/\",\"logo\":{\"@type\":\"ImageObject\",\"inLanguage\":\"hu\",\"@id\":\"https:\\\/\\\/skyline-gs.com\\\/it\\\/#\\\/schema\\\/logo\\\/image\\\/\",\"url\":\"https:\\\/\\\/skyline-gs.com\\\/wp-content\\\/uploads\\\/2020\\\/12\\\/cropped-logo-2.png\",\"contentUrl\":\"https:\\\/\\\/skyline-gs.com\\\/wp-content\\\/uploads\\\/2020\\\/12\\\/cropped-logo-2.png\",\"width\":512,\"height\":512,\"caption\":\"\u042d\u043a\u0441\u043a\u0443\u0440\u0441\u0438\u0438 Skyline\"},\"image\":{\"@id\":\"https:\\\/\\\/skyline-gs.com\\\/it\\\/#\\\/schema\\\/logo\\\/image\\\/\"},\"sameAs\":[\"https:\\\/\\\/www.instagram.com\\\/skylineglobalservice\\\/\"]}]}<\/script>\n<!-- \/ Yoast SEO plugin. -->","yoast_head_json":{"title":"\u0414\u0435\u0440\u0435\u0432\u043d\u044f \u041c\u0430\u0441\u0430\u0435\u0432, \u043f\u0435\u0449\u0435\u0440\u0430 \u041a\u0438\u0432\u0435\u043d\u0433\u0432\u0430 \u0438 \u043f\u043b\u044f\u0436 \u041a\u0438\u0432\u0435\u043d\u0433\u0432\u0430 &#8226; \u042d\u043a\u0441\u043a\u0443\u0440\u0441\u0438\u0438 Skyline","robots":{"index":"index","follow":"follow","max-snippet":"max-snippet:-1","max-image-preview":"max-image-preview:large","max-video-preview":"max-video-preview:-1"},"canonical":"https:\/\/skyline-gs.com\/hu\/termek\/the-village-of-masai-zanzibar\/","og_locale":"hu_HU","og_type":"article","og_title":"\u0414\u0435\u0440\u0435\u0432\u043d\u044f \u041c\u0430\u0441\u0430\u0435\u0432, \u043f\u0435\u0449\u0435\u0440\u0430 \u041a\u0438\u0432\u0435\u043d\u0433\u0432\u0430 \u0438 \u043f\u043b\u044f\u0436 \u041a\u0438\u0432\u0435\u043d\u0433\u0432\u0430 &#8226; \u042d\u043a\u0441\u043a\u0443\u0440\u0441\u0438\u0438 Skyline","og_description":"\u0412\u0440\u0435\u043c\u044f \u0442\u0443\u0440\u0430: 9:00 \u2014 17:00  \u0414\u043d\u0438 \u043f\u0440\u043e\u0432\u0435\u0434\u0435\u043d\u0438\u044f:\u00a0\u041a\u0430\u0436\u0434\u044b\u0439 \u0434\u0435\u043d\u044c","og_url":"https:\/\/skyline-gs.com\/hu\/termek\/the-village-of-masai-zanzibar\/","og_site_name":"\u042d\u043a\u0441\u043a\u0443\u0440\u0441\u0438\u0438 Skyline","article_modified_time":"2025-09-17T09:04:10+00:00","og_image":[{"width":669,"height":446,"url":"https:\/\/skyline-gs.com\/wp-content\/uploads\/2025\/09\/\u0414\u0435\u0440\u0435\u0432\u043d\u044f-\u041c\u0430\u0441\u0430\u0438-5.jpg","type":"image\/jpeg"}],"twitter_card":"summary_large_image","twitter_misc":{"Becs\u00fclt olvas\u00e1si id\u0151":"1 perc"},"schema":{"@context":"https:\/\/schema.org","@graph":[{"@type":"WebPage","@id":"https:\/\/skyline-gs.com\/en\/product-2\/the-village-of-masai-zanzibar\/","url":"https:\/\/skyline-gs.com\/en\/product-2\/the-village-of-masai-zanzibar\/","name":"\u0414\u0435\u0440\u0435\u0432\u043d\u044f \u041c\u0430\u0441\u0430\u0435\u0432, \u043f\u0435\u0449\u0435\u0440\u0430 \u041a\u0438\u0432\u0435\u043d\u0433\u0432\u0430 \u0438 \u043f\u043b\u044f\u0436 \u041a\u0438\u0432\u0435\u043d\u0433\u0432\u0430 &#8226; \u042d\u043a\u0441\u043a\u0443\u0440\u0441\u0438\u0438 Skyline","isPartOf":{"@id":"https:\/\/skyline-gs.com\/it\/#website"},"primaryImageOfPage":{"@id":"https:\/\/skyline-gs.com\/en\/product-2\/the-village-of-masai-zanzibar\/#primaryimage"},"image":{"@id":"https:\/\/skyline-gs.com\/en\/product-2\/the-village-of-masai-zanzibar\/#primaryimage"},"thumbnailUrl":"https:\/\/skyline-gs.com\/wp-content\/uploads\/2025\/09\/\u0414\u0435\u0440\u0435\u0432\u043d\u044f-\u041c\u0430\u0441\u0430\u0438-5.jpg","datePublished":"2025-09-16T22:43:06+00:00","dateModified":"2025-09-17T09:04:10+00:00","breadcrumb":{"@id":"https:\/\/skyline-gs.com\/en\/product-2\/the-village-of-masai-zanzibar\/#breadcrumb"},"inLanguage":"hu","potentialAction":[{"@type":"ReadAction","target":["https:\/\/skyline-gs.com\/en\/product-2\/the-village-of-masai-zanzibar\/"]}]},{"@type":"ImageObject","inLanguage":"hu","@id":"https:\/\/skyline-gs.com\/en\/product-2\/the-village-of-masai-zanzibar\/#primaryimage","url":"https:\/\/skyline-gs.com\/wp-content\/uploads\/2025\/09\/\u0414\u0435\u0440\u0435\u0432\u043d\u044f-\u041c\u0430\u0441\u0430\u0438-5.jpg","contentUrl":"https:\/\/skyline-gs.com\/wp-content\/uploads\/2025\/09\/\u0414\u0435\u0440\u0435\u0432\u043d\u044f-\u041c\u0430\u0441\u0430\u0438-5.jpg","width":669,"height":446},{"@type":"BreadcrumbList","@id":"https:\/\/skyline-gs.com\/en\/product-2\/the-village-of-masai-zanzibar\/#breadcrumb","itemListElement":[{"@type":"ListItem","position":1,"name":"\u0413\u043b\u0430\u0432\u043d\u0430\u044f \u0441\u0442\u0440\u0430\u043d\u0438\u0446\u0430","item":"https:\/\/skyline-gs.com\/hu\/"},{"@type":"ListItem","position":2,"name":"\u041c\u0430\u0433\u0430\u0437\u0438\u043d","item":"https:\/\/skyline-gs.com\/cs\/shop\/"},{"@type":"ListItem","position":3,"name":"\u0414\u0435\u0440\u0435\u0432\u043d\u044f \u041c\u0430\u0441\u0430\u0435\u0432, \u043f\u0435\u0449\u0435\u0440\u0430 \u041a\u0438\u0432\u0435\u043d\u0433\u0432\u0430 \u0438 \u043f\u043b\u044f\u0436 \u041a\u0438\u0432\u0435\u043d\u0433\u0432\u0430"}]},{"@type":"WebSite","@id":"https:\/\/skyline-gs.com\/it\/#website","url":"https:\/\/skyline-gs.com\/it\/","name":"Skyline T\u00far\u00e1k","description":"Exkluz\u00edv kir\u00e1ndul\u00e1sok a vil\u00e1g legjobb \u00fcd\u00fcl\u0151helyein","publisher":{"@id":"https:\/\/skyline-gs.com\/it\/#organization"},"alternateName":"Skyline","potentialAction":[{"@type":"SearchAction","target":{"@type":"EntryPoint","urlTemplate":"https:\/\/skyline-gs.com\/it\/?s={search_term_string}"},"query-input":{"@type":"PropertyValueSpecification","valueRequired":true,"valueName":"search_term_string"}}],"inLanguage":"hu"},{"@type":"Organization","@id":"https:\/\/skyline-gs.com\/it\/#organization","name":"Skyline T\u00far\u00e1k","alternateName":"\u042d\u043a\u0441\u043a\u0443\u0440\u0441\u0438\u0438 Skyline","url":"https:\/\/skyline-gs.com\/it\/","logo":{"@type":"ImageObject","inLanguage":"hu","@id":"https:\/\/skyline-gs.com\/it\/#\/schema\/logo\/image\/","url":"https:\/\/skyline-gs.com\/wp-content\/uploads\/2020\/12\/cropped-logo-2.png","contentUrl":"https:\/\/skyline-gs.com\/wp-content\/uploads\/2020\/12\/cropped-logo-2.png","width":512,"height":512,"caption":"\u042d\u043a\u0441\u043a\u0443\u0440\u0441\u0438\u0438 Skyline"},"image":{"@id":"https:\/\/skyline-gs.com\/it\/#\/schema\/logo\/image\/"},"sameAs":["https:\/\/www.instagram.com\/skylineglobalservice\/"]}]}},"_links":{"self":[{"href":"https:\/\/skyline-gs.com\/hu\/wp-json\/wp\/v2\/product\/66061","targetHints":{"allow":["GET"]}}],"collection":[{"href":"https:\/\/skyline-gs.com\/hu\/wp-json\/wp\/v2\/product"}],"about":[{"href":"https:\/\/skyline-gs.com\/hu\/wp-json\/wp\/v2\/types\/product"}],"version-history":[{"count":0,"href":"https:\/\/skyline-gs.com\/hu\/wp-json\/wp\/v2\/product\/66061\/revisions"}],"wp:featuredmedia":[{"embeddable":true,"href":"https:\/\/skyline-gs.com\/hu\/wp-json\/wp\/v2\/media\/66078"}],"wp:attachment":[{"href":"https:\/\/skyline-gs.com\/hu\/wp-json\/wp\/v2\/media?parent=66061"}],"wp:term":[{"taxonomy":"product_brand","embeddable":true,"href":"https:\/\/skyline-gs.com\/hu\/wp-json\/wp\/v2\/product_brand?post=66061"},{"taxonomy":"product_cat","embeddable":true,"href":"https:\/\/skyline-gs.com\/hu\/wp-json\/wp\/v2\/product_cat?post=66061"},{"taxonomy":"product_tag","embeddable":true,"href":"https:\/\/skyline-gs.com\/hu\/wp-json\/wp\/v2\/product_tag?post=66061"}],"curies":[{"name":"wp","href":"https:\/\/api.w.org\/{rel}","templated":true}]}}