{"id":66052,"date":"2025-09-16T23:35:57","date_gmt":"2025-09-16T21:35:57","guid":{"rendered":"http:\/\/skyline-gs.com\/?post_type=product&#038;p=66052"},"modified":"2026-03-12T17:47:59","modified_gmt":"2026-03-12T15:47:59","slug":"three-days-in-the-heart-of-africa-zanzibar","status":"publish","type":"product","link":"https:\/\/skyline-gs.com\/hu\/product\/three-days-in-the-heart-of-africa-zanzibar\/","title":{"rendered":"H\u00e1rom nap Afrika sz\u00edv\u00e9ben"},"content":{"rendered":"<p>Mind\u00f6ssze h\u00e1rom nap alatt l\u00e1thatja a legfontosabb dolgokat, amelyekr\u0151l Tanz\u00e1nia h\u00edres. A parkban. <strong>Tarangire<\/strong> a kr\u00e1terben elef\u00e1nt- \u00e9s zsir\u00e1fcsord\u00e1k \u00e9lnek. <strong>Ngorongoro<\/strong> - tal\u00e1lkoz\u00e1sok ragadoz\u00f3kkal \u00e9s ritka \u00e1llatokkal, \u00e9s persze a legend\u00e1s <strong>Kilimandzs\u00e1r\u00f3<\/strong>. Megk\u00f3stolhatja a vad t\u00f6rzsek \u00e1ltal k\u00e9sz\u00edtett k\u00e1v\u00e9t, \u00e9s id\u0151t t\u00f6lthet a parkban. <strong>Serval vadon \u00e9l\u0151 \u00e1llatok<\/strong>ahol az \u00e1llatokat k\u00f6zvetlen\u00fcl a kezedb\u0151l etetheted.<\/p>\n<p><strong>1. nap: Tarangire<\/strong><\/p>\n<p><strong>5:00 - Indul\u00e1s a sz\u00e1llod\u00e1b\u00f3l\u00a0<\/strong>\u00e9s rep\u00fcl\u0151t\u00e9ri transzferek<\/p>\n<ul>\n<li data-start=\"720\" data-end=\"782\">7:40 - 9:00 - Rep\u00fcl\u00e9s Arush\u00e1ba, tal\u00e1lkoz\u00e1s az orosz nyelv\u0171 idegenvezet\u0151vel.<\/li>\n<li data-start=\"785\" data-end=\"841\">\u00c1thelyez\u00e9s a Nemzeti <strong>Tarangire Park<\/strong> (kb. 1,5 \u00f3ra)<\/li>\n<li data-start=\"862\" data-end=\"927\"><strong>Szafari Tanz\u00e1nia egyik legfest\u0151ibb parkj\u00e1ban<\/strong><\/li>\n<li data-start=\"930\" data-end=\"994\"><strong>Baobabok, elef\u00e1ntok, zebr\u00e1k, zsir\u00e1fok, antilopok, oroszl\u00e1nfalk\u00e1k, gep\u00e1rdok...<\/strong><\/li>\n<li data-start=\"997\" data-end=\"1060\">H\u00edres <strong>Tarangire foly\u00f3<\/strong>ahol az \u00e1llatok \u00f6sszegy\u0171lnek egy itat\u00f3helyre<\/li>\n<li data-start=\"1063\" data-end=\"1115\">Egy odvas baobabf\u00e1ban rejt\u0151zk\u00f6d\u0151 orvvad\u00e1szok t\u00f6rt\u00e9nete.<\/li>\n<li data-start=\"1118\" data-end=\"1188\">Eb\u00e9d a foly\u00f3ra n\u00e9z\u0151 kil\u00e1t\u00e1ssal - meleg \u00e9telek egy speci\u00e1lisan felszerelt helyen<\/li>\n<li data-start=\"1118\" data-end=\"1188\">A szafari ut\u00e1n transzfer Arush\u00e1ba (2,5 \u00f3ra).<\/li>\n<li data-start=\"1118\" data-end=\"1188\">Vacsora<\/li>\n<li>\u00c9jszaka a sz\u00e1ll\u00e1son<\/li>\n<\/ul>\n<p><strong>2. nap. Ngorongoro kr\u00e1ter<\/strong><\/p>\n<ul>\n<li>Reggeli<\/li>\n<li>Indul\u00e1s a Ngorongoro kr\u00e1terbe<\/li>\n<li>Lefel\u00e9 ereszkedve a <strong>Ngorongoro kr\u00e1ter<\/strong> - olyan, mintha egy m\u00e1sik vil\u00e1gba utazn\u00e1nk. Ebben az \u0151si vulk\u00e1nban minden\u00fctt \u00e9let van: <strong>a hatalmas s\u00edks\u00e1gokon legel\u00e9sz\u0151 \u00e1llatok ezrei.<\/strong>Flaming\u00f3k csillognak a lag\u00fan\u00e1kban, \u00e9s sasok sz\u00e1rnyalnak a szavann\u00e1k felett. Sehol m\u00e1shol nem l\u00e1that ennyi vad Afrik\u00e1t ilyen k\u00f6zelr\u0151l egy helyen.<\/li>\n<li>Magadi-t\u00f3. Itt <strong>v\u00edzilovakat, b\u00f6l\u00e9nyeket, fekete orrszarv\u00fakat, zebr\u00e1kat, antilopokat l\u00e1that.<\/strong> \u00e9s sz\u00e1mos ragadoz\u00f3t, k\u00f6zt\u00fck <strong>oroszl\u00e1nok, gep\u00e1rdok, hi\u00e9n\u00e1k, leop\u00e1rdok \u00e9s sak\u00e1lok.<\/strong>. \u00c9s persze, hogy \u00fcdv\u00f6z\u00f6lni fogjuk. <strong>r\u00f3zsasz\u00edn flaming\u00f3k ezrei.<\/strong><\/li>\n<li data-start=\"1118\" data-end=\"1188\">Vacsora<\/li>\n<li>\u00c9jszaka a sz\u00e1ll\u00e1son.<\/li>\n<\/ul>\n<p><strong>3. nap. \u00c1llatkerti szerv\u00e1l, Kilimandzs\u00e1r\u00f3 \u00e9s Chaga t\u00f6rzs<\/strong><\/p>\n<ul>\n<li data-start=\"1583\" data-end=\"1650\">Reggeli<\/li>\n<li data-start=\"1583\" data-end=\"1650\">8:00 Indul\u00e1s a Kilimandzs\u00e1r\u00f3ra (az \u00fat kb. 2 \u00f3r\u00e1t vesz ig\u00e9nybe).<\/li>\n<li data-start=\"1671\" data-end=\"1782\"><strong>Kilimandzs\u00e1r\u00f3 szafari \u00e9s Materuni v\u00edzes\u00e9s<\/strong>\u00a0(90 m\u00e9ter magas)<\/li>\n<li data-start=\"1785\" data-end=\"1857\"><strong>Betekint\u00e9s a Chaga t\u00f6rzs \u00e9let\u00e9be<\/strong>\u00a0- autentikus falvak, hagyom\u00e1nyok \u00e9s mindennapi \u00e9let<\/li>\n<li data-start=\"1860\" data-end=\"1876\">Eb\u00e9d a faluban<\/li>\n<li data-start=\"1879\" data-end=\"1991\">L\u00e1togat\u00e1s a k\u00e1v\u00e9\u00fcltetv\u00e9nyeken: a babszed\u00e9st\u0151l a t\u0171z\u00f6n val\u00f3 k\u00e1v\u00e9k\u00e9sz\u00edt\u00e9sig, a helyiek \u00e9nekeivel \u00e9s t\u00e1ncaival.<\/li>\n<li data-start=\"2044\" data-end=\"2084\"><strong>T\u00fara a Serval Wildlife \u00e9rintkez\u00e9si \u00e1llatkertben (Serval Wildlife)<\/strong>\u00a0takarm\u00e1nyoz\u00e1ssal (2 \u00f3ra)<\/li>\n<li data-start=\"2088\" data-end=\"2109\">Rept\u00e9ri transzfer<\/li>\n<li data-start=\"2088\" data-end=\"2109\">21:30 Indul\u00e1s Zanzib\u00e1rba<\/li>\n<li>Tal\u00e1lkoz\u00e1s a rep\u00fcl\u0151t\u00e9ren \u00e9s transzfer a sz\u00e1llod\u00e1ba<\/li>\n<\/ul>\n<p><strong>1:00 - Visszat\u00e9r\u00e9s a sz\u00e1llod\u00e1ba.<\/strong><\/p>\n<p><strong>Tartalmazza:<\/strong><\/p>\n<ul>\n<li>Rep\u00fcl\u0151jegyek<\/li>\n<li>Transzfer a sz\u00e1llod\u00e1b\u00f3l \u00e9s vissza<\/li>\n<li>Minden \u00fatk\u00f6zbeni transzfer<\/li>\n<li data-start=\"1116\" data-end=\"1188\">Sz\u00e1ll\u00e1s a kunyh\u00f3kban<\/li>\n<li>\u00c9tkez\u00e9s: 1. nap - eb\u00e9d, vacsora; 2. nap - reggeli, eb\u00e9d, vacsora; 3. nap - reggeli, eb\u00e9d.<\/li>\n<li>Palackozott v\u00edz \u00e9s \u00fcd\u00edt\u0151italok fogyaszt\u00e1sa a t\u00fara sor\u00e1n<\/li>\n<li>Orvosi csomag<\/li>\n<li>Szakk\u00e9pzett erd\u0151j\u00e1r\u00f3 idegenvezet\u0151 k\u00eds\u00e9ret\u00e9ben<\/li>\n<li>Magyarul besz\u00e9l\u0151 idegenvezet\u0151<\/li>\n<li>Szafari \u00e9s kir\u00e1ndul\u00e1sok a program szerint 4*4 n\u00e9gyker\u00e9k-meghajt\u00e1s\u00fa szafari dzsippel<\/li>\n<li>Nemzeti parkok bel\u00e9p\u0151d\u00edjai<\/li>\n<li>Bel\u00e9p\u0151jegyek a Serval \u00c1llatkertbe<\/li>\n<\/ul>\n<p><strong>Mit hozzak magammal?<\/strong><\/p>\n<ul>\n<li>\u00datlev\u00e9l. B\u00e1r Zanzib\u00e1r Tanz\u00e1nia r\u00e9sze, a rep\u00fcl\u0151t\u00e9ren mindannyian \u00e1tmegy\u00fcnk az \u00fatlev\u00e9l-ellen\u0151rz\u00e9sen.<\/li>\n<li>K\u00e9nyelmes cip\u0151 \u00e9s ruh\u00e1zat. \u041b<span class=\"fontstyle0\">k\u00f6nny\u0171 nadr\u00e1g, hossz\u00fa ujj\u00fa ing, p\u00f3l\u00f3, szem\u00e9lyes t\u00e1rgyak (5 kg-ig)<\/span><\/li>\n<li>Kab\u00e1t, es\u0151 vagy h\u0171v\u00f6s est\u00e9k eset\u00e9n<\/li>\n<li>Fot\u00f3-vide\u00f3 felszerel\u00e9s. J\u00f3 el\u0151re t\u00f6ltse fel eszk\u00f6zeit<\/li>\n<li>V\u00e1ltsd \u00e1t a p\u00e9nzed kis c\u00edmletekre. Ezek hasznosak az aj\u00e1nd\u00e9kt\u00e1rgyakra \u00e9s a borraval\u00f3ra a park\u0151r\u00f6knek. Aj\u00e1nlott borraval\u00f3 5$ szem\u00e9lyenk\u00e9nt<\/li>\n<li>Reggeli harapnival\u00f3 (az hotel recepci\u00f3j\u00e1n jelezze, hogy kor\u00e1n reggel indul egy kir\u00e1ndul\u00e1sra, \u00e9s k\u00e9sz\u00edtsenek \u00d6nnek egy eb\u00e9dcsomagot, a sz\u00e1llod\u00e1k ezt a szolg\u00e1ltat\u00e1st ingyen biztos\u00edtj\u00e1k);<\/li>\n<li><span class=\"fontstyle0\">Napszem\u00fcveg \u00e9s panama, naptej<\/span><\/li>\n<li><span class=\"fontstyle0\">Szem\u00e9lyi higi\u00e9niai term\u00e9kek, szem\u00e9lyes els\u0151seg\u00e9lycsomag<\/span><\/li>\n<li><span class=\"fontstyle0\">K\u00e9zfert\u0151tlen\u00edt\u0151 g\u00e9l<\/span><\/li>\n<\/ul>\n<p><strong>Foglal\u00e1si felt\u00e9telek:<\/strong><\/p>\n<ul>\n<li>50% el\u0151leg (online fizet\u00e9s k\u00e1rty\u00e1s \u00e1tutal\u00e1ssal vagy k\u00e9szp\u00e9nzzel). <strong>Az el\u0151leg nem visszat\u00e9r\u00edtend\u0151.<\/strong><\/li>\n<\/ul>","protected":false},"excerpt":{"rendered":"<p><strong>Kir\u00e1ndul\u00e1s Id\u0151pontja:<\/strong> 3 nap<\/p>\n<p><strong>A Kir\u00e1ndul\u00e1s Napjai:\u00a0<\/strong>Minden nap<\/p>","protected":false},"featured_media":63112,"template":"","meta":{"_kad_post_transparent":"default","_kad_post_title":"","_kad_post_layout":"default","_kad_post_sidebar_id":"","_kad_post_content_style":"default","_kad_post_vertical_padding":"default","_kad_post_feature":"","_kad_post_feature_position":"","_kad_post_header":false,"_kad_post_footer":false,"_kad_post_classname":"","_glsr_average":0,"_glsr_ranking":0,"_glsr_reviews":0},"product_brand":[],"product_cat":[468,469],"product_tag":[],"class_list":{"0":"post-66052","1":"product","2":"type-product","3":"status-publish","4":"has-post-thumbnail","6":"product_cat-zanzibar-safari","7":"product_cat-tours","8":"tm-has-options","10":"first","11":"instock","12":"sale","13":"sold-individually","14":"taxable","15":"shipping-taxable","16":"purchasable","17":"product-type-simple","18":"entry","19":"content-bg","20":"loop-entry"},"yoast_head":"<!-- This site is optimized with the Yoast SEO plugin v27.3 - https:\/\/yoast.com\/product\/yoast-seo-wordpress\/ -->\n<title>\u0422\u0440\u0438 \u0434\u043d\u044f \u0432 \u0441\u0435\u0440\u0434\u0446\u0435 \u0410\u0444\u0440\u0438\u043a\u0438 &#8226; \u042d\u043a\u0441\u043a\u0443\u0440\u0441\u0438\u0438 Skyline<\/title>\n<meta name=\"robots\" content=\"index, follow, max-snippet:-1, max-image-preview:large, max-video-preview:-1\" \/>\n<link rel=\"canonical\" href=\"https:\/\/skyline-gs.com\/hu\/termek\/three-days-in-the-heart-of-africa-zanzibar\/\" \/>\n<meta property=\"og:locale\" content=\"hu_HU\" \/>\n<meta property=\"og:type\" content=\"article\" \/>\n<meta property=\"og:title\" content=\"\u0422\u0440\u0438 \u0434\u043d\u044f \u0432 \u0441\u0435\u0440\u0434\u0446\u0435 \u0410\u0444\u0440\u0438\u043a\u0438 &#8226; \u042d\u043a\u0441\u043a\u0443\u0440\u0441\u0438\u0438 Skyline\" \/>\n<meta property=\"og:description\" content=\"\u0412\u0440\u0435\u043c\u044f \u0442\u0443\u0440\u0430: 3 \u0434\u043d\u044f  \u0414\u043d\u0438 \u043f\u0440\u043e\u0432\u0435\u0434\u0435\u043d\u0438\u044f:\u00a0\u041a\u0430\u0436\u0434\u044b\u0439 \u0434\u0435\u043d\u044c\" \/>\n<meta property=\"og:url\" content=\"https:\/\/skyline-gs.com\/hu\/termek\/three-days-in-the-heart-of-africa-zanzibar\/\" \/>\n<meta property=\"og:site_name\" content=\"\u042d\u043a\u0441\u043a\u0443\u0440\u0441\u0438\u0438 Skyline\" \/>\n<meta property=\"article:modified_time\" content=\"2026-03-12T15:47:59+00:00\" \/>\n<meta property=\"og:image\" content=\"https:\/\/skyline-gs.com\/wp-content\/uploads\/2025\/05\/17.jpg\" \/>\n\t<meta property=\"og:image:width\" content=\"585\" \/>\n\t<meta property=\"og:image:height\" content=\"390\" \/>\n\t<meta property=\"og:image:type\" content=\"image\/jpeg\" \/>\n<meta name=\"twitter:card\" content=\"summary_large_image\" \/>\n<meta name=\"twitter:label1\" content=\"Becs\u00fclt olvas\u00e1si id\u0151\" \/>\n\t<meta name=\"twitter:data1\" content=\"3 perc\" \/>\n<script type=\"application\/ld+json\" class=\"yoast-schema-graph\">{\"@context\":\"https:\\\/\\\/schema.org\",\"@graph\":[{\"@type\":\"WebPage\",\"@id\":\"https:\\\/\\\/skyline-gs.com\\\/product\\\/three-days-in-the-heart-of-africa-zanzibar\\\/\",\"url\":\"https:\\\/\\\/skyline-gs.com\\\/product\\\/three-days-in-the-heart-of-africa-zanzibar\\\/\",\"name\":\"\u0422\u0440\u0438 \u0434\u043d\u044f \u0432 \u0441\u0435\u0440\u0434\u0446\u0435 \u0410\u0444\u0440\u0438\u043a\u0438 &#8226; \u042d\u043a\u0441\u043a\u0443\u0440\u0441\u0438\u0438 Skyline\",\"isPartOf\":{\"@id\":\"https:\\\/\\\/skyline-gs.com\\\/it\\\/#website\"},\"primaryImageOfPage\":{\"@id\":\"https:\\\/\\\/skyline-gs.com\\\/product\\\/three-days-in-the-heart-of-africa-zanzibar\\\/#primaryimage\"},\"image\":{\"@id\":\"https:\\\/\\\/skyline-gs.com\\\/product\\\/three-days-in-the-heart-of-africa-zanzibar\\\/#primaryimage\"},\"thumbnailUrl\":\"https:\\\/\\\/skyline-gs.com\\\/wp-content\\\/uploads\\\/2025\\\/05\\\/17.jpg\",\"datePublished\":\"2025-09-16T21:35:57+00:00\",\"dateModified\":\"2026-03-12T15:47:59+00:00\",\"breadcrumb\":{\"@id\":\"https:\\\/\\\/skyline-gs.com\\\/product\\\/three-days-in-the-heart-of-africa-zanzibar\\\/#breadcrumb\"},\"inLanguage\":\"hu\",\"potentialAction\":[{\"@type\":\"ReadAction\",\"target\":[\"https:\\\/\\\/skyline-gs.com\\\/product\\\/three-days-in-the-heart-of-africa-zanzibar\\\/\"]}]},{\"@type\":\"ImageObject\",\"inLanguage\":\"hu\",\"@id\":\"https:\\\/\\\/skyline-gs.com\\\/product\\\/three-days-in-the-heart-of-africa-zanzibar\\\/#primaryimage\",\"url\":\"https:\\\/\\\/skyline-gs.com\\\/wp-content\\\/uploads\\\/2025\\\/05\\\/17.jpg\",\"contentUrl\":\"https:\\\/\\\/skyline-gs.com\\\/wp-content\\\/uploads\\\/2025\\\/05\\\/17.jpg\",\"width\":585,\"height\":390},{\"@type\":\"BreadcrumbList\",\"@id\":\"https:\\\/\\\/skyline-gs.com\\\/product\\\/three-days-in-the-heart-of-africa-zanzibar\\\/#breadcrumb\",\"itemListElement\":[{\"@type\":\"ListItem\",\"position\":1,\"name\":\"\u0413\u043b\u0430\u0432\u043d\u0430\u044f \u0441\u0442\u0440\u0430\u043d\u0438\u0446\u0430\",\"item\":\"https:\\\/\\\/skyline-gs.com\\\/hu\\\/\"},{\"@type\":\"ListItem\",\"position\":2,\"name\":\"\u041c\u0430\u0433\u0430\u0437\u0438\u043d\",\"item\":\"https:\\\/\\\/skyline-gs.com\\\/cs\\\/shop\\\/\"},{\"@type\":\"ListItem\",\"position\":3,\"name\":\"\u0422\u0440\u0438 \u0434\u043d\u044f \u0432 \u0441\u0435\u0440\u0434\u0446\u0435 \u0410\u0444\u0440\u0438\u043a\u0438\"}]},{\"@type\":\"WebSite\",\"@id\":\"https:\\\/\\\/skyline-gs.com\\\/it\\\/#website\",\"url\":\"https:\\\/\\\/skyline-gs.com\\\/it\\\/\",\"name\":\"\u042d\u043a\u0441\u043a\u0443\u0440\u0441\u0438\u0438 Skyline\",\"description\":\"\u042d\u043a\u0441\u043a\u043b\u044e\u0437\u0438\u0432\u043d\u044b\u0435 \u044d\u043a\u0441\u043a\u0443\u0440\u0441\u0438\u0438 \u043d\u0430 \u043b\u0443\u0447\u0448\u0438\u0445 \u043a\u0443\u0440\u043e\u0440\u0442\u0430\u0445 \u043c\u0438\u0440\u0430\",\"publisher\":{\"@id\":\"https:\\\/\\\/skyline-gs.com\\\/it\\\/#organization\"},\"alternateName\":\"Skyline\",\"potentialAction\":[{\"@type\":\"SearchAction\",\"target\":{\"@type\":\"EntryPoint\",\"urlTemplate\":\"https:\\\/\\\/skyline-gs.com\\\/it\\\/?s={search_term_string}\"},\"query-input\":{\"@type\":\"PropertyValueSpecification\",\"valueRequired\":true,\"valueName\":\"search_term_string\"}}],\"inLanguage\":\"hu\"},{\"@type\":\"Organization\",\"@id\":\"https:\\\/\\\/skyline-gs.com\\\/it\\\/#organization\",\"name\":\"\u042d\u043a\u0441\u043a\u0443\u0440\u0441\u0438\u0438 Skyline\",\"alternateName\":\"\u042d\u043a\u0441\u043a\u0443\u0440\u0441\u0438\u0438 Skyline\",\"url\":\"https:\\\/\\\/skyline-gs.com\\\/it\\\/\",\"logo\":{\"@type\":\"ImageObject\",\"inLanguage\":\"hu\",\"@id\":\"https:\\\/\\\/skyline-gs.com\\\/it\\\/#\\\/schema\\\/logo\\\/image\\\/\",\"url\":\"https:\\\/\\\/skyline-gs.com\\\/wp-content\\\/uploads\\\/2020\\\/12\\\/cropped-logo-2.png\",\"contentUrl\":\"https:\\\/\\\/skyline-gs.com\\\/wp-content\\\/uploads\\\/2020\\\/12\\\/cropped-logo-2.png\",\"width\":512,\"height\":512,\"caption\":\"\u042d\u043a\u0441\u043a\u0443\u0440\u0441\u0438\u0438 Skyline\"},\"image\":{\"@id\":\"https:\\\/\\\/skyline-gs.com\\\/it\\\/#\\\/schema\\\/logo\\\/image\\\/\"},\"sameAs\":[\"https:\\\/\\\/www.instagram.com\\\/skylineglobalservice\\\/\"]}]}<\/script>\n<!-- \/ Yoast SEO plugin. -->","yoast_head_json":{"title":"\u0422\u0440\u0438 \u0434\u043d\u044f \u0432 \u0441\u0435\u0440\u0434\u0446\u0435 \u0410\u0444\u0440\u0438\u043a\u0438 &#8226; \u042d\u043a\u0441\u043a\u0443\u0440\u0441\u0438\u0438 Skyline","robots":{"index":"index","follow":"follow","max-snippet":"max-snippet:-1","max-image-preview":"max-image-preview:large","max-video-preview":"max-video-preview:-1"},"canonical":"https:\/\/skyline-gs.com\/hu\/termek\/three-days-in-the-heart-of-africa-zanzibar\/","og_locale":"hu_HU","og_type":"article","og_title":"\u0422\u0440\u0438 \u0434\u043d\u044f \u0432 \u0441\u0435\u0440\u0434\u0446\u0435 \u0410\u0444\u0440\u0438\u043a\u0438 &#8226; \u042d\u043a\u0441\u043a\u0443\u0440\u0441\u0438\u0438 Skyline","og_description":"\u0412\u0440\u0435\u043c\u044f \u0442\u0443\u0440\u0430: 3 \u0434\u043d\u044f  \u0414\u043d\u0438 \u043f\u0440\u043e\u0432\u0435\u0434\u0435\u043d\u0438\u044f:\u00a0\u041a\u0430\u0436\u0434\u044b\u0439 \u0434\u0435\u043d\u044c","og_url":"https:\/\/skyline-gs.com\/hu\/termek\/three-days-in-the-heart-of-africa-zanzibar\/","og_site_name":"\u042d\u043a\u0441\u043a\u0443\u0440\u0441\u0438\u0438 Skyline","article_modified_time":"2026-03-12T15:47:59+00:00","og_image":[{"width":585,"height":390,"url":"https:\/\/skyline-gs.com\/wp-content\/uploads\/2025\/05\/17.jpg","type":"image\/jpeg"}],"twitter_card":"summary_large_image","twitter_misc":{"Becs\u00fclt olvas\u00e1si id\u0151":"3 perc"},"schema":{"@context":"https:\/\/schema.org","@graph":[{"@type":"WebPage","@id":"https:\/\/skyline-gs.com\/product\/three-days-in-the-heart-of-africa-zanzibar\/","url":"https:\/\/skyline-gs.com\/product\/three-days-in-the-heart-of-africa-zanzibar\/","name":"\u0422\u0440\u0438 \u0434\u043d\u044f \u0432 \u0441\u0435\u0440\u0434\u0446\u0435 \u0410\u0444\u0440\u0438\u043a\u0438 &#8226; \u042d\u043a\u0441\u043a\u0443\u0440\u0441\u0438\u0438 Skyline","isPartOf":{"@id":"https:\/\/skyline-gs.com\/it\/#website"},"primaryImageOfPage":{"@id":"https:\/\/skyline-gs.com\/product\/three-days-in-the-heart-of-africa-zanzibar\/#primaryimage"},"image":{"@id":"https:\/\/skyline-gs.com\/product\/three-days-in-the-heart-of-africa-zanzibar\/#primaryimage"},"thumbnailUrl":"https:\/\/skyline-gs.com\/wp-content\/uploads\/2025\/05\/17.jpg","datePublished":"2025-09-16T21:35:57+00:00","dateModified":"2026-03-12T15:47:59+00:00","breadcrumb":{"@id":"https:\/\/skyline-gs.com\/product\/three-days-in-the-heart-of-africa-zanzibar\/#breadcrumb"},"inLanguage":"hu","potentialAction":[{"@type":"ReadAction","target":["https:\/\/skyline-gs.com\/product\/three-days-in-the-heart-of-africa-zanzibar\/"]}]},{"@type":"ImageObject","inLanguage":"hu","@id":"https:\/\/skyline-gs.com\/product\/three-days-in-the-heart-of-africa-zanzibar\/#primaryimage","url":"https:\/\/skyline-gs.com\/wp-content\/uploads\/2025\/05\/17.jpg","contentUrl":"https:\/\/skyline-gs.com\/wp-content\/uploads\/2025\/05\/17.jpg","width":585,"height":390},{"@type":"BreadcrumbList","@id":"https:\/\/skyline-gs.com\/product\/three-days-in-the-heart-of-africa-zanzibar\/#breadcrumb","itemListElement":[{"@type":"ListItem","position":1,"name":"\u0413\u043b\u0430\u0432\u043d\u0430\u044f \u0441\u0442\u0440\u0430\u043d\u0438\u0446\u0430","item":"https:\/\/skyline-gs.com\/hu\/"},{"@type":"ListItem","position":2,"name":"\u041c\u0430\u0433\u0430\u0437\u0438\u043d","item":"https:\/\/skyline-gs.com\/cs\/shop\/"},{"@type":"ListItem","position":3,"name":"\u0422\u0440\u0438 \u0434\u043d\u044f \u0432 \u0441\u0435\u0440\u0434\u0446\u0435 \u0410\u0444\u0440\u0438\u043a\u0438"}]},{"@type":"WebSite","@id":"https:\/\/skyline-gs.com\/it\/#website","url":"https:\/\/skyline-gs.com\/it\/","name":"Skyline T\u00far\u00e1k","description":"Exkluz\u00edv kir\u00e1ndul\u00e1sok a vil\u00e1g legjobb \u00fcd\u00fcl\u0151helyein","publisher":{"@id":"https:\/\/skyline-gs.com\/it\/#organization"},"alternateName":"Skyline","potentialAction":[{"@type":"SearchAction","target":{"@type":"EntryPoint","urlTemplate":"https:\/\/skyline-gs.com\/it\/?s={search_term_string}"},"query-input":{"@type":"PropertyValueSpecification","valueRequired":true,"valueName":"search_term_string"}}],"inLanguage":"hu"},{"@type":"Organization","@id":"https:\/\/skyline-gs.com\/it\/#organization","name":"Skyline T\u00far\u00e1k","alternateName":"\u042d\u043a\u0441\u043a\u0443\u0440\u0441\u0438\u0438 Skyline","url":"https:\/\/skyline-gs.com\/it\/","logo":{"@type":"ImageObject","inLanguage":"hu","@id":"https:\/\/skyline-gs.com\/it\/#\/schema\/logo\/image\/","url":"https:\/\/skyline-gs.com\/wp-content\/uploads\/2020\/12\/cropped-logo-2.png","contentUrl":"https:\/\/skyline-gs.com\/wp-content\/uploads\/2020\/12\/cropped-logo-2.png","width":512,"height":512,"caption":"\u042d\u043a\u0441\u043a\u0443\u0440\u0441\u0438\u0438 Skyline"},"image":{"@id":"https:\/\/skyline-gs.com\/it\/#\/schema\/logo\/image\/"},"sameAs":["https:\/\/www.instagram.com\/skylineglobalservice\/"]}]}},"_links":{"self":[{"href":"https:\/\/skyline-gs.com\/hu\/wp-json\/wp\/v2\/product\/66052","targetHints":{"allow":["GET"]}}],"collection":[{"href":"https:\/\/skyline-gs.com\/hu\/wp-json\/wp\/v2\/product"}],"about":[{"href":"https:\/\/skyline-gs.com\/hu\/wp-json\/wp\/v2\/types\/product"}],"version-history":[{"count":0,"href":"https:\/\/skyline-gs.com\/hu\/wp-json\/wp\/v2\/product\/66052\/revisions"}],"wp:featuredmedia":[{"embeddable":true,"href":"https:\/\/skyline-gs.com\/hu\/wp-json\/wp\/v2\/media\/63112"}],"wp:attachment":[{"href":"https:\/\/skyline-gs.com\/hu\/wp-json\/wp\/v2\/media?parent=66052"}],"wp:term":[{"taxonomy":"product_brand","embeddable":true,"href":"https:\/\/skyline-gs.com\/hu\/wp-json\/wp\/v2\/product_brand?post=66052"},{"taxonomy":"product_cat","embeddable":true,"href":"https:\/\/skyline-gs.com\/hu\/wp-json\/wp\/v2\/product_cat?post=66052"},{"taxonomy":"product_tag","embeddable":true,"href":"https:\/\/skyline-gs.com\/hu\/wp-json\/wp\/v2\/product_tag?post=66052"}],"curies":[{"name":"wp","href":"https:\/\/api.w.org\/{rel}","templated":true}]}}