{"id":66004,"date":"2025-09-11T11:30:33","date_gmt":"2025-09-11T09:30:33","guid":{"rendered":"http:\/\/skyline-gs.com\/?post_type=product&#038;p=66004"},"modified":"2026-02-15T11:56:17","modified_gmt":"2026-02-15T09:56:17","slug":"islands-of-phi-phi-island-khai-1-day-phuket","status":"publish","type":"product","link":"https:\/\/skyline-gs.com\/hu\/product\/islands-of-phi-phi-island-khai-1-day-phuket\/","title":{"rendered":"Phi Phi Phi Phi szigetek + Khai-sziget 1 nap"},"content":{"rendered":"<p>\u042d\u0442\u043e \u0433\u043b\u0430\u0432\u043d\u0430\u044f \u043c\u043e\u0440\u0441\u043a\u0430\u044f \u044d\u043a\u0441\u043a\u0443\u0440\u0441\u0438\u044f \u0441 \u041f\u0445\u0443\u043a\u0435\u0442\u0430, \u043a\u043e\u0442\u043e\u0440\u0443\u044e \u043d\u0435\u043b\u044c\u0437\u044f \u043f\u0440\u043e\u043f\u0443\u0441\u0442\u0438\u0442\u044c. \u0417\u0430 \u0434\u0435\u043d\u044c \u0432\u044b \u043f\u043e\u0441\u0435\u0442\u0438\u0442\u0435 \u0432\u0441\u0435 \u00ab\u043e\u0442\u043a\u0440\u044b\u0442\u043a\u0438 \u0422\u0430\u0438\u043b\u0430\u043d\u0434\u0430\u00bb: \u0431\u0443\u0445\u0442\u0443 \u041c\u0430\u0439\u044f, \u043b\u0430\u0433\u0443\u043d\u0443 \u041f\u0438\u043b\u0435, \u0437\u043d\u0430\u043c\u0435\u043d\u0438\u0442\u044b\u0435 \u043e\u0441\u0442\u0440\u043e\u0432\u0430 \u041f\u0445\u0438-\u041f\u0445\u0438 \u0438 \u0443\u0435\u0434\u0438\u043d\u0451\u043d\u043d\u044b\u0439 \u0411\u0430\u043c\u0431\u0443. \u0411\u0435\u043b\u043e\u0441\u043d\u0435\u0436\u043d\u044b\u0435 \u043f\u043b\u044f\u0436\u0438, \u0441\u043d\u043e\u0440\u043a\u043b\u0438\u043d\u0433 \u0441\u0440\u0435\u0434\u0438 \u0440\u044b\u0431 \u0438 \u043a\u043e\u0440\u0430\u043b\u043b\u043e\u0432, \u0432\u0438\u0434\u044b, \u043a\u043e\u0442\u043e\u0440\u044b\u0435 \u0437\u0430\u0445\u043e\u0447\u0435\u0442\u0441\u044f \u043f\u0435\u0440\u0435\u0441\u043c\u0430\u0442\u0440\u0438\u0432\u0430\u0442\u044c \u0441\u043d\u043e\u0432\u0430 \u0438 \u0441\u043d\u043e\u0432\u0430 \u2014 \u0432\u0441\u0451 \u0432 \u043e\u0434\u043d\u043e\u043c \u043d\u0430\u0441\u044b\u0449\u0435\u043d\u043d\u043e\u043c \u0442\u0443\u0440\u0435.<\/p>\n<p><strong>8:00 \u2014 \u041e\u0442\u043f\u0440\u0430\u0432\u043b\u0435\u043d\u0438\u0435 \u0438\u0437 \u043b\u043e\u0431\u0431\u0438 \u0432\u0430\u0448\u0435\u0433\u043e \u043e\u0442\u0435\u043b\u044f \u043d\u0430 \u041f\u0445\u0443\u043a\u0435\u0442\u0435. <\/strong>\u0411\u0435\u0441\u043f\u043b\u0430\u0442\u043d\u044b\u0439 \u0442\u0440\u0430\u043d\u0441\u0444\u0435\u0440 \u2014 <strong>\u041f\u0430\u0442\u043e\u043d\u0433, \u041a\u0430\u0442\u0430, \u041a\u0430\u0440\u043e\u043d<\/strong>.<\/p>\n<ul>\n<li>\u041a\u0440\u0430\u0442\u043a\u0438\u0439 \u0438\u043d\u0441\u0442\u0440\u0443\u043a\u0442\u0430\u0436.<\/li>\n<li>\u041f\u043e\u0441\u0430\u0434\u043a\u0430 \u043d\u0430 \u043a\u0430\u0442\u0435\u0440, \u043d\u0430\u0447\u0430\u043b\u043e \u043c\u043e\u0440\u0441\u043a\u043e\u0439 \u043f\u0440\u043e\u0433\u0443\u043b\u043a\u0438.<\/li>\n<li><strong>\u041c\u0430\u0439\u044f-\u0411\u044d\u0439<\/strong> \u2014 \u043b\u0435\u0433\u0435\u043d\u0434\u0430\u0440\u043d\u044b\u0439 \u043f\u043b\u044f\u0436 \u0438\u0437 \u0444\u0438\u043b\u044c\u043c\u0430 \u00ab\u041f\u043b\u044f\u0436\u00bb.<\/li>\n<li><strong>\u041b\u0430\u0433\u0443\u043d\u0430 \u041f\u0438\u043b\u0435 (Pileh Lagoon)<\/strong> \u2014 \u043f\u043b\u0430\u0432\u0430\u043d\u0438\u0435 \u0432 \u043a\u0440\u0438\u0441\u0442\u0430\u043b\u044c\u043d\u043e \u043f\u0440\u043e\u0437\u0440\u0430\u0447\u043d\u043e\u0439 \u0432\u043e\u0434\u0435, \u0441\u043d\u043e\u0440\u043a\u043b\u0438\u043d\u0433 \u0443 \u043a\u0440\u0430\u0451\u0432 \u043b\u0430\u0433\u0443\u043d\u044b; \u043e\u0442\u043b\u0438\u0447\u043d\u043e\u0435 \u043c\u0435\u0441\u0442\u043e \u0434\u043b\u044f \u043f\u0435\u0440\u0432\u043e\u0433\u043e \u0437\u043d\u0430\u043a\u043e\u043c\u0441\u0442\u0432\u0430 \u0441 \u043f\u043e\u0434\u0432\u043e\u0434\u043d\u044b\u043c \u043c\u0438\u0440\u043e\u043c.<\/li>\n<li><strong>\u041f\u0435\u0449\u0435\u0440\u0430 \u0412\u0438\u043a\u0438\u043d\u0433\u043e\u0432 (Viking Cave)<\/strong> \u2014 \u043a\u043e\u0440\u043e\u0442\u043a\u0430\u044f \u043e\u0441\u0442\u0430\u043d\u043e\u0432\u043a\u0430 \u0434\u043b\u044f \u0444\u043e\u0442\u043e \u0438 \u0440\u0430\u0441\u0441\u043a\u0430\u0437\u0430 \u0433\u0438\u0434\u0430 \u043e \u043c\u0435\u0441\u0442\u043d\u043e\u0439 \u043f\u0440\u0438\u0440\u043e\u0434\u0435 \u0438 \u043a\u0443\u043b\u044c\u0442\u0443\u0440\u0435.<\/li>\n<li><strong>\u041e\u0431\u0435\u0434 \u043d\u0430 \u041f\u0445\u0438-\u041f\u0445\u0438 \u0414\u043e\u043d<\/strong>: \u0442\u0430\u0439\u0441\u043a\u0438\u0435 \u0433\u043e\u0440\u044f\u0447\u0438\u0435 \u0431\u043b\u044e\u0434\u0430, \u0441\u0430\u043b\u0430\u0442\u044b, \u0444\u0440\u0443\u043a\u0442\u044b, \u043d\u0430\u043f\u0438\u0442\u043a\u0438.<\/li>\n<li>\u041e\u0441\u0442\u0430\u043d\u043e\u0432\u043a\u0430 \u0443 \u0431\u0443\u0445\u0442\u044b <strong>Monkey Beach (\u043f\u043b\u044f\u0436 \u043e\u0431\u0435\u0437\u044c\u044f\u043d)<\/strong>. \u0412\u043e\u0437\u043c\u043e\u0436\u043d\u043e\u0441\u0442\u044c \u0443\u0432\u0438\u0434\u0435\u0442\u044c \u043e\u0431\u0435\u0437\u044c\u044f\u043d \u0432 \u0435\u0441\u0442\u0435\u0441\u0442\u0432\u0435\u043d\u043d\u043e\u0439 \u0441\u0440\u0435\u0434\u0435, \u0441\u0434\u0435\u043b\u0430\u0442\u044c \u0444\u043e\u0442\u043e.<\/li>\n<li><strong data-start=\"2260\" data-end=\"2282\">\u041e\u0441\u0442\u0440\u043e\u0432 \u041a\u0445\u0430\u0439 (Khai)<\/strong> \u2014 \u043f\u043e\u0435\u0437\u0434\u043a\u0430 \u043d\u0430 \u043c\u0438\u043d\u0438-\u043e\u0441\u0442\u0440\u043e\u0432: \u0431\u0435\u043b\u044b\u0439 \u043f\u0435\u0441\u043e\u043a, \u043c\u0435\u043b\u043a\u043e\u0435 \u043c\u043e\u0440\u0435, \u0441\u043d\u043e\u0440\u043a\u043b\u0438\u043d\u0433 \u0443 \u0431\u0435\u0440\u0435\u0433\u0430; \u0438\u0434\u0435\u0430\u043b\u044c\u043d\u043e\u0435 \u043c\u0435\u0441\u0442\u043e \u0434\u043b\u044f \u0440\u0435\u043b\u0430\u043a\u0441\u0430 \u043f\u043e\u0441\u043b\u0435 \u0430\u043a\u0442\u0438\u0432\u043d\u043e\u0439 \u0447\u0430\u0441\u0442\u0438.<\/li>\n<li><strong data-start=\"2418\" data-end=\"2459\">(\u041e\u043f\u0446\u0438\u044f) \u041e\u0441\u0442\u0440\u043e\u0432 \u041c\u0430\u0439\u0442\u043e\u043d<\/strong> \u2014 \u043f\u0440\u0438 \u0432\u044b\u0431\u0440\u0430\u043d\u043d\u043e\u0439 \u043e\u043f\u0446\u0438\u0438: \u0443\u0435\u0434\u0438\u043d\u0451\u043d\u043d\u044b\u0435 \u043f\u043b\u044f\u0436\u0438 \u0438 \u0441\u043f\u043e\u043a\u043e\u0439\u043d\u0430\u044f \u0432\u043e\u0434\u0430 (\u0434\u043e\u043f. \u043e\u043f\u043b\u0430\u0442\u0430).<\/li>\n<li>\u041e\u0431\u0440\u0430\u0442\u043d\u044b\u0439 \u043f\u0443\u0442\u044c \u043a \u043f\u0438\u0440\u0441\u0443, \u0438\u043d\u0434\u0438\u0432\u0438\u0434\u0443\u0430\u043b\u044c\u043d\u044b\u0435 \u0444\u043e\u0442\u043e\/\u0432\u0438\u0434\u0435\u043e \u043f\u043e \u0436\u0435\u043b\u0430\u043d\u0438\u044e.<\/li>\n<li data-start=\"1540\" data-end=\"1668\">\n<p data-start=\"1542\" data-end=\"1668\">\u041f\u0440\u0438\u0431\u044b\u0442\u0438\u0435 \u043d\u0430 \u043f\u0438\u0440\u0441 \u0438 \u0442\u0440\u0430\u043d\u0441\u0444\u0435\u0440 \u0432 \u043e\u0442\u0435\u043b\u044c.<\/p>\n<\/li>\n<\/ul>\n<p data-start=\"1474\" data-end=\"1512\"><strong data-start=\"1474\" data-end=\"1512\">19:30 - Visszat\u00e9r\u00e9s a sz\u00e1llod\u00e1ba.<\/strong><\/p>\n<p><strong>Tartalmazza:<\/strong><\/p>\n<ul>\n<li>Transzfer a sz\u00e1llod\u00e1b\u00f3l \u00e9s a sz\u00e1llod\u00e1ba<\/li>\n<li>Program transzferek k\u00e9nyelmes l\u00e9gkondicion\u00e1lt aut\u00f3busszal<\/li>\n<li>K\u00f6rutaz\u00e1s haj\u00f3val<\/li>\n<li>\u041e\u0441\u0442\u0430\u043d\u043e\u0432\u043a\u0438 \u043d\u0430 \u0441\u043d\u043e\u0440\u043a\u043b\u0438\u043d\u0433<\/li>\n<li>Snorkeling felszerel\u00e9s (maszk, snorkel, mell\u00e9ny)<\/li>\n<li>Eb\u00e9d<\/li>\n<li>Italok<\/li>\n<li>\u0410\u043d\u0433\u043b\u0438\u0439\u0441\u043a\u0438\u0439 \u0438\u043b\u0438 \u0440\u0443\u0441\u0441\u043a\u0438\u0439 \u0433\u0438\u0434 (\u0432 \u0437\u0430\u0432\u0438\u0441\u0438\u043c\u043e\u0441\u0442\u0438 \u043e\u0442 \u0432\u0435\u0440\u0441\u0438\u0438 \u0442\u0443\u0440\u0430)<\/li>\n<\/ul>\n<p data-start=\"1728\" data-end=\"1784\"><strong>Nem tartalmazza:<\/strong><\/p>\n<ul>\n<li data-start=\"3221\" data-end=\"3280\">\u041b\u0438\u0447\u043d\u044b\u0435 \u0440\u0430\u0441\u0445\u043e\u0434\u044b (\u0441\u0443\u0432\u0435\u043d\u0438\u0440\u044b, \u043d\u0430\u043f\u0438\u0442\u043a\u0438 \u0432\u043d\u0435 \u043f\u0440\u043e\u0433\u0440\u0430\u043c\u043c\u044b, \u0447\u0430\u0435\u0432\u044b\u0435)<\/li>\n<li data-start=\"3221\" data-end=\"3280\">\u0424\u043e\u0442\u043e\/\u0432\u0438\u0434\u0435\u043e-\u0443\u0441\u043b\u0443\u0433\u0438 (\u043f\u0440\u0435\u0434\u043b\u0430\u0433\u0430\u044e\u0442\u0441\u044f \u043d\u0430 \u0431\u043e\u0440\u0442\u0443 \u0437\u0430 \u0434\u043e\u043f\u043b\u0430\u0442\u0443)<\/li>\n<li data-start=\"3221\" data-end=\"3280\">\u041e\u043f\u0446\u0438\u044f \u00ab\u041c\u0430\u0439\u0442\u043e\u043d\u00bb \u2014 \u043e\u043f\u043b\u0430\u0447\u0438\u0432\u0430\u0435\u0442\u0441\u044f \u043e\u0442\u0434\u0435\u043b\u044c\u043d\u043e, \u0435\u0441\u043b\u0438 \u0432\u044b\u0431\u0440\u0430\u043d\u0430<\/li>\n<li data-start=\"3221\" data-end=\"3280\">\u0422\u0440\u0430\u043d\u0441\u0444\u0435\u0440 \u0438\u0437 \u0443\u0434\u0430\u043b\u0451\u043d\u043d\u044b\u0445 \u0440\u0430\u0439\u043e\u043d\u043e\u0432 \u041f\u0445\u0443\u043a\u0435\u0442\u0430 (\u041a\u0430\u043c\u0430\u043b\u0430, \u0421\u0443\u0440\u0438\u043d \u0438 \u0434\u0440.)<\/li>\n<li data-start=\"3221\" data-end=\"3280\">\u0410\u0440\u0435\u043d\u0434\u0430 \u0448\u0435\u0437\u043b\u043e\u043d\u0433\u043e\u0432, \u0437\u043e\u043d\u0442\u043e\u0432 \u043d\u0430 \u043e\u0441\u0442\u0440\u043e\u0432\u0430\u0445<\/li>\n<\/ul>\n<p><strong>Tov\u00e1bbi inform\u00e1ci\u00f3k:<\/strong><\/p>\n<ul>\n<li data-start=\"3731\" data-end=\"3874\">\u0420\u0430\u0441\u043f\u0438\u0441\u0430\u043d\u0438\u0435 \u0438 \u043f\u043e\u0441\u043b\u0435\u0434\u043e\u0432\u0430\u0442\u0435\u043b\u044c\u043d\u043e\u0441\u0442\u044c \u043e\u0441\u0442\u0430\u043d\u043e\u0432\u043e\u043a \u043c\u043e\u0433\u0443\u0442 \u043c\u0435\u043d\u044f\u0442\u044c\u0441\u044f \u0432 \u0437\u0430\u0432\u0438\u0441\u0438\u043c\u043e\u0441\u0442\u0438 \u043e\u0442 \u043f\u043e\u0433\u043e\u0434\u043d\u044b\u0445 \u0443\u0441\u043b\u043e\u0432\u0438\u0439, \u0433\u0440\u0430\u0444\u0438\u043a\u0430 \u0440\u0430\u0431\u043e\u0442\u044b \u043d\u0430\u0446\u0438\u043e\u043d\u0430\u043b\u044c\u043d\u043e\u0433\u043e \u043f\u0430\u0440\u043a\u0430 \u0438 \u0443\u0440\u043e\u0432\u043d\u044f \u0432\u043e\u0434\u044b<\/li>\n<li data-start=\"3731\" data-end=\"3874\">\u041c\u0430\u0439\u044f-\u0411\u044d\u0439 \u0438\u043d\u043e\u0433\u0434\u0430 \u043e\u0433\u0440\u0430\u043d\u0438\u0447\u0435\u043d\u0430 \u0438\u043b\u0438 \u0437\u0430\u043a\u0440\u044b\u0442\u0430 \u0434\u043b\u044f \u0432\u044b\u0441\u0430\u0434\u043a\u0438 \u2014 \u0432 \u0442\u0430\u043a\u0438\u0445 \u0441\u043b\u0443\u0447\u0430\u044f\u0445 \u043f\u0440\u0435\u0434\u0443\u0441\u043c\u043e\u0442\u0440\u0435\u043d \u0444\u043e\u0442\u043e\u0441\u0442\u043e\u043f \u0438 \u043f\u043e\u0441\u0435\u0449\u0435\u043d\u0438\u0435 \u0430\u043b\u044c\u0442\u0435\u0440\u043d\u0430\u0442\u0438\u0432\u043d\u044b\u0445 \u0431\u0443\u0445\u0442<\/li>\n<li data-start=\"3731\" data-end=\"3874\">\u0411\u0435\u0440\u0435\u043c\u0435\u043d\u043d\u044b\u043c \u0436\u0435\u043d\u0449\u0438\u043d\u0430\u043c \u0438 \u043b\u044e\u0434\u044f\u043c \u0441 \u0441\u0435\u0440\u044c\u0451\u0437\u043d\u044b\u043c\u0438 \u0437\u0430\u0431\u043e\u043b\u0435\u0432\u0430\u043d\u0438\u044f\u043c\u0438 \u0441\u0435\u0440\u0434\u0446\u0430\/\u0441\u043f\u0438\u043d\u044b \u0440\u0435\u043a\u043e\u043c\u0435\u043d\u0434\u0443\u0435\u0442\u0441\u044f \u043f\u0440\u043e\u043a\u043e\u043d\u0441\u0443\u043b\u044c\u0442\u0438\u0440\u043e\u0432\u0430\u0442\u044c\u0441\u044f \u0441 \u0432\u0440\u0430\u0447\u043e\u043c \u0438 \u043e\u043f\u0435\u0440\u0430\u0442\u043e\u0440\u043e\u043c \u0442\u0443\u0440\u0430<\/li>\n<li data-start=\"3731\" data-end=\"3874\">\u0422\u0443\u0440 \u043f\u0440\u043e\u0432\u043e\u0434\u0438\u0442\u0441\u044f \u043d\u0430 \u0441\u043a\u043e\u0440\u043e\u0441\u0442\u043d\u044b\u0445 \u0441\u0443\u0434\u0430\u0445 \u2014 \u043f\u0440\u0438 \u0441\u043a\u043b\u043e\u043d\u043d\u043e\u0441\u0442\u0438 \u043a \u0443\u043a\u0430\u0447\u0438\u0432\u0430\u043d\u0438\u044e \u0432\u043e\u0437\u044c\u043c\u0438\u0442\u0435 \u043f\u0440\u0435\u043f\u0430\u0440\u0430\u0442\u044b \u0437\u0430\u0440\u0430\u043d\u0435\u0435<\/li>\n<\/ul>\n<p><strong>Vigy\u00e9l magaddal:<\/strong><\/p>\n<ul>\n<li data-start=\"1972\" data-end=\"2012\">\u00dasz\u00f3\u00f6lt\u00f6zet<\/li>\n<li data-start=\"1972\" data-end=\"2012\">T\u00f6r\u00fclk\u00f6z\u0151<\/li>\n<li data-start=\"1972\" data-end=\"2012\">Napszem\u00fcveg \u00e9s kr\u00e9m<\/li>\n<li data-start=\"1972\" data-end=\"2012\">Fejd\u00edsz<\/li>\n<li data-start=\"1972\" data-end=\"2012\">V\u00edz<\/li>\n<\/ul>","protected":false},"excerpt":{"rendered":"<p><strong>Kir\u00e1ndul\u00e1s Id\u0151pontja:<\/strong> 8:00 &#8212; 19:30<\/p>\n<p><strong>A Kir\u00e1ndul\u00e1s Napjai:<\/strong> Minden nap<\/p>","protected":false},"featured_media":66015,"template":"","meta":{"_kad_post_transparent":"default","_kad_post_title":"","_kad_post_layout":"default","_kad_post_sidebar_id":"","_kad_post_content_style":"default","_kad_post_vertical_padding":"default","_kad_post_feature":"","_kad_post_feature_position":"","_kad_post_header":false,"_kad_post_footer":false,"_kad_post_classname":"","_glsr_average":0,"_glsr_ranking":0,"_glsr_reviews":0},"product_brand":[],"product_cat":[506],"product_tag":[],"class_list":{"0":"post-66004","1":"product","2":"type-product","3":"status-publish","4":"has-post-thumbnail","6":"product_cat-phuket","7":"tm-has-options","9":"first","10":"instock","11":"sale","12":"sold-individually","13":"taxable","14":"shipping-taxable","15":"purchasable","16":"product-type-simple","17":"entry","18":"content-bg","19":"loop-entry"},"yoast_head":"<!-- This site is optimized with the Yoast SEO plugin v27.3 - https:\/\/yoast.com\/product\/yoast-seo-wordpress\/ -->\n<title>\u041e\u0441\u0442\u0440\u043e\u0432\u0430 \u041f\u0445\u0438-\u041f\u0445\u0438 + \u043e\u0441\u0442\u0440\u043e\u0432 \u041a\u0445\u0430\u0439 1 \u0434\u0435\u043d\u044c &#8226; \u042d\u043a\u0441\u043a\u0443\u0440\u0441\u0438\u0438 Skyline<\/title>\n<meta name=\"robots\" content=\"index, follow, max-snippet:-1, max-image-preview:large, max-video-preview:-1\" \/>\n<link rel=\"canonical\" href=\"https:\/\/skyline-gs.com\/hu\/termek\/islands-of-phi-phi-island-khai-1-day-phuket\/\" \/>\n<meta property=\"og:locale\" content=\"hu_HU\" \/>\n<meta property=\"og:type\" content=\"article\" \/>\n<meta property=\"og:title\" content=\"\u041e\u0441\u0442\u0440\u043e\u0432\u0430 \u041f\u0445\u0438-\u041f\u0445\u0438 + \u043e\u0441\u0442\u0440\u043e\u0432 \u041a\u0445\u0430\u0439 1 \u0434\u0435\u043d\u044c &#8226; \u042d\u043a\u0441\u043a\u0443\u0440\u0441\u0438\u0438 Skyline\" \/>\n<meta property=\"og:description\" content=\"\u0412\u0440\u0435\u043c\u044f \u0442\u0443\u0440\u0430: 8:00 - 19:30  \u0414\u043d\u0438 \u043f\u0440\u043e\u0432\u0435\u0434\u0435\u043d\u0438\u044f: \u041a\u0430\u0436\u0434\u044b\u0439 \u0434\u0435\u043d\u044c\" \/>\n<meta property=\"og:url\" content=\"https:\/\/skyline-gs.com\/hu\/termek\/islands-of-phi-phi-island-khai-1-day-phuket\/\" \/>\n<meta property=\"og:site_name\" content=\"\u042d\u043a\u0441\u043a\u0443\u0440\u0441\u0438\u0438 Skyline\" \/>\n<meta property=\"article:modified_time\" content=\"2026-02-15T09:56:17+00:00\" \/>\n<meta property=\"og:image\" content=\"https:\/\/skyline-gs.com\/wp-content\/uploads\/2025\/09\/15.jpg\" \/>\n\t<meta property=\"og:image:width\" content=\"669\" \/>\n\t<meta property=\"og:image:height\" content=\"446\" \/>\n\t<meta property=\"og:image:type\" content=\"image\/jpeg\" \/>\n<meta name=\"twitter:card\" content=\"summary_large_image\" \/>\n<meta name=\"twitter:label1\" content=\"Becs\u00fclt olvas\u00e1si id\u0151\" \/>\n\t<meta name=\"twitter:data1\" content=\"3 perc\" \/>\n<script type=\"application\/ld+json\" class=\"yoast-schema-graph\">{\"@context\":\"https:\\\/\\\/schema.org\",\"@graph\":[{\"@type\":\"WebPage\",\"@id\":\"https:\\\/\\\/skyline-gs.com\\\/product\\\/islands-of-phi-phi-island-khai-1-day-phuket\\\/\",\"url\":\"https:\\\/\\\/skyline-gs.com\\\/product\\\/islands-of-phi-phi-island-khai-1-day-phuket\\\/\",\"name\":\"\u041e\u0441\u0442\u0440\u043e\u0432\u0430 \u041f\u0445\u0438-\u041f\u0445\u0438 + \u043e\u0441\u0442\u0440\u043e\u0432 \u041a\u0445\u0430\u0439 1 \u0434\u0435\u043d\u044c &#8226; \u042d\u043a\u0441\u043a\u0443\u0440\u0441\u0438\u0438 Skyline\",\"isPartOf\":{\"@id\":\"https:\\\/\\\/skyline-gs.com\\\/it\\\/#website\"},\"primaryImageOfPage\":{\"@id\":\"https:\\\/\\\/skyline-gs.com\\\/product\\\/islands-of-phi-phi-island-khai-1-day-phuket\\\/#primaryimage\"},\"image\":{\"@id\":\"https:\\\/\\\/skyline-gs.com\\\/product\\\/islands-of-phi-phi-island-khai-1-day-phuket\\\/#primaryimage\"},\"thumbnailUrl\":\"https:\\\/\\\/skyline-gs.com\\\/wp-content\\\/uploads\\\/2025\\\/09\\\/15.jpg\",\"datePublished\":\"2025-09-11T09:30:33+00:00\",\"dateModified\":\"2026-02-15T09:56:17+00:00\",\"breadcrumb\":{\"@id\":\"https:\\\/\\\/skyline-gs.com\\\/product\\\/islands-of-phi-phi-island-khai-1-day-phuket\\\/#breadcrumb\"},\"inLanguage\":\"hu\",\"potentialAction\":[{\"@type\":\"ReadAction\",\"target\":[\"https:\\\/\\\/skyline-gs.com\\\/product\\\/islands-of-phi-phi-island-khai-1-day-phuket\\\/\"]}]},{\"@type\":\"ImageObject\",\"inLanguage\":\"hu\",\"@id\":\"https:\\\/\\\/skyline-gs.com\\\/product\\\/islands-of-phi-phi-island-khai-1-day-phuket\\\/#primaryimage\",\"url\":\"https:\\\/\\\/skyline-gs.com\\\/wp-content\\\/uploads\\\/2025\\\/09\\\/15.jpg\",\"contentUrl\":\"https:\\\/\\\/skyline-gs.com\\\/wp-content\\\/uploads\\\/2025\\\/09\\\/15.jpg\",\"width\":669,\"height\":446},{\"@type\":\"BreadcrumbList\",\"@id\":\"https:\\\/\\\/skyline-gs.com\\\/product\\\/islands-of-phi-phi-island-khai-1-day-phuket\\\/#breadcrumb\",\"itemListElement\":[{\"@type\":\"ListItem\",\"position\":1,\"name\":\"\u0413\u043b\u0430\u0432\u043d\u0430\u044f \u0441\u0442\u0440\u0430\u043d\u0438\u0446\u0430\",\"item\":\"https:\\\/\\\/skyline-gs.com\\\/hu\\\/\"},{\"@type\":\"ListItem\",\"position\":2,\"name\":\"\u041c\u0430\u0433\u0430\u0437\u0438\u043d\",\"item\":\"https:\\\/\\\/skyline-gs.com\\\/cs\\\/shop\\\/\"},{\"@type\":\"ListItem\",\"position\":3,\"name\":\"\u041e\u0441\u0442\u0440\u043e\u0432\u0430 \u041f\u0445\u0438-\u041f\u0445\u0438 + \u043e\u0441\u0442\u0440\u043e\u0432 \u041a\u0445\u0430\u0439 1 \u0434\u0435\u043d\u044c\"}]},{\"@type\":\"WebSite\",\"@id\":\"https:\\\/\\\/skyline-gs.com\\\/it\\\/#website\",\"url\":\"https:\\\/\\\/skyline-gs.com\\\/it\\\/\",\"name\":\"\u042d\u043a\u0441\u043a\u0443\u0440\u0441\u0438\u0438 Skyline\",\"description\":\"\u042d\u043a\u0441\u043a\u043b\u044e\u0437\u0438\u0432\u043d\u044b\u0435 \u044d\u043a\u0441\u043a\u0443\u0440\u0441\u0438\u0438 \u043d\u0430 \u043b\u0443\u0447\u0448\u0438\u0445 \u043a\u0443\u0440\u043e\u0440\u0442\u0430\u0445 \u043c\u0438\u0440\u0430\",\"publisher\":{\"@id\":\"https:\\\/\\\/skyline-gs.com\\\/it\\\/#organization\"},\"alternateName\":\"Skyline\",\"potentialAction\":[{\"@type\":\"SearchAction\",\"target\":{\"@type\":\"EntryPoint\",\"urlTemplate\":\"https:\\\/\\\/skyline-gs.com\\\/it\\\/?s={search_term_string}\"},\"query-input\":{\"@type\":\"PropertyValueSpecification\",\"valueRequired\":true,\"valueName\":\"search_term_string\"}}],\"inLanguage\":\"hu\"},{\"@type\":\"Organization\",\"@id\":\"https:\\\/\\\/skyline-gs.com\\\/it\\\/#organization\",\"name\":\"\u042d\u043a\u0441\u043a\u0443\u0440\u0441\u0438\u0438 Skyline\",\"alternateName\":\"\u042d\u043a\u0441\u043a\u0443\u0440\u0441\u0438\u0438 Skyline\",\"url\":\"https:\\\/\\\/skyline-gs.com\\\/it\\\/\",\"logo\":{\"@type\":\"ImageObject\",\"inLanguage\":\"hu\",\"@id\":\"https:\\\/\\\/skyline-gs.com\\\/it\\\/#\\\/schema\\\/logo\\\/image\\\/\",\"url\":\"https:\\\/\\\/skyline-gs.com\\\/wp-content\\\/uploads\\\/2020\\\/12\\\/cropped-logo-2.png\",\"contentUrl\":\"https:\\\/\\\/skyline-gs.com\\\/wp-content\\\/uploads\\\/2020\\\/12\\\/cropped-logo-2.png\",\"width\":512,\"height\":512,\"caption\":\"\u042d\u043a\u0441\u043a\u0443\u0440\u0441\u0438\u0438 Skyline\"},\"image\":{\"@id\":\"https:\\\/\\\/skyline-gs.com\\\/it\\\/#\\\/schema\\\/logo\\\/image\\\/\"},\"sameAs\":[\"https:\\\/\\\/www.instagram.com\\\/skylineglobalservice\\\/\"]}]}<\/script>\n<!-- \/ Yoast SEO plugin. -->","yoast_head_json":{"title":"\u041e\u0441\u0442\u0440\u043e\u0432\u0430 \u041f\u0445\u0438-\u041f\u0445\u0438 + \u043e\u0441\u0442\u0440\u043e\u0432 \u041a\u0445\u0430\u0439 1 \u0434\u0435\u043d\u044c &#8226; \u042d\u043a\u0441\u043a\u0443\u0440\u0441\u0438\u0438 Skyline","robots":{"index":"index","follow":"follow","max-snippet":"max-snippet:-1","max-image-preview":"max-image-preview:large","max-video-preview":"max-video-preview:-1"},"canonical":"https:\/\/skyline-gs.com\/hu\/termek\/islands-of-phi-phi-island-khai-1-day-phuket\/","og_locale":"hu_HU","og_type":"article","og_title":"\u041e\u0441\u0442\u0440\u043e\u0432\u0430 \u041f\u0445\u0438-\u041f\u0445\u0438 + \u043e\u0441\u0442\u0440\u043e\u0432 \u041a\u0445\u0430\u0439 1 \u0434\u0435\u043d\u044c &#8226; \u042d\u043a\u0441\u043a\u0443\u0440\u0441\u0438\u0438 Skyline","og_description":"\u0412\u0440\u0435\u043c\u044f \u0442\u0443\u0440\u0430: 8:00 - 19:30  \u0414\u043d\u0438 \u043f\u0440\u043e\u0432\u0435\u0434\u0435\u043d\u0438\u044f: \u041a\u0430\u0436\u0434\u044b\u0439 \u0434\u0435\u043d\u044c","og_url":"https:\/\/skyline-gs.com\/hu\/termek\/islands-of-phi-phi-island-khai-1-day-phuket\/","og_site_name":"\u042d\u043a\u0441\u043a\u0443\u0440\u0441\u0438\u0438 Skyline","article_modified_time":"2026-02-15T09:56:17+00:00","og_image":[{"width":669,"height":446,"url":"https:\/\/skyline-gs.com\/wp-content\/uploads\/2025\/09\/15.jpg","type":"image\/jpeg"}],"twitter_card":"summary_large_image","twitter_misc":{"Becs\u00fclt olvas\u00e1si id\u0151":"3 perc"},"schema":{"@context":"https:\/\/schema.org","@graph":[{"@type":"WebPage","@id":"https:\/\/skyline-gs.com\/product\/islands-of-phi-phi-island-khai-1-day-phuket\/","url":"https:\/\/skyline-gs.com\/product\/islands-of-phi-phi-island-khai-1-day-phuket\/","name":"\u041e\u0441\u0442\u0440\u043e\u0432\u0430 \u041f\u0445\u0438-\u041f\u0445\u0438 + \u043e\u0441\u0442\u0440\u043e\u0432 \u041a\u0445\u0430\u0439 1 \u0434\u0435\u043d\u044c &#8226; \u042d\u043a\u0441\u043a\u0443\u0440\u0441\u0438\u0438 Skyline","isPartOf":{"@id":"https:\/\/skyline-gs.com\/it\/#website"},"primaryImageOfPage":{"@id":"https:\/\/skyline-gs.com\/product\/islands-of-phi-phi-island-khai-1-day-phuket\/#primaryimage"},"image":{"@id":"https:\/\/skyline-gs.com\/product\/islands-of-phi-phi-island-khai-1-day-phuket\/#primaryimage"},"thumbnailUrl":"https:\/\/skyline-gs.com\/wp-content\/uploads\/2025\/09\/15.jpg","datePublished":"2025-09-11T09:30:33+00:00","dateModified":"2026-02-15T09:56:17+00:00","breadcrumb":{"@id":"https:\/\/skyline-gs.com\/product\/islands-of-phi-phi-island-khai-1-day-phuket\/#breadcrumb"},"inLanguage":"hu","potentialAction":[{"@type":"ReadAction","target":["https:\/\/skyline-gs.com\/product\/islands-of-phi-phi-island-khai-1-day-phuket\/"]}]},{"@type":"ImageObject","inLanguage":"hu","@id":"https:\/\/skyline-gs.com\/product\/islands-of-phi-phi-island-khai-1-day-phuket\/#primaryimage","url":"https:\/\/skyline-gs.com\/wp-content\/uploads\/2025\/09\/15.jpg","contentUrl":"https:\/\/skyline-gs.com\/wp-content\/uploads\/2025\/09\/15.jpg","width":669,"height":446},{"@type":"BreadcrumbList","@id":"https:\/\/skyline-gs.com\/product\/islands-of-phi-phi-island-khai-1-day-phuket\/#breadcrumb","itemListElement":[{"@type":"ListItem","position":1,"name":"\u0413\u043b\u0430\u0432\u043d\u0430\u044f \u0441\u0442\u0440\u0430\u043d\u0438\u0446\u0430","item":"https:\/\/skyline-gs.com\/hu\/"},{"@type":"ListItem","position":2,"name":"\u041c\u0430\u0433\u0430\u0437\u0438\u043d","item":"https:\/\/skyline-gs.com\/cs\/shop\/"},{"@type":"ListItem","position":3,"name":"\u041e\u0441\u0442\u0440\u043e\u0432\u0430 \u041f\u0445\u0438-\u041f\u0445\u0438 + \u043e\u0441\u0442\u0440\u043e\u0432 \u041a\u0445\u0430\u0439 1 \u0434\u0435\u043d\u044c"}]},{"@type":"WebSite","@id":"https:\/\/skyline-gs.com\/it\/#website","url":"https:\/\/skyline-gs.com\/it\/","name":"Skyline T\u00far\u00e1k","description":"Exkluz\u00edv kir\u00e1ndul\u00e1sok a vil\u00e1g legjobb \u00fcd\u00fcl\u0151helyein","publisher":{"@id":"https:\/\/skyline-gs.com\/it\/#organization"},"alternateName":"Skyline","potentialAction":[{"@type":"SearchAction","target":{"@type":"EntryPoint","urlTemplate":"https:\/\/skyline-gs.com\/it\/?s={search_term_string}"},"query-input":{"@type":"PropertyValueSpecification","valueRequired":true,"valueName":"search_term_string"}}],"inLanguage":"hu"},{"@type":"Organization","@id":"https:\/\/skyline-gs.com\/it\/#organization","name":"Skyline T\u00far\u00e1k","alternateName":"\u042d\u043a\u0441\u043a\u0443\u0440\u0441\u0438\u0438 Skyline","url":"https:\/\/skyline-gs.com\/it\/","logo":{"@type":"ImageObject","inLanguage":"hu","@id":"https:\/\/skyline-gs.com\/it\/#\/schema\/logo\/image\/","url":"https:\/\/skyline-gs.com\/wp-content\/uploads\/2020\/12\/cropped-logo-2.png","contentUrl":"https:\/\/skyline-gs.com\/wp-content\/uploads\/2020\/12\/cropped-logo-2.png","width":512,"height":512,"caption":"\u042d\u043a\u0441\u043a\u0443\u0440\u0441\u0438\u0438 Skyline"},"image":{"@id":"https:\/\/skyline-gs.com\/it\/#\/schema\/logo\/image\/"},"sameAs":["https:\/\/www.instagram.com\/skylineglobalservice\/"]}]}},"_links":{"self":[{"href":"https:\/\/skyline-gs.com\/hu\/wp-json\/wp\/v2\/product\/66004","targetHints":{"allow":["GET"]}}],"collection":[{"href":"https:\/\/skyline-gs.com\/hu\/wp-json\/wp\/v2\/product"}],"about":[{"href":"https:\/\/skyline-gs.com\/hu\/wp-json\/wp\/v2\/types\/product"}],"version-history":[{"count":0,"href":"https:\/\/skyline-gs.com\/hu\/wp-json\/wp\/v2\/product\/66004\/revisions"}],"wp:featuredmedia":[{"embeddable":true,"href":"https:\/\/skyline-gs.com\/hu\/wp-json\/wp\/v2\/media\/66015"}],"wp:attachment":[{"href":"https:\/\/skyline-gs.com\/hu\/wp-json\/wp\/v2\/media?parent=66004"}],"wp:term":[{"taxonomy":"product_brand","embeddable":true,"href":"https:\/\/skyline-gs.com\/hu\/wp-json\/wp\/v2\/product_brand?post=66004"},{"taxonomy":"product_cat","embeddable":true,"href":"https:\/\/skyline-gs.com\/hu\/wp-json\/wp\/v2\/product_cat?post=66004"},{"taxonomy":"product_tag","embeddable":true,"href":"https:\/\/skyline-gs.com\/hu\/wp-json\/wp\/v2\/product_tag?post=66004"}],"curies":[{"name":"wp","href":"https:\/\/api.w.org\/{rel}","templated":true}]}}