{"id":65489,"date":"2025-08-26T23:02:47","date_gmt":"2025-08-26T21:02:47","guid":{"rendered":"http:\/\/skyline-gs.com\/?post_type=product&#038;p=65489"},"modified":"2025-09-29T01:31:13","modified_gmt":"2025-09-28T23:31:13","slug":"skadar-lake-budva","status":"publish","type":"product","link":"https:\/\/skyline-gs.com\/hu\/product\/skadar-lake-budva\/","title":{"rendered":"Szem\u00e9lyre szabott t\u00fara: Skadar-t\u00f3 \u00e9s a tengerpart gy\u00f6ngyszemei"},"content":{"rendered":"<p data-start=\"105\" data-end=\"336\"><strong data-start=\"105\" data-end=\"147\">A Skadar-t\u00f3 \u00e9s a tengerpart gy\u00f6ngyszemei<\/strong> - egy olyan utaz\u00e1s, ahol az Adriai-tenger legszebb panor\u00e1m\u00e1it, \u0151si kolostorokat l\u00e1that, \u00e9lvezheti a Skadar-t\u00f3 term\u00e9szet\u00e9t \u00e9s mag\u00e1ny\u00e1t. Fest\u0151i t\u00e1jak, t\u00f6rt\u00e9nelem \u00e9s kikapcsol\u00f3d\u00e1s a v\u00edzen v\u00e1rj\u00e1k \u00d6nt.<\/p>\n<p data-start=\"338\" data-end=\"392\"><strong data-start=\"338\" data-end=\"390\">9:00 - Indul\u00e1s a sz\u00e1lloda hallj\u00e1b\u00f3l.<\/strong><\/p>\n<ul>\n<li data-start=\"394\" data-end=\"1153\"><strong>Kil\u00e1t\u00f3pont Sveti Stefan sziget\u00e9n<\/strong> - Montenegr\u00f3 h\u00edres n\u00e9vjegye. Ez az orsz\u00e1g egyik legt\u00f6bbet f\u00e9nyk\u00e9pezett kil\u00e1t\u00e1sa.<\/li>\n<li data-start=\"394\" data-end=\"1153\"><strong>Re\u017eevi\u0107i kolostor<\/strong> (XIII. sz\u00e1zad) egy \u0151si kolostor, gazdag t\u00f6rt\u00e9nelemmel \u00e9s a csend l\u00e9gk\u00f6r\u00e9vel. Itt \u00e9rezheti a k\u00f6z\u00e9pkori Montenegr\u00f3 szellem\u00e9t.<\/li>\n<li data-start=\"394\" data-end=\"1153\"><strong>Priv\u00e1t haj\u00f3kir\u00e1ndul\u00e1s a Skadar-t\u00f3n\u00e1l<\/strong> (3 \u00f3ra) - k\u00e9nyelmes utaz\u00e1s a nemzeti park liliomokkal \u00e9s liliomp\u00e1rn\u00e1kkal bor\u00edtott fest\u0151i t\u00e1jai k\u00f6z\u00f6tt. Sz\u00e1mos ritka mad\u00e1r \u00e9l\u0151helye. A s\u00e9ta sor\u00e1n egy \u00fcveg bort szolg\u00e1lnak fel.<\/li>\n<li data-start=\"394\" data-end=\"1153\"><strong>Eb\u00e9d a Skadar-t\u00f3n\u00e1l<\/strong> (fakultat\u00edv, fel\u00e1r ellen\u00e9ben) - friss hal \u00e9s nemzeti konyha k\u00f6zvetlen\u00fcl a t\u00f3parton.<\/li>\n<li data-start=\"394\" data-end=\"1153\"><strong>S\u00e9ta Petrovac v\u00e1ros\u00e1ban<\/strong> - Hangulatos \u00fcd\u00fcl\u0151hely tengerparti s\u00e9t\u00e1nnyal, \u0151si er\u0151ddel \u00e9s gy\u00f6ny\u00f6r\u0171 strandokkal.<\/li>\n<\/ul>\n<p data-start=\"1155\" data-end=\"1195\"><strong data-start=\"1155\" data-end=\"1193\">17:00 - Visszat\u00e9r\u00e9s a sz\u00e1llod\u00e1ba.<\/strong><\/p>\n<p data-start=\"1232\" data-end=\"1247\"><strong data-start=\"1232\" data-end=\"1245\">Tartalmazza:<\/strong><\/p>\n<ul data-start=\"1248\" data-end=\"1333\">\n<li>Transzfer a sz\u00e1llod\u00e1b\u00f3l \u00e9s a sz\u00e1llod\u00e1ba<\/li>\n<li>Minden program transzfer l\u00e9gkondicion\u00e1lt aut\u00f3val<\/li>\n<li>Magyarul besz\u00e9l\u0151 idegenvezet\u0151<\/li>\n<li data-start=\"394\" data-end=\"1153\">Priv\u00e1t haj\u00f3 (3 \u00f3ra)<\/li>\n<li data-start=\"394\" data-end=\"1153\">V\u00edz<\/li>\n<li data-start=\"394\" data-end=\"1153\">A nemzeti park bel\u00e9p\u0151d\u00edjai<\/li>\n<\/ul>\n<p data-start=\"1335\" data-end=\"1353\"><strong data-start=\"1335\" data-end=\"1351\">Nem tartalmazza:<\/strong><\/p>\n<ul>\n<li data-start=\"1356\" data-end=\"1363\">Eb\u00e9d<\/li>\n<\/ul>\n<p data-start=\"1426\" data-end=\"1449\"><strong data-start=\"1426\" data-end=\"1447\">Vigy\u00e9l magaddal:<\/strong><\/p>\n<ul>\n<li data-start=\"1452\" data-end=\"1468\">K\u00e9nyelmes cip\u0151<\/li>\n<li data-start=\"1452\" data-end=\"1468\">Fejd\u00edsz<\/li>\n<li data-start=\"1452\" data-end=\"1468\">P\u00e9nz szem\u00e9lyes kiad\u00e1sokra<\/li>\n<\/ul>\n<p><strong>Foglal\u00e1si felt\u00e9telek:<\/strong><\/p>\n<ul>\n<li>El\u0151legfizet\u00e9s 20%.<\/li>\n<\/ul>","protected":false},"excerpt":{"rendered":"<p><strong>Kir\u00e1ndul\u00e1s Id\u0151pontja:<\/strong> 9:00 \u2014 17:00<\/p>\n<p><strong>A Kir\u00e1ndul\u00e1s Napjai:<\/strong> Minden nap<\/p>","protected":false},"featured_media":65519,"template":"","meta":{"_kad_post_transparent":"default","_kad_post_title":"","_kad_post_layout":"default","_kad_post_sidebar_id":"","_kad_post_content_style":"default","_kad_post_vertical_padding":"default","_kad_post_feature":"","_kad_post_feature_position":"","_kad_post_header":false,"_kad_post_footer":false,"_kad_post_classname":"","_glsr_average":0,"_glsr_ranking":0,"_glsr_reviews":0},"product_brand":[],"product_cat":[504],"product_tag":[],"class_list":{"0":"post-65489","1":"product","2":"type-product","3":"status-publish","4":"has-post-thumbnail","6":"product_cat-budva","7":"tm-has-options","9":"first","10":"instock","11":"sold-individually","12":"taxable","13":"shipping-taxable","14":"purchasable","15":"product-type-simple","16":"entry","17":"content-bg","18":"loop-entry"},"yoast_head":"<!-- This site is optimized with the Yoast SEO plugin v27.3 - https:\/\/yoast.com\/product\/yoast-seo-wordpress\/ -->\n<title>\u0418\u043d\u0434\u0438\u0432\u0438\u0434\u0443\u0430\u043b\u044c\u043d\u044b\u0439 \u0442\u0443\u0440: \u0421\u043a\u0430\u0434\u0430\u0440\u0441\u043a\u043e\u0435 \u043e\u0437\u0435\u0440\u043e \u0438 \u0436\u0435\u043c\u0447\u0443\u0436\u0438\u043d\u044b \u043f\u043e\u0431\u0435\u0440\u0435\u0436\u044c\u044f &#8226; \u042d\u043a\u0441\u043a\u0443\u0440\u0441\u0438\u0438 Skyline<\/title>\n<meta name=\"robots\" content=\"index, follow, max-snippet:-1, max-image-preview:large, max-video-preview:-1\" \/>\n<link rel=\"canonical\" href=\"https:\/\/skyline-gs.com\/hu\/termek\/skadar-lake-budva\/\" \/>\n<meta property=\"og:locale\" content=\"hu_HU\" \/>\n<meta property=\"og:type\" content=\"article\" \/>\n<meta property=\"og:title\" content=\"\u0418\u043d\u0434\u0438\u0432\u0438\u0434\u0443\u0430\u043b\u044c\u043d\u044b\u0439 \u0442\u0443\u0440: \u0421\u043a\u0430\u0434\u0430\u0440\u0441\u043a\u043e\u0435 \u043e\u0437\u0435\u0440\u043e \u0438 \u0436\u0435\u043c\u0447\u0443\u0436\u0438\u043d\u044b \u043f\u043e\u0431\u0435\u0440\u0435\u0436\u044c\u044f &#8226; \u042d\u043a\u0441\u043a\u0443\u0440\u0441\u0438\u0438 Skyline\" \/>\n<meta property=\"og:description\" content=\"\u0412\u0440\u0435\u043c\u044f \u0442\u0443\u0440\u0430: 9:00 - 17:00  \u0414\u043d\u0438 \u043f\u0440\u043e\u0432\u0435\u0434\u0435\u043d\u0438\u044f: \u041a\u0430\u0436\u0434\u044b\u0439 \u0434\u0435\u043d\u044c\" \/>\n<meta property=\"og:url\" content=\"https:\/\/skyline-gs.com\/hu\/termek\/skadar-lake-budva\/\" \/>\n<meta property=\"og:site_name\" content=\"\u042d\u043a\u0441\u043a\u0443\u0440\u0441\u0438\u0438 Skyline\" \/>\n<meta property=\"article:modified_time\" content=\"2025-09-28T23:31:13+00:00\" \/>\n<meta property=\"og:image\" content=\"https:\/\/skyline-gs.com\/wp-content\/uploads\/2025\/08\/37-1.jpg\" \/>\n\t<meta property=\"og:image:width\" content=\"669\" \/>\n\t<meta property=\"og:image:height\" content=\"446\" \/>\n\t<meta property=\"og:image:type\" content=\"image\/jpeg\" \/>\n<meta name=\"twitter:card\" content=\"summary_large_image\" \/>\n<meta name=\"twitter:label1\" content=\"Becs\u00fclt olvas\u00e1si id\u0151\" \/>\n\t<meta name=\"twitter:data1\" content=\"2 perc\" \/>\n<script type=\"application\/ld+json\" class=\"yoast-schema-graph\">{\"@context\":\"https:\\\/\\\/schema.org\",\"@graph\":[{\"@type\":\"WebPage\",\"@id\":\"https:\\\/\\\/skyline-gs.com\\\/en\\\/product-2\\\/skadar-lake-budva\\\/\",\"url\":\"https:\\\/\\\/skyline-gs.com\\\/en\\\/product-2\\\/skadar-lake-budva\\\/\",\"name\":\"\u0418\u043d\u0434\u0438\u0432\u0438\u0434\u0443\u0430\u043b\u044c\u043d\u044b\u0439 \u0442\u0443\u0440: \u0421\u043a\u0430\u0434\u0430\u0440\u0441\u043a\u043e\u0435 \u043e\u0437\u0435\u0440\u043e \u0438 \u0436\u0435\u043c\u0447\u0443\u0436\u0438\u043d\u044b \u043f\u043e\u0431\u0435\u0440\u0435\u0436\u044c\u044f &#8226; \u042d\u043a\u0441\u043a\u0443\u0440\u0441\u0438\u0438 Skyline\",\"isPartOf\":{\"@id\":\"https:\\\/\\\/skyline-gs.com\\\/it\\\/#website\"},\"primaryImageOfPage\":{\"@id\":\"https:\\\/\\\/skyline-gs.com\\\/en\\\/product-2\\\/skadar-lake-budva\\\/#primaryimage\"},\"image\":{\"@id\":\"https:\\\/\\\/skyline-gs.com\\\/en\\\/product-2\\\/skadar-lake-budva\\\/#primaryimage\"},\"thumbnailUrl\":\"https:\\\/\\\/skyline-gs.com\\\/wp-content\\\/uploads\\\/2025\\\/08\\\/37-1.jpg\",\"datePublished\":\"2025-08-26T21:02:47+00:00\",\"dateModified\":\"2025-09-28T23:31:13+00:00\",\"breadcrumb\":{\"@id\":\"https:\\\/\\\/skyline-gs.com\\\/en\\\/product-2\\\/skadar-lake-budva\\\/#breadcrumb\"},\"inLanguage\":\"hu\",\"potentialAction\":[{\"@type\":\"ReadAction\",\"target\":[\"https:\\\/\\\/skyline-gs.com\\\/en\\\/product-2\\\/skadar-lake-budva\\\/\"]}]},{\"@type\":\"ImageObject\",\"inLanguage\":\"hu\",\"@id\":\"https:\\\/\\\/skyline-gs.com\\\/en\\\/product-2\\\/skadar-lake-budva\\\/#primaryimage\",\"url\":\"https:\\\/\\\/skyline-gs.com\\\/wp-content\\\/uploads\\\/2025\\\/08\\\/37-1.jpg\",\"contentUrl\":\"https:\\\/\\\/skyline-gs.com\\\/wp-content\\\/uploads\\\/2025\\\/08\\\/37-1.jpg\",\"width\":669,\"height\":446},{\"@type\":\"BreadcrumbList\",\"@id\":\"https:\\\/\\\/skyline-gs.com\\\/en\\\/product-2\\\/skadar-lake-budva\\\/#breadcrumb\",\"itemListElement\":[{\"@type\":\"ListItem\",\"position\":1,\"name\":\"\u0413\u043b\u0430\u0432\u043d\u0430\u044f \u0441\u0442\u0440\u0430\u043d\u0438\u0446\u0430\",\"item\":\"https:\\\/\\\/skyline-gs.com\\\/hu\\\/\"},{\"@type\":\"ListItem\",\"position\":2,\"name\":\"\u041c\u0430\u0433\u0430\u0437\u0438\u043d\",\"item\":\"https:\\\/\\\/skyline-gs.com\\\/cs\\\/shop\\\/\"},{\"@type\":\"ListItem\",\"position\":3,\"name\":\"\u0418\u043d\u0434\u0438\u0432\u0438\u0434\u0443\u0430\u043b\u044c\u043d\u044b\u0439 \u0442\u0443\u0440: \u0421\u043a\u0430\u0434\u0430\u0440\u0441\u043a\u043e\u0435 \u043e\u0437\u0435\u0440\u043e \u0438 \u0436\u0435\u043c\u0447\u0443\u0436\u0438\u043d\u044b \u043f\u043e\u0431\u0435\u0440\u0435\u0436\u044c\u044f\"}]},{\"@type\":\"WebSite\",\"@id\":\"https:\\\/\\\/skyline-gs.com\\\/it\\\/#website\",\"url\":\"https:\\\/\\\/skyline-gs.com\\\/it\\\/\",\"name\":\"\u042d\u043a\u0441\u043a\u0443\u0440\u0441\u0438\u0438 Skyline\",\"description\":\"\u042d\u043a\u0441\u043a\u043b\u044e\u0437\u0438\u0432\u043d\u044b\u0435 \u044d\u043a\u0441\u043a\u0443\u0440\u0441\u0438\u0438 \u043d\u0430 \u043b\u0443\u0447\u0448\u0438\u0445 \u043a\u0443\u0440\u043e\u0440\u0442\u0430\u0445 \u043c\u0438\u0440\u0430\",\"publisher\":{\"@id\":\"https:\\\/\\\/skyline-gs.com\\\/it\\\/#organization\"},\"alternateName\":\"Skyline\",\"potentialAction\":[{\"@type\":\"SearchAction\",\"target\":{\"@type\":\"EntryPoint\",\"urlTemplate\":\"https:\\\/\\\/skyline-gs.com\\\/it\\\/?s={search_term_string}\"},\"query-input\":{\"@type\":\"PropertyValueSpecification\",\"valueRequired\":true,\"valueName\":\"search_term_string\"}}],\"inLanguage\":\"hu\"},{\"@type\":\"Organization\",\"@id\":\"https:\\\/\\\/skyline-gs.com\\\/it\\\/#organization\",\"name\":\"\u042d\u043a\u0441\u043a\u0443\u0440\u0441\u0438\u0438 Skyline\",\"alternateName\":\"\u042d\u043a\u0441\u043a\u0443\u0440\u0441\u0438\u0438 Skyline\",\"url\":\"https:\\\/\\\/skyline-gs.com\\\/it\\\/\",\"logo\":{\"@type\":\"ImageObject\",\"inLanguage\":\"hu\",\"@id\":\"https:\\\/\\\/skyline-gs.com\\\/it\\\/#\\\/schema\\\/logo\\\/image\\\/\",\"url\":\"https:\\\/\\\/skyline-gs.com\\\/wp-content\\\/uploads\\\/2020\\\/12\\\/cropped-logo-2.png\",\"contentUrl\":\"https:\\\/\\\/skyline-gs.com\\\/wp-content\\\/uploads\\\/2020\\\/12\\\/cropped-logo-2.png\",\"width\":512,\"height\":512,\"caption\":\"\u042d\u043a\u0441\u043a\u0443\u0440\u0441\u0438\u0438 Skyline\"},\"image\":{\"@id\":\"https:\\\/\\\/skyline-gs.com\\\/it\\\/#\\\/schema\\\/logo\\\/image\\\/\"},\"sameAs\":[\"https:\\\/\\\/www.instagram.com\\\/skylineglobalservice\\\/\"]}]}<\/script>\n<!-- \/ Yoast SEO plugin. -->","yoast_head_json":{"title":"Szem\u00e9lyre szabott t\u00fara: Skadar-t\u00f3 \u00e9s a tengerpart gy\u00f6ngyszemei - Skyline Excursions","robots":{"index":"index","follow":"follow","max-snippet":"max-snippet:-1","max-image-preview":"max-image-preview:large","max-video-preview":"max-video-preview:-1"},"canonical":"https:\/\/skyline-gs.com\/hu\/termek\/skadar-lake-budva\/","og_locale":"hu_HU","og_type":"article","og_title":"\u0418\u043d\u0434\u0438\u0432\u0438\u0434\u0443\u0430\u043b\u044c\u043d\u044b\u0439 \u0442\u0443\u0440: \u0421\u043a\u0430\u0434\u0430\u0440\u0441\u043a\u043e\u0435 \u043e\u0437\u0435\u0440\u043e \u0438 \u0436\u0435\u043c\u0447\u0443\u0436\u0438\u043d\u044b \u043f\u043e\u0431\u0435\u0440\u0435\u0436\u044c\u044f &#8226; \u042d\u043a\u0441\u043a\u0443\u0440\u0441\u0438\u0438 Skyline","og_description":"\u0412\u0440\u0435\u043c\u044f \u0442\u0443\u0440\u0430: 9:00 - 17:00  \u0414\u043d\u0438 \u043f\u0440\u043e\u0432\u0435\u0434\u0435\u043d\u0438\u044f: \u041a\u0430\u0436\u0434\u044b\u0439 \u0434\u0435\u043d\u044c","og_url":"https:\/\/skyline-gs.com\/hu\/termek\/skadar-lake-budva\/","og_site_name":"\u042d\u043a\u0441\u043a\u0443\u0440\u0441\u0438\u0438 Skyline","article_modified_time":"2025-09-28T23:31:13+00:00","og_image":[{"width":669,"height":446,"url":"https:\/\/skyline-gs.com\/wp-content\/uploads\/2025\/08\/37-1.jpg","type":"image\/jpeg"}],"twitter_card":"summary_large_image","twitter_misc":{"Becs\u00fclt olvas\u00e1si id\u0151":"2 perc"},"schema":{"@context":"https:\/\/schema.org","@graph":[{"@type":"WebPage","@id":"https:\/\/skyline-gs.com\/en\/product-2\/skadar-lake-budva\/","url":"https:\/\/skyline-gs.com\/en\/product-2\/skadar-lake-budva\/","name":"Szem\u00e9lyre szabott t\u00fara: Skadar-t\u00f3 \u00e9s a tengerpart gy\u00f6ngyszemei - Skyline Excursions","isPartOf":{"@id":"https:\/\/skyline-gs.com\/it\/#website"},"primaryImageOfPage":{"@id":"https:\/\/skyline-gs.com\/en\/product-2\/skadar-lake-budva\/#primaryimage"},"image":{"@id":"https:\/\/skyline-gs.com\/en\/product-2\/skadar-lake-budva\/#primaryimage"},"thumbnailUrl":"https:\/\/skyline-gs.com\/wp-content\/uploads\/2025\/08\/37-1.jpg","datePublished":"2025-08-26T21:02:47+00:00","dateModified":"2025-09-28T23:31:13+00:00","breadcrumb":{"@id":"https:\/\/skyline-gs.com\/en\/product-2\/skadar-lake-budva\/#breadcrumb"},"inLanguage":"hu","potentialAction":[{"@type":"ReadAction","target":["https:\/\/skyline-gs.com\/en\/product-2\/skadar-lake-budva\/"]}]},{"@type":"ImageObject","inLanguage":"hu","@id":"https:\/\/skyline-gs.com\/en\/product-2\/skadar-lake-budva\/#primaryimage","url":"https:\/\/skyline-gs.com\/wp-content\/uploads\/2025\/08\/37-1.jpg","contentUrl":"https:\/\/skyline-gs.com\/wp-content\/uploads\/2025\/08\/37-1.jpg","width":669,"height":446},{"@type":"BreadcrumbList","@id":"https:\/\/skyline-gs.com\/en\/product-2\/skadar-lake-budva\/#breadcrumb","itemListElement":[{"@type":"ListItem","position":1,"name":"\u0413\u043b\u0430\u0432\u043d\u0430\u044f \u0441\u0442\u0440\u0430\u043d\u0438\u0446\u0430","item":"https:\/\/skyline-gs.com\/hu\/"},{"@type":"ListItem","position":2,"name":"\u041c\u0430\u0433\u0430\u0437\u0438\u043d","item":"https:\/\/skyline-gs.com\/cs\/shop\/"},{"@type":"ListItem","position":3,"name":"\u0418\u043d\u0434\u0438\u0432\u0438\u0434\u0443\u0430\u043b\u044c\u043d\u044b\u0439 \u0442\u0443\u0440: \u0421\u043a\u0430\u0434\u0430\u0440\u0441\u043a\u043e\u0435 \u043e\u0437\u0435\u0440\u043e \u0438 \u0436\u0435\u043c\u0447\u0443\u0436\u0438\u043d\u044b \u043f\u043e\u0431\u0435\u0440\u0435\u0436\u044c\u044f"}]},{"@type":"WebSite","@id":"https:\/\/skyline-gs.com\/it\/#website","url":"https:\/\/skyline-gs.com\/it\/","name":"Skyline T\u00far\u00e1k","description":"Exkluz\u00edv kir\u00e1ndul\u00e1sok a vil\u00e1g legjobb \u00fcd\u00fcl\u0151helyein","publisher":{"@id":"https:\/\/skyline-gs.com\/it\/#organization"},"alternateName":"Skyline","potentialAction":[{"@type":"SearchAction","target":{"@type":"EntryPoint","urlTemplate":"https:\/\/skyline-gs.com\/it\/?s={search_term_string}"},"query-input":{"@type":"PropertyValueSpecification","valueRequired":true,"valueName":"search_term_string"}}],"inLanguage":"hu"},{"@type":"Organization","@id":"https:\/\/skyline-gs.com\/it\/#organization","name":"Skyline T\u00far\u00e1k","alternateName":"\u042d\u043a\u0441\u043a\u0443\u0440\u0441\u0438\u0438 Skyline","url":"https:\/\/skyline-gs.com\/it\/","logo":{"@type":"ImageObject","inLanguage":"hu","@id":"https:\/\/skyline-gs.com\/it\/#\/schema\/logo\/image\/","url":"https:\/\/skyline-gs.com\/wp-content\/uploads\/2020\/12\/cropped-logo-2.png","contentUrl":"https:\/\/skyline-gs.com\/wp-content\/uploads\/2020\/12\/cropped-logo-2.png","width":512,"height":512,"caption":"\u042d\u043a\u0441\u043a\u0443\u0440\u0441\u0438\u0438 Skyline"},"image":{"@id":"https:\/\/skyline-gs.com\/it\/#\/schema\/logo\/image\/"},"sameAs":["https:\/\/www.instagram.com\/skylineglobalservice\/"]}]}},"_links":{"self":[{"href":"https:\/\/skyline-gs.com\/hu\/wp-json\/wp\/v2\/product\/65489","targetHints":{"allow":["GET"]}}],"collection":[{"href":"https:\/\/skyline-gs.com\/hu\/wp-json\/wp\/v2\/product"}],"about":[{"href":"https:\/\/skyline-gs.com\/hu\/wp-json\/wp\/v2\/types\/product"}],"version-history":[{"count":0,"href":"https:\/\/skyline-gs.com\/hu\/wp-json\/wp\/v2\/product\/65489\/revisions"}],"wp:featuredmedia":[{"embeddable":true,"href":"https:\/\/skyline-gs.com\/hu\/wp-json\/wp\/v2\/media\/65519"}],"wp:attachment":[{"href":"https:\/\/skyline-gs.com\/hu\/wp-json\/wp\/v2\/media?parent=65489"}],"wp:term":[{"taxonomy":"product_brand","embeddable":true,"href":"https:\/\/skyline-gs.com\/hu\/wp-json\/wp\/v2\/product_brand?post=65489"},{"taxonomy":"product_cat","embeddable":true,"href":"https:\/\/skyline-gs.com\/hu\/wp-json\/wp\/v2\/product_cat?post=65489"},{"taxonomy":"product_tag","embeddable":true,"href":"https:\/\/skyline-gs.com\/hu\/wp-json\/wp\/v2\/product_tag?post=65489"}],"curies":[{"name":"wp","href":"https:\/\/api.w.org\/{rel}","templated":true}]}}