{"id":65386,"date":"2025-08-25T04:40:17","date_gmt":"2025-08-25T02:40:17","guid":{"rendered":"http:\/\/skyline-gs.com\/?post_type=product&#038;p=65386"},"modified":"2025-09-07T18:46:50","modified_gmt":"2025-09-07T16:46:50","slug":"privat-uluvatu-bali","status":"publish","type":"product","link":"https:\/\/skyline-gs.com\/hu\/product\/privat-uluvatu-bali\/","title":{"rendered":"Szem\u00e9lyre szabott t\u00fara: Uluwatu \u00e9s Bali d\u00e9li strandjai"},"content":{"rendered":"<p data-start=\"286\" data-end=\"549\">D\u00e9l-Bali a sziget legjobb strandjainak \u00e9s az \u00f3ce\u00e1ni szikl\u00e1k sz\u00e9l\u00e9n \u00e1ll\u00f3 Uluwatu szent templom\u00e1nak kombin\u00e1ci\u00f3ja. Itt \u00faszhat a legtiszt\u00e1bb v\u00edzben, szabadt\u00e9ri tev\u00e9kenys\u00e9geket v\u00e9gezhet, \u00e9s a napot naplement\u00e9vel \u00e9s tengerparti vacsor\u00e1val z\u00e1rhatja.<\/p>\n<p><strong>8:00 - Indul\u00e1s a sz\u00e1lloda hallj\u00e1b\u00f3l.<\/strong><\/p>\n<ul>\n<li data-start=\"497\" data-end=\"748\"><strong data-start=\"497\" data-end=\"514\">Nusa Dua Beach. <\/strong>N\u00e9pszer\u0171 \u00fcd\u00fcl\u0151hely feh\u00e9r homokkal \u00e9s nyugodt tengerrel. Itt kipr\u00f3b\u00e1lhatja a tengeri tev\u00e9kenys\u00e9geket, \u00e9s megl\u00e1togathatja a tekn\u0151s\u00f6k v\u00e9delm\u00e9t szolg\u00e1l\u00f3 k\u00f6zpontot is.<\/li>\n<li data-start=\"497\" data-end=\"748\"><strong data-start=\"752\" data-end=\"769\">Pandawa Beach. <\/strong>A szikl\u00e1k k\u00f6z\u00f6tt megb\u00faj\u00f3 fest\u0151i strand. Nyugodt l\u00e9gk\u00f6rrel, az\u00fark\u00e9k v\u00edzzel \u00e9s leny\u0171g\u00f6z\u0151 kil\u00e1t\u00e1ssal rendelkezik, ide\u00e1lis f\u00fcrd\u0151z\u00e9sre \u00e9s pihen\u00e9sre.<\/li>\n<li data-start=\"497\" data-end=\"748\"><strong data-start=\"914\" data-end=\"933\">Dreamland Beach. <\/strong>Igazi paradicsom a sz\u00f6rf\u00f6s\u00f6k \u00e9s a tengerparti romantika szerelmeseinek. A puha feh\u00e9r homok \u00e9s az Indiai-\u00f3ce\u00e1n hull\u00e1mai k\u00fcl\u00f6nleges hangulatot teremtenek itt.<\/li>\n<li data-start=\"497\" data-end=\"748\"><strong data-start=\"1082\" data-end=\"1105\">Padang Padang strand. <\/strong>Bali egyik legh\u00edresebb strandja, ahol a filmet forgatt\u00e1k. <em data-start=\"1166\" data-end=\"1183\">Eat, Pray, Love<\/em>. Hangulatos hely t\u00fcrkizk\u00e9k v\u00edzzel \u00e9s hangulatos \u00f6b\u00f6llel.<\/li>\n<li data-start=\"497\" data-end=\"748\"><strong data-start=\"1243\" data-end=\"1263\">Water Blow Beach. <\/strong>Egyed\u00fcl\u00e1ll\u00f3 term\u00e9szeti jelens\u00e9g: a szikl\u00e1kba csap\u00f3d\u00f3, er\u0151teljes \u00f3ce\u00e1ni hull\u00e1mok sz\u00f6k\u0151k\u00fatk\u00e9nt t\u00f6rnek felfel\u00e9 - a l\u00e1tv\u00e1ny leny\u0171g\u00f6z\u0151!<\/li>\n<li data-start=\"497\" data-end=\"748\"><strong data-start=\"1404\" data-end=\"1418\">Kuta Beach. <\/strong>A sziget legh\u00edresebb strandja \u00e9s sz\u00f6rfk\u00f6zpontja. Nagyszer\u0171 hely azok sz\u00e1m\u00e1ra, akik szeretn\u00e9k kipr\u00f3b\u00e1lni magukat a deszk\u00e1n, vagy csak \u00e9lvezni az \u00fcd\u00fcl\u0151hely hangulat\u00e1t.<\/li>\n<li data-start=\"497\" data-end=\"748\"><strong data-start=\"1579\" data-end=\"1597\">Jimbaran Beach. <\/strong>Egy hossz\u00fa homokos s\u00e1v, amely a tenger gy\u00fcm\u00f6lcsei \u00e9ttermeir\u0151l ismert.<\/li>\n<li data-start=\"497\" data-end=\"748\"><strong data-start=\"1775\" data-end=\"1791\">Uluwatu templom. <\/strong>Az utaz\u00e1s f\u00e9nypontja! A templom egy 90 m\u00e9ter magas szikl\u00e1n tal\u00e1lhat\u00f3, ahonnan leny\u0171g\u00f6z\u0151 kil\u00e1t\u00e1s ny\u00edlik az \u00f3ce\u00e1nra. Uluwatu Bali egyik legfontosabb szent templom\u00e1nak sz\u00e1m\u00edt (<em data-start=\"1964\" data-end=\"1978\">kakyangan kert<\/em>). Itt \u00e9lnek a vicces balin\u00e9z mak\u00e1k\u00f3k, \u00e9s a hely energi\u00e1ja senkit sem hagy hidegen.<\/li>\n<\/ul>\n<p><strong>16:00 - Visszat\u00e9r\u00e9s a sz\u00e1llod\u00e1ba.<\/strong><\/p>\n<p><strong>Tartalmazza:<\/strong><\/p>\n<ul>\n<li>Transzfer a sz\u00e1llod\u00e1b\u00f3l \u00e9s a sz\u00e1llod\u00e1ba<\/li>\n<li>Transzferek l\u00e9gkondicion\u00e1lt aut\u00f3val<\/li>\n<li>Oroszul besz\u00e9l\u0151 sof\u0151r idegenvezet\u0151<\/li>\n<\/ul>\n<p><strong>Nem tartalmazza:<\/strong><\/p>\n<ul>\n<li>Bel\u00e9p\u0151jegyek<\/li>\n<li>Eb\u00e9d<\/li>\n<\/ul>\n<p><strong>Vigy\u00e9l magaddal:<\/strong><\/p>\n<ul>\n<li data-start=\"2462\" data-end=\"2473\">\u00dasz\u00f3\u00f6lt\u00f6zet<\/li>\n<li data-start=\"2462\" data-end=\"2473\">T\u00f6r\u00fclk\u00f6z\u0151<\/li>\n<li data-start=\"2462\" data-end=\"2473\">Fejd\u00edsz<\/li>\n<li data-start=\"2462\" data-end=\"2473\">P\u00e9nz szem\u00e9lyes kiad\u00e1sokra<\/li>\n<\/ul>","protected":false},"excerpt":{"rendered":"<p><strong>Kir\u00e1ndul\u00e1s Id\u0151pontja:<\/strong> 8:00 \u2014 16:00<\/p>\n<p><strong>A Kir\u00e1ndul\u00e1s Napjai:<\/strong> Minden nap<\/p>","protected":false},"featured_media":65387,"template":"","meta":{"_kad_post_transparent":"default","_kad_post_title":"","_kad_post_layout":"default","_kad_post_sidebar_id":"","_kad_post_content_style":"default","_kad_post_vertical_padding":"default","_kad_post_feature":"","_kad_post_feature_position":"","_kad_post_header":false,"_kad_post_footer":false,"_kad_post_classname":"","_glsr_average":0,"_glsr_ranking":0,"_glsr_reviews":0},"product_brand":[],"product_cat":[503],"product_tag":[],"class_list":{"0":"post-65386","1":"product","2":"type-product","3":"status-publish","4":"has-post-thumbnail","6":"product_cat-privat_bali","7":"tm-has-options","9":"first","10":"instock","11":"sold-individually","12":"taxable","13":"shipping-taxable","14":"purchasable","15":"product-type-simple","16":"entry","17":"content-bg","18":"loop-entry"},"yoast_head":"<!-- This site is optimized with the Yoast SEO plugin v27.3 - https:\/\/yoast.com\/product\/yoast-seo-wordpress\/ -->\n<title>\u0418\u043d\u0434\u0438\u0432\u0438\u0434\u0443\u0430\u043b\u044c\u043d\u044b\u0439 \u0442\u0443\u0440: \u0423\u043b\u0443\u0432\u0430\u0442\u0443 \u0438 \u044e\u0436\u043d\u044b\u0435 \u043f\u043b\u044f\u0436\u0438 \u0411\u0430\u043b\u0438 &#8226; \u042d\u043a\u0441\u043a\u0443\u0440\u0441\u0438\u0438 Skyline<\/title>\n<meta name=\"robots\" content=\"index, follow, max-snippet:-1, max-image-preview:large, max-video-preview:-1\" \/>\n<link rel=\"canonical\" href=\"https:\/\/skyline-gs.com\/hu\/termek\/privat-uluvatu-bali\/\" \/>\n<meta property=\"og:locale\" content=\"hu_HU\" \/>\n<meta property=\"og:type\" content=\"article\" \/>\n<meta property=\"og:title\" content=\"\u0418\u043d\u0434\u0438\u0432\u0438\u0434\u0443\u0430\u043b\u044c\u043d\u044b\u0439 \u0442\u0443\u0440: \u0423\u043b\u0443\u0432\u0430\u0442\u0443 \u0438 \u044e\u0436\u043d\u044b\u0435 \u043f\u043b\u044f\u0436\u0438 \u0411\u0430\u043b\u0438 &#8226; \u042d\u043a\u0441\u043a\u0443\u0440\u0441\u0438\u0438 Skyline\" \/>\n<meta property=\"og:description\" content=\"\u0412\u0440\u0435\u043c\u044f \u0442\u0443\u0440\u0430: 8:00 - 16:00  \u0414\u043d\u0438 \u043f\u0440\u043e\u0432\u0435\u0434\u0435\u043d\u0438\u044f: \u041a\u0430\u0436\u0434\u044b\u0439 \u0434\u0435\u043d\u044c\" \/>\n<meta property=\"og:url\" content=\"https:\/\/skyline-gs.com\/hu\/termek\/privat-uluvatu-bali\/\" \/>\n<meta property=\"og:site_name\" content=\"\u042d\u043a\u0441\u043a\u0443\u0440\u0441\u0438\u0438 Skyline\" \/>\n<meta property=\"article:modified_time\" content=\"2025-09-07T16:46:50+00:00\" \/>\n<meta property=\"og:image\" content=\"https:\/\/skyline-gs.com\/wp-content\/uploads\/2025\/08\/39.jpg\" \/>\n\t<meta property=\"og:image:width\" content=\"669\" \/>\n\t<meta property=\"og:image:height\" content=\"446\" \/>\n\t<meta property=\"og:image:type\" content=\"image\/jpeg\" \/>\n<meta name=\"twitter:card\" content=\"summary_large_image\" \/>\n<meta name=\"twitter:label1\" content=\"Becs\u00fclt olvas\u00e1si id\u0151\" \/>\n\t<meta name=\"twitter:data1\" content=\"2 perc\" \/>\n<script type=\"application\/ld+json\" class=\"yoast-schema-graph\">{\"@context\":\"https:\\\/\\\/schema.org\",\"@graph\":[{\"@type\":\"WebPage\",\"@id\":\"https:\\\/\\\/skyline-gs.com\\\/en\\\/product-2\\\/privat-uluvatu-bali\\\/\",\"url\":\"https:\\\/\\\/skyline-gs.com\\\/en\\\/product-2\\\/privat-uluvatu-bali\\\/\",\"name\":\"\u0418\u043d\u0434\u0438\u0432\u0438\u0434\u0443\u0430\u043b\u044c\u043d\u044b\u0439 \u0442\u0443\u0440: \u0423\u043b\u0443\u0432\u0430\u0442\u0443 \u0438 \u044e\u0436\u043d\u044b\u0435 \u043f\u043b\u044f\u0436\u0438 \u0411\u0430\u043b\u0438 &#8226; \u042d\u043a\u0441\u043a\u0443\u0440\u0441\u0438\u0438 Skyline\",\"isPartOf\":{\"@id\":\"https:\\\/\\\/skyline-gs.com\\\/it\\\/#website\"},\"primaryImageOfPage\":{\"@id\":\"https:\\\/\\\/skyline-gs.com\\\/en\\\/product-2\\\/privat-uluvatu-bali\\\/#primaryimage\"},\"image\":{\"@id\":\"https:\\\/\\\/skyline-gs.com\\\/en\\\/product-2\\\/privat-uluvatu-bali\\\/#primaryimage\"},\"thumbnailUrl\":\"https:\\\/\\\/skyline-gs.com\\\/wp-content\\\/uploads\\\/2025\\\/08\\\/39.jpg\",\"datePublished\":\"2025-08-25T02:40:17+00:00\",\"dateModified\":\"2025-09-07T16:46:50+00:00\",\"breadcrumb\":{\"@id\":\"https:\\\/\\\/skyline-gs.com\\\/en\\\/product-2\\\/privat-uluvatu-bali\\\/#breadcrumb\"},\"inLanguage\":\"hu\",\"potentialAction\":[{\"@type\":\"ReadAction\",\"target\":[\"https:\\\/\\\/skyline-gs.com\\\/en\\\/product-2\\\/privat-uluvatu-bali\\\/\"]}]},{\"@type\":\"ImageObject\",\"inLanguage\":\"hu\",\"@id\":\"https:\\\/\\\/skyline-gs.com\\\/en\\\/product-2\\\/privat-uluvatu-bali\\\/#primaryimage\",\"url\":\"https:\\\/\\\/skyline-gs.com\\\/wp-content\\\/uploads\\\/2025\\\/08\\\/39.jpg\",\"contentUrl\":\"https:\\\/\\\/skyline-gs.com\\\/wp-content\\\/uploads\\\/2025\\\/08\\\/39.jpg\",\"width\":669,\"height\":446},{\"@type\":\"BreadcrumbList\",\"@id\":\"https:\\\/\\\/skyline-gs.com\\\/en\\\/product-2\\\/privat-uluvatu-bali\\\/#breadcrumb\",\"itemListElement\":[{\"@type\":\"ListItem\",\"position\":1,\"name\":\"\u0413\u043b\u0430\u0432\u043d\u0430\u044f \u0441\u0442\u0440\u0430\u043d\u0438\u0446\u0430\",\"item\":\"https:\\\/\\\/skyline-gs.com\\\/hu\\\/\"},{\"@type\":\"ListItem\",\"position\":2,\"name\":\"\u041c\u0430\u0433\u0430\u0437\u0438\u043d\",\"item\":\"https:\\\/\\\/skyline-gs.com\\\/cs\\\/shop\\\/\"},{\"@type\":\"ListItem\",\"position\":3,\"name\":\"\u0418\u043d\u0434\u0438\u0432\u0438\u0434\u0443\u0430\u043b\u044c\u043d\u044b\u0439 \u0442\u0443\u0440: \u0423\u043b\u0443\u0432\u0430\u0442\u0443 \u0438 \u044e\u0436\u043d\u044b\u0435 \u043f\u043b\u044f\u0436\u0438 \u0411\u0430\u043b\u0438\"}]},{\"@type\":\"WebSite\",\"@id\":\"https:\\\/\\\/skyline-gs.com\\\/it\\\/#website\",\"url\":\"https:\\\/\\\/skyline-gs.com\\\/it\\\/\",\"name\":\"\u042d\u043a\u0441\u043a\u0443\u0440\u0441\u0438\u0438 Skyline\",\"description\":\"\u042d\u043a\u0441\u043a\u043b\u044e\u0437\u0438\u0432\u043d\u044b\u0435 \u044d\u043a\u0441\u043a\u0443\u0440\u0441\u0438\u0438 \u043d\u0430 \u043b\u0443\u0447\u0448\u0438\u0445 \u043a\u0443\u0440\u043e\u0440\u0442\u0430\u0445 \u043c\u0438\u0440\u0430\",\"publisher\":{\"@id\":\"https:\\\/\\\/skyline-gs.com\\\/it\\\/#organization\"},\"alternateName\":\"Skyline\",\"potentialAction\":[{\"@type\":\"SearchAction\",\"target\":{\"@type\":\"EntryPoint\",\"urlTemplate\":\"https:\\\/\\\/skyline-gs.com\\\/it\\\/?s={search_term_string}\"},\"query-input\":{\"@type\":\"PropertyValueSpecification\",\"valueRequired\":true,\"valueName\":\"search_term_string\"}}],\"inLanguage\":\"hu\"},{\"@type\":\"Organization\",\"@id\":\"https:\\\/\\\/skyline-gs.com\\\/it\\\/#organization\",\"name\":\"\u042d\u043a\u0441\u043a\u0443\u0440\u0441\u0438\u0438 Skyline\",\"alternateName\":\"\u042d\u043a\u0441\u043a\u0443\u0440\u0441\u0438\u0438 Skyline\",\"url\":\"https:\\\/\\\/skyline-gs.com\\\/it\\\/\",\"logo\":{\"@type\":\"ImageObject\",\"inLanguage\":\"hu\",\"@id\":\"https:\\\/\\\/skyline-gs.com\\\/it\\\/#\\\/schema\\\/logo\\\/image\\\/\",\"url\":\"https:\\\/\\\/skyline-gs.com\\\/wp-content\\\/uploads\\\/2020\\\/12\\\/cropped-logo-2.png\",\"contentUrl\":\"https:\\\/\\\/skyline-gs.com\\\/wp-content\\\/uploads\\\/2020\\\/12\\\/cropped-logo-2.png\",\"width\":512,\"height\":512,\"caption\":\"\u042d\u043a\u0441\u043a\u0443\u0440\u0441\u0438\u0438 Skyline\"},\"image\":{\"@id\":\"https:\\\/\\\/skyline-gs.com\\\/it\\\/#\\\/schema\\\/logo\\\/image\\\/\"},\"sameAs\":[\"https:\\\/\\\/www.instagram.com\\\/skylineglobalservice\\\/\"]}]}<\/script>\n<!-- \/ Yoast SEO plugin. -->","yoast_head_json":{"title":"Szem\u00e9lyre szabott kir\u00e1ndul\u00e1s: Uluwatu \u00e9s Bali d\u00e9li strandjai - Skyline Excursions","robots":{"index":"index","follow":"follow","max-snippet":"max-snippet:-1","max-image-preview":"max-image-preview:large","max-video-preview":"max-video-preview:-1"},"canonical":"https:\/\/skyline-gs.com\/hu\/termek\/privat-uluvatu-bali\/","og_locale":"hu_HU","og_type":"article","og_title":"\u0418\u043d\u0434\u0438\u0432\u0438\u0434\u0443\u0430\u043b\u044c\u043d\u044b\u0439 \u0442\u0443\u0440: \u0423\u043b\u0443\u0432\u0430\u0442\u0443 \u0438 \u044e\u0436\u043d\u044b\u0435 \u043f\u043b\u044f\u0436\u0438 \u0411\u0430\u043b\u0438 &#8226; \u042d\u043a\u0441\u043a\u0443\u0440\u0441\u0438\u0438 Skyline","og_description":"\u0412\u0440\u0435\u043c\u044f \u0442\u0443\u0440\u0430: 8:00 - 16:00  \u0414\u043d\u0438 \u043f\u0440\u043e\u0432\u0435\u0434\u0435\u043d\u0438\u044f: \u041a\u0430\u0436\u0434\u044b\u0439 \u0434\u0435\u043d\u044c","og_url":"https:\/\/skyline-gs.com\/hu\/termek\/privat-uluvatu-bali\/","og_site_name":"\u042d\u043a\u0441\u043a\u0443\u0440\u0441\u0438\u0438 Skyline","article_modified_time":"2025-09-07T16:46:50+00:00","og_image":[{"width":669,"height":446,"url":"https:\/\/skyline-gs.com\/wp-content\/uploads\/2025\/08\/39.jpg","type":"image\/jpeg"}],"twitter_card":"summary_large_image","twitter_misc":{"Becs\u00fclt olvas\u00e1si id\u0151":"2 perc"},"schema":{"@context":"https:\/\/schema.org","@graph":[{"@type":"WebPage","@id":"https:\/\/skyline-gs.com\/en\/product-2\/privat-uluvatu-bali\/","url":"https:\/\/skyline-gs.com\/en\/product-2\/privat-uluvatu-bali\/","name":"Szem\u00e9lyre szabott kir\u00e1ndul\u00e1s: Uluwatu \u00e9s Bali d\u00e9li strandjai - Skyline Excursions","isPartOf":{"@id":"https:\/\/skyline-gs.com\/it\/#website"},"primaryImageOfPage":{"@id":"https:\/\/skyline-gs.com\/en\/product-2\/privat-uluvatu-bali\/#primaryimage"},"image":{"@id":"https:\/\/skyline-gs.com\/en\/product-2\/privat-uluvatu-bali\/#primaryimage"},"thumbnailUrl":"https:\/\/skyline-gs.com\/wp-content\/uploads\/2025\/08\/39.jpg","datePublished":"2025-08-25T02:40:17+00:00","dateModified":"2025-09-07T16:46:50+00:00","breadcrumb":{"@id":"https:\/\/skyline-gs.com\/en\/product-2\/privat-uluvatu-bali\/#breadcrumb"},"inLanguage":"hu","potentialAction":[{"@type":"ReadAction","target":["https:\/\/skyline-gs.com\/en\/product-2\/privat-uluvatu-bali\/"]}]},{"@type":"ImageObject","inLanguage":"hu","@id":"https:\/\/skyline-gs.com\/en\/product-2\/privat-uluvatu-bali\/#primaryimage","url":"https:\/\/skyline-gs.com\/wp-content\/uploads\/2025\/08\/39.jpg","contentUrl":"https:\/\/skyline-gs.com\/wp-content\/uploads\/2025\/08\/39.jpg","width":669,"height":446},{"@type":"BreadcrumbList","@id":"https:\/\/skyline-gs.com\/en\/product-2\/privat-uluvatu-bali\/#breadcrumb","itemListElement":[{"@type":"ListItem","position":1,"name":"\u0413\u043b\u0430\u0432\u043d\u0430\u044f \u0441\u0442\u0440\u0430\u043d\u0438\u0446\u0430","item":"https:\/\/skyline-gs.com\/hu\/"},{"@type":"ListItem","position":2,"name":"\u041c\u0430\u0433\u0430\u0437\u0438\u043d","item":"https:\/\/skyline-gs.com\/cs\/shop\/"},{"@type":"ListItem","position":3,"name":"\u0418\u043d\u0434\u0438\u0432\u0438\u0434\u0443\u0430\u043b\u044c\u043d\u044b\u0439 \u0442\u0443\u0440: \u0423\u043b\u0443\u0432\u0430\u0442\u0443 \u0438 \u044e\u0436\u043d\u044b\u0435 \u043f\u043b\u044f\u0436\u0438 \u0411\u0430\u043b\u0438"}]},{"@type":"WebSite","@id":"https:\/\/skyline-gs.com\/it\/#website","url":"https:\/\/skyline-gs.com\/it\/","name":"Skyline T\u00far\u00e1k","description":"Exkluz\u00edv kir\u00e1ndul\u00e1sok a vil\u00e1g legjobb \u00fcd\u00fcl\u0151helyein","publisher":{"@id":"https:\/\/skyline-gs.com\/it\/#organization"},"alternateName":"Skyline","potentialAction":[{"@type":"SearchAction","target":{"@type":"EntryPoint","urlTemplate":"https:\/\/skyline-gs.com\/it\/?s={search_term_string}"},"query-input":{"@type":"PropertyValueSpecification","valueRequired":true,"valueName":"search_term_string"}}],"inLanguage":"hu"},{"@type":"Organization","@id":"https:\/\/skyline-gs.com\/it\/#organization","name":"Skyline T\u00far\u00e1k","alternateName":"\u042d\u043a\u0441\u043a\u0443\u0440\u0441\u0438\u0438 Skyline","url":"https:\/\/skyline-gs.com\/it\/","logo":{"@type":"ImageObject","inLanguage":"hu","@id":"https:\/\/skyline-gs.com\/it\/#\/schema\/logo\/image\/","url":"https:\/\/skyline-gs.com\/wp-content\/uploads\/2020\/12\/cropped-logo-2.png","contentUrl":"https:\/\/skyline-gs.com\/wp-content\/uploads\/2020\/12\/cropped-logo-2.png","width":512,"height":512,"caption":"\u042d\u043a\u0441\u043a\u0443\u0440\u0441\u0438\u0438 Skyline"},"image":{"@id":"https:\/\/skyline-gs.com\/it\/#\/schema\/logo\/image\/"},"sameAs":["https:\/\/www.instagram.com\/skylineglobalservice\/"]}]}},"_links":{"self":[{"href":"https:\/\/skyline-gs.com\/hu\/wp-json\/wp\/v2\/product\/65386","targetHints":{"allow":["GET"]}}],"collection":[{"href":"https:\/\/skyline-gs.com\/hu\/wp-json\/wp\/v2\/product"}],"about":[{"href":"https:\/\/skyline-gs.com\/hu\/wp-json\/wp\/v2\/types\/product"}],"version-history":[{"count":0,"href":"https:\/\/skyline-gs.com\/hu\/wp-json\/wp\/v2\/product\/65386\/revisions"}],"wp:featuredmedia":[{"embeddable":true,"href":"https:\/\/skyline-gs.com\/hu\/wp-json\/wp\/v2\/media\/65387"}],"wp:attachment":[{"href":"https:\/\/skyline-gs.com\/hu\/wp-json\/wp\/v2\/media?parent=65386"}],"wp:term":[{"taxonomy":"product_brand","embeddable":true,"href":"https:\/\/skyline-gs.com\/hu\/wp-json\/wp\/v2\/product_brand?post=65386"},{"taxonomy":"product_cat","embeddable":true,"href":"https:\/\/skyline-gs.com\/hu\/wp-json\/wp\/v2\/product_cat?post=65386"},{"taxonomy":"product_tag","embeddable":true,"href":"https:\/\/skyline-gs.com\/hu\/wp-json\/wp\/v2\/product_tag?post=65386"}],"curies":[{"name":"wp","href":"https:\/\/api.w.org\/{rel}","templated":true}]}}