{"id":64726,"date":"2025-07-11T00:03:30","date_gmt":"2025-07-10T22:03:30","guid":{"rendered":"http:\/\/skyline-gs.com\/?post_type=product&#038;p=64726"},"modified":"2025-07-11T00:07:53","modified_gmt":"2025-07-10T22:07:53","slug":"green-canyon-antalya","status":"publish","type":"product","link":"https:\/\/skyline-gs.com\/hu\/product\/green-canyon-antalya\/","title":{"rendered":"Z\u00f6ld kanyon"},"content":{"rendered":"<p data-start=\"525\" data-end=\"664\">Mer\u00fclj\u00f6n el egy t\u00fcnd\u00e9rmes\u00e9ben, ahol a t\u00fcrkizk\u00e9k v\u00edz meredek szikl\u00e1kkal p\u00e1rosul, \u00e9s a l\u00e9lek b\u00e9k\u00e9vel telik meg. A Green Canyon nem csak egy kir\u00e1ndul\u00e1s, hanem egy korty a legtiszt\u00e1bb term\u00e9szetb\u0151l \u00e9s egy pihentet\u0151 nap egy jachton a nemzeti park sz\u00edv\u00e9ben!<\/p>\n<p data-start=\"734\" data-end=\"872\"><strong data-start=\"734\" data-end=\"766\">7:00 - Indul\u00e1s a sz\u00e1llod\u00e1b\u00f3l Antaly\u00e1ban.\u00a0<\/strong><\/p>\n<ul>\n<li><strong>Meg\u00e1ll\u00e1s a kil\u00e1t\u00f3teraszon<\/strong> l\u00e9legzetel\u00e1ll\u00edt\u00f3 kil\u00e1t\u00e1ssal a kanyonra.<\/li>\n<li>\u00c9rkez\u00e9s a kanyon rakpartra<\/li>\n<li><strong data-start=\"898\" data-end=\"949\">Haj\u00f3kir\u00e1ndul\u00e1s a Little \u00e9s Big Canyonban<\/strong><\/li>\n<li><strong>Nyaral\u00e1s egy \u00fasz\u00f3 fenns\u00edkon a t\u00f3 k\u00f6zep\u00e9n<\/strong> - v\u00e1laszthat\u00f3 f\u00fcrd\u00e9s<\/li>\n<li><strong>Eb\u00e9d<\/strong> a v\u00edz mellett<\/li>\n<li><strong>S\u00e9ta a Grand Canyonban<\/strong> \u00fasz\u00e1smeg\u00e1ll\u00f3val<\/li>\n<li>Visszat\u00e9r\u00e9s a kik\u00f6t\u0151be<\/li>\n<\/ul>\n<p data-start=\"1585\" data-end=\"1679\"><strong>18:00 - Visszat\u00e9r\u00e9s a sz\u00e1llod\u00e1ba.<\/strong><\/p>\n<p><strong>Tartalmazza:<\/strong><\/p>\n<ul>\n<li>Transzfer a sz\u00e1llod\u00e1b\u00f3l \u00e9s vissza<\/li>\n<li>Mozog az \u00fatvonal ment\u00e9n<\/li>\n<li>Yacht utaz\u00e1s a kanyonon kereszt\u00fcl<\/li>\n<li>A Green Canyon Nemzeti Park bej\u00e1rata\u00ab<\/li>\n<li>Magyarul besz\u00e9l\u0151 idegenvezet\u0151<\/li>\n<li>Eb\u00e9d \u00e9s \u00fcd\u00edt\u0151k a haj\u00f3n<\/li>\n<li>Biztos\u00edt\u00e1s<\/li>\n<\/ul>\n<p><strong>Nem tartalmazza:<\/strong><\/p>\n<ul>\n<li>Italok az \u00e9tteremben<\/li>\n<\/ul>\n<p><strong>Vigy\u00e9l magaddal:<\/strong><\/p>\n<ul>\n<li data-start=\"2193\" data-end=\"2215\">\u00dasz\u00f3dressz vagy f\u00fcrd\u0151nadr\u00e1g<\/li>\n<li data-start=\"2218\" data-end=\"2229\">T\u00f6r\u00fclk\u00f6z\u0151<\/li>\n<li data-start=\"2273\" data-end=\"2294\">F\u00e9nyv\u00e9d\u0151 kr\u00e9m<\/li>\n<li data-start=\"2297\" data-end=\"2323\">K\u00e9szp\u00e9nz szem\u00e9lyes kiad\u00e1sokra<\/li>\n<\/ul>","protected":false},"excerpt":{"rendered":"<p><strong>Kir\u00e1ndul\u00e1s Id\u0151pontja:<\/strong> 7:00 \u2014 18:00<\/p>\n<p><strong>A Kir\u00e1ndul\u00e1s Napjai:<\/strong> Minden nap<\/p>","protected":false},"featured_media":64310,"template":"","meta":{"_kad_post_transparent":"default","_kad_post_title":"","_kad_post_layout":"default","_kad_post_sidebar_id":"","_kad_post_content_style":"default","_kad_post_vertical_padding":"default","_kad_post_feature":"","_kad_post_feature_position":"","_kad_post_header":false,"_kad_post_footer":false,"_kad_post_classname":"","_glsr_average":0,"_glsr_ranking":0,"_glsr_reviews":0},"product_brand":[],"product_cat":[450],"product_tag":[],"class_list":{"0":"post-64726","1":"product","2":"type-product","3":"status-publish","4":"has-post-thumbnail","6":"product_cat-antalya","7":"tm-has-options","9":"first","10":"instock","11":"sold-individually","12":"taxable","13":"shipping-taxable","14":"purchasable","15":"product-type-simple","16":"entry","17":"content-bg","18":"loop-entry"},"yoast_head":"<!-- This site is optimized with the Yoast SEO plugin v27.3 - https:\/\/yoast.com\/product\/yoast-seo-wordpress\/ -->\n<title>\u0417\u0435\u043b\u0451\u043d\u044b\u0439 \u043a\u0430\u043d\u044c\u043e\u043d \u0438\u0437 \u0410\u043d\u0442\u0430\u043b\u0438\u0438 &#8226; \u042d\u043a\u0441\u043a\u0443\u0440\u0441\u0438\u0438 Skyline<\/title>\n<meta name=\"description\" content=\"\u0417\u0435\u043b\u0451\u043d\u044b\u0439 \u043a\u0430\u043d\u044c\u043e\u043d \u2014 \u044d\u0442\u043e \u043d\u0435 \u043f\u0440\u043e\u0441\u0442\u043e \u044d\u043a\u0441\u043a\u0443\u0440\u0441\u0438\u044f, \u044d\u0442\u043e \u0433\u043b\u043e\u0442\u043e\u043a \u0447\u0438\u0441\u0442\u0435\u0439\u0448\u0435\u0439 \u043f\u0440\u0438\u0440\u043e\u0434\u044b \u0438 \u0440\u0430\u0441\u0441\u043b\u0430\u0431\u043b\u044f\u044e\u0449\u0438\u0439 \u0434\u0435\u043d\u044c \u043d\u0430 \u044f\u0445\u0442\u0435 \u0432 \u0441\u0430\u043c\u043e\u043c \u0441\u0435\u0440\u0434\u0446\u0435 \u043d\u0430\u0446\u0438\u043e\u043d\u0430\u043b\u044c\u043d\u043e\u0433\u043e \u043f\u0430\u0440\u043a\u0430!\" \/>\n<meta name=\"robots\" content=\"index, follow, max-snippet:-1, max-image-preview:large, max-video-preview:-1\" \/>\n<link rel=\"canonical\" href=\"http:\/\/skyline-gs.com\/hu\/termek\/green-canyon-antalya\/\" \/>\n<meta property=\"og:locale\" content=\"hu_HU\" \/>\n<meta property=\"og:type\" content=\"article\" \/>\n<meta property=\"og:title\" content=\"\u0417\u0435\u043b\u0451\u043d\u044b\u0439 \u043a\u0430\u043d\u044c\u043e\u043d \u0438\u0437 \u0410\u043d\u0442\u0430\u043b\u0438\u0438 &#8226; \u042d\u043a\u0441\u043a\u0443\u0440\u0441\u0438\u0438 Skyline\" \/>\n<meta property=\"og:description\" content=\"\u0417\u0435\u043b\u0451\u043d\u044b\u0439 \u043a\u0430\u043d\u044c\u043e\u043d \u2014 \u044d\u0442\u043e \u043d\u0435 \u043f\u0440\u043e\u0441\u0442\u043e \u044d\u043a\u0441\u043a\u0443\u0440\u0441\u0438\u044f, \u044d\u0442\u043e \u0433\u043b\u043e\u0442\u043e\u043a \u0447\u0438\u0441\u0442\u0435\u0439\u0448\u0435\u0439 \u043f\u0440\u0438\u0440\u043e\u0434\u044b \u0438 \u0440\u0430\u0441\u0441\u043b\u0430\u0431\u043b\u044f\u044e\u0449\u0438\u0439 \u0434\u0435\u043d\u044c \u043d\u0430 \u044f\u0445\u0442\u0435 \u0432 \u0441\u0430\u043c\u043e\u043c \u0441\u0435\u0440\u0434\u0446\u0435 \u043d\u0430\u0446\u0438\u043e\u043d\u0430\u043b\u044c\u043d\u043e\u0433\u043e \u043f\u0430\u0440\u043a\u0430!\" \/>\n<meta property=\"og:url\" content=\"http:\/\/skyline-gs.com\/hu\/termek\/green-canyon-antalya\/\" \/>\n<meta property=\"og:site_name\" content=\"\u042d\u043a\u0441\u043a\u0443\u0440\u0441\u0438\u0438 Skyline\" \/>\n<meta property=\"article:modified_time\" content=\"2025-07-10T22:07:53+00:00\" \/>\n<meta property=\"og:image\" content=\"https:\/\/skyline-gs.com\/wp-content\/uploads\/2025\/06\/\u0417\u0435\u043b\u0451\u043d\u044b\u0439-\u043a\u0430\u043d\u044c\u043e\u043d-16.jpg\" \/>\n\t<meta property=\"og:image:width\" content=\"669\" \/>\n\t<meta property=\"og:image:height\" content=\"446\" \/>\n\t<meta property=\"og:image:type\" content=\"image\/jpeg\" \/>\n<meta name=\"twitter:card\" content=\"summary_large_image\" \/>\n<meta name=\"twitter:label1\" content=\"Becs\u00fclt olvas\u00e1si id\u0151\" \/>\n\t<meta name=\"twitter:data1\" content=\"1 perc\" \/>\n<script type=\"application\/ld+json\" class=\"yoast-schema-graph\">{\"@context\":\"https:\\\/\\\/schema.org\",\"@graph\":[{\"@type\":\"WebPage\",\"@id\":\"http:\\\/\\\/skyline-gs.com\\\/hu\\\/termek\\\/green-canyon-antalya\\\/\",\"url\":\"http:\\\/\\\/skyline-gs.com\\\/hu\\\/termek\\\/green-canyon-antalya\\\/\",\"name\":\"\u0417\u0435\u043b\u0451\u043d\u044b\u0439 \u043a\u0430\u043d\u044c\u043e\u043d \u0438\u0437 \u0410\u043d\u0442\u0430\u043b\u0438\u0438 &#8226; \u042d\u043a\u0441\u043a\u0443\u0440\u0441\u0438\u0438 Skyline\",\"isPartOf\":{\"@id\":\"https:\\\/\\\/skyline-gs.com\\\/it\\\/#website\"},\"primaryImageOfPage\":{\"@id\":\"http:\\\/\\\/skyline-gs.com\\\/hu\\\/termek\\\/green-canyon-antalya\\\/#primaryimage\"},\"image\":{\"@id\":\"http:\\\/\\\/skyline-gs.com\\\/hu\\\/termek\\\/green-canyon-antalya\\\/#primaryimage\"},\"thumbnailUrl\":\"https:\\\/\\\/skyline-gs.com\\\/wp-content\\\/uploads\\\/2025\\\/06\\\/\u0417\u0435\u043b\u0451\u043d\u044b\u0439-\u043a\u0430\u043d\u044c\u043e\u043d-16.jpg\",\"datePublished\":\"2025-07-10T22:03:30+00:00\",\"dateModified\":\"2025-07-10T22:07:53+00:00\",\"description\":\"\u0417\u0435\u043b\u0451\u043d\u044b\u0439 \u043a\u0430\u043d\u044c\u043e\u043d \u2014 \u044d\u0442\u043e \u043d\u0435 \u043f\u0440\u043e\u0441\u0442\u043e \u044d\u043a\u0441\u043a\u0443\u0440\u0441\u0438\u044f, \u044d\u0442\u043e \u0433\u043b\u043e\u0442\u043e\u043a \u0447\u0438\u0441\u0442\u0435\u0439\u0448\u0435\u0439 \u043f\u0440\u0438\u0440\u043e\u0434\u044b \u0438 \u0440\u0430\u0441\u0441\u043b\u0430\u0431\u043b\u044f\u044e\u0449\u0438\u0439 \u0434\u0435\u043d\u044c \u043d\u0430 \u044f\u0445\u0442\u0435 \u0432 \u0441\u0430\u043c\u043e\u043c \u0441\u0435\u0440\u0434\u0446\u0435 \u043d\u0430\u0446\u0438\u043e\u043d\u0430\u043b\u044c\u043d\u043e\u0433\u043e \u043f\u0430\u0440\u043a\u0430!\",\"breadcrumb\":{\"@id\":\"http:\\\/\\\/skyline-gs.com\\\/hu\\\/termek\\\/green-canyon-antalya\\\/#breadcrumb\"},\"inLanguage\":\"hu\",\"potentialAction\":[{\"@type\":\"ReadAction\",\"target\":[\"http:\\\/\\\/skyline-gs.com\\\/hu\\\/termek\\\/green-canyon-antalya\\\/\"]}]},{\"@type\":\"ImageObject\",\"inLanguage\":\"hu\",\"@id\":\"http:\\\/\\\/skyline-gs.com\\\/hu\\\/termek\\\/green-canyon-antalya\\\/#primaryimage\",\"url\":\"https:\\\/\\\/skyline-gs.com\\\/wp-content\\\/uploads\\\/2025\\\/06\\\/\u0417\u0435\u043b\u0451\u043d\u044b\u0439-\u043a\u0430\u043d\u044c\u043e\u043d-16.jpg\",\"contentUrl\":\"https:\\\/\\\/skyline-gs.com\\\/wp-content\\\/uploads\\\/2025\\\/06\\\/\u0417\u0435\u043b\u0451\u043d\u044b\u0439-\u043a\u0430\u043d\u044c\u043e\u043d-16.jpg\",\"width\":669,\"height\":446},{\"@type\":\"BreadcrumbList\",\"@id\":\"http:\\\/\\\/skyline-gs.com\\\/hu\\\/termek\\\/green-canyon-antalya\\\/#breadcrumb\",\"itemListElement\":[{\"@type\":\"ListItem\",\"position\":1,\"name\":\"\u0413\u043b\u0430\u0432\u043d\u0430\u044f \u0441\u0442\u0440\u0430\u043d\u0438\u0446\u0430\",\"item\":\"https:\\\/\\\/skyline-gs.com\\\/hu\\\/\"},{\"@type\":\"ListItem\",\"position\":2,\"name\":\"\u041c\u0430\u0433\u0430\u0437\u0438\u043d\",\"item\":\"https:\\\/\\\/skyline-gs.com\\\/cs\\\/shop\\\/\"},{\"@type\":\"ListItem\",\"position\":3,\"name\":\"\u0417\u0435\u043b\u0451\u043d\u044b\u0439 \u043a\u0430\u043d\u044c\u043e\u043d\"}]},{\"@type\":\"WebSite\",\"@id\":\"https:\\\/\\\/skyline-gs.com\\\/it\\\/#website\",\"url\":\"https:\\\/\\\/skyline-gs.com\\\/it\\\/\",\"name\":\"\u042d\u043a\u0441\u043a\u0443\u0440\u0441\u0438\u0438 Skyline\",\"description\":\"\u042d\u043a\u0441\u043a\u043b\u044e\u0437\u0438\u0432\u043d\u044b\u0435 \u044d\u043a\u0441\u043a\u0443\u0440\u0441\u0438\u0438 \u043d\u0430 \u043b\u0443\u0447\u0448\u0438\u0445 \u043a\u0443\u0440\u043e\u0440\u0442\u0430\u0445 \u043c\u0438\u0440\u0430\",\"publisher\":{\"@id\":\"https:\\\/\\\/skyline-gs.com\\\/it\\\/#organization\"},\"alternateName\":\"Skyline\",\"potentialAction\":[{\"@type\":\"SearchAction\",\"target\":{\"@type\":\"EntryPoint\",\"urlTemplate\":\"https:\\\/\\\/skyline-gs.com\\\/it\\\/?s={search_term_string}\"},\"query-input\":{\"@type\":\"PropertyValueSpecification\",\"valueRequired\":true,\"valueName\":\"search_term_string\"}}],\"inLanguage\":\"hu\"},{\"@type\":\"Organization\",\"@id\":\"https:\\\/\\\/skyline-gs.com\\\/it\\\/#organization\",\"name\":\"\u042d\u043a\u0441\u043a\u0443\u0440\u0441\u0438\u0438 Skyline\",\"alternateName\":\"\u042d\u043a\u0441\u043a\u0443\u0440\u0441\u0438\u0438 Skyline\",\"url\":\"https:\\\/\\\/skyline-gs.com\\\/it\\\/\",\"logo\":{\"@type\":\"ImageObject\",\"inLanguage\":\"hu\",\"@id\":\"https:\\\/\\\/skyline-gs.com\\\/it\\\/#\\\/schema\\\/logo\\\/image\\\/\",\"url\":\"https:\\\/\\\/skyline-gs.com\\\/wp-content\\\/uploads\\\/2020\\\/12\\\/cropped-logo-2.png\",\"contentUrl\":\"https:\\\/\\\/skyline-gs.com\\\/wp-content\\\/uploads\\\/2020\\\/12\\\/cropped-logo-2.png\",\"width\":512,\"height\":512,\"caption\":\"\u042d\u043a\u0441\u043a\u0443\u0440\u0441\u0438\u0438 Skyline\"},\"image\":{\"@id\":\"https:\\\/\\\/skyline-gs.com\\\/it\\\/#\\\/schema\\\/logo\\\/image\\\/\"},\"sameAs\":[\"https:\\\/\\\/www.instagram.com\\\/skylineglobalservice\\\/\"]}]}<\/script>\n<!-- \/ Yoast SEO plugin. -->","yoast_head_json":{"title":"\u0417\u0435\u043b\u0451\u043d\u044b\u0439 \u043a\u0430\u043d\u044c\u043e\u043d \u0438\u0437 \u0410\u043d\u0442\u0430\u043b\u0438\u0438 &#8226; \u042d\u043a\u0441\u043a\u0443\u0440\u0441\u0438\u0438 Skyline","description":"\u0417\u0435\u043b\u0451\u043d\u044b\u0439 \u043a\u0430\u043d\u044c\u043e\u043d \u2014 \u044d\u0442\u043e \u043d\u0435 \u043f\u0440\u043e\u0441\u0442\u043e \u044d\u043a\u0441\u043a\u0443\u0440\u0441\u0438\u044f, \u044d\u0442\u043e \u0433\u043b\u043e\u0442\u043e\u043a \u0447\u0438\u0441\u0442\u0435\u0439\u0448\u0435\u0439 \u043f\u0440\u0438\u0440\u043e\u0434\u044b \u0438 \u0440\u0430\u0441\u0441\u043b\u0430\u0431\u043b\u044f\u044e\u0449\u0438\u0439 \u0434\u0435\u043d\u044c \u043d\u0430 \u044f\u0445\u0442\u0435 \u0432 \u0441\u0430\u043c\u043e\u043c \u0441\u0435\u0440\u0434\u0446\u0435 \u043d\u0430\u0446\u0438\u043e\u043d\u0430\u043b\u044c\u043d\u043e\u0433\u043e \u043f\u0430\u0440\u043a\u0430!","robots":{"index":"index","follow":"follow","max-snippet":"max-snippet:-1","max-image-preview":"max-image-preview:large","max-video-preview":"max-video-preview:-1"},"canonical":"http:\/\/skyline-gs.com\/hu\/termek\/green-canyon-antalya\/","og_locale":"hu_HU","og_type":"article","og_title":"\u0417\u0435\u043b\u0451\u043d\u044b\u0439 \u043a\u0430\u043d\u044c\u043e\u043d \u0438\u0437 \u0410\u043d\u0442\u0430\u043b\u0438\u0438 &#8226; \u042d\u043a\u0441\u043a\u0443\u0440\u0441\u0438\u0438 Skyline","og_description":"\u0417\u0435\u043b\u0451\u043d\u044b\u0439 \u043a\u0430\u043d\u044c\u043e\u043d \u2014 \u044d\u0442\u043e \u043d\u0435 \u043f\u0440\u043e\u0441\u0442\u043e \u044d\u043a\u0441\u043a\u0443\u0440\u0441\u0438\u044f, \u044d\u0442\u043e \u0433\u043b\u043e\u0442\u043e\u043a \u0447\u0438\u0441\u0442\u0435\u0439\u0448\u0435\u0439 \u043f\u0440\u0438\u0440\u043e\u0434\u044b \u0438 \u0440\u0430\u0441\u0441\u043b\u0430\u0431\u043b\u044f\u044e\u0449\u0438\u0439 \u0434\u0435\u043d\u044c \u043d\u0430 \u044f\u0445\u0442\u0435 \u0432 \u0441\u0430\u043c\u043e\u043c \u0441\u0435\u0440\u0434\u0446\u0435 \u043d\u0430\u0446\u0438\u043e\u043d\u0430\u043b\u044c\u043d\u043e\u0433\u043e \u043f\u0430\u0440\u043a\u0430!","og_url":"http:\/\/skyline-gs.com\/hu\/termek\/green-canyon-antalya\/","og_site_name":"\u042d\u043a\u0441\u043a\u0443\u0440\u0441\u0438\u0438 Skyline","article_modified_time":"2025-07-10T22:07:53+00:00","og_image":[{"width":669,"height":446,"url":"https:\/\/skyline-gs.com\/wp-content\/uploads\/2025\/06\/\u0417\u0435\u043b\u0451\u043d\u044b\u0439-\u043a\u0430\u043d\u044c\u043e\u043d-16.jpg","type":"image\/jpeg"}],"twitter_card":"summary_large_image","twitter_misc":{"Becs\u00fclt olvas\u00e1si id\u0151":"1 perc"},"schema":{"@context":"https:\/\/schema.org","@graph":[{"@type":"WebPage","@id":"http:\/\/skyline-gs.com\/hu\/termek\/green-canyon-antalya\/","url":"http:\/\/skyline-gs.com\/hu\/termek\/green-canyon-antalya\/","name":"\u0417\u0435\u043b\u0451\u043d\u044b\u0439 \u043a\u0430\u043d\u044c\u043e\u043d \u0438\u0437 \u0410\u043d\u0442\u0430\u043b\u0438\u0438 &#8226; \u042d\u043a\u0441\u043a\u0443\u0440\u0441\u0438\u0438 Skyline","isPartOf":{"@id":"https:\/\/skyline-gs.com\/it\/#website"},"primaryImageOfPage":{"@id":"http:\/\/skyline-gs.com\/hu\/termek\/green-canyon-antalya\/#primaryimage"},"image":{"@id":"http:\/\/skyline-gs.com\/hu\/termek\/green-canyon-antalya\/#primaryimage"},"thumbnailUrl":"https:\/\/skyline-gs.com\/wp-content\/uploads\/2025\/06\/\u0417\u0435\u043b\u0451\u043d\u044b\u0439-\u043a\u0430\u043d\u044c\u043e\u043d-16.jpg","datePublished":"2025-07-10T22:03:30+00:00","dateModified":"2025-07-10T22:07:53+00:00","description":"\u0417\u0435\u043b\u0451\u043d\u044b\u0439 \u043a\u0430\u043d\u044c\u043e\u043d \u2014 \u044d\u0442\u043e \u043d\u0435 \u043f\u0440\u043e\u0441\u0442\u043e \u044d\u043a\u0441\u043a\u0443\u0440\u0441\u0438\u044f, \u044d\u0442\u043e \u0433\u043b\u043e\u0442\u043e\u043a \u0447\u0438\u0441\u0442\u0435\u0439\u0448\u0435\u0439 \u043f\u0440\u0438\u0440\u043e\u0434\u044b \u0438 \u0440\u0430\u0441\u0441\u043b\u0430\u0431\u043b\u044f\u044e\u0449\u0438\u0439 \u0434\u0435\u043d\u044c \u043d\u0430 \u044f\u0445\u0442\u0435 \u0432 \u0441\u0430\u043c\u043e\u043c \u0441\u0435\u0440\u0434\u0446\u0435 \u043d\u0430\u0446\u0438\u043e\u043d\u0430\u043b\u044c\u043d\u043e\u0433\u043e \u043f\u0430\u0440\u043a\u0430!","breadcrumb":{"@id":"http:\/\/skyline-gs.com\/hu\/termek\/green-canyon-antalya\/#breadcrumb"},"inLanguage":"hu","potentialAction":[{"@type":"ReadAction","target":["http:\/\/skyline-gs.com\/hu\/termek\/green-canyon-antalya\/"]}]},{"@type":"ImageObject","inLanguage":"hu","@id":"http:\/\/skyline-gs.com\/hu\/termek\/green-canyon-antalya\/#primaryimage","url":"https:\/\/skyline-gs.com\/wp-content\/uploads\/2025\/06\/\u0417\u0435\u043b\u0451\u043d\u044b\u0439-\u043a\u0430\u043d\u044c\u043e\u043d-16.jpg","contentUrl":"https:\/\/skyline-gs.com\/wp-content\/uploads\/2025\/06\/\u0417\u0435\u043b\u0451\u043d\u044b\u0439-\u043a\u0430\u043d\u044c\u043e\u043d-16.jpg","width":669,"height":446},{"@type":"BreadcrumbList","@id":"http:\/\/skyline-gs.com\/hu\/termek\/green-canyon-antalya\/#breadcrumb","itemListElement":[{"@type":"ListItem","position":1,"name":"\u0413\u043b\u0430\u0432\u043d\u0430\u044f \u0441\u0442\u0440\u0430\u043d\u0438\u0446\u0430","item":"https:\/\/skyline-gs.com\/hu\/"},{"@type":"ListItem","position":2,"name":"\u041c\u0430\u0433\u0430\u0437\u0438\u043d","item":"https:\/\/skyline-gs.com\/cs\/shop\/"},{"@type":"ListItem","position":3,"name":"\u0417\u0435\u043b\u0451\u043d\u044b\u0439 \u043a\u0430\u043d\u044c\u043e\u043d"}]},{"@type":"WebSite","@id":"https:\/\/skyline-gs.com\/it\/#website","url":"https:\/\/skyline-gs.com\/it\/","name":"Skyline T\u00far\u00e1k","description":"Exkluz\u00edv kir\u00e1ndul\u00e1sok a vil\u00e1g legjobb \u00fcd\u00fcl\u0151helyein","publisher":{"@id":"https:\/\/skyline-gs.com\/it\/#organization"},"alternateName":"Skyline","potentialAction":[{"@type":"SearchAction","target":{"@type":"EntryPoint","urlTemplate":"https:\/\/skyline-gs.com\/it\/?s={search_term_string}"},"query-input":{"@type":"PropertyValueSpecification","valueRequired":true,"valueName":"search_term_string"}}],"inLanguage":"hu"},{"@type":"Organization","@id":"https:\/\/skyline-gs.com\/it\/#organization","name":"Skyline T\u00far\u00e1k","alternateName":"\u042d\u043a\u0441\u043a\u0443\u0440\u0441\u0438\u0438 Skyline","url":"https:\/\/skyline-gs.com\/it\/","logo":{"@type":"ImageObject","inLanguage":"hu","@id":"https:\/\/skyline-gs.com\/it\/#\/schema\/logo\/image\/","url":"https:\/\/skyline-gs.com\/wp-content\/uploads\/2020\/12\/cropped-logo-2.png","contentUrl":"https:\/\/skyline-gs.com\/wp-content\/uploads\/2020\/12\/cropped-logo-2.png","width":512,"height":512,"caption":"\u042d\u043a\u0441\u043a\u0443\u0440\u0441\u0438\u0438 Skyline"},"image":{"@id":"https:\/\/skyline-gs.com\/it\/#\/schema\/logo\/image\/"},"sameAs":["https:\/\/www.instagram.com\/skylineglobalservice\/"]}]}},"_links":{"self":[{"href":"https:\/\/skyline-gs.com\/hu\/wp-json\/wp\/v2\/product\/64726","targetHints":{"allow":["GET"]}}],"collection":[{"href":"https:\/\/skyline-gs.com\/hu\/wp-json\/wp\/v2\/product"}],"about":[{"href":"https:\/\/skyline-gs.com\/hu\/wp-json\/wp\/v2\/types\/product"}],"version-history":[{"count":0,"href":"https:\/\/skyline-gs.com\/hu\/wp-json\/wp\/v2\/product\/64726\/revisions"}],"wp:featuredmedia":[{"embeddable":true,"href":"https:\/\/skyline-gs.com\/hu\/wp-json\/wp\/v2\/media\/64310"}],"wp:attachment":[{"href":"https:\/\/skyline-gs.com\/hu\/wp-json\/wp\/v2\/media?parent=64726"}],"wp:term":[{"taxonomy":"product_brand","embeddable":true,"href":"https:\/\/skyline-gs.com\/hu\/wp-json\/wp\/v2\/product_brand?post=64726"},{"taxonomy":"product_cat","embeddable":true,"href":"https:\/\/skyline-gs.com\/hu\/wp-json\/wp\/v2\/product_cat?post=64726"},{"taxonomy":"product_tag","embeddable":true,"href":"https:\/\/skyline-gs.com\/hu\/wp-json\/wp\/v2\/product_tag?post=64726"}],"curies":[{"name":"wp","href":"https:\/\/api.w.org\/{rel}","templated":true}]}}