{"id":64718,"date":"2025-07-10T23:45:23","date_gmt":"2025-07-10T21:45:23","guid":{"rendered":"http:\/\/skyline-gs.com\/?post_type=product&#038;p=64718"},"modified":"2025-07-10T23:49:38","modified_gmt":"2025-07-10T21:49:38","slug":"hammam-antalya","status":"publish","type":"product","link":"https:\/\/skyline-gs.com\/hu\/product\/hammam-antalya\/","title":{"rendered":"Hamam (t\u00f6r\u00f6k f\u00fcrd\u0151)"},"content":{"rendered":"<p>Engedje meg mag\u00e1nak a teljes kikapcsol\u00f3d\u00e1st egy hagyom\u00e1nyos t\u00f6r\u00f6k f\u00fcrd\u0151ben. A g\u0151z, a szappanos massz\u00e1zs, az illatos olajok \u00e9s a gondoskod\u00f3 \u00e1pol\u00e1s t\u00f6k\u00e9letes kezdete a nyaral\u00e1snak. A t\u00f6r\u00f6k hamam nemcsak tiszt\u00edtja a b\u0151rt, hanem seg\u00edt a testnek alkalmazkodni a naphoz \u00e9s az \u00e9ghajlathoz.<\/p>\n<p><strong>A transzfer felveszi \u00d6nt antalyai sz\u00e1llod\u00e1j\u00e1b\u00f3l.<\/strong> \u00e9s egy hangulatos gy\u00f3gyf\u00fcrd\u0151be vezet.<\/p>\n<ul>\n<li data-start=\"667\" data-end=\"763\">Szauna. <strong>A test kis felmeleged\u00e9se sz\u00e1raz melegben<\/strong>. El\u0151k\u00e9sz\u00edti a b\u0151rt a tov\u00e1bbi kezel\u00e9sekre.<\/li>\n<li data-start=\"667\" data-end=\"763\"><strong>G\u0151zf\u00fcrd\u0151 \u00e9s jakuzzi. <\/strong>A mentol aroma seg\u00edt megnyitni a leheletet. A meleg v\u00edz ellaz\u00edtja az izmokat.<\/li>\n<li data-start=\"667\" data-end=\"763\">Kese h\u00e1moz\u00e1sa. <strong>Kezel\u00e9s hagyom\u00e1nyos t\u00f6r\u00f6k keszty\u0171vel.<\/strong> Az id\u0151tartam k\u00f6r\u00fclbel\u00fcl 10 perc. Tiszt\u00edtja a b\u0151rt \u00e9s elt\u00e1vol\u00edtja az elhalt h\u00e1msejteket.<\/li>\n<li data-start=\"667\" data-end=\"763\"><strong>Habszappan massz\u00e1zs<\/strong>. L\u00e1gy hab \u00e9s pihentet\u0151 mozdulatok. Id\u0151tartam - 10 perc.<\/li>\n<li data-start=\"667\" data-end=\"763\"><strong>Olajos massz\u00e1zs \u00e9s arcmaszk.<\/strong> Az arom\u00e1s olajok t\u00e1pl\u00e1lj\u00e1k a b\u0151rt, a maszk friss\u00edt \u00e9s toniz\u00e1l. Az elj\u00e1r\u00e1s id\u0151tartama k\u00f6r\u00fclbel\u00fcl 20 perc.<\/li>\n<li data-start=\"667\" data-end=\"763\"><strong>S\u00f3szoba.<\/strong> K\u00f6nnyen helyre\u00e1ll\u00edtja a l\u00e9gz\u00e9st, tel\u00edti a szervezetet \u00e1sv\u00e1nyi anyagokkal.<\/li>\n<li data-start=\"667\" data-end=\"763\">T\u00f6r\u00f6k tea. <strong>Egy kis te\u00e1z\u00e1si ritu\u00e1l\u00e9 a program befejez\u00e9sek\u00e9nt.<\/strong><\/li>\n<\/ul>\n<p data-start=\"1373\" data-end=\"1415\"><strong>Transzfer vissza a sz\u00e1llod\u00e1ba.<\/strong><\/p>\n<p><strong>Tartalmazza:<\/strong><\/p>\n<ul>\n<li>Transzfer a sz\u00e1llod\u00e1b\u00f3l \u00e9s vissza<\/li>\n<li>Szauna, g\u0151zf\u00fcrd\u0151, jacuzzi<\/li>\n<li>Kese peel<\/li>\n<li>Habmassz\u00e1zs<\/li>\n<li>Olajos massz\u00e1zs<\/li>\n<li>Arcmaszk<\/li>\n<li>s\u00f3szoba<\/li>\n<li>T\u00f6r\u00fclk\u00f6z\u0151<\/li>\n<li>T\u00f6r\u00f6k tea<\/li>\n<\/ul>\n<p><strong>Nem tartalmazza:<\/strong><\/p>\n<ul>\n<li>Kieg\u00e9sz\u00edt\u0151 szolg\u00e1ltat\u00e1sok a gy\u00f3gyf\u00fcrd\u0151ben - k\u00e9r\u00e9sre, fel\u00e1r ellen\u00e9ben<\/li>\n<\/ul>\n<p><strong>L\u00e9nyeges:<\/strong><\/p>\n<ul>\n<li>\u00dasz\u00f3\u00f6lt\u00f6zet<\/li>\n<li>Hajsampon<\/li>\n<li>K\u00e9szp\u00e9nz szem\u00e9lyes kiad\u00e1sokra<\/li>\n<\/ul>","protected":false},"excerpt":{"rendered":"<p><strong>Kir\u00e1ndul\u00e1s Id\u0151pontja:<\/strong> 2 \u00f3ra (3 \u00f3ra \u00e1tsz\u00e1ll\u00e1ssal)<\/p>\n<p><strong>A Kir\u00e1ndul\u00e1s Napjai:<\/strong> Minden nap<\/p>","protected":false},"featured_media":42653,"template":"","meta":{"_kad_post_transparent":"default","_kad_post_title":"","_kad_post_layout":"default","_kad_post_sidebar_id":"","_kad_post_content_style":"default","_kad_post_vertical_padding":"default","_kad_post_feature":"","_kad_post_feature_position":"","_kad_post_header":false,"_kad_post_footer":false,"_kad_post_classname":"","_glsr_average":0,"_glsr_ranking":0,"_glsr_reviews":0},"product_brand":[],"product_cat":[450],"product_tag":[],"class_list":{"0":"post-64718","1":"product","2":"type-product","3":"status-publish","4":"has-post-thumbnail","6":"product_cat-antalya","7":"tm-has-options","9":"first","10":"instock","11":"sold-individually","12":"taxable","13":"shipping-taxable","14":"purchasable","15":"product-type-simple","16":"entry","17":"content-bg","18":"loop-entry"},"yoast_head":"<!-- This site is optimized with the Yoast SEO plugin v27.3 - https:\/\/yoast.com\/product\/yoast-seo-wordpress\/ -->\n<title>\u0425\u0430\u043c\u0430\u043c (\u0422\u0443\u0440\u0435\u0446\u043a\u0430\u044f \u0431\u0430\u043d\u044f) \u0432 \u0410\u043d\u0442\u0430\u043b\u0438\u0438 &#8226; \u042d\u043a\u0441\u043a\u0443\u0440\u0441\u0438\u0438 Skyline<\/title>\n<meta name=\"description\" content=\"\u041f\u043e\u0437\u0432\u043e\u043b\u044c\u0442\u0435 \u0441\u0435\u0431\u0435 \u043f\u043e\u043b\u043d\u043e\u0435 \u0440\u0430\u0441\u0441\u043b\u0430\u0431\u043b\u0435\u043d\u0438\u0435 \u0432 \u0442\u0440\u0430\u0434\u0438\u0446\u0438\u043e\u043d\u043d\u043e\u0439 \u0442\u0443\u0440\u0435\u0446\u043a\u043e\u0439 \u0431\u0430\u043d\u0435. \u041f\u0430\u0440, \u043c\u044b\u043b\u044c\u043d\u044b\u0439 \u043c\u0430\u0441\u0441\u0430\u0436, \u0430\u0440\u043e\u043c\u0430\u0442\u044b \u043c\u0430\u0441\u0435\u043b \u0438 \u0437\u0430\u0431\u043e\u0442\u043b\u0438\u0432\u044b\u0439 \u0443\u0445\u043e\u0434 \u2014 \u0438\u0434\u0435\u0430\u043b\u044c\u043d\u043e\u0435 \u043d\u0430\u0447\u0430\u043b\u043e \u043e\u0442\u043f\u0443\u0441\u043a\u0430.\" \/>\n<meta name=\"robots\" content=\"index, follow, max-snippet:-1, max-image-preview:large, max-video-preview:-1\" \/>\n<link rel=\"canonical\" href=\"https:\/\/skyline-gs.com\/hu\/termek\/hammam-antalya\/\" \/>\n<meta property=\"og:locale\" content=\"hu_HU\" \/>\n<meta property=\"og:type\" content=\"article\" \/>\n<meta property=\"og:title\" content=\"\u0425\u0430\u043c\u0430\u043c (\u0422\u0443\u0440\u0435\u0446\u043a\u0430\u044f \u0431\u0430\u043d\u044f) \u0432 \u0410\u043d\u0442\u0430\u043b\u0438\u0438 &#8226; \u042d\u043a\u0441\u043a\u0443\u0440\u0441\u0438\u0438 Skyline\" \/>\n<meta property=\"og:description\" content=\"\u041f\u043e\u0437\u0432\u043e\u043b\u044c\u0442\u0435 \u0441\u0435\u0431\u0435 \u043f\u043e\u043b\u043d\u043e\u0435 \u0440\u0430\u0441\u0441\u043b\u0430\u0431\u043b\u0435\u043d\u0438\u0435 \u0432 \u0442\u0440\u0430\u0434\u0438\u0446\u0438\u043e\u043d\u043d\u043e\u0439 \u0442\u0443\u0440\u0435\u0446\u043a\u043e\u0439 \u0431\u0430\u043d\u0435. \u041f\u0430\u0440, \u043c\u044b\u043b\u044c\u043d\u044b\u0439 \u043c\u0430\u0441\u0441\u0430\u0436, \u0430\u0440\u043e\u043c\u0430\u0442\u044b \u043c\u0430\u0441\u0435\u043b \u0438 \u0437\u0430\u0431\u043e\u0442\u043b\u0438\u0432\u044b\u0439 \u0443\u0445\u043e\u0434 \u2014 \u0438\u0434\u0435\u0430\u043b\u044c\u043d\u043e\u0435 \u043d\u0430\u0447\u0430\u043b\u043e \u043e\u0442\u043f\u0443\u0441\u043a\u0430.\" \/>\n<meta property=\"og:url\" content=\"https:\/\/skyline-gs.com\/hu\/termek\/hammam-antalya\/\" \/>\n<meta property=\"og:site_name\" content=\"\u042d\u043a\u0441\u043a\u0443\u0440\u0441\u0438\u0438 Skyline\" \/>\n<meta property=\"article:modified_time\" content=\"2025-07-10T21:49:38+00:00\" \/>\n<meta property=\"og:image\" content=\"https:\/\/skyline-gs.com\/wp-content\/uploads\/2023\/07\/1-14.png\" \/>\n\t<meta property=\"og:image:width\" content=\"669\" \/>\n\t<meta property=\"og:image:height\" content=\"446\" \/>\n\t<meta property=\"og:image:type\" content=\"image\/png\" \/>\n<meta name=\"twitter:card\" content=\"summary_large_image\" \/>\n<meta name=\"twitter:label1\" content=\"Becs\u00fclt olvas\u00e1si id\u0151\" \/>\n\t<meta name=\"twitter:data1\" content=\"2 perc\" \/>\n<script type=\"application\/ld+json\" class=\"yoast-schema-graph\">{\"@context\":\"https:\\\/\\\/schema.org\",\"@graph\":[{\"@type\":\"WebPage\",\"@id\":\"https:\\\/\\\/skyline-gs.com\\\/product\\\/hammam-antalya\\\/\",\"url\":\"https:\\\/\\\/skyline-gs.com\\\/product\\\/hammam-antalya\\\/\",\"name\":\"\u0425\u0430\u043c\u0430\u043c (\u0422\u0443\u0440\u0435\u0446\u043a\u0430\u044f \u0431\u0430\u043d\u044f) \u0432 \u0410\u043d\u0442\u0430\u043b\u0438\u0438 &#8226; \u042d\u043a\u0441\u043a\u0443\u0440\u0441\u0438\u0438 Skyline\",\"isPartOf\":{\"@id\":\"https:\\\/\\\/skyline-gs.com\\\/it\\\/#website\"},\"primaryImageOfPage\":{\"@id\":\"https:\\\/\\\/skyline-gs.com\\\/product\\\/hammam-antalya\\\/#primaryimage\"},\"image\":{\"@id\":\"https:\\\/\\\/skyline-gs.com\\\/product\\\/hammam-antalya\\\/#primaryimage\"},\"thumbnailUrl\":\"https:\\\/\\\/skyline-gs.com\\\/wp-content\\\/uploads\\\/2023\\\/07\\\/1-14.png\",\"datePublished\":\"2025-07-10T21:45:23+00:00\",\"dateModified\":\"2025-07-10T21:49:38+00:00\",\"description\":\"\u041f\u043e\u0437\u0432\u043e\u043b\u044c\u0442\u0435 \u0441\u0435\u0431\u0435 \u043f\u043e\u043b\u043d\u043e\u0435 \u0440\u0430\u0441\u0441\u043b\u0430\u0431\u043b\u0435\u043d\u0438\u0435 \u0432 \u0442\u0440\u0430\u0434\u0438\u0446\u0438\u043e\u043d\u043d\u043e\u0439 \u0442\u0443\u0440\u0435\u0446\u043a\u043e\u0439 \u0431\u0430\u043d\u0435. \u041f\u0430\u0440, \u043c\u044b\u043b\u044c\u043d\u044b\u0439 \u043c\u0430\u0441\u0441\u0430\u0436, \u0430\u0440\u043e\u043c\u0430\u0442\u044b \u043c\u0430\u0441\u0435\u043b \u0438 \u0437\u0430\u0431\u043e\u0442\u043b\u0438\u0432\u044b\u0439 \u0443\u0445\u043e\u0434 \u2014 \u0438\u0434\u0435\u0430\u043b\u044c\u043d\u043e\u0435 \u043d\u0430\u0447\u0430\u043b\u043e \u043e\u0442\u043f\u0443\u0441\u043a\u0430.\",\"breadcrumb\":{\"@id\":\"https:\\\/\\\/skyline-gs.com\\\/product\\\/hammam-antalya\\\/#breadcrumb\"},\"inLanguage\":\"hu\",\"potentialAction\":[{\"@type\":\"ReadAction\",\"target\":[\"https:\\\/\\\/skyline-gs.com\\\/product\\\/hammam-antalya\\\/\"]}]},{\"@type\":\"ImageObject\",\"inLanguage\":\"hu\",\"@id\":\"https:\\\/\\\/skyline-gs.com\\\/product\\\/hammam-antalya\\\/#primaryimage\",\"url\":\"https:\\\/\\\/skyline-gs.com\\\/wp-content\\\/uploads\\\/2023\\\/07\\\/1-14.png\",\"contentUrl\":\"https:\\\/\\\/skyline-gs.com\\\/wp-content\\\/uploads\\\/2023\\\/07\\\/1-14.png\",\"width\":669,\"height\":446},{\"@type\":\"BreadcrumbList\",\"@id\":\"https:\\\/\\\/skyline-gs.com\\\/product\\\/hammam-antalya\\\/#breadcrumb\",\"itemListElement\":[{\"@type\":\"ListItem\",\"position\":1,\"name\":\"\u0413\u043b\u0430\u0432\u043d\u0430\u044f \u0441\u0442\u0440\u0430\u043d\u0438\u0446\u0430\",\"item\":\"https:\\\/\\\/skyline-gs.com\\\/hu\\\/\"},{\"@type\":\"ListItem\",\"position\":2,\"name\":\"\u041c\u0430\u0433\u0430\u0437\u0438\u043d\",\"item\":\"https:\\\/\\\/skyline-gs.com\\\/cs\\\/shop\\\/\"},{\"@type\":\"ListItem\",\"position\":3,\"name\":\"\u0425\u0430\u043c\u0430\u043c (\u0422\u0443\u0440\u0435\u0446\u043a\u0430\u044f \u0431\u0430\u043d\u044f)\"}]},{\"@type\":\"WebSite\",\"@id\":\"https:\\\/\\\/skyline-gs.com\\\/it\\\/#website\",\"url\":\"https:\\\/\\\/skyline-gs.com\\\/it\\\/\",\"name\":\"\u042d\u043a\u0441\u043a\u0443\u0440\u0441\u0438\u0438 Skyline\",\"description\":\"\u042d\u043a\u0441\u043a\u043b\u044e\u0437\u0438\u0432\u043d\u044b\u0435 \u044d\u043a\u0441\u043a\u0443\u0440\u0441\u0438\u0438 \u043d\u0430 \u043b\u0443\u0447\u0448\u0438\u0445 \u043a\u0443\u0440\u043e\u0440\u0442\u0430\u0445 \u043c\u0438\u0440\u0430\",\"publisher\":{\"@id\":\"https:\\\/\\\/skyline-gs.com\\\/it\\\/#organization\"},\"alternateName\":\"Skyline\",\"potentialAction\":[{\"@type\":\"SearchAction\",\"target\":{\"@type\":\"EntryPoint\",\"urlTemplate\":\"https:\\\/\\\/skyline-gs.com\\\/it\\\/?s={search_term_string}\"},\"query-input\":{\"@type\":\"PropertyValueSpecification\",\"valueRequired\":true,\"valueName\":\"search_term_string\"}}],\"inLanguage\":\"hu\"},{\"@type\":\"Organization\",\"@id\":\"https:\\\/\\\/skyline-gs.com\\\/it\\\/#organization\",\"name\":\"\u042d\u043a\u0441\u043a\u0443\u0440\u0441\u0438\u0438 Skyline\",\"alternateName\":\"\u042d\u043a\u0441\u043a\u0443\u0440\u0441\u0438\u0438 Skyline\",\"url\":\"https:\\\/\\\/skyline-gs.com\\\/it\\\/\",\"logo\":{\"@type\":\"ImageObject\",\"inLanguage\":\"hu\",\"@id\":\"https:\\\/\\\/skyline-gs.com\\\/it\\\/#\\\/schema\\\/logo\\\/image\\\/\",\"url\":\"https:\\\/\\\/skyline-gs.com\\\/wp-content\\\/uploads\\\/2020\\\/12\\\/cropped-logo-2.png\",\"contentUrl\":\"https:\\\/\\\/skyline-gs.com\\\/wp-content\\\/uploads\\\/2020\\\/12\\\/cropped-logo-2.png\",\"width\":512,\"height\":512,\"caption\":\"\u042d\u043a\u0441\u043a\u0443\u0440\u0441\u0438\u0438 Skyline\"},\"image\":{\"@id\":\"https:\\\/\\\/skyline-gs.com\\\/it\\\/#\\\/schema\\\/logo\\\/image\\\/\"},\"sameAs\":[\"https:\\\/\\\/www.instagram.com\\\/skylineglobalservice\\\/\"]}]}<\/script>\n<!-- \/ Yoast SEO plugin. -->","yoast_head_json":{"title":"\u0425\u0430\u043c\u0430\u043c (\u0422\u0443\u0440\u0435\u0446\u043a\u0430\u044f \u0431\u0430\u043d\u044f) \u0432 \u0410\u043d\u0442\u0430\u043b\u0438\u0438 &#8226; \u042d\u043a\u0441\u043a\u0443\u0440\u0441\u0438\u0438 Skyline","description":"\u041f\u043e\u0437\u0432\u043e\u043b\u044c\u0442\u0435 \u0441\u0435\u0431\u0435 \u043f\u043e\u043b\u043d\u043e\u0435 \u0440\u0430\u0441\u0441\u043b\u0430\u0431\u043b\u0435\u043d\u0438\u0435 \u0432 \u0442\u0440\u0430\u0434\u0438\u0446\u0438\u043e\u043d\u043d\u043e\u0439 \u0442\u0443\u0440\u0435\u0446\u043a\u043e\u0439 \u0431\u0430\u043d\u0435. \u041f\u0430\u0440, \u043c\u044b\u043b\u044c\u043d\u044b\u0439 \u043c\u0430\u0441\u0441\u0430\u0436, \u0430\u0440\u043e\u043c\u0430\u0442\u044b \u043c\u0430\u0441\u0435\u043b \u0438 \u0437\u0430\u0431\u043e\u0442\u043b\u0438\u0432\u044b\u0439 \u0443\u0445\u043e\u0434 \u2014 \u0438\u0434\u0435\u0430\u043b\u044c\u043d\u043e\u0435 \u043d\u0430\u0447\u0430\u043b\u043e \u043e\u0442\u043f\u0443\u0441\u043a\u0430.","robots":{"index":"index","follow":"follow","max-snippet":"max-snippet:-1","max-image-preview":"max-image-preview:large","max-video-preview":"max-video-preview:-1"},"canonical":"https:\/\/skyline-gs.com\/hu\/termek\/hammam-antalya\/","og_locale":"hu_HU","og_type":"article","og_title":"\u0425\u0430\u043c\u0430\u043c (\u0422\u0443\u0440\u0435\u0446\u043a\u0430\u044f \u0431\u0430\u043d\u044f) \u0432 \u0410\u043d\u0442\u0430\u043b\u0438\u0438 &#8226; \u042d\u043a\u0441\u043a\u0443\u0440\u0441\u0438\u0438 Skyline","og_description":"\u041f\u043e\u0437\u0432\u043e\u043b\u044c\u0442\u0435 \u0441\u0435\u0431\u0435 \u043f\u043e\u043b\u043d\u043e\u0435 \u0440\u0430\u0441\u0441\u043b\u0430\u0431\u043b\u0435\u043d\u0438\u0435 \u0432 \u0442\u0440\u0430\u0434\u0438\u0446\u0438\u043e\u043d\u043d\u043e\u0439 \u0442\u0443\u0440\u0435\u0446\u043a\u043e\u0439 \u0431\u0430\u043d\u0435. \u041f\u0430\u0440, \u043c\u044b\u043b\u044c\u043d\u044b\u0439 \u043c\u0430\u0441\u0441\u0430\u0436, \u0430\u0440\u043e\u043c\u0430\u0442\u044b \u043c\u0430\u0441\u0435\u043b \u0438 \u0437\u0430\u0431\u043e\u0442\u043b\u0438\u0432\u044b\u0439 \u0443\u0445\u043e\u0434 \u2014 \u0438\u0434\u0435\u0430\u043b\u044c\u043d\u043e\u0435 \u043d\u0430\u0447\u0430\u043b\u043e \u043e\u0442\u043f\u0443\u0441\u043a\u0430.","og_url":"https:\/\/skyline-gs.com\/hu\/termek\/hammam-antalya\/","og_site_name":"\u042d\u043a\u0441\u043a\u0443\u0440\u0441\u0438\u0438 Skyline","article_modified_time":"2025-07-10T21:49:38+00:00","og_image":[{"width":669,"height":446,"url":"https:\/\/skyline-gs.com\/wp-content\/uploads\/2023\/07\/1-14.png","type":"image\/png"}],"twitter_card":"summary_large_image","twitter_misc":{"Becs\u00fclt olvas\u00e1si id\u0151":"2 perc"},"schema":{"@context":"https:\/\/schema.org","@graph":[{"@type":"WebPage","@id":"https:\/\/skyline-gs.com\/product\/hammam-antalya\/","url":"https:\/\/skyline-gs.com\/product\/hammam-antalya\/","name":"\u0425\u0430\u043c\u0430\u043c (\u0422\u0443\u0440\u0435\u0446\u043a\u0430\u044f \u0431\u0430\u043d\u044f) \u0432 \u0410\u043d\u0442\u0430\u043b\u0438\u0438 &#8226; \u042d\u043a\u0441\u043a\u0443\u0440\u0441\u0438\u0438 Skyline","isPartOf":{"@id":"https:\/\/skyline-gs.com\/it\/#website"},"primaryImageOfPage":{"@id":"https:\/\/skyline-gs.com\/product\/hammam-antalya\/#primaryimage"},"image":{"@id":"https:\/\/skyline-gs.com\/product\/hammam-antalya\/#primaryimage"},"thumbnailUrl":"https:\/\/skyline-gs.com\/wp-content\/uploads\/2023\/07\/1-14.png","datePublished":"2025-07-10T21:45:23+00:00","dateModified":"2025-07-10T21:49:38+00:00","description":"\u041f\u043e\u0437\u0432\u043e\u043b\u044c\u0442\u0435 \u0441\u0435\u0431\u0435 \u043f\u043e\u043b\u043d\u043e\u0435 \u0440\u0430\u0441\u0441\u043b\u0430\u0431\u043b\u0435\u043d\u0438\u0435 \u0432 \u0442\u0440\u0430\u0434\u0438\u0446\u0438\u043e\u043d\u043d\u043e\u0439 \u0442\u0443\u0440\u0435\u0446\u043a\u043e\u0439 \u0431\u0430\u043d\u0435. \u041f\u0430\u0440, \u043c\u044b\u043b\u044c\u043d\u044b\u0439 \u043c\u0430\u0441\u0441\u0430\u0436, \u0430\u0440\u043e\u043c\u0430\u0442\u044b \u043c\u0430\u0441\u0435\u043b \u0438 \u0437\u0430\u0431\u043e\u0442\u043b\u0438\u0432\u044b\u0439 \u0443\u0445\u043e\u0434 \u2014 \u0438\u0434\u0435\u0430\u043b\u044c\u043d\u043e\u0435 \u043d\u0430\u0447\u0430\u043b\u043e \u043e\u0442\u043f\u0443\u0441\u043a\u0430.","breadcrumb":{"@id":"https:\/\/skyline-gs.com\/product\/hammam-antalya\/#breadcrumb"},"inLanguage":"hu","potentialAction":[{"@type":"ReadAction","target":["https:\/\/skyline-gs.com\/product\/hammam-antalya\/"]}]},{"@type":"ImageObject","inLanguage":"hu","@id":"https:\/\/skyline-gs.com\/product\/hammam-antalya\/#primaryimage","url":"https:\/\/skyline-gs.com\/wp-content\/uploads\/2023\/07\/1-14.png","contentUrl":"https:\/\/skyline-gs.com\/wp-content\/uploads\/2023\/07\/1-14.png","width":669,"height":446},{"@type":"BreadcrumbList","@id":"https:\/\/skyline-gs.com\/product\/hammam-antalya\/#breadcrumb","itemListElement":[{"@type":"ListItem","position":1,"name":"\u0413\u043b\u0430\u0432\u043d\u0430\u044f \u0441\u0442\u0440\u0430\u043d\u0438\u0446\u0430","item":"https:\/\/skyline-gs.com\/hu\/"},{"@type":"ListItem","position":2,"name":"\u041c\u0430\u0433\u0430\u0437\u0438\u043d","item":"https:\/\/skyline-gs.com\/cs\/shop\/"},{"@type":"ListItem","position":3,"name":"\u0425\u0430\u043c\u0430\u043c (\u0422\u0443\u0440\u0435\u0446\u043a\u0430\u044f \u0431\u0430\u043d\u044f)"}]},{"@type":"WebSite","@id":"https:\/\/skyline-gs.com\/it\/#website","url":"https:\/\/skyline-gs.com\/it\/","name":"Skyline T\u00far\u00e1k","description":"Exkluz\u00edv kir\u00e1ndul\u00e1sok a vil\u00e1g legjobb \u00fcd\u00fcl\u0151helyein","publisher":{"@id":"https:\/\/skyline-gs.com\/it\/#organization"},"alternateName":"Skyline","potentialAction":[{"@type":"SearchAction","target":{"@type":"EntryPoint","urlTemplate":"https:\/\/skyline-gs.com\/it\/?s={search_term_string}"},"query-input":{"@type":"PropertyValueSpecification","valueRequired":true,"valueName":"search_term_string"}}],"inLanguage":"hu"},{"@type":"Organization","@id":"https:\/\/skyline-gs.com\/it\/#organization","name":"Skyline T\u00far\u00e1k","alternateName":"\u042d\u043a\u0441\u043a\u0443\u0440\u0441\u0438\u0438 Skyline","url":"https:\/\/skyline-gs.com\/it\/","logo":{"@type":"ImageObject","inLanguage":"hu","@id":"https:\/\/skyline-gs.com\/it\/#\/schema\/logo\/image\/","url":"https:\/\/skyline-gs.com\/wp-content\/uploads\/2020\/12\/cropped-logo-2.png","contentUrl":"https:\/\/skyline-gs.com\/wp-content\/uploads\/2020\/12\/cropped-logo-2.png","width":512,"height":512,"caption":"\u042d\u043a\u0441\u043a\u0443\u0440\u0441\u0438\u0438 Skyline"},"image":{"@id":"https:\/\/skyline-gs.com\/it\/#\/schema\/logo\/image\/"},"sameAs":["https:\/\/www.instagram.com\/skylineglobalservice\/"]}]}},"_links":{"self":[{"href":"https:\/\/skyline-gs.com\/hu\/wp-json\/wp\/v2\/product\/64718","targetHints":{"allow":["GET"]}}],"collection":[{"href":"https:\/\/skyline-gs.com\/hu\/wp-json\/wp\/v2\/product"}],"about":[{"href":"https:\/\/skyline-gs.com\/hu\/wp-json\/wp\/v2\/types\/product"}],"version-history":[{"count":0,"href":"https:\/\/skyline-gs.com\/hu\/wp-json\/wp\/v2\/product\/64718\/revisions"}],"wp:featuredmedia":[{"embeddable":true,"href":"https:\/\/skyline-gs.com\/hu\/wp-json\/wp\/v2\/media\/42653"}],"wp:attachment":[{"href":"https:\/\/skyline-gs.com\/hu\/wp-json\/wp\/v2\/media?parent=64718"}],"wp:term":[{"taxonomy":"product_brand","embeddable":true,"href":"https:\/\/skyline-gs.com\/hu\/wp-json\/wp\/v2\/product_brand?post=64718"},{"taxonomy":"product_cat","embeddable":true,"href":"https:\/\/skyline-gs.com\/hu\/wp-json\/wp\/v2\/product_cat?post=64718"},{"taxonomy":"product_tag","embeddable":true,"href":"https:\/\/skyline-gs.com\/hu\/wp-json\/wp\/v2\/product_tag?post=64718"}],"curies":[{"name":"wp","href":"https:\/\/api.w.org\/{rel}","templated":true}]}}