{"id":64704,"date":"2025-07-10T23:09:57","date_gmt":"2025-07-10T21:09:57","guid":{"rendered":"http:\/\/skyline-gs.com\/?post_type=product&#038;p=64704"},"modified":"2025-07-10T23:22:06","modified_gmt":"2025-07-10T21:22:06","slug":"cappadocia-2-days-antalya","status":"publish","type":"product","link":"https:\/\/skyline-gs.com\/hu\/product\/cappadocia-2-days-antalya\/","title":{"rendered":"Kappad\u00f3kia 2 nap"},"content":{"rendered":"<p>K\u00e9t intenz\u00edv nap szokatlan t\u00e1jak \u00e9s \u0151si sziklav\u00e1rosok k\u00f6z\u00f6tt. Kappad\u00f3kia egy olyan r\u00e9gi\u00f3, ahol a term\u00e9szet \u00e9s a t\u00f6rt\u00e9nelem egyed\u00fcl\u00e1ll\u00f3 hangulatot teremtett. F\u00f6ldalatti v\u00e1rosok sz\u0171k alag\u00fatjai, fens\u00e9ges er\u0151d\u00f6k, fantasztikus t\u00e1jakkal teli v\u00f6lgyek, \u00e9s k\u00e9r\u00e9sre egy reggeli ballonrep\u00fcl\u00e9s mindezen pompa felett.<\/p>\n<p><strong>1. nap<\/strong><\/p>\n<p data-start=\"675\" data-end=\"767\"><strong>3:30 - Kijelentkez\u00e9s az antalyai sz\u00e1llod\u00e1b\u00f3l<\/strong>. Transzfer Kappad\u00f3ci\u00e1ba (kb. 7 \u00f3ra utaz\u00e1si id\u0151, meg\u00e1ll\u00f3kkal).<\/p>\n<ul>\n<li data-start=\"769\" data-end=\"817\">Reggeli.<\/li>\n<li data-start=\"769\" data-end=\"817\"><strong>L\u00e1togat\u00e1s Tatlarin f\u00f6ldalatti v\u00e1ros\u00e1ba<\/strong>. A nagyk\u00f6z\u00f6ns\u00e9g sz\u00e1m\u00e1ra 1991 \u00f3ta nyitva \u00e1ll. K\u00e9t emelet van nyitva: egy 15 m\u00e9teres alag\u00fat, konyh\u00e1k, lak\u00f3helyis\u00e9gek, pajt\u00e1k \u00e9s ist\u00e1ll\u00f3k.<\/li>\n<li data-start=\"769\" data-end=\"817\">Eb\u00e9d.<\/li>\n<li data-start=\"769\" data-end=\"817\"><strong>Ortahisar panor\u00e1m\u00e1ja<\/strong>. Az er\u0151d 86 m\u00e9ter magas, \u00e9s a k\u00f6rnyez\u0151 ter\u00fclet f\u00f6l\u00e9 magasodik.<\/li>\n<li data-start=\"769\" data-end=\"817\"><strong>L\u00e1togat\u00e1s az Uchkhisar er\u0151dv\u00e1rosban.<\/strong><\/li>\n<li data-start=\"769\" data-end=\"817\"><strong>Panor\u00e1m\u00e1s meg\u00e1ll\u00f3 a G\u00f6reme-v\u00f6lgy felett.<\/strong><\/li>\n<li data-start=\"769\" data-end=\"817\"><strong>S\u00e9ta a szikl\u00e1s Chavushin v\u00e1ros\u00e1ban<\/strong>. Itt tal\u00e1lhat\u00f3 Keresztel\u0151 Szent J\u00e1nos szikl\u00e1ba v\u00e1jt temploma.<\/li>\n<li data-start=\"769\" data-end=\"817\"><strong>Bejelentkez\u00e9s egy 4 csillagos sz\u00e1llod\u00e1ban.<\/strong><\/li>\n<li data-start=\"769\" data-end=\"817\">Vacsora a sz\u00e1llod\u00e1ban (sv\u00e9dasztalos).<\/li>\n<li data-start=\"769\" data-end=\"817\">T\u00f6r\u00f6k \u00e9jszaka (fakultat\u00edv). Esti m\u0171soros program italokkal \u00e9s finoms\u00e1gokkal.<\/li>\n<\/ul>\n<p><strong>2. nap<\/strong><\/p>\n<ul>\n<li data-start=\"1425\" data-end=\"1538\">Hajnalban kir\u00e1ndul\u00e1s a l\u00e9gg\u00f6mbpar\u00e1d\u00e9ra vagy h\u0151l\u00e9gballonoz\u00e1sra (fakultat\u00edv, fel\u00e1r ellen\u00e9ben).<\/li>\n<li data-start=\"1425\" data-end=\"1538\">Visszat\u00e9r\u00e9s a sz\u00e1llod\u00e1ba.<\/li>\n<li data-start=\"1425\" data-end=\"1538\">Reggeli.<\/li>\n<li data-start=\"1425\" data-end=\"1538\"><strong>Rose Valley t\u00fara (Derwent)<\/strong>. A term\u00e9szetes sziklafigur\u00e1k emberekre \u00e9s \u00e1llatokra hasonl\u00edtanak.<\/li>\n<li data-start=\"1425\" data-end=\"1538\"><strong>L\u00e1togat\u00e1s a fazekasm\u0171helyben.<\/strong><\/li>\n<li data-start=\"1425\" data-end=\"1538\"><strong>L\u00e1togat\u00e1s egy \u00f3nixm\u0171helyben.<\/strong><\/li>\n<li data-start=\"1425\" data-end=\"1538\">Eb\u00e9d.<\/li>\n<\/ul>\n<p><strong>19:00 - Visszat\u00e9r\u00e9s a sz\u00e1llod\u00e1ba.<\/strong><\/p>\n<p><strong>Tartalmazza:<\/strong><\/p>\n<ul>\n<li>Transzfer a sz\u00e1llod\u00e1b\u00f3l \u00e9s a sz\u00e1llod\u00e1ba<\/li>\n<li>Program transzferek k\u00e9nyelmes l\u00e9gkondicion\u00e1lt aut\u00f3busszal<\/li>\n<li>Magyarul besz\u00e9l\u0151 idegenvezet\u0151<\/li>\n<li>Biztos\u00edt\u00e1s<\/li>\n<li>\u00c9jszaka egy 4*-os sz\u00e1llod\u00e1ban<\/li>\n<li>\u00c9tkez\u00e9sek: 1. nap - vacsora, 2. nap - reggeli nap<\/li>\n<\/ul>\n<p><strong>Nem tartalmazza:<\/strong><\/p>\n<ul>\n<li>Napfelkeltekor ballonrep\u00fcl\u00e9s (fakultat\u00edv, +250$ szem\u00e9lyenk\u00e9nt)<\/li>\n<li>Transzferek a l\u00e9gg\u00f6mbpar\u00e1d\u00e9ra<\/li>\n<li>Eb\u00e9d az \u00e9tteremben<\/li>\n<li>A t\u00f6r\u00f6k \u00e9jszakai show<\/li>\n<li>Bel\u00e9p\u0151d\u00edjak a G\u00f6reme Parkba<\/li>\n<\/ul>\n<p><strong>Vigy\u00e9l magaddal:<\/strong><\/p>\n<ul>\n<li>Reggeli, amit mag\u00e1val vihet (a sz\u00e1lloda recepci\u00f3j\u00e1n elmagyar\u00e1zza, hogy kora reggel indulnak kir\u00e1ndulni, \u00e9s sz\u00fcks\u00e9g\u00fck van egy eb\u00e9ddobozra, a sz\u00e1llod\u00e1k ingyenesen biztos\u00edtj\u00e1k ezt a szolg\u00e1ltat\u00e1st).<\/li>\n<li>V\u00edz<\/li>\n<li>K\u00e9nyelmes cip\u0151<\/li>\n<li>F\u00e9nyk\u00e9pez\u0151g\u00e9p<\/li>\n<li>P\u00e9nz szem\u00e9lyes kiad\u00e1sokra<\/li>\n<\/ul>","protected":false},"excerpt":{"rendered":"<p><strong>Kir\u00e1ndul\u00e1s Id\u0151pontja:<\/strong> 2 nap<\/p>\n<p><strong>A Kir\u00e1ndul\u00e1s Napjai:<\/strong>\u00a0H\u00e9tf\u0151, cs\u00fct\u00f6rt\u00f6k, szombat<\/p>","protected":false},"featured_media":42502,"template":"","meta":{"_kad_post_transparent":"default","_kad_post_title":"","_kad_post_layout":"default","_kad_post_sidebar_id":"","_kad_post_content_style":"default","_kad_post_vertical_padding":"default","_kad_post_feature":"","_kad_post_feature_position":"","_kad_post_header":false,"_kad_post_footer":false,"_kad_post_classname":"","_glsr_average":0,"_glsr_ranking":0,"_glsr_reviews":0},"product_brand":[],"product_cat":[450],"product_tag":[],"class_list":{"0":"post-64704","1":"product","2":"type-product","3":"status-publish","4":"has-post-thumbnail","6":"product_cat-antalya","7":"tm-has-options","9":"first","10":"instock","11":"sold-individually","12":"taxable","13":"shipping-taxable","14":"purchasable","15":"product-type-simple","16":"entry","17":"content-bg","18":"loop-entry"},"yoast_head":"<!-- This site is optimized with the Yoast SEO plugin v27.3 - https:\/\/yoast.com\/product\/yoast-seo-wordpress\/ -->\n<title>\u041a\u0430\u043f\u043f\u0430\u0434\u043e\u043a\u0438\u044f \u0438\u0437 \u0410\u043d\u0442\u0430\u043b\u0438\u0438 &#8226; \u042d\u043a\u0441\u043a\u0443\u0440\u0441\u0438\u0438 Skyline<\/title>\n<meta name=\"description\" content=\"\u0414\u0432\u0430 \u043d\u0430\u0441\u044b\u0449\u0435\u043d\u043d\u044b\u0445 \u0434\u043d\u044f \u0441\u0440\u0435\u0434\u0438 \u043d\u0435\u043e\u0431\u044b\u0447\u043d\u044b\u0445 \u043f\u0435\u0439\u0437\u0430\u0436\u0435\u0439 \u0438 \u0434\u0440\u0435\u0432\u043d\u0438\u0445 \u0441\u043a\u0430\u043b\u044c\u043d\u044b\u0445 \u0433\u043e\u0440\u043e\u0434\u043e\u0432. \u041a\u0430\u043f\u043f\u0430\u0434\u043e\u043a\u0438\u044f \u2014 \u0440\u0435\u0433\u0438\u043e\u043d, \u0433\u0434\u0435 \u043f\u0440\u0438\u0440\u043e\u0434\u0430 \u0438 \u0438\u0441\u0442\u043e\u0440\u0438\u044f \u0441\u043e\u0437\u0434\u0430\u043b\u0438 \u043d\u0435\u043f\u043e\u0432\u0442\u043e\u0440\u0438\u043c\u0443\u044e \u0430\u0442\u043c\u043e\u0441\u0444\u0435\u0440\u0443.\" \/>\n<meta name=\"robots\" content=\"index, follow, max-snippet:-1, max-image-preview:large, max-video-preview:-1\" \/>\n<link rel=\"canonical\" href=\"https:\/\/skyline-gs.com\/hu\/termek\/cappadocia-2-days-antalya\/\" \/>\n<meta property=\"og:locale\" content=\"hu_HU\" \/>\n<meta property=\"og:type\" content=\"article\" \/>\n<meta property=\"og:title\" content=\"\u041a\u0430\u043f\u043f\u0430\u0434\u043e\u043a\u0438\u044f \u0438\u0437 \u0410\u043d\u0442\u0430\u043b\u0438\u0438 &#8226; \u042d\u043a\u0441\u043a\u0443\u0440\u0441\u0438\u0438 Skyline\" \/>\n<meta property=\"og:description\" content=\"\u0414\u0432\u0430 \u043d\u0430\u0441\u044b\u0449\u0435\u043d\u043d\u044b\u0445 \u0434\u043d\u044f \u0441\u0440\u0435\u0434\u0438 \u043d\u0435\u043e\u0431\u044b\u0447\u043d\u044b\u0445 \u043f\u0435\u0439\u0437\u0430\u0436\u0435\u0439 \u0438 \u0434\u0440\u0435\u0432\u043d\u0438\u0445 \u0441\u043a\u0430\u043b\u044c\u043d\u044b\u0445 \u0433\u043e\u0440\u043e\u0434\u043e\u0432. \u041a\u0430\u043f\u043f\u0430\u0434\u043e\u043a\u0438\u044f \u2014 \u0440\u0435\u0433\u0438\u043e\u043d, \u0433\u0434\u0435 \u043f\u0440\u0438\u0440\u043e\u0434\u0430 \u0438 \u0438\u0441\u0442\u043e\u0440\u0438\u044f \u0441\u043e\u0437\u0434\u0430\u043b\u0438 \u043d\u0435\u043f\u043e\u0432\u0442\u043e\u0440\u0438\u043c\u0443\u044e \u0430\u0442\u043c\u043e\u0441\u0444\u0435\u0440\u0443.\" \/>\n<meta property=\"og:url\" content=\"https:\/\/skyline-gs.com\/hu\/termek\/cappadocia-2-days-antalya\/\" \/>\n<meta property=\"og:site_name\" content=\"\u042d\u043a\u0441\u043a\u0443\u0440\u0441\u0438\u0438 Skyline\" \/>\n<meta property=\"article:modified_time\" content=\"2025-07-10T21:22:06+00:00\" \/>\n<meta property=\"og:image\" content=\"https:\/\/skyline-gs.com\/wp-content\/uploads\/2023\/07\/4-2.png\" \/>\n\t<meta property=\"og:image:width\" content=\"669\" \/>\n\t<meta property=\"og:image:height\" content=\"446\" \/>\n\t<meta property=\"og:image:type\" content=\"image\/png\" \/>\n<meta name=\"twitter:card\" content=\"summary_large_image\" \/>\n<meta name=\"twitter:label1\" content=\"Becs\u00fclt olvas\u00e1si id\u0151\" \/>\n\t<meta name=\"twitter:data1\" content=\"2 perc\" \/>\n<script type=\"application\/ld+json\" class=\"yoast-schema-graph\">{\"@context\":\"https:\\\/\\\/schema.org\",\"@graph\":[{\"@type\":\"WebPage\",\"@id\":\"https:\\\/\\\/skyline-gs.com\\\/cs\\\/produkt\\\/cappadocia-2-days-antalya\\\/\",\"url\":\"https:\\\/\\\/skyline-gs.com\\\/cs\\\/produkt\\\/cappadocia-2-days-antalya\\\/\",\"name\":\"\u041a\u0430\u043f\u043f\u0430\u0434\u043e\u043a\u0438\u044f \u0438\u0437 \u0410\u043d\u0442\u0430\u043b\u0438\u0438 &#8226; \u042d\u043a\u0441\u043a\u0443\u0440\u0441\u0438\u0438 Skyline\",\"isPartOf\":{\"@id\":\"https:\\\/\\\/skyline-gs.com\\\/it\\\/#website\"},\"primaryImageOfPage\":{\"@id\":\"https:\\\/\\\/skyline-gs.com\\\/cs\\\/produkt\\\/cappadocia-2-days-antalya\\\/#primaryimage\"},\"image\":{\"@id\":\"https:\\\/\\\/skyline-gs.com\\\/cs\\\/produkt\\\/cappadocia-2-days-antalya\\\/#primaryimage\"},\"thumbnailUrl\":\"https:\\\/\\\/skyline-gs.com\\\/wp-content\\\/uploads\\\/2023\\\/07\\\/4-2.png\",\"datePublished\":\"2025-07-10T21:09:57+00:00\",\"dateModified\":\"2025-07-10T21:22:06+00:00\",\"description\":\"\u0414\u0432\u0430 \u043d\u0430\u0441\u044b\u0449\u0435\u043d\u043d\u044b\u0445 \u0434\u043d\u044f \u0441\u0440\u0435\u0434\u0438 \u043d\u0435\u043e\u0431\u044b\u0447\u043d\u044b\u0445 \u043f\u0435\u0439\u0437\u0430\u0436\u0435\u0439 \u0438 \u0434\u0440\u0435\u0432\u043d\u0438\u0445 \u0441\u043a\u0430\u043b\u044c\u043d\u044b\u0445 \u0433\u043e\u0440\u043e\u0434\u043e\u0432. \u041a\u0430\u043f\u043f\u0430\u0434\u043e\u043a\u0438\u044f \u2014 \u0440\u0435\u0433\u0438\u043e\u043d, \u0433\u0434\u0435 \u043f\u0440\u0438\u0440\u043e\u0434\u0430 \u0438 \u0438\u0441\u0442\u043e\u0440\u0438\u044f \u0441\u043e\u0437\u0434\u0430\u043b\u0438 \u043d\u0435\u043f\u043e\u0432\u0442\u043e\u0440\u0438\u043c\u0443\u044e \u0430\u0442\u043c\u043e\u0441\u0444\u0435\u0440\u0443.\",\"breadcrumb\":{\"@id\":\"https:\\\/\\\/skyline-gs.com\\\/cs\\\/produkt\\\/cappadocia-2-days-antalya\\\/#breadcrumb\"},\"inLanguage\":\"hu\",\"potentialAction\":[{\"@type\":\"ReadAction\",\"target\":[\"https:\\\/\\\/skyline-gs.com\\\/cs\\\/produkt\\\/cappadocia-2-days-antalya\\\/\"]}]},{\"@type\":\"ImageObject\",\"inLanguage\":\"hu\",\"@id\":\"https:\\\/\\\/skyline-gs.com\\\/cs\\\/produkt\\\/cappadocia-2-days-antalya\\\/#primaryimage\",\"url\":\"https:\\\/\\\/skyline-gs.com\\\/wp-content\\\/uploads\\\/2023\\\/07\\\/4-2.png\",\"contentUrl\":\"https:\\\/\\\/skyline-gs.com\\\/wp-content\\\/uploads\\\/2023\\\/07\\\/4-2.png\",\"width\":669,\"height\":446},{\"@type\":\"BreadcrumbList\",\"@id\":\"https:\\\/\\\/skyline-gs.com\\\/cs\\\/produkt\\\/cappadocia-2-days-antalya\\\/#breadcrumb\",\"itemListElement\":[{\"@type\":\"ListItem\",\"position\":1,\"name\":\"\u0413\u043b\u0430\u0432\u043d\u0430\u044f \u0441\u0442\u0440\u0430\u043d\u0438\u0446\u0430\",\"item\":\"https:\\\/\\\/skyline-gs.com\\\/hu\\\/\"},{\"@type\":\"ListItem\",\"position\":2,\"name\":\"\u041c\u0430\u0433\u0430\u0437\u0438\u043d\",\"item\":\"https:\\\/\\\/skyline-gs.com\\\/cs\\\/shop\\\/\"},{\"@type\":\"ListItem\",\"position\":3,\"name\":\"\u041a\u0430\u043f\u043f\u0430\u0434\u043e\u043a\u0438\u044f 2 \u0434\u043d\u044f\"}]},{\"@type\":\"WebSite\",\"@id\":\"https:\\\/\\\/skyline-gs.com\\\/it\\\/#website\",\"url\":\"https:\\\/\\\/skyline-gs.com\\\/it\\\/\",\"name\":\"\u042d\u043a\u0441\u043a\u0443\u0440\u0441\u0438\u0438 Skyline\",\"description\":\"\u042d\u043a\u0441\u043a\u043b\u044e\u0437\u0438\u0432\u043d\u044b\u0435 \u044d\u043a\u0441\u043a\u0443\u0440\u0441\u0438\u0438 \u043d\u0430 \u043b\u0443\u0447\u0448\u0438\u0445 \u043a\u0443\u0440\u043e\u0440\u0442\u0430\u0445 \u043c\u0438\u0440\u0430\",\"publisher\":{\"@id\":\"https:\\\/\\\/skyline-gs.com\\\/it\\\/#organization\"},\"alternateName\":\"Skyline\",\"potentialAction\":[{\"@type\":\"SearchAction\",\"target\":{\"@type\":\"EntryPoint\",\"urlTemplate\":\"https:\\\/\\\/skyline-gs.com\\\/it\\\/?s={search_term_string}\"},\"query-input\":{\"@type\":\"PropertyValueSpecification\",\"valueRequired\":true,\"valueName\":\"search_term_string\"}}],\"inLanguage\":\"hu\"},{\"@type\":\"Organization\",\"@id\":\"https:\\\/\\\/skyline-gs.com\\\/it\\\/#organization\",\"name\":\"\u042d\u043a\u0441\u043a\u0443\u0440\u0441\u0438\u0438 Skyline\",\"alternateName\":\"\u042d\u043a\u0441\u043a\u0443\u0440\u0441\u0438\u0438 Skyline\",\"url\":\"https:\\\/\\\/skyline-gs.com\\\/it\\\/\",\"logo\":{\"@type\":\"ImageObject\",\"inLanguage\":\"hu\",\"@id\":\"https:\\\/\\\/skyline-gs.com\\\/it\\\/#\\\/schema\\\/logo\\\/image\\\/\",\"url\":\"https:\\\/\\\/skyline-gs.com\\\/wp-content\\\/uploads\\\/2020\\\/12\\\/cropped-logo-2.png\",\"contentUrl\":\"https:\\\/\\\/skyline-gs.com\\\/wp-content\\\/uploads\\\/2020\\\/12\\\/cropped-logo-2.png\",\"width\":512,\"height\":512,\"caption\":\"\u042d\u043a\u0441\u043a\u0443\u0440\u0441\u0438\u0438 Skyline\"},\"image\":{\"@id\":\"https:\\\/\\\/skyline-gs.com\\\/it\\\/#\\\/schema\\\/logo\\\/image\\\/\"},\"sameAs\":[\"https:\\\/\\\/www.instagram.com\\\/skylineglobalservice\\\/\"]}]}<\/script>\n<!-- \/ Yoast SEO plugin. -->","yoast_head_json":{"title":"\u041a\u0430\u043f\u043f\u0430\u0434\u043e\u043a\u0438\u044f \u0438\u0437 \u0410\u043d\u0442\u0430\u043b\u0438\u0438 &#8226; \u042d\u043a\u0441\u043a\u0443\u0440\u0441\u0438\u0438 Skyline","description":"K\u00e9t intenz\u00edv nap szokatlan t\u00e1jak \u00e9s \u0151si sziklav\u00e1rosok k\u00f6z\u00f6tt. Kappad\u00f3kia egy olyan r\u00e9gi\u00f3, ahol a term\u00e9szet \u00e9s a t\u00f6rt\u00e9nelem egyed\u00fcl\u00e1ll\u00f3 hangulatot teremtett.","robots":{"index":"index","follow":"follow","max-snippet":"max-snippet:-1","max-image-preview":"max-image-preview:large","max-video-preview":"max-video-preview:-1"},"canonical":"https:\/\/skyline-gs.com\/hu\/termek\/cappadocia-2-days-antalya\/","og_locale":"hu_HU","og_type":"article","og_title":"\u041a\u0430\u043f\u043f\u0430\u0434\u043e\u043a\u0438\u044f \u0438\u0437 \u0410\u043d\u0442\u0430\u043b\u0438\u0438 &#8226; \u042d\u043a\u0441\u043a\u0443\u0440\u0441\u0438\u0438 Skyline","og_description":"\u0414\u0432\u0430 \u043d\u0430\u0441\u044b\u0449\u0435\u043d\u043d\u044b\u0445 \u0434\u043d\u044f \u0441\u0440\u0435\u0434\u0438 \u043d\u0435\u043e\u0431\u044b\u0447\u043d\u044b\u0445 \u043f\u0435\u0439\u0437\u0430\u0436\u0435\u0439 \u0438 \u0434\u0440\u0435\u0432\u043d\u0438\u0445 \u0441\u043a\u0430\u043b\u044c\u043d\u044b\u0445 \u0433\u043e\u0440\u043e\u0434\u043e\u0432. \u041a\u0430\u043f\u043f\u0430\u0434\u043e\u043a\u0438\u044f \u2014 \u0440\u0435\u0433\u0438\u043e\u043d, \u0433\u0434\u0435 \u043f\u0440\u0438\u0440\u043e\u0434\u0430 \u0438 \u0438\u0441\u0442\u043e\u0440\u0438\u044f \u0441\u043e\u0437\u0434\u0430\u043b\u0438 \u043d\u0435\u043f\u043e\u0432\u0442\u043e\u0440\u0438\u043c\u0443\u044e \u0430\u0442\u043c\u043e\u0441\u0444\u0435\u0440\u0443.","og_url":"https:\/\/skyline-gs.com\/hu\/termek\/cappadocia-2-days-antalya\/","og_site_name":"\u042d\u043a\u0441\u043a\u0443\u0440\u0441\u0438\u0438 Skyline","article_modified_time":"2025-07-10T21:22:06+00:00","og_image":[{"width":669,"height":446,"url":"https:\/\/skyline-gs.com\/wp-content\/uploads\/2023\/07\/4-2.png","type":"image\/png"}],"twitter_card":"summary_large_image","twitter_misc":{"Becs\u00fclt olvas\u00e1si id\u0151":"2 perc"},"schema":{"@context":"https:\/\/schema.org","@graph":[{"@type":"WebPage","@id":"https:\/\/skyline-gs.com\/cs\/produkt\/cappadocia-2-days-antalya\/","url":"https:\/\/skyline-gs.com\/cs\/produkt\/cappadocia-2-days-antalya\/","name":"\u041a\u0430\u043f\u043f\u0430\u0434\u043e\u043a\u0438\u044f \u0438\u0437 \u0410\u043d\u0442\u0430\u043b\u0438\u0438 &#8226; \u042d\u043a\u0441\u043a\u0443\u0440\u0441\u0438\u0438 Skyline","isPartOf":{"@id":"https:\/\/skyline-gs.com\/it\/#website"},"primaryImageOfPage":{"@id":"https:\/\/skyline-gs.com\/cs\/produkt\/cappadocia-2-days-antalya\/#primaryimage"},"image":{"@id":"https:\/\/skyline-gs.com\/cs\/produkt\/cappadocia-2-days-antalya\/#primaryimage"},"thumbnailUrl":"https:\/\/skyline-gs.com\/wp-content\/uploads\/2023\/07\/4-2.png","datePublished":"2025-07-10T21:09:57+00:00","dateModified":"2025-07-10T21:22:06+00:00","description":"K\u00e9t intenz\u00edv nap szokatlan t\u00e1jak \u00e9s \u0151si sziklav\u00e1rosok k\u00f6z\u00f6tt. Kappad\u00f3kia egy olyan r\u00e9gi\u00f3, ahol a term\u00e9szet \u00e9s a t\u00f6rt\u00e9nelem egyed\u00fcl\u00e1ll\u00f3 hangulatot teremtett.","breadcrumb":{"@id":"https:\/\/skyline-gs.com\/cs\/produkt\/cappadocia-2-days-antalya\/#breadcrumb"},"inLanguage":"hu","potentialAction":[{"@type":"ReadAction","target":["https:\/\/skyline-gs.com\/cs\/produkt\/cappadocia-2-days-antalya\/"]}]},{"@type":"ImageObject","inLanguage":"hu","@id":"https:\/\/skyline-gs.com\/cs\/produkt\/cappadocia-2-days-antalya\/#primaryimage","url":"https:\/\/skyline-gs.com\/wp-content\/uploads\/2023\/07\/4-2.png","contentUrl":"https:\/\/skyline-gs.com\/wp-content\/uploads\/2023\/07\/4-2.png","width":669,"height":446},{"@type":"BreadcrumbList","@id":"https:\/\/skyline-gs.com\/cs\/produkt\/cappadocia-2-days-antalya\/#breadcrumb","itemListElement":[{"@type":"ListItem","position":1,"name":"\u0413\u043b\u0430\u0432\u043d\u0430\u044f \u0441\u0442\u0440\u0430\u043d\u0438\u0446\u0430","item":"https:\/\/skyline-gs.com\/hu\/"},{"@type":"ListItem","position":2,"name":"\u041c\u0430\u0433\u0430\u0437\u0438\u043d","item":"https:\/\/skyline-gs.com\/cs\/shop\/"},{"@type":"ListItem","position":3,"name":"\u041a\u0430\u043f\u043f\u0430\u0434\u043e\u043a\u0438\u044f 2 \u0434\u043d\u044f"}]},{"@type":"WebSite","@id":"https:\/\/skyline-gs.com\/it\/#website","url":"https:\/\/skyline-gs.com\/it\/","name":"Skyline T\u00far\u00e1k","description":"Exkluz\u00edv kir\u00e1ndul\u00e1sok a vil\u00e1g legjobb \u00fcd\u00fcl\u0151helyein","publisher":{"@id":"https:\/\/skyline-gs.com\/it\/#organization"},"alternateName":"Skyline","potentialAction":[{"@type":"SearchAction","target":{"@type":"EntryPoint","urlTemplate":"https:\/\/skyline-gs.com\/it\/?s={search_term_string}"},"query-input":{"@type":"PropertyValueSpecification","valueRequired":true,"valueName":"search_term_string"}}],"inLanguage":"hu"},{"@type":"Organization","@id":"https:\/\/skyline-gs.com\/it\/#organization","name":"Skyline T\u00far\u00e1k","alternateName":"\u042d\u043a\u0441\u043a\u0443\u0440\u0441\u0438\u0438 Skyline","url":"https:\/\/skyline-gs.com\/it\/","logo":{"@type":"ImageObject","inLanguage":"hu","@id":"https:\/\/skyline-gs.com\/it\/#\/schema\/logo\/image\/","url":"https:\/\/skyline-gs.com\/wp-content\/uploads\/2020\/12\/cropped-logo-2.png","contentUrl":"https:\/\/skyline-gs.com\/wp-content\/uploads\/2020\/12\/cropped-logo-2.png","width":512,"height":512,"caption":"\u042d\u043a\u0441\u043a\u0443\u0440\u0441\u0438\u0438 Skyline"},"image":{"@id":"https:\/\/skyline-gs.com\/it\/#\/schema\/logo\/image\/"},"sameAs":["https:\/\/www.instagram.com\/skylineglobalservice\/"]}]}},"_links":{"self":[{"href":"https:\/\/skyline-gs.com\/hu\/wp-json\/wp\/v2\/product\/64704","targetHints":{"allow":["GET"]}}],"collection":[{"href":"https:\/\/skyline-gs.com\/hu\/wp-json\/wp\/v2\/product"}],"about":[{"href":"https:\/\/skyline-gs.com\/hu\/wp-json\/wp\/v2\/types\/product"}],"version-history":[{"count":0,"href":"https:\/\/skyline-gs.com\/hu\/wp-json\/wp\/v2\/product\/64704\/revisions"}],"wp:featuredmedia":[{"embeddable":true,"href":"https:\/\/skyline-gs.com\/hu\/wp-json\/wp\/v2\/media\/42502"}],"wp:attachment":[{"href":"https:\/\/skyline-gs.com\/hu\/wp-json\/wp\/v2\/media?parent=64704"}],"wp:term":[{"taxonomy":"product_brand","embeddable":true,"href":"https:\/\/skyline-gs.com\/hu\/wp-json\/wp\/v2\/product_brand?post=64704"},{"taxonomy":"product_cat","embeddable":true,"href":"https:\/\/skyline-gs.com\/hu\/wp-json\/wp\/v2\/product_cat?post=64704"},{"taxonomy":"product_tag","embeddable":true,"href":"https:\/\/skyline-gs.com\/hu\/wp-json\/wp\/v2\/product_tag?post=64704"}],"curies":[{"name":"wp","href":"https:\/\/api.w.org\/{rel}","templated":true}]}}