{"id":64698,"date":"2025-07-10T22:50:24","date_gmt":"2025-07-10T20:50:24","guid":{"rendered":"http:\/\/skyline-gs.com\/?post_type=product&#038;p=64698"},"modified":"2025-07-10T22:53:35","modified_gmt":"2025-07-10T20:53:35","slug":"suluada-sunset-antalya","status":"publish","type":"product","link":"https:\/\/skyline-gs.com\/hu\/product\/suluada-sunset-antalya\/","title":{"rendered":"Naplemente a Suluada-szigeten"},"content":{"rendered":"<p>Hihetetlen naplemente T\u00f6r\u00f6korsz\u00e1g egyik legfest\u0151ibb sziget\u00e9n! \u00c9lvezze a haj\u00f3kir\u00e1ndul\u00e1st, a t\u00fcrkizk\u00e9k \u00f6bl\u00f6kben val\u00f3 f\u00fcrd\u0151z\u00e9st \u00e9s az esti t\u00e1jat a Suluada-sziget h\u00e1tter\u00e9ben - felejthetetlen \u00e9lm\u00e9ny \u00e9s gy\u00f6ny\u00f6r\u0171 fot\u00f3k, amelyekre eml\u00e9kezni fog.<\/p>\n<p><strong>14:00 - Kijelentkez\u00e9s a sz\u00e1llod\u00e1b\u00f3l. <\/strong>Transzfer Antaiya sz\u00e1llod\u00e1b\u00f3l Adrasan kik\u00f6t\u0151j\u00e9be<\/p>\n<ul>\n<li>Haj\u00f3kir\u00e1ndul\u00e1s a sziget ment\u00e9n <strong>Suluada<\/strong><\/li>\n<li><strong>K\u00e9t meg\u00e1ll\u00f3 az \u00fasz\u00e1shoz<\/strong> eldugott \u00f6bl\u00f6kben<\/li>\n<li><strong>Eb\u00e9d a fed\u00e9lzeten<\/strong> (hal vagy csirke, t\u00e9szta, sal\u00e1ta)<\/li>\n<li>Tal\u00e1n az egyik ilyen tal\u00e1lkoz\u00f3 <strong>a legszebb<\/strong> naplement\u00e9k az \u00e9letben<\/li>\n<li>Visszat\u00e9r\u00e9s a kik\u00f6t\u0151be \u00e9s transzfer a sz\u00e1llod\u00e1ba.<\/li>\n<\/ul>\n<p><strong>00:00 - Visszat\u00e9r\u00e9s a sz\u00e1llod\u00e1ba.<\/strong><\/p>\n<p><strong>Tartalmazza:<\/strong><\/p>\n<ul>\n<li>Transzfer a sz\u00e1llod\u00e1b\u00f3l \u00e9s vissza<\/li>\n<li>Magyarul besz\u00e9l\u0151 idegenvezet\u0151<\/li>\n<li>Eb\u00e9d<\/li>\n<li>Biztos\u00edt\u00e1s<\/li>\n<li>Haj\u00f3s kir\u00e1ndul\u00e1s<\/li>\n<\/ul>\n<p><strong>Nem tartalmazza:<\/strong><\/p>\n<ul>\n<li>Italok<\/li>\n<\/ul>\n<p><strong>Vigy\u00e9l magaddal:<\/strong><\/p>\n<ul>\n<li>F\u00fcrd\u0151ruha \u00e9s t\u00f6r\u00f6lk\u00f6z\u0151<\/li>\n<li>Fejd\u00edsz<\/li>\n<li>Naptej \u00e9s napszem\u00fcveg<\/li>\n<li>K\u00e9szp\u00e9nz szem\u00e9lyes kiad\u00e1sokra<\/li>\n<\/ul>","protected":false},"excerpt":{"rendered":"<p><strong>Kir\u00e1ndul\u00e1s Id\u0151pontja:<\/strong> 14:00 - 00:00<\/p>\n<p><strong>A Kir\u00e1ndul\u00e1s Napjai:<\/strong> Minden nap<\/p>","protected":false},"featured_media":64292,"template":"","meta":{"_kad_post_transparent":"default","_kad_post_title":"","_kad_post_layout":"default","_kad_post_sidebar_id":"","_kad_post_content_style":"default","_kad_post_vertical_padding":"default","_kad_post_feature":"","_kad_post_feature_position":"","_kad_post_header":false,"_kad_post_footer":false,"_kad_post_classname":"","_glsr_average":0,"_glsr_ranking":0,"_glsr_reviews":0},"product_brand":[],"product_cat":[450],"product_tag":[],"class_list":{"0":"post-64698","1":"product","2":"type-product","3":"status-publish","4":"has-post-thumbnail","6":"product_cat-antalya","7":"tm-has-options","9":"first","10":"instock","11":"sold-individually","12":"taxable","13":"shipping-taxable","14":"purchasable","15":"product-type-simple","16":"entry","17":"content-bg","18":"loop-entry"},"yoast_head":"<!-- This site is optimized with the Yoast SEO plugin v27.3 - https:\/\/yoast.com\/product\/yoast-seo-wordpress\/ -->\n<title>\u0417\u0430\u043a\u0430\u0442 \u043d\u0430 \u043e\u0441\u0442\u0440\u043e\u0432\u0435 \u0421\u0443\u043b\u0443\u0430\u0434\u0430 \u0438\u0437 \u0410\u043d\u0442\u0430\u043b\u0438\u0438 &#8226; \u042d\u043a\u0441\u043a\u0443\u0440\u0441\u0438\u0438 Skyline<\/title>\n<meta name=\"description\" content=\"\u041d\u0435\u0432\u0435\u0440\u043e\u044f\u0442\u043d\u044b\u0439 \u0437\u0430\u043a\u0430\u0442 \u043d\u0430 \u043e\u0434\u043d\u043e\u043c \u0438\u0437 \u0441\u0430\u043c\u044b\u0445 \u0436\u0438\u0432\u043e\u043f\u0438\u0441\u043d\u044b\u0445 \u043e\u0441\u0442\u0440\u043e\u0432\u043e\u0432 \u0422\u0443\u0440\u0446\u0438\u0438! \u041d\u0430\u0441\u043b\u0430\u0434\u0438\u0442\u0435\u0441\u044c \u0432\u0435\u0447\u0435\u0440\u043d\u0438\u043c \u043f\u0435\u0439\u0437\u0430\u0436\u0435\u043c \u043d\u0430 \u0444\u043e\u043d\u0435 \u043e\u0441\u0442\u0440\u043e\u0432\u0430 \u0421\u0443\u043b\u0443\u0430\u0434\u0430 \u0438 \u043c\u043e\u0440\u0441\u043a\u043e\u0439 \u043f\u0440\u043e\u0433\u0443\u043b\u043a\u043e\u0439.\" \/>\n<meta name=\"robots\" content=\"index, follow, max-snippet:-1, max-image-preview:large, max-video-preview:-1\" \/>\n<link rel=\"canonical\" href=\"https:\/\/skyline-gs.com\/hu\/termek\/suluada-sunset-antalya\/\" \/>\n<meta property=\"og:locale\" content=\"hu_HU\" \/>\n<meta property=\"og:type\" content=\"article\" \/>\n<meta property=\"og:title\" content=\"\u0417\u0430\u043a\u0430\u0442 \u043d\u0430 \u043e\u0441\u0442\u0440\u043e\u0432\u0435 \u0421\u0443\u043b\u0443\u0430\u0434\u0430 \u0438\u0437 \u0410\u043d\u0442\u0430\u043b\u0438\u0438 &#8226; \u042d\u043a\u0441\u043a\u0443\u0440\u0441\u0438\u0438 Skyline\" \/>\n<meta property=\"og:description\" content=\"\u041d\u0435\u0432\u0435\u0440\u043e\u044f\u0442\u043d\u044b\u0439 \u0437\u0430\u043a\u0430\u0442 \u043d\u0430 \u043e\u0434\u043d\u043e\u043c \u0438\u0437 \u0441\u0430\u043c\u044b\u0445 \u0436\u0438\u0432\u043e\u043f\u0438\u0441\u043d\u044b\u0445 \u043e\u0441\u0442\u0440\u043e\u0432\u043e\u0432 \u0422\u0443\u0440\u0446\u0438\u0438! \u041d\u0430\u0441\u043b\u0430\u0434\u0438\u0442\u0435\u0441\u044c \u0432\u0435\u0447\u0435\u0440\u043d\u0438\u043c \u043f\u0435\u0439\u0437\u0430\u0436\u0435\u043c \u043d\u0430 \u0444\u043e\u043d\u0435 \u043e\u0441\u0442\u0440\u043e\u0432\u0430 \u0421\u0443\u043b\u0443\u0430\u0434\u0430 \u0438 \u043c\u043e\u0440\u0441\u043a\u043e\u0439 \u043f\u0440\u043e\u0433\u0443\u043b\u043a\u043e\u0439.\" \/>\n<meta property=\"og:url\" content=\"https:\/\/skyline-gs.com\/hu\/termek\/suluada-sunset-antalya\/\" \/>\n<meta property=\"og:site_name\" content=\"\u042d\u043a\u0441\u043a\u0443\u0440\u0441\u0438\u0438 Skyline\" \/>\n<meta property=\"article:modified_time\" content=\"2025-07-10T20:53:35+00:00\" \/>\n<meta property=\"og:image\" content=\"https:\/\/skyline-gs.com\/wp-content\/uploads\/2025\/06\/\u041e\u0441\u0442\u0440\u043e\u0432-\u0421\u0443\u043b\u0443\u0430\u0434\u0430-15.jpg\" \/>\n\t<meta property=\"og:image:width\" content=\"669\" \/>\n\t<meta property=\"og:image:height\" content=\"446\" \/>\n\t<meta property=\"og:image:type\" content=\"image\/jpeg\" \/>\n<meta name=\"twitter:card\" content=\"summary_large_image\" \/>\n<meta name=\"twitter:label1\" content=\"Becs\u00fclt olvas\u00e1si id\u0151\" \/>\n\t<meta name=\"twitter:data1\" content=\"1 perc\" \/>\n<script type=\"application\/ld+json\" class=\"yoast-schema-graph\">{\"@context\":\"https:\\\/\\\/schema.org\",\"@graph\":[{\"@type\":\"WebPage\",\"@id\":\"https:\\\/\\\/skyline-gs.com\\\/fr\\\/produit\\\/suluada-sunset-antalya\\\/\",\"url\":\"https:\\\/\\\/skyline-gs.com\\\/fr\\\/produit\\\/suluada-sunset-antalya\\\/\",\"name\":\"\u0417\u0430\u043a\u0430\u0442 \u043d\u0430 \u043e\u0441\u0442\u0440\u043e\u0432\u0435 \u0421\u0443\u043b\u0443\u0430\u0434\u0430 \u0438\u0437 \u0410\u043d\u0442\u0430\u043b\u0438\u0438 &#8226; \u042d\u043a\u0441\u043a\u0443\u0440\u0441\u0438\u0438 Skyline\",\"isPartOf\":{\"@id\":\"https:\\\/\\\/skyline-gs.com\\\/it\\\/#website\"},\"primaryImageOfPage\":{\"@id\":\"https:\\\/\\\/skyline-gs.com\\\/fr\\\/produit\\\/suluada-sunset-antalya\\\/#primaryimage\"},\"image\":{\"@id\":\"https:\\\/\\\/skyline-gs.com\\\/fr\\\/produit\\\/suluada-sunset-antalya\\\/#primaryimage\"},\"thumbnailUrl\":\"https:\\\/\\\/skyline-gs.com\\\/wp-content\\\/uploads\\\/2025\\\/06\\\/\u041e\u0441\u0442\u0440\u043e\u0432-\u0421\u0443\u043b\u0443\u0430\u0434\u0430-15.jpg\",\"datePublished\":\"2025-07-10T20:50:24+00:00\",\"dateModified\":\"2025-07-10T20:53:35+00:00\",\"description\":\"\u041d\u0435\u0432\u0435\u0440\u043e\u044f\u0442\u043d\u044b\u0439 \u0437\u0430\u043a\u0430\u0442 \u043d\u0430 \u043e\u0434\u043d\u043e\u043c \u0438\u0437 \u0441\u0430\u043c\u044b\u0445 \u0436\u0438\u0432\u043e\u043f\u0438\u0441\u043d\u044b\u0445 \u043e\u0441\u0442\u0440\u043e\u0432\u043e\u0432 \u0422\u0443\u0440\u0446\u0438\u0438! \u041d\u0430\u0441\u043b\u0430\u0434\u0438\u0442\u0435\u0441\u044c \u0432\u0435\u0447\u0435\u0440\u043d\u0438\u043c \u043f\u0435\u0439\u0437\u0430\u0436\u0435\u043c \u043d\u0430 \u0444\u043e\u043d\u0435 \u043e\u0441\u0442\u0440\u043e\u0432\u0430 \u0421\u0443\u043b\u0443\u0430\u0434\u0430 \u0438 \u043c\u043e\u0440\u0441\u043a\u043e\u0439 \u043f\u0440\u043e\u0433\u0443\u043b\u043a\u043e\u0439.\",\"breadcrumb\":{\"@id\":\"https:\\\/\\\/skyline-gs.com\\\/fr\\\/produit\\\/suluada-sunset-antalya\\\/#breadcrumb\"},\"inLanguage\":\"hu\",\"potentialAction\":[{\"@type\":\"ReadAction\",\"target\":[\"https:\\\/\\\/skyline-gs.com\\\/fr\\\/produit\\\/suluada-sunset-antalya\\\/\"]}]},{\"@type\":\"ImageObject\",\"inLanguage\":\"hu\",\"@id\":\"https:\\\/\\\/skyline-gs.com\\\/fr\\\/produit\\\/suluada-sunset-antalya\\\/#primaryimage\",\"url\":\"https:\\\/\\\/skyline-gs.com\\\/wp-content\\\/uploads\\\/2025\\\/06\\\/\u041e\u0441\u0442\u0440\u043e\u0432-\u0421\u0443\u043b\u0443\u0430\u0434\u0430-15.jpg\",\"contentUrl\":\"https:\\\/\\\/skyline-gs.com\\\/wp-content\\\/uploads\\\/2025\\\/06\\\/\u041e\u0441\u0442\u0440\u043e\u0432-\u0421\u0443\u043b\u0443\u0430\u0434\u0430-15.jpg\",\"width\":669,\"height\":446},{\"@type\":\"BreadcrumbList\",\"@id\":\"https:\\\/\\\/skyline-gs.com\\\/fr\\\/produit\\\/suluada-sunset-antalya\\\/#breadcrumb\",\"itemListElement\":[{\"@type\":\"ListItem\",\"position\":1,\"name\":\"\u0413\u043b\u0430\u0432\u043d\u0430\u044f \u0441\u0442\u0440\u0430\u043d\u0438\u0446\u0430\",\"item\":\"https:\\\/\\\/skyline-gs.com\\\/hu\\\/\"},{\"@type\":\"ListItem\",\"position\":2,\"name\":\"\u041c\u0430\u0433\u0430\u0437\u0438\u043d\",\"item\":\"https:\\\/\\\/skyline-gs.com\\\/cs\\\/shop\\\/\"},{\"@type\":\"ListItem\",\"position\":3,\"name\":\"\u0417\u0430\u043a\u0430\u0442 \u043d\u0430 \u043e\u0441\u0442\u0440\u043e\u0432\u0435 \u0421\u0443\u043b\u0443\u0430\u0434\u0430\"}]},{\"@type\":\"WebSite\",\"@id\":\"https:\\\/\\\/skyline-gs.com\\\/it\\\/#website\",\"url\":\"https:\\\/\\\/skyline-gs.com\\\/it\\\/\",\"name\":\"\u042d\u043a\u0441\u043a\u0443\u0440\u0441\u0438\u0438 Skyline\",\"description\":\"\u042d\u043a\u0441\u043a\u043b\u044e\u0437\u0438\u0432\u043d\u044b\u0435 \u044d\u043a\u0441\u043a\u0443\u0440\u0441\u0438\u0438 \u043d\u0430 \u043b\u0443\u0447\u0448\u0438\u0445 \u043a\u0443\u0440\u043e\u0440\u0442\u0430\u0445 \u043c\u0438\u0440\u0430\",\"publisher\":{\"@id\":\"https:\\\/\\\/skyline-gs.com\\\/it\\\/#organization\"},\"alternateName\":\"Skyline\",\"potentialAction\":[{\"@type\":\"SearchAction\",\"target\":{\"@type\":\"EntryPoint\",\"urlTemplate\":\"https:\\\/\\\/skyline-gs.com\\\/it\\\/?s={search_term_string}\"},\"query-input\":{\"@type\":\"PropertyValueSpecification\",\"valueRequired\":true,\"valueName\":\"search_term_string\"}}],\"inLanguage\":\"hu\"},{\"@type\":\"Organization\",\"@id\":\"https:\\\/\\\/skyline-gs.com\\\/it\\\/#organization\",\"name\":\"\u042d\u043a\u0441\u043a\u0443\u0440\u0441\u0438\u0438 Skyline\",\"alternateName\":\"\u042d\u043a\u0441\u043a\u0443\u0440\u0441\u0438\u0438 Skyline\",\"url\":\"https:\\\/\\\/skyline-gs.com\\\/it\\\/\",\"logo\":{\"@type\":\"ImageObject\",\"inLanguage\":\"hu\",\"@id\":\"https:\\\/\\\/skyline-gs.com\\\/it\\\/#\\\/schema\\\/logo\\\/image\\\/\",\"url\":\"https:\\\/\\\/skyline-gs.com\\\/wp-content\\\/uploads\\\/2020\\\/12\\\/cropped-logo-2.png\",\"contentUrl\":\"https:\\\/\\\/skyline-gs.com\\\/wp-content\\\/uploads\\\/2020\\\/12\\\/cropped-logo-2.png\",\"width\":512,\"height\":512,\"caption\":\"\u042d\u043a\u0441\u043a\u0443\u0440\u0441\u0438\u0438 Skyline\"},\"image\":{\"@id\":\"https:\\\/\\\/skyline-gs.com\\\/it\\\/#\\\/schema\\\/logo\\\/image\\\/\"},\"sameAs\":[\"https:\\\/\\\/www.instagram.com\\\/skylineglobalservice\\\/\"]}]}<\/script>\n<!-- \/ Yoast SEO plugin. -->","yoast_head_json":{"title":"\u0417\u0430\u043a\u0430\u0442 \u043d\u0430 \u043e\u0441\u0442\u0440\u043e\u0432\u0435 \u0421\u0443\u043b\u0443\u0430\u0434\u0430 \u0438\u0437 \u0410\u043d\u0442\u0430\u043b\u0438\u0438 &#8226; \u042d\u043a\u0441\u043a\u0443\u0440\u0441\u0438\u0438 Skyline","description":"Hihetetlen naplemente T\u00f6r\u00f6korsz\u00e1g egyik legfest\u0151ibb sziget\u00e9n! \u00c9lvezze az esti t\u00e1jat a Suluada-sziget h\u00e1tter\u00e9vel \u00e9s egy haj\u00f3kir\u00e1ndul\u00e1ssal.","robots":{"index":"index","follow":"follow","max-snippet":"max-snippet:-1","max-image-preview":"max-image-preview:large","max-video-preview":"max-video-preview:-1"},"canonical":"https:\/\/skyline-gs.com\/hu\/termek\/suluada-sunset-antalya\/","og_locale":"hu_HU","og_type":"article","og_title":"\u0417\u0430\u043a\u0430\u0442 \u043d\u0430 \u043e\u0441\u0442\u0440\u043e\u0432\u0435 \u0421\u0443\u043b\u0443\u0430\u0434\u0430 \u0438\u0437 \u0410\u043d\u0442\u0430\u043b\u0438\u0438 &#8226; \u042d\u043a\u0441\u043a\u0443\u0440\u0441\u0438\u0438 Skyline","og_description":"\u041d\u0435\u0432\u0435\u0440\u043e\u044f\u0442\u043d\u044b\u0439 \u0437\u0430\u043a\u0430\u0442 \u043d\u0430 \u043e\u0434\u043d\u043e\u043c \u0438\u0437 \u0441\u0430\u043c\u044b\u0445 \u0436\u0438\u0432\u043e\u043f\u0438\u0441\u043d\u044b\u0445 \u043e\u0441\u0442\u0440\u043e\u0432\u043e\u0432 \u0422\u0443\u0440\u0446\u0438\u0438! \u041d\u0430\u0441\u043b\u0430\u0434\u0438\u0442\u0435\u0441\u044c \u0432\u0435\u0447\u0435\u0440\u043d\u0438\u043c \u043f\u0435\u0439\u0437\u0430\u0436\u0435\u043c \u043d\u0430 \u0444\u043e\u043d\u0435 \u043e\u0441\u0442\u0440\u043e\u0432\u0430 \u0421\u0443\u043b\u0443\u0430\u0434\u0430 \u0438 \u043c\u043e\u0440\u0441\u043a\u043e\u0439 \u043f\u0440\u043e\u0433\u0443\u043b\u043a\u043e\u0439.","og_url":"https:\/\/skyline-gs.com\/hu\/termek\/suluada-sunset-antalya\/","og_site_name":"\u042d\u043a\u0441\u043a\u0443\u0440\u0441\u0438\u0438 Skyline","article_modified_time":"2025-07-10T20:53:35+00:00","og_image":[{"width":669,"height":446,"url":"https:\/\/skyline-gs.com\/wp-content\/uploads\/2025\/06\/\u041e\u0441\u0442\u0440\u043e\u0432-\u0421\u0443\u043b\u0443\u0430\u0434\u0430-15.jpg","type":"image\/jpeg"}],"twitter_card":"summary_large_image","twitter_misc":{"Becs\u00fclt olvas\u00e1si id\u0151":"1 perc"},"schema":{"@context":"https:\/\/schema.org","@graph":[{"@type":"WebPage","@id":"https:\/\/skyline-gs.com\/fr\/produit\/suluada-sunset-antalya\/","url":"https:\/\/skyline-gs.com\/fr\/produit\/suluada-sunset-antalya\/","name":"\u0417\u0430\u043a\u0430\u0442 \u043d\u0430 \u043e\u0441\u0442\u0440\u043e\u0432\u0435 \u0421\u0443\u043b\u0443\u0430\u0434\u0430 \u0438\u0437 \u0410\u043d\u0442\u0430\u043b\u0438\u0438 &#8226; \u042d\u043a\u0441\u043a\u0443\u0440\u0441\u0438\u0438 Skyline","isPartOf":{"@id":"https:\/\/skyline-gs.com\/it\/#website"},"primaryImageOfPage":{"@id":"https:\/\/skyline-gs.com\/fr\/produit\/suluada-sunset-antalya\/#primaryimage"},"image":{"@id":"https:\/\/skyline-gs.com\/fr\/produit\/suluada-sunset-antalya\/#primaryimage"},"thumbnailUrl":"https:\/\/skyline-gs.com\/wp-content\/uploads\/2025\/06\/\u041e\u0441\u0442\u0440\u043e\u0432-\u0421\u0443\u043b\u0443\u0430\u0434\u0430-15.jpg","datePublished":"2025-07-10T20:50:24+00:00","dateModified":"2025-07-10T20:53:35+00:00","description":"Hihetetlen naplemente T\u00f6r\u00f6korsz\u00e1g egyik legfest\u0151ibb sziget\u00e9n! \u00c9lvezze az esti t\u00e1jat a Suluada-sziget h\u00e1tter\u00e9vel \u00e9s egy haj\u00f3kir\u00e1ndul\u00e1ssal.","breadcrumb":{"@id":"https:\/\/skyline-gs.com\/fr\/produit\/suluada-sunset-antalya\/#breadcrumb"},"inLanguage":"hu","potentialAction":[{"@type":"ReadAction","target":["https:\/\/skyline-gs.com\/fr\/produit\/suluada-sunset-antalya\/"]}]},{"@type":"ImageObject","inLanguage":"hu","@id":"https:\/\/skyline-gs.com\/fr\/produit\/suluada-sunset-antalya\/#primaryimage","url":"https:\/\/skyline-gs.com\/wp-content\/uploads\/2025\/06\/\u041e\u0441\u0442\u0440\u043e\u0432-\u0421\u0443\u043b\u0443\u0430\u0434\u0430-15.jpg","contentUrl":"https:\/\/skyline-gs.com\/wp-content\/uploads\/2025\/06\/\u041e\u0441\u0442\u0440\u043e\u0432-\u0421\u0443\u043b\u0443\u0430\u0434\u0430-15.jpg","width":669,"height":446},{"@type":"BreadcrumbList","@id":"https:\/\/skyline-gs.com\/fr\/produit\/suluada-sunset-antalya\/#breadcrumb","itemListElement":[{"@type":"ListItem","position":1,"name":"\u0413\u043b\u0430\u0432\u043d\u0430\u044f \u0441\u0442\u0440\u0430\u043d\u0438\u0446\u0430","item":"https:\/\/skyline-gs.com\/hu\/"},{"@type":"ListItem","position":2,"name":"\u041c\u0430\u0433\u0430\u0437\u0438\u043d","item":"https:\/\/skyline-gs.com\/cs\/shop\/"},{"@type":"ListItem","position":3,"name":"\u0417\u0430\u043a\u0430\u0442 \u043d\u0430 \u043e\u0441\u0442\u0440\u043e\u0432\u0435 \u0421\u0443\u043b\u0443\u0430\u0434\u0430"}]},{"@type":"WebSite","@id":"https:\/\/skyline-gs.com\/it\/#website","url":"https:\/\/skyline-gs.com\/it\/","name":"Skyline T\u00far\u00e1k","description":"Exkluz\u00edv kir\u00e1ndul\u00e1sok a vil\u00e1g legjobb \u00fcd\u00fcl\u0151helyein","publisher":{"@id":"https:\/\/skyline-gs.com\/it\/#organization"},"alternateName":"Skyline","potentialAction":[{"@type":"SearchAction","target":{"@type":"EntryPoint","urlTemplate":"https:\/\/skyline-gs.com\/it\/?s={search_term_string}"},"query-input":{"@type":"PropertyValueSpecification","valueRequired":true,"valueName":"search_term_string"}}],"inLanguage":"hu"},{"@type":"Organization","@id":"https:\/\/skyline-gs.com\/it\/#organization","name":"Skyline T\u00far\u00e1k","alternateName":"\u042d\u043a\u0441\u043a\u0443\u0440\u0441\u0438\u0438 Skyline","url":"https:\/\/skyline-gs.com\/it\/","logo":{"@type":"ImageObject","inLanguage":"hu","@id":"https:\/\/skyline-gs.com\/it\/#\/schema\/logo\/image\/","url":"https:\/\/skyline-gs.com\/wp-content\/uploads\/2020\/12\/cropped-logo-2.png","contentUrl":"https:\/\/skyline-gs.com\/wp-content\/uploads\/2020\/12\/cropped-logo-2.png","width":512,"height":512,"caption":"\u042d\u043a\u0441\u043a\u0443\u0440\u0441\u0438\u0438 Skyline"},"image":{"@id":"https:\/\/skyline-gs.com\/it\/#\/schema\/logo\/image\/"},"sameAs":["https:\/\/www.instagram.com\/skylineglobalservice\/"]}]}},"_links":{"self":[{"href":"https:\/\/skyline-gs.com\/hu\/wp-json\/wp\/v2\/product\/64698","targetHints":{"allow":["GET"]}}],"collection":[{"href":"https:\/\/skyline-gs.com\/hu\/wp-json\/wp\/v2\/product"}],"about":[{"href":"https:\/\/skyline-gs.com\/hu\/wp-json\/wp\/v2\/types\/product"}],"version-history":[{"count":0,"href":"https:\/\/skyline-gs.com\/hu\/wp-json\/wp\/v2\/product\/64698\/revisions"}],"wp:featuredmedia":[{"embeddable":true,"href":"https:\/\/skyline-gs.com\/hu\/wp-json\/wp\/v2\/media\/64292"}],"wp:attachment":[{"href":"https:\/\/skyline-gs.com\/hu\/wp-json\/wp\/v2\/media?parent=64698"}],"wp:term":[{"taxonomy":"product_brand","embeddable":true,"href":"https:\/\/skyline-gs.com\/hu\/wp-json\/wp\/v2\/product_brand?post=64698"},{"taxonomy":"product_cat","embeddable":true,"href":"https:\/\/skyline-gs.com\/hu\/wp-json\/wp\/v2\/product_cat?post=64698"},{"taxonomy":"product_tag","embeddable":true,"href":"https:\/\/skyline-gs.com\/hu\/wp-json\/wp\/v2\/product_tag?post=64698"}],"curies":[{"name":"wp","href":"https:\/\/api.w.org\/{rel}","templated":true}]}}