{"id":64475,"date":"2025-06-20T01:38:43","date_gmt":"2025-06-19T23:38:43","guid":{"rendered":"http:\/\/skyline-gs.com\/?post_type=product&#038;p=64475"},"modified":"2025-10-21T21:29:25","modified_gmt":"2025-10-21T19:29:25","slug":"w-iceland-hurghada","status":"publish","type":"product","link":"https:\/\/skyline-gs.com\/hu\/product\/w-iceland-hurghada\/","title":{"rendered":"Feh\u00e9r sziget \u00e9s esti Hurghada"},"content":{"rendered":"<p>Egy r\u00f6vid haj\u00f3kir\u00e1ndul\u00e1s a fest\u0151i Feh\u00e9r-szigetre remek lehet\u0151s\u00e9g a pihen\u00e9sre, az \u00fasz\u00e1sra \u00e9s a V\u00f6r\u00f6s-tenger feletti naplement\u00e9re.<\/p>\n<p><strong>15:00 - Indul\u00e1s a sz\u00e1llod\u00e1b\u00f3l<\/strong>.<\/p>\n<ul>\n<li>\u00c9rkez\u00e9s a Marina Quay-hez \u00e9s felsz\u00e1ll\u00e1s egy \u00e1tl\u00e1tsz\u00f3fenek\u0171 haj\u00f3ra<\/li>\n<li>Haj\u00f3kir\u00e1ndul\u00e1s a Feh\u00e9r-szigetre<\/li>\n<li>Kb. 1 \u00f3ra a szigeten<\/li>\n<li>Visszat\u00e9r\u00e9s a kik\u00f6t\u0151be naplement\u00e9re<\/li>\n<\/ul>\n<p><strong>19:30 - Visszat\u00e9r\u00e9s a sz\u00e1llod\u00e1ba.<\/strong><\/p>\n<p><strong>Indul\u00e1s helye:<\/strong><\/p>\n<ul>\n<li>Tal\u00e1lkoz\u00e1s a hurghadai sz\u00e1lloda f\u0151bej\u00e1rat\u00e1n\u00e1l (a soromp\u00f3 k\u00f6zel\u00e9ben).<\/li>\n<\/ul>\n<p><strong>Tartalmazza:<\/strong><\/p>\n<ul>\n<li>Transzfer a sz\u00e1llod\u00e1b\u00f3l \u00e9s a sz\u00e1llod\u00e1ba<\/li>\n<li>Idegenvezet\u0151i szolg\u00e1ltat\u00e1sok<\/li>\n<li>Haj\u00f3s kir\u00e1ndul\u00e1s<\/li>\n<li>L\u00e1togat\u00e1s a Feh\u00e9r-szigetre<\/li>\n<\/ul>\n<p><strong>Nem tartalmazza:<\/strong><\/p>\n<ul>\n<li>Fot\u00f3-vide\u00f3 (opcion\u00e1lis)<\/li>\n<li>Fakultat\u00edv transzfer a v\u00e1roson k\u00edv\u00fcli sz\u00e1llod\u00e1kb\u00f3l:\u00a0<strong>El Gouna, Sahl Hasheesh \u00e9s Makadi<\/strong>\u00a0p\u00f3td\u00edj\u00a0<strong>+$10 az aut\u00f3hoz<\/strong>\u00a06 f\u0151ig.\u00a0<strong>Soma Bay \u00e9s Safaga<\/strong>\u00a0p\u00f3td\u00edj\u00a0<strong>+$20 az aut\u00f3hoz<\/strong>\u00a06 f\u0151ig.<\/li>\n<\/ul>\n<p><strong>Vigy\u00e9l magaddal:<\/strong><\/p>\n<ul>\n<li>V\u00edz<\/li>\n<li>F\u00fcrd\u0151ruha, t\u00f6r\u00f6lk\u00f6z\u0151<\/li>\n<li>Napszem\u00fcveg<\/li>\n<li>Fejd\u00edsz<\/li>\n<\/ul>","protected":false},"excerpt":{"rendered":"<p><strong>Kir\u00e1ndul\u00e1s Id\u0151pontja:<\/strong>\u00a015:00 - 19:30<\/p>\n<p><strong>A Kir\u00e1ndul\u00e1s Napjai:<\/strong>\u00a0kedd, szombat<\/p>","protected":false},"featured_media":64477,"template":"","meta":{"_kad_post_transparent":"default","_kad_post_title":"","_kad_post_layout":"default","_kad_post_sidebar_id":"","_kad_post_content_style":"default","_kad_post_vertical_padding":"default","_kad_post_feature":"","_kad_post_feature_position":"","_kad_post_header":false,"_kad_post_footer":false,"_kad_post_classname":"","_glsr_average":0,"_glsr_ranking":0,"_glsr_reviews":0},"product_brand":[],"product_cat":[479],"product_tag":[],"class_list":{"0":"post-64475","1":"product","2":"type-product","3":"status-publish","4":"has-post-thumbnail","6":"product_cat-hurghadatours","7":"tm-has-options","9":"first","10":"instock","11":"sold-individually","12":"taxable","13":"shipping-taxable","14":"purchasable","15":"product-type-simple","16":"entry","17":"content-bg","18":"loop-entry"},"yoast_head":"<!-- This site is optimized with the Yoast SEO plugin v27.3 - https:\/\/yoast.com\/product\/yoast-seo-wordpress\/ -->\n<title>\u0411\u0435\u043b\u044b\u0439 \u043e\u0441\u0442\u0440\u043e\u0432 \u0438 \u0432\u0435\u0447\u0435\u0440\u043d\u044f\u044f \u0425\u0443\u0440\u0433\u0430\u0434\u0430 &#8226; \u042d\u043a\u0441\u043a\u0443\u0440\u0441\u0438\u0438 Skyline<\/title>\n<meta name=\"description\" content=\"\u041a\u043e\u0440\u043e\u0442\u043a\u0430\u044f \u043c\u043e\u0440\u0441\u043a\u0430\u044f \u043f\u0440\u043e\u0433\u0443\u043b\u043a\u0430 \u043a \u0436\u0438\u0432\u043e\u043f\u0438\u0441\u043d\u043e\u043c\u0443 \u0411\u0435\u043b\u043e\u043c\u0443 \u043e\u0441\u0442\u0440\u043e\u0432\u0443 \u2014 \u043e\u0442\u043b\u0438\u0447\u043d\u0430\u044f \u0432\u043e\u0437\u043c\u043e\u0436\u043d\u043e\u0441\u0442\u044c \u0441\u043e\u0432\u043c\u0435\u0441\u0442\u0438\u0442\u044c \u043e\u0442\u0434\u044b\u0445, \u043a\u0443\u043f\u0430\u043d\u0438\u0435 \u0438 \u0437\u0430\u043a\u0430\u0442 \u043d\u0430\u0434 \u041a\u0440\u0430\u0441\u043d\u044b\u043c \u043c\u043e\u0440\u0435\u043c.\" \/>\n<meta name=\"robots\" content=\"index, follow, max-snippet:-1, max-image-preview:large, max-video-preview:-1\" \/>\n<link rel=\"canonical\" href=\"https:\/\/skyline-gs.com\/hu\/termek\/w-iceland-hurghada\/\" \/>\n<meta property=\"og:locale\" content=\"hu_HU\" \/>\n<meta property=\"og:type\" content=\"article\" \/>\n<meta property=\"og:title\" content=\"\u0411\u0435\u043b\u044b\u0439 \u043e\u0441\u0442\u0440\u043e\u0432 \u0438 \u0432\u0435\u0447\u0435\u0440\u043d\u044f\u044f \u0425\u0443\u0440\u0433\u0430\u0434\u0430 &#8226; \u042d\u043a\u0441\u043a\u0443\u0440\u0441\u0438\u0438 Skyline\" \/>\n<meta property=\"og:description\" content=\"\u041a\u043e\u0440\u043e\u0442\u043a\u0430\u044f \u043c\u043e\u0440\u0441\u043a\u0430\u044f \u043f\u0440\u043e\u0433\u0443\u043b\u043a\u0430 \u043a \u0436\u0438\u0432\u043e\u043f\u0438\u0441\u043d\u043e\u043c\u0443 \u0411\u0435\u043b\u043e\u043c\u0443 \u043e\u0441\u0442\u0440\u043e\u0432\u0443 \u2014 \u043e\u0442\u043b\u0438\u0447\u043d\u0430\u044f \u0432\u043e\u0437\u043c\u043e\u0436\u043d\u043e\u0441\u0442\u044c \u0441\u043e\u0432\u043c\u0435\u0441\u0442\u0438\u0442\u044c \u043e\u0442\u0434\u044b\u0445, \u043a\u0443\u043f\u0430\u043d\u0438\u0435 \u0438 \u0437\u0430\u043a\u0430\u0442 \u043d\u0430\u0434 \u041a\u0440\u0430\u0441\u043d\u044b\u043c \u043c\u043e\u0440\u0435\u043c.\" \/>\n<meta property=\"og:url\" content=\"https:\/\/skyline-gs.com\/hu\/termek\/w-iceland-hurghada\/\" \/>\n<meta property=\"og:site_name\" content=\"\u042d\u043a\u0441\u043a\u0443\u0440\u0441\u0438\u0438 Skyline\" \/>\n<meta property=\"article:modified_time\" content=\"2025-10-21T19:29:25+00:00\" \/>\n<meta property=\"og:image\" content=\"https:\/\/skyline-gs.com\/wp-content\/uploads\/2025\/06\/\u0411\u0435\u043b\u044b\u0439-\u043e\u0441\u0442\u0440\u043e\u0432-\u0438-\u0432\u0435\u0447\u0435\u0440\u043d\u044f\u044f-\u0425\u0443\u0440\u0433\u0430\u0434\u0430-1.jpg\" \/>\n\t<meta property=\"og:image:width\" content=\"669\" \/>\n\t<meta property=\"og:image:height\" content=\"446\" \/>\n\t<meta property=\"og:image:type\" content=\"image\/jpeg\" \/>\n<meta name=\"twitter:card\" content=\"summary_large_image\" \/>\n<meta name=\"twitter:label1\" content=\"Becs\u00fclt olvas\u00e1si id\u0151\" \/>\n\t<meta name=\"twitter:data1\" content=\"1 perc\" \/>\n<script type=\"application\/ld+json\" class=\"yoast-schema-graph\">{\"@context\":\"https:\\\/\\\/schema.org\",\"@graph\":[{\"@type\":\"WebPage\",\"@id\":\"https:\\\/\\\/skyline-gs.com\\\/en\\\/product-2\\\/w-iceland-hurghada\\\/\",\"url\":\"https:\\\/\\\/skyline-gs.com\\\/en\\\/product-2\\\/w-iceland-hurghada\\\/\",\"name\":\"\u0411\u0435\u043b\u044b\u0439 \u043e\u0441\u0442\u0440\u043e\u0432 \u0438 \u0432\u0435\u0447\u0435\u0440\u043d\u044f\u044f \u0425\u0443\u0440\u0433\u0430\u0434\u0430 &#8226; \u042d\u043a\u0441\u043a\u0443\u0440\u0441\u0438\u0438 Skyline\",\"isPartOf\":{\"@id\":\"https:\\\/\\\/skyline-gs.com\\\/it\\\/#website\"},\"primaryImageOfPage\":{\"@id\":\"https:\\\/\\\/skyline-gs.com\\\/en\\\/product-2\\\/w-iceland-hurghada\\\/#primaryimage\"},\"image\":{\"@id\":\"https:\\\/\\\/skyline-gs.com\\\/en\\\/product-2\\\/w-iceland-hurghada\\\/#primaryimage\"},\"thumbnailUrl\":\"https:\\\/\\\/skyline-gs.com\\\/wp-content\\\/uploads\\\/2025\\\/06\\\/\u0411\u0435\u043b\u044b\u0439-\u043e\u0441\u0442\u0440\u043e\u0432-\u0438-\u0432\u0435\u0447\u0435\u0440\u043d\u044f\u044f-\u0425\u0443\u0440\u0433\u0430\u0434\u0430-1.jpg\",\"datePublished\":\"2025-06-19T23:38:43+00:00\",\"dateModified\":\"2025-10-21T19:29:25+00:00\",\"description\":\"\u041a\u043e\u0440\u043e\u0442\u043a\u0430\u044f \u043c\u043e\u0440\u0441\u043a\u0430\u044f \u043f\u0440\u043e\u0433\u0443\u043b\u043a\u0430 \u043a \u0436\u0438\u0432\u043e\u043f\u0438\u0441\u043d\u043e\u043c\u0443 \u0411\u0435\u043b\u043e\u043c\u0443 \u043e\u0441\u0442\u0440\u043e\u0432\u0443 \u2014 \u043e\u0442\u043b\u0438\u0447\u043d\u0430\u044f \u0432\u043e\u0437\u043c\u043e\u0436\u043d\u043e\u0441\u0442\u044c \u0441\u043e\u0432\u043c\u0435\u0441\u0442\u0438\u0442\u044c \u043e\u0442\u0434\u044b\u0445, \u043a\u0443\u043f\u0430\u043d\u0438\u0435 \u0438 \u0437\u0430\u043a\u0430\u0442 \u043d\u0430\u0434 \u041a\u0440\u0430\u0441\u043d\u044b\u043c \u043c\u043e\u0440\u0435\u043c.\",\"breadcrumb\":{\"@id\":\"https:\\\/\\\/skyline-gs.com\\\/en\\\/product-2\\\/w-iceland-hurghada\\\/#breadcrumb\"},\"inLanguage\":\"hu\",\"potentialAction\":[{\"@type\":\"ReadAction\",\"target\":[\"https:\\\/\\\/skyline-gs.com\\\/en\\\/product-2\\\/w-iceland-hurghada\\\/\"]}]},{\"@type\":\"ImageObject\",\"inLanguage\":\"hu\",\"@id\":\"https:\\\/\\\/skyline-gs.com\\\/en\\\/product-2\\\/w-iceland-hurghada\\\/#primaryimage\",\"url\":\"https:\\\/\\\/skyline-gs.com\\\/wp-content\\\/uploads\\\/2025\\\/06\\\/\u0411\u0435\u043b\u044b\u0439-\u043e\u0441\u0442\u0440\u043e\u0432-\u0438-\u0432\u0435\u0447\u0435\u0440\u043d\u044f\u044f-\u0425\u0443\u0440\u0433\u0430\u0434\u0430-1.jpg\",\"contentUrl\":\"https:\\\/\\\/skyline-gs.com\\\/wp-content\\\/uploads\\\/2025\\\/06\\\/\u0411\u0435\u043b\u044b\u0439-\u043e\u0441\u0442\u0440\u043e\u0432-\u0438-\u0432\u0435\u0447\u0435\u0440\u043d\u044f\u044f-\u0425\u0443\u0440\u0433\u0430\u0434\u0430-1.jpg\",\"width\":669,\"height\":446},{\"@type\":\"BreadcrumbList\",\"@id\":\"https:\\\/\\\/skyline-gs.com\\\/en\\\/product-2\\\/w-iceland-hurghada\\\/#breadcrumb\",\"itemListElement\":[{\"@type\":\"ListItem\",\"position\":1,\"name\":\"\u0413\u043b\u0430\u0432\u043d\u0430\u044f \u0441\u0442\u0440\u0430\u043d\u0438\u0446\u0430\",\"item\":\"https:\\\/\\\/skyline-gs.com\\\/hu\\\/\"},{\"@type\":\"ListItem\",\"position\":2,\"name\":\"\u041c\u0430\u0433\u0430\u0437\u0438\u043d\",\"item\":\"https:\\\/\\\/skyline-gs.com\\\/cs\\\/shop\\\/\"},{\"@type\":\"ListItem\",\"position\":3,\"name\":\"\u0411\u0435\u043b\u044b\u0439 \u043e\u0441\u0442\u0440\u043e\u0432 \u0438 \u0432\u0435\u0447\u0435\u0440\u043d\u044f\u044f \u0425\u0443\u0440\u0433\u0430\u0434\u0430\"}]},{\"@type\":\"WebSite\",\"@id\":\"https:\\\/\\\/skyline-gs.com\\\/it\\\/#website\",\"url\":\"https:\\\/\\\/skyline-gs.com\\\/it\\\/\",\"name\":\"\u042d\u043a\u0441\u043a\u0443\u0440\u0441\u0438\u0438 Skyline\",\"description\":\"\u042d\u043a\u0441\u043a\u043b\u044e\u0437\u0438\u0432\u043d\u044b\u0435 \u044d\u043a\u0441\u043a\u0443\u0440\u0441\u0438\u0438 \u043d\u0430 \u043b\u0443\u0447\u0448\u0438\u0445 \u043a\u0443\u0440\u043e\u0440\u0442\u0430\u0445 \u043c\u0438\u0440\u0430\",\"publisher\":{\"@id\":\"https:\\\/\\\/skyline-gs.com\\\/it\\\/#organization\"},\"alternateName\":\"Skyline\",\"potentialAction\":[{\"@type\":\"SearchAction\",\"target\":{\"@type\":\"EntryPoint\",\"urlTemplate\":\"https:\\\/\\\/skyline-gs.com\\\/it\\\/?s={search_term_string}\"},\"query-input\":{\"@type\":\"PropertyValueSpecification\",\"valueRequired\":true,\"valueName\":\"search_term_string\"}}],\"inLanguage\":\"hu\"},{\"@type\":\"Organization\",\"@id\":\"https:\\\/\\\/skyline-gs.com\\\/it\\\/#organization\",\"name\":\"\u042d\u043a\u0441\u043a\u0443\u0440\u0441\u0438\u0438 Skyline\",\"alternateName\":\"\u042d\u043a\u0441\u043a\u0443\u0440\u0441\u0438\u0438 Skyline\",\"url\":\"https:\\\/\\\/skyline-gs.com\\\/it\\\/\",\"logo\":{\"@type\":\"ImageObject\",\"inLanguage\":\"hu\",\"@id\":\"https:\\\/\\\/skyline-gs.com\\\/it\\\/#\\\/schema\\\/logo\\\/image\\\/\",\"url\":\"https:\\\/\\\/skyline-gs.com\\\/wp-content\\\/uploads\\\/2020\\\/12\\\/cropped-logo-2.png\",\"contentUrl\":\"https:\\\/\\\/skyline-gs.com\\\/wp-content\\\/uploads\\\/2020\\\/12\\\/cropped-logo-2.png\",\"width\":512,\"height\":512,\"caption\":\"\u042d\u043a\u0441\u043a\u0443\u0440\u0441\u0438\u0438 Skyline\"},\"image\":{\"@id\":\"https:\\\/\\\/skyline-gs.com\\\/it\\\/#\\\/schema\\\/logo\\\/image\\\/\"},\"sameAs\":[\"https:\\\/\\\/www.instagram.com\\\/skylineglobalservice\\\/\"]}]}<\/script>\n<!-- \/ Yoast SEO plugin. -->","yoast_head_json":{"title":"Feh\u00e9r sziget \u00e9s esti Hurghada - Skyline kir\u00e1ndul\u00e1sok","description":"Egy r\u00f6vid haj\u00f3kir\u00e1ndul\u00e1s a fest\u0151i Feh\u00e9r-szigetre remek lehet\u0151s\u00e9g a pihen\u00e9sre, az \u00fasz\u00e1sra \u00e9s a V\u00f6r\u00f6s-tenger feletti naplement\u00e9re.","robots":{"index":"index","follow":"follow","max-snippet":"max-snippet:-1","max-image-preview":"max-image-preview:large","max-video-preview":"max-video-preview:-1"},"canonical":"https:\/\/skyline-gs.com\/hu\/termek\/w-iceland-hurghada\/","og_locale":"hu_HU","og_type":"article","og_title":"\u0411\u0435\u043b\u044b\u0439 \u043e\u0441\u0442\u0440\u043e\u0432 \u0438 \u0432\u0435\u0447\u0435\u0440\u043d\u044f\u044f \u0425\u0443\u0440\u0433\u0430\u0434\u0430 &#8226; \u042d\u043a\u0441\u043a\u0443\u0440\u0441\u0438\u0438 Skyline","og_description":"\u041a\u043e\u0440\u043e\u0442\u043a\u0430\u044f \u043c\u043e\u0440\u0441\u043a\u0430\u044f \u043f\u0440\u043e\u0433\u0443\u043b\u043a\u0430 \u043a \u0436\u0438\u0432\u043e\u043f\u0438\u0441\u043d\u043e\u043c\u0443 \u0411\u0435\u043b\u043e\u043c\u0443 \u043e\u0441\u0442\u0440\u043e\u0432\u0443 \u2014 \u043e\u0442\u043b\u0438\u0447\u043d\u0430\u044f \u0432\u043e\u0437\u043c\u043e\u0436\u043d\u043e\u0441\u0442\u044c \u0441\u043e\u0432\u043c\u0435\u0441\u0442\u0438\u0442\u044c \u043e\u0442\u0434\u044b\u0445, \u043a\u0443\u043f\u0430\u043d\u0438\u0435 \u0438 \u0437\u0430\u043a\u0430\u0442 \u043d\u0430\u0434 \u041a\u0440\u0430\u0441\u043d\u044b\u043c \u043c\u043e\u0440\u0435\u043c.","og_url":"https:\/\/skyline-gs.com\/hu\/termek\/w-iceland-hurghada\/","og_site_name":"\u042d\u043a\u0441\u043a\u0443\u0440\u0441\u0438\u0438 Skyline","article_modified_time":"2025-10-21T19:29:25+00:00","og_image":[{"width":669,"height":446,"url":"https:\/\/skyline-gs.com\/wp-content\/uploads\/2025\/06\/\u0411\u0435\u043b\u044b\u0439-\u043e\u0441\u0442\u0440\u043e\u0432-\u0438-\u0432\u0435\u0447\u0435\u0440\u043d\u044f\u044f-\u0425\u0443\u0440\u0433\u0430\u0434\u0430-1.jpg","type":"image\/jpeg"}],"twitter_card":"summary_large_image","twitter_misc":{"Becs\u00fclt olvas\u00e1si id\u0151":"1 perc"},"schema":{"@context":"https:\/\/schema.org","@graph":[{"@type":"WebPage","@id":"https:\/\/skyline-gs.com\/en\/product-2\/w-iceland-hurghada\/","url":"https:\/\/skyline-gs.com\/en\/product-2\/w-iceland-hurghada\/","name":"Feh\u00e9r sziget \u00e9s esti Hurghada - Skyline kir\u00e1ndul\u00e1sok","isPartOf":{"@id":"https:\/\/skyline-gs.com\/it\/#website"},"primaryImageOfPage":{"@id":"https:\/\/skyline-gs.com\/en\/product-2\/w-iceland-hurghada\/#primaryimage"},"image":{"@id":"https:\/\/skyline-gs.com\/en\/product-2\/w-iceland-hurghada\/#primaryimage"},"thumbnailUrl":"https:\/\/skyline-gs.com\/wp-content\/uploads\/2025\/06\/\u0411\u0435\u043b\u044b\u0439-\u043e\u0441\u0442\u0440\u043e\u0432-\u0438-\u0432\u0435\u0447\u0435\u0440\u043d\u044f\u044f-\u0425\u0443\u0440\u0433\u0430\u0434\u0430-1.jpg","datePublished":"2025-06-19T23:38:43+00:00","dateModified":"2025-10-21T19:29:25+00:00","description":"Egy r\u00f6vid haj\u00f3kir\u00e1ndul\u00e1s a fest\u0151i Feh\u00e9r-szigetre remek lehet\u0151s\u00e9g a pihen\u00e9sre, az \u00fasz\u00e1sra \u00e9s a V\u00f6r\u00f6s-tenger feletti naplement\u00e9re.","breadcrumb":{"@id":"https:\/\/skyline-gs.com\/en\/product-2\/w-iceland-hurghada\/#breadcrumb"},"inLanguage":"hu","potentialAction":[{"@type":"ReadAction","target":["https:\/\/skyline-gs.com\/en\/product-2\/w-iceland-hurghada\/"]}]},{"@type":"ImageObject","inLanguage":"hu","@id":"https:\/\/skyline-gs.com\/en\/product-2\/w-iceland-hurghada\/#primaryimage","url":"https:\/\/skyline-gs.com\/wp-content\/uploads\/2025\/06\/\u0411\u0435\u043b\u044b\u0439-\u043e\u0441\u0442\u0440\u043e\u0432-\u0438-\u0432\u0435\u0447\u0435\u0440\u043d\u044f\u044f-\u0425\u0443\u0440\u0433\u0430\u0434\u0430-1.jpg","contentUrl":"https:\/\/skyline-gs.com\/wp-content\/uploads\/2025\/06\/\u0411\u0435\u043b\u044b\u0439-\u043e\u0441\u0442\u0440\u043e\u0432-\u0438-\u0432\u0435\u0447\u0435\u0440\u043d\u044f\u044f-\u0425\u0443\u0440\u0433\u0430\u0434\u0430-1.jpg","width":669,"height":446},{"@type":"BreadcrumbList","@id":"https:\/\/skyline-gs.com\/en\/product-2\/w-iceland-hurghada\/#breadcrumb","itemListElement":[{"@type":"ListItem","position":1,"name":"\u0413\u043b\u0430\u0432\u043d\u0430\u044f \u0441\u0442\u0440\u0430\u043d\u0438\u0446\u0430","item":"https:\/\/skyline-gs.com\/hu\/"},{"@type":"ListItem","position":2,"name":"\u041c\u0430\u0433\u0430\u0437\u0438\u043d","item":"https:\/\/skyline-gs.com\/cs\/shop\/"},{"@type":"ListItem","position":3,"name":"\u0411\u0435\u043b\u044b\u0439 \u043e\u0441\u0442\u0440\u043e\u0432 \u0438 \u0432\u0435\u0447\u0435\u0440\u043d\u044f\u044f \u0425\u0443\u0440\u0433\u0430\u0434\u0430"}]},{"@type":"WebSite","@id":"https:\/\/skyline-gs.com\/it\/#website","url":"https:\/\/skyline-gs.com\/it\/","name":"Skyline T\u00far\u00e1k","description":"Exkluz\u00edv kir\u00e1ndul\u00e1sok a vil\u00e1g legjobb \u00fcd\u00fcl\u0151helyein","publisher":{"@id":"https:\/\/skyline-gs.com\/it\/#organization"},"alternateName":"Skyline","potentialAction":[{"@type":"SearchAction","target":{"@type":"EntryPoint","urlTemplate":"https:\/\/skyline-gs.com\/it\/?s={search_term_string}"},"query-input":{"@type":"PropertyValueSpecification","valueRequired":true,"valueName":"search_term_string"}}],"inLanguage":"hu"},{"@type":"Organization","@id":"https:\/\/skyline-gs.com\/it\/#organization","name":"Skyline T\u00far\u00e1k","alternateName":"\u042d\u043a\u0441\u043a\u0443\u0440\u0441\u0438\u0438 Skyline","url":"https:\/\/skyline-gs.com\/it\/","logo":{"@type":"ImageObject","inLanguage":"hu","@id":"https:\/\/skyline-gs.com\/it\/#\/schema\/logo\/image\/","url":"https:\/\/skyline-gs.com\/wp-content\/uploads\/2020\/12\/cropped-logo-2.png","contentUrl":"https:\/\/skyline-gs.com\/wp-content\/uploads\/2020\/12\/cropped-logo-2.png","width":512,"height":512,"caption":"\u042d\u043a\u0441\u043a\u0443\u0440\u0441\u0438\u0438 Skyline"},"image":{"@id":"https:\/\/skyline-gs.com\/it\/#\/schema\/logo\/image\/"},"sameAs":["https:\/\/www.instagram.com\/skylineglobalservice\/"]}]}},"_links":{"self":[{"href":"https:\/\/skyline-gs.com\/hu\/wp-json\/wp\/v2\/product\/64475","targetHints":{"allow":["GET"]}}],"collection":[{"href":"https:\/\/skyline-gs.com\/hu\/wp-json\/wp\/v2\/product"}],"about":[{"href":"https:\/\/skyline-gs.com\/hu\/wp-json\/wp\/v2\/types\/product"}],"version-history":[{"count":0,"href":"https:\/\/skyline-gs.com\/hu\/wp-json\/wp\/v2\/product\/64475\/revisions"}],"wp:featuredmedia":[{"embeddable":true,"href":"https:\/\/skyline-gs.com\/hu\/wp-json\/wp\/v2\/media\/64477"}],"wp:attachment":[{"href":"https:\/\/skyline-gs.com\/hu\/wp-json\/wp\/v2\/media?parent=64475"}],"wp:term":[{"taxonomy":"product_brand","embeddable":true,"href":"https:\/\/skyline-gs.com\/hu\/wp-json\/wp\/v2\/product_brand?post=64475"},{"taxonomy":"product_cat","embeddable":true,"href":"https:\/\/skyline-gs.com\/hu\/wp-json\/wp\/v2\/product_cat?post=64475"},{"taxonomy":"product_tag","embeddable":true,"href":"https:\/\/skyline-gs.com\/hu\/wp-json\/wp\/v2\/product_tag?post=64475"}],"curies":[{"name":"wp","href":"https:\/\/api.w.org\/{rel}","templated":true}]}}