{"id":64472,"date":"2025-06-20T00:57:44","date_gmt":"2025-06-19T22:57:44","guid":{"rendered":"http:\/\/skyline-gs.com\/?post_type=product&#038;p=64472"},"modified":"2026-03-30T23:38:54","modified_gmt":"2026-03-30T21:38:54","slug":"privat-fanrang-a-capybaras-nhatrang","status":"publish","type":"product","link":"https:\/\/skyline-gs.com\/hu\/product\/privat-fanrang-with-capybaras-nhatrang\/","title":{"rendered":"Szem\u00e9lyre szabott t\u00fara: Phanrang v\u00edzidiszn\u00f3kkal"},"content":{"rendered":"<p><strong>Utaz\u00e1s Phanrangba<\/strong> - a term\u00e9szet, a kult\u00fara \u00e9s a var\u00e1zslatos t\u00e1jak leny\u0171g\u00f6z\u0151 kever\u00e9ke. Itt szokatlan \u00e1llatokat, titokzatos templomokat \u00e9s csod\u00e1latos kil\u00e1t\u00e1st tal\u00e1l a rizsf\u00f6ldekre \u00e9s a tengerre.<\/p>\n<p><strong>8:00 - Indul\u00e1s a sz\u00e1lloda hallj\u00e1b\u00f3l.<\/strong><\/p>\n<ul>\n<li><strong>\u00c1llatkert v\u00edzidiszn\u00f3kkal. <\/strong>Kezdje a napot az \u00e1llatkertben tett l\u00e1togat\u00e1ssal, ahol tal\u00e1lkozhat az im\u00e1dnival\u00f3 v\u00edzidiszn\u00f3kkal. Ezek a bar\u00e1ts\u00e1gos \u00e1llatok a gyerekek \u00e9s a feln\u0151ttek sz\u00edv\u00e9t egyar\u00e1nt megnyerik. F\u00e9nyk\u00e9pet k\u00e9sz\u00edthet \u00e9s id\u0151t t\u00f6lthet ezeknek az aranyos teremtm\u00e9nyeknek a t\u00e1rsas\u00e1g\u00e1ban, \u00f6r\u00f6met szerezve gyermek\u00e9nek.<\/li>\n<li><strong style=\"font-family: Montserrat, var(--global-fallback-font); font-size: 17px;\">Kagyl\u00f3templom \u00e9s S\u00e1rk\u00e1nylabirintus. <\/strong>Ezut\u00e1n az egyed\u00fcl\u00e1ll\u00f3 Kagyl\u00f3templomhoz megy\u00fcnk, amelyet t\u00f6bb ezer tengeri kagyl\u00f3 \u00e9s s\u00e1rk\u00e1nyszimb\u00f3lum d\u00edsz\u00edt. S\u00e9ta a titokzatos S\u00e1rk\u00e1nylabirintusban v\u00e1r r\u00e1d, ahol minden \u00f6sv\u00e9ny felt\u00e1rja a titkait. Ez a hely tele van var\u00e1zslattal \u00e9s inspir\u00e1ci\u00f3val.<\/li>\n<li><strong style=\"font-family: Montserrat, var(--global-fallback-font); font-size: 17px;\">A pagoda a rizsf\u00f6ldekre \u00e9s a tengerre n\u00e9z. <\/strong>M\u00e1sszon fel a hegyre, hogy megl\u00e1togasson egy \u0151si pagod\u00e1t. Innen leny\u0171g\u00f6z\u0151 kil\u00e1t\u00e1s ny\u00edlik a z\u00f6ld rizsteraszokra \u00e9s a hatalmas az\u00fark\u00e9k tengerre. Ezen a helyen megpihenhet a lelke, \u00e9lvezheti a csendet \u00e9s csod\u00e1latos f\u00e9nyk\u00e9peket k\u00e9sz\u00edthet.<\/li>\n<li><strong style=\"font-family: Montserrat, var(--global-fallback-font); font-size: 17px;\">Sz\u0151l\u00e9szet \u00e9s bork\u00f3stol\u00e1s. <\/strong>Eb\u00e9d ut\u00e1n Fanrang h\u00edres sz\u0151l\u0151\u00fcltetv\u00e9nyei fel\u00e9 vessz\u00fck az ir\u00e1nyt. Lehet\u0151s\u00e9g lesz \u00e9rett sz\u0151l\u0151t szedni, helyi bort \u00e9s friss sz\u0151l\u0151l\u00e9t k\u00f3stolni. Ez egy nagyszer\u0171 lehet\u0151s\u00e9g arra, hogy t\u00f6bbet megtudjon a bor\u00e1szatr\u00f3l ebben a r\u00e9gi\u00f3ban.<\/li>\n<li><strong style=\"font-family: Montserrat, var(--global-fallback-font); font-size: 17px;\">S\u00f3\u00fcltetv\u00e9nyek. <\/strong>A t\u00far\u00e1t a s\u00f3\u00fcltetv\u00e9nyek megl\u00e1togat\u00e1s\u00e1val z\u00e1rjuk. Itt l\u00e1thatj\u00e1k, hogyan nyerik ki a s\u00f3t a tengerv\u00edzb\u0151l, \u00e9s l\u00e1tv\u00e1nyos f\u00e9nyk\u00e9peket k\u00e9sz\u00edthetnek a h\u00f3feh\u00e9r s\u00f3dombok h\u00e1tter\u00e9ben. Meg\u00e1llunk egy hal\u00e1szfalun\u00e1l is, hogy megcsod\u00e1ljuk az \u00f6bl\u00f6t \u00e9s a horizonton l\u00e1that\u00f3 szigeteket.<\/li>\n<\/ul>\n<p><strong>18:00 - Visszat\u00e9r\u00e9s a sz\u00e1llod\u00e1ba.<\/strong><\/p>\n<p><strong>Tartalmazza:<\/strong><\/p>\n<ul>\n<li>Transzfer a sz\u00e1llod\u00e1b\u00f3l \u00e9s vissza<\/li>\n<li>Magyarul besz\u00e9l\u0151 idegenvezet\u0151<\/li>\n<li>Bel\u00e9p\u0151jegyek<\/li>\n<li>Eb\u00e9d<\/li>\n<li>Bor- \u00e9s gy\u00fcm\u00f6lcsl\u00e9-k\u00f3stol\u00f3<\/li>\n<li>V\u00edz<\/li>\n<\/ul>\n<p><strong>Nem tartalmazza:<\/strong><\/p>\n<ul>\n<li>Transzfer a v\u00e1roson k\u00edv\u00fcli sz\u00e1llod\u00e1kb\u00f3l:\u00a0<strong>Amiana<\/strong>\u00a0- p\u00f3td\u00edj\u00a0<strong>+10$ j\u00e1rm\u0171venk\u00e9nt legfeljebb 6 f\u0151ig<\/strong>\u00a0oda-vissza \u00fat \u00e9s\u00a0<strong>+15$ j\u00e1rm\u0171venk\u00e9nt legfeljebb 10 f\u0151ig<\/strong>\u00a0mindk\u00e9t ir\u00e1nyban<\/li>\n<\/ul>\n<p><strong>Vigy\u00e9l magaddal:<\/strong><\/p>\n<ul>\n<li>Kamera vagy okostelefon az \u00e9l\u00e9nk k\u00e9pekhez<\/li>\n<li>Fejfed\u0151 \u00e9s napszem\u00fcveg<\/li>\n<li>K\u00e9nyelmes gyalogl\u00f3cip\u0151<\/li>\n<li style=\"list-style-type: none;\"><\/li>\n<\/ul>","protected":false},"excerpt":{"rendered":"<p><strong>Kir\u00e1ndul\u00e1s Id\u0151pontja:<\/strong> 8:00 - 18:00<\/p>\n<p><strong>A Kir\u00e1ndul\u00e1s Napjai: <\/strong>Minden nap<\/p>","protected":false},"featured_media":64473,"template":"","meta":{"_kad_post_transparent":"default","_kad_post_title":"","_kad_post_layout":"default","_kad_post_sidebar_id":"","_kad_post_content_style":"default","_kad_post_vertical_padding":"default","_kad_post_feature":"","_kad_post_feature_position":"","_kad_post_header":false,"_kad_post_footer":false,"_kad_post_classname":"","_glsr_average":0,"_glsr_ranking":0,"_glsr_reviews":0},"product_brand":[],"product_cat":[437],"product_tag":[],"class_list":{"0":"post-64472","1":"product","2":"type-product","3":"status-publish","4":"has-post-thumbnail","6":"product_cat-nha-trang","7":"tm-has-options","9":"first","10":"instock","11":"sold-individually","12":"taxable","13":"shipping-taxable","14":"purchasable","15":"product-type-simple","16":"entry","17":"content-bg","18":"loop-entry"},"yoast_head":"<!-- This site is optimized with the Yoast SEO plugin v27.4 - https:\/\/yoast.com\/product\/yoast-seo-wordpress\/ -->\n<title>\u0418\u043d\u0434\u0438\u0432\u0438\u0434\u0443\u0430\u043b\u044c\u043d\u044b\u0439 \u0442\u0443\u0440: \u0424\u0430\u043d\u0440\u0430\u043d\u0433 \u0441 \u043a\u0430\u043f\u0438\u0431\u0430\u0440\u0430\u043c\u0438 &#8226; \u042d\u043a\u0441\u043a\u0443\u0440\u0441\u0438\u0438 Skyline<\/title>\n<meta name=\"robots\" content=\"index, follow, max-snippet:-1, max-image-preview:large, max-video-preview:-1\" \/>\n<link rel=\"canonical\" href=\"https:\/\/skyline-gs.com\/hu\/termek\/privat-fanrang-a-capybaras-nhatrang\/\" \/>\n<meta property=\"og:locale\" content=\"hu_HU\" \/>\n<meta property=\"og:type\" content=\"article\" \/>\n<meta property=\"og:title\" content=\"\u0418\u043d\u0434\u0438\u0432\u0438\u0434\u0443\u0430\u043b\u044c\u043d\u044b\u0439 \u0442\u0443\u0440: \u0424\u0430\u043d\u0440\u0430\u043d\u0433 \u0441 \u043a\u0430\u043f\u0438\u0431\u0430\u0440\u0430\u043c\u0438 &#8226; \u042d\u043a\u0441\u043a\u0443\u0440\u0441\u0438\u0438 Skyline\" \/>\n<meta property=\"og:description\" content=\"\u0412\u0440\u0435\u043c\u044f \u0442\u0443\u0440\u0430: 8:00 - 18:00  \u0414\u043d\u0438 \u043f\u0440\u043e\u0432\u0435\u0434\u0435\u043d\u0438\u044f: \u041a\u0430\u0436\u0434\u044b\u0439 \u0434\u0435\u043d\u044c\" \/>\n<meta property=\"og:url\" content=\"https:\/\/skyline-gs.com\/hu\/termek\/privat-fanrang-a-capybaras-nhatrang\/\" \/>\n<meta property=\"og:site_name\" content=\"\u042d\u043a\u0441\u043a\u0443\u0440\u0441\u0438\u0438 Skyline\" \/>\n<meta property=\"article:modified_time\" content=\"2026-03-30T21:38:54+00:00\" \/>\n<meta property=\"og:image\" content=\"https:\/\/skyline-gs.com\/wp-content\/uploads\/2025\/06\/22.png\" \/>\n\t<meta property=\"og:image:width\" content=\"669\" \/>\n\t<meta property=\"og:image:height\" content=\"446\" \/>\n\t<meta property=\"og:image:type\" content=\"image\/png\" \/>\n<meta name=\"twitter:card\" content=\"summary_large_image\" \/>\n<meta name=\"twitter:label1\" content=\"Becs\u00fclt olvas\u00e1si id\u0151\" \/>\n\t<meta name=\"twitter:data1\" content=\"2 perc\" \/>\n<script type=\"application\/ld+json\" class=\"yoast-schema-graph\">{\"@context\":\"https:\\\/\\\/schema.org\",\"@graph\":[{\"@type\":\"WebPage\",\"@id\":\"https:\\\/\\\/skyline-gs.com\\\/product\\\/privat-fanrang-with-capybaras-nhatrang\\\/\",\"url\":\"https:\\\/\\\/skyline-gs.com\\\/product\\\/privat-fanrang-with-capybaras-nhatrang\\\/\",\"name\":\"\u0418\u043d\u0434\u0438\u0432\u0438\u0434\u0443\u0430\u043b\u044c\u043d\u044b\u0439 \u0442\u0443\u0440: \u0424\u0430\u043d\u0440\u0430\u043d\u0433 \u0441 \u043a\u0430\u043f\u0438\u0431\u0430\u0440\u0430\u043c\u0438 &#8226; \u042d\u043a\u0441\u043a\u0443\u0440\u0441\u0438\u0438 Skyline\",\"isPartOf\":{\"@id\":\"https:\\\/\\\/skyline-gs.com\\\/it\\\/#website\"},\"primaryImageOfPage\":{\"@id\":\"https:\\\/\\\/skyline-gs.com\\\/product\\\/privat-fanrang-with-capybaras-nhatrang\\\/#primaryimage\"},\"image\":{\"@id\":\"https:\\\/\\\/skyline-gs.com\\\/product\\\/privat-fanrang-with-capybaras-nhatrang\\\/#primaryimage\"},\"thumbnailUrl\":\"https:\\\/\\\/skyline-gs.com\\\/wp-content\\\/uploads\\\/2025\\\/06\\\/22.png\",\"datePublished\":\"2025-06-19T22:57:44+00:00\",\"dateModified\":\"2026-03-30T21:38:54+00:00\",\"breadcrumb\":{\"@id\":\"https:\\\/\\\/skyline-gs.com\\\/product\\\/privat-fanrang-with-capybaras-nhatrang\\\/#breadcrumb\"},\"inLanguage\":\"hu\",\"potentialAction\":[{\"@type\":\"ReadAction\",\"target\":[\"https:\\\/\\\/skyline-gs.com\\\/product\\\/privat-fanrang-with-capybaras-nhatrang\\\/\"]}]},{\"@type\":\"ImageObject\",\"inLanguage\":\"hu\",\"@id\":\"https:\\\/\\\/skyline-gs.com\\\/product\\\/privat-fanrang-with-capybaras-nhatrang\\\/#primaryimage\",\"url\":\"https:\\\/\\\/skyline-gs.com\\\/wp-content\\\/uploads\\\/2025\\\/06\\\/22.png\",\"contentUrl\":\"https:\\\/\\\/skyline-gs.com\\\/wp-content\\\/uploads\\\/2025\\\/06\\\/22.png\",\"width\":669,\"height\":446},{\"@type\":\"BreadcrumbList\",\"@id\":\"https:\\\/\\\/skyline-gs.com\\\/product\\\/privat-fanrang-with-capybaras-nhatrang\\\/#breadcrumb\",\"itemListElement\":[{\"@type\":\"ListItem\",\"position\":1,\"name\":\"\u0413\u043b\u0430\u0432\u043d\u0430\u044f \u0441\u0442\u0440\u0430\u043d\u0438\u0446\u0430\",\"item\":\"https:\\\/\\\/skyline-gs.com\\\/hu\\\/\"},{\"@type\":\"ListItem\",\"position\":2,\"name\":\"\u041c\u0430\u0433\u0430\u0437\u0438\u043d\",\"item\":\"https:\\\/\\\/skyline-gs.com\\\/cs\\\/shop\\\/\"},{\"@type\":\"ListItem\",\"position\":3,\"name\":\"\u0418\u043d\u0434\u0438\u0432\u0438\u0434\u0443\u0430\u043b\u044c\u043d\u044b\u0439 \u0442\u0443\u0440: \u0424\u0430\u043d\u0440\u0430\u043d\u0433 \u0441 \u043a\u0430\u043f\u0438\u0431\u0430\u0440\u0430\u043c\u0438\"}]},{\"@type\":\"WebSite\",\"@id\":\"https:\\\/\\\/skyline-gs.com\\\/it\\\/#website\",\"url\":\"https:\\\/\\\/skyline-gs.com\\\/it\\\/\",\"name\":\"\u042d\u043a\u0441\u043a\u0443\u0440\u0441\u0438\u0438 Skyline\",\"description\":\"\u042d\u043a\u0441\u043a\u043b\u044e\u0437\u0438\u0432\u043d\u044b\u0435 \u044d\u043a\u0441\u043a\u0443\u0440\u0441\u0438\u0438 \u043d\u0430 \u043b\u0443\u0447\u0448\u0438\u0445 \u043a\u0443\u0440\u043e\u0440\u0442\u0430\u0445 \u043c\u0438\u0440\u0430\",\"publisher\":{\"@id\":\"https:\\\/\\\/skyline-gs.com\\\/it\\\/#organization\"},\"alternateName\":\"Skyline\",\"potentialAction\":[{\"@type\":\"SearchAction\",\"target\":{\"@type\":\"EntryPoint\",\"urlTemplate\":\"https:\\\/\\\/skyline-gs.com\\\/it\\\/?s={search_term_string}\"},\"query-input\":{\"@type\":\"PropertyValueSpecification\",\"valueRequired\":true,\"valueName\":\"search_term_string\"}}],\"inLanguage\":\"hu\"},{\"@type\":\"Organization\",\"@id\":\"https:\\\/\\\/skyline-gs.com\\\/it\\\/#organization\",\"name\":\"\u042d\u043a\u0441\u043a\u0443\u0440\u0441\u0438\u0438 Skyline\",\"alternateName\":\"\u042d\u043a\u0441\u043a\u0443\u0440\u0441\u0438\u0438 Skyline\",\"url\":\"https:\\\/\\\/skyline-gs.com\\\/it\\\/\",\"logo\":{\"@type\":\"ImageObject\",\"inLanguage\":\"hu\",\"@id\":\"https:\\\/\\\/skyline-gs.com\\\/it\\\/#\\\/schema\\\/logo\\\/image\\\/\",\"url\":\"https:\\\/\\\/skyline-gs.com\\\/wp-content\\\/uploads\\\/2020\\\/12\\\/cropped-logo-2.png\",\"contentUrl\":\"https:\\\/\\\/skyline-gs.com\\\/wp-content\\\/uploads\\\/2020\\\/12\\\/cropped-logo-2.png\",\"width\":512,\"height\":512,\"caption\":\"\u042d\u043a\u0441\u043a\u0443\u0440\u0441\u0438\u0438 Skyline\"},\"image\":{\"@id\":\"https:\\\/\\\/skyline-gs.com\\\/it\\\/#\\\/schema\\\/logo\\\/image\\\/\"},\"sameAs\":[\"https:\\\/\\\/www.instagram.com\\\/skylineglobalservice\\\/\"]}]}<\/script>\n<!-- \/ Yoast SEO plugin. -->","yoast_head_json":{"title":"Szem\u00e9lyre szabott t\u00fara: Phanrang v\u00edzidiszn\u00f3kkal - Skyline Excursions","robots":{"index":"index","follow":"follow","max-snippet":"max-snippet:-1","max-image-preview":"max-image-preview:large","max-video-preview":"max-video-preview:-1"},"canonical":"https:\/\/skyline-gs.com\/hu\/termek\/privat-fanrang-a-capybaras-nhatrang\/","og_locale":"hu_HU","og_type":"article","og_title":"\u0418\u043d\u0434\u0438\u0432\u0438\u0434\u0443\u0430\u043b\u044c\u043d\u044b\u0439 \u0442\u0443\u0440: \u0424\u0430\u043d\u0440\u0430\u043d\u0433 \u0441 \u043a\u0430\u043f\u0438\u0431\u0430\u0440\u0430\u043c\u0438 &#8226; \u042d\u043a\u0441\u043a\u0443\u0440\u0441\u0438\u0438 Skyline","og_description":"\u0412\u0440\u0435\u043c\u044f \u0442\u0443\u0440\u0430: 8:00 - 18:00  \u0414\u043d\u0438 \u043f\u0440\u043e\u0432\u0435\u0434\u0435\u043d\u0438\u044f: \u041a\u0430\u0436\u0434\u044b\u0439 \u0434\u0435\u043d\u044c","og_url":"https:\/\/skyline-gs.com\/hu\/termek\/privat-fanrang-a-capybaras-nhatrang\/","og_site_name":"\u042d\u043a\u0441\u043a\u0443\u0440\u0441\u0438\u0438 Skyline","article_modified_time":"2026-03-30T21:38:54+00:00","og_image":[{"width":669,"height":446,"url":"https:\/\/skyline-gs.com\/wp-content\/uploads\/2025\/06\/22.png","type":"image\/png"}],"twitter_card":"summary_large_image","twitter_misc":{"Becs\u00fclt olvas\u00e1si id\u0151":"2 perc"},"schema":{"@context":"https:\/\/schema.org","@graph":[{"@type":"WebPage","@id":"https:\/\/skyline-gs.com\/product\/privat-fanrang-with-capybaras-nhatrang\/","url":"https:\/\/skyline-gs.com\/product\/privat-fanrang-with-capybaras-nhatrang\/","name":"Szem\u00e9lyre szabott t\u00fara: Phanrang v\u00edzidiszn\u00f3kkal - Skyline Excursions","isPartOf":{"@id":"https:\/\/skyline-gs.com\/it\/#website"},"primaryImageOfPage":{"@id":"https:\/\/skyline-gs.com\/product\/privat-fanrang-with-capybaras-nhatrang\/#primaryimage"},"image":{"@id":"https:\/\/skyline-gs.com\/product\/privat-fanrang-with-capybaras-nhatrang\/#primaryimage"},"thumbnailUrl":"https:\/\/skyline-gs.com\/wp-content\/uploads\/2025\/06\/22.png","datePublished":"2025-06-19T22:57:44+00:00","dateModified":"2026-03-30T21:38:54+00:00","breadcrumb":{"@id":"https:\/\/skyline-gs.com\/product\/privat-fanrang-with-capybaras-nhatrang\/#breadcrumb"},"inLanguage":"hu","potentialAction":[{"@type":"ReadAction","target":["https:\/\/skyline-gs.com\/product\/privat-fanrang-with-capybaras-nhatrang\/"]}]},{"@type":"ImageObject","inLanguage":"hu","@id":"https:\/\/skyline-gs.com\/product\/privat-fanrang-with-capybaras-nhatrang\/#primaryimage","url":"https:\/\/skyline-gs.com\/wp-content\/uploads\/2025\/06\/22.png","contentUrl":"https:\/\/skyline-gs.com\/wp-content\/uploads\/2025\/06\/22.png","width":669,"height":446},{"@type":"BreadcrumbList","@id":"https:\/\/skyline-gs.com\/product\/privat-fanrang-with-capybaras-nhatrang\/#breadcrumb","itemListElement":[{"@type":"ListItem","position":1,"name":"\u0413\u043b\u0430\u0432\u043d\u0430\u044f \u0441\u0442\u0440\u0430\u043d\u0438\u0446\u0430","item":"https:\/\/skyline-gs.com\/hu\/"},{"@type":"ListItem","position":2,"name":"\u041c\u0430\u0433\u0430\u0437\u0438\u043d","item":"https:\/\/skyline-gs.com\/cs\/shop\/"},{"@type":"ListItem","position":3,"name":"\u0418\u043d\u0434\u0438\u0432\u0438\u0434\u0443\u0430\u043b\u044c\u043d\u044b\u0439 \u0442\u0443\u0440: \u0424\u0430\u043d\u0440\u0430\u043d\u0433 \u0441 \u043a\u0430\u043f\u0438\u0431\u0430\u0440\u0430\u043c\u0438"}]},{"@type":"WebSite","@id":"https:\/\/skyline-gs.com\/it\/#website","url":"https:\/\/skyline-gs.com\/it\/","name":"Skyline T\u00far\u00e1k","description":"Exkluz\u00edv kir\u00e1ndul\u00e1sok a vil\u00e1g legjobb \u00fcd\u00fcl\u0151helyein","publisher":{"@id":"https:\/\/skyline-gs.com\/it\/#organization"},"alternateName":"Skyline","potentialAction":[{"@type":"SearchAction","target":{"@type":"EntryPoint","urlTemplate":"https:\/\/skyline-gs.com\/it\/?s={search_term_string}"},"query-input":{"@type":"PropertyValueSpecification","valueRequired":true,"valueName":"search_term_string"}}],"inLanguage":"hu"},{"@type":"Organization","@id":"https:\/\/skyline-gs.com\/it\/#organization","name":"Skyline T\u00far\u00e1k","alternateName":"\u042d\u043a\u0441\u043a\u0443\u0440\u0441\u0438\u0438 Skyline","url":"https:\/\/skyline-gs.com\/it\/","logo":{"@type":"ImageObject","inLanguage":"hu","@id":"https:\/\/skyline-gs.com\/it\/#\/schema\/logo\/image\/","url":"https:\/\/skyline-gs.com\/wp-content\/uploads\/2020\/12\/cropped-logo-2.png","contentUrl":"https:\/\/skyline-gs.com\/wp-content\/uploads\/2020\/12\/cropped-logo-2.png","width":512,"height":512,"caption":"\u042d\u043a\u0441\u043a\u0443\u0440\u0441\u0438\u0438 Skyline"},"image":{"@id":"https:\/\/skyline-gs.com\/it\/#\/schema\/logo\/image\/"},"sameAs":["https:\/\/www.instagram.com\/skylineglobalservice\/"]}]}},"_links":{"self":[{"href":"https:\/\/skyline-gs.com\/hu\/wp-json\/wp\/v2\/product\/64472","targetHints":{"allow":["GET"]}}],"collection":[{"href":"https:\/\/skyline-gs.com\/hu\/wp-json\/wp\/v2\/product"}],"about":[{"href":"https:\/\/skyline-gs.com\/hu\/wp-json\/wp\/v2\/types\/product"}],"version-history":[{"count":0,"href":"https:\/\/skyline-gs.com\/hu\/wp-json\/wp\/v2\/product\/64472\/revisions"}],"wp:featuredmedia":[{"embeddable":true,"href":"https:\/\/skyline-gs.com\/hu\/wp-json\/wp\/v2\/media\/64473"}],"wp:attachment":[{"href":"https:\/\/skyline-gs.com\/hu\/wp-json\/wp\/v2\/media?parent=64472"}],"wp:term":[{"taxonomy":"product_brand","embeddable":true,"href":"https:\/\/skyline-gs.com\/hu\/wp-json\/wp\/v2\/product_brand?post=64472"},{"taxonomy":"product_cat","embeddable":true,"href":"https:\/\/skyline-gs.com\/hu\/wp-json\/wp\/v2\/product_cat?post=64472"},{"taxonomy":"product_tag","embeddable":true,"href":"https:\/\/skyline-gs.com\/hu\/wp-json\/wp\/v2\/product_tag?post=64472"}],"curies":[{"name":"wp","href":"https:\/\/api.w.org\/{rel}","templated":true}]}}