{"id":64355,"date":"2025-06-16T02:30:37","date_gmt":"2025-06-16T00:30:37","guid":{"rendered":"http:\/\/skyline-gs.com\/?post_type=product&#038;p=64355"},"modified":"2025-06-16T23:27:55","modified_gmt":"2025-06-16T21:27:55","slug":"tazi-5-in-1-kemer","status":"publish","type":"product","link":"https:\/\/skyline-gs.com\/hu\/product\/tazi-5-in-1-kemer\/","title":{"rendered":"Tazy Canyon 5 az 1-ben"},"content":{"rendered":"<p data-start=\"525\" data-end=\"664\">\u0417\u0430\u0445\u0432\u0430\u0442\u044b\u0432\u0430\u044e\u0449\u0430\u044f \u044d\u043a\u0441\u043a\u0443\u0440\u0441\u0438\u044f \u043f\u043e \u0441\u0430\u043c\u044b\u043c \u0436\u0438\u0432\u043e\u043f\u0438\u0441\u043d\u044b\u043c \u043a\u0430\u043d\u044c\u043e\u043d\u0430\u043c \u0422\u0443\u0440\u0446\u0438\u0438 \u0441 \u0440\u0430\u0444\u0442\u0438\u043d\u0433\u043e\u043c, \u0437\u0438\u043f\u043b\u0430\u0439\u043d\u043e\u043c \u0438 \u0441\u0430\u0444\u0430\u0440\u0438 \u043d\u0430 \u043a\u0430\u0431\u0440\u0438\u043e \u0430\u0432\u0442\u043e\u0431\u0443\u0441\u0435 \u2014 \u0432\u0441\u0451 \u0432 \u043e\u0434\u043d\u043e\u043c \u0442\u0443\u0440\u0435!<\/p>\n<p data-start=\"734\" data-end=\"872\"><strong data-start=\"734\" data-end=\"766\">8:00 - Indul\u00e1s a sz\u00e1llod\u00e1b\u00f3l. <\/strong>A turist\u00e1k \u00f6sszegy\u0171jt\u00e9se r\u00e9gi\u00f3k szerint, indul\u00e1s a nemzeti park fel\u00e9.<\/p>\n<ul>\n<li data-start=\"693\" data-end=\"763\"><strong data-start=\"693\" data-end=\"711\">Kepr\u00fcl\u00fc kanyon<\/strong> - els\u0151 meg\u00e1ll\u00f3 (15-20 perc fot\u00f3z\u00e1s \u00e9s s\u00e9ta)<\/li>\n<li data-start=\"766\" data-end=\"819\"><strong data-start=\"766\" data-end=\"780\">Utas\u00edt\u00e1s<\/strong> - az \u00fatvonalr\u00f3l \u00e9s a biztons\u00e1gr\u00f3l<\/li>\n<li data-start=\"822\" data-end=\"883\"><strong data-start=\"822\" data-end=\"839\">Cabrio szafari<\/strong> - transzfer a Tazy Canyonba (21 km \/ ~30 perc)<\/li>\n<li data-start=\"886\" data-end=\"972\"><strong data-start=\"886\" data-end=\"901\">Tazy Canyon<\/strong> - kil\u00e1t\u00f3, 30-40 perc fot\u00f3z\u00e1sra \u00e9s s\u00e9t\u00e1ra a szakad\u00e9k sz\u00e9l\u00e9n, a kil\u00e1t\u00f3hoz vezet\u0151 \u00faton<\/li>\n<li data-start=\"975\" data-end=\"1002\"><strong data-start=\"975\" data-end=\"1000\">Visszat\u00e9r\u00e9s Kepr\u00fcl\u00fcbe<\/strong><\/li>\n<li data-start=\"1005\" data-end=\"1060\"><strong data-start=\"1005\" data-end=\"1016\">Zipline<\/strong> - izgalmas utaz\u00e1s egy k\u00f6t\u00e9len<\/li>\n<li data-start=\"1063\" data-end=\"1139\"><strong data-start=\"1063\" data-end=\"1089\">Rafting egy hegyi foly\u00f3n<\/strong> - 2 \u00f3ra rafting, meg\u00e1ll\u00e1ssal f\u00fcrd\u00e9sre \u00e9s fot\u00f3z\u00e1sra<\/li>\n<li data-start=\"1142\" data-end=\"1166\"><strong data-start=\"1142\" data-end=\"1164\">Zuhanyz\u00e1s \u00e9s \u00f6lt\u00f6zk\u00f6d\u00e9s<\/strong><\/li>\n<li data-start=\"1169\" data-end=\"1233\"><strong data-start=\"1169\" data-end=\"1177\">Eb\u00e9d<\/strong> - B\u00fcf\u00e9: sal\u00e1t\u00e1k, pil\u00e1f\/t\u00e9szta, csirke \u00e9s hal<\/li>\n<\/ul>\n<p data-start=\"1585\" data-end=\"1679\"><strong>19:00 - Visszat\u00e9r\u00e9s a sz\u00e1llod\u00e1ba.<\/strong><\/p>\n<p><strong>Tartalmazza:<\/strong><\/p>\n<ul>\n<li>Transzfer a sz\u00e1llod\u00e1b\u00f3l \u00e9s vissza<\/li>\n<li>Mozog az \u00fatvonal ment\u00e9n<\/li>\n<li>Cabrio szafari a Taza-kanyonba.<\/li>\n<li>Zipline<\/li>\n<li>Rafting nagy haj\u00f3kon (8-10 f\u0151)<\/li>\n<li>Sisak, ment\u0151mell\u00e9ny<\/li>\n<li>Magyarul besz\u00e9l\u0151 idegenvezet\u0151<\/li>\n<li>Eb\u00e9d (b\u00fcf\u00e9)<\/li>\n<li>Biztos\u00edt\u00e1s<\/li>\n<\/ul>\n<p><strong>Nem tartalmazza:<\/strong><\/p>\n<ul>\n<li>Italok<\/li>\n<li>Fot\u00f3z\u00e1s \u00e9s vide\u00f3z\u00e1s (USB az anyagokkal)<\/li>\n<li data-start=\"1543\" data-end=\"1562\">B\u00fav\u00e1rruha<\/li>\n<li data-start=\"1565\" data-end=\"1592\">Rafting cip\u0151<\/li>\n<li data-start=\"1595\" data-end=\"1625\">Kajak (opcion\u00e1lis)<\/li>\n<li data-start=\"1708\" data-end=\"1722\">Szem\u00e9lyi kiad\u00e1sok<\/li>\n<\/ul>\n<p><strong>Vigy\u00e9l magaddal:<\/strong><\/p>\n<ul>\n<li data-start=\"2193\" data-end=\"2215\">\u00dasz\u00f3dressz vagy f\u00fcrd\u0151nadr\u00e1g<\/li>\n<li data-start=\"2218\" data-end=\"2229\">T\u00f6r\u00fclk\u00f6z\u0151<\/li>\n<li data-start=\"2232\" data-end=\"2270\">K\u00e9nyelmes cip\u0151 (lehet\u0151leg gumicsizma)<\/li>\n<li data-start=\"2273\" data-end=\"2294\">F\u00e9nyv\u00e9d\u0151 kr\u00e9m<\/li>\n<li data-start=\"2297\" data-end=\"2323\">K\u00e9szp\u00e9nz szem\u00e9lyes kiad\u00e1sokra<\/li>\n<\/ul>","protected":false},"excerpt":{"rendered":"<p><strong>Kir\u00e1ndul\u00e1s Id\u0151pontja:<\/strong> 8:00 \u2014 19:00<\/p>\n<p><strong>A Kir\u00e1ndul\u00e1s Napjai:<\/strong> Minden nap<\/p>","protected":false},"featured_media":63903,"template":"","meta":{"_kad_post_transparent":"default","_kad_post_title":"","_kad_post_layout":"default","_kad_post_sidebar_id":"","_kad_post_content_style":"default","_kad_post_vertical_padding":"default","_kad_post_feature":"","_kad_post_feature_position":"","_kad_post_header":false,"_kad_post_footer":false,"_kad_post_classname":"","_glsr_average":0,"_glsr_ranking":0,"_glsr_reviews":0},"product_brand":[],"product_cat":[448],"product_tag":[],"class_list":{"0":"post-64355","1":"product","2":"type-product","3":"status-publish","4":"has-post-thumbnail","6":"product_cat-kemer","7":"tm-has-options","9":"first","10":"instock","11":"sold-individually","12":"taxable","13":"shipping-taxable","14":"purchasable","15":"product-type-simple","16":"entry","17":"content-bg","18":"loop-entry"},"yoast_head":"<!-- This site is optimized with the Yoast SEO plugin v27.3 - https:\/\/yoast.com\/product\/yoast-seo-wordpress\/ -->\n<title>\u041a\u0430\u043d\u044c\u043e\u043d \u0422\u0430\u0437\u044b 5 \u0432 1 \u0438\u0437 \u041a\u0435\u043c\u0435\u0440\u0430 &#8226; \u042d\u043a\u0441\u043a\u0443\u0440\u0441\u0438\u0438 Skyline<\/title>\n<meta name=\"description\" content=\"\u0417\u0430\u0445\u0432\u0430\u0442\u044b\u0432\u0430\u044e\u0449\u0430\u044f \u044d\u043a\u0441\u043a\u0443\u0440\u0441\u0438\u044f \u043f\u043e \u0441\u0430\u043c\u044b\u043c \u0436\u0438\u0432\u043e\u043f\u0438\u0441\u043d\u044b\u043c \u043a\u0430\u043d\u044c\u043e\u043d\u0430\u043c \u0422\u0443\u0440\u0446\u0438\u0438 \u0441 \u0440\u0430\u0444\u0442\u0438\u043d\u0433\u043e\u043c, \u0437\u0438\u043f\u043b\u0430\u0439\u043d\u043e\u043c \u0438 \u0441\u0430\u0444\u0430\u0440\u0438 \u043d\u0430 \u043a\u0430\u0431\u0440\u0438\u043e \u0430\u0432\u0442\u043e\u0431\u0443\u0441\u0435 \u2014 \u0432\u0441\u0451 \u0432 \u043e\u0434\u043d\u043e\u043c \u0442\u0443\u0440\u0435!\" \/>\n<meta name=\"robots\" content=\"index, follow, max-snippet:-1, max-image-preview:large, max-video-preview:-1\" \/>\n<link rel=\"canonical\" href=\"https:\/\/skyline-gs.com\/hu\/termek\/tazi-5-in-1-kemer\/\" \/>\n<meta property=\"og:locale\" content=\"hu_HU\" \/>\n<meta property=\"og:type\" content=\"article\" \/>\n<meta property=\"og:title\" content=\"\u041a\u0430\u043d\u044c\u043e\u043d \u0422\u0430\u0437\u044b 5 \u0432 1 \u0438\u0437 \u041a\u0435\u043c\u0435\u0440\u0430 &#8226; \u042d\u043a\u0441\u043a\u0443\u0440\u0441\u0438\u0438 Skyline\" \/>\n<meta property=\"og:description\" content=\"\u0417\u0430\u0445\u0432\u0430\u0442\u044b\u0432\u0430\u044e\u0449\u0430\u044f \u044d\u043a\u0441\u043a\u0443\u0440\u0441\u0438\u044f \u043f\u043e \u0441\u0430\u043c\u044b\u043c \u0436\u0438\u0432\u043e\u043f\u0438\u0441\u043d\u044b\u043c \u043a\u0430\u043d\u044c\u043e\u043d\u0430\u043c \u0422\u0443\u0440\u0446\u0438\u0438 \u0441 \u0440\u0430\u0444\u0442\u0438\u043d\u0433\u043e\u043c, \u0437\u0438\u043f\u043b\u0430\u0439\u043d\u043e\u043c \u0438 \u0441\u0430\u0444\u0430\u0440\u0438 \u043d\u0430 \u043a\u0430\u0431\u0440\u0438\u043e \u0430\u0432\u0442\u043e\u0431\u0443\u0441\u0435 \u2014 \u0432\u0441\u0451 \u0432 \u043e\u0434\u043d\u043e\u043c \u0442\u0443\u0440\u0435!\" \/>\n<meta property=\"og:url\" content=\"https:\/\/skyline-gs.com\/hu\/termek\/tazi-5-in-1-kemer\/\" \/>\n<meta property=\"og:site_name\" content=\"\u042d\u043a\u0441\u043a\u0443\u0440\u0441\u0438\u0438 Skyline\" \/>\n<meta property=\"article:modified_time\" content=\"2025-06-16T21:27:55+00:00\" \/>\n<meta property=\"og:image\" content=\"https:\/\/skyline-gs.com\/wp-content\/uploads\/2025\/06\/\u041a\u0430\u043d\u044c\u043e\u043d-\u0422\u0430\u0437\u044b-18.jpg\" \/>\n\t<meta property=\"og:image:width\" content=\"669\" \/>\n\t<meta property=\"og:image:height\" content=\"446\" \/>\n\t<meta property=\"og:image:type\" content=\"image\/jpeg\" \/>\n<meta name=\"twitter:card\" content=\"summary_large_image\" \/>\n<meta name=\"twitter:label1\" content=\"Becs\u00fclt olvas\u00e1si id\u0151\" \/>\n\t<meta name=\"twitter:data1\" content=\"2 perc\" \/>\n<script type=\"application\/ld+json\" class=\"yoast-schema-graph\">{\"@context\":\"https:\\\/\\\/schema.org\",\"@graph\":[{\"@type\":\"WebPage\",\"@id\":\"https:\\\/\\\/skyline-gs.com\\\/cs\\\/produkt\\\/tazi-5-in-1-kemer\\\/\",\"url\":\"https:\\\/\\\/skyline-gs.com\\\/cs\\\/produkt\\\/tazi-5-in-1-kemer\\\/\",\"name\":\"\u041a\u0430\u043d\u044c\u043e\u043d \u0422\u0430\u0437\u044b 5 \u0432 1 \u0438\u0437 \u041a\u0435\u043c\u0435\u0440\u0430 &#8226; \u042d\u043a\u0441\u043a\u0443\u0440\u0441\u0438\u0438 Skyline\",\"isPartOf\":{\"@id\":\"https:\\\/\\\/skyline-gs.com\\\/it\\\/#website\"},\"primaryImageOfPage\":{\"@id\":\"https:\\\/\\\/skyline-gs.com\\\/cs\\\/produkt\\\/tazi-5-in-1-kemer\\\/#primaryimage\"},\"image\":{\"@id\":\"https:\\\/\\\/skyline-gs.com\\\/cs\\\/produkt\\\/tazi-5-in-1-kemer\\\/#primaryimage\"},\"thumbnailUrl\":\"https:\\\/\\\/skyline-gs.com\\\/wp-content\\\/uploads\\\/2025\\\/06\\\/\u041a\u0430\u043d\u044c\u043e\u043d-\u0422\u0430\u0437\u044b-18.jpg\",\"datePublished\":\"2025-06-16T00:30:37+00:00\",\"dateModified\":\"2025-06-16T21:27:55+00:00\",\"description\":\"\u0417\u0430\u0445\u0432\u0430\u0442\u044b\u0432\u0430\u044e\u0449\u0430\u044f \u044d\u043a\u0441\u043a\u0443\u0440\u0441\u0438\u044f \u043f\u043e \u0441\u0430\u043c\u044b\u043c \u0436\u0438\u0432\u043e\u043f\u0438\u0441\u043d\u044b\u043c \u043a\u0430\u043d\u044c\u043e\u043d\u0430\u043c \u0422\u0443\u0440\u0446\u0438\u0438 \u0441 \u0440\u0430\u0444\u0442\u0438\u043d\u0433\u043e\u043c, \u0437\u0438\u043f\u043b\u0430\u0439\u043d\u043e\u043c \u0438 \u0441\u0430\u0444\u0430\u0440\u0438 \u043d\u0430 \u043a\u0430\u0431\u0440\u0438\u043e \u0430\u0432\u0442\u043e\u0431\u0443\u0441\u0435 \u2014 \u0432\u0441\u0451 \u0432 \u043e\u0434\u043d\u043e\u043c \u0442\u0443\u0440\u0435!\",\"breadcrumb\":{\"@id\":\"https:\\\/\\\/skyline-gs.com\\\/cs\\\/produkt\\\/tazi-5-in-1-kemer\\\/#breadcrumb\"},\"inLanguage\":\"hu\",\"potentialAction\":[{\"@type\":\"ReadAction\",\"target\":[\"https:\\\/\\\/skyline-gs.com\\\/cs\\\/produkt\\\/tazi-5-in-1-kemer\\\/\"]}]},{\"@type\":\"ImageObject\",\"inLanguage\":\"hu\",\"@id\":\"https:\\\/\\\/skyline-gs.com\\\/cs\\\/produkt\\\/tazi-5-in-1-kemer\\\/#primaryimage\",\"url\":\"https:\\\/\\\/skyline-gs.com\\\/wp-content\\\/uploads\\\/2025\\\/06\\\/\u041a\u0430\u043d\u044c\u043e\u043d-\u0422\u0430\u0437\u044b-18.jpg\",\"contentUrl\":\"https:\\\/\\\/skyline-gs.com\\\/wp-content\\\/uploads\\\/2025\\\/06\\\/\u041a\u0430\u043d\u044c\u043e\u043d-\u0422\u0430\u0437\u044b-18.jpg\",\"width\":669,\"height\":446},{\"@type\":\"BreadcrumbList\",\"@id\":\"https:\\\/\\\/skyline-gs.com\\\/cs\\\/produkt\\\/tazi-5-in-1-kemer\\\/#breadcrumb\",\"itemListElement\":[{\"@type\":\"ListItem\",\"position\":1,\"name\":\"\u0413\u043b\u0430\u0432\u043d\u0430\u044f \u0441\u0442\u0440\u0430\u043d\u0438\u0446\u0430\",\"item\":\"https:\\\/\\\/skyline-gs.com\\\/hu\\\/\"},{\"@type\":\"ListItem\",\"position\":2,\"name\":\"\u041c\u0430\u0433\u0430\u0437\u0438\u043d\",\"item\":\"https:\\\/\\\/skyline-gs.com\\\/cs\\\/shop\\\/\"},{\"@type\":\"ListItem\",\"position\":3,\"name\":\"\u041a\u0430\u043d\u044c\u043e\u043d \u0422\u0430\u0437\u044b 5 \u0432 1\"}]},{\"@type\":\"WebSite\",\"@id\":\"https:\\\/\\\/skyline-gs.com\\\/it\\\/#website\",\"url\":\"https:\\\/\\\/skyline-gs.com\\\/it\\\/\",\"name\":\"\u042d\u043a\u0441\u043a\u0443\u0440\u0441\u0438\u0438 Skyline\",\"description\":\"\u042d\u043a\u0441\u043a\u043b\u044e\u0437\u0438\u0432\u043d\u044b\u0435 \u044d\u043a\u0441\u043a\u0443\u0440\u0441\u0438\u0438 \u043d\u0430 \u043b\u0443\u0447\u0448\u0438\u0445 \u043a\u0443\u0440\u043e\u0440\u0442\u0430\u0445 \u043c\u0438\u0440\u0430\",\"publisher\":{\"@id\":\"https:\\\/\\\/skyline-gs.com\\\/it\\\/#organization\"},\"alternateName\":\"Skyline\",\"potentialAction\":[{\"@type\":\"SearchAction\",\"target\":{\"@type\":\"EntryPoint\",\"urlTemplate\":\"https:\\\/\\\/skyline-gs.com\\\/it\\\/?s={search_term_string}\"},\"query-input\":{\"@type\":\"PropertyValueSpecification\",\"valueRequired\":true,\"valueName\":\"search_term_string\"}}],\"inLanguage\":\"hu\"},{\"@type\":\"Organization\",\"@id\":\"https:\\\/\\\/skyline-gs.com\\\/it\\\/#organization\",\"name\":\"\u042d\u043a\u0441\u043a\u0443\u0440\u0441\u0438\u0438 Skyline\",\"alternateName\":\"\u042d\u043a\u0441\u043a\u0443\u0440\u0441\u0438\u0438 Skyline\",\"url\":\"https:\\\/\\\/skyline-gs.com\\\/it\\\/\",\"logo\":{\"@type\":\"ImageObject\",\"inLanguage\":\"hu\",\"@id\":\"https:\\\/\\\/skyline-gs.com\\\/it\\\/#\\\/schema\\\/logo\\\/image\\\/\",\"url\":\"https:\\\/\\\/skyline-gs.com\\\/wp-content\\\/uploads\\\/2020\\\/12\\\/cropped-logo-2.png\",\"contentUrl\":\"https:\\\/\\\/skyline-gs.com\\\/wp-content\\\/uploads\\\/2020\\\/12\\\/cropped-logo-2.png\",\"width\":512,\"height\":512,\"caption\":\"\u042d\u043a\u0441\u043a\u0443\u0440\u0441\u0438\u0438 Skyline\"},\"image\":{\"@id\":\"https:\\\/\\\/skyline-gs.com\\\/it\\\/#\\\/schema\\\/logo\\\/image\\\/\"},\"sameAs\":[\"https:\\\/\\\/www.instagram.com\\\/skylineglobalservice\\\/\"]}]}<\/script>\n<!-- \/ Yoast SEO plugin. -->","yoast_head_json":{"title":"\u041a\u0430\u043d\u044c\u043e\u043d \u0422\u0430\u0437\u044b 5 \u0432 1 \u0438\u0437 \u041a\u0435\u043c\u0435\u0440\u0430 &#8226; \u042d\u043a\u0441\u043a\u0443\u0440\u0441\u0438\u0438 Skyline","description":"\u0417\u0430\u0445\u0432\u0430\u0442\u044b\u0432\u0430\u044e\u0449\u0430\u044f \u044d\u043a\u0441\u043a\u0443\u0440\u0441\u0438\u044f \u043f\u043e \u0441\u0430\u043c\u044b\u043c \u0436\u0438\u0432\u043e\u043f\u0438\u0441\u043d\u044b\u043c \u043a\u0430\u043d\u044c\u043e\u043d\u0430\u043c \u0422\u0443\u0440\u0446\u0438\u0438 \u0441 \u0440\u0430\u0444\u0442\u0438\u043d\u0433\u043e\u043c, \u0437\u0438\u043f\u043b\u0430\u0439\u043d\u043e\u043c \u0438 \u0441\u0430\u0444\u0430\u0440\u0438 \u043d\u0430 \u043a\u0430\u0431\u0440\u0438\u043e \u0430\u0432\u0442\u043e\u0431\u0443\u0441\u0435 \u2014 \u0432\u0441\u0451 \u0432 \u043e\u0434\u043d\u043e\u043c \u0442\u0443\u0440\u0435!","robots":{"index":"index","follow":"follow","max-snippet":"max-snippet:-1","max-image-preview":"max-image-preview:large","max-video-preview":"max-video-preview:-1"},"canonical":"https:\/\/skyline-gs.com\/hu\/termek\/tazi-5-in-1-kemer\/","og_locale":"hu_HU","og_type":"article","og_title":"\u041a\u0430\u043d\u044c\u043e\u043d \u0422\u0430\u0437\u044b 5 \u0432 1 \u0438\u0437 \u041a\u0435\u043c\u0435\u0440\u0430 &#8226; \u042d\u043a\u0441\u043a\u0443\u0440\u0441\u0438\u0438 Skyline","og_description":"\u0417\u0430\u0445\u0432\u0430\u0442\u044b\u0432\u0430\u044e\u0449\u0430\u044f \u044d\u043a\u0441\u043a\u0443\u0440\u0441\u0438\u044f \u043f\u043e \u0441\u0430\u043c\u044b\u043c \u0436\u0438\u0432\u043e\u043f\u0438\u0441\u043d\u044b\u043c \u043a\u0430\u043d\u044c\u043e\u043d\u0430\u043c \u0422\u0443\u0440\u0446\u0438\u0438 \u0441 \u0440\u0430\u0444\u0442\u0438\u043d\u0433\u043e\u043c, \u0437\u0438\u043f\u043b\u0430\u0439\u043d\u043e\u043c \u0438 \u0441\u0430\u0444\u0430\u0440\u0438 \u043d\u0430 \u043a\u0430\u0431\u0440\u0438\u043e \u0430\u0432\u0442\u043e\u0431\u0443\u0441\u0435 \u2014 \u0432\u0441\u0451 \u0432 \u043e\u0434\u043d\u043e\u043c \u0442\u0443\u0440\u0435!","og_url":"https:\/\/skyline-gs.com\/hu\/termek\/tazi-5-in-1-kemer\/","og_site_name":"\u042d\u043a\u0441\u043a\u0443\u0440\u0441\u0438\u0438 Skyline","article_modified_time":"2025-06-16T21:27:55+00:00","og_image":[{"width":669,"height":446,"url":"https:\/\/skyline-gs.com\/wp-content\/uploads\/2025\/06\/\u041a\u0430\u043d\u044c\u043e\u043d-\u0422\u0430\u0437\u044b-18.jpg","type":"image\/jpeg"}],"twitter_card":"summary_large_image","twitter_misc":{"Becs\u00fclt olvas\u00e1si id\u0151":"2 perc"},"schema":{"@context":"https:\/\/schema.org","@graph":[{"@type":"WebPage","@id":"https:\/\/skyline-gs.com\/cs\/produkt\/tazi-5-in-1-kemer\/","url":"https:\/\/skyline-gs.com\/cs\/produkt\/tazi-5-in-1-kemer\/","name":"\u041a\u0430\u043d\u044c\u043e\u043d \u0422\u0430\u0437\u044b 5 \u0432 1 \u0438\u0437 \u041a\u0435\u043c\u0435\u0440\u0430 &#8226; \u042d\u043a\u0441\u043a\u0443\u0440\u0441\u0438\u0438 Skyline","isPartOf":{"@id":"https:\/\/skyline-gs.com\/it\/#website"},"primaryImageOfPage":{"@id":"https:\/\/skyline-gs.com\/cs\/produkt\/tazi-5-in-1-kemer\/#primaryimage"},"image":{"@id":"https:\/\/skyline-gs.com\/cs\/produkt\/tazi-5-in-1-kemer\/#primaryimage"},"thumbnailUrl":"https:\/\/skyline-gs.com\/wp-content\/uploads\/2025\/06\/\u041a\u0430\u043d\u044c\u043e\u043d-\u0422\u0430\u0437\u044b-18.jpg","datePublished":"2025-06-16T00:30:37+00:00","dateModified":"2025-06-16T21:27:55+00:00","description":"\u0417\u0430\u0445\u0432\u0430\u0442\u044b\u0432\u0430\u044e\u0449\u0430\u044f \u044d\u043a\u0441\u043a\u0443\u0440\u0441\u0438\u044f \u043f\u043e \u0441\u0430\u043c\u044b\u043c \u0436\u0438\u0432\u043e\u043f\u0438\u0441\u043d\u044b\u043c \u043a\u0430\u043d\u044c\u043e\u043d\u0430\u043c \u0422\u0443\u0440\u0446\u0438\u0438 \u0441 \u0440\u0430\u0444\u0442\u0438\u043d\u0433\u043e\u043c, \u0437\u0438\u043f\u043b\u0430\u0439\u043d\u043e\u043c \u0438 \u0441\u0430\u0444\u0430\u0440\u0438 \u043d\u0430 \u043a\u0430\u0431\u0440\u0438\u043e \u0430\u0432\u0442\u043e\u0431\u0443\u0441\u0435 \u2014 \u0432\u0441\u0451 \u0432 \u043e\u0434\u043d\u043e\u043c \u0442\u0443\u0440\u0435!","breadcrumb":{"@id":"https:\/\/skyline-gs.com\/cs\/produkt\/tazi-5-in-1-kemer\/#breadcrumb"},"inLanguage":"hu","potentialAction":[{"@type":"ReadAction","target":["https:\/\/skyline-gs.com\/cs\/produkt\/tazi-5-in-1-kemer\/"]}]},{"@type":"ImageObject","inLanguage":"hu","@id":"https:\/\/skyline-gs.com\/cs\/produkt\/tazi-5-in-1-kemer\/#primaryimage","url":"https:\/\/skyline-gs.com\/wp-content\/uploads\/2025\/06\/\u041a\u0430\u043d\u044c\u043e\u043d-\u0422\u0430\u0437\u044b-18.jpg","contentUrl":"https:\/\/skyline-gs.com\/wp-content\/uploads\/2025\/06\/\u041a\u0430\u043d\u044c\u043e\u043d-\u0422\u0430\u0437\u044b-18.jpg","width":669,"height":446},{"@type":"BreadcrumbList","@id":"https:\/\/skyline-gs.com\/cs\/produkt\/tazi-5-in-1-kemer\/#breadcrumb","itemListElement":[{"@type":"ListItem","position":1,"name":"\u0413\u043b\u0430\u0432\u043d\u0430\u044f \u0441\u0442\u0440\u0430\u043d\u0438\u0446\u0430","item":"https:\/\/skyline-gs.com\/hu\/"},{"@type":"ListItem","position":2,"name":"\u041c\u0430\u0433\u0430\u0437\u0438\u043d","item":"https:\/\/skyline-gs.com\/cs\/shop\/"},{"@type":"ListItem","position":3,"name":"\u041a\u0430\u043d\u044c\u043e\u043d \u0422\u0430\u0437\u044b 5 \u0432 1"}]},{"@type":"WebSite","@id":"https:\/\/skyline-gs.com\/it\/#website","url":"https:\/\/skyline-gs.com\/it\/","name":"Skyline T\u00far\u00e1k","description":"Exkluz\u00edv kir\u00e1ndul\u00e1sok a vil\u00e1g legjobb \u00fcd\u00fcl\u0151helyein","publisher":{"@id":"https:\/\/skyline-gs.com\/it\/#organization"},"alternateName":"Skyline","potentialAction":[{"@type":"SearchAction","target":{"@type":"EntryPoint","urlTemplate":"https:\/\/skyline-gs.com\/it\/?s={search_term_string}"},"query-input":{"@type":"PropertyValueSpecification","valueRequired":true,"valueName":"search_term_string"}}],"inLanguage":"hu"},{"@type":"Organization","@id":"https:\/\/skyline-gs.com\/it\/#organization","name":"Skyline T\u00far\u00e1k","alternateName":"\u042d\u043a\u0441\u043a\u0443\u0440\u0441\u0438\u0438 Skyline","url":"https:\/\/skyline-gs.com\/it\/","logo":{"@type":"ImageObject","inLanguage":"hu","@id":"https:\/\/skyline-gs.com\/it\/#\/schema\/logo\/image\/","url":"https:\/\/skyline-gs.com\/wp-content\/uploads\/2020\/12\/cropped-logo-2.png","contentUrl":"https:\/\/skyline-gs.com\/wp-content\/uploads\/2020\/12\/cropped-logo-2.png","width":512,"height":512,"caption":"\u042d\u043a\u0441\u043a\u0443\u0440\u0441\u0438\u0438 Skyline"},"image":{"@id":"https:\/\/skyline-gs.com\/it\/#\/schema\/logo\/image\/"},"sameAs":["https:\/\/www.instagram.com\/skylineglobalservice\/"]}]}},"_links":{"self":[{"href":"https:\/\/skyline-gs.com\/hu\/wp-json\/wp\/v2\/product\/64355","targetHints":{"allow":["GET"]}}],"collection":[{"href":"https:\/\/skyline-gs.com\/hu\/wp-json\/wp\/v2\/product"}],"about":[{"href":"https:\/\/skyline-gs.com\/hu\/wp-json\/wp\/v2\/types\/product"}],"version-history":[{"count":0,"href":"https:\/\/skyline-gs.com\/hu\/wp-json\/wp\/v2\/product\/64355\/revisions"}],"wp:featuredmedia":[{"embeddable":true,"href":"https:\/\/skyline-gs.com\/hu\/wp-json\/wp\/v2\/media\/63903"}],"wp:attachment":[{"href":"https:\/\/skyline-gs.com\/hu\/wp-json\/wp\/v2\/media?parent=64355"}],"wp:term":[{"taxonomy":"product_brand","embeddable":true,"href":"https:\/\/skyline-gs.com\/hu\/wp-json\/wp\/v2\/product_brand?post=64355"},{"taxonomy":"product_cat","embeddable":true,"href":"https:\/\/skyline-gs.com\/hu\/wp-json\/wp\/v2\/product_cat?post=64355"},{"taxonomy":"product_tag","embeddable":true,"href":"https:\/\/skyline-gs.com\/hu\/wp-json\/wp\/v2\/product_tag?post=64355"}],"curies":[{"name":"wp","href":"https:\/\/api.w.org\/{rel}","templated":true}]}}