{"id":64344,"date":"2025-06-16T00:51:23","date_gmt":"2025-06-15T22:51:23","guid":{"rendered":"http:\/\/skyline-gs.com\/?post_type=product&#038;p=64344"},"modified":"2025-06-16T23:17:43","modified_gmt":"2025-06-16T21:17:43","slug":"afari-on-atvs-rafting-kemer","status":"publish","type":"product","link":"https:\/\/skyline-gs.com\/hu\/product\/afari-on-atvs-rafting-kemer\/","title":{"rendered":"ATV szafari + Rafting"},"content":{"rendered":"<p>Kett\u0151s adag extr\u00e9m sport: rafting egy hegyi foly\u00f3n \u00e9s quad szafari terepen - mindez egy nap alatt!<\/p>\n<p><strong>8:00 - Kijelentkez\u00e9s a sz\u00e1llod\u00e1b\u00f3l. <\/strong>Reggel transzfer a sz\u00e1llod\u00e1b\u00f3l a K\u00f6pr\u00fcl\u00fc kanyonhoz<\/p>\n<ul>\n<li><strong>Utas\u00edt\u00e1s<\/strong> \u00e9s a felszerel\u00e9sek kiad\u00e1sa<\/li>\n<li><strong>Rafting<\/strong> (2 \u00f3ra, 8-10 f\u0151s cs\u00f3nakok oktat\u00f3val)<\/li>\n<li><strong>F\u00fcrd\u00e9si meg\u00e1ll\u00f3k<\/strong> \u00e9s fot\u00f3<\/li>\n<li><strong>Quadro szafari<\/strong> (30-45 perc hegyi \u00e9s erdei utakon)<\/li>\n<li>Eb\u00e9d egy tengerparti \u00e9tteremben. <strong>B\u00fcf\u00e9<\/strong>: sal\u00e1t\u00e1k, pil\u00e1f, t\u00e9sztaf\u00e9l\u00e9k, csirke kebab, halak<\/li>\n<\/ul>\n<p data-start=\"764\" data-end=\"809\"><strong>19:00 - Visszat\u00e9r\u00e9s a sz\u00e1llod\u00e1ba.<\/strong><\/p>\n<p><strong>Tartalmazza:<\/strong><\/p>\n<ul>\n<li>Transzfer a sz\u00e1llod\u00e1b\u00f3l \u00e9s a sz\u00e1llod\u00e1ba<\/li>\n<li>Felszerel\u00e9s (sisak, mell\u00e9ny, evez\u0151)<\/li>\n<li>Tapasztalt k\u00eds\u00e9r\u0151<\/li>\n<li>Biztos\u00edt\u00e1s<\/li>\n<li>Eb\u00e9d<\/li>\n<\/ul>\n<p><strong>Nem tartalmazza:<\/strong><\/p>\n<ul>\n<li>Italok<\/li>\n<li>F\u00e9nyk\u00e9p \u00e9s vide\u00f3 - USB (opcion\u00e1lis)<\/li>\n<li>Por\u00e1ll\u00f3 kend\u0151<\/li>\n<li>Szafari szem\u00fcveg<\/li>\n<li>Telefon tok (opcion\u00e1lis)<\/li>\n<li>B\u00fav\u00e1rruha<\/li>\n<li>Gumi cip\u0151<\/li>\n<li>Raft kajak<\/li>\n<li>Szem\u00e9lyi kiad\u00e1sok<\/li>\n<\/ul>\n<p><strong>Vigy\u00e9l magaddal:<\/strong><\/p>\n<ul>\n<li>Z\u00e1rt cip\u0151 k\u00f6telez\u0151! Flip-flopban nem mehetsz raftingolni.<\/li>\n<li>F\u00fcrd\u0151ruha, t\u00f6r\u00f6lk\u00f6z\u0151, naptej \u00e9s napszem\u00fcveg<\/li>\n<li>Sz\u00e1raz ruh\u00e1zat, fejfed\u0151<\/li>\n<li>Gumicsizma, mell\u00e9ny alatti p\u00e1nc\u00e9ling.<\/li>\n<li>P\u00e9nz szem\u00e9lyes kiad\u00e1sokra<\/li>\n<\/ul>\n<p><strong>Amit fontos tudni:<\/strong><\/p>\n<ul>\n<li>Vezet\u0151i enged\u00e9ly <strong data-start=\"1511\" data-end=\"1527\">nem sz\u00fcks\u00e9ges<\/strong><\/li>\n<li>16 \u00e9v alatti gyermekek - csak sz\u00fcl\u0151kkel<\/li>\n<li>A f\u00e9nyk\u00e9pek\/vide\u00f3k sz\u00e1m\u00e1ra vigyen mag\u00e1val egy pendrive-ot.<\/li>\n<li>A program sorrendje megv\u00e1ltoztathat\u00f3<\/li>\n<\/ul>","protected":false},"excerpt":{"rendered":"<p><strong>Kir\u00e1ndul\u00e1s Id\u0151pontja:<\/strong> 8:00 - 19:00<\/p>\n<p><strong>A Kir\u00e1ndul\u00e1s Napjai:<\/strong> Minden nap<\/p>","protected":false},"featured_media":64365,"template":"","meta":{"_kad_post_transparent":"default","_kad_post_title":"","_kad_post_layout":"default","_kad_post_sidebar_id":"","_kad_post_content_style":"default","_kad_post_vertical_padding":"default","_kad_post_feature":"","_kad_post_feature_position":"","_kad_post_header":false,"_kad_post_footer":false,"_kad_post_classname":"","_glsr_average":0,"_glsr_ranking":0,"_glsr_reviews":0},"product_brand":[],"product_cat":[448],"product_tag":[],"class_list":{"0":"post-64344","1":"product","2":"type-product","3":"status-publish","4":"has-post-thumbnail","6":"product_cat-kemer","7":"tm-has-options","9":"first","10":"instock","11":"sold-individually","12":"taxable","13":"shipping-taxable","14":"purchasable","15":"product-type-simple","16":"entry","17":"content-bg","18":"loop-entry"},"yoast_head":"<!-- This site is optimized with the Yoast SEO plugin v27.3 - https:\/\/yoast.com\/product\/yoast-seo-wordpress\/ -->\n<title>\u0421\u0430\u0444\u0430\u0440\u0438 \u043d\u0430 \u043a\u0432\u0430\u0434\u0440\u043e\u0446\u0438\u043a\u043b\u0430\u0445 + \u0420\u0430\u0444\u0442\u0438\u043d\u0433 \u0438\u0437 \u041a\u0435\u043c\u0435\u0440\u0430 &#8226; \u042d\u043a\u0441\u043a\u0443\u0440\u0441\u0438\u0438 Skyline<\/title>\n<meta name=\"description\" content=\"\u0414\u0432\u043e\u0439\u043d\u0430\u044f \u043f\u043e\u0440\u0446\u0438\u044f \u044d\u043a\u0441\u0442\u0440\u0438\u043c\u0430: \u0440\u0430\u0444\u0442\u0438\u043d\u0433 \u043f\u043e \u0433\u043e\u0440\u043d\u043e\u0439 \u0440\u0435\u043a\u0435 \u0438 \u0441\u0430\u0444\u0430\u0440\u0438 \u043d\u0430 \u043a\u0432\u0430\u0434\u0440\u043e\u0446\u0438\u043a\u043b\u0430\u0445 \u043f\u043e \u0431\u0435\u0437\u0434\u043e\u0440\u043e\u0436\u044c\u044e \u2014 \u0432\u0441\u0451 \u0437\u0430 \u043e\u0434\u0438\u043d \u0434\u0435\u043d\u044c!\" \/>\n<meta name=\"robots\" content=\"index, follow, max-snippet:-1, max-image-preview:large, max-video-preview:-1\" \/>\n<link rel=\"canonical\" href=\"http:\/\/skyline-gs.com\/hu\/termek\/afari-on-atvs-rafting-kemer\/\" \/>\n<meta property=\"og:locale\" content=\"hu_HU\" \/>\n<meta property=\"og:type\" content=\"article\" \/>\n<meta property=\"og:title\" content=\"\u0421\u0430\u0444\u0430\u0440\u0438 \u043d\u0430 \u043a\u0432\u0430\u0434\u0440\u043e\u0446\u0438\u043a\u043b\u0430\u0445 + \u0420\u0430\u0444\u0442\u0438\u043d\u0433 \u0438\u0437 \u041a\u0435\u043c\u0435\u0440\u0430 &#8226; \u042d\u043a\u0441\u043a\u0443\u0440\u0441\u0438\u0438 Skyline\" \/>\n<meta property=\"og:description\" content=\"\u0414\u0432\u043e\u0439\u043d\u0430\u044f \u043f\u043e\u0440\u0446\u0438\u044f \u044d\u043a\u0441\u0442\u0440\u0438\u043c\u0430: \u0440\u0430\u0444\u0442\u0438\u043d\u0433 \u043f\u043e \u0433\u043e\u0440\u043d\u043e\u0439 \u0440\u0435\u043a\u0435 \u0438 \u0441\u0430\u0444\u0430\u0440\u0438 \u043d\u0430 \u043a\u0432\u0430\u0434\u0440\u043e\u0446\u0438\u043a\u043b\u0430\u0445 \u043f\u043e \u0431\u0435\u0437\u0434\u043e\u0440\u043e\u0436\u044c\u044e \u2014 \u0432\u0441\u0451 \u0437\u0430 \u043e\u0434\u0438\u043d \u0434\u0435\u043d\u044c!\" \/>\n<meta property=\"og:url\" content=\"http:\/\/skyline-gs.com\/hu\/termek\/afari-on-atvs-rafting-kemer\/\" \/>\n<meta property=\"og:site_name\" content=\"\u042d\u043a\u0441\u043a\u0443\u0440\u0441\u0438\u0438 Skyline\" \/>\n<meta property=\"article:modified_time\" content=\"2025-06-16T21:17:43+00:00\" \/>\n<meta property=\"og:image\" content=\"https:\/\/skyline-gs.com\/wp-content\/uploads\/2025\/06\/\u041a\u0432\u0430\u0434\u0440\u043e\u0446\u0438\u043a\u043b\u044b-\u041a\u0435\u043c\u0435\u0440.jpg\" \/>\n\t<meta property=\"og:image:width\" content=\"669\" \/>\n\t<meta property=\"og:image:height\" content=\"446\" \/>\n\t<meta property=\"og:image:type\" content=\"image\/jpeg\" \/>\n<meta name=\"twitter:card\" content=\"summary_large_image\" \/>\n<meta name=\"twitter:label1\" content=\"Becs\u00fclt olvas\u00e1si id\u0151\" \/>\n\t<meta name=\"twitter:data1\" content=\"2 perc\" \/>\n<script type=\"application\/ld+json\" class=\"yoast-schema-graph\">{\"@context\":\"https:\\\/\\\/schema.org\",\"@graph\":[{\"@type\":\"WebPage\",\"@id\":\"http:\\\/\\\/skyline-gs.com\\\/de\\\/produkt\\\/afari-on-atvs-rafting-kemer\\\/\",\"url\":\"http:\\\/\\\/skyline-gs.com\\\/de\\\/produkt\\\/afari-on-atvs-rafting-kemer\\\/\",\"name\":\"\u0421\u0430\u0444\u0430\u0440\u0438 \u043d\u0430 \u043a\u0432\u0430\u0434\u0440\u043e\u0446\u0438\u043a\u043b\u0430\u0445 + \u0420\u0430\u0444\u0442\u0438\u043d\u0433 \u0438\u0437 \u041a\u0435\u043c\u0435\u0440\u0430 &#8226; \u042d\u043a\u0441\u043a\u0443\u0440\u0441\u0438\u0438 Skyline\",\"isPartOf\":{\"@id\":\"https:\\\/\\\/skyline-gs.com\\\/it\\\/#website\"},\"primaryImageOfPage\":{\"@id\":\"http:\\\/\\\/skyline-gs.com\\\/de\\\/produkt\\\/afari-on-atvs-rafting-kemer\\\/#primaryimage\"},\"image\":{\"@id\":\"http:\\\/\\\/skyline-gs.com\\\/de\\\/produkt\\\/afari-on-atvs-rafting-kemer\\\/#primaryimage\"},\"thumbnailUrl\":\"https:\\\/\\\/skyline-gs.com\\\/wp-content\\\/uploads\\\/2025\\\/06\\\/\u041a\u0432\u0430\u0434\u0440\u043e\u0446\u0438\u043a\u043b\u044b-\u041a\u0435\u043c\u0435\u0440.jpg\",\"datePublished\":\"2025-06-15T22:51:23+00:00\",\"dateModified\":\"2025-06-16T21:17:43+00:00\",\"description\":\"\u0414\u0432\u043e\u0439\u043d\u0430\u044f \u043f\u043e\u0440\u0446\u0438\u044f \u044d\u043a\u0441\u0442\u0440\u0438\u043c\u0430: \u0440\u0430\u0444\u0442\u0438\u043d\u0433 \u043f\u043e \u0433\u043e\u0440\u043d\u043e\u0439 \u0440\u0435\u043a\u0435 \u0438 \u0441\u0430\u0444\u0430\u0440\u0438 \u043d\u0430 \u043a\u0432\u0430\u0434\u0440\u043e\u0446\u0438\u043a\u043b\u0430\u0445 \u043f\u043e \u0431\u0435\u0437\u0434\u043e\u0440\u043e\u0436\u044c\u044e \u2014 \u0432\u0441\u0451 \u0437\u0430 \u043e\u0434\u0438\u043d \u0434\u0435\u043d\u044c!\",\"breadcrumb\":{\"@id\":\"http:\\\/\\\/skyline-gs.com\\\/de\\\/produkt\\\/afari-on-atvs-rafting-kemer\\\/#breadcrumb\"},\"inLanguage\":\"hu\",\"potentialAction\":[{\"@type\":\"ReadAction\",\"target\":[\"http:\\\/\\\/skyline-gs.com\\\/de\\\/produkt\\\/afari-on-atvs-rafting-kemer\\\/\"]}]},{\"@type\":\"ImageObject\",\"inLanguage\":\"hu\",\"@id\":\"http:\\\/\\\/skyline-gs.com\\\/de\\\/produkt\\\/afari-on-atvs-rafting-kemer\\\/#primaryimage\",\"url\":\"https:\\\/\\\/skyline-gs.com\\\/wp-content\\\/uploads\\\/2025\\\/06\\\/\u041a\u0432\u0430\u0434\u0440\u043e\u0446\u0438\u043a\u043b\u044b-\u041a\u0435\u043c\u0435\u0440.jpg\",\"contentUrl\":\"https:\\\/\\\/skyline-gs.com\\\/wp-content\\\/uploads\\\/2025\\\/06\\\/\u041a\u0432\u0430\u0434\u0440\u043e\u0446\u0438\u043a\u043b\u044b-\u041a\u0435\u043c\u0435\u0440.jpg\",\"width\":669,\"height\":446},{\"@type\":\"BreadcrumbList\",\"@id\":\"http:\\\/\\\/skyline-gs.com\\\/de\\\/produkt\\\/afari-on-atvs-rafting-kemer\\\/#breadcrumb\",\"itemListElement\":[{\"@type\":\"ListItem\",\"position\":1,\"name\":\"\u0413\u043b\u0430\u0432\u043d\u0430\u044f \u0441\u0442\u0440\u0430\u043d\u0438\u0446\u0430\",\"item\":\"https:\\\/\\\/skyline-gs.com\\\/hu\\\/\"},{\"@type\":\"ListItem\",\"position\":2,\"name\":\"\u041c\u0430\u0433\u0430\u0437\u0438\u043d\",\"item\":\"https:\\\/\\\/skyline-gs.com\\\/cs\\\/shop\\\/\"},{\"@type\":\"ListItem\",\"position\":3,\"name\":\"\u0421\u0430\u0444\u0430\u0440\u0438 \u043d\u0430 \u043a\u0432\u0430\u0434\u0440\u043e\u0446\u0438\u043a\u043b\u0430\u0445 + \u0420\u0430\u0444\u0442\u0438\u043d\u0433\"}]},{\"@type\":\"WebSite\",\"@id\":\"https:\\\/\\\/skyline-gs.com\\\/it\\\/#website\",\"url\":\"https:\\\/\\\/skyline-gs.com\\\/it\\\/\",\"name\":\"\u042d\u043a\u0441\u043a\u0443\u0440\u0441\u0438\u0438 Skyline\",\"description\":\"\u042d\u043a\u0441\u043a\u043b\u044e\u0437\u0438\u0432\u043d\u044b\u0435 \u044d\u043a\u0441\u043a\u0443\u0440\u0441\u0438\u0438 \u043d\u0430 \u043b\u0443\u0447\u0448\u0438\u0445 \u043a\u0443\u0440\u043e\u0440\u0442\u0430\u0445 \u043c\u0438\u0440\u0430\",\"publisher\":{\"@id\":\"https:\\\/\\\/skyline-gs.com\\\/it\\\/#organization\"},\"alternateName\":\"Skyline\",\"potentialAction\":[{\"@type\":\"SearchAction\",\"target\":{\"@type\":\"EntryPoint\",\"urlTemplate\":\"https:\\\/\\\/skyline-gs.com\\\/it\\\/?s={search_term_string}\"},\"query-input\":{\"@type\":\"PropertyValueSpecification\",\"valueRequired\":true,\"valueName\":\"search_term_string\"}}],\"inLanguage\":\"hu\"},{\"@type\":\"Organization\",\"@id\":\"https:\\\/\\\/skyline-gs.com\\\/it\\\/#organization\",\"name\":\"\u042d\u043a\u0441\u043a\u0443\u0440\u0441\u0438\u0438 Skyline\",\"alternateName\":\"\u042d\u043a\u0441\u043a\u0443\u0440\u0441\u0438\u0438 Skyline\",\"url\":\"https:\\\/\\\/skyline-gs.com\\\/it\\\/\",\"logo\":{\"@type\":\"ImageObject\",\"inLanguage\":\"hu\",\"@id\":\"https:\\\/\\\/skyline-gs.com\\\/it\\\/#\\\/schema\\\/logo\\\/image\\\/\",\"url\":\"https:\\\/\\\/skyline-gs.com\\\/wp-content\\\/uploads\\\/2020\\\/12\\\/cropped-logo-2.png\",\"contentUrl\":\"https:\\\/\\\/skyline-gs.com\\\/wp-content\\\/uploads\\\/2020\\\/12\\\/cropped-logo-2.png\",\"width\":512,\"height\":512,\"caption\":\"\u042d\u043a\u0441\u043a\u0443\u0440\u0441\u0438\u0438 Skyline\"},\"image\":{\"@id\":\"https:\\\/\\\/skyline-gs.com\\\/it\\\/#\\\/schema\\\/logo\\\/image\\\/\"},\"sameAs\":[\"https:\\\/\\\/www.instagram.com\\\/skylineglobalservice\\\/\"]}]}<\/script>\n<!-- \/ Yoast SEO plugin. -->","yoast_head_json":{"title":"\u0421\u0430\u0444\u0430\u0440\u0438 \u043d\u0430 \u043a\u0432\u0430\u0434\u0440\u043e\u0446\u0438\u043a\u043b\u0430\u0445 + \u0420\u0430\u0444\u0442\u0438\u043d\u0433 \u0438\u0437 \u041a\u0435\u043c\u0435\u0440\u0430 &#8226; \u042d\u043a\u0441\u043a\u0443\u0440\u0441\u0438\u0438 Skyline","description":"Kett\u0151s adag extr\u00e9m sport: rafting egy hegyi foly\u00f3n \u00e9s quad szafari terepen - mindez egy nap alatt!","robots":{"index":"index","follow":"follow","max-snippet":"max-snippet:-1","max-image-preview":"max-image-preview:large","max-video-preview":"max-video-preview:-1"},"canonical":"http:\/\/skyline-gs.com\/hu\/termek\/afari-on-atvs-rafting-kemer\/","og_locale":"hu_HU","og_type":"article","og_title":"\u0421\u0430\u0444\u0430\u0440\u0438 \u043d\u0430 \u043a\u0432\u0430\u0434\u0440\u043e\u0446\u0438\u043a\u043b\u0430\u0445 + \u0420\u0430\u0444\u0442\u0438\u043d\u0433 \u0438\u0437 \u041a\u0435\u043c\u0435\u0440\u0430 &#8226; \u042d\u043a\u0441\u043a\u0443\u0440\u0441\u0438\u0438 Skyline","og_description":"\u0414\u0432\u043e\u0439\u043d\u0430\u044f \u043f\u043e\u0440\u0446\u0438\u044f \u044d\u043a\u0441\u0442\u0440\u0438\u043c\u0430: \u0440\u0430\u0444\u0442\u0438\u043d\u0433 \u043f\u043e \u0433\u043e\u0440\u043d\u043e\u0439 \u0440\u0435\u043a\u0435 \u0438 \u0441\u0430\u0444\u0430\u0440\u0438 \u043d\u0430 \u043a\u0432\u0430\u0434\u0440\u043e\u0446\u0438\u043a\u043b\u0430\u0445 \u043f\u043e \u0431\u0435\u0437\u0434\u043e\u0440\u043e\u0436\u044c\u044e \u2014 \u0432\u0441\u0451 \u0437\u0430 \u043e\u0434\u0438\u043d \u0434\u0435\u043d\u044c!","og_url":"http:\/\/skyline-gs.com\/hu\/termek\/afari-on-atvs-rafting-kemer\/","og_site_name":"\u042d\u043a\u0441\u043a\u0443\u0440\u0441\u0438\u0438 Skyline","article_modified_time":"2025-06-16T21:17:43+00:00","og_image":[{"width":669,"height":446,"url":"https:\/\/skyline-gs.com\/wp-content\/uploads\/2025\/06\/\u041a\u0432\u0430\u0434\u0440\u043e\u0446\u0438\u043a\u043b\u044b-\u041a\u0435\u043c\u0435\u0440.jpg","type":"image\/jpeg"}],"twitter_card":"summary_large_image","twitter_misc":{"Becs\u00fclt olvas\u00e1si id\u0151":"2 perc"},"schema":{"@context":"https:\/\/schema.org","@graph":[{"@type":"WebPage","@id":"http:\/\/skyline-gs.com\/de\/produkt\/afari-on-atvs-rafting-kemer\/","url":"http:\/\/skyline-gs.com\/de\/produkt\/afari-on-atvs-rafting-kemer\/","name":"\u0421\u0430\u0444\u0430\u0440\u0438 \u043d\u0430 \u043a\u0432\u0430\u0434\u0440\u043e\u0446\u0438\u043a\u043b\u0430\u0445 + \u0420\u0430\u0444\u0442\u0438\u043d\u0433 \u0438\u0437 \u041a\u0435\u043c\u0435\u0440\u0430 &#8226; \u042d\u043a\u0441\u043a\u0443\u0440\u0441\u0438\u0438 Skyline","isPartOf":{"@id":"https:\/\/skyline-gs.com\/it\/#website"},"primaryImageOfPage":{"@id":"http:\/\/skyline-gs.com\/de\/produkt\/afari-on-atvs-rafting-kemer\/#primaryimage"},"image":{"@id":"http:\/\/skyline-gs.com\/de\/produkt\/afari-on-atvs-rafting-kemer\/#primaryimage"},"thumbnailUrl":"https:\/\/skyline-gs.com\/wp-content\/uploads\/2025\/06\/\u041a\u0432\u0430\u0434\u0440\u043e\u0446\u0438\u043a\u043b\u044b-\u041a\u0435\u043c\u0435\u0440.jpg","datePublished":"2025-06-15T22:51:23+00:00","dateModified":"2025-06-16T21:17:43+00:00","description":"Kett\u0151s adag extr\u00e9m sport: rafting egy hegyi foly\u00f3n \u00e9s quad szafari terepen - mindez egy nap alatt!","breadcrumb":{"@id":"http:\/\/skyline-gs.com\/de\/produkt\/afari-on-atvs-rafting-kemer\/#breadcrumb"},"inLanguage":"hu","potentialAction":[{"@type":"ReadAction","target":["http:\/\/skyline-gs.com\/de\/produkt\/afari-on-atvs-rafting-kemer\/"]}]},{"@type":"ImageObject","inLanguage":"hu","@id":"http:\/\/skyline-gs.com\/de\/produkt\/afari-on-atvs-rafting-kemer\/#primaryimage","url":"https:\/\/skyline-gs.com\/wp-content\/uploads\/2025\/06\/\u041a\u0432\u0430\u0434\u0440\u043e\u0446\u0438\u043a\u043b\u044b-\u041a\u0435\u043c\u0435\u0440.jpg","contentUrl":"https:\/\/skyline-gs.com\/wp-content\/uploads\/2025\/06\/\u041a\u0432\u0430\u0434\u0440\u043e\u0446\u0438\u043a\u043b\u044b-\u041a\u0435\u043c\u0435\u0440.jpg","width":669,"height":446},{"@type":"BreadcrumbList","@id":"http:\/\/skyline-gs.com\/de\/produkt\/afari-on-atvs-rafting-kemer\/#breadcrumb","itemListElement":[{"@type":"ListItem","position":1,"name":"\u0413\u043b\u0430\u0432\u043d\u0430\u044f \u0441\u0442\u0440\u0430\u043d\u0438\u0446\u0430","item":"https:\/\/skyline-gs.com\/hu\/"},{"@type":"ListItem","position":2,"name":"\u041c\u0430\u0433\u0430\u0437\u0438\u043d","item":"https:\/\/skyline-gs.com\/cs\/shop\/"},{"@type":"ListItem","position":3,"name":"\u0421\u0430\u0444\u0430\u0440\u0438 \u043d\u0430 \u043a\u0432\u0430\u0434\u0440\u043e\u0446\u0438\u043a\u043b\u0430\u0445 + \u0420\u0430\u0444\u0442\u0438\u043d\u0433"}]},{"@type":"WebSite","@id":"https:\/\/skyline-gs.com\/it\/#website","url":"https:\/\/skyline-gs.com\/it\/","name":"Skyline T\u00far\u00e1k","description":"Exkluz\u00edv kir\u00e1ndul\u00e1sok a vil\u00e1g legjobb \u00fcd\u00fcl\u0151helyein","publisher":{"@id":"https:\/\/skyline-gs.com\/it\/#organization"},"alternateName":"Skyline","potentialAction":[{"@type":"SearchAction","target":{"@type":"EntryPoint","urlTemplate":"https:\/\/skyline-gs.com\/it\/?s={search_term_string}"},"query-input":{"@type":"PropertyValueSpecification","valueRequired":true,"valueName":"search_term_string"}}],"inLanguage":"hu"},{"@type":"Organization","@id":"https:\/\/skyline-gs.com\/it\/#organization","name":"Skyline T\u00far\u00e1k","alternateName":"\u042d\u043a\u0441\u043a\u0443\u0440\u0441\u0438\u0438 Skyline","url":"https:\/\/skyline-gs.com\/it\/","logo":{"@type":"ImageObject","inLanguage":"hu","@id":"https:\/\/skyline-gs.com\/it\/#\/schema\/logo\/image\/","url":"https:\/\/skyline-gs.com\/wp-content\/uploads\/2020\/12\/cropped-logo-2.png","contentUrl":"https:\/\/skyline-gs.com\/wp-content\/uploads\/2020\/12\/cropped-logo-2.png","width":512,"height":512,"caption":"\u042d\u043a\u0441\u043a\u0443\u0440\u0441\u0438\u0438 Skyline"},"image":{"@id":"https:\/\/skyline-gs.com\/it\/#\/schema\/logo\/image\/"},"sameAs":["https:\/\/www.instagram.com\/skylineglobalservice\/"]}]}},"_links":{"self":[{"href":"https:\/\/skyline-gs.com\/hu\/wp-json\/wp\/v2\/product\/64344","targetHints":{"allow":["GET"]}}],"collection":[{"href":"https:\/\/skyline-gs.com\/hu\/wp-json\/wp\/v2\/product"}],"about":[{"href":"https:\/\/skyline-gs.com\/hu\/wp-json\/wp\/v2\/types\/product"}],"version-history":[{"count":0,"href":"https:\/\/skyline-gs.com\/hu\/wp-json\/wp\/v2\/product\/64344\/revisions"}],"wp:featuredmedia":[{"embeddable":true,"href":"https:\/\/skyline-gs.com\/hu\/wp-json\/wp\/v2\/media\/64365"}],"wp:attachment":[{"href":"https:\/\/skyline-gs.com\/hu\/wp-json\/wp\/v2\/media?parent=64344"}],"wp:term":[{"taxonomy":"product_brand","embeddable":true,"href":"https:\/\/skyline-gs.com\/hu\/wp-json\/wp\/v2\/product_brand?post=64344"},{"taxonomy":"product_cat","embeddable":true,"href":"https:\/\/skyline-gs.com\/hu\/wp-json\/wp\/v2\/product_cat?post=64344"},{"taxonomy":"product_tag","embeddable":true,"href":"https:\/\/skyline-gs.com\/hu\/wp-json\/wp\/v2\/product_tag?post=64344"}],"curies":[{"name":"wp","href":"https:\/\/api.w.org\/{rel}","templated":true}]}}