{"id":64269,"date":"2025-06-15T00:26:23","date_gmt":"2025-06-14T22:26:23","guid":{"rendered":"http:\/\/skyline-gs.com\/?post_type=product&#038;p=64269"},"modified":"2025-06-16T23:21:03","modified_gmt":"2025-06-16T21:21:03","slug":"super-drive-3-in-1-kemer","status":"publish","type":"product","link":"https:\/\/skyline-gs.com\/hu\/product\/super-drive-3-in-1-kemer\/","title":{"rendered":"Szuperhajt\u00e1s 3 az 1-ben: Rafting + Zipline + ATV\/Buggies"},"content":{"rendered":"<p>Der\u0171s nap a hegyekben \u00e9s a kanyonokban! Gazdag program v\u00e1rja \u00d6nt: folyami rafting, ATV vagy buggy lovagl\u00e1s \u00e9s izgalmas ziplining - mindez egy t\u00far\u00e1n.<\/p>\n<p><strong>8:00 - Kijelentkez\u00e9s a sz\u00e1llod\u00e1b\u00f3l. <\/strong>\u0422\u0440\u0430\u043d\u0441\u0444\u0435\u0440 \u0438\u0437 \u043e\u0442\u0435\u043b\u044f \u0432 \u041a\u0435\u043c\u0435\u0440\u0435 \u0432 \u043d\u0430\u0446\u0438\u043e\u043d\u0430\u043b\u044c\u043d\u044b\u0439 \u043f\u0430\u0440\u043a \u041a\u0451\u043f\u0440\u044e\u043b\u044e<\/p>\n<ul>\n<li>\u00c9rkez\u00e9s a b\u00e1zisra, eligaz\u00edt\u00e1s \u00e9s a felszerel\u00e9s kiad\u00e1sa<\/li>\n<li>Rafting a K\u00f6pr\u00fc\u00e7ay foly\u00f3n (kb. 2 \u00f3ra) \u00fasz\u00e1smeg\u00e1ll\u00f3kkal<\/li>\n<li>Eb\u00e9d a tengerparton: b\u00fcf\u00e9 (sal\u00e1t\u00e1k, pil\u00e1f, t\u00e9szta, csirke kebab, hal)<\/li>\n<li>Lovagl\u00e1s a kanyonban buggyval vagy quaddal (20-30 perc, \u00d6n v\u00e1laszt)<\/li>\n<li>Zipline - ereszked\u00e9s a Taza-kanyonon \u00e1t (600 m\u00e9ter hossz\u00fa)<\/li>\n<\/ul>\n<p data-start=\"764\" data-end=\"809\"><strong>19:00 - Visszat\u00e9r\u00e9s a sz\u00e1llod\u00e1ba.<\/strong><\/p>\n<p><strong>Tartalmazza:<\/strong><\/p>\n<ul>\n<li>Transzfer a sz\u00e1llod\u00e1b\u00f3l \u00e9s a sz\u00e1llod\u00e1ba<\/li>\n<li>Tapasztalt k\u00eds\u00e9r\u0151<\/li>\n<li>Rafting + felszerel\u00e9s (sisak, mell\u00e9ny, evez\u0151)<\/li>\n<li>Zipline<\/li>\n<li>Buggy vagy quad (fakultat\u00edv foglal\u00e1s eset\u00e9n)<\/li>\n<li>Eb\u00e9d<\/li>\n<li>Biztos\u00edt\u00e1s<\/li>\n<\/ul>\n<p><strong>Nem tartalmazza:<\/strong><\/p>\n<ul>\n<li>Italok<\/li>\n<li>F\u00e9nyk\u00e9pek \u00e9s vide\u00f3k USB-n<\/li>\n<li>Por\u00e1ll\u00f3 kend\u0151 (opcion\u00e1lis)<\/li>\n<li>Szafari szem\u00fcveg<\/li>\n<li>B\u00fav\u00e1rruha<\/li>\n<li>Gumi cip\u0151<\/li>\n<li>Telefon tok<\/li>\n<li>Rafting kajak<\/li>\n<li>Szem\u00e9lyi kiad\u00e1sok<\/li>\n<\/ul>\n<p><strong>Vigy\u00e9l magaddal:<\/strong><\/p>\n<ul>\n<li>\u00dasz\u00f3dressz, t\u00f6r\u00f6lk\u00f6z\u0151, fejfed\u0151<\/li>\n<li>Sz\u00e1raz v\u00e1lt\u00f3ruha<\/li>\n<li>Z\u00e1rt cip\u0151 (a raftingra nem enged\u00e9lyezett a szand\u00e1lcip\u0151)<\/li>\n<li>Napszem\u00fcveg \u00e9s kr\u00e9m<\/li>\n<li>P\u00f3l\u00f3 a mell\u00e9ny alatt<\/li>\n<li>V\u00edz \u00e9s k\u00e9szp\u00e9nz szem\u00e9lyes kiad\u00e1sokra<\/li>\n<\/ul>","protected":false},"excerpt":{"rendered":"<p><strong>Kir\u00e1ndul\u00e1s Id\u0151pontja:<\/strong> 8:00 - 19:00<\/p>\n<p><strong>A Kir\u00e1ndul\u00e1s Napjai:<\/strong> Minden nap<\/p>","protected":false},"featured_media":64332,"template":"","meta":{"_kad_post_transparent":"default","_kad_post_title":"","_kad_post_layout":"default","_kad_post_sidebar_id":"","_kad_post_content_style":"default","_kad_post_vertical_padding":"default","_kad_post_feature":"","_kad_post_feature_position":"","_kad_post_header":false,"_kad_post_footer":false,"_kad_post_classname":"","_glsr_average":0,"_glsr_ranking":0,"_glsr_reviews":0},"product_brand":[],"product_cat":[448],"product_tag":[],"class_list":{"0":"post-64269","1":"product","2":"type-product","3":"status-publish","4":"has-post-thumbnail","6":"product_cat-kemer","7":"tm-has-options","9":"first","10":"instock","11":"sold-individually","12":"taxable","13":"shipping-taxable","14":"purchasable","15":"product-type-simple","16":"entry","17":"content-bg","18":"loop-entry"},"yoast_head":"<!-- This site is optimized with the Yoast SEO plugin v27.3 - https:\/\/yoast.com\/product\/yoast-seo-wordpress\/ -->\n<title>\u0421\u0443\u043f\u0435\u0440 \u0434\u0440\u0430\u0439\u0432 3 \u0432 1 \u0438\u0437 \u041a\u0435\u043c\u0435\u0440\u0430 &#8226; \u042d\u043a\u0441\u043a\u0443\u0440\u0441\u0438\u0438 Skyline<\/title>\n<meta name=\"description\" content=\"\u042f\u0440\u043a\u0438\u0439 \u0434\u0435\u043d\u044c \u0432 \u0433\u043e\u0440\u0430\u0445 \u0438 \u043a\u0430\u043d\u044c\u043e\u043d\u0430\u0445! \u0412\u0430\u0441 \u0436\u0434\u0451\u0442 \u043d\u0430\u0441\u044b\u0449\u0435\u043d\u043d\u0430\u044f \u043f\u0440\u043e\u0433\u0440\u0430\u043c\u043c\u0430: \u0441\u043f\u043b\u0430\u0432 \u043f\u043e \u0440\u0435\u043a\u0435, \u043a\u0430\u0442\u0430\u043d\u0438\u0435 \u043d\u0430 \u043a\u0432\u0430\u0434\u0440\u043e\u0446\u0438\u043a\u043b\u0435 \u0438\u043b\u0438 \u0431\u0430\u0433\u0433\u0438 \u0438 \u0437\u0430\u0445\u0432\u0430\u0442\u044b\u0432\u0430\u044e\u0449\u0438\u0439 \u0437\u0438\u043f\u043b\u0430\u0439\u043d \u2014 \u0432\u0441\u0451 \u0432 \u043e\u0434\u043d\u043e\u043c \u0442\u0443\u0440\u0435.\" \/>\n<meta name=\"robots\" content=\"index, follow, max-snippet:-1, max-image-preview:large, max-video-preview:-1\" \/>\n<link rel=\"canonical\" href=\"https:\/\/skyline-gs.com\/hu\/termek\/super-drive-3-in-1-kemer\/\" \/>\n<meta property=\"og:locale\" content=\"hu_HU\" \/>\n<meta property=\"og:type\" content=\"article\" \/>\n<meta property=\"og:title\" content=\"\u0421\u0443\u043f\u0435\u0440 \u0434\u0440\u0430\u0439\u0432 3 \u0432 1 \u0438\u0437 \u041a\u0435\u043c\u0435\u0440\u0430 &#8226; \u042d\u043a\u0441\u043a\u0443\u0440\u0441\u0438\u0438 Skyline\" \/>\n<meta property=\"og:description\" content=\"\u042f\u0440\u043a\u0438\u0439 \u0434\u0435\u043d\u044c \u0432 \u0433\u043e\u0440\u0430\u0445 \u0438 \u043a\u0430\u043d\u044c\u043e\u043d\u0430\u0445! \u0412\u0430\u0441 \u0436\u0434\u0451\u0442 \u043d\u0430\u0441\u044b\u0449\u0435\u043d\u043d\u0430\u044f \u043f\u0440\u043e\u0433\u0440\u0430\u043c\u043c\u0430: \u0441\u043f\u043b\u0430\u0432 \u043f\u043e \u0440\u0435\u043a\u0435, \u043a\u0430\u0442\u0430\u043d\u0438\u0435 \u043d\u0430 \u043a\u0432\u0430\u0434\u0440\u043e\u0446\u0438\u043a\u043b\u0435 \u0438\u043b\u0438 \u0431\u0430\u0433\u0433\u0438 \u0438 \u0437\u0430\u0445\u0432\u0430\u0442\u044b\u0432\u0430\u044e\u0449\u0438\u0439 \u0437\u0438\u043f\u043b\u0430\u0439\u043d \u2014 \u0432\u0441\u0451 \u0432 \u043e\u0434\u043d\u043e\u043c \u0442\u0443\u0440\u0435.\" \/>\n<meta property=\"og:url\" content=\"https:\/\/skyline-gs.com\/hu\/termek\/super-drive-3-in-1-kemer\/\" \/>\n<meta property=\"og:site_name\" content=\"\u042d\u043a\u0441\u043a\u0443\u0440\u0441\u0438\u0438 Skyline\" \/>\n<meta property=\"article:modified_time\" content=\"2025-06-16T21:21:03+00:00\" \/>\n<meta property=\"og:image\" content=\"https:\/\/skyline-gs.com\/wp-content\/uploads\/2025\/06\/\u0411\u0430\u0433\u0433\u0438-\u0432-\u0410\u043b\u0430\u043d\u044c\u0435-2.jpg\" \/>\n\t<meta property=\"og:image:width\" content=\"669\" \/>\n\t<meta property=\"og:image:height\" content=\"446\" \/>\n\t<meta property=\"og:image:type\" content=\"image\/jpeg\" \/>\n<meta name=\"twitter:card\" content=\"summary_large_image\" \/>\n<meta name=\"twitter:label1\" content=\"Becs\u00fclt olvas\u00e1si id\u0151\" \/>\n\t<meta name=\"twitter:data1\" content=\"2 perc\" \/>\n<script type=\"application\/ld+json\" class=\"yoast-schema-graph\">{\"@context\":\"https:\\\/\\\/schema.org\",\"@graph\":[{\"@type\":\"WebPage\",\"@id\":\"https:\\\/\\\/skyline-gs.com\\\/de\\\/produkt\\\/super-drive-3-in-1-kemer\\\/\",\"url\":\"https:\\\/\\\/skyline-gs.com\\\/de\\\/produkt\\\/super-drive-3-in-1-kemer\\\/\",\"name\":\"\u0421\u0443\u043f\u0435\u0440 \u0434\u0440\u0430\u0439\u0432 3 \u0432 1 \u0438\u0437 \u041a\u0435\u043c\u0435\u0440\u0430 &#8226; \u042d\u043a\u0441\u043a\u0443\u0440\u0441\u0438\u0438 Skyline\",\"isPartOf\":{\"@id\":\"https:\\\/\\\/skyline-gs.com\\\/it\\\/#website\"},\"primaryImageOfPage\":{\"@id\":\"https:\\\/\\\/skyline-gs.com\\\/de\\\/produkt\\\/super-drive-3-in-1-kemer\\\/#primaryimage\"},\"image\":{\"@id\":\"https:\\\/\\\/skyline-gs.com\\\/de\\\/produkt\\\/super-drive-3-in-1-kemer\\\/#primaryimage\"},\"thumbnailUrl\":\"https:\\\/\\\/skyline-gs.com\\\/wp-content\\\/uploads\\\/2025\\\/06\\\/\u0411\u0430\u0433\u0433\u0438-\u0432-\u0410\u043b\u0430\u043d\u044c\u0435-2.jpg\",\"datePublished\":\"2025-06-14T22:26:23+00:00\",\"dateModified\":\"2025-06-16T21:21:03+00:00\",\"description\":\"\u042f\u0440\u043a\u0438\u0439 \u0434\u0435\u043d\u044c \u0432 \u0433\u043e\u0440\u0430\u0445 \u0438 \u043a\u0430\u043d\u044c\u043e\u043d\u0430\u0445! \u0412\u0430\u0441 \u0436\u0434\u0451\u0442 \u043d\u0430\u0441\u044b\u0449\u0435\u043d\u043d\u0430\u044f \u043f\u0440\u043e\u0433\u0440\u0430\u043c\u043c\u0430: \u0441\u043f\u043b\u0430\u0432 \u043f\u043e \u0440\u0435\u043a\u0435, \u043a\u0430\u0442\u0430\u043d\u0438\u0435 \u043d\u0430 \u043a\u0432\u0430\u0434\u0440\u043e\u0446\u0438\u043a\u043b\u0435 \u0438\u043b\u0438 \u0431\u0430\u0433\u0433\u0438 \u0438 \u0437\u0430\u0445\u0432\u0430\u0442\u044b\u0432\u0430\u044e\u0449\u0438\u0439 \u0437\u0438\u043f\u043b\u0430\u0439\u043d \u2014 \u0432\u0441\u0451 \u0432 \u043e\u0434\u043d\u043e\u043c \u0442\u0443\u0440\u0435.\",\"breadcrumb\":{\"@id\":\"https:\\\/\\\/skyline-gs.com\\\/de\\\/produkt\\\/super-drive-3-in-1-kemer\\\/#breadcrumb\"},\"inLanguage\":\"hu\",\"potentialAction\":[{\"@type\":\"ReadAction\",\"target\":[\"https:\\\/\\\/skyline-gs.com\\\/de\\\/produkt\\\/super-drive-3-in-1-kemer\\\/\"]}]},{\"@type\":\"ImageObject\",\"inLanguage\":\"hu\",\"@id\":\"https:\\\/\\\/skyline-gs.com\\\/de\\\/produkt\\\/super-drive-3-in-1-kemer\\\/#primaryimage\",\"url\":\"https:\\\/\\\/skyline-gs.com\\\/wp-content\\\/uploads\\\/2025\\\/06\\\/\u0411\u0430\u0433\u0433\u0438-\u0432-\u0410\u043b\u0430\u043d\u044c\u0435-2.jpg\",\"contentUrl\":\"https:\\\/\\\/skyline-gs.com\\\/wp-content\\\/uploads\\\/2025\\\/06\\\/\u0411\u0430\u0433\u0433\u0438-\u0432-\u0410\u043b\u0430\u043d\u044c\u0435-2.jpg\",\"width\":669,\"height\":446},{\"@type\":\"BreadcrumbList\",\"@id\":\"https:\\\/\\\/skyline-gs.com\\\/de\\\/produkt\\\/super-drive-3-in-1-kemer\\\/#breadcrumb\",\"itemListElement\":[{\"@type\":\"ListItem\",\"position\":1,\"name\":\"\u0413\u043b\u0430\u0432\u043d\u0430\u044f \u0441\u0442\u0440\u0430\u043d\u0438\u0446\u0430\",\"item\":\"https:\\\/\\\/skyline-gs.com\\\/hu\\\/\"},{\"@type\":\"ListItem\",\"position\":2,\"name\":\"\u041c\u0430\u0433\u0430\u0437\u0438\u043d\",\"item\":\"https:\\\/\\\/skyline-gs.com\\\/cs\\\/shop\\\/\"},{\"@type\":\"ListItem\",\"position\":3,\"name\":\"\u0421\u0443\u043f\u0435\u0440 \u0434\u0440\u0430\u0439\u0432 3 \u0432 1: \u0420\u0430\u0444\u0442\u0438\u043d\u0433 + \u0417\u0438\u043f\u043b\u0430\u0439\u043d + \u041a\u0432\u0430\u0434\u0440\u043e\u0446\u0438\u043a\u043b\u044b\\\/\u0411\u0430\u0433\u0433\u0438\"}]},{\"@type\":\"WebSite\",\"@id\":\"https:\\\/\\\/skyline-gs.com\\\/it\\\/#website\",\"url\":\"https:\\\/\\\/skyline-gs.com\\\/it\\\/\",\"name\":\"\u042d\u043a\u0441\u043a\u0443\u0440\u0441\u0438\u0438 Skyline\",\"description\":\"\u042d\u043a\u0441\u043a\u043b\u044e\u0437\u0438\u0432\u043d\u044b\u0435 \u044d\u043a\u0441\u043a\u0443\u0440\u0441\u0438\u0438 \u043d\u0430 \u043b\u0443\u0447\u0448\u0438\u0445 \u043a\u0443\u0440\u043e\u0440\u0442\u0430\u0445 \u043c\u0438\u0440\u0430\",\"publisher\":{\"@id\":\"https:\\\/\\\/skyline-gs.com\\\/it\\\/#organization\"},\"alternateName\":\"Skyline\",\"potentialAction\":[{\"@type\":\"SearchAction\",\"target\":{\"@type\":\"EntryPoint\",\"urlTemplate\":\"https:\\\/\\\/skyline-gs.com\\\/it\\\/?s={search_term_string}\"},\"query-input\":{\"@type\":\"PropertyValueSpecification\",\"valueRequired\":true,\"valueName\":\"search_term_string\"}}],\"inLanguage\":\"hu\"},{\"@type\":\"Organization\",\"@id\":\"https:\\\/\\\/skyline-gs.com\\\/it\\\/#organization\",\"name\":\"\u042d\u043a\u0441\u043a\u0443\u0440\u0441\u0438\u0438 Skyline\",\"alternateName\":\"\u042d\u043a\u0441\u043a\u0443\u0440\u0441\u0438\u0438 Skyline\",\"url\":\"https:\\\/\\\/skyline-gs.com\\\/it\\\/\",\"logo\":{\"@type\":\"ImageObject\",\"inLanguage\":\"hu\",\"@id\":\"https:\\\/\\\/skyline-gs.com\\\/it\\\/#\\\/schema\\\/logo\\\/image\\\/\",\"url\":\"https:\\\/\\\/skyline-gs.com\\\/wp-content\\\/uploads\\\/2020\\\/12\\\/cropped-logo-2.png\",\"contentUrl\":\"https:\\\/\\\/skyline-gs.com\\\/wp-content\\\/uploads\\\/2020\\\/12\\\/cropped-logo-2.png\",\"width\":512,\"height\":512,\"caption\":\"\u042d\u043a\u0441\u043a\u0443\u0440\u0441\u0438\u0438 Skyline\"},\"image\":{\"@id\":\"https:\\\/\\\/skyline-gs.com\\\/it\\\/#\\\/schema\\\/logo\\\/image\\\/\"},\"sameAs\":[\"https:\\\/\\\/www.instagram.com\\\/skylineglobalservice\\\/\"]}]}<\/script>\n<!-- \/ Yoast SEO plugin. -->","yoast_head_json":{"title":"\u0421\u0443\u043f\u0435\u0440 \u0434\u0440\u0430\u0439\u0432 3 \u0432 1 \u0438\u0437 \u041a\u0435\u043c\u0435\u0440\u0430 &#8226; \u042d\u043a\u0441\u043a\u0443\u0440\u0441\u0438\u0438 Skyline","description":"Der\u0171s nap a hegyekben \u00e9s a kanyonokban! Gazdag program v\u00e1rja \u00d6nt: folyami rafting, ATV vagy buggy lovagl\u00e1s \u00e9s izgalmas ziplining - mindez egy t\u00far\u00e1n.","robots":{"index":"index","follow":"follow","max-snippet":"max-snippet:-1","max-image-preview":"max-image-preview:large","max-video-preview":"max-video-preview:-1"},"canonical":"https:\/\/skyline-gs.com\/hu\/termek\/super-drive-3-in-1-kemer\/","og_locale":"hu_HU","og_type":"article","og_title":"\u0421\u0443\u043f\u0435\u0440 \u0434\u0440\u0430\u0439\u0432 3 \u0432 1 \u0438\u0437 \u041a\u0435\u043c\u0435\u0440\u0430 &#8226; \u042d\u043a\u0441\u043a\u0443\u0440\u0441\u0438\u0438 Skyline","og_description":"\u042f\u0440\u043a\u0438\u0439 \u0434\u0435\u043d\u044c \u0432 \u0433\u043e\u0440\u0430\u0445 \u0438 \u043a\u0430\u043d\u044c\u043e\u043d\u0430\u0445! \u0412\u0430\u0441 \u0436\u0434\u0451\u0442 \u043d\u0430\u0441\u044b\u0449\u0435\u043d\u043d\u0430\u044f \u043f\u0440\u043e\u0433\u0440\u0430\u043c\u043c\u0430: \u0441\u043f\u043b\u0430\u0432 \u043f\u043e \u0440\u0435\u043a\u0435, \u043a\u0430\u0442\u0430\u043d\u0438\u0435 \u043d\u0430 \u043a\u0432\u0430\u0434\u0440\u043e\u0446\u0438\u043a\u043b\u0435 \u0438\u043b\u0438 \u0431\u0430\u0433\u0433\u0438 \u0438 \u0437\u0430\u0445\u0432\u0430\u0442\u044b\u0432\u0430\u044e\u0449\u0438\u0439 \u0437\u0438\u043f\u043b\u0430\u0439\u043d \u2014 \u0432\u0441\u0451 \u0432 \u043e\u0434\u043d\u043e\u043c \u0442\u0443\u0440\u0435.","og_url":"https:\/\/skyline-gs.com\/hu\/termek\/super-drive-3-in-1-kemer\/","og_site_name":"\u042d\u043a\u0441\u043a\u0443\u0440\u0441\u0438\u0438 Skyline","article_modified_time":"2025-06-16T21:21:03+00:00","og_image":[{"width":669,"height":446,"url":"https:\/\/skyline-gs.com\/wp-content\/uploads\/2025\/06\/\u0411\u0430\u0433\u0433\u0438-\u0432-\u0410\u043b\u0430\u043d\u044c\u0435-2.jpg","type":"image\/jpeg"}],"twitter_card":"summary_large_image","twitter_misc":{"Becs\u00fclt olvas\u00e1si id\u0151":"2 perc"},"schema":{"@context":"https:\/\/schema.org","@graph":[{"@type":"WebPage","@id":"https:\/\/skyline-gs.com\/de\/produkt\/super-drive-3-in-1-kemer\/","url":"https:\/\/skyline-gs.com\/de\/produkt\/super-drive-3-in-1-kemer\/","name":"\u0421\u0443\u043f\u0435\u0440 \u0434\u0440\u0430\u0439\u0432 3 \u0432 1 \u0438\u0437 \u041a\u0435\u043c\u0435\u0440\u0430 &#8226; \u042d\u043a\u0441\u043a\u0443\u0440\u0441\u0438\u0438 Skyline","isPartOf":{"@id":"https:\/\/skyline-gs.com\/it\/#website"},"primaryImageOfPage":{"@id":"https:\/\/skyline-gs.com\/de\/produkt\/super-drive-3-in-1-kemer\/#primaryimage"},"image":{"@id":"https:\/\/skyline-gs.com\/de\/produkt\/super-drive-3-in-1-kemer\/#primaryimage"},"thumbnailUrl":"https:\/\/skyline-gs.com\/wp-content\/uploads\/2025\/06\/\u0411\u0430\u0433\u0433\u0438-\u0432-\u0410\u043b\u0430\u043d\u044c\u0435-2.jpg","datePublished":"2025-06-14T22:26:23+00:00","dateModified":"2025-06-16T21:21:03+00:00","description":"Der\u0171s nap a hegyekben \u00e9s a kanyonokban! Gazdag program v\u00e1rja \u00d6nt: folyami rafting, ATV vagy buggy lovagl\u00e1s \u00e9s izgalmas ziplining - mindez egy t\u00far\u00e1n.","breadcrumb":{"@id":"https:\/\/skyline-gs.com\/de\/produkt\/super-drive-3-in-1-kemer\/#breadcrumb"},"inLanguage":"hu","potentialAction":[{"@type":"ReadAction","target":["https:\/\/skyline-gs.com\/de\/produkt\/super-drive-3-in-1-kemer\/"]}]},{"@type":"ImageObject","inLanguage":"hu","@id":"https:\/\/skyline-gs.com\/de\/produkt\/super-drive-3-in-1-kemer\/#primaryimage","url":"https:\/\/skyline-gs.com\/wp-content\/uploads\/2025\/06\/\u0411\u0430\u0433\u0433\u0438-\u0432-\u0410\u043b\u0430\u043d\u044c\u0435-2.jpg","contentUrl":"https:\/\/skyline-gs.com\/wp-content\/uploads\/2025\/06\/\u0411\u0430\u0433\u0433\u0438-\u0432-\u0410\u043b\u0430\u043d\u044c\u0435-2.jpg","width":669,"height":446},{"@type":"BreadcrumbList","@id":"https:\/\/skyline-gs.com\/de\/produkt\/super-drive-3-in-1-kemer\/#breadcrumb","itemListElement":[{"@type":"ListItem","position":1,"name":"\u0413\u043b\u0430\u0432\u043d\u0430\u044f \u0441\u0442\u0440\u0430\u043d\u0438\u0446\u0430","item":"https:\/\/skyline-gs.com\/hu\/"},{"@type":"ListItem","position":2,"name":"\u041c\u0430\u0433\u0430\u0437\u0438\u043d","item":"https:\/\/skyline-gs.com\/cs\/shop\/"},{"@type":"ListItem","position":3,"name":"\u0421\u0443\u043f\u0435\u0440 \u0434\u0440\u0430\u0439\u0432 3 \u0432 1: \u0420\u0430\u0444\u0442\u0438\u043d\u0433 + \u0417\u0438\u043f\u043b\u0430\u0439\u043d + \u041a\u0432\u0430\u0434\u0440\u043e\u0446\u0438\u043a\u043b\u044b\/\u0411\u0430\u0433\u0433\u0438"}]},{"@type":"WebSite","@id":"https:\/\/skyline-gs.com\/it\/#website","url":"https:\/\/skyline-gs.com\/it\/","name":"Skyline T\u00far\u00e1k","description":"Exkluz\u00edv kir\u00e1ndul\u00e1sok a vil\u00e1g legjobb \u00fcd\u00fcl\u0151helyein","publisher":{"@id":"https:\/\/skyline-gs.com\/it\/#organization"},"alternateName":"Skyline","potentialAction":[{"@type":"SearchAction","target":{"@type":"EntryPoint","urlTemplate":"https:\/\/skyline-gs.com\/it\/?s={search_term_string}"},"query-input":{"@type":"PropertyValueSpecification","valueRequired":true,"valueName":"search_term_string"}}],"inLanguage":"hu"},{"@type":"Organization","@id":"https:\/\/skyline-gs.com\/it\/#organization","name":"Skyline T\u00far\u00e1k","alternateName":"\u042d\u043a\u0441\u043a\u0443\u0440\u0441\u0438\u0438 Skyline","url":"https:\/\/skyline-gs.com\/it\/","logo":{"@type":"ImageObject","inLanguage":"hu","@id":"https:\/\/skyline-gs.com\/it\/#\/schema\/logo\/image\/","url":"https:\/\/skyline-gs.com\/wp-content\/uploads\/2020\/12\/cropped-logo-2.png","contentUrl":"https:\/\/skyline-gs.com\/wp-content\/uploads\/2020\/12\/cropped-logo-2.png","width":512,"height":512,"caption":"\u042d\u043a\u0441\u043a\u0443\u0440\u0441\u0438\u0438 Skyline"},"image":{"@id":"https:\/\/skyline-gs.com\/it\/#\/schema\/logo\/image\/"},"sameAs":["https:\/\/www.instagram.com\/skylineglobalservice\/"]}]}},"_links":{"self":[{"href":"https:\/\/skyline-gs.com\/hu\/wp-json\/wp\/v2\/product\/64269","targetHints":{"allow":["GET"]}}],"collection":[{"href":"https:\/\/skyline-gs.com\/hu\/wp-json\/wp\/v2\/product"}],"about":[{"href":"https:\/\/skyline-gs.com\/hu\/wp-json\/wp\/v2\/types\/product"}],"version-history":[{"count":0,"href":"https:\/\/skyline-gs.com\/hu\/wp-json\/wp\/v2\/product\/64269\/revisions"}],"wp:featuredmedia":[{"embeddable":true,"href":"https:\/\/skyline-gs.com\/hu\/wp-json\/wp\/v2\/media\/64332"}],"wp:attachment":[{"href":"https:\/\/skyline-gs.com\/hu\/wp-json\/wp\/v2\/media?parent=64269"}],"wp:term":[{"taxonomy":"product_brand","embeddable":true,"href":"https:\/\/skyline-gs.com\/hu\/wp-json\/wp\/v2\/product_brand?post=64269"},{"taxonomy":"product_cat","embeddable":true,"href":"https:\/\/skyline-gs.com\/hu\/wp-json\/wp\/v2\/product_cat?post=64269"},{"taxonomy":"product_tag","embeddable":true,"href":"https:\/\/skyline-gs.com\/hu\/wp-json\/wp\/v2\/product_tag?post=64269"}],"curies":[{"name":"wp","href":"https:\/\/api.w.org\/{rel}","templated":true}]}}