{"id":63441,"date":"2025-05-22T23:28:41","date_gmt":"2025-05-22T21:28:41","guid":{"rendered":"http:\/\/skyline-gs.com\/?post_type=product&#038;p=63441"},"modified":"2025-12-23T00:44:04","modified_gmt":"2025-12-22T22:44:04","slug":"the-full-ring-of-iceland","status":"publish","type":"product","link":"https:\/\/skyline-gs.com\/hu\/product\/the-full-ring-of-iceland\/","title":{"rendered":"\u0418\u043d\u0434\u0438\u0432\u0438\u0434\u0443\u0430\u043b\u044c\u043d\u044b\u0439 \u0442\u0443\u0440: \u041f\u043e\u043b\u043d\u043e\u0435 \u043a\u043e\u043b\u044c\u0446\u043e \u0418\u0441\u043b\u0430\u043d\u0434\u0438\u0438 (7 \u0434\u043d\u0435\u0439)"},"content":{"rendered":"<p>A legintenz\u00edvebb \u00fatvonal az eg\u00e9sz sziget k\u00f6r\u00fcl: gleccserek, vulk\u00e1nok, fjordok, v\u00edzes\u00e9sek, forr\u00f3 forr\u00e1sok, fekete strandok \u00e9s \u00e9teri t\u00e1jak. Egy h\u00e9t alatt mindent l\u00e1thatsz, ami\u00e9rt az emberek Izlandra utaznak - \u00e9s m\u00e9g ann\u00e1l is t\u00f6bbet.<\/p>\n<p><strong>A t\u00fara egyedis\u00e9ge:<\/strong><\/p>\n<ul>\n<li>Egy teljes gy\u0171r\u0171 Izland \u00f6sszes r\u00e9gi\u00f3ja k\u00f6r\u00fcl<\/li>\n<li>N\u00e9pszer\u0171 helyeket \u00e9s rejtett gy\u00f6ngyszemeket egyar\u00e1nt tartalmaz.<\/li>\n<li>Alkalmas az els\u0151 l\u00e1togat\u00e1sra, valamint azoknak, akik \"mindent l\u00e1tni akarnak\".<\/li>\n<\/ul>\n<p><strong>1. nap: Az Aranygy\u0171r\u0171 \u00e9s az \u00fat d\u00e9l fel\u00e9<\/strong><\/p>\n<p><strong>9:00 - Indul\u00e1s a sz\u00e1lloda hallj\u00e1b\u00f3l.<\/strong><\/p>\n<ul>\n<li>Utaz\u00e1sunkat a k\u00f6vetkez\u0151vel kezdj\u00fck <strong>Tingvellir Nemzeti Park<\/strong>ahol a tektonikus lemezek hat\u00e1rai h\u00faz\u00f3dnak<\/li>\n<li>R\u00e9szv\u00e9tel <strong>a Strokkur Gejz\u00edr<\/strong> \u00e9s H\u00f8jkadalur term\u00e1lvid\u00e9ke<\/li>\n<li>Er\u0151teljes <strong>G\u00fcdlfoss v\u00edzes\u00e9s<\/strong>Izland egyik szimb\u00f3luma<\/li>\n<li>A napot a <strong>a Caryd kr\u00e1ter<\/strong><\/li>\n<li>\u00c9jszaka a d\u00e9li partvid\u00e9ken<\/li>\n<\/ul>\n<p><strong>2. nap: D\u00e9li part - v\u00edzes\u00e9sek, strandok \u00e9s gleccser<\/strong><\/p>\n<ul>\n<li>Reggeli v\u00edzes\u00e9sek: <strong>Seljalandsfoss<\/strong> \u0438 <strong>Skougafoss<\/strong><\/li>\n<li>S\u00e9ta a fekete tengerparton <strong>Reynisfiara<\/strong> bazaltos k\u0151zetekkel<\/li>\n<li>Meg\u00e1ll\u00e1s a szikl\u00e1n\u00e1l <strong>Deerholaay<\/strong><\/li>\n<li>Kir\u00e1ndul\u00e1s a gleccserhez <strong>Solheimaj\u00f6kull<\/strong>fakultat\u00edv vezetett s\u00e9ta<\/li>\n<li>\u00c9jszaka Vic k\u00f6zs\u00e9g k\u00f6zel\u00e9ben<\/li>\n<\/ul>\n<p><strong>3. nap: Kanyonok, J\u00f6kuls\u00e1rl\u00f3n lag\u00fana \u00e9s Gy\u00e9m\u00e1ntpart<\/strong><\/p>\n<ul>\n<li>Canyon s\u00e9ta <strong>Fiadrargljufur<\/strong><\/li>\n<li>Az Eldhraun l\u00e1vamez\u0151k a vil\u00e1g legkiterjedtebbjei k\u00f6z\u00e9 tartoznak.<\/li>\n<li>L\u00e1togat\u00e1s a gleccser lag\u00fan\u00e1ban <strong>J\u00f6kuls\u00e1rl\u00f3n<\/strong> \u0438 <strong>Diamond Beach<\/strong><\/li>\n<li>Cs\u00f3nak\u00e1z\u00e1s a lag\u00fan\u00e1n (szezonban)<\/li>\n<li>\u00c9jszaka a Vatnaj\u00f6kull gleccser l\u00e1b\u00e1n\u00e1l<\/li>\n<\/ul>\n<p><strong>4. nap: Keleti fjordok<\/strong><\/p>\n<ul>\n<li>A legfest\u0151ibb szakasz: kanyarg\u00f3s utak k\u00f6z\u00f6tt a <strong>keleti fjordok<\/strong><\/li>\n<li>Meg\u00e1ll\u00f3 egy hal\u00e1szfaluban <strong>Dupivogur<\/strong><\/li>\n<li>S\u00e9ta az \u00f3ce\u00e1n ment\u00e9n, a tengeri madarak \u00e9s f\u00f3k\u00e1k megfigyel\u00e9se<\/li>\n<li>Este - f\u00fcrd\u00e9s a tengerparton l\u00e9v\u0151 forr\u00f3 forr\u00e1sban<\/li>\n<li>\u00c9jszaka Egilsstadir t\u00e9rs\u00e9g\u00e9ben<\/li>\n<\/ul>\n<p><strong>5. nap: Holdb\u00e9li t\u00e1jak \u00e9s geotermikus \u00e9szak<\/strong><\/p>\n<ul>\n<li>A l\u00e1vafenns\u00edkokon \u00e1tkelve <strong>M\u00fdvatn-t\u00f3<\/strong> - a vulkanikus form\u00e1k fantasztikus r\u00e9gi\u00f3ja<\/li>\n<li>R\u00e9szv\u00e9tel <strong>Scutustadir pszeudokr\u00e1teszek.<\/strong><\/li>\n<li>S\u00e9ta a <strong>Dimmuborgir l\u00e1vav\u00e1ros\u00e1ba.<\/strong><\/li>\n<li>F\u00fcrd\u00e9s geotermikus f\u00fcrd\u0151kben <strong>M<\/strong><strong>\u00fd<\/strong><strong>vatn<\/strong> <strong>Term\u00e9szet<\/strong> <strong>F\u00fcrd\u0151k<\/strong><\/li>\n<li>Egy utaz\u00e1s a <strong>a Namascard k\u00e9nmez\u0151re<\/strong> \u00e9s a kr\u00e1ter <strong>Viti<\/strong><\/li>\n<li>\u00c9jszaka Akureyri v\u00e1ros ter\u00fclet\u00e9n<\/li>\n<\/ul>\n<p><strong>6. nap: \u00c9szak \u00e9s az istenek v\u00edzes\u00e9sei<\/strong><\/p>\n<ul>\n<li>A reggeli <strong>Akureyri<\/strong> - \u00e9szak f\u0151v\u00e1rosa, v\u00e1rosi s\u00e9ta<\/li>\n<li>Kir\u00e1ndul\u00e1s az orsz\u00e1g egyik legszebb v\u00edzes\u00e9s\u00e9hez - <strong>Godafossou<\/strong><\/li>\n<li>\u00dat a Skagafjordur-v\u00f6lgy\u00f6n kereszt\u00fcl, az izlandi l\u00f3teny\u00e9szt\u00e9s k\u00f6zpontja<\/li>\n<li>L\u00e1togat\u00e1s egy tany\u00e1n, tal\u00e1lkoz\u00e1s izlandi lovakkal<\/li>\n<li>\u00c9jszaka az orsz\u00e1g \u00e9szaknyugati r\u00e9sz\u00e9n<\/li>\n<\/ul>\n<p><strong>7. nap: L\u00e1vamez\u0151k \u00e9s visszat\u00e9r\u00e9s Reykjanesen kereszt\u00fcl<\/strong><\/p>\n<ul>\n<li>Utaz\u00e1s a nyugat-izlandi l\u00e1vamez\u0151k\u00f6n kereszt\u00fcl<\/li>\n<li>Meg\u00e1ll\u00e1s a <strong>Hraunfossar v\u00edzes\u00e9s<\/strong> \u0438 <strong>Barnafoss<\/strong><\/li>\n<li>Geotermikus r\u00e9gi\u00f3 <strong>Deildartunguhver<\/strong> \u00e9s f\u00fcrd\u00e9s a Krauma Spa-ban (fakultat\u00edv)<\/li>\n<li>Este visszat\u00e9r\u00e9s Reykjavikba, transzfer a sz\u00e1llod\u00e1ba.<\/li>\n<\/ul>\n<p><strong>19:00 - Visszat\u00e9r\u00e9s a sz\u00e1llod\u00e1ba.<\/strong><\/p>\n<p><strong>Tartalmazza:<\/strong><\/p>\n<ul>\n<li>Transzfer a sz\u00e1llod\u00e1b\u00f3l \u00e9s vissza<\/li>\n<li>Transzferek egy k\u00e9nyelmes, l\u00e9gkondicion\u00e1lt 4\u00d74-es terepj\u00e1r\u00f3ban<\/li>\n<li>Magyarul besz\u00e9l\u0151 idegenvezet\u0151<\/li>\n<li>\u00dczemanyag<\/li>\n<\/ul>\n<p><strong>Nem tartalmazza:<\/strong><\/p>\n<ul>\n<li>Sz\u00e1ll\u00e1s (6 \u00e9jszaka \u00fatk\u00f6zben - Izland keleti, \u00e9szaki \u00e9s nyugati r\u00e9sz\u00e9n)<\/li>\n<li>\u00c9tkez\u00e9s (fakultat\u00edv, k\u00e1v\u00e9z\u00f3k az \u00fatvonal ment\u00e9n)<\/li>\n<li>Tov\u00e1bbi tev\u00e9kenys\u00e9gek fakultat\u00edvak:<\/li>\n<li>F\u00fcrd\u00e9s a term\u00e1lforr\u00e1sokban (30 eur\u00f3t\u00f3l)<\/li>\n<li>L\u00e1togat\u00e1s a b\u00e1lnaszafarin Husavikban (85 eur\u00f3t\u00f3l szem\u00e9lyenk\u00e9nt)<\/li>\n<li>Gleccserbarlangok vagy kajakoz\u00e1s a lag\u00fan\u00e1ban (120 \u20ac-t\u00f3l)<\/li>\n<li>M\u00fazeumok, farmok, helyi kir\u00e1ndul\u00e1sok (15 eur\u00f3t\u00f3l)<\/li>\n<li>Fizet\u0151s parkol\u00f3k az \u00fatvonal ment\u00e9n<\/li>\n<\/ul>\n<p><strong>Vigy\u00e9l magaddal:<\/strong><\/p>\n<ul>\n<li>F\u00e9nyk\u00e9pez\u0151g\u00e9p<\/li>\n<li>K\u00e9nyelmes cip\u0151<\/li>\n<li>Meleg ruh\u00e1k<\/li>\n<li>P\u00e9nz szem\u00e9lyes kiad\u00e1sokra<\/li>\n<\/ul>","protected":false},"excerpt":{"rendered":"<p><strong>Kir\u00e1ndul\u00e1s Id\u0151pontja: <\/strong>7 nap<\/p>\n<p><strong>A Kir\u00e1ndul\u00e1s Napjai: <\/strong>Minden nap<\/p>","protected":false},"featured_media":63444,"template":"","meta":{"_kad_post_transparent":"default","_kad_post_title":"","_kad_post_layout":"default","_kad_post_sidebar_id":"","_kad_post_content_style":"default","_kad_post_vertical_padding":"default","_kad_post_feature":"","_kad_post_feature_position":"","_kad_post_header":false,"_kad_post_footer":false,"_kad_post_classname":"","_glsr_average":0,"_glsr_ranking":0,"_glsr_reviews":0},"product_brand":[],"product_cat":[467],"product_tag":[],"class_list":{"0":"post-63441","1":"product","2":"type-product","3":"status-publish","4":"has-post-thumbnail","6":"product_cat-iceland","7":"tm-has-options","9":"first","10":"instock","11":"sold-individually","12":"taxable","13":"shipping-taxable","14":"purchasable","15":"product-type-simple","16":"entry","17":"content-bg","18":"loop-entry"},"yoast_head":"<!-- This site is optimized with the Yoast SEO plugin v27.3 - https:\/\/yoast.com\/product\/yoast-seo-wordpress\/ -->\n<title>\u0418\u043d\u0434\u0438\u0432\u0438\u0434\u0443\u0430\u043b\u044c\u043d\u044b\u0439 \u0442\u0443\u0440: \u041f\u043e\u043b\u043d\u043e\u0435 \u043a\u043e\u043b\u044c\u0446\u043e \u0418\u0441\u043b\u0430\u043d\u0434\u0438\u0438 (7 \u0434\u043d\u0435\u0439) &#8226; \u042d\u043a\u0441\u043a\u0443\u0440\u0441\u0438\u0438 Skyline<\/title>\n<meta name=\"robots\" content=\"index, follow, max-snippet:-1, max-image-preview:large, max-video-preview:-1\" \/>\n<link rel=\"canonical\" href=\"https:\/\/skyline-gs.com\/hu\/termek\/the-full-ring-of-iceland\/\" \/>\n<meta property=\"og:locale\" content=\"hu_HU\" \/>\n<meta property=\"og:type\" content=\"article\" \/>\n<meta property=\"og:title\" content=\"\u0418\u043d\u0434\u0438\u0432\u0438\u0434\u0443\u0430\u043b\u044c\u043d\u044b\u0439 \u0442\u0443\u0440: \u041f\u043e\u043b\u043d\u043e\u0435 \u043a\u043e\u043b\u044c\u0446\u043e \u0418\u0441\u043b\u0430\u043d\u0434\u0438\u0438 (7 \u0434\u043d\u0435\u0439) &#8226; \u042d\u043a\u0441\u043a\u0443\u0440\u0441\u0438\u0438 Skyline\" \/>\n<meta property=\"og:description\" content=\"\u0412\u0440\u0435\u043c\u044f \u0442\u0443\u0440\u0430: 7 \u0434\u043d\u0435\u0439  \u0414\u043d\u0438 \u043f\u0440\u043e\u0432\u0435\u0434\u0435\u043d\u0438\u044f: \u041a\u0430\u0436\u0434\u044b\u0439 \u0434\u0435\u043d\u044c\" \/>\n<meta property=\"og:url\" content=\"https:\/\/skyline-gs.com\/hu\/termek\/the-full-ring-of-iceland\/\" \/>\n<meta property=\"og:site_name\" content=\"\u042d\u043a\u0441\u043a\u0443\u0440\u0441\u0438\u0438 Skyline\" \/>\n<meta property=\"article:modified_time\" content=\"2025-12-22T22:44:04+00:00\" \/>\n<meta property=\"og:image\" content=\"https:\/\/skyline-gs.com\/wp-content\/uploads\/2025\/05\/11.jpg\" \/>\n\t<meta property=\"og:image:width\" content=\"669\" \/>\n\t<meta property=\"og:image:height\" content=\"446\" \/>\n\t<meta property=\"og:image:type\" content=\"image\/jpeg\" \/>\n<meta name=\"twitter:card\" content=\"summary_large_image\" \/>\n<meta name=\"twitter:label1\" content=\"Becs\u00fclt olvas\u00e1si id\u0151\" \/>\n\t<meta name=\"twitter:data1\" content=\"3 perc\" \/>\n<script type=\"application\/ld+json\" class=\"yoast-schema-graph\">{\"@context\":\"https:\\\/\\\/schema.org\",\"@graph\":[{\"@type\":\"WebPage\",\"@id\":\"https:\\\/\\\/skyline-gs.com\\\/hu\\\/termek\\\/the-full-ring-of-iceland\\\/\",\"url\":\"https:\\\/\\\/skyline-gs.com\\\/hu\\\/termek\\\/the-full-ring-of-iceland\\\/\",\"name\":\"\u0418\u043d\u0434\u0438\u0432\u0438\u0434\u0443\u0430\u043b\u044c\u043d\u044b\u0439 \u0442\u0443\u0440: \u041f\u043e\u043b\u043d\u043e\u0435 \u043a\u043e\u043b\u044c\u0446\u043e \u0418\u0441\u043b\u0430\u043d\u0434\u0438\u0438 (7 \u0434\u043d\u0435\u0439) &#8226; \u042d\u043a\u0441\u043a\u0443\u0440\u0441\u0438\u0438 Skyline\",\"isPartOf\":{\"@id\":\"https:\\\/\\\/skyline-gs.com\\\/it\\\/#website\"},\"primaryImageOfPage\":{\"@id\":\"https:\\\/\\\/skyline-gs.com\\\/hu\\\/termek\\\/the-full-ring-of-iceland\\\/#primaryimage\"},\"image\":{\"@id\":\"https:\\\/\\\/skyline-gs.com\\\/hu\\\/termek\\\/the-full-ring-of-iceland\\\/#primaryimage\"},\"thumbnailUrl\":\"https:\\\/\\\/skyline-gs.com\\\/wp-content\\\/uploads\\\/2025\\\/05\\\/11.jpg\",\"datePublished\":\"2025-05-22T21:28:41+00:00\",\"dateModified\":\"2025-12-22T22:44:04+00:00\",\"breadcrumb\":{\"@id\":\"https:\\\/\\\/skyline-gs.com\\\/hu\\\/termek\\\/the-full-ring-of-iceland\\\/#breadcrumb\"},\"inLanguage\":\"hu\",\"potentialAction\":[{\"@type\":\"ReadAction\",\"target\":[\"https:\\\/\\\/skyline-gs.com\\\/hu\\\/termek\\\/the-full-ring-of-iceland\\\/\"]}]},{\"@type\":\"ImageObject\",\"inLanguage\":\"hu\",\"@id\":\"https:\\\/\\\/skyline-gs.com\\\/hu\\\/termek\\\/the-full-ring-of-iceland\\\/#primaryimage\",\"url\":\"https:\\\/\\\/skyline-gs.com\\\/wp-content\\\/uploads\\\/2025\\\/05\\\/11.jpg\",\"contentUrl\":\"https:\\\/\\\/skyline-gs.com\\\/wp-content\\\/uploads\\\/2025\\\/05\\\/11.jpg\",\"width\":669,\"height\":446},{\"@type\":\"BreadcrumbList\",\"@id\":\"https:\\\/\\\/skyline-gs.com\\\/hu\\\/termek\\\/the-full-ring-of-iceland\\\/#breadcrumb\",\"itemListElement\":[{\"@type\":\"ListItem\",\"position\":1,\"name\":\"\u0413\u043b\u0430\u0432\u043d\u0430\u044f \u0441\u0442\u0440\u0430\u043d\u0438\u0446\u0430\",\"item\":\"https:\\\/\\\/skyline-gs.com\\\/hu\\\/\"},{\"@type\":\"ListItem\",\"position\":2,\"name\":\"\u041c\u0430\u0433\u0430\u0437\u0438\u043d\",\"item\":\"https:\\\/\\\/skyline-gs.com\\\/cs\\\/shop\\\/\"},{\"@type\":\"ListItem\",\"position\":3,\"name\":\"\u0418\u043d\u0434\u0438\u0432\u0438\u0434\u0443\u0430\u043b\u044c\u043d\u044b\u0439 \u0442\u0443\u0440: \u041f\u043e\u043b\u043d\u043e\u0435 \u043a\u043e\u043b\u044c\u0446\u043e \u0418\u0441\u043b\u0430\u043d\u0434\u0438\u0438 (7 \u0434\u043d\u0435\u0439)\"}]},{\"@type\":\"WebSite\",\"@id\":\"https:\\\/\\\/skyline-gs.com\\\/it\\\/#website\",\"url\":\"https:\\\/\\\/skyline-gs.com\\\/it\\\/\",\"name\":\"\u042d\u043a\u0441\u043a\u0443\u0440\u0441\u0438\u0438 Skyline\",\"description\":\"\u042d\u043a\u0441\u043a\u043b\u044e\u0437\u0438\u0432\u043d\u044b\u0435 \u044d\u043a\u0441\u043a\u0443\u0440\u0441\u0438\u0438 \u043d\u0430 \u043b\u0443\u0447\u0448\u0438\u0445 \u043a\u0443\u0440\u043e\u0440\u0442\u0430\u0445 \u043c\u0438\u0440\u0430\",\"publisher\":{\"@id\":\"https:\\\/\\\/skyline-gs.com\\\/it\\\/#organization\"},\"alternateName\":\"Skyline\",\"potentialAction\":[{\"@type\":\"SearchAction\",\"target\":{\"@type\":\"EntryPoint\",\"urlTemplate\":\"https:\\\/\\\/skyline-gs.com\\\/it\\\/?s={search_term_string}\"},\"query-input\":{\"@type\":\"PropertyValueSpecification\",\"valueRequired\":true,\"valueName\":\"search_term_string\"}}],\"inLanguage\":\"hu\"},{\"@type\":\"Organization\",\"@id\":\"https:\\\/\\\/skyline-gs.com\\\/it\\\/#organization\",\"name\":\"\u042d\u043a\u0441\u043a\u0443\u0440\u0441\u0438\u0438 Skyline\",\"alternateName\":\"\u042d\u043a\u0441\u043a\u0443\u0440\u0441\u0438\u0438 Skyline\",\"url\":\"https:\\\/\\\/skyline-gs.com\\\/it\\\/\",\"logo\":{\"@type\":\"ImageObject\",\"inLanguage\":\"hu\",\"@id\":\"https:\\\/\\\/skyline-gs.com\\\/it\\\/#\\\/schema\\\/logo\\\/image\\\/\",\"url\":\"https:\\\/\\\/skyline-gs.com\\\/wp-content\\\/uploads\\\/2020\\\/12\\\/cropped-logo-2.png\",\"contentUrl\":\"https:\\\/\\\/skyline-gs.com\\\/wp-content\\\/uploads\\\/2020\\\/12\\\/cropped-logo-2.png\",\"width\":512,\"height\":512,\"caption\":\"\u042d\u043a\u0441\u043a\u0443\u0440\u0441\u0438\u0438 Skyline\"},\"image\":{\"@id\":\"https:\\\/\\\/skyline-gs.com\\\/it\\\/#\\\/schema\\\/logo\\\/image\\\/\"},\"sameAs\":[\"https:\\\/\\\/www.instagram.com\\\/skylineglobalservice\\\/\"]}]}<\/script>\n<!-- \/ Yoast SEO plugin. -->","yoast_head_json":{"title":"\u0418\u043d\u0434\u0438\u0432\u0438\u0434\u0443\u0430\u043b\u044c\u043d\u044b\u0439 \u0442\u0443\u0440: \u041f\u043e\u043b\u043d\u043e\u0435 \u043a\u043e\u043b\u044c\u0446\u043e \u0418\u0441\u043b\u0430\u043d\u0434\u0438\u0438 (7 \u0434\u043d\u0435\u0439) &#8226; \u042d\u043a\u0441\u043a\u0443\u0440\u0441\u0438\u0438 Skyline","robots":{"index":"index","follow":"follow","max-snippet":"max-snippet:-1","max-image-preview":"max-image-preview:large","max-video-preview":"max-video-preview:-1"},"canonical":"https:\/\/skyline-gs.com\/hu\/termek\/the-full-ring-of-iceland\/","og_locale":"hu_HU","og_type":"article","og_title":"\u0418\u043d\u0434\u0438\u0432\u0438\u0434\u0443\u0430\u043b\u044c\u043d\u044b\u0439 \u0442\u0443\u0440: \u041f\u043e\u043b\u043d\u043e\u0435 \u043a\u043e\u043b\u044c\u0446\u043e \u0418\u0441\u043b\u0430\u043d\u0434\u0438\u0438 (7 \u0434\u043d\u0435\u0439) &#8226; \u042d\u043a\u0441\u043a\u0443\u0440\u0441\u0438\u0438 Skyline","og_description":"\u0412\u0440\u0435\u043c\u044f \u0442\u0443\u0440\u0430: 7 \u0434\u043d\u0435\u0439  \u0414\u043d\u0438 \u043f\u0440\u043e\u0432\u0435\u0434\u0435\u043d\u0438\u044f: \u041a\u0430\u0436\u0434\u044b\u0439 \u0434\u0435\u043d\u044c","og_url":"https:\/\/skyline-gs.com\/hu\/termek\/the-full-ring-of-iceland\/","og_site_name":"\u042d\u043a\u0441\u043a\u0443\u0440\u0441\u0438\u0438 Skyline","article_modified_time":"2025-12-22T22:44:04+00:00","og_image":[{"width":669,"height":446,"url":"https:\/\/skyline-gs.com\/wp-content\/uploads\/2025\/05\/11.jpg","type":"image\/jpeg"}],"twitter_card":"summary_large_image","twitter_misc":{"Becs\u00fclt olvas\u00e1si id\u0151":"3 perc"},"schema":{"@context":"https:\/\/schema.org","@graph":[{"@type":"WebPage","@id":"https:\/\/skyline-gs.com\/hu\/termek\/the-full-ring-of-iceland\/","url":"https:\/\/skyline-gs.com\/hu\/termek\/the-full-ring-of-iceland\/","name":"\u0418\u043d\u0434\u0438\u0432\u0438\u0434\u0443\u0430\u043b\u044c\u043d\u044b\u0439 \u0442\u0443\u0440: \u041f\u043e\u043b\u043d\u043e\u0435 \u043a\u043e\u043b\u044c\u0446\u043e \u0418\u0441\u043b\u0430\u043d\u0434\u0438\u0438 (7 \u0434\u043d\u0435\u0439) &#8226; \u042d\u043a\u0441\u043a\u0443\u0440\u0441\u0438\u0438 Skyline","isPartOf":{"@id":"https:\/\/skyline-gs.com\/it\/#website"},"primaryImageOfPage":{"@id":"https:\/\/skyline-gs.com\/hu\/termek\/the-full-ring-of-iceland\/#primaryimage"},"image":{"@id":"https:\/\/skyline-gs.com\/hu\/termek\/the-full-ring-of-iceland\/#primaryimage"},"thumbnailUrl":"https:\/\/skyline-gs.com\/wp-content\/uploads\/2025\/05\/11.jpg","datePublished":"2025-05-22T21:28:41+00:00","dateModified":"2025-12-22T22:44:04+00:00","breadcrumb":{"@id":"https:\/\/skyline-gs.com\/hu\/termek\/the-full-ring-of-iceland\/#breadcrumb"},"inLanguage":"hu","potentialAction":[{"@type":"ReadAction","target":["https:\/\/skyline-gs.com\/hu\/termek\/the-full-ring-of-iceland\/"]}]},{"@type":"ImageObject","inLanguage":"hu","@id":"https:\/\/skyline-gs.com\/hu\/termek\/the-full-ring-of-iceland\/#primaryimage","url":"https:\/\/skyline-gs.com\/wp-content\/uploads\/2025\/05\/11.jpg","contentUrl":"https:\/\/skyline-gs.com\/wp-content\/uploads\/2025\/05\/11.jpg","width":669,"height":446},{"@type":"BreadcrumbList","@id":"https:\/\/skyline-gs.com\/hu\/termek\/the-full-ring-of-iceland\/#breadcrumb","itemListElement":[{"@type":"ListItem","position":1,"name":"\u0413\u043b\u0430\u0432\u043d\u0430\u044f \u0441\u0442\u0440\u0430\u043d\u0438\u0446\u0430","item":"https:\/\/skyline-gs.com\/hu\/"},{"@type":"ListItem","position":2,"name":"\u041c\u0430\u0433\u0430\u0437\u0438\u043d","item":"https:\/\/skyline-gs.com\/cs\/shop\/"},{"@type":"ListItem","position":3,"name":"\u0418\u043d\u0434\u0438\u0432\u0438\u0434\u0443\u0430\u043b\u044c\u043d\u044b\u0439 \u0442\u0443\u0440: \u041f\u043e\u043b\u043d\u043e\u0435 \u043a\u043e\u043b\u044c\u0446\u043e \u0418\u0441\u043b\u0430\u043d\u0434\u0438\u0438 (7 \u0434\u043d\u0435\u0439)"}]},{"@type":"WebSite","@id":"https:\/\/skyline-gs.com\/it\/#website","url":"https:\/\/skyline-gs.com\/it\/","name":"Skyline T\u00far\u00e1k","description":"Exkluz\u00edv kir\u00e1ndul\u00e1sok a vil\u00e1g legjobb \u00fcd\u00fcl\u0151helyein","publisher":{"@id":"https:\/\/skyline-gs.com\/it\/#organization"},"alternateName":"Skyline","potentialAction":[{"@type":"SearchAction","target":{"@type":"EntryPoint","urlTemplate":"https:\/\/skyline-gs.com\/it\/?s={search_term_string}"},"query-input":{"@type":"PropertyValueSpecification","valueRequired":true,"valueName":"search_term_string"}}],"inLanguage":"hu"},{"@type":"Organization","@id":"https:\/\/skyline-gs.com\/it\/#organization","name":"Skyline T\u00far\u00e1k","alternateName":"\u042d\u043a\u0441\u043a\u0443\u0440\u0441\u0438\u0438 Skyline","url":"https:\/\/skyline-gs.com\/it\/","logo":{"@type":"ImageObject","inLanguage":"hu","@id":"https:\/\/skyline-gs.com\/it\/#\/schema\/logo\/image\/","url":"https:\/\/skyline-gs.com\/wp-content\/uploads\/2020\/12\/cropped-logo-2.png","contentUrl":"https:\/\/skyline-gs.com\/wp-content\/uploads\/2020\/12\/cropped-logo-2.png","width":512,"height":512,"caption":"\u042d\u043a\u0441\u043a\u0443\u0440\u0441\u0438\u0438 Skyline"},"image":{"@id":"https:\/\/skyline-gs.com\/it\/#\/schema\/logo\/image\/"},"sameAs":["https:\/\/www.instagram.com\/skylineglobalservice\/"]}]}},"_links":{"self":[{"href":"https:\/\/skyline-gs.com\/hu\/wp-json\/wp\/v2\/product\/63441","targetHints":{"allow":["GET"]}}],"collection":[{"href":"https:\/\/skyline-gs.com\/hu\/wp-json\/wp\/v2\/product"}],"about":[{"href":"https:\/\/skyline-gs.com\/hu\/wp-json\/wp\/v2\/types\/product"}],"version-history":[{"count":0,"href":"https:\/\/skyline-gs.com\/hu\/wp-json\/wp\/v2\/product\/63441\/revisions"}],"wp:featuredmedia":[{"embeddable":true,"href":"https:\/\/skyline-gs.com\/hu\/wp-json\/wp\/v2\/media\/63444"}],"wp:attachment":[{"href":"https:\/\/skyline-gs.com\/hu\/wp-json\/wp\/v2\/media?parent=63441"}],"wp:term":[{"taxonomy":"product_brand","embeddable":true,"href":"https:\/\/skyline-gs.com\/hu\/wp-json\/wp\/v2\/product_brand?post=63441"},{"taxonomy":"product_cat","embeddable":true,"href":"https:\/\/skyline-gs.com\/hu\/wp-json\/wp\/v2\/product_cat?post=63441"},{"taxonomy":"product_tag","embeddable":true,"href":"https:\/\/skyline-gs.com\/hu\/wp-json\/wp\/v2\/product_tag?post=63441"}],"curies":[{"name":"wp","href":"https:\/\/api.w.org\/{rel}","templated":true}]}}