{"id":63355,"date":"2025-05-21T22:03:04","date_gmt":"2025-05-21T20:03:04","guid":{"rendered":"http:\/\/skyline-gs.com\/?post_type=product&#038;p=63355"},"modified":"2025-12-23T00:53:21","modified_gmt":"2025-12-22T22:53:21","slug":"golden-ring-blue-laguna-iceland","status":"publish","type":"product","link":"https:\/\/skyline-gs.com\/hu\/product\/golden-ring-blue-laguna-iceland\/","title":{"rendered":"Szem\u00e9lyre szabott t\u00fara: Izland Aranygy\u0171r\u0171je + K\u00e9k Lag\u00fana"},"content":{"rendered":"<p>\u041f\u043e\u0433\u0440\u0443\u0437\u0438\u0442\u0435\u0441\u044c \u0432 \u0441\u0435\u0440\u0434\u0446\u0435 \u0418\u0441\u043b\u0430\u043d\u0434\u0438\u0438, \u043f\u043e\u0441\u0435\u0442\u0438\u0432 \u0437\u043d\u0430\u043c\u0435\u043d\u0438\u0442\u043e\u0435 \u0417\u043e\u043b\u043e\u0442\u043e\u0435 \u043a\u043e\u043b\u044c\u0446\u043e \u0441 \u0435\u0433\u043e \u0433\u0435\u0439\u0437\u0435\u0440\u0430\u043c\u0438, \u0432\u043e\u0434\u043e\u043f\u0430\u0434\u0430\u043c\u0438 \u0438 \u0438\u0441\u0442\u043e\u0440\u0438\u0435\u0439, \u0430 \u0437\u0430\u0442\u0435\u043c \u0440\u0430\u0441\u0441\u043b\u0430\u0431\u044c\u0442\u0435\u0441\u044c \u0432 \u0442\u0451\u043f\u043b\u044b\u0445 \u0442\u0435\u0440\u043c\u0430\u043b\u044c\u043d\u044b\u0445 \u0432\u043e\u0434\u0430\u0445 \u0413\u043e\u043b\u0443\u0431\u043e\u0439 \u043b\u0430\u0433\u0443\u043d\u044b. \u042d\u0442\u043e\u0442 \u043a\u043b\u0430\u0441\u0441\u0438\u0447\u0435\u0441\u043a\u0438\u0439 \u043c\u0430\u0440\u0448\u0440\u0443\u0442 \u2014 \u0438\u0434\u0435\u0430\u043b\u044c\u043d\u044b\u0439 \u0441\u043f\u043e\u0441\u043e\u0431 \u043f\u043e\u0437\u043d\u0430\u043a\u043e\u043c\u0438\u0442\u044c\u0441\u044f \u0441 \u0440\u0430\u0437\u043d\u043e\u043e\u0431\u0440\u0430\u0437\u0438\u0435\u043c \u0438\u0441\u043b\u0430\u043d\u0434\u0441\u043a\u043e\u0439 \u043f\u0440\u0438\u0440\u043e\u0434\u044b \u0438 \u043a\u0443\u043b\u044c\u0442\u0443\u0440\u044b \u0437\u0430 \u043e\u0434\u0438\u043d \u0434\u0435\u043d\u044c.<\/p>\n<p><strong>A t\u00fara egyedis\u00e9ge:<\/strong><\/p>\n<ul>\n<li>\u0421\u0430\u043c\u044b\u0435 \u0438\u0437\u0432\u0435\u0441\u0442\u043d\u044b\u0435 \u0438 \u0434\u043e\u0441\u0442\u0443\u043f\u043d\u044b\u0435 \u043f\u0440\u0438\u0440\u043e\u0434\u043d\u044b\u0435 \u0434\u043e\u0441\u0442\u043e\u043f\u0440\u0438\u043c\u0435\u0447\u0430\u0442\u0435\u043b\u044c\u043d\u043e\u0441\u0442\u0438 \u0418\u0441\u043b\u0430\u043d\u0434\u0438\u0438<\/li>\n<li>\u041a\u043e\u043c\u0444\u043e\u0440\u0442\u043d\u044b\u0439 \u0434\u0435\u043d\u044c \u0441 \u0433\u0438\u0434\u043e\u043c \u0438 \u0442\u0440\u0430\u043d\u0441\u0444\u0435\u0440\u043e\u043c<\/li>\n<li>\u0420\u0430\u0441\u0441\u043b\u0430\u0431\u043b\u044f\u044e\u0449\u0438\u0439 \u0441\u043f\u0430-\u043e\u0442\u0434\u044b\u0445 \u0432 \u043a\u043e\u043d\u0446\u0435 \u043d\u0430\u0441\u044b\u0449\u0435\u043d\u043d\u043e\u0433\u043e \u0434\u043d\u044f<\/li>\n<\/ul>\n<p><strong>8:00 - Indul\u00e1s a sz\u00e1lloda hallj\u00e1b\u00f3l.<\/strong><\/p>\n<ol>\n<li><strong>Tingvellir Nemzeti Park<\/strong> - Kezdje t\u00far\u00e1j\u00e1t ezen a t\u00f6rt\u00e9nelmi helysz\u00ednen, ahol Izland els\u0151 parlamentj\u00e9t alap\u00edtott\u00e1k. Itt egy egyed\u00fcl\u00e1ll\u00f3 geol\u00f3giai jellegzetess\u00e9get is l\u00e1that - az eur\u00e1zsiai \u00e9s az \u00e9szak-amerikai tektonikus lemezek sz\u00e9tv\u00e1l\u00e1s\u00e1t. Ez nemcsak kultur\u00e1lis, hanem geol\u00f3giai csoda is!<\/li>\n<li><strong>Ehsaraurfoss v\u00edzes\u00e9s<\/strong> - Fens\u00e9ges v\u00edzes\u00e9s az Ehsarau foly\u00f3n, amely a tektonikus lemezek keleti hat\u00e1r\u00e1n h\u00faz\u00f3d\u00f3 Almannagya t\u00f6r\u00e9s szikl\u00e1j\u00e1n z\u00fadul lefel\u00e9. A term\u00e9szet ereje itt a legteljesebben \u00e9rezhet\u0151.<\/li>\n<li><strong>Geysir<\/strong> - az a hely, amelyr\u0151l a meleg forr\u00e1sok eg\u00e9sz csoportja a nev\u00e9t kapta. Itt l\u00e1that\u00f3 a h\u00edres Strokk\u00fcr gejz\u00edr, amely ak\u00e1r 30 m\u00e9ter magasan is forr\u00f3 vizet ok\u00e1d. Hihetetlen l\u00e1tv\u00e1ny, amit nem szabad kihagyni!<\/li>\n<li><strong>Izlandi lovak<\/strong> - egy egyed\u00fcl\u00e1ll\u00f3 l\u00f3fajta, amely karakter\u00e9r\u0151l \u00e9s erej\u00e9r\u0151l ismert. Tal\u00e1lkozhatsz vel\u00fck, \u00e9s megtudhatod, mi\u00e9rt olyan fontosak Izland sz\u00e1m\u00e1ra.<\/li>\n<li><strong>G\u00fcdlfoss v\u00edzes\u00e9s<\/strong> - Izland egyik legfens\u00e9gesebb v\u00edzes\u00e9se. Er\u0151teljes v\u00edzfoly\u00e1sai \u00e9s k\u00f6rnyezete hihetetlen kil\u00e1t\u00e1st \u00e9s olyan l\u00e9gk\u00f6rt teremt, ahol a term\u00e9szet teljes erej\u00e9t \u00e9rezhetj\u00fck.<\/li>\n<li><strong>Vulkanikus t\u00f3 Kerid<\/strong> - Egy kr\u00e1tert\u00f3, amely t\u00f6bb mint 6000 \u00e9vvel ezel\u0151tt egy vulk\u00e1nkit\u00f6r\u00e9s k\u00f6vetkezt\u00e9ben alakult ki. Ez a hely leny\u0171g\u00f6zi \u00d6nt sz\u00e9ps\u00e9g\u00e9vel \u00e9s egyed\u00fcl\u00e1ll\u00f3 hangulat\u00e1val.<\/li>\n<li><strong style=\"font-family: var(--global-body-font-family);\">K\u00e9k lag\u00fana<\/strong><span style=\"font-family: var(--global-body-font-family);\">\u00a0\u2014 \u0443\u043d\u0438\u043a\u0430\u043b\u044c\u043d\u043e\u043c \u0433\u0435\u043e\u0442\u0435\u0440\u043c\u0430\u043b\u044c\u043d\u043e\u043c \u0431\u0430\u0441\u0441\u0435\u0439\u043d\u0435 \u0441 \u0442\u0451\u043f\u043b\u043e\u0439, \u043d\u0430\u0441\u044b\u0449\u0435\u043d\u043d\u043e\u0439 \u043c\u0438\u043d\u0435\u0440\u0430\u043b\u0430\u043c\u0438 \u0432\u043e\u0434\u043e\u0439, \u043a\u043e\u0442\u043e\u0440\u0430\u044f \u0431\u043b\u0430\u0433\u043e\u0442\u0432\u043e\u0440\u043d\u043e \u0432\u043b\u0438\u044f\u0435\u0442 \u043d\u0430 \u043a\u043e\u0436\u0443 \u0438 \u0434\u0430\u0440\u0438\u0442 \u043e\u0449\u0443\u0449\u0435\u043d\u0438\u0435 \u043f\u043e\u043b\u043d\u043e\u0433\u043e \u0440\u0430\u0441\u0441\u043b\u0430\u0431\u043b\u0435\u043d\u0438\u044f. \u0417\u0434\u0435\u0441\u044c \u0432\u044b \u0441\u043c\u043e\u0436\u0435\u0442\u0435 \u043d\u0430\u0441\u043b\u0430\u0434\u0438\u0442\u044c\u0441\u044f \u0441\u043f\u0430-\u043f\u0440\u043e\u0446\u0435\u0434\u0443\u0440\u0430\u043c\u0438, \u043c\u0430\u0441\u043a\u0430\u043c\u0438 \u0438\u0437 \u0432\u0443\u043b\u043a\u0430\u043d\u0438\u0447\u0435\u0441\u043a\u043e\u0439 \u0433\u043b\u0438\u043d\u044b \u0438 \u0432\u0435\u043b\u0438\u043a\u043e\u043b\u0435\u043f\u043d\u044b\u043c \u0432\u0438\u0434\u043e\u043c \u043d\u0430 \u043e\u043a\u0440\u0443\u0436\u0430\u044e\u0449\u0438\u0439 \u043b\u0430\u0432\u043e\u0432\u044b\u0439 \u043f\u0435\u0439\u0437\u0430\u0436.<\/span><\/li>\n<\/ol>\n<p><strong>20:30 \u2014 \u0412\u043e\u0437\u0432\u0440\u0430\u0449\u0435\u043d\u0438\u0435 \u0432 \u043e\u0442\u0435\u043b\u044c.<\/strong><\/p>\n<p><strong>Tartalmazza:<\/strong><\/p>\n<ul>\n<li>Transzfer a sz\u00e1llod\u00e1b\u00f3l \u00e9s vissza<\/li>\n<li>\u0422\u0440\u0430\u043d\u0441\u0444\u0435\u0440\u044b \u043d\u0430 \u043a\u043e\u043c\u0444\u043e\u0440\u0442\u0430\u0431\u0435\u043b\u044c\u043d\u043e\u043c \u0432\u043d\u0435\u0434\u043e\u0440\u043e\u0436\u043d\u0438\u043a\u0435 4&#215;4 \u0441 \u043a\u043e\u043d\u0434\u0438\u0446\u0438\u043e\u043d\u0435\u0440\u043e\u043c<\/li>\n<li>Magyarul besz\u00e9l\u0151 idegenvezet\u0151<\/li>\n<li>\u00dczemanyag<\/li>\n<li>Fizet\u0151s parkol\u00f3k az \u00fatvonal ment\u00e9n<\/li>\n<\/ul>\n<p><strong>Nem tartalmazza:<\/strong><\/p>\n<ul>\n<li>Bel\u00e9p\u0151jegyek<\/li>\n<li>\u0412\u0445\u043e\u0434 \u0432 \u0413\u043e\u043b\u0443\u0431\u0443\u044e \u043b\u0430\u0433\u0443\u043d\u0443 (\u043e\u0442 65 \u0435\u0432\u0440\u043e \u0441 \u0447\u0435\u043b\u043e\u0432\u0435\u043a\u0430, \u0432 \u0437\u0430\u0432\u0438\u0441\u0438\u043c\u043e\u0441\u0442\u0438 \u043e\u0442 \u0432\u0440\u0435\u043c\u0435\u043d\u0438 \u0438 \u043f\u0430\u043a\u0435\u0442\u0430)<\/li>\n<li>\u00c9tkez\u00e9s (fakultat\u00edv, k\u00e1v\u00e9z\u00f3k az \u00fatvonal ment\u00e9n)<\/li>\n<li>\u0412\u0445\u043e\u0434\u043d\u044b\u0435 \u0431\u0438\u043b\u0435\u0442\u044b \u0432 \u043c\u0443\u0437\u0435\u0438 (\u043d\u0430\u043f\u0440\u0438\u043c\u0435\u0440, \u041b\u0430\u0432\u043e\u0432\u044b\u0439 \u0446\u0435\u043d\u0442\u0440 \u2014 10\u201315 \u0435\u0432\u0440\u043e \u0441 \u0447\u0435\u043b\u043e\u0432\u0435\u043a\u0430)<\/li>\n<\/ul>\n<p><strong>Vigy\u00e9l magaddal:<\/strong><\/p>\n<ul>\n<li>F\u00e9nyk\u00e9pez\u0151g\u00e9p<\/li>\n<li>K\u00e9nyelmes cip\u0151<\/li>\n<li>Meleg ruh\u00e1k<\/li>\n<li>P\u00e9nz szem\u00e9lyes kiad\u00e1sokra<\/li>\n<\/ul>","protected":false},"excerpt":{"rendered":"<p><strong>Kir\u00e1ndul\u00e1s Id\u0151pontja:\u00a0<\/strong>8:00 \u2014 20:30<\/p>\n<p><strong>A Kir\u00e1ndul\u00e1s Napjai: <\/strong>Minden nap<\/p>","protected":false},"featured_media":63377,"template":"","meta":{"_kad_post_transparent":"default","_kad_post_title":"","_kad_post_layout":"default","_kad_post_sidebar_id":"","_kad_post_content_style":"default","_kad_post_vertical_padding":"default","_kad_post_feature":"","_kad_post_feature_position":"","_kad_post_header":false,"_kad_post_footer":false,"_kad_post_classname":"","_glsr_average":0,"_glsr_ranking":0,"_glsr_reviews":0},"product_brand":[],"product_cat":[467],"product_tag":[],"class_list":{"0":"post-63355","1":"product","2":"type-product","3":"status-publish","4":"has-post-thumbnail","6":"product_cat-iceland","7":"tm-has-options","9":"first","10":"instock","11":"sale","12":"sold-individually","13":"taxable","14":"shipping-taxable","15":"purchasable","16":"product-type-simple","17":"entry","18":"content-bg","19":"loop-entry"},"yoast_head":"<!-- This site is optimized with the Yoast SEO plugin v27.3 - https:\/\/yoast.com\/product\/yoast-seo-wordpress\/ -->\n<title>\u0418\u043d\u0434\u0438\u0432\u0438\u0434\u0443\u0430\u043b\u044c\u043d\u044b\u0439 \u0442\u0443\u0440: \u0417\u043e\u043b\u043e\u0442\u043e\u0435 \u043a\u043e\u043b\u044c\u0446\u043e \u0418\u0441\u043b\u0430\u043d\u0434\u0438\u0438 + \u0413\u043e\u043b\u0443\u0431\u0430\u044f \u043b\u0430\u0433\u0443\u043d\u0430 &#8226; \u042d\u043a\u0441\u043a\u0443\u0440\u0441\u0438\u0438 Skyline<\/title>\n<meta name=\"robots\" content=\"index, follow, max-snippet:-1, max-image-preview:large, max-video-preview:-1\" \/>\n<link rel=\"canonical\" href=\"http:\/\/skyline-gs.com\/hu\/termek\/golden-ring-blue-laguna-iceland\/\" \/>\n<meta property=\"og:locale\" content=\"hu_HU\" \/>\n<meta property=\"og:type\" content=\"article\" \/>\n<meta property=\"og:title\" content=\"\u0418\u043d\u0434\u0438\u0432\u0438\u0434\u0443\u0430\u043b\u044c\u043d\u044b\u0439 \u0442\u0443\u0440: \u0417\u043e\u043b\u043e\u0442\u043e\u0435 \u043a\u043e\u043b\u044c\u0446\u043e \u0418\u0441\u043b\u0430\u043d\u0434\u0438\u0438 + \u0413\u043e\u043b\u0443\u0431\u0430\u044f \u043b\u0430\u0433\u0443\u043d\u0430 &#8226; \u042d\u043a\u0441\u043a\u0443\u0440\u0441\u0438\u0438 Skyline\" \/>\n<meta property=\"og:description\" content=\"\u0412\u0440\u0435\u043c\u044f \u0442\u0443\u0440\u0430:\u00a08:00 \u2014 20:30  \u0414\u043d\u0438 \u043f\u0440\u043e\u0432\u0435\u0434\u0435\u043d\u0438\u044f: \u041a\u0430\u0436\u0434\u044b\u0439 \u0434\u0435\u043d\u044c\" \/>\n<meta property=\"og:url\" content=\"http:\/\/skyline-gs.com\/hu\/termek\/golden-ring-blue-laguna-iceland\/\" \/>\n<meta property=\"og:site_name\" content=\"\u042d\u043a\u0441\u043a\u0443\u0440\u0441\u0438\u0438 Skyline\" \/>\n<meta property=\"article:modified_time\" content=\"2025-12-22T22:53:21+00:00\" \/>\n<meta property=\"og:image\" content=\"https:\/\/skyline-gs.com\/wp-content\/uploads\/2025\/05\/68-2.jpg\" \/>\n\t<meta property=\"og:image:width\" content=\"669\" \/>\n\t<meta property=\"og:image:height\" content=\"446\" \/>\n\t<meta property=\"og:image:type\" content=\"image\/jpeg\" \/>\n<meta name=\"twitter:card\" content=\"summary_large_image\" \/>\n<meta name=\"twitter:label1\" content=\"Becs\u00fclt olvas\u00e1si id\u0151\" \/>\n\t<meta name=\"twitter:data1\" content=\"3 perc\" \/>\n<script type=\"application\/ld+json\" class=\"yoast-schema-graph\">{\"@context\":\"https:\\\/\\\/schema.org\",\"@graph\":[{\"@type\":\"WebPage\",\"@id\":\"http:\\\/\\\/skyline-gs.com\\\/fr\\\/produit\\\/golden-ring-blue-laguna-iceland\\\/\",\"url\":\"http:\\\/\\\/skyline-gs.com\\\/fr\\\/produit\\\/golden-ring-blue-laguna-iceland\\\/\",\"name\":\"\u0418\u043d\u0434\u0438\u0432\u0438\u0434\u0443\u0430\u043b\u044c\u043d\u044b\u0439 \u0442\u0443\u0440: \u0417\u043e\u043b\u043e\u0442\u043e\u0435 \u043a\u043e\u043b\u044c\u0446\u043e \u0418\u0441\u043b\u0430\u043d\u0434\u0438\u0438 + \u0413\u043e\u043b\u0443\u0431\u0430\u044f \u043b\u0430\u0433\u0443\u043d\u0430 &#8226; \u042d\u043a\u0441\u043a\u0443\u0440\u0441\u0438\u0438 Skyline\",\"isPartOf\":{\"@id\":\"https:\\\/\\\/skyline-gs.com\\\/it\\\/#website\"},\"primaryImageOfPage\":{\"@id\":\"http:\\\/\\\/skyline-gs.com\\\/fr\\\/produit\\\/golden-ring-blue-laguna-iceland\\\/#primaryimage\"},\"image\":{\"@id\":\"http:\\\/\\\/skyline-gs.com\\\/fr\\\/produit\\\/golden-ring-blue-laguna-iceland\\\/#primaryimage\"},\"thumbnailUrl\":\"https:\\\/\\\/skyline-gs.com\\\/wp-content\\\/uploads\\\/2025\\\/05\\\/68-2.jpg\",\"datePublished\":\"2025-05-21T20:03:04+00:00\",\"dateModified\":\"2025-12-22T22:53:21+00:00\",\"breadcrumb\":{\"@id\":\"http:\\\/\\\/skyline-gs.com\\\/fr\\\/produit\\\/golden-ring-blue-laguna-iceland\\\/#breadcrumb\"},\"inLanguage\":\"hu\",\"potentialAction\":[{\"@type\":\"ReadAction\",\"target\":[\"http:\\\/\\\/skyline-gs.com\\\/fr\\\/produit\\\/golden-ring-blue-laguna-iceland\\\/\"]}]},{\"@type\":\"ImageObject\",\"inLanguage\":\"hu\",\"@id\":\"http:\\\/\\\/skyline-gs.com\\\/fr\\\/produit\\\/golden-ring-blue-laguna-iceland\\\/#primaryimage\",\"url\":\"https:\\\/\\\/skyline-gs.com\\\/wp-content\\\/uploads\\\/2025\\\/05\\\/68-2.jpg\",\"contentUrl\":\"https:\\\/\\\/skyline-gs.com\\\/wp-content\\\/uploads\\\/2025\\\/05\\\/68-2.jpg\",\"width\":669,\"height\":446},{\"@type\":\"BreadcrumbList\",\"@id\":\"http:\\\/\\\/skyline-gs.com\\\/fr\\\/produit\\\/golden-ring-blue-laguna-iceland\\\/#breadcrumb\",\"itemListElement\":[{\"@type\":\"ListItem\",\"position\":1,\"name\":\"\u0413\u043b\u0430\u0432\u043d\u0430\u044f \u0441\u0442\u0440\u0430\u043d\u0438\u0446\u0430\",\"item\":\"https:\\\/\\\/skyline-gs.com\\\/hu\\\/\"},{\"@type\":\"ListItem\",\"position\":2,\"name\":\"\u041c\u0430\u0433\u0430\u0437\u0438\u043d\",\"item\":\"https:\\\/\\\/skyline-gs.com\\\/cs\\\/shop\\\/\"},{\"@type\":\"ListItem\",\"position\":3,\"name\":\"\u0418\u043d\u0434\u0438\u0432\u0438\u0434\u0443\u0430\u043b\u044c\u043d\u044b\u0439 \u0442\u0443\u0440: \u0417\u043e\u043b\u043e\u0442\u043e\u0435 \u043a\u043e\u043b\u044c\u0446\u043e \u0418\u0441\u043b\u0430\u043d\u0434\u0438\u0438 + \u0413\u043e\u043b\u0443\u0431\u0430\u044f \u043b\u0430\u0433\u0443\u043d\u0430\"}]},{\"@type\":\"WebSite\",\"@id\":\"https:\\\/\\\/skyline-gs.com\\\/it\\\/#website\",\"url\":\"https:\\\/\\\/skyline-gs.com\\\/it\\\/\",\"name\":\"\u042d\u043a\u0441\u043a\u0443\u0440\u0441\u0438\u0438 Skyline\",\"description\":\"\u042d\u043a\u0441\u043a\u043b\u044e\u0437\u0438\u0432\u043d\u044b\u0435 \u044d\u043a\u0441\u043a\u0443\u0440\u0441\u0438\u0438 \u043d\u0430 \u043b\u0443\u0447\u0448\u0438\u0445 \u043a\u0443\u0440\u043e\u0440\u0442\u0430\u0445 \u043c\u0438\u0440\u0430\",\"publisher\":{\"@id\":\"https:\\\/\\\/skyline-gs.com\\\/it\\\/#organization\"},\"alternateName\":\"Skyline\",\"potentialAction\":[{\"@type\":\"SearchAction\",\"target\":{\"@type\":\"EntryPoint\",\"urlTemplate\":\"https:\\\/\\\/skyline-gs.com\\\/it\\\/?s={search_term_string}\"},\"query-input\":{\"@type\":\"PropertyValueSpecification\",\"valueRequired\":true,\"valueName\":\"search_term_string\"}}],\"inLanguage\":\"hu\"},{\"@type\":\"Organization\",\"@id\":\"https:\\\/\\\/skyline-gs.com\\\/it\\\/#organization\",\"name\":\"\u042d\u043a\u0441\u043a\u0443\u0440\u0441\u0438\u0438 Skyline\",\"alternateName\":\"\u042d\u043a\u0441\u043a\u0443\u0440\u0441\u0438\u0438 Skyline\",\"url\":\"https:\\\/\\\/skyline-gs.com\\\/it\\\/\",\"logo\":{\"@type\":\"ImageObject\",\"inLanguage\":\"hu\",\"@id\":\"https:\\\/\\\/skyline-gs.com\\\/it\\\/#\\\/schema\\\/logo\\\/image\\\/\",\"url\":\"https:\\\/\\\/skyline-gs.com\\\/wp-content\\\/uploads\\\/2020\\\/12\\\/cropped-logo-2.png\",\"contentUrl\":\"https:\\\/\\\/skyline-gs.com\\\/wp-content\\\/uploads\\\/2020\\\/12\\\/cropped-logo-2.png\",\"width\":512,\"height\":512,\"caption\":\"\u042d\u043a\u0441\u043a\u0443\u0440\u0441\u0438\u0438 Skyline\"},\"image\":{\"@id\":\"https:\\\/\\\/skyline-gs.com\\\/it\\\/#\\\/schema\\\/logo\\\/image\\\/\"},\"sameAs\":[\"https:\\\/\\\/www.instagram.com\\\/skylineglobalservice\\\/\"]}]}<\/script>\n<!-- \/ Yoast SEO plugin. -->","yoast_head_json":{"title":"\u0418\u043d\u0434\u0438\u0432\u0438\u0434\u0443\u0430\u043b\u044c\u043d\u044b\u0439 \u0442\u0443\u0440: \u0417\u043e\u043b\u043e\u0442\u043e\u0435 \u043a\u043e\u043b\u044c\u0446\u043e \u0418\u0441\u043b\u0430\u043d\u0434\u0438\u0438 + \u0413\u043e\u043b\u0443\u0431\u0430\u044f \u043b\u0430\u0433\u0443\u043d\u0430 &#8226; \u042d\u043a\u0441\u043a\u0443\u0440\u0441\u0438\u0438 Skyline","robots":{"index":"index","follow":"follow","max-snippet":"max-snippet:-1","max-image-preview":"max-image-preview:large","max-video-preview":"max-video-preview:-1"},"canonical":"http:\/\/skyline-gs.com\/hu\/termek\/golden-ring-blue-laguna-iceland\/","og_locale":"hu_HU","og_type":"article","og_title":"\u0418\u043d\u0434\u0438\u0432\u0438\u0434\u0443\u0430\u043b\u044c\u043d\u044b\u0439 \u0442\u0443\u0440: \u0417\u043e\u043b\u043e\u0442\u043e\u0435 \u043a\u043e\u043b\u044c\u0446\u043e \u0418\u0441\u043b\u0430\u043d\u0434\u0438\u0438 + \u0413\u043e\u043b\u0443\u0431\u0430\u044f \u043b\u0430\u0433\u0443\u043d\u0430 &#8226; \u042d\u043a\u0441\u043a\u0443\u0440\u0441\u0438\u0438 Skyline","og_description":"\u0412\u0440\u0435\u043c\u044f \u0442\u0443\u0440\u0430:\u00a08:00 \u2014 20:30  \u0414\u043d\u0438 \u043f\u0440\u043e\u0432\u0435\u0434\u0435\u043d\u0438\u044f: \u041a\u0430\u0436\u0434\u044b\u0439 \u0434\u0435\u043d\u044c","og_url":"http:\/\/skyline-gs.com\/hu\/termek\/golden-ring-blue-laguna-iceland\/","og_site_name":"\u042d\u043a\u0441\u043a\u0443\u0440\u0441\u0438\u0438 Skyline","article_modified_time":"2025-12-22T22:53:21+00:00","og_image":[{"width":669,"height":446,"url":"https:\/\/skyline-gs.com\/wp-content\/uploads\/2025\/05\/68-2.jpg","type":"image\/jpeg"}],"twitter_card":"summary_large_image","twitter_misc":{"Becs\u00fclt olvas\u00e1si id\u0151":"3 perc"},"schema":{"@context":"https:\/\/schema.org","@graph":[{"@type":"WebPage","@id":"http:\/\/skyline-gs.com\/fr\/produit\/golden-ring-blue-laguna-iceland\/","url":"http:\/\/skyline-gs.com\/fr\/produit\/golden-ring-blue-laguna-iceland\/","name":"\u0418\u043d\u0434\u0438\u0432\u0438\u0434\u0443\u0430\u043b\u044c\u043d\u044b\u0439 \u0442\u0443\u0440: \u0417\u043e\u043b\u043e\u0442\u043e\u0435 \u043a\u043e\u043b\u044c\u0446\u043e \u0418\u0441\u043b\u0430\u043d\u0434\u0438\u0438 + \u0413\u043e\u043b\u0443\u0431\u0430\u044f \u043b\u0430\u0433\u0443\u043d\u0430 &#8226; \u042d\u043a\u0441\u043a\u0443\u0440\u0441\u0438\u0438 Skyline","isPartOf":{"@id":"https:\/\/skyline-gs.com\/it\/#website"},"primaryImageOfPage":{"@id":"http:\/\/skyline-gs.com\/fr\/produit\/golden-ring-blue-laguna-iceland\/#primaryimage"},"image":{"@id":"http:\/\/skyline-gs.com\/fr\/produit\/golden-ring-blue-laguna-iceland\/#primaryimage"},"thumbnailUrl":"https:\/\/skyline-gs.com\/wp-content\/uploads\/2025\/05\/68-2.jpg","datePublished":"2025-05-21T20:03:04+00:00","dateModified":"2025-12-22T22:53:21+00:00","breadcrumb":{"@id":"http:\/\/skyline-gs.com\/fr\/produit\/golden-ring-blue-laguna-iceland\/#breadcrumb"},"inLanguage":"hu","potentialAction":[{"@type":"ReadAction","target":["http:\/\/skyline-gs.com\/fr\/produit\/golden-ring-blue-laguna-iceland\/"]}]},{"@type":"ImageObject","inLanguage":"hu","@id":"http:\/\/skyline-gs.com\/fr\/produit\/golden-ring-blue-laguna-iceland\/#primaryimage","url":"https:\/\/skyline-gs.com\/wp-content\/uploads\/2025\/05\/68-2.jpg","contentUrl":"https:\/\/skyline-gs.com\/wp-content\/uploads\/2025\/05\/68-2.jpg","width":669,"height":446},{"@type":"BreadcrumbList","@id":"http:\/\/skyline-gs.com\/fr\/produit\/golden-ring-blue-laguna-iceland\/#breadcrumb","itemListElement":[{"@type":"ListItem","position":1,"name":"\u0413\u043b\u0430\u0432\u043d\u0430\u044f \u0441\u0442\u0440\u0430\u043d\u0438\u0446\u0430","item":"https:\/\/skyline-gs.com\/hu\/"},{"@type":"ListItem","position":2,"name":"\u041c\u0430\u0433\u0430\u0437\u0438\u043d","item":"https:\/\/skyline-gs.com\/cs\/shop\/"},{"@type":"ListItem","position":3,"name":"\u0418\u043d\u0434\u0438\u0432\u0438\u0434\u0443\u0430\u043b\u044c\u043d\u044b\u0439 \u0442\u0443\u0440: \u0417\u043e\u043b\u043e\u0442\u043e\u0435 \u043a\u043e\u043b\u044c\u0446\u043e \u0418\u0441\u043b\u0430\u043d\u0434\u0438\u0438 + \u0413\u043e\u043b\u0443\u0431\u0430\u044f \u043b\u0430\u0433\u0443\u043d\u0430"}]},{"@type":"WebSite","@id":"https:\/\/skyline-gs.com\/it\/#website","url":"https:\/\/skyline-gs.com\/it\/","name":"Skyline T\u00far\u00e1k","description":"Exkluz\u00edv kir\u00e1ndul\u00e1sok a vil\u00e1g legjobb \u00fcd\u00fcl\u0151helyein","publisher":{"@id":"https:\/\/skyline-gs.com\/it\/#organization"},"alternateName":"Skyline","potentialAction":[{"@type":"SearchAction","target":{"@type":"EntryPoint","urlTemplate":"https:\/\/skyline-gs.com\/it\/?s={search_term_string}"},"query-input":{"@type":"PropertyValueSpecification","valueRequired":true,"valueName":"search_term_string"}}],"inLanguage":"hu"},{"@type":"Organization","@id":"https:\/\/skyline-gs.com\/it\/#organization","name":"Skyline T\u00far\u00e1k","alternateName":"\u042d\u043a\u0441\u043a\u0443\u0440\u0441\u0438\u0438 Skyline","url":"https:\/\/skyline-gs.com\/it\/","logo":{"@type":"ImageObject","inLanguage":"hu","@id":"https:\/\/skyline-gs.com\/it\/#\/schema\/logo\/image\/","url":"https:\/\/skyline-gs.com\/wp-content\/uploads\/2020\/12\/cropped-logo-2.png","contentUrl":"https:\/\/skyline-gs.com\/wp-content\/uploads\/2020\/12\/cropped-logo-2.png","width":512,"height":512,"caption":"\u042d\u043a\u0441\u043a\u0443\u0440\u0441\u0438\u0438 Skyline"},"image":{"@id":"https:\/\/skyline-gs.com\/it\/#\/schema\/logo\/image\/"},"sameAs":["https:\/\/www.instagram.com\/skylineglobalservice\/"]}]}},"_links":{"self":[{"href":"https:\/\/skyline-gs.com\/hu\/wp-json\/wp\/v2\/product\/63355","targetHints":{"allow":["GET"]}}],"collection":[{"href":"https:\/\/skyline-gs.com\/hu\/wp-json\/wp\/v2\/product"}],"about":[{"href":"https:\/\/skyline-gs.com\/hu\/wp-json\/wp\/v2\/types\/product"}],"version-history":[{"count":0,"href":"https:\/\/skyline-gs.com\/hu\/wp-json\/wp\/v2\/product\/63355\/revisions"}],"wp:featuredmedia":[{"embeddable":true,"href":"https:\/\/skyline-gs.com\/hu\/wp-json\/wp\/v2\/media\/63377"}],"wp:attachment":[{"href":"https:\/\/skyline-gs.com\/hu\/wp-json\/wp\/v2\/media?parent=63355"}],"wp:term":[{"taxonomy":"product_brand","embeddable":true,"href":"https:\/\/skyline-gs.com\/hu\/wp-json\/wp\/v2\/product_brand?post=63355"},{"taxonomy":"product_cat","embeddable":true,"href":"https:\/\/skyline-gs.com\/hu\/wp-json\/wp\/v2\/product_cat?post=63355"},{"taxonomy":"product_tag","embeddable":true,"href":"https:\/\/skyline-gs.com\/hu\/wp-json\/wp\/v2\/product_tag?post=63355"}],"curies":[{"name":"wp","href":"https:\/\/api.w.org\/{rel}","templated":true}]}}