{"id":63004,"date":"2025-04-28T22:00:27","date_gmt":"2025-04-28T20:00:27","guid":{"rendered":"http:\/\/skyline-gs.com\/?post_type=product&#038;p=63004"},"modified":"2025-04-30T19:10:55","modified_gmt":"2025-04-30T17:10:55","slug":"luxory-cruice-super-yacht-dubai","status":"publish","type":"product","link":"https:\/\/skyline-gs.com\/hu\/product\/luxory-cruice-super-yacht-dubai\/","title":{"rendered":"Dubai Super Yacht Cruise"},"content":{"rendered":"<p class=\"\" data-start=\"251\" data-end=\"497\">Dubai tudja, hogyan kell meglepni: itt a luxus \u00e9lvezetek mindenki sz\u00e1m\u00e1ra el\u00e9rhet\u0151v\u00e9 v\u00e1ltak. Ma m\u00e1r megengedheti mag\u00e1nak azt, ami tegnap m\u00e9g el\u00e9rhetetlennek t\u0171nt. <strong>haj\u00f3k\u00e1z\u00e1s egy leny\u0171g\u00f6z\u0151 h\u00e1romfed\u00e9lzet\u0171 megayachton a vil\u00e1g egyik legszebb tengerpartja ment\u00e9n<\/strong>! A dubaji kik\u00f6t\u0151 vizein minden nap vitorl\u00e1z\u00e1s folyik. <strong>feh\u00e9r 42 l\u00e1b hossz\u00fa jacht<\/strong>felejthetetlen kalandot \u00edg\u00e9r - p\u00e1rn\u00e1zott napoz\u00f3\u00e1gyakkal, panor\u00e1m\u00e1s fed\u00e9lzetekkel, hangulatos \u00fcl\u0151helyekkel \u00e9s vibr\u00e1l\u00f3 nyaral\u00e1si hangulattal.<\/p>\n<p data-start=\"273\" data-end=\"492\"><strong>13:00, 17:00, 21:00 - Felsz\u00e1ll\u00e1s \u00e9s indul\u00e1s a dubaji kik\u00f6t\u0151 ter\u00fclet\u00e9r\u0151l<\/strong>.<\/p>\n<ul>\n<li data-start=\"765\" data-end=\"820\"><strong>S\u00e9tahaj\u00f3z\u00e1s a JBR v\u00edzpartj\u00e1n<\/strong>Az Ain Dubai \u00f3ri\u00e1sker\u00e9k alatt, a Palm Jumeirah partj\u00e1n \u00e9s a dubaji kik\u00f6t\u0151 eg\u00e9sz ter\u00fclet\u00e9n.<\/li>\n<li data-start=\"765\" data-end=\"820\">T\u00e1gas, l\u00e9gkondicion\u00e1lt k\u00fclt\u00e9ri \u00e9s belt\u00e9ri fed\u00e9lzetek.<\/li>\n<li data-start=\"765\" data-end=\"820\"><strong>Eleg\u00e1ns ter\u00fcletek a napoz\u00e1shoz, pihen\u00e9shez \u00e9s kikapcsol\u00f3d\u00e1shoz<\/strong>.<\/li>\n<li data-start=\"765\" data-end=\"820\"><strong>\u00c9l\u0151 zene<\/strong>: energikus DJ-szettek \u00e9s audio-kalauz Dubaj legn\u00e9pszer\u0171bb l\u00e1tnival\u00f3ihoz.<\/li>\n<li data-start=\"765\" data-end=\"820\">Eb\u00e9d vagy vacsora - <strong data-start=\"983\" data-end=\"1000\">b\u00fcf\u00e9<\/strong> eur\u00f3pai \u00e9s nemzeti konyh\u00e1val.<\/li>\n<li data-start=\"765\" data-end=\"820\"><strong>Nyitott b\u00e1rok italokkal, bele\u00e9rtve az alkoholos kokt\u00e9lokat is<\/strong>.<\/li>\n<li data-start=\"765\" data-end=\"820\"><strong>Meg\u00e1ll\u00f3k a ny\u00edlt tengeren vagy a jachton l\u00e9v\u0151 medenc\u00e9ben val\u00f3 \u00fasz\u00e1sra<\/strong> (ha az id\u0151j\u00e1r\u00e1s engedi).<\/li>\n<li data-start=\"765\" data-end=\"820\">Ingyenes wifi az \u00e9l\u0151 k\u00f6zvet\u00edt\u00e9sekhez \u00e9s a storishoz.<\/li>\n<\/ul>\n<p data-start=\"2495\" data-end=\"2523\"><strong>16:00, 20:00, 00:00 - Visszat\u00e9r\u00e9s a m\u00f3l\u00f3ra.<\/strong><\/p>\n<p><strong>Tartalmazza:<\/strong><\/p>\n<ul>\n<li>3 \u00f3r\u00e1s haj\u00f3\u00fat<\/li>\n<li>Sv\u00e9dasztalos eb\u00e9d vagy vacsora<\/li>\n<li>\u00dcd\u00edt\u0151italok<\/li>\n<li>Alkoholos italok<\/li>\n<li>Audio guide \u00e9s DJ szettek<\/li>\n<li>\u00dasz\u00f3medence a jachton<\/li>\n<\/ul>\n<p><strong>Nem tartalmazza:<\/strong><\/p>\n<ul>\n<li>Transzfer a sz\u00e1llod\u00e1b\u00f3l \u00e9s a sz\u00e1llod\u00e1ba<\/li>\n<\/ul>\n<p><strong style=\"font-family: var(--global-body-font-family);\">Mit hozzak magammal?<\/strong><\/p>\n<ul>\n<li>\u00datlev\u00e9l<\/li>\n<li>Kamera<\/li>\n<li>Meleg ruh\u00e1zat (\u0151sszel \u00e9s t\u00e9len)<\/li>\n<\/ul>\n<p><strong>Foglal\u00e1si felt\u00e9telek:<\/strong><\/p>\n<ul>\n<li><strong>Teljes kifizet\u00e9s<\/strong>. Elfogadjuk a k\u00e1rty\u00e1s \u00e1tutal\u00e1ssal t\u00f6rt\u00e9n\u0151 fizet\u00e9st <strong>doll\u00e1rban, eur\u00f3ban, rubelben, hrivny\u00e1ban. Valamint USDT-ben kriptot\u00e1rc\u00e1ba.<\/strong>.<\/li>\n<li>A foglal\u00e1st a fizet\u00e9s ut\u00e1n azonnal meger\u0151s\u00edtj\u00fck - minden utas\u00edt\u00e1st elk\u00fcld\u00fcnk \u00d6nnek.<\/li>\n<li>A jegyek nem visszat\u00e9r\u00edthet\u0151k \u00e9s nem cser\u00e9lhet\u0151k vissza.<\/li>\n<\/ul>","protected":false},"excerpt":{"rendered":"<p><strong>Kir\u00e1ndul\u00e1s Id\u0151pontja:<\/strong> 13:00-16:00, 17:00-20:00, 21:00-00:00<\/p>\n<p><strong>A Kir\u00e1ndul\u00e1s Napjai:<\/strong> Minden nap<\/p>","protected":false},"featured_media":63019,"template":"","meta":{"_kad_post_transparent":"default","_kad_post_title":"","_kad_post_layout":"default","_kad_post_sidebar_id":"","_kad_post_content_style":"default","_kad_post_vertical_padding":"default","_kad_post_feature":"","_kad_post_feature_position":"","_kad_post_header":false,"_kad_post_footer":false,"_kad_post_classname":"","_glsr_average":0,"_glsr_ranking":0,"_glsr_reviews":0},"product_brand":[],"product_cat":[438],"product_tag":[],"class_list":{"0":"post-63004","1":"product","2":"type-product","3":"status-publish","4":"has-post-thumbnail","6":"product_cat-dubai","7":"tm-has-options","9":"first","10":"instock","11":"sold-individually","12":"taxable","13":"shipping-taxable","14":"purchasable","15":"product-type-simple","16":"entry","17":"content-bg","18":"loop-entry"},"yoast_head":"<!-- This site is optimized with the Yoast SEO plugin v27.3 - https:\/\/yoast.com\/product\/yoast-seo-wordpress\/ -->\n<title>\u041a\u0440\u0443\u0438\u0437 \u043f\u043e \u0414\u0443\u0431\u0430\u044e \u043d\u0430 \u0441\u0443\u043f\u0435\u0440 \u044f\u0445\u0442\u0435 &#8226; \u042d\u043a\u0441\u043a\u0443\u0440\u0441\u0438\u0438 Skyline<\/title>\n<meta name=\"robots\" content=\"index, follow, max-snippet:-1, max-image-preview:large, max-video-preview:-1\" \/>\n<link rel=\"canonical\" href=\"https:\/\/skyline-gs.com\/hu\/termek\/luxory-cruice-super-yacht-dubai\/\" \/>\n<meta property=\"og:locale\" content=\"hu_HU\" \/>\n<meta property=\"og:type\" content=\"article\" \/>\n<meta property=\"og:title\" content=\"\u041a\u0440\u0443\u0438\u0437 \u043f\u043e \u0414\u0443\u0431\u0430\u044e \u043d\u0430 \u0441\u0443\u043f\u0435\u0440 \u044f\u0445\u0442\u0435 &#8226; \u042d\u043a\u0441\u043a\u0443\u0440\u0441\u0438\u0438 Skyline\" \/>\n<meta property=\"og:description\" content=\"\u0412\u0440\u0435\u043c\u044f \u0442\u0443\u0440\u0430: 13:00-16:00, 17:00-20:00, 21:00-00:00  \u0414\u043d\u0438 \u043f\u0440\u043e\u0432\u0435\u0434\u0435\u043d\u0438\u044f: \u041a\u0430\u0436\u0434\u044b\u0439 \u0434\u0435\u043d\u044c\" \/>\n<meta property=\"og:url\" content=\"https:\/\/skyline-gs.com\/hu\/termek\/luxory-cruice-super-yacht-dubai\/\" \/>\n<meta property=\"og:site_name\" content=\"\u042d\u043a\u0441\u043a\u0443\u0440\u0441\u0438\u0438 Skyline\" \/>\n<meta property=\"article:modified_time\" content=\"2025-04-30T17:10:55+00:00\" \/>\n<meta property=\"og:image\" content=\"https:\/\/skyline-gs.com\/wp-content\/uploads\/2025\/04\/11.jpg\" \/>\n\t<meta property=\"og:image:width\" content=\"585\" \/>\n\t<meta property=\"og:image:height\" content=\"390\" \/>\n\t<meta property=\"og:image:type\" content=\"image\/jpeg\" \/>\n<meta name=\"twitter:card\" content=\"summary_large_image\" \/>\n<meta name=\"twitter:label1\" content=\"Becs\u00fclt olvas\u00e1si id\u0151\" \/>\n\t<meta name=\"twitter:data1\" content=\"2 perc\" \/>\n<script type=\"application\/ld+json\" class=\"yoast-schema-graph\">{\"@context\":\"https:\\\/\\\/schema.org\",\"@graph\":[{\"@type\":\"WebPage\",\"@id\":\"https:\\\/\\\/skyline-gs.com\\\/pl\\\/produkt\\\/luxory-cruice-super-yacht-dubai\\\/\",\"url\":\"https:\\\/\\\/skyline-gs.com\\\/pl\\\/produkt\\\/luxory-cruice-super-yacht-dubai\\\/\",\"name\":\"\u041a\u0440\u0443\u0438\u0437 \u043f\u043e \u0414\u0443\u0431\u0430\u044e \u043d\u0430 \u0441\u0443\u043f\u0435\u0440 \u044f\u0445\u0442\u0435 &#8226; \u042d\u043a\u0441\u043a\u0443\u0440\u0441\u0438\u0438 Skyline\",\"isPartOf\":{\"@id\":\"https:\\\/\\\/skyline-gs.com\\\/it\\\/#website\"},\"primaryImageOfPage\":{\"@id\":\"https:\\\/\\\/skyline-gs.com\\\/pl\\\/produkt\\\/luxory-cruice-super-yacht-dubai\\\/#primaryimage\"},\"image\":{\"@id\":\"https:\\\/\\\/skyline-gs.com\\\/pl\\\/produkt\\\/luxory-cruice-super-yacht-dubai\\\/#primaryimage\"},\"thumbnailUrl\":\"https:\\\/\\\/skyline-gs.com\\\/wp-content\\\/uploads\\\/2025\\\/04\\\/11.jpg\",\"datePublished\":\"2025-04-28T20:00:27+00:00\",\"dateModified\":\"2025-04-30T17:10:55+00:00\",\"breadcrumb\":{\"@id\":\"https:\\\/\\\/skyline-gs.com\\\/pl\\\/produkt\\\/luxory-cruice-super-yacht-dubai\\\/#breadcrumb\"},\"inLanguage\":\"hu\",\"potentialAction\":[{\"@type\":\"ReadAction\",\"target\":[\"https:\\\/\\\/skyline-gs.com\\\/pl\\\/produkt\\\/luxory-cruice-super-yacht-dubai\\\/\"]}]},{\"@type\":\"ImageObject\",\"inLanguage\":\"hu\",\"@id\":\"https:\\\/\\\/skyline-gs.com\\\/pl\\\/produkt\\\/luxory-cruice-super-yacht-dubai\\\/#primaryimage\",\"url\":\"https:\\\/\\\/skyline-gs.com\\\/wp-content\\\/uploads\\\/2025\\\/04\\\/11.jpg\",\"contentUrl\":\"https:\\\/\\\/skyline-gs.com\\\/wp-content\\\/uploads\\\/2025\\\/04\\\/11.jpg\",\"width\":585,\"height\":390},{\"@type\":\"BreadcrumbList\",\"@id\":\"https:\\\/\\\/skyline-gs.com\\\/pl\\\/produkt\\\/luxory-cruice-super-yacht-dubai\\\/#breadcrumb\",\"itemListElement\":[{\"@type\":\"ListItem\",\"position\":1,\"name\":\"\u0413\u043b\u0430\u0432\u043d\u0430\u044f \u0441\u0442\u0440\u0430\u043d\u0438\u0446\u0430\",\"item\":\"https:\\\/\\\/skyline-gs.com\\\/hu\\\/\"},{\"@type\":\"ListItem\",\"position\":2,\"name\":\"\u041c\u0430\u0433\u0430\u0437\u0438\u043d\",\"item\":\"https:\\\/\\\/skyline-gs.com\\\/cs\\\/shop\\\/\"},{\"@type\":\"ListItem\",\"position\":3,\"name\":\"\u041a\u0440\u0443\u0438\u0437 \u043f\u043e \u0414\u0443\u0431\u0430\u044e \u043d\u0430 \u0441\u0443\u043f\u0435\u0440 \u044f\u0445\u0442\u0435\"}]},{\"@type\":\"WebSite\",\"@id\":\"https:\\\/\\\/skyline-gs.com\\\/it\\\/#website\",\"url\":\"https:\\\/\\\/skyline-gs.com\\\/it\\\/\",\"name\":\"\u042d\u043a\u0441\u043a\u0443\u0440\u0441\u0438\u0438 Skyline\",\"description\":\"\u042d\u043a\u0441\u043a\u043b\u044e\u0437\u0438\u0432\u043d\u044b\u0435 \u044d\u043a\u0441\u043a\u0443\u0440\u0441\u0438\u0438 \u043d\u0430 \u043b\u0443\u0447\u0448\u0438\u0445 \u043a\u0443\u0440\u043e\u0440\u0442\u0430\u0445 \u043c\u0438\u0440\u0430\",\"publisher\":{\"@id\":\"https:\\\/\\\/skyline-gs.com\\\/it\\\/#organization\"},\"alternateName\":\"Skyline\",\"potentialAction\":[{\"@type\":\"SearchAction\",\"target\":{\"@type\":\"EntryPoint\",\"urlTemplate\":\"https:\\\/\\\/skyline-gs.com\\\/it\\\/?s={search_term_string}\"},\"query-input\":{\"@type\":\"PropertyValueSpecification\",\"valueRequired\":true,\"valueName\":\"search_term_string\"}}],\"inLanguage\":\"hu\"},{\"@type\":\"Organization\",\"@id\":\"https:\\\/\\\/skyline-gs.com\\\/it\\\/#organization\",\"name\":\"\u042d\u043a\u0441\u043a\u0443\u0440\u0441\u0438\u0438 Skyline\",\"alternateName\":\"\u042d\u043a\u0441\u043a\u0443\u0440\u0441\u0438\u0438 Skyline\",\"url\":\"https:\\\/\\\/skyline-gs.com\\\/it\\\/\",\"logo\":{\"@type\":\"ImageObject\",\"inLanguage\":\"hu\",\"@id\":\"https:\\\/\\\/skyline-gs.com\\\/it\\\/#\\\/schema\\\/logo\\\/image\\\/\",\"url\":\"https:\\\/\\\/skyline-gs.com\\\/wp-content\\\/uploads\\\/2020\\\/12\\\/cropped-logo-2.png\",\"contentUrl\":\"https:\\\/\\\/skyline-gs.com\\\/wp-content\\\/uploads\\\/2020\\\/12\\\/cropped-logo-2.png\",\"width\":512,\"height\":512,\"caption\":\"\u042d\u043a\u0441\u043a\u0443\u0440\u0441\u0438\u0438 Skyline\"},\"image\":{\"@id\":\"https:\\\/\\\/skyline-gs.com\\\/it\\\/#\\\/schema\\\/logo\\\/image\\\/\"},\"sameAs\":[\"https:\\\/\\\/www.instagram.com\\\/skylineglobalservice\\\/\"]}]}<\/script>\n<!-- \/ Yoast SEO plugin. -->","yoast_head_json":{"title":"\u041a\u0440\u0443\u0438\u0437 \u043f\u043e \u0414\u0443\u0431\u0430\u044e \u043d\u0430 \u0441\u0443\u043f\u0435\u0440 \u044f\u0445\u0442\u0435 &#8226; \u042d\u043a\u0441\u043a\u0443\u0440\u0441\u0438\u0438 Skyline","robots":{"index":"index","follow":"follow","max-snippet":"max-snippet:-1","max-image-preview":"max-image-preview:large","max-video-preview":"max-video-preview:-1"},"canonical":"https:\/\/skyline-gs.com\/hu\/termek\/luxory-cruice-super-yacht-dubai\/","og_locale":"hu_HU","og_type":"article","og_title":"\u041a\u0440\u0443\u0438\u0437 \u043f\u043e \u0414\u0443\u0431\u0430\u044e \u043d\u0430 \u0441\u0443\u043f\u0435\u0440 \u044f\u0445\u0442\u0435 &#8226; \u042d\u043a\u0441\u043a\u0443\u0440\u0441\u0438\u0438 Skyline","og_description":"\u0412\u0440\u0435\u043c\u044f \u0442\u0443\u0440\u0430: 13:00-16:00, 17:00-20:00, 21:00-00:00  \u0414\u043d\u0438 \u043f\u0440\u043e\u0432\u0435\u0434\u0435\u043d\u0438\u044f: \u041a\u0430\u0436\u0434\u044b\u0439 \u0434\u0435\u043d\u044c","og_url":"https:\/\/skyline-gs.com\/hu\/termek\/luxory-cruice-super-yacht-dubai\/","og_site_name":"\u042d\u043a\u0441\u043a\u0443\u0440\u0441\u0438\u0438 Skyline","article_modified_time":"2025-04-30T17:10:55+00:00","og_image":[{"width":585,"height":390,"url":"https:\/\/skyline-gs.com\/wp-content\/uploads\/2025\/04\/11.jpg","type":"image\/jpeg"}],"twitter_card":"summary_large_image","twitter_misc":{"Becs\u00fclt olvas\u00e1si id\u0151":"2 perc"},"schema":{"@context":"https:\/\/schema.org","@graph":[{"@type":"WebPage","@id":"https:\/\/skyline-gs.com\/pl\/produkt\/luxory-cruice-super-yacht-dubai\/","url":"https:\/\/skyline-gs.com\/pl\/produkt\/luxory-cruice-super-yacht-dubai\/","name":"\u041a\u0440\u0443\u0438\u0437 \u043f\u043e \u0414\u0443\u0431\u0430\u044e \u043d\u0430 \u0441\u0443\u043f\u0435\u0440 \u044f\u0445\u0442\u0435 &#8226; \u042d\u043a\u0441\u043a\u0443\u0440\u0441\u0438\u0438 Skyline","isPartOf":{"@id":"https:\/\/skyline-gs.com\/it\/#website"},"primaryImageOfPage":{"@id":"https:\/\/skyline-gs.com\/pl\/produkt\/luxory-cruice-super-yacht-dubai\/#primaryimage"},"image":{"@id":"https:\/\/skyline-gs.com\/pl\/produkt\/luxory-cruice-super-yacht-dubai\/#primaryimage"},"thumbnailUrl":"https:\/\/skyline-gs.com\/wp-content\/uploads\/2025\/04\/11.jpg","datePublished":"2025-04-28T20:00:27+00:00","dateModified":"2025-04-30T17:10:55+00:00","breadcrumb":{"@id":"https:\/\/skyline-gs.com\/pl\/produkt\/luxory-cruice-super-yacht-dubai\/#breadcrumb"},"inLanguage":"hu","potentialAction":[{"@type":"ReadAction","target":["https:\/\/skyline-gs.com\/pl\/produkt\/luxory-cruice-super-yacht-dubai\/"]}]},{"@type":"ImageObject","inLanguage":"hu","@id":"https:\/\/skyline-gs.com\/pl\/produkt\/luxory-cruice-super-yacht-dubai\/#primaryimage","url":"https:\/\/skyline-gs.com\/wp-content\/uploads\/2025\/04\/11.jpg","contentUrl":"https:\/\/skyline-gs.com\/wp-content\/uploads\/2025\/04\/11.jpg","width":585,"height":390},{"@type":"BreadcrumbList","@id":"https:\/\/skyline-gs.com\/pl\/produkt\/luxory-cruice-super-yacht-dubai\/#breadcrumb","itemListElement":[{"@type":"ListItem","position":1,"name":"\u0413\u043b\u0430\u0432\u043d\u0430\u044f \u0441\u0442\u0440\u0430\u043d\u0438\u0446\u0430","item":"https:\/\/skyline-gs.com\/hu\/"},{"@type":"ListItem","position":2,"name":"\u041c\u0430\u0433\u0430\u0437\u0438\u043d","item":"https:\/\/skyline-gs.com\/cs\/shop\/"},{"@type":"ListItem","position":3,"name":"\u041a\u0440\u0443\u0438\u0437 \u043f\u043e \u0414\u0443\u0431\u0430\u044e \u043d\u0430 \u0441\u0443\u043f\u0435\u0440 \u044f\u0445\u0442\u0435"}]},{"@type":"WebSite","@id":"https:\/\/skyline-gs.com\/it\/#website","url":"https:\/\/skyline-gs.com\/it\/","name":"Skyline T\u00far\u00e1k","description":"Exkluz\u00edv kir\u00e1ndul\u00e1sok a vil\u00e1g legjobb \u00fcd\u00fcl\u0151helyein","publisher":{"@id":"https:\/\/skyline-gs.com\/it\/#organization"},"alternateName":"Skyline","potentialAction":[{"@type":"SearchAction","target":{"@type":"EntryPoint","urlTemplate":"https:\/\/skyline-gs.com\/it\/?s={search_term_string}"},"query-input":{"@type":"PropertyValueSpecification","valueRequired":true,"valueName":"search_term_string"}}],"inLanguage":"hu"},{"@type":"Organization","@id":"https:\/\/skyline-gs.com\/it\/#organization","name":"Skyline T\u00far\u00e1k","alternateName":"\u042d\u043a\u0441\u043a\u0443\u0440\u0441\u0438\u0438 Skyline","url":"https:\/\/skyline-gs.com\/it\/","logo":{"@type":"ImageObject","inLanguage":"hu","@id":"https:\/\/skyline-gs.com\/it\/#\/schema\/logo\/image\/","url":"https:\/\/skyline-gs.com\/wp-content\/uploads\/2020\/12\/cropped-logo-2.png","contentUrl":"https:\/\/skyline-gs.com\/wp-content\/uploads\/2020\/12\/cropped-logo-2.png","width":512,"height":512,"caption":"\u042d\u043a\u0441\u043a\u0443\u0440\u0441\u0438\u0438 Skyline"},"image":{"@id":"https:\/\/skyline-gs.com\/it\/#\/schema\/logo\/image\/"},"sameAs":["https:\/\/www.instagram.com\/skylineglobalservice\/"]}]}},"_links":{"self":[{"href":"https:\/\/skyline-gs.com\/hu\/wp-json\/wp\/v2\/product\/63004","targetHints":{"allow":["GET"]}}],"collection":[{"href":"https:\/\/skyline-gs.com\/hu\/wp-json\/wp\/v2\/product"}],"about":[{"href":"https:\/\/skyline-gs.com\/hu\/wp-json\/wp\/v2\/types\/product"}],"version-history":[{"count":0,"href":"https:\/\/skyline-gs.com\/hu\/wp-json\/wp\/v2\/product\/63004\/revisions"}],"wp:featuredmedia":[{"embeddable":true,"href":"https:\/\/skyline-gs.com\/hu\/wp-json\/wp\/v2\/media\/63019"}],"wp:attachment":[{"href":"https:\/\/skyline-gs.com\/hu\/wp-json\/wp\/v2\/media?parent=63004"}],"wp:term":[{"taxonomy":"product_brand","embeddable":true,"href":"https:\/\/skyline-gs.com\/hu\/wp-json\/wp\/v2\/product_brand?post=63004"},{"taxonomy":"product_cat","embeddable":true,"href":"https:\/\/skyline-gs.com\/hu\/wp-json\/wp\/v2\/product_cat?post=63004"},{"taxonomy":"product_tag","embeddable":true,"href":"https:\/\/skyline-gs.com\/hu\/wp-json\/wp\/v2\/product_tag?post=63004"}],"curies":[{"name":"wp","href":"https:\/\/api.w.org\/{rel}","templated":true}]}}