{"id":62985,"date":"2025-04-28T19:46:37","date_gmt":"2025-04-28T17:46:37","guid":{"rendered":"http:\/\/skyline-gs.com\/?post_type=product&#038;p=62985"},"modified":"2025-11-19T09:23:05","modified_gmt":"2025-11-19T07:23:05","slug":"lotus-esti-hajokirandulas-dubajban","status":"publish","type":"product","link":"https:\/\/skyline-gs.com\/hu\/product\/lotus-evening-cruice-dubai\/","title":{"rendered":"Dubai k\u00f6rutaz\u00e1s a Lotus mega jachton"},"content":{"rendered":"<p data-start=\"338\" data-end=\"493\">Kapjon \u00edzel\u00edt\u0151t a luxus\u00e9letm\u00f3db\u00f3l - <strong>Induljon el egy felejthetetlen esti haj\u00f3kir\u00e1ndul\u00e1sra a csillog\u00f3 Dubai Marin\u00e1n a legend\u00e1s Lotus megajacht fed\u00e9lzet\u00e9n!<\/strong> 220 l\u00e1bnyi kifog\u00e1stalan elegancia, \u00e9jszakai v\u00e1rosi f\u00e9nyek, \u00e9l\u0151 DJ-szett \u00e9s al fresco \u00e9tkez\u00e9s teszi ezt a k\u00fcl\u00f6nleges est\u00e9t.<\/p>\n<p data-start=\"273\" data-end=\"492\"><strong>18:30 - besz\u00e1ll\u00e1s. <\/strong>(a 7-es m\u00f3l\u00f3n\u00e1l a Dubai Marina Mall ter\u00fclet\u00e9n).<\/p>\n<ul>\n<li data-start=\"565\" data-end=\"621\"><strong>Haj\u00f3k\u00e1z\u00e1s a vil\u00e1g egyik legnagyobb jachtj\u00e1n<\/strong><\/li>\n<li data-start=\"624\" data-end=\"766\"><strong>Sv\u00e9dasztalos vacsora a vil\u00e1gkonyha specialit\u00e1saival<\/strong>: zamatos barbecue-k, kit\u0171n\u0151 szendvicsek, \u00e1zsiai \u00e9s eur\u00f3pai specialit\u00e1sok, friss sal\u00e1t\u00e1k \u00e9s \u00ednycsikland\u00f3 desszertek.<\/li>\n<li data-start=\"769\" data-end=\"833\"><strong>Sz\u00f3rakoztat\u00f3 m\u0171sor<\/strong> m\u0171v\u00e9szekkel, t\u00e1ncosokkal, DJ szettel \u00e9s \u00e9l\u0151zen\u00e9vel<\/li>\n<li data-start=\"836\" data-end=\"944\">T\u00e1gas teraszok: teraszos r\u00e9sz alkoholos b\u00e1rral \u00e9s hangulatos \u00e9tterem medenc\u00e9vel a t\u00e1rsalg\u00f3 r\u00e9szen.<\/li>\n<li><strong>\u00datvonal Dubaj legluxusabb helysz\u00ednei k\u00f6z\u00f6tt<\/strong>Dubai Marina, Jumeirah Beach, Blue Island Waters, Palm Jumeirah, Atlantis.<\/li>\n<\/ul>\n<p data-start=\"2495\" data-end=\"2523\"><strong>22:30 - Visszat\u00e9r\u00e9s a kik\u00f6t\u0151be.<\/strong><\/p>\n<p><strong>Tartalmazza:<\/strong><\/p>\n<ul>\n<li>3 \u00f3r\u00e1s haj\u00f3k\u00e1z\u00e1s a Lotus megajachton<\/li>\n<li>Vacsora b\u00fcf\u00e9<\/li>\n<li>Alkoholmentes italok (standard tarifa)<\/li>\n<li>\u00c9l\u0151 zene \u00e9s DJ<\/li>\n<li>Hihetetlen kil\u00e1t\u00e1s Dubaira \u00e9jszaka<\/li>\n<\/ul>\n<p><strong>Nem tartalmazza:<\/strong><\/p>\n<ul>\n<li>Transzfer a sz\u00e1llod\u00e1b\u00f3l \u00e9s a sz\u00e1llod\u00e1ba<\/li>\n<li>Alkoholos italok korl\u00e1toz\u00e1s n\u00e9lk\u00fcl (Combo tarifa)<\/li>\n<\/ul>\n<p><strong>Mit adhatok hozz\u00e1?<\/strong><\/p>\n<ul>\n<li data-start=\"1256\" data-end=\"1309\"><strong data-start=\"1346\" data-end=\"1355\">Kombin\u00e1lt tarifa<\/strong> (vacsora + alkoholos b\u00e1r): Feln\u0151tt (21+) - 110$<\/li>\n<\/ul>\n<p><strong style=\"font-family: var(--global-body-font-family);\">Mit hozzak magammal?<\/strong><\/p>\n<ul>\n<li>\u00datlev\u00e9l<\/li>\n<li>Kamera<\/li>\n<li>Meleg ruh\u00e1zat (\u0151sszel \u00e9s t\u00e9len)<\/li>\n<\/ul>\n<p><strong>Foglal\u00e1si felt\u00e9telek:<\/strong><\/p>\n<ul>\n<li><strong>Teljes kifizet\u00e9s<\/strong>. Elfogadjuk a k\u00e1rty\u00e1s \u00e1tutal\u00e1ssal t\u00f6rt\u00e9n\u0151 fizet\u00e9st <strong>doll\u00e1rban, eur\u00f3ban, rubelben, hrivny\u00e1ban. Valamint USDT-ben kriptot\u00e1rc\u00e1ba.<\/strong>.<\/li>\n<li>A foglal\u00e1st a fizet\u00e9s ut\u00e1n azonnal meger\u0151s\u00edtj\u00fck - minden utas\u00edt\u00e1st elk\u00fcld\u00fcnk \u00d6nnek.<\/li>\n<li>A jegyek nem visszat\u00e9r\u00edthet\u0151k \u00e9s nem cser\u00e9lhet\u0151k vissza.<\/li>\n<\/ul>","protected":false},"excerpt":{"rendered":"<p><strong>Kir\u00e1ndul\u00e1s Id\u0151pontja:<\/strong> 18:30 \u2014 22:30<\/p>\n<p><strong>A Kir\u00e1ndul\u00e1s Napjai:<\/strong> Minden nap<\/p>","protected":false},"featured_media":63003,"template":"","meta":{"_kad_post_transparent":"default","_kad_post_title":"","_kad_post_layout":"default","_kad_post_sidebar_id":"","_kad_post_content_style":"default","_kad_post_vertical_padding":"default","_kad_post_feature":"","_kad_post_feature_position":"","_kad_post_header":false,"_kad_post_footer":false,"_kad_post_classname":"","_glsr_average":0,"_glsr_ranking":0,"_glsr_reviews":0},"product_brand":[],"product_cat":[438],"product_tag":[],"class_list":{"0":"post-62985","1":"product","2":"type-product","3":"status-publish","4":"has-post-thumbnail","6":"product_cat-dubai","7":"tm-has-options","9":"first","10":"instock","11":"sold-individually","12":"taxable","13":"shipping-taxable","14":"purchasable","15":"product-type-simple","16":"entry","17":"content-bg","18":"loop-entry"},"yoast_head":"<!-- This site is optimized with the Yoast SEO plugin v27.4 - https:\/\/yoast.com\/product\/yoast-seo-wordpress\/ -->\n<title>\u041a\u0440\u0443\u0438\u0437 \u043f\u043e \u0414\u0443\u0431\u0430\u044e \u043d\u0430 \u043c\u0435\u0433\u0430-\u044f\u0445\u0442\u0435 Lotus &#8226; \u042d\u043a\u0441\u043a\u0443\u0440\u0441\u0438\u0438 Skyline<\/title>\n<meta name=\"robots\" content=\"index, follow, max-snippet:-1, max-image-preview:large, max-video-preview:-1\" \/>\n<link rel=\"canonical\" href=\"https:\/\/skyline-gs.com\/hu\/termek\/lotus-esti-hajokirandulas-dubajban\/\" \/>\n<meta property=\"og:locale\" content=\"hu_HU\" \/>\n<meta property=\"og:type\" content=\"article\" \/>\n<meta property=\"og:title\" content=\"\u041a\u0440\u0443\u0438\u0437 \u043f\u043e \u0414\u0443\u0431\u0430\u044e \u043d\u0430 \u043c\u0435\u0433\u0430-\u044f\u0445\u0442\u0435 Lotus &#8226; \u042d\u043a\u0441\u043a\u0443\u0440\u0441\u0438\u0438 Skyline\" \/>\n<meta property=\"og:description\" content=\"\u0412\u0440\u0435\u043c\u044f \u0442\u0443\u0440\u0430: 18:30 - 22:30  \u0414\u043d\u0438 \u043f\u0440\u043e\u0432\u0435\u0434\u0435\u043d\u0438\u044f: \u041a\u0430\u0436\u0434\u044b\u0439 \u0434\u0435\u043d\u044c\" \/>\n<meta property=\"og:url\" content=\"https:\/\/skyline-gs.com\/hu\/termek\/lotus-esti-hajokirandulas-dubajban\/\" \/>\n<meta property=\"og:site_name\" content=\"\u042d\u043a\u0441\u043a\u0443\u0440\u0441\u0438\u0438 Skyline\" \/>\n<meta property=\"article:modified_time\" content=\"2025-11-19T07:23:05+00:00\" \/>\n<meta property=\"og:image\" content=\"https:\/\/skyline-gs.com\/wp-content\/uploads\/2025\/04\/10.jpg\" \/>\n\t<meta property=\"og:image:width\" content=\"585\" \/>\n\t<meta property=\"og:image:height\" content=\"390\" \/>\n\t<meta property=\"og:image:type\" content=\"image\/jpeg\" \/>\n<meta name=\"twitter:card\" content=\"summary_large_image\" \/>\n<meta name=\"twitter:label1\" content=\"Becs\u00fclt olvas\u00e1si id\u0151\" \/>\n\t<meta name=\"twitter:data1\" content=\"2 perc\" \/>\n<script type=\"application\/ld+json\" class=\"yoast-schema-graph\">{\"@context\":\"https:\\\/\\\/schema.org\",\"@graph\":[{\"@type\":\"WebPage\",\"@id\":\"https:\\\/\\\/skyline-gs.com\\\/product\\\/lotus-evening-cruice-dubai\\\/\",\"url\":\"https:\\\/\\\/skyline-gs.com\\\/product\\\/lotus-evening-cruice-dubai\\\/\",\"name\":\"\u041a\u0440\u0443\u0438\u0437 \u043f\u043e \u0414\u0443\u0431\u0430\u044e \u043d\u0430 \u043c\u0435\u0433\u0430-\u044f\u0445\u0442\u0435 Lotus &#8226; \u042d\u043a\u0441\u043a\u0443\u0440\u0441\u0438\u0438 Skyline\",\"isPartOf\":{\"@id\":\"https:\\\/\\\/skyline-gs.com\\\/it\\\/#website\"},\"primaryImageOfPage\":{\"@id\":\"https:\\\/\\\/skyline-gs.com\\\/product\\\/lotus-evening-cruice-dubai\\\/#primaryimage\"},\"image\":{\"@id\":\"https:\\\/\\\/skyline-gs.com\\\/product\\\/lotus-evening-cruice-dubai\\\/#primaryimage\"},\"thumbnailUrl\":\"https:\\\/\\\/skyline-gs.com\\\/wp-content\\\/uploads\\\/2025\\\/04\\\/10.jpg\",\"datePublished\":\"2025-04-28T17:46:37+00:00\",\"dateModified\":\"2025-11-19T07:23:05+00:00\",\"breadcrumb\":{\"@id\":\"https:\\\/\\\/skyline-gs.com\\\/product\\\/lotus-evening-cruice-dubai\\\/#breadcrumb\"},\"inLanguage\":\"hu\",\"potentialAction\":[{\"@type\":\"ReadAction\",\"target\":[\"https:\\\/\\\/skyline-gs.com\\\/product\\\/lotus-evening-cruice-dubai\\\/\"]}]},{\"@type\":\"ImageObject\",\"inLanguage\":\"hu\",\"@id\":\"https:\\\/\\\/skyline-gs.com\\\/product\\\/lotus-evening-cruice-dubai\\\/#primaryimage\",\"url\":\"https:\\\/\\\/skyline-gs.com\\\/wp-content\\\/uploads\\\/2025\\\/04\\\/10.jpg\",\"contentUrl\":\"https:\\\/\\\/skyline-gs.com\\\/wp-content\\\/uploads\\\/2025\\\/04\\\/10.jpg\",\"width\":585,\"height\":390},{\"@type\":\"BreadcrumbList\",\"@id\":\"https:\\\/\\\/skyline-gs.com\\\/product\\\/lotus-evening-cruice-dubai\\\/#breadcrumb\",\"itemListElement\":[{\"@type\":\"ListItem\",\"position\":1,\"name\":\"\u0413\u043b\u0430\u0432\u043d\u0430\u044f \u0441\u0442\u0440\u0430\u043d\u0438\u0446\u0430\",\"item\":\"https:\\\/\\\/skyline-gs.com\\\/hu\\\/\"},{\"@type\":\"ListItem\",\"position\":2,\"name\":\"\u041c\u0430\u0433\u0430\u0437\u0438\u043d\",\"item\":\"https:\\\/\\\/skyline-gs.com\\\/cs\\\/shop\\\/\"},{\"@type\":\"ListItem\",\"position\":3,\"name\":\"\u041a\u0440\u0443\u0438\u0437 \u043f\u043e \u0414\u0443\u0431\u0430\u044e \u043d\u0430 \u043c\u0435\u0433\u0430-\u044f\u0445\u0442\u0435 Lotus\"}]},{\"@type\":\"WebSite\",\"@id\":\"https:\\\/\\\/skyline-gs.com\\\/it\\\/#website\",\"url\":\"https:\\\/\\\/skyline-gs.com\\\/it\\\/\",\"name\":\"\u042d\u043a\u0441\u043a\u0443\u0440\u0441\u0438\u0438 Skyline\",\"description\":\"\u042d\u043a\u0441\u043a\u043b\u044e\u0437\u0438\u0432\u043d\u044b\u0435 \u044d\u043a\u0441\u043a\u0443\u0440\u0441\u0438\u0438 \u043d\u0430 \u043b\u0443\u0447\u0448\u0438\u0445 \u043a\u0443\u0440\u043e\u0440\u0442\u0430\u0445 \u043c\u0438\u0440\u0430\",\"publisher\":{\"@id\":\"https:\\\/\\\/skyline-gs.com\\\/it\\\/#organization\"},\"alternateName\":\"Skyline\",\"potentialAction\":[{\"@type\":\"SearchAction\",\"target\":{\"@type\":\"EntryPoint\",\"urlTemplate\":\"https:\\\/\\\/skyline-gs.com\\\/it\\\/?s={search_term_string}\"},\"query-input\":{\"@type\":\"PropertyValueSpecification\",\"valueRequired\":true,\"valueName\":\"search_term_string\"}}],\"inLanguage\":\"hu\"},{\"@type\":\"Organization\",\"@id\":\"https:\\\/\\\/skyline-gs.com\\\/it\\\/#organization\",\"name\":\"\u042d\u043a\u0441\u043a\u0443\u0440\u0441\u0438\u0438 Skyline\",\"alternateName\":\"\u042d\u043a\u0441\u043a\u0443\u0440\u0441\u0438\u0438 Skyline\",\"url\":\"https:\\\/\\\/skyline-gs.com\\\/it\\\/\",\"logo\":{\"@type\":\"ImageObject\",\"inLanguage\":\"hu\",\"@id\":\"https:\\\/\\\/skyline-gs.com\\\/it\\\/#\\\/schema\\\/logo\\\/image\\\/\",\"url\":\"https:\\\/\\\/skyline-gs.com\\\/wp-content\\\/uploads\\\/2020\\\/12\\\/cropped-logo-2.png\",\"contentUrl\":\"https:\\\/\\\/skyline-gs.com\\\/wp-content\\\/uploads\\\/2020\\\/12\\\/cropped-logo-2.png\",\"width\":512,\"height\":512,\"caption\":\"\u042d\u043a\u0441\u043a\u0443\u0440\u0441\u0438\u0438 Skyline\"},\"image\":{\"@id\":\"https:\\\/\\\/skyline-gs.com\\\/it\\\/#\\\/schema\\\/logo\\\/image\\\/\"},\"sameAs\":[\"https:\\\/\\\/www.instagram.com\\\/skylineglobalservice\\\/\"]}]}<\/script>\n<!-- \/ Yoast SEO plugin. -->","yoast_head_json":{"title":"Dubai haj\u00f3kir\u00e1ndul\u00e1s a Lotus mega jachton - Skyline Excursions","robots":{"index":"index","follow":"follow","max-snippet":"max-snippet:-1","max-image-preview":"max-image-preview:large","max-video-preview":"max-video-preview:-1"},"canonical":"https:\/\/skyline-gs.com\/hu\/termek\/lotus-esti-hajokirandulas-dubajban\/","og_locale":"hu_HU","og_type":"article","og_title":"\u041a\u0440\u0443\u0438\u0437 \u043f\u043e \u0414\u0443\u0431\u0430\u044e \u043d\u0430 \u043c\u0435\u0433\u0430-\u044f\u0445\u0442\u0435 Lotus &#8226; \u042d\u043a\u0441\u043a\u0443\u0440\u0441\u0438\u0438 Skyline","og_description":"\u0412\u0440\u0435\u043c\u044f \u0442\u0443\u0440\u0430: 18:30 - 22:30  \u0414\u043d\u0438 \u043f\u0440\u043e\u0432\u0435\u0434\u0435\u043d\u0438\u044f: \u041a\u0430\u0436\u0434\u044b\u0439 \u0434\u0435\u043d\u044c","og_url":"https:\/\/skyline-gs.com\/hu\/termek\/lotus-esti-hajokirandulas-dubajban\/","og_site_name":"\u042d\u043a\u0441\u043a\u0443\u0440\u0441\u0438\u0438 Skyline","article_modified_time":"2025-11-19T07:23:05+00:00","og_image":[{"width":585,"height":390,"url":"https:\/\/skyline-gs.com\/wp-content\/uploads\/2025\/04\/10.jpg","type":"image\/jpeg"}],"twitter_card":"summary_large_image","twitter_misc":{"Becs\u00fclt olvas\u00e1si id\u0151":"2 perc"},"schema":{"@context":"https:\/\/schema.org","@graph":[{"@type":"WebPage","@id":"https:\/\/skyline-gs.com\/product\/lotus-evening-cruice-dubai\/","url":"https:\/\/skyline-gs.com\/product\/lotus-evening-cruice-dubai\/","name":"Dubai haj\u00f3kir\u00e1ndul\u00e1s a Lotus mega jachton - Skyline Excursions","isPartOf":{"@id":"https:\/\/skyline-gs.com\/it\/#website"},"primaryImageOfPage":{"@id":"https:\/\/skyline-gs.com\/product\/lotus-evening-cruice-dubai\/#primaryimage"},"image":{"@id":"https:\/\/skyline-gs.com\/product\/lotus-evening-cruice-dubai\/#primaryimage"},"thumbnailUrl":"https:\/\/skyline-gs.com\/wp-content\/uploads\/2025\/04\/10.jpg","datePublished":"2025-04-28T17:46:37+00:00","dateModified":"2025-11-19T07:23:05+00:00","breadcrumb":{"@id":"https:\/\/skyline-gs.com\/product\/lotus-evening-cruice-dubai\/#breadcrumb"},"inLanguage":"hu","potentialAction":[{"@type":"ReadAction","target":["https:\/\/skyline-gs.com\/product\/lotus-evening-cruice-dubai\/"]}]},{"@type":"ImageObject","inLanguage":"hu","@id":"https:\/\/skyline-gs.com\/product\/lotus-evening-cruice-dubai\/#primaryimage","url":"https:\/\/skyline-gs.com\/wp-content\/uploads\/2025\/04\/10.jpg","contentUrl":"https:\/\/skyline-gs.com\/wp-content\/uploads\/2025\/04\/10.jpg","width":585,"height":390},{"@type":"BreadcrumbList","@id":"https:\/\/skyline-gs.com\/product\/lotus-evening-cruice-dubai\/#breadcrumb","itemListElement":[{"@type":"ListItem","position":1,"name":"\u0413\u043b\u0430\u0432\u043d\u0430\u044f \u0441\u0442\u0440\u0430\u043d\u0438\u0446\u0430","item":"https:\/\/skyline-gs.com\/hu\/"},{"@type":"ListItem","position":2,"name":"\u041c\u0430\u0433\u0430\u0437\u0438\u043d","item":"https:\/\/skyline-gs.com\/cs\/shop\/"},{"@type":"ListItem","position":3,"name":"\u041a\u0440\u0443\u0438\u0437 \u043f\u043e \u0414\u0443\u0431\u0430\u044e \u043d\u0430 \u043c\u0435\u0433\u0430-\u044f\u0445\u0442\u0435 Lotus"}]},{"@type":"WebSite","@id":"https:\/\/skyline-gs.com\/it\/#website","url":"https:\/\/skyline-gs.com\/it\/","name":"Skyline T\u00far\u00e1k","description":"Exkluz\u00edv kir\u00e1ndul\u00e1sok a vil\u00e1g legjobb \u00fcd\u00fcl\u0151helyein","publisher":{"@id":"https:\/\/skyline-gs.com\/it\/#organization"},"alternateName":"Skyline","potentialAction":[{"@type":"SearchAction","target":{"@type":"EntryPoint","urlTemplate":"https:\/\/skyline-gs.com\/it\/?s={search_term_string}"},"query-input":{"@type":"PropertyValueSpecification","valueRequired":true,"valueName":"search_term_string"}}],"inLanguage":"hu"},{"@type":"Organization","@id":"https:\/\/skyline-gs.com\/it\/#organization","name":"Skyline T\u00far\u00e1k","alternateName":"\u042d\u043a\u0441\u043a\u0443\u0440\u0441\u0438\u0438 Skyline","url":"https:\/\/skyline-gs.com\/it\/","logo":{"@type":"ImageObject","inLanguage":"hu","@id":"https:\/\/skyline-gs.com\/it\/#\/schema\/logo\/image\/","url":"https:\/\/skyline-gs.com\/wp-content\/uploads\/2020\/12\/cropped-logo-2.png","contentUrl":"https:\/\/skyline-gs.com\/wp-content\/uploads\/2020\/12\/cropped-logo-2.png","width":512,"height":512,"caption":"\u042d\u043a\u0441\u043a\u0443\u0440\u0441\u0438\u0438 Skyline"},"image":{"@id":"https:\/\/skyline-gs.com\/it\/#\/schema\/logo\/image\/"},"sameAs":["https:\/\/www.instagram.com\/skylineglobalservice\/"]}]}},"_links":{"self":[{"href":"https:\/\/skyline-gs.com\/hu\/wp-json\/wp\/v2\/product\/62985","targetHints":{"allow":["GET"]}}],"collection":[{"href":"https:\/\/skyline-gs.com\/hu\/wp-json\/wp\/v2\/product"}],"about":[{"href":"https:\/\/skyline-gs.com\/hu\/wp-json\/wp\/v2\/types\/product"}],"version-history":[{"count":0,"href":"https:\/\/skyline-gs.com\/hu\/wp-json\/wp\/v2\/product\/62985\/revisions"}],"wp:featuredmedia":[{"embeddable":true,"href":"https:\/\/skyline-gs.com\/hu\/wp-json\/wp\/v2\/media\/63003"}],"wp:attachment":[{"href":"https:\/\/skyline-gs.com\/hu\/wp-json\/wp\/v2\/media?parent=62985"}],"wp:term":[{"taxonomy":"product_brand","embeddable":true,"href":"https:\/\/skyline-gs.com\/hu\/wp-json\/wp\/v2\/product_brand?post=62985"},{"taxonomy":"product_cat","embeddable":true,"href":"https:\/\/skyline-gs.com\/hu\/wp-json\/wp\/v2\/product_cat?post=62985"},{"taxonomy":"product_tag","embeddable":true,"href":"https:\/\/skyline-gs.com\/hu\/wp-json\/wp\/v2\/product_tag?post=62985"}],"curies":[{"name":"wp","href":"https:\/\/api.w.org\/{rel}","templated":true}]}}