{"id":62403,"date":"2025-03-12T07:30:58","date_gmt":"2025-03-12T05:30:58","guid":{"rendered":"http:\/\/skyline-gs.com\/?post_type=product&#038;p=62403"},"modified":"2025-03-12T09:17:53","modified_gmt":"2025-03-12T07:17:53","slug":"hot-air-balloon-dubai","status":"publish","type":"product","link":"https:\/\/skyline-gs.com\/hu\/product\/hot-air-balloon-dubai\/","title":{"rendered":"H\u0151l\u00e9gballonoz\u00e1s az arab sivatag felett reggelivel"},"content":{"rendered":"<p data-start=\"338\" data-end=\"493\"><strong>Megh\u00edvjuk \u00d6nt, hogy kezdje a reggel\u00e9t k\u00fcl\u00f6nleges m\u00f3don - magasan az \u00e9gben.<\/strong>a homokd\u0171n\u00e9k aranyl\u00f3 kiterjed\u00e9se f\u00f6l\u00f6tt sz\u00e1rnyalva. Rep\u00fcl\u00e9s k\u00f6zben <strong>az Arab-sivatag grandi\u00f3zus t\u00e1j\u00e1t l\u00e1thatja.<\/strong>: homokd\u0171n\u00e9k, dombok \u00e9s s\u00edks\u00e1gok hossz\u00fa l\u00e1ncolatai, amelyeket a felkel\u0151 nap l\u00e1gy f\u00e9nye sz\u00ednes\u00edt.<\/p>\n<p data-start=\"273\" data-end=\"492\"><strong>5:00 - Indul\u00e1s a sz\u00e1llod\u00e1b\u00f3l<\/strong> (csoportos \u00e1tad\u00e1s).<\/p>\n<ul>\n<li data-start=\"893\" data-end=\"957\">R\u00f6vid t\u00e1j\u00e9koztat\u00f3<\/li>\n<li data-start=\"893\" data-end=\"957\"><strong>Ballon rep\u00fcl\u00e9s<\/strong> (k\u00f6r\u00fclbel\u00fcl 60 perc). A sivatagban t\u00f6lt\u00f6tt reggel lehet\u0151s\u00e9get ny\u00fajt arra, hogy mad\u00e1rt\u00e1vlatb\u00f3l l\u00e1ssa a vil\u00e1got, \u00e9s hogy <strong>\u00e9rezni, ahogy a sivatag nyugalma bet\u00f6lti az embert.<\/strong>.<\/li>\n<li data-start=\"958\" data-end=\"987\"><strong>Reggeli a sivatagban<\/strong>. Lesz\u00e1ll\u00e1s ut\u00e1n \u00ednyenc al fresco reggeli v\u00e1rja \u00d6nt egy speci\u00e1lisan felszerelt ter\u00fcleten, ahol pihenhet, mik\u00f6zben \u00e9lvezheti a k\u00f6rnyez\u0151 kil\u00e1t\u00e1st \u00e9s a teljes mag\u00e1n\u00e9let l\u00e9gk\u00f6r\u00e9t.<\/li>\n<\/ul>\n<p data-start=\"2495\" data-end=\"2523\"><strong>9:00 - Visszat\u00e9r\u00e9s a sz\u00e1llod\u00e1ba.<\/strong><\/p>\n<p><strong>Tartalmazza:<\/strong><\/p>\n<ul>\n<li>Transzfer a sz\u00e1llod\u00e1ba \u00e9s vissza (a dubaji sz\u00e1llod\u00e1kb\u00f3l)<\/li>\n<li>Minden transzfer a programon bel\u00fcl l\u00e9gkondicion\u00e1lt aut\u00f3busszal<\/li>\n<li>Idegenvezet\u0151i szolg\u00e1ltat\u00e1sok<\/li>\n<li data-start=\"893\" data-end=\"957\">Ballonrep\u00fcl\u00e9s (kb. 60 perc)<\/li>\n<li>Reggeli<\/li>\n<\/ul>\n<p><strong>Mit adhatok hozz\u00e1?<\/strong><\/p>\n<ul>\n<li data-start=\"1256\" data-end=\"1309\"><strong data-start=\"1258\" data-end=\"1300\">B\u00e9reljen quadot vagy oldtimer aut\u00f3t<\/strong> +80$<\/li>\n<li data-start=\"1310\" data-end=\"1460\"><strong data-start=\"1312\" data-end=\"1348\">Szem\u00e9lyre szabott transzfer Dubaib\u00f3l<\/strong> (6 f\u0151ig): +200$ aut\u00f3nk\u00e9nt<br data-start=\"1380\" data-end=\"1383\" \/><em data-start=\"1383\" data-end=\"1458\">(Az egy\u00e9ni transzfer \u00e1ra nem tartalmazza a ballonrep\u00fcl\u00e9st.)<\/em><\/li>\n<\/ul>\n<p><strong>Mit hozzak magammal?<\/strong><\/p>\n<ul>\n<li>Kamera<\/li>\n<li>Meleg ruh\u00e1zat (\u0151sszel \u00e9s t\u00e9len)<\/li>\n<\/ul>","protected":false},"excerpt":{"rendered":"<p><strong>Kir\u00e1ndul\u00e1s Id\u0151pontja:<\/strong> 5:00 &#8212; 9:00<\/p>\n<p><strong>A Kir\u00e1ndul\u00e1s Napjai:<\/strong> Naponta<\/p>","protected":false},"featured_media":62409,"template":"","meta":{"_kad_post_transparent":"default","_kad_post_title":"","_kad_post_layout":"default","_kad_post_sidebar_id":"","_kad_post_content_style":"default","_kad_post_vertical_padding":"default","_kad_post_feature":"","_kad_post_feature_position":"","_kad_post_header":false,"_kad_post_footer":false,"_kad_post_classname":"","_glsr_average":0,"_glsr_ranking":0,"_glsr_reviews":0},"product_brand":[],"product_cat":[438],"product_tag":[],"class_list":{"0":"post-62403","1":"product","2":"type-product","3":"status-publish","4":"has-post-thumbnail","6":"product_cat-dubai","7":"tm-has-options","9":"first","10":"instock","11":"sold-individually","12":"taxable","13":"shipping-taxable","14":"purchasable","15":"product-type-simple","16":"entry","17":"content-bg","18":"loop-entry"},"yoast_head":"<!-- This site is optimized with the Yoast SEO plugin v27.3 - https:\/\/yoast.com\/product\/yoast-seo-wordpress\/ -->\n<title>\u041f\u043e\u043b\u0451\u0442 \u043d\u0430 \u0432\u043e\u0437\u0434\u0443\u0448\u043d\u043e\u043c \u0448\u0430\u0440\u0435 \u043d\u0430\u0434 \u0430\u0440\u0430\u0432\u0438\u0439\u0441\u043a\u043e\u0439 \u043f\u0443\u0441\u0442\u044b\u043d\u0435\u0439 \u0441 \u0437\u0430\u0432\u0442\u0440\u0430\u043a\u043e\u043c &#8226; \u042d\u043a\u0441\u043a\u0443\u0440\u0441\u0438\u0438 Skyline<\/title>\n<meta name=\"robots\" content=\"index, follow, max-snippet:-1, max-image-preview:large, max-video-preview:-1\" \/>\n<link rel=\"canonical\" href=\"http:\/\/skyline-gs.com\/hu\/termek\/hot-air-balloon-dubai\/\" \/>\n<meta property=\"og:locale\" content=\"hu_HU\" \/>\n<meta property=\"og:type\" content=\"article\" \/>\n<meta property=\"og:title\" content=\"\u041f\u043e\u043b\u0451\u0442 \u043d\u0430 \u0432\u043e\u0437\u0434\u0443\u0448\u043d\u043e\u043c \u0448\u0430\u0440\u0435 \u043d\u0430\u0434 \u0430\u0440\u0430\u0432\u0438\u0439\u0441\u043a\u043e\u0439 \u043f\u0443\u0441\u0442\u044b\u043d\u0435\u0439 \u0441 \u0437\u0430\u0432\u0442\u0440\u0430\u043a\u043e\u043c &#8226; \u042d\u043a\u0441\u043a\u0443\u0440\u0441\u0438\u0438 Skyline\" \/>\n<meta property=\"og:description\" content=\"\u0412\u0440\u0435\u043c\u044f \u0442\u0443\u0440\u0430: 5:00 - 9:00  \u0414\u043d\u0438 \u043f\u0440\u043e\u0432\u0435\u0434\u0435\u043d\u0438\u044f: \u0435\u0436\u0435\u0434\u043d\u0435\u0432\u043d\u043e\" \/>\n<meta property=\"og:url\" content=\"http:\/\/skyline-gs.com\/hu\/termek\/hot-air-balloon-dubai\/\" \/>\n<meta property=\"og:site_name\" content=\"\u042d\u043a\u0441\u043a\u0443\u0440\u0441\u0438\u0438 Skyline\" \/>\n<meta property=\"article:modified_time\" content=\"2025-03-12T07:17:53+00:00\" \/>\n<meta property=\"og:image\" content=\"https:\/\/skyline-gs.com\/wp-content\/uploads\/2025\/03\/Hot-Air-Balloon-Dubai-8-e1741760079738.jpg\" \/>\n\t<meta property=\"og:image:width\" content=\"600\" \/>\n\t<meta property=\"og:image:height\" content=\"429\" \/>\n\t<meta property=\"og:image:type\" content=\"image\/jpeg\" \/>\n<meta name=\"twitter:card\" content=\"summary_large_image\" \/>\n<meta name=\"twitter:label1\" content=\"Becs\u00fclt olvas\u00e1si id\u0151\" \/>\n\t<meta name=\"twitter:data1\" content=\"2 perc\" \/>\n<script type=\"application\/ld+json\" class=\"yoast-schema-graph\">{\"@context\":\"https:\\\/\\\/schema.org\",\"@graph\":[{\"@type\":\"WebPage\",\"@id\":\"http:\\\/\\\/skyline-gs.com\\\/fr\\\/produit\\\/hot-air-balloon-dubai\\\/\",\"url\":\"http:\\\/\\\/skyline-gs.com\\\/fr\\\/produit\\\/hot-air-balloon-dubai\\\/\",\"name\":\"\u041f\u043e\u043b\u0451\u0442 \u043d\u0430 \u0432\u043e\u0437\u0434\u0443\u0448\u043d\u043e\u043c \u0448\u0430\u0440\u0435 \u043d\u0430\u0434 \u0430\u0440\u0430\u0432\u0438\u0439\u0441\u043a\u043e\u0439 \u043f\u0443\u0441\u0442\u044b\u043d\u0435\u0439 \u0441 \u0437\u0430\u0432\u0442\u0440\u0430\u043a\u043e\u043c &#8226; \u042d\u043a\u0441\u043a\u0443\u0440\u0441\u0438\u0438 Skyline\",\"isPartOf\":{\"@id\":\"https:\\\/\\\/skyline-gs.com\\\/it\\\/#website\"},\"primaryImageOfPage\":{\"@id\":\"http:\\\/\\\/skyline-gs.com\\\/fr\\\/produit\\\/hot-air-balloon-dubai\\\/#primaryimage\"},\"image\":{\"@id\":\"http:\\\/\\\/skyline-gs.com\\\/fr\\\/produit\\\/hot-air-balloon-dubai\\\/#primaryimage\"},\"thumbnailUrl\":\"https:\\\/\\\/skyline-gs.com\\\/wp-content\\\/uploads\\\/2025\\\/03\\\/Hot-Air-Balloon-Dubai-8-e1741760079738.jpg\",\"datePublished\":\"2025-03-12T05:30:58+00:00\",\"dateModified\":\"2025-03-12T07:17:53+00:00\",\"breadcrumb\":{\"@id\":\"http:\\\/\\\/skyline-gs.com\\\/fr\\\/produit\\\/hot-air-balloon-dubai\\\/#breadcrumb\"},\"inLanguage\":\"hu\",\"potentialAction\":[{\"@type\":\"ReadAction\",\"target\":[\"http:\\\/\\\/skyline-gs.com\\\/fr\\\/produit\\\/hot-air-balloon-dubai\\\/\"]}]},{\"@type\":\"ImageObject\",\"inLanguage\":\"hu\",\"@id\":\"http:\\\/\\\/skyline-gs.com\\\/fr\\\/produit\\\/hot-air-balloon-dubai\\\/#primaryimage\",\"url\":\"https:\\\/\\\/skyline-gs.com\\\/wp-content\\\/uploads\\\/2025\\\/03\\\/Hot-Air-Balloon-Dubai-8-e1741760079738.jpg\",\"contentUrl\":\"https:\\\/\\\/skyline-gs.com\\\/wp-content\\\/uploads\\\/2025\\\/03\\\/Hot-Air-Balloon-Dubai-8-e1741760079738.jpg\",\"width\":600,\"height\":429},{\"@type\":\"BreadcrumbList\",\"@id\":\"http:\\\/\\\/skyline-gs.com\\\/fr\\\/produit\\\/hot-air-balloon-dubai\\\/#breadcrumb\",\"itemListElement\":[{\"@type\":\"ListItem\",\"position\":1,\"name\":\"\u0413\u043b\u0430\u0432\u043d\u0430\u044f \u0441\u0442\u0440\u0430\u043d\u0438\u0446\u0430\",\"item\":\"https:\\\/\\\/skyline-gs.com\\\/hu\\\/\"},{\"@type\":\"ListItem\",\"position\":2,\"name\":\"\u041c\u0430\u0433\u0430\u0437\u0438\u043d\",\"item\":\"https:\\\/\\\/skyline-gs.com\\\/cs\\\/shop\\\/\"},{\"@type\":\"ListItem\",\"position\":3,\"name\":\"\u041f\u043e\u043b\u0451\u0442 \u043d\u0430 \u0432\u043e\u0437\u0434\u0443\u0448\u043d\u043e\u043c \u0448\u0430\u0440\u0435 \u043d\u0430\u0434 \u0430\u0440\u0430\u0432\u0438\u0439\u0441\u043a\u043e\u0439 \u043f\u0443\u0441\u0442\u044b\u043d\u0435\u0439 \u0441 \u0437\u0430\u0432\u0442\u0440\u0430\u043a\u043e\u043c\"}]},{\"@type\":\"WebSite\",\"@id\":\"https:\\\/\\\/skyline-gs.com\\\/it\\\/#website\",\"url\":\"https:\\\/\\\/skyline-gs.com\\\/it\\\/\",\"name\":\"\u042d\u043a\u0441\u043a\u0443\u0440\u0441\u0438\u0438 Skyline\",\"description\":\"\u042d\u043a\u0441\u043a\u043b\u044e\u0437\u0438\u0432\u043d\u044b\u0435 \u044d\u043a\u0441\u043a\u0443\u0440\u0441\u0438\u0438 \u043d\u0430 \u043b\u0443\u0447\u0448\u0438\u0445 \u043a\u0443\u0440\u043e\u0440\u0442\u0430\u0445 \u043c\u0438\u0440\u0430\",\"publisher\":{\"@id\":\"https:\\\/\\\/skyline-gs.com\\\/it\\\/#organization\"},\"alternateName\":\"Skyline\",\"potentialAction\":[{\"@type\":\"SearchAction\",\"target\":{\"@type\":\"EntryPoint\",\"urlTemplate\":\"https:\\\/\\\/skyline-gs.com\\\/it\\\/?s={search_term_string}\"},\"query-input\":{\"@type\":\"PropertyValueSpecification\",\"valueRequired\":true,\"valueName\":\"search_term_string\"}}],\"inLanguage\":\"hu\"},{\"@type\":\"Organization\",\"@id\":\"https:\\\/\\\/skyline-gs.com\\\/it\\\/#organization\",\"name\":\"\u042d\u043a\u0441\u043a\u0443\u0440\u0441\u0438\u0438 Skyline\",\"alternateName\":\"\u042d\u043a\u0441\u043a\u0443\u0440\u0441\u0438\u0438 Skyline\",\"url\":\"https:\\\/\\\/skyline-gs.com\\\/it\\\/\",\"logo\":{\"@type\":\"ImageObject\",\"inLanguage\":\"hu\",\"@id\":\"https:\\\/\\\/skyline-gs.com\\\/it\\\/#\\\/schema\\\/logo\\\/image\\\/\",\"url\":\"https:\\\/\\\/skyline-gs.com\\\/wp-content\\\/uploads\\\/2020\\\/12\\\/cropped-logo-2.png\",\"contentUrl\":\"https:\\\/\\\/skyline-gs.com\\\/wp-content\\\/uploads\\\/2020\\\/12\\\/cropped-logo-2.png\",\"width\":512,\"height\":512,\"caption\":\"\u042d\u043a\u0441\u043a\u0443\u0440\u0441\u0438\u0438 Skyline\"},\"image\":{\"@id\":\"https:\\\/\\\/skyline-gs.com\\\/it\\\/#\\\/schema\\\/logo\\\/image\\\/\"},\"sameAs\":[\"https:\\\/\\\/www.instagram.com\\\/skylineglobalservice\\\/\"]}]}<\/script>\n<!-- \/ Yoast SEO plugin. -->","yoast_head_json":{"title":"\u041f\u043e\u043b\u0451\u0442 \u043d\u0430 \u0432\u043e\u0437\u0434\u0443\u0448\u043d\u043e\u043c \u0448\u0430\u0440\u0435 \u043d\u0430\u0434 \u0430\u0440\u0430\u0432\u0438\u0439\u0441\u043a\u043e\u0439 \u043f\u0443\u0441\u0442\u044b\u043d\u0435\u0439 \u0441 \u0437\u0430\u0432\u0442\u0440\u0430\u043a\u043e\u043c &#8226; \u042d\u043a\u0441\u043a\u0443\u0440\u0441\u0438\u0438 Skyline","robots":{"index":"index","follow":"follow","max-snippet":"max-snippet:-1","max-image-preview":"max-image-preview:large","max-video-preview":"max-video-preview:-1"},"canonical":"http:\/\/skyline-gs.com\/hu\/termek\/hot-air-balloon-dubai\/","og_locale":"hu_HU","og_type":"article","og_title":"\u041f\u043e\u043b\u0451\u0442 \u043d\u0430 \u0432\u043e\u0437\u0434\u0443\u0448\u043d\u043e\u043c \u0448\u0430\u0440\u0435 \u043d\u0430\u0434 \u0430\u0440\u0430\u0432\u0438\u0439\u0441\u043a\u043e\u0439 \u043f\u0443\u0441\u0442\u044b\u043d\u0435\u0439 \u0441 \u0437\u0430\u0432\u0442\u0440\u0430\u043a\u043e\u043c &#8226; \u042d\u043a\u0441\u043a\u0443\u0440\u0441\u0438\u0438 Skyline","og_description":"\u0412\u0440\u0435\u043c\u044f \u0442\u0443\u0440\u0430: 5:00 - 9:00  \u0414\u043d\u0438 \u043f\u0440\u043e\u0432\u0435\u0434\u0435\u043d\u0438\u044f: \u0435\u0436\u0435\u0434\u043d\u0435\u0432\u043d\u043e","og_url":"http:\/\/skyline-gs.com\/hu\/termek\/hot-air-balloon-dubai\/","og_site_name":"\u042d\u043a\u0441\u043a\u0443\u0440\u0441\u0438\u0438 Skyline","article_modified_time":"2025-03-12T07:17:53+00:00","og_image":[{"width":600,"height":429,"url":"https:\/\/skyline-gs.com\/wp-content\/uploads\/2025\/03\/Hot-Air-Balloon-Dubai-8-e1741760079738.jpg","type":"image\/jpeg"}],"twitter_card":"summary_large_image","twitter_misc":{"Becs\u00fclt olvas\u00e1si id\u0151":"2 perc"},"schema":{"@context":"https:\/\/schema.org","@graph":[{"@type":"WebPage","@id":"http:\/\/skyline-gs.com\/fr\/produit\/hot-air-balloon-dubai\/","url":"http:\/\/skyline-gs.com\/fr\/produit\/hot-air-balloon-dubai\/","name":"\u041f\u043e\u043b\u0451\u0442 \u043d\u0430 \u0432\u043e\u0437\u0434\u0443\u0448\u043d\u043e\u043c \u0448\u0430\u0440\u0435 \u043d\u0430\u0434 \u0430\u0440\u0430\u0432\u0438\u0439\u0441\u043a\u043e\u0439 \u043f\u0443\u0441\u0442\u044b\u043d\u0435\u0439 \u0441 \u0437\u0430\u0432\u0442\u0440\u0430\u043a\u043e\u043c &#8226; \u042d\u043a\u0441\u043a\u0443\u0440\u0441\u0438\u0438 Skyline","isPartOf":{"@id":"https:\/\/skyline-gs.com\/it\/#website"},"primaryImageOfPage":{"@id":"http:\/\/skyline-gs.com\/fr\/produit\/hot-air-balloon-dubai\/#primaryimage"},"image":{"@id":"http:\/\/skyline-gs.com\/fr\/produit\/hot-air-balloon-dubai\/#primaryimage"},"thumbnailUrl":"https:\/\/skyline-gs.com\/wp-content\/uploads\/2025\/03\/Hot-Air-Balloon-Dubai-8-e1741760079738.jpg","datePublished":"2025-03-12T05:30:58+00:00","dateModified":"2025-03-12T07:17:53+00:00","breadcrumb":{"@id":"http:\/\/skyline-gs.com\/fr\/produit\/hot-air-balloon-dubai\/#breadcrumb"},"inLanguage":"hu","potentialAction":[{"@type":"ReadAction","target":["http:\/\/skyline-gs.com\/fr\/produit\/hot-air-balloon-dubai\/"]}]},{"@type":"ImageObject","inLanguage":"hu","@id":"http:\/\/skyline-gs.com\/fr\/produit\/hot-air-balloon-dubai\/#primaryimage","url":"https:\/\/skyline-gs.com\/wp-content\/uploads\/2025\/03\/Hot-Air-Balloon-Dubai-8-e1741760079738.jpg","contentUrl":"https:\/\/skyline-gs.com\/wp-content\/uploads\/2025\/03\/Hot-Air-Balloon-Dubai-8-e1741760079738.jpg","width":600,"height":429},{"@type":"BreadcrumbList","@id":"http:\/\/skyline-gs.com\/fr\/produit\/hot-air-balloon-dubai\/#breadcrumb","itemListElement":[{"@type":"ListItem","position":1,"name":"\u0413\u043b\u0430\u0432\u043d\u0430\u044f \u0441\u0442\u0440\u0430\u043d\u0438\u0446\u0430","item":"https:\/\/skyline-gs.com\/hu\/"},{"@type":"ListItem","position":2,"name":"\u041c\u0430\u0433\u0430\u0437\u0438\u043d","item":"https:\/\/skyline-gs.com\/cs\/shop\/"},{"@type":"ListItem","position":3,"name":"\u041f\u043e\u043b\u0451\u0442 \u043d\u0430 \u0432\u043e\u0437\u0434\u0443\u0448\u043d\u043e\u043c \u0448\u0430\u0440\u0435 \u043d\u0430\u0434 \u0430\u0440\u0430\u0432\u0438\u0439\u0441\u043a\u043e\u0439 \u043f\u0443\u0441\u0442\u044b\u043d\u0435\u0439 \u0441 \u0437\u0430\u0432\u0442\u0440\u0430\u043a\u043e\u043c"}]},{"@type":"WebSite","@id":"https:\/\/skyline-gs.com\/it\/#website","url":"https:\/\/skyline-gs.com\/it\/","name":"Skyline T\u00far\u00e1k","description":"Exkluz\u00edv kir\u00e1ndul\u00e1sok a vil\u00e1g legjobb \u00fcd\u00fcl\u0151helyein","publisher":{"@id":"https:\/\/skyline-gs.com\/it\/#organization"},"alternateName":"Skyline","potentialAction":[{"@type":"SearchAction","target":{"@type":"EntryPoint","urlTemplate":"https:\/\/skyline-gs.com\/it\/?s={search_term_string}"},"query-input":{"@type":"PropertyValueSpecification","valueRequired":true,"valueName":"search_term_string"}}],"inLanguage":"hu"},{"@type":"Organization","@id":"https:\/\/skyline-gs.com\/it\/#organization","name":"Skyline T\u00far\u00e1k","alternateName":"\u042d\u043a\u0441\u043a\u0443\u0440\u0441\u0438\u0438 Skyline","url":"https:\/\/skyline-gs.com\/it\/","logo":{"@type":"ImageObject","inLanguage":"hu","@id":"https:\/\/skyline-gs.com\/it\/#\/schema\/logo\/image\/","url":"https:\/\/skyline-gs.com\/wp-content\/uploads\/2020\/12\/cropped-logo-2.png","contentUrl":"https:\/\/skyline-gs.com\/wp-content\/uploads\/2020\/12\/cropped-logo-2.png","width":512,"height":512,"caption":"\u042d\u043a\u0441\u043a\u0443\u0440\u0441\u0438\u0438 Skyline"},"image":{"@id":"https:\/\/skyline-gs.com\/it\/#\/schema\/logo\/image\/"},"sameAs":["https:\/\/www.instagram.com\/skylineglobalservice\/"]}]}},"_links":{"self":[{"href":"https:\/\/skyline-gs.com\/hu\/wp-json\/wp\/v2\/product\/62403","targetHints":{"allow":["GET"]}}],"collection":[{"href":"https:\/\/skyline-gs.com\/hu\/wp-json\/wp\/v2\/product"}],"about":[{"href":"https:\/\/skyline-gs.com\/hu\/wp-json\/wp\/v2\/types\/product"}],"version-history":[{"count":0,"href":"https:\/\/skyline-gs.com\/hu\/wp-json\/wp\/v2\/product\/62403\/revisions"}],"wp:featuredmedia":[{"embeddable":true,"href":"https:\/\/skyline-gs.com\/hu\/wp-json\/wp\/v2\/media\/62409"}],"wp:attachment":[{"href":"https:\/\/skyline-gs.com\/hu\/wp-json\/wp\/v2\/media?parent=62403"}],"wp:term":[{"taxonomy":"product_brand","embeddable":true,"href":"https:\/\/skyline-gs.com\/hu\/wp-json\/wp\/v2\/product_brand?post=62403"},{"taxonomy":"product_cat","embeddable":true,"href":"https:\/\/skyline-gs.com\/hu\/wp-json\/wp\/v2\/product_cat?post=62403"},{"taxonomy":"product_tag","embeddable":true,"href":"https:\/\/skyline-gs.com\/hu\/wp-json\/wp\/v2\/product_tag?post=62403"}],"curies":[{"name":"wp","href":"https:\/\/api.w.org\/{rel}","templated":true}]}}