{"id":60982,"date":"2025-01-15T13:47:25","date_gmt":"2025-01-15T11:47:25","guid":{"rendered":"http:\/\/skyline-gs.com\/?post_type=product&#038;p=60982"},"modified":"2025-01-15T14:18:57","modified_gmt":"2025-01-15T12:18:57","slug":"hue-danang","status":"publish","type":"product","link":"https:\/\/skyline-gs.com\/hu\/product\/hue-danang\/","title":{"rendered":"Szem\u00e9lyre szabott t\u00fara: Hue - Vietn\u00e1m \u0151si f\u0151v\u00e1rosa"},"content":{"rendered":"<p>Mer\u00fclj\u00f6n el a 19. sz\u00e1zadi Vietn\u00e1m hangulat\u00e1ban egy l\u00e1togat\u00e1ssal a <strong>Hue<\/strong>Az orsz\u00e1g \u0151si f\u0151v\u00e1rosa. T\u00f6rt\u00e9nelmi m\u0171eml\u00e9kek, k\u00f6zt\u00fck fens\u00e9ges cs\u00e1sz\u00e1ri s\u00edrok k\u00f6z\u00f6tti utaz\u00e1s v\u00e1r \u00d6nre, <strong>A cs\u00e1sz\u00e1ri fellegv\u00e1r<\/strong> \u00e9s romantikus <strong>Egy illatos foly\u00f3<\/strong> pagod\u00e1ival. S\u00e9t\u00e1ljon az \u0151si utc\u00e1kon, fedezze fel a vietnami kult\u00far\u00e1t \u00e9s hagyom\u00e1nyokat, \u00e9s \u00e9lvezze a fest\u0151i kil\u00e1t\u00e1st \u00fatk\u00f6zben.<\/p>\n<ul>\n<li><strong>Leny\u0171g\u00f6z\u0151 t\u00f6rt\u00e9nelmi m\u0171eml\u00e9kek<\/strong>: L\u00e1togasson el a h\u00edres cs\u00e1sz\u00e1ri s\u00edrkamr\u00e1khoz, k\u00f6zt\u00fck a fens\u00e9ges <strong>a s\u00edrba. Te egy leszbi vagy.<\/strong>\u00e9s fedezze fel a Nguyen-dinasztia kult\u00far\u00e1j\u00e1t \u00e9s hagyom\u00e1nyait.<\/li>\n<li><strong>Illatos foly\u00f3 \u00e9s T\u00fcnd\u00e9r Pagoda<\/strong>: \u00c9lvezze a romantikus s\u00e9t\u00e1t az Illatos foly\u00f3 ment\u00e9n, \u00e9s l\u00e1togassa meg Hue egyik legr\u00e9gebbi pagod\u00e1j\u00e1t, mer\u00fclj\u00f6n el az \u0151si Vietnam hangulat\u00e1ban.<\/li>\n<li><strong>Birodalmi Citadella<\/strong>: Fedezze fel a 19. sz\u00e1zadi hatalmas komplexumot, ahol egykor az utols\u00f3 feud\u00e1lis dinasztia uralkodott, \u00e9s fedezze fel Hue \u00f6r\u00f6ks\u00e9g\u00e9t.<\/li>\n<\/ul>\n<p><strong>8:00 - Indul\u00e1s a sz\u00e1llod\u00e1b\u00f3l<\/strong>.<\/p>\n<p>Elm\u00e9sz a <strong>Hue<\/strong> - Vietnam \u0151si f\u0151v\u00e1rosa, tele egyed\u00fcl\u00e1ll\u00f3 t\u00f6rt\u00e9nelemmel \u00e9s fens\u00e9ges \u00e9p\u00edt\u00e9szettel. \u00datk\u00f6zben gy\u00fcm\u00f6lcs\u00f6s\u00f6k \u00e9s rizsf\u00f6ldek fest\u0151i l\u00e1tv\u00e1ny\u00e1ban gy\u00f6ny\u00f6rk\u00f6dhetnek, valamint <strong>Haiwan h\u00e1g\u00f3<\/strong>A \"Felh\u0151k tengere\" n\u00e9ven is ismert, l\u00e9legzetel\u00e1ll\u00edt\u00f3 panor\u00e1m\u00e1val rendelkez\u0151 hely. Hue-ba \u00e9rkez\u00e9s ut\u00e1n a t\u00fara a Hue-i templom megl\u00e1togat\u00e1s\u00e1val kezd\u0151dik. <strong>S\u00edrok. Te leszbi.<\/strong>Megl\u00e1togatja az egyik legh\u00edresebb cs\u00e1sz\u00e1ri s\u00edrkamr\u00e1t, ahol megismerheti a vietnami uralkod\u00f3k t\u00f6rt\u00e9net\u00e9t \u00e9s nagys\u00e1g\u00e1t. Ezut\u00e1n egy helyi \u00e9tteremben eb\u00e9delnek.<\/p>\n<p>D\u00e9lut\u00e1n. <strong>haj\u00f3kir\u00e1ndul\u00e1s a Flavour foly\u00f3n<\/strong>\u00fatban a <strong>T\u00fcnd\u00e9r pagoda<\/strong>. A term\u00e9szeti sz\u00e9ps\u00e9gekkel k\u00f6r\u00fclvett hely Hue egyik legr\u00e9gebbi vall\u00e1si m\u0171eml\u00e9k\u00e9nek sz\u00e1m\u00edt, \u00e9s a r\u00e9gi\u00f3 spiritu\u00e1lis gazdags\u00e1g\u00e1t szimboliz\u00e1lja. Ezut\u00e1n megl\u00e1togatj\u00e1k <strong>A cs\u00e1sz\u00e1ri fellegv\u00e1r<\/strong>A fellegv\u00e1r egy hatalmas 19. sz\u00e1zadi komplexum, az utols\u00f3 Nguyen feud\u00e1lis dinasztia otthona. A citadella k\u00f6r\u00fcl tett s\u00e9ta sor\u00e1n \u0151si templomokat, palot\u00e1kat \u00e9s er\u0151d\u00edtm\u00e9nyfalakat l\u00e1that.<\/p>\n<p>Mer\u00fclj\u00f6n el a 19. sz\u00e1zadi Vietn\u00e1m hangulat\u00e1ban egy l\u00e1togat\u00e1ssal a <strong>Hue<\/strong>Az orsz\u00e1g \u0151si f\u0151v\u00e1rosa. T\u00f6rt\u00e9nelmi m\u0171eml\u00e9kek, k\u00f6zt\u00fck fens\u00e9ges cs\u00e1sz\u00e1ri s\u00edrok k\u00f6z\u00f6tti utaz\u00e1s v\u00e1r \u00d6nre, <strong>A cs\u00e1sz\u00e1ri fellegv\u00e1r<\/strong> \u00e9s romantikus <strong>Egy illatos foly\u00f3<\/strong> pagod\u00e1ival. S\u00e9t\u00e1ljon az \u0151si utc\u00e1kon, fedezze fel a vietnami kult\u00far\u00e1t \u00e9s hagyom\u00e1nyokat, \u00e9s \u00e9lvezze a fest\u0151i kil\u00e1t\u00e1st \u00fatk\u00f6zben.<\/p>\n<p>A t\u00fara v\u00e9g\u00e9n elmegy\u00fcnk a <strong>Dongba piac<\/strong>Megtapasztalhatja a helyiek mindennapi \u00e9let\u00e9t \u00e9s az igazi Vietnamot. Visszafel\u00e9 menet <strong>Haiwan alag\u00fat<\/strong>amely D\u00e9lkelet-\u00c1zsia leghosszabb \u00e9s legmodernebb alag\u00fatja.<\/p>\n<p><strong>18:00 - Visszat\u00e9r\u00e9s a sz\u00e1llod\u00e1ba.<\/strong><\/p>\n<p><strong>Tartalmazza:<\/strong><\/p>\n<ul>\n<li>Transzfer a sz\u00e1llod\u00e1b\u00f3l \u00e9s a sz\u00e1llod\u00e1ba<\/li>\n<li>Program transzferek egy\u00e9ni aut\u00f3val<\/li>\n<li>Magyarul besz\u00e9l\u0151 idegenvezet\u0151<\/li>\n<li>Bel\u00e9p\u0151jegyek<\/li>\n<li>Haj\u00f3<\/li>\n<li>Eb\u00e9d<\/li>\n<\/ul>\n<p><strong>Vigy\u00e9l magaddal:<\/strong><\/p>\n<ul>\n<li>Kamera<\/li>\n<li>Napszem\u00fcveg<\/li>\n<li>V\u00edz<\/li>\n<li>Fejd\u00edsz<\/li>\n<\/ul>","protected":false},"excerpt":{"rendered":"<p><strong>Kir\u00e1ndul\u00e1s Id\u0151pontja:<\/strong> 8:00 - 18:00<\/p>\n<p><strong>A Kir\u00e1ndul\u00e1s Napjai:<\/strong> Minden nap<\/p>","protected":false},"featured_media":60992,"template":"","meta":{"_kad_post_transparent":"default","_kad_post_title":"","_kad_post_layout":"default","_kad_post_sidebar_id":"","_kad_post_content_style":"default","_kad_post_vertical_padding":"default","_kad_post_feature":"","_kad_post_feature_position":"","_kad_post_header":false,"_kad_post_footer":false,"_kad_post_classname":"","_glsr_average":0,"_glsr_ranking":0,"_glsr_reviews":0},"product_brand":[],"product_cat":[489],"product_tag":[],"class_list":{"0":"post-60982","1":"product","2":"type-product","3":"status-publish","4":"has-post-thumbnail","6":"product_cat-danang","7":"tm-has-options","9":"first","10":"instock","11":"sold-individually","12":"taxable","13":"shipping-taxable","14":"purchasable","15":"product-type-simple","16":"entry","17":"content-bg","18":"loop-entry"},"yoast_head":"<!-- This site is optimized with the Yoast SEO plugin v27.3 - https:\/\/yoast.com\/product\/yoast-seo-wordpress\/ -->\n<title>\u0418\u043d\u0434\u0438\u0432\u0438\u0434\u0443\u0430\u043b\u044c\u043d\u044b\u0439 \u0442\u0443\u0440: \u0425\u044e\u044d \u2013 \u0414\u0440\u0435\u0432\u043d\u044f\u044f \u0441\u0442\u043e\u043b\u0438\u0446\u0430 \u0412\u044c\u0435\u0442\u043d\u0430\u043c\u0430 &#8226; \u042d\u043a\u0441\u043a\u0443\u0440\u0441\u0438\u0438 Skyline<\/title>\n<meta name=\"robots\" content=\"index, follow, max-snippet:-1, max-image-preview:large, max-video-preview:-1\" \/>\n<link rel=\"canonical\" href=\"http:\/\/skyline-gs.com\/hu\/termek\/hue-danang\/\" \/>\n<meta property=\"og:locale\" content=\"hu_HU\" \/>\n<meta property=\"og:type\" content=\"article\" \/>\n<meta property=\"og:title\" content=\"\u0418\u043d\u0434\u0438\u0432\u0438\u0434\u0443\u0430\u043b\u044c\u043d\u044b\u0439 \u0442\u0443\u0440: \u0425\u044e\u044d \u2013 \u0414\u0440\u0435\u0432\u043d\u044f\u044f \u0441\u0442\u043e\u043b\u0438\u0446\u0430 \u0412\u044c\u0435\u0442\u043d\u0430\u043c\u0430 &#8226; \u042d\u043a\u0441\u043a\u0443\u0440\u0441\u0438\u0438 Skyline\" \/>\n<meta property=\"og:description\" content=\"\u0412\u0440\u0435\u043c\u044f \u0442\u0443\u0440\u0430: 8:00 - 18:00  \u0414\u043d\u0438 \u043f\u0440\u043e\u0432\u0435\u0434\u0435\u043d\u0438\u044f: \u041a\u0430\u0436\u0434\u044b\u0439 \u0434\u0435\u043d\u044c\" \/>\n<meta property=\"og:url\" content=\"http:\/\/skyline-gs.com\/hu\/termek\/hue-danang\/\" \/>\n<meta property=\"og:site_name\" content=\"\u042d\u043a\u0441\u043a\u0443\u0440\u0441\u0438\u0438 Skyline\" \/>\n<meta property=\"article:modified_time\" content=\"2025-01-15T12:18:57+00:00\" \/>\n<meta property=\"og:image\" content=\"https:\/\/skyline-gs.com\/wp-content\/uploads\/2025\/01\/6-4.png\" \/>\n\t<meta property=\"og:image:width\" content=\"669\" \/>\n\t<meta property=\"og:image:height\" content=\"446\" \/>\n\t<meta property=\"og:image:type\" content=\"image\/png\" \/>\n<meta name=\"twitter:card\" content=\"summary_large_image\" \/>\n<meta name=\"twitter:label1\" content=\"Becs\u00fclt olvas\u00e1si id\u0151\" \/>\n\t<meta name=\"twitter:data1\" content=\"3 perc\" \/>\n<script type=\"application\/ld+json\" class=\"yoast-schema-graph\">{\"@context\":\"https:\\\/\\\/schema.org\",\"@graph\":[{\"@type\":\"WebPage\",\"@id\":\"http:\\\/\\\/skyline-gs.com\\\/hu\\\/termek\\\/hue-danang\\\/\",\"url\":\"http:\\\/\\\/skyline-gs.com\\\/hu\\\/termek\\\/hue-danang\\\/\",\"name\":\"\u0418\u043d\u0434\u0438\u0432\u0438\u0434\u0443\u0430\u043b\u044c\u043d\u044b\u0439 \u0442\u0443\u0440: \u0425\u044e\u044d \u2013 \u0414\u0440\u0435\u0432\u043d\u044f\u044f \u0441\u0442\u043e\u043b\u0438\u0446\u0430 \u0412\u044c\u0435\u0442\u043d\u0430\u043c\u0430 &#8226; \u042d\u043a\u0441\u043a\u0443\u0440\u0441\u0438\u0438 Skyline\",\"isPartOf\":{\"@id\":\"https:\\\/\\\/skyline-gs.com\\\/it\\\/#website\"},\"primaryImageOfPage\":{\"@id\":\"http:\\\/\\\/skyline-gs.com\\\/hu\\\/termek\\\/hue-danang\\\/#primaryimage\"},\"image\":{\"@id\":\"http:\\\/\\\/skyline-gs.com\\\/hu\\\/termek\\\/hue-danang\\\/#primaryimage\"},\"thumbnailUrl\":\"https:\\\/\\\/skyline-gs.com\\\/wp-content\\\/uploads\\\/2025\\\/01\\\/6-4.png\",\"datePublished\":\"2025-01-15T11:47:25+00:00\",\"dateModified\":\"2025-01-15T12:18:57+00:00\",\"breadcrumb\":{\"@id\":\"http:\\\/\\\/skyline-gs.com\\\/hu\\\/termek\\\/hue-danang\\\/#breadcrumb\"},\"inLanguage\":\"hu\",\"potentialAction\":[{\"@type\":\"ReadAction\",\"target\":[\"http:\\\/\\\/skyline-gs.com\\\/hu\\\/termek\\\/hue-danang\\\/\"]}]},{\"@type\":\"ImageObject\",\"inLanguage\":\"hu\",\"@id\":\"http:\\\/\\\/skyline-gs.com\\\/hu\\\/termek\\\/hue-danang\\\/#primaryimage\",\"url\":\"https:\\\/\\\/skyline-gs.com\\\/wp-content\\\/uploads\\\/2025\\\/01\\\/6-4.png\",\"contentUrl\":\"https:\\\/\\\/skyline-gs.com\\\/wp-content\\\/uploads\\\/2025\\\/01\\\/6-4.png\",\"width\":669,\"height\":446},{\"@type\":\"BreadcrumbList\",\"@id\":\"http:\\\/\\\/skyline-gs.com\\\/hu\\\/termek\\\/hue-danang\\\/#breadcrumb\",\"itemListElement\":[{\"@type\":\"ListItem\",\"position\":1,\"name\":\"\u0413\u043b\u0430\u0432\u043d\u0430\u044f \u0441\u0442\u0440\u0430\u043d\u0438\u0446\u0430\",\"item\":\"https:\\\/\\\/skyline-gs.com\\\/hu\\\/\"},{\"@type\":\"ListItem\",\"position\":2,\"name\":\"\u041c\u0430\u0433\u0430\u0437\u0438\u043d\",\"item\":\"https:\\\/\\\/skyline-gs.com\\\/cs\\\/shop\\\/\"},{\"@type\":\"ListItem\",\"position\":3,\"name\":\"\u0418\u043d\u0434\u0438\u0432\u0438\u0434\u0443\u0430\u043b\u044c\u043d\u044b\u0439 \u0442\u0443\u0440: \u0425\u044e\u044d \u2013 \u0414\u0440\u0435\u0432\u043d\u044f\u044f \u0441\u0442\u043e\u043b\u0438\u0446\u0430 \u0412\u044c\u0435\u0442\u043d\u0430\u043c\u0430\"}]},{\"@type\":\"WebSite\",\"@id\":\"https:\\\/\\\/skyline-gs.com\\\/it\\\/#website\",\"url\":\"https:\\\/\\\/skyline-gs.com\\\/it\\\/\",\"name\":\"\u042d\u043a\u0441\u043a\u0443\u0440\u0441\u0438\u0438 Skyline\",\"description\":\"\u042d\u043a\u0441\u043a\u043b\u044e\u0437\u0438\u0432\u043d\u044b\u0435 \u044d\u043a\u0441\u043a\u0443\u0440\u0441\u0438\u0438 \u043d\u0430 \u043b\u0443\u0447\u0448\u0438\u0445 \u043a\u0443\u0440\u043e\u0440\u0442\u0430\u0445 \u043c\u0438\u0440\u0430\",\"publisher\":{\"@id\":\"https:\\\/\\\/skyline-gs.com\\\/it\\\/#organization\"},\"alternateName\":\"Skyline\",\"potentialAction\":[{\"@type\":\"SearchAction\",\"target\":{\"@type\":\"EntryPoint\",\"urlTemplate\":\"https:\\\/\\\/skyline-gs.com\\\/it\\\/?s={search_term_string}\"},\"query-input\":{\"@type\":\"PropertyValueSpecification\",\"valueRequired\":true,\"valueName\":\"search_term_string\"}}],\"inLanguage\":\"hu\"},{\"@type\":\"Organization\",\"@id\":\"https:\\\/\\\/skyline-gs.com\\\/it\\\/#organization\",\"name\":\"\u042d\u043a\u0441\u043a\u0443\u0440\u0441\u0438\u0438 Skyline\",\"alternateName\":\"\u042d\u043a\u0441\u043a\u0443\u0440\u0441\u0438\u0438 Skyline\",\"url\":\"https:\\\/\\\/skyline-gs.com\\\/it\\\/\",\"logo\":{\"@type\":\"ImageObject\",\"inLanguage\":\"hu\",\"@id\":\"https:\\\/\\\/skyline-gs.com\\\/it\\\/#\\\/schema\\\/logo\\\/image\\\/\",\"url\":\"https:\\\/\\\/skyline-gs.com\\\/wp-content\\\/uploads\\\/2020\\\/12\\\/cropped-logo-2.png\",\"contentUrl\":\"https:\\\/\\\/skyline-gs.com\\\/wp-content\\\/uploads\\\/2020\\\/12\\\/cropped-logo-2.png\",\"width\":512,\"height\":512,\"caption\":\"\u042d\u043a\u0441\u043a\u0443\u0440\u0441\u0438\u0438 Skyline\"},\"image\":{\"@id\":\"https:\\\/\\\/skyline-gs.com\\\/it\\\/#\\\/schema\\\/logo\\\/image\\\/\"},\"sameAs\":[\"https:\\\/\\\/www.instagram.com\\\/skylineglobalservice\\\/\"]}]}<\/script>\n<!-- \/ Yoast SEO plugin. -->","yoast_head_json":{"title":"\u0418\u043d\u0434\u0438\u0432\u0438\u0434\u0443\u0430\u043b\u044c\u043d\u044b\u0439 \u0442\u0443\u0440: \u0425\u044e\u044d \u2013 \u0414\u0440\u0435\u0432\u043d\u044f\u044f \u0441\u0442\u043e\u043b\u0438\u0446\u0430 \u0412\u044c\u0435\u0442\u043d\u0430\u043c\u0430 &#8226; \u042d\u043a\u0441\u043a\u0443\u0440\u0441\u0438\u0438 Skyline","robots":{"index":"index","follow":"follow","max-snippet":"max-snippet:-1","max-image-preview":"max-image-preview:large","max-video-preview":"max-video-preview:-1"},"canonical":"http:\/\/skyline-gs.com\/hu\/termek\/hue-danang\/","og_locale":"hu_HU","og_type":"article","og_title":"\u0418\u043d\u0434\u0438\u0432\u0438\u0434\u0443\u0430\u043b\u044c\u043d\u044b\u0439 \u0442\u0443\u0440: \u0425\u044e\u044d \u2013 \u0414\u0440\u0435\u0432\u043d\u044f\u044f \u0441\u0442\u043e\u043b\u0438\u0446\u0430 \u0412\u044c\u0435\u0442\u043d\u0430\u043c\u0430 &#8226; \u042d\u043a\u0441\u043a\u0443\u0440\u0441\u0438\u0438 Skyline","og_description":"\u0412\u0440\u0435\u043c\u044f \u0442\u0443\u0440\u0430: 8:00 - 18:00  \u0414\u043d\u0438 \u043f\u0440\u043e\u0432\u0435\u0434\u0435\u043d\u0438\u044f: \u041a\u0430\u0436\u0434\u044b\u0439 \u0434\u0435\u043d\u044c","og_url":"http:\/\/skyline-gs.com\/hu\/termek\/hue-danang\/","og_site_name":"\u042d\u043a\u0441\u043a\u0443\u0440\u0441\u0438\u0438 Skyline","article_modified_time":"2025-01-15T12:18:57+00:00","og_image":[{"width":669,"height":446,"url":"https:\/\/skyline-gs.com\/wp-content\/uploads\/2025\/01\/6-4.png","type":"image\/png"}],"twitter_card":"summary_large_image","twitter_misc":{"Becs\u00fclt olvas\u00e1si id\u0151":"3 perc"},"schema":{"@context":"https:\/\/schema.org","@graph":[{"@type":"WebPage","@id":"http:\/\/skyline-gs.com\/hu\/termek\/hue-danang\/","url":"http:\/\/skyline-gs.com\/hu\/termek\/hue-danang\/","name":"\u0418\u043d\u0434\u0438\u0432\u0438\u0434\u0443\u0430\u043b\u044c\u043d\u044b\u0439 \u0442\u0443\u0440: \u0425\u044e\u044d \u2013 \u0414\u0440\u0435\u0432\u043d\u044f\u044f \u0441\u0442\u043e\u043b\u0438\u0446\u0430 \u0412\u044c\u0435\u0442\u043d\u0430\u043c\u0430 &#8226; \u042d\u043a\u0441\u043a\u0443\u0440\u0441\u0438\u0438 Skyline","isPartOf":{"@id":"https:\/\/skyline-gs.com\/it\/#website"},"primaryImageOfPage":{"@id":"http:\/\/skyline-gs.com\/hu\/termek\/hue-danang\/#primaryimage"},"image":{"@id":"http:\/\/skyline-gs.com\/hu\/termek\/hue-danang\/#primaryimage"},"thumbnailUrl":"https:\/\/skyline-gs.com\/wp-content\/uploads\/2025\/01\/6-4.png","datePublished":"2025-01-15T11:47:25+00:00","dateModified":"2025-01-15T12:18:57+00:00","breadcrumb":{"@id":"http:\/\/skyline-gs.com\/hu\/termek\/hue-danang\/#breadcrumb"},"inLanguage":"hu","potentialAction":[{"@type":"ReadAction","target":["http:\/\/skyline-gs.com\/hu\/termek\/hue-danang\/"]}]},{"@type":"ImageObject","inLanguage":"hu","@id":"http:\/\/skyline-gs.com\/hu\/termek\/hue-danang\/#primaryimage","url":"https:\/\/skyline-gs.com\/wp-content\/uploads\/2025\/01\/6-4.png","contentUrl":"https:\/\/skyline-gs.com\/wp-content\/uploads\/2025\/01\/6-4.png","width":669,"height":446},{"@type":"BreadcrumbList","@id":"http:\/\/skyline-gs.com\/hu\/termek\/hue-danang\/#breadcrumb","itemListElement":[{"@type":"ListItem","position":1,"name":"\u0413\u043b\u0430\u0432\u043d\u0430\u044f \u0441\u0442\u0440\u0430\u043d\u0438\u0446\u0430","item":"https:\/\/skyline-gs.com\/hu\/"},{"@type":"ListItem","position":2,"name":"\u041c\u0430\u0433\u0430\u0437\u0438\u043d","item":"https:\/\/skyline-gs.com\/cs\/shop\/"},{"@type":"ListItem","position":3,"name":"\u0418\u043d\u0434\u0438\u0432\u0438\u0434\u0443\u0430\u043b\u044c\u043d\u044b\u0439 \u0442\u0443\u0440: \u0425\u044e\u044d \u2013 \u0414\u0440\u0435\u0432\u043d\u044f\u044f \u0441\u0442\u043e\u043b\u0438\u0446\u0430 \u0412\u044c\u0435\u0442\u043d\u0430\u043c\u0430"}]},{"@type":"WebSite","@id":"https:\/\/skyline-gs.com\/it\/#website","url":"https:\/\/skyline-gs.com\/it\/","name":"Skyline T\u00far\u00e1k","description":"Exkluz\u00edv kir\u00e1ndul\u00e1sok a vil\u00e1g legjobb \u00fcd\u00fcl\u0151helyein","publisher":{"@id":"https:\/\/skyline-gs.com\/it\/#organization"},"alternateName":"Skyline","potentialAction":[{"@type":"SearchAction","target":{"@type":"EntryPoint","urlTemplate":"https:\/\/skyline-gs.com\/it\/?s={search_term_string}"},"query-input":{"@type":"PropertyValueSpecification","valueRequired":true,"valueName":"search_term_string"}}],"inLanguage":"hu"},{"@type":"Organization","@id":"https:\/\/skyline-gs.com\/it\/#organization","name":"Skyline T\u00far\u00e1k","alternateName":"\u042d\u043a\u0441\u043a\u0443\u0440\u0441\u0438\u0438 Skyline","url":"https:\/\/skyline-gs.com\/it\/","logo":{"@type":"ImageObject","inLanguage":"hu","@id":"https:\/\/skyline-gs.com\/it\/#\/schema\/logo\/image\/","url":"https:\/\/skyline-gs.com\/wp-content\/uploads\/2020\/12\/cropped-logo-2.png","contentUrl":"https:\/\/skyline-gs.com\/wp-content\/uploads\/2020\/12\/cropped-logo-2.png","width":512,"height":512,"caption":"\u042d\u043a\u0441\u043a\u0443\u0440\u0441\u0438\u0438 Skyline"},"image":{"@id":"https:\/\/skyline-gs.com\/it\/#\/schema\/logo\/image\/"},"sameAs":["https:\/\/www.instagram.com\/skylineglobalservice\/"]}]}},"_links":{"self":[{"href":"https:\/\/skyline-gs.com\/hu\/wp-json\/wp\/v2\/product\/60982","targetHints":{"allow":["GET"]}}],"collection":[{"href":"https:\/\/skyline-gs.com\/hu\/wp-json\/wp\/v2\/product"}],"about":[{"href":"https:\/\/skyline-gs.com\/hu\/wp-json\/wp\/v2\/types\/product"}],"version-history":[{"count":0,"href":"https:\/\/skyline-gs.com\/hu\/wp-json\/wp\/v2\/product\/60982\/revisions"}],"wp:featuredmedia":[{"embeddable":true,"href":"https:\/\/skyline-gs.com\/hu\/wp-json\/wp\/v2\/media\/60992"}],"wp:attachment":[{"href":"https:\/\/skyline-gs.com\/hu\/wp-json\/wp\/v2\/media?parent=60982"}],"wp:term":[{"taxonomy":"product_brand","embeddable":true,"href":"https:\/\/skyline-gs.com\/hu\/wp-json\/wp\/v2\/product_brand?post=60982"},{"taxonomy":"product_cat","embeddable":true,"href":"https:\/\/skyline-gs.com\/hu\/wp-json\/wp\/v2\/product_cat?post=60982"},{"taxonomy":"product_tag","embeddable":true,"href":"https:\/\/skyline-gs.com\/hu\/wp-json\/wp\/v2\/product_tag?post=60982"}],"curies":[{"name":"wp","href":"https:\/\/api.w.org\/{rel}","templated":true}]}}