{"id":60833,"date":"2025-01-06T20:22:05","date_gmt":"2025-01-06T18:22:05","guid":{"rendered":"http:\/\/skyline-gs.com\/?post_type=product&#038;p=60833"},"modified":"2025-01-06T21:09:17","modified_gmt":"2025-01-06T19:09:17","slug":"ch-chi-mekong-saigon-2","status":"publish","type":"product","link":"https:\/\/skyline-gs.com\/hu\/product\/ch-chi-mekong-saigon\/","title":{"rendered":"Szem\u00e9lyre szabott t\u00fara: Cu Chi alagutak \u00e9s a Mekong foly\u00f3"},"content":{"rendered":"<p><strong>Kezdje a napot azzal, hogy elmer\u00fcl Vietn\u00e1m t\u00f6rt\u00e9nelm\u00e9ben.<\/strong>, l\u00e1togasson el a h\u00edres Cu Chi alagutakhoz. Ezt a leny\u0171g\u00f6z\u0151, t\u00f6bb mint 250 km hossz\u00fa f\u00f6ldalatti h\u00e1l\u00f3zatot a h\u00e1bor\u00fa alatt mened\u00e9knek, t\u00e1mad\u00e1si taktik\u00e1nak \u00e9s v\u00e9delemnek haszn\u00e1lt\u00e1k. L\u00e1thatod, hogyan \u00e9ltek t\u00fal az emberek ilyen k\u00f6r\u00fclm\u00e9nyek k\u00f6z\u00f6tt, hogyan k\u00e9sz\u00edtett\u00e9k el az \u00e9lelmet \u00e9s hogyan szervezt\u00e9k meg az \u00e9letet a f\u00f6ld alatt. Aki szeretn\u00e9, kipr\u00f3b\u00e1lhatja a tr\u00f3feafegyverekkel val\u00f3 l\u00f6v\u00f6ld\u00f6z\u00e9st, \u00e1t\u00e9rezve a harc adrenalinj\u00e1t.<\/p>\n<p>A t\u00f6rt\u00e9nelem felfedez\u00e9se ut\u00e1n a Mekong-delt\u00e1ba, a vietnami vid\u00e9ki \u00e9let b\u00f6lcs\u0151j\u00e9be utazik. Itt <strong>haj\u00f3kir\u00e1ndul\u00e1s a fest\u0151i csatorn\u00e1kon<\/strong>, L\u00e1togat\u00e1s egy hagyom\u00e1nyos gy\u00fcm\u00f6lcs\u00f6sben, amelyet buja z\u00f6ldell\u0151 n\u00f6v\u00e9nyzet vesz k\u00f6r\u00fcl, \u00e9s l\u00e1togat\u00e1s egy hagyom\u00e1nyos gy\u00fcm\u00f6lcs\u00f6sben, ahol tr\u00f3pusi \u00edzeket \u00e9lvezhet. A m\u00e9h\u00e9szetben m\u00e9zes italokat k\u00edn\u00e1lnak, a hagyom\u00e1nyos zen\u00e9szek pedig felejthetetlen el\u0151ad\u00e1st tartanak. Ne hagyja ki a lehet\u0151s\u00e9get, hogy ell\u00e1togasson a k\u00e9zm\u0171vesek sziget\u00e9re, ahol k\u00f3kuszdi\u00f3b\u00f3l, b\u0151rb\u0151l \u00e9s rizsb\u0151l k\u00e9sz\u00fclt egyedi term\u00e9keket k\u00e9sz\u00edtenek. Lehet\u0151s\u00e9ge lesz megn\u00e9zni a k\u00e9sz\u00edt\u00e9s teljes folyamat\u00e1t, valamint eml\u00e9kt\u00e1rgyakat v\u00e1s\u00e1rolhat szuven\u00edrk\u00e9nt.<\/p>\n<p><strong>8:00 - Indul\u00e1s a sz\u00e1lloda hallj\u00e1b\u00f3l.<\/strong><\/p>\n<ul>\n<li><strong>8:00 \u2014 09:00:<\/strong> Transzfer a h\u00edres Cu Chi alagutakhoz.<\/li>\n<li><strong>9:00 \u2014 11:00:<\/strong> T\u00fara a Cu Chi alagutakban. Ez egy t\u00f6bb mint 250 km hossz\u00fa f\u00f6ldalatti folyos\u00f3h\u00e1l\u00f3zat, amelyet a vietn\u00e1mi h\u00e1bor\u00fa idej\u00e9n haszn\u00e1ltak v\u00e9delemre \u00e9s t\u00e1mad\u00e1sokra. L\u00e1thatja, milyen volt az \u00e9let a h\u00e1bor\u00fas k\u00f6r\u00fclm\u00e9nyek k\u00f6z\u00f6tt, valamint kipr\u00f3b\u00e1lhatja a l\u00f6v\u00e9szetet tr\u00f3feafegyverekkel (fakultat\u00edv, fel\u00e1r ellen\u00e9ben: AK-47, M-16, M-60).<\/li>\n<li><strong>11:00 \u2014 12:30:<\/strong> Transzfer a Mekong foly\u00f3hoz.<\/li>\n<li><strong>12:30 \u2014 13:00:<\/strong> Eb\u00e9d az \u00e9tteremben.<\/li>\n<li><strong>13:00 \u2014 15:00:<\/strong> Mekong-delta t\u00fara:\n<ul>\n<li>Cs\u00f3nak\u00e1z\u00e1s a foly\u00f3 fest\u0151i v\u00edzi \u00fatjain.<\/li>\n<li>L\u00e1togat\u00e1s a gy\u00fcm\u00f6lcs\u00f6sben \u00e9s a m\u00e9h\u00e9szetben, m\u00e9zes italok k\u00f3stol\u00e1sa.<\/li>\n<li>N\u00e9pdalokat el\u0151ad\u00f3 zen\u00e9szek egyed\u00fcl\u00e1ll\u00f3 el\u0151ad\u00e1sa.<\/li>\n<li>S\u00e9ta egy falusi utc\u00e1n egy lovaskocsin.<\/li>\n<li>Navig\u00e1l\u00e1s egy f\u00e1b\u00f3l k\u00e9sz\u00fclt cs\u00f3nakkal a sz\u0171k csatorn\u00e1kon.<\/li>\n<li>L\u00e1togat\u00e1s egy hal\u00e1szfaluban, ismerked\u00e9s a helyi \u00e9lettel.<\/li>\n<li>A k\u00e9zm\u0171vesek szigete: k\u00f3kuszcukork\u00e1k, rizss\u00fctem\u00e9nyek, aj\u00e1nd\u00e9kt\u00e1rgyak \u00e9s krokodilb\u0151rb\u0151l k\u00e9sz\u00fclt term\u00e9kek k\u00e9sz\u00edt\u00e9se.<\/li>\n<\/ul>\n<\/li>\n<\/ul>\n<p><strong>16:00 - Visszat\u00e9r\u00e9s a sz\u00e1llod\u00e1ba.<\/strong><\/p>\n<p><strong>Tartalmazza:<\/strong><\/p>\n<ul>\n<li>Transzfer a sz\u00e1llod\u00e1b\u00f3l \u00e9s vissza<\/li>\n<li>Eb\u00e9d<\/li>\n<li>Magyarul besz\u00e9l\u0151 idegenvezet\u0151<\/li>\n<li>Minden bel\u00e9p\u0151jegy<\/li>\n<li>Haj\u00f3kir\u00e1ndul\u00e1s a Mekong foly\u00f3n<\/li>\n<\/ul>\n<p><strong>Nem tartalmazza:<\/strong><\/p>\n<ul>\n<li>L\u00f6v\u00e9szet tr\u00f3feafegyverekkel (fakultat\u00edv, fel\u00e1r ellen\u00e9ben: AK-47, M-16, M-60)<\/li>\n<\/ul>\n<p><strong>Vigy\u00e9l magaddal:<\/strong><\/p>\n<ul>\n<li>V\u00edz<\/li>\n<li>K\u00e9nyelmes ruh\u00e1k<\/li>\n<li>kamera<\/li>\n<li>P\u00e9nz szem\u00e9lyes kiad\u00e1sokra<\/li>\n<\/ul>","protected":false},"excerpt":{"rendered":"<p><strong>Kir\u00e1ndul\u00e1s Id\u0151pontja:<\/strong> 8:00 \u2014 16:00<\/p>\n<p><strong>A Kir\u00e1ndul\u00e1s Napjai:<\/strong> Napi<\/p>","protected":false},"featured_media":59264,"template":"","meta":{"_kad_post_transparent":"default","_kad_post_title":"","_kad_post_layout":"default","_kad_post_sidebar_id":"","_kad_post_content_style":"default","_kad_post_vertical_padding":"default","_kad_post_feature":"","_kad_post_feature_position":"","_kad_post_header":false,"_kad_post_footer":false,"_kad_post_classname":"","_glsr_average":0,"_glsr_ranking":0,"_glsr_reviews":0},"product_brand":[],"product_cat":[488],"product_tag":[],"class_list":{"0":"post-60833","1":"product","2":"type-product","3":"status-publish","4":"has-post-thumbnail","6":"product_cat-hochiminh","7":"tm-has-options","9":"first","10":"instock","11":"sold-individually","12":"taxable","13":"shipping-taxable","14":"purchasable","15":"product-type-simple","16":"entry","17":"content-bg","18":"loop-entry"},"yoast_head":"<!-- This site is optimized with the Yoast SEO plugin v27.4 - https:\/\/yoast.com\/product\/yoast-seo-wordpress\/ -->\n<title>\u0418\u043d\u0434\u0438\u0432\u0438\u0434\u0443\u0430\u043b\u044c\u043d\u044b \u0442\u0443\u0440: \u0422\u043e\u043d\u043d\u0435\u043b\u0438 \u041a\u0443 \u0427\u0438 \u0438 \u0440\u0435\u043a\u0430 \u041c\u0435\u043a\u043e\u043d\u0433 &#8226; \u042d\u043a\u0441\u043a\u0443\u0440\u0441\u0438\u0438 Skyline<\/title>\n<meta name=\"robots\" content=\"index, follow, max-snippet:-1, max-image-preview:large, max-video-preview:-1\" \/>\n<link rel=\"canonical\" href=\"https:\/\/skyline-gs.com\/hu\/termek\/ch-chi-mekong-saigon-2\/\" \/>\n<meta property=\"og:locale\" content=\"hu_HU\" \/>\n<meta property=\"og:type\" content=\"article\" \/>\n<meta property=\"og:title\" content=\"\u0418\u043d\u0434\u0438\u0432\u0438\u0434\u0443\u0430\u043b\u044c\u043d\u044b \u0442\u0443\u0440: \u0422\u043e\u043d\u043d\u0435\u043b\u0438 \u041a\u0443 \u0427\u0438 \u0438 \u0440\u0435\u043a\u0430 \u041c\u0435\u043a\u043e\u043d\u0433 &#8226; \u042d\u043a\u0441\u043a\u0443\u0440\u0441\u0438\u0438 Skyline\" \/>\n<meta property=\"og:description\" content=\"\u0412\u0440\u0435\u043c\u044f \u0442\u0443\u0440\u0430: 8:00 - 16:00  \u0414\u043d\u0438 \u043f\u0440\u043e\u0432\u0435\u0434\u0435\u043d\u0438\u044f: \u0415\u0436\u0435\u0434\u043d\u0435\u0432\u043d\u043e\" \/>\n<meta property=\"og:url\" content=\"https:\/\/skyline-gs.com\/hu\/termek\/ch-chi-mekong-saigon-2\/\" \/>\n<meta property=\"og:site_name\" content=\"\u042d\u043a\u0441\u043a\u0443\u0440\u0441\u0438\u0438 Skyline\" \/>\n<meta property=\"article:modified_time\" content=\"2025-01-06T19:09:17+00:00\" \/>\n<meta property=\"og:image\" content=\"https:\/\/skyline-gs.com\/wp-content\/uploads\/2024\/11\/7b-2.jpg\" \/>\n\t<meta property=\"og:image:width\" content=\"669\" \/>\n\t<meta property=\"og:image:height\" content=\"446\" \/>\n\t<meta property=\"og:image:type\" content=\"image\/jpeg\" \/>\n<meta name=\"twitter:card\" content=\"summary_large_image\" \/>\n<meta name=\"twitter:label1\" content=\"Becs\u00fclt olvas\u00e1si id\u0151\" \/>\n\t<meta name=\"twitter:data1\" content=\"2 perc\" \/>\n<script type=\"application\/ld+json\" class=\"yoast-schema-graph\">{\"@context\":\"https:\\\/\\\/schema.org\",\"@graph\":[{\"@type\":\"WebPage\",\"@id\":\"https:\\\/\\\/skyline-gs.com\\\/it\\\/prodotto\\\/ch-chi-mekong-saigon\\\/\",\"url\":\"https:\\\/\\\/skyline-gs.com\\\/it\\\/prodotto\\\/ch-chi-mekong-saigon\\\/\",\"name\":\"\u0418\u043d\u0434\u0438\u0432\u0438\u0434\u0443\u0430\u043b\u044c\u043d\u044b \u0442\u0443\u0440: \u0422\u043e\u043d\u043d\u0435\u043b\u0438 \u041a\u0443 \u0427\u0438 \u0438 \u0440\u0435\u043a\u0430 \u041c\u0435\u043a\u043e\u043d\u0433 &#8226; \u042d\u043a\u0441\u043a\u0443\u0440\u0441\u0438\u0438 Skyline\",\"isPartOf\":{\"@id\":\"https:\\\/\\\/skyline-gs.com\\\/it\\\/#website\"},\"primaryImageOfPage\":{\"@id\":\"https:\\\/\\\/skyline-gs.com\\\/it\\\/prodotto\\\/ch-chi-mekong-saigon\\\/#primaryimage\"},\"image\":{\"@id\":\"https:\\\/\\\/skyline-gs.com\\\/it\\\/prodotto\\\/ch-chi-mekong-saigon\\\/#primaryimage\"},\"thumbnailUrl\":\"https:\\\/\\\/skyline-gs.com\\\/wp-content\\\/uploads\\\/2024\\\/11\\\/7b-2.jpg\",\"datePublished\":\"2025-01-06T18:22:05+00:00\",\"dateModified\":\"2025-01-06T19:09:17+00:00\",\"breadcrumb\":{\"@id\":\"https:\\\/\\\/skyline-gs.com\\\/it\\\/prodotto\\\/ch-chi-mekong-saigon\\\/#breadcrumb\"},\"inLanguage\":\"hu\",\"potentialAction\":[{\"@type\":\"ReadAction\",\"target\":[\"https:\\\/\\\/skyline-gs.com\\\/it\\\/prodotto\\\/ch-chi-mekong-saigon\\\/\"]}]},{\"@type\":\"ImageObject\",\"inLanguage\":\"hu\",\"@id\":\"https:\\\/\\\/skyline-gs.com\\\/it\\\/prodotto\\\/ch-chi-mekong-saigon\\\/#primaryimage\",\"url\":\"https:\\\/\\\/skyline-gs.com\\\/wp-content\\\/uploads\\\/2024\\\/11\\\/7b-2.jpg\",\"contentUrl\":\"https:\\\/\\\/skyline-gs.com\\\/wp-content\\\/uploads\\\/2024\\\/11\\\/7b-2.jpg\",\"width\":669,\"height\":446},{\"@type\":\"BreadcrumbList\",\"@id\":\"https:\\\/\\\/skyline-gs.com\\\/it\\\/prodotto\\\/ch-chi-mekong-saigon\\\/#breadcrumb\",\"itemListElement\":[{\"@type\":\"ListItem\",\"position\":1,\"name\":\"\u0413\u043b\u0430\u0432\u043d\u0430\u044f \u0441\u0442\u0440\u0430\u043d\u0438\u0446\u0430\",\"item\":\"https:\\\/\\\/skyline-gs.com\\\/hu\\\/\"},{\"@type\":\"ListItem\",\"position\":2,\"name\":\"\u041c\u0430\u0433\u0430\u0437\u0438\u043d\",\"item\":\"https:\\\/\\\/skyline-gs.com\\\/cs\\\/shop\\\/\"},{\"@type\":\"ListItem\",\"position\":3,\"name\":\"\u0418\u043d\u0434\u0438\u0432\u0438\u0434\u0443\u0430\u043b\u044c\u043d\u044b \u0442\u0443\u0440: \u0422\u043e\u043d\u043d\u0435\u043b\u0438 \u041a\u0443 \u0427\u0438 \u0438 \u0440\u0435\u043a\u0430 \u041c\u0435\u043a\u043e\u043d\u0433\"}]},{\"@type\":\"WebSite\",\"@id\":\"https:\\\/\\\/skyline-gs.com\\\/it\\\/#website\",\"url\":\"https:\\\/\\\/skyline-gs.com\\\/it\\\/\",\"name\":\"\u042d\u043a\u0441\u043a\u0443\u0440\u0441\u0438\u0438 Skyline\",\"description\":\"\u042d\u043a\u0441\u043a\u043b\u044e\u0437\u0438\u0432\u043d\u044b\u0435 \u044d\u043a\u0441\u043a\u0443\u0440\u0441\u0438\u0438 \u043d\u0430 \u043b\u0443\u0447\u0448\u0438\u0445 \u043a\u0443\u0440\u043e\u0440\u0442\u0430\u0445 \u043c\u0438\u0440\u0430\",\"publisher\":{\"@id\":\"https:\\\/\\\/skyline-gs.com\\\/it\\\/#organization\"},\"alternateName\":\"Skyline\",\"potentialAction\":[{\"@type\":\"SearchAction\",\"target\":{\"@type\":\"EntryPoint\",\"urlTemplate\":\"https:\\\/\\\/skyline-gs.com\\\/it\\\/?s={search_term_string}\"},\"query-input\":{\"@type\":\"PropertyValueSpecification\",\"valueRequired\":true,\"valueName\":\"search_term_string\"}}],\"inLanguage\":\"hu\"},{\"@type\":\"Organization\",\"@id\":\"https:\\\/\\\/skyline-gs.com\\\/it\\\/#organization\",\"name\":\"\u042d\u043a\u0441\u043a\u0443\u0440\u0441\u0438\u0438 Skyline\",\"alternateName\":\"\u042d\u043a\u0441\u043a\u0443\u0440\u0441\u0438\u0438 Skyline\",\"url\":\"https:\\\/\\\/skyline-gs.com\\\/it\\\/\",\"logo\":{\"@type\":\"ImageObject\",\"inLanguage\":\"hu\",\"@id\":\"https:\\\/\\\/skyline-gs.com\\\/it\\\/#\\\/schema\\\/logo\\\/image\\\/\",\"url\":\"https:\\\/\\\/skyline-gs.com\\\/wp-content\\\/uploads\\\/2020\\\/12\\\/cropped-logo-2.png\",\"contentUrl\":\"https:\\\/\\\/skyline-gs.com\\\/wp-content\\\/uploads\\\/2020\\\/12\\\/cropped-logo-2.png\",\"width\":512,\"height\":512,\"caption\":\"\u042d\u043a\u0441\u043a\u0443\u0440\u0441\u0438\u0438 Skyline\"},\"image\":{\"@id\":\"https:\\\/\\\/skyline-gs.com\\\/it\\\/#\\\/schema\\\/logo\\\/image\\\/\"},\"sameAs\":[\"https:\\\/\\\/www.instagram.com\\\/skylineglobalservice\\\/\"]}]}<\/script>\n<!-- \/ Yoast SEO plugin. -->","yoast_head_json":{"title":"Szem\u00e9lyre szabott t\u00fara: Cu Chi alagutak \u00e9s a Mekong foly\u00f3 - Skyline Tours","robots":{"index":"index","follow":"follow","max-snippet":"max-snippet:-1","max-image-preview":"max-image-preview:large","max-video-preview":"max-video-preview:-1"},"canonical":"https:\/\/skyline-gs.com\/hu\/termek\/ch-chi-mekong-saigon-2\/","og_locale":"hu_HU","og_type":"article","og_title":"\u0418\u043d\u0434\u0438\u0432\u0438\u0434\u0443\u0430\u043b\u044c\u043d\u044b \u0442\u0443\u0440: \u0422\u043e\u043d\u043d\u0435\u043b\u0438 \u041a\u0443 \u0427\u0438 \u0438 \u0440\u0435\u043a\u0430 \u041c\u0435\u043a\u043e\u043d\u0433 &#8226; \u042d\u043a\u0441\u043a\u0443\u0440\u0441\u0438\u0438 Skyline","og_description":"\u0412\u0440\u0435\u043c\u044f \u0442\u0443\u0440\u0430: 8:00 - 16:00  \u0414\u043d\u0438 \u043f\u0440\u043e\u0432\u0435\u0434\u0435\u043d\u0438\u044f: \u0415\u0436\u0435\u0434\u043d\u0435\u0432\u043d\u043e","og_url":"https:\/\/skyline-gs.com\/hu\/termek\/ch-chi-mekong-saigon-2\/","og_site_name":"\u042d\u043a\u0441\u043a\u0443\u0440\u0441\u0438\u0438 Skyline","article_modified_time":"2025-01-06T19:09:17+00:00","og_image":[{"width":669,"height":446,"url":"https:\/\/skyline-gs.com\/wp-content\/uploads\/2024\/11\/7b-2.jpg","type":"image\/jpeg"}],"twitter_card":"summary_large_image","twitter_misc":{"Becs\u00fclt olvas\u00e1si id\u0151":"2 perc"},"schema":{"@context":"https:\/\/schema.org","@graph":[{"@type":"WebPage","@id":"https:\/\/skyline-gs.com\/it\/prodotto\/ch-chi-mekong-saigon\/","url":"https:\/\/skyline-gs.com\/it\/prodotto\/ch-chi-mekong-saigon\/","name":"Szem\u00e9lyre szabott t\u00fara: Cu Chi alagutak \u00e9s a Mekong foly\u00f3 - Skyline Tours","isPartOf":{"@id":"https:\/\/skyline-gs.com\/it\/#website"},"primaryImageOfPage":{"@id":"https:\/\/skyline-gs.com\/it\/prodotto\/ch-chi-mekong-saigon\/#primaryimage"},"image":{"@id":"https:\/\/skyline-gs.com\/it\/prodotto\/ch-chi-mekong-saigon\/#primaryimage"},"thumbnailUrl":"https:\/\/skyline-gs.com\/wp-content\/uploads\/2024\/11\/7b-2.jpg","datePublished":"2025-01-06T18:22:05+00:00","dateModified":"2025-01-06T19:09:17+00:00","breadcrumb":{"@id":"https:\/\/skyline-gs.com\/it\/prodotto\/ch-chi-mekong-saigon\/#breadcrumb"},"inLanguage":"hu","potentialAction":[{"@type":"ReadAction","target":["https:\/\/skyline-gs.com\/it\/prodotto\/ch-chi-mekong-saigon\/"]}]},{"@type":"ImageObject","inLanguage":"hu","@id":"https:\/\/skyline-gs.com\/it\/prodotto\/ch-chi-mekong-saigon\/#primaryimage","url":"https:\/\/skyline-gs.com\/wp-content\/uploads\/2024\/11\/7b-2.jpg","contentUrl":"https:\/\/skyline-gs.com\/wp-content\/uploads\/2024\/11\/7b-2.jpg","width":669,"height":446},{"@type":"BreadcrumbList","@id":"https:\/\/skyline-gs.com\/it\/prodotto\/ch-chi-mekong-saigon\/#breadcrumb","itemListElement":[{"@type":"ListItem","position":1,"name":"\u0413\u043b\u0430\u0432\u043d\u0430\u044f \u0441\u0442\u0440\u0430\u043d\u0438\u0446\u0430","item":"https:\/\/skyline-gs.com\/hu\/"},{"@type":"ListItem","position":2,"name":"\u041c\u0430\u0433\u0430\u0437\u0438\u043d","item":"https:\/\/skyline-gs.com\/cs\/shop\/"},{"@type":"ListItem","position":3,"name":"\u0418\u043d\u0434\u0438\u0432\u0438\u0434\u0443\u0430\u043b\u044c\u043d\u044b \u0442\u0443\u0440: \u0422\u043e\u043d\u043d\u0435\u043b\u0438 \u041a\u0443 \u0427\u0438 \u0438 \u0440\u0435\u043a\u0430 \u041c\u0435\u043a\u043e\u043d\u0433"}]},{"@type":"WebSite","@id":"https:\/\/skyline-gs.com\/it\/#website","url":"https:\/\/skyline-gs.com\/it\/","name":"Skyline T\u00far\u00e1k","description":"Exkluz\u00edv kir\u00e1ndul\u00e1sok a vil\u00e1g legjobb \u00fcd\u00fcl\u0151helyein","publisher":{"@id":"https:\/\/skyline-gs.com\/it\/#organization"},"alternateName":"Skyline","potentialAction":[{"@type":"SearchAction","target":{"@type":"EntryPoint","urlTemplate":"https:\/\/skyline-gs.com\/it\/?s={search_term_string}"},"query-input":{"@type":"PropertyValueSpecification","valueRequired":true,"valueName":"search_term_string"}}],"inLanguage":"hu"},{"@type":"Organization","@id":"https:\/\/skyline-gs.com\/it\/#organization","name":"Skyline T\u00far\u00e1k","alternateName":"\u042d\u043a\u0441\u043a\u0443\u0440\u0441\u0438\u0438 Skyline","url":"https:\/\/skyline-gs.com\/it\/","logo":{"@type":"ImageObject","inLanguage":"hu","@id":"https:\/\/skyline-gs.com\/it\/#\/schema\/logo\/image\/","url":"https:\/\/skyline-gs.com\/wp-content\/uploads\/2020\/12\/cropped-logo-2.png","contentUrl":"https:\/\/skyline-gs.com\/wp-content\/uploads\/2020\/12\/cropped-logo-2.png","width":512,"height":512,"caption":"\u042d\u043a\u0441\u043a\u0443\u0440\u0441\u0438\u0438 Skyline"},"image":{"@id":"https:\/\/skyline-gs.com\/it\/#\/schema\/logo\/image\/"},"sameAs":["https:\/\/www.instagram.com\/skylineglobalservice\/"]}]}},"_links":{"self":[{"href":"https:\/\/skyline-gs.com\/hu\/wp-json\/wp\/v2\/product\/60833","targetHints":{"allow":["GET"]}}],"collection":[{"href":"https:\/\/skyline-gs.com\/hu\/wp-json\/wp\/v2\/product"}],"about":[{"href":"https:\/\/skyline-gs.com\/hu\/wp-json\/wp\/v2\/types\/product"}],"version-history":[{"count":0,"href":"https:\/\/skyline-gs.com\/hu\/wp-json\/wp\/v2\/product\/60833\/revisions"}],"wp:featuredmedia":[{"embeddable":true,"href":"https:\/\/skyline-gs.com\/hu\/wp-json\/wp\/v2\/media\/59264"}],"wp:attachment":[{"href":"https:\/\/skyline-gs.com\/hu\/wp-json\/wp\/v2\/media?parent=60833"}],"wp:term":[{"taxonomy":"product_brand","embeddable":true,"href":"https:\/\/skyline-gs.com\/hu\/wp-json\/wp\/v2\/product_brand?post=60833"},{"taxonomy":"product_cat","embeddable":true,"href":"https:\/\/skyline-gs.com\/hu\/wp-json\/wp\/v2\/product_cat?post=60833"},{"taxonomy":"product_tag","embeddable":true,"href":"https:\/\/skyline-gs.com\/hu\/wp-json\/wp\/v2\/product_tag?post=60833"}],"curies":[{"name":"wp","href":"https:\/\/api.w.org\/{rel}","templated":true}]}}