{"id":59257,"date":"2024-11-17T20:12:50","date_gmt":"2024-11-17T18:12:50","guid":{"rendered":"http:\/\/skyline-gs.com\/?post_type=product&#038;p=59257"},"modified":"2025-04-10T10:04:13","modified_gmt":"2025-04-10T08:04:13","slug":"saigon-and-mekon-nhatrang","status":"publish","type":"product","link":"https:\/\/skyline-gs.com\/hu\/product\/saigon-and-mekon-nhatrang\/","title":{"rendered":"Saigon \u00e9s Mekong 1 nap (VIP cs\u00faszdabusz)"},"content":{"rendered":"<p>\u0412 \u044d\u0442\u043e\u043c \u0442\u0443\u0440\u0435 \u0432\u044b \u043e\u0442\u043a\u0440\u043e\u0435\u0442\u0435 \u0434\u043b\u044f \u0441\u0435\u0431\u044f \u043d\u0435 \u0442\u043e\u043b\u044c\u043a\u043e \u0433\u043b\u0430\u0432\u043d\u044b\u0435 \u0434\u043e\u0441\u0442\u043e\u043f\u0440\u0438\u043c\u0435\u0447\u0430\u0442\u0435\u043b\u044c\u043d\u043e\u0441\u0442\u0438 \u0425\u043e\u0448\u0438\u043c\u0438\u043d\u0430, \u043d\u043e \u0438 \u0443\u043d\u0438\u043a\u0430\u043b\u044c\u043d\u044b\u0439 \u0440\u0435\u0433\u0438\u043e\u043d \u2014 \u0414\u0435\u043b\u044c\u0442\u0443 \u0440\u0435\u043a\u0438 \u041c\u0435\u043a\u043e\u043d\u0433. \u042d\u0442\u043e \u0436\u0438\u0432\u043e\u043f\u0438\u0441\u043d\u0430\u044f \u0447\u0430\u0441\u0442\u044c \u0412\u044c\u0435\u0442\u043d\u0430\u043c\u0430, \u043f\u043e\u043b\u043d\u0430\u044f \u0442\u0440\u043e\u043f\u0438\u0447\u0435\u0441\u043a\u0438\u0445 \u043f\u0435\u0439\u0437\u0430\u0436\u0435\u0439, \u0430\u0443\u0442\u0435\u043d\u0442\u0438\u0447\u043d\u044b\u0445 \u0434\u0435\u0440\u0435\u0432\u0435\u043d\u044c \u0438 \u0434\u0440\u0435\u0432\u043d\u0438\u0445 \u0442\u0440\u0430\u0434\u0438\u0446\u0438\u0439. \u041f\u0440\u043e\u0433\u0443\u043b\u043a\u0430 \u043f\u043e \u041c\u0435\u043a\u043e\u043d\u0433\u0443 \u0438 \u0437\u043d\u0430\u043a\u043e\u043c\u0441\u0442\u0432\u043e \u0441 \u043c\u0435\u0441\u0442\u043d\u043e\u0439 \u043a\u0443\u043b\u044c\u0442\u0443\u0440\u043e\u0439 \u043f\u043e\u0434\u0430\u0440\u0438\u0442 \u043d\u0435\u0437\u0430\u0431\u044b\u0432\u0430\u0435\u043c\u044b\u0435 \u0432\u043f\u0435\u0447\u0430\u0442\u043b\u0435\u043d\u0438\u044f.<\/p>\n<p><strong>\u0414\u0435\u043d\u044c 1 \u2014 \u041e\u0442\u043f\u0440\u0430\u0432\u043b\u0435\u043d\u0438\u0435 \u0432 \u0425\u043e\u0448\u0438\u043c\u0438\u043d:<\/strong><\/p>\n<ul>\n<li><strong>21:00 &#8212; 21:30:<\/strong> \u0422\u0440\u0430\u043d\u0441\u0444\u0435\u0440 \u0438\u0437 \u043e\u0442\u0435\u043b\u044f \u0438 \u043f\u043e\u0441\u0430\u0434\u043a\u0430 \u0432 VIP \u0441\u043b\u0438\u043f\u0431\u0430\u0441 (\u0441\u043f\u0430\u043b\u044c\u043d\u044b\u0439 \u0430\u0432\u0442\u043e\u0431\u0443\u0441 \u043a\u0430\u043f\u0441\u0443\u043b\u044c\u043d\u043e\u0433\u043e \u0442\u0438\u043f\u0430) \u0434\u043b\u044f \u043d\u043e\u0447\u043d\u043e\u0433\u043e \u043f\u0443\u0442\u0435\u0448\u0435\u0441\u0442\u0432\u0438\u044f \u0432 \u0425\u043e\u0448\u0438\u043c\u0438\u043d. \u041d\u0430 \u0431\u043e\u0440\u0442\u0443 \u2014 Wi-Fi, TV, \u0432\u043e\u0434\u0430 \u0438 \u043f\u043b\u0435\u0434.<\/li>\n<\/ul>\n<p><strong>\u0414\u0435\u043d\u044c 2 \u2014 \u0425\u043e\u0448\u0438\u043c\u0438\u043d \u0438 \u0414\u0435\u043b\u044c\u0442\u0430 \u0440\u0435\u043a\u0438 \u041c\u0435\u043a\u043e\u043d\u0433:<\/strong><\/p>\n<ul>\n<li><strong>06:00 &#8212; 06:20:<\/strong> \u041f\u0440\u0438\u0431\u044b\u0442\u0438\u0435 \u0432 \u0425\u043e\u0448\u0438\u043c\u0438\u043d, \u0432\u0441\u0442\u0440\u0435\u0447\u0430 \u0441 \u0433\u0438\u0434\u043e\u043c.<\/li>\n<li><strong>07:00 &#8212; 07:45:<\/strong> \u0417\u0430\u0432\u0442\u0440\u0430\u043a \u0432 \u0440\u0435\u0441\u0442\u043e\u0440\u0430\u043d\u0435 (\u0448\u0432\u0435\u0434\u0441\u043a\u0438\u0439 \u0441\u0442\u043e\u043b).<\/li>\n<li><strong>08:00 &#8212; 09:00:<\/strong> \u041f\u0435\u0440\u0435\u0435\u0437\u0434 \u0432 \u0414\u0435\u043b\u044c\u0442\u0443 \u0440\u0435\u043a\u0438 \u041c\u0435\u043a\u043e\u043d\u0433.<\/li>\n<li><strong>09:00 &#8212; 11:00:<\/strong> Mekong-delta t\u00fara:\n<ul>\n<li>Cs\u00f3nak\u00e1z\u00e1s a foly\u00f3 fest\u0151i v\u00edzi \u00fatjain.<\/li>\n<li>L\u00e1togat\u00e1s a gy\u00fcm\u00f6lcs\u00f6sben \u00e9s a m\u00e9h\u00e9szetben, m\u00e9zes italok k\u00f3stol\u00e1sa.<\/li>\n<li>N\u00e9pdalokat el\u0151ad\u00f3 zen\u00e9szek egyed\u00fcl\u00e1ll\u00f3 el\u0151ad\u00e1sa.<\/li>\n<li>S\u00e9ta egy falusi utc\u00e1n egy lovaskocsin.<\/li>\n<li>Navig\u00e1l\u00e1s egy f\u00e1b\u00f3l k\u00e9sz\u00fclt cs\u00f3nakkal a sz\u0171k csatorn\u00e1kon.<\/li>\n<li>L\u00e1togat\u00e1s egy hal\u00e1szfaluban, ismerked\u00e9s a helyi \u00e9lettel.<\/li>\n<li>A k\u00e9zm\u0171vesek szigete: k\u00f3kuszcukork\u00e1k, rizss\u00fctem\u00e9nyek, aj\u00e1nd\u00e9kt\u00e1rgyak \u00e9s krokodilb\u0151rb\u0151l k\u00e9sz\u00fclt term\u00e9kek k\u00e9sz\u00edt\u00e9se.<\/li>\n<\/ul>\n<\/li>\n<li><strong>11:00 \u2014 12:30:<\/strong> \u0412\u043e\u0437\u0432\u0440\u0430\u0449\u0435\u043d\u0438\u0435 \u0432 \u0421\u0430\u0439\u0433\u043e\u043d (\u0425\u043e\u0448\u0438\u043c\u0438\u043d).<\/li>\n<li><strong>12:30 \u2014 13:00:<\/strong> Eb\u00e9d az \u00e9tteremben.<\/li>\n<li><strong>13:00 \u2014 15:30:<\/strong> Ho Si Minh-v\u00e1ros v\u00e1rosn\u00e9z\u00e9s:\n<ul>\n<li><strong>H\u00e1bor\u00fas B\u0171n\u00f6k M\u00fazeuma<\/strong> \u2014 \u0432\u0430\u0436\u043d\u044b\u0439 \u0438\u0441\u0442\u043e\u0440\u0438\u0447\u0435\u0441\u043a\u0438\u0439 \u0446\u0435\u043d\u0442\u0440.<\/li>\n<li><strong>Notre Dame de Saigon katedr\u00e1lis<\/strong> \u2014 \u043a\u0440\u0430\u0441\u0438\u0432\u043e\u0435 \u0430\u0440\u0445\u0438\u0442\u0435\u043a\u0442\u0443\u0440\u043d\u043e\u0435 \u0441\u043e\u043e\u0440\u0443\u0436\u0435\u043d\u0438\u0435.<\/li>\n<li><strong>\u00c1ltal\u00e1nos posta<\/strong> - Gustave Eiffel tervezte.<\/li>\n<li><strong>\u041f\u0430\u0433\u043e\u0434\u0430 \u0412\u0438\u043d \u041d\u0433\u0438\u0435\u043c<\/strong> \u2014 \u0432\u0430\u0436\u043d\u044b\u0439 \u0440\u0435\u043b\u0438\u0433\u0438\u043e\u0437\u043d\u044b\u0439 \u043f\u0430\u043c\u044f\u0442\u043d\u0438\u043a.<\/li>\n<li><strong>K\u00f6zponti t\u00e9r, Ho Si Minh-eml\u00e9km\u0171<\/strong> \u2014 \u0441\u0438\u043c\u0432\u043e\u043b \u0433\u043e\u0440\u043e\u0434\u0430.<\/li>\n<li><strong>V\u00e1rosi \u00f6nkorm\u00e1nyzati \u00e9p\u00fclet<\/strong> \u0438 <strong>Dragon House Wharf\u00ab<\/strong> \u2014 \u0432\u0430\u0436\u043d\u044b\u0435 \u0430\u0440\u0445\u0438\u0442\u0435\u043a\u0442\u0443\u0440\u043d\u044b\u0435 \u043f\u0430\u043c\u044f\u0442\u043d\u0438\u043a\u0438.<\/li>\n<\/ul>\n<\/li>\n<li><strong>16:00 &#8212; 19:00:<\/strong> \u0421\u0432\u043e\u0431\u043e\u0434\u043d\u043e\u0435 \u0432\u0440\u0435\u043c\u044f \u0434\u043b\u044f \u043f\u043e\u043a\u0443\u043f\u043e\u043a \u043d\u0430 \u0446\u0435\u043d\u0442\u0440\u0430\u043b\u044c\u043d\u043e\u043c \u0440\u044b\u043d\u043a\u0435 \u0438\u043b\u0438 \u0432 \u0442\u043e\u0440\u0433\u043e\u0432\u044b\u0445 \u0446\u0435\u043d\u0442\u0440\u0430\u0445.<\/li>\n<li><strong>22:00:<\/strong> \u041e\u0442\u043f\u0440\u0430\u0432\u043b\u0435\u043d\u0438\u0435 \u0432 \u041d\u044f\u0447\u0430\u043d\u0433 \u043d\u0430 \u0441\u043f\u0430\u043b\u044c\u043d\u043e\u043c \u0430\u0432\u0442\u043e\u0431\u0443\u0441\u0435.<\/li>\n<\/ul>\n<p><strong>\u0414\u0435\u043d\u044c 3 \u2014 \u0412\u043e\u0437\u0432\u0440\u0430\u0449\u0435\u043d\u0438\u0435 \u0432 \u041d\u044f\u0447\u0430\u043d\u0433:<\/strong><\/p>\n<ul>\n<li><strong>\u0423\u0442\u0440\u043e:<\/strong> \u041f\u0440\u0438\u0431\u044b\u0442\u0438\u0435 \u0432 \u041d\u044f\u0447\u0430\u043d\u0433, \u0442\u0440\u0430\u043d\u0441\u0444\u0435\u0440 \u0432 \u0433\u043e\u0441\u0442\u0438\u043d\u0438\u0446\u0443.<\/li>\n<\/ul>\n<p><strong>Tartalmazza:<\/strong><\/p>\n<ul>\n<li>Transzfer a sz\u00e1llod\u00e1b\u00f3l \u00e9s vissza<\/li>\n<li>VIP \u0441\u043f\u0430\u043b\u044c\u043d\u044b\u0439 \u0430\u0432\u0442\u043e\u0431\u0443\u0441 (\u0441\u043b\u0438\u043f\u0431\u0430\u0441)<\/li>\n<li>Reggeli \u00e9s eb\u00e9d<\/li>\n<li>Magyarul besz\u00e9l\u0151 idegenvezet\u0151<\/li>\n<li>Minden bel\u00e9p\u0151jegy a program szerint<\/li>\n<\/ul>\n<p><strong>Nem tartalmazza:<\/strong><\/p>\n<ul>\n<li>Transzfer a v\u00e1roson k\u00edv\u00fcli sz\u00e1llod\u00e1kb\u00f3l:\u00a0<strong>Cam Ranh<\/strong>\u00a0- p\u00f3td\u00edj\u00a0<strong>+40$ j\u00e1rm\u0171venk\u00e9nt legfeljebb 6 f\u0151ig<\/strong>\u00a0oda-vissza \u00fat \u00e9s\u00a0<strong>+60$ j\u00e1rm\u0171venk\u00e9nt legfeljebb 10 f\u0151ig<\/strong>\u00a0mindk\u00e9t ir\u00e1nyban<\/li>\n<li>Transzfer a v\u00e1roson k\u00edv\u00fcli sz\u00e1llod\u00e1kb\u00f3l:\u00a0<strong>Amiana<\/strong>\u00a0- p\u00f3td\u00edj\u00a0<strong>+10$ j\u00e1rm\u0171venk\u00e9nt legfeljebb 6 f\u0151ig<\/strong>\u00a0oda-vissza \u00fat \u00e9s\u00a0<strong>+15$ j\u00e1rm\u0171venk\u00e9nt legfeljebb 10 f\u0151ig<\/strong>\u00a0mindk\u00e9t ir\u00e1nyban<\/li>\n<\/ul>\n<p><strong>Vigy\u00e9l magaddal:<\/strong><\/p>\n<ul>\n<li>K\u00e9nyelmes ruh\u00e1k<\/li>\n<li>\u0424\u043e\u0442\u043e\u0430\u043f\u043f\u0430\u0440\u0430\u0442 \u0438\u043b\u0438 \u0441\u043c\u0430\u0440\u0442\u0444\u043e\u043d \u0434\u043b\u044f \u0441\u043d\u0438\u043c\u043a\u043e\u0432<\/li>\n<li>\u041b\u0438\u0447\u043d\u044b\u0435 \u0441\u0440\u0435\u0434\u0441\u0442\u0432\u0430 \u0433\u0438\u0433\u0438\u0435\u043d\u044b<\/li>\n<li>\u0414\u0435\u043d\u044c\u0433\u0438 \u0434\u043b\u044f \u043f\u043e\u043a\u0443\u043f\u043e\u043a \u0438 \u043c\u0435\u043b\u043a\u0438\u0445 \u0440\u0430\u0441\u0445\u043e\u0434\u043e\u0432<\/li>\n<\/ul>","protected":false},"excerpt":{"rendered":"<p><strong>Id\u0151tartam:<\/strong> 1 nap<\/p>\n<p><strong>A Kir\u00e1ndul\u00e1s Napjai:<\/strong> Napi<\/p>","protected":false},"featured_media":59273,"template":"","meta":{"_kad_post_transparent":"default","_kad_post_title":"","_kad_post_layout":"default","_kad_post_sidebar_id":"","_kad_post_content_style":"default","_kad_post_vertical_padding":"default","_kad_post_feature":"","_kad_post_feature_position":"","_kad_post_header":false,"_kad_post_footer":false,"_kad_post_classname":"","_glsr_average":0,"_glsr_ranking":0,"_glsr_reviews":0},"product_brand":[],"product_cat":[437],"product_tag":[],"class_list":{"0":"post-59257","1":"product","2":"type-product","3":"status-publish","4":"has-post-thumbnail","6":"product_cat-nha-trang","7":"tm-has-options","9":"first","10":"instock","11":"sold-individually","12":"taxable","13":"shipping-taxable","14":"purchasable","15":"product-type-simple","16":"entry","17":"content-bg","18":"loop-entry"},"yoast_head":"<!-- This site is optimized with the Yoast SEO plugin v27.4 - https:\/\/yoast.com\/product\/yoast-seo-wordpress\/ -->\n<title>\u0421\u0430\u0439\u0433\u043e\u043d \u0438 \u041c\u0435\u043a\u043e\u043d\u0433 1 \u0434\u0435\u043d\u044c (VIP-\u0441\u043b\u0438\u043f\u0431\u0430\u0441) &#8226; \u042d\u043a\u0441\u043a\u0443\u0440\u0441\u0438\u0438 Skyline<\/title>\n<meta name=\"robots\" content=\"index, follow, max-snippet:-1, max-image-preview:large, max-video-preview:-1\" \/>\n<link rel=\"canonical\" href=\"https:\/\/skyline-gs.com\/hu\/termek\/saigon-and-mekon-nhatrang\/\" \/>\n<meta property=\"og:locale\" content=\"hu_HU\" \/>\n<meta property=\"og:type\" content=\"article\" \/>\n<meta property=\"og:title\" content=\"\u0421\u0430\u0439\u0433\u043e\u043d \u0438 \u041c\u0435\u043a\u043e\u043d\u0433 1 \u0434\u0435\u043d\u044c (VIP-\u0441\u043b\u0438\u043f\u0431\u0430\u0441) &#8226; \u042d\u043a\u0441\u043a\u0443\u0440\u0441\u0438\u0438 Skyline\" \/>\n<meta property=\"og:description\" content=\"\u0414\u043b\u0438\u0442\u0435\u043b\u044c\u043d\u043e\u0441\u0442\u044c: 1 \u0434\u0435\u043d\u044c  \u0414\u043d\u0438 \u043f\u0440\u043e\u0432\u0435\u0434\u0435\u043d\u0438\u044f: \u0415\u0436\u0435\u0434\u043d\u0435\u0432\u043d\u043e\" \/>\n<meta property=\"og:url\" content=\"https:\/\/skyline-gs.com\/hu\/termek\/saigon-and-mekon-nhatrang\/\" \/>\n<meta property=\"og:site_name\" content=\"\u042d\u043a\u0441\u043a\u0443\u0440\u0441\u0438\u0438 Skyline\" \/>\n<meta property=\"article:modified_time\" content=\"2025-04-10T08:04:13+00:00\" \/>\n<meta property=\"og:image\" content=\"https:\/\/skyline-gs.com\/wp-content\/uploads\/2024\/11\/145-60.jpg\" \/>\n\t<meta property=\"og:image:width\" content=\"960\" \/>\n\t<meta property=\"og:image:height\" content=\"640\" \/>\n\t<meta property=\"og:image:type\" content=\"image\/jpeg\" \/>\n<meta name=\"twitter:card\" content=\"summary_large_image\" \/>\n<meta name=\"twitter:label1\" content=\"Becs\u00fclt olvas\u00e1si id\u0151\" \/>\n\t<meta name=\"twitter:data1\" content=\"3 perc\" \/>\n<script type=\"application\/ld+json\" class=\"yoast-schema-graph\">{\"@context\":\"https:\\\/\\\/schema.org\",\"@graph\":[{\"@type\":\"WebPage\",\"@id\":\"https:\\\/\\\/skyline-gs.com\\\/hu\\\/termek\\\/saigon-and-mekon-nhatrang\\\/\",\"url\":\"https:\\\/\\\/skyline-gs.com\\\/hu\\\/termek\\\/saigon-and-mekon-nhatrang\\\/\",\"name\":\"\u0421\u0430\u0439\u0433\u043e\u043d \u0438 \u041c\u0435\u043a\u043e\u043d\u0433 1 \u0434\u0435\u043d\u044c (VIP-\u0441\u043b\u0438\u043f\u0431\u0430\u0441) &#8226; \u042d\u043a\u0441\u043a\u0443\u0440\u0441\u0438\u0438 Skyline\",\"isPartOf\":{\"@id\":\"https:\\\/\\\/skyline-gs.com\\\/it\\\/#website\"},\"primaryImageOfPage\":{\"@id\":\"https:\\\/\\\/skyline-gs.com\\\/hu\\\/termek\\\/saigon-and-mekon-nhatrang\\\/#primaryimage\"},\"image\":{\"@id\":\"https:\\\/\\\/skyline-gs.com\\\/hu\\\/termek\\\/saigon-and-mekon-nhatrang\\\/#primaryimage\"},\"thumbnailUrl\":\"https:\\\/\\\/skyline-gs.com\\\/wp-content\\\/uploads\\\/2024\\\/11\\\/145-60.jpg\",\"datePublished\":\"2024-11-17T18:12:50+00:00\",\"dateModified\":\"2025-04-10T08:04:13+00:00\",\"breadcrumb\":{\"@id\":\"https:\\\/\\\/skyline-gs.com\\\/hu\\\/termek\\\/saigon-and-mekon-nhatrang\\\/#breadcrumb\"},\"inLanguage\":\"hu\",\"potentialAction\":[{\"@type\":\"ReadAction\",\"target\":[\"https:\\\/\\\/skyline-gs.com\\\/hu\\\/termek\\\/saigon-and-mekon-nhatrang\\\/\"]}]},{\"@type\":\"ImageObject\",\"inLanguage\":\"hu\",\"@id\":\"https:\\\/\\\/skyline-gs.com\\\/hu\\\/termek\\\/saigon-and-mekon-nhatrang\\\/#primaryimage\",\"url\":\"https:\\\/\\\/skyline-gs.com\\\/wp-content\\\/uploads\\\/2024\\\/11\\\/145-60.jpg\",\"contentUrl\":\"https:\\\/\\\/skyline-gs.com\\\/wp-content\\\/uploads\\\/2024\\\/11\\\/145-60.jpg\",\"width\":960,\"height\":640},{\"@type\":\"BreadcrumbList\",\"@id\":\"https:\\\/\\\/skyline-gs.com\\\/hu\\\/termek\\\/saigon-and-mekon-nhatrang\\\/#breadcrumb\",\"itemListElement\":[{\"@type\":\"ListItem\",\"position\":1,\"name\":\"\u0413\u043b\u0430\u0432\u043d\u0430\u044f \u0441\u0442\u0440\u0430\u043d\u0438\u0446\u0430\",\"item\":\"https:\\\/\\\/skyline-gs.com\\\/hu\\\/\"},{\"@type\":\"ListItem\",\"position\":2,\"name\":\"\u041c\u0430\u0433\u0430\u0437\u0438\u043d\",\"item\":\"https:\\\/\\\/skyline-gs.com\\\/cs\\\/shop\\\/\"},{\"@type\":\"ListItem\",\"position\":3,\"name\":\"\u0421\u0430\u0439\u0433\u043e\u043d \u0438 \u041c\u0435\u043a\u043e\u043d\u0433 1 \u0434\u0435\u043d\u044c (VIP-\u0441\u043b\u0438\u043f\u0431\u0430\u0441)\"}]},{\"@type\":\"WebSite\",\"@id\":\"https:\\\/\\\/skyline-gs.com\\\/it\\\/#website\",\"url\":\"https:\\\/\\\/skyline-gs.com\\\/it\\\/\",\"name\":\"\u042d\u043a\u0441\u043a\u0443\u0440\u0441\u0438\u0438 Skyline\",\"description\":\"\u042d\u043a\u0441\u043a\u043b\u044e\u0437\u0438\u0432\u043d\u044b\u0435 \u044d\u043a\u0441\u043a\u0443\u0440\u0441\u0438\u0438 \u043d\u0430 \u043b\u0443\u0447\u0448\u0438\u0445 \u043a\u0443\u0440\u043e\u0440\u0442\u0430\u0445 \u043c\u0438\u0440\u0430\",\"publisher\":{\"@id\":\"https:\\\/\\\/skyline-gs.com\\\/it\\\/#organization\"},\"alternateName\":\"Skyline\",\"potentialAction\":[{\"@type\":\"SearchAction\",\"target\":{\"@type\":\"EntryPoint\",\"urlTemplate\":\"https:\\\/\\\/skyline-gs.com\\\/it\\\/?s={search_term_string}\"},\"query-input\":{\"@type\":\"PropertyValueSpecification\",\"valueRequired\":true,\"valueName\":\"search_term_string\"}}],\"inLanguage\":\"hu\"},{\"@type\":\"Organization\",\"@id\":\"https:\\\/\\\/skyline-gs.com\\\/it\\\/#organization\",\"name\":\"\u042d\u043a\u0441\u043a\u0443\u0440\u0441\u0438\u0438 Skyline\",\"alternateName\":\"\u042d\u043a\u0441\u043a\u0443\u0440\u0441\u0438\u0438 Skyline\",\"url\":\"https:\\\/\\\/skyline-gs.com\\\/it\\\/\",\"logo\":{\"@type\":\"ImageObject\",\"inLanguage\":\"hu\",\"@id\":\"https:\\\/\\\/skyline-gs.com\\\/it\\\/#\\\/schema\\\/logo\\\/image\\\/\",\"url\":\"https:\\\/\\\/skyline-gs.com\\\/wp-content\\\/uploads\\\/2020\\\/12\\\/cropped-logo-2.png\",\"contentUrl\":\"https:\\\/\\\/skyline-gs.com\\\/wp-content\\\/uploads\\\/2020\\\/12\\\/cropped-logo-2.png\",\"width\":512,\"height\":512,\"caption\":\"\u042d\u043a\u0441\u043a\u0443\u0440\u0441\u0438\u0438 Skyline\"},\"image\":{\"@id\":\"https:\\\/\\\/skyline-gs.com\\\/it\\\/#\\\/schema\\\/logo\\\/image\\\/\"},\"sameAs\":[\"https:\\\/\\\/www.instagram.com\\\/skylineglobalservice\\\/\"]}]}<\/script>\n<!-- \/ Yoast SEO plugin. -->","yoast_head_json":{"title":"\u0421\u0430\u0439\u0433\u043e\u043d \u0438 \u041c\u0435\u043a\u043e\u043d\u0433 1 \u0434\u0435\u043d\u044c (VIP-\u0441\u043b\u0438\u043f\u0431\u0430\u0441) &#8226; \u042d\u043a\u0441\u043a\u0443\u0440\u0441\u0438\u0438 Skyline","robots":{"index":"index","follow":"follow","max-snippet":"max-snippet:-1","max-image-preview":"max-image-preview:large","max-video-preview":"max-video-preview:-1"},"canonical":"https:\/\/skyline-gs.com\/hu\/termek\/saigon-and-mekon-nhatrang\/","og_locale":"hu_HU","og_type":"article","og_title":"\u0421\u0430\u0439\u0433\u043e\u043d \u0438 \u041c\u0435\u043a\u043e\u043d\u0433 1 \u0434\u0435\u043d\u044c (VIP-\u0441\u043b\u0438\u043f\u0431\u0430\u0441) &#8226; \u042d\u043a\u0441\u043a\u0443\u0440\u0441\u0438\u0438 Skyline","og_description":"\u0414\u043b\u0438\u0442\u0435\u043b\u044c\u043d\u043e\u0441\u0442\u044c: 1 \u0434\u0435\u043d\u044c  \u0414\u043d\u0438 \u043f\u0440\u043e\u0432\u0435\u0434\u0435\u043d\u0438\u044f: \u0415\u0436\u0435\u0434\u043d\u0435\u0432\u043d\u043e","og_url":"https:\/\/skyline-gs.com\/hu\/termek\/saigon-and-mekon-nhatrang\/","og_site_name":"\u042d\u043a\u0441\u043a\u0443\u0440\u0441\u0438\u0438 Skyline","article_modified_time":"2025-04-10T08:04:13+00:00","og_image":[{"width":960,"height":640,"url":"https:\/\/skyline-gs.com\/wp-content\/uploads\/2024\/11\/145-60.jpg","type":"image\/jpeg"}],"twitter_card":"summary_large_image","twitter_misc":{"Becs\u00fclt olvas\u00e1si id\u0151":"3 perc"},"schema":{"@context":"https:\/\/schema.org","@graph":[{"@type":"WebPage","@id":"https:\/\/skyline-gs.com\/hu\/termek\/saigon-and-mekon-nhatrang\/","url":"https:\/\/skyline-gs.com\/hu\/termek\/saigon-and-mekon-nhatrang\/","name":"\u0421\u0430\u0439\u0433\u043e\u043d \u0438 \u041c\u0435\u043a\u043e\u043d\u0433 1 \u0434\u0435\u043d\u044c (VIP-\u0441\u043b\u0438\u043f\u0431\u0430\u0441) &#8226; \u042d\u043a\u0441\u043a\u0443\u0440\u0441\u0438\u0438 Skyline","isPartOf":{"@id":"https:\/\/skyline-gs.com\/it\/#website"},"primaryImageOfPage":{"@id":"https:\/\/skyline-gs.com\/hu\/termek\/saigon-and-mekon-nhatrang\/#primaryimage"},"image":{"@id":"https:\/\/skyline-gs.com\/hu\/termek\/saigon-and-mekon-nhatrang\/#primaryimage"},"thumbnailUrl":"https:\/\/skyline-gs.com\/wp-content\/uploads\/2024\/11\/145-60.jpg","datePublished":"2024-11-17T18:12:50+00:00","dateModified":"2025-04-10T08:04:13+00:00","breadcrumb":{"@id":"https:\/\/skyline-gs.com\/hu\/termek\/saigon-and-mekon-nhatrang\/#breadcrumb"},"inLanguage":"hu","potentialAction":[{"@type":"ReadAction","target":["https:\/\/skyline-gs.com\/hu\/termek\/saigon-and-mekon-nhatrang\/"]}]},{"@type":"ImageObject","inLanguage":"hu","@id":"https:\/\/skyline-gs.com\/hu\/termek\/saigon-and-mekon-nhatrang\/#primaryimage","url":"https:\/\/skyline-gs.com\/wp-content\/uploads\/2024\/11\/145-60.jpg","contentUrl":"https:\/\/skyline-gs.com\/wp-content\/uploads\/2024\/11\/145-60.jpg","width":960,"height":640},{"@type":"BreadcrumbList","@id":"https:\/\/skyline-gs.com\/hu\/termek\/saigon-and-mekon-nhatrang\/#breadcrumb","itemListElement":[{"@type":"ListItem","position":1,"name":"\u0413\u043b\u0430\u0432\u043d\u0430\u044f \u0441\u0442\u0440\u0430\u043d\u0438\u0446\u0430","item":"https:\/\/skyline-gs.com\/hu\/"},{"@type":"ListItem","position":2,"name":"\u041c\u0430\u0433\u0430\u0437\u0438\u043d","item":"https:\/\/skyline-gs.com\/cs\/shop\/"},{"@type":"ListItem","position":3,"name":"\u0421\u0430\u0439\u0433\u043e\u043d \u0438 \u041c\u0435\u043a\u043e\u043d\u0433 1 \u0434\u0435\u043d\u044c (VIP-\u0441\u043b\u0438\u043f\u0431\u0430\u0441)"}]},{"@type":"WebSite","@id":"https:\/\/skyline-gs.com\/it\/#website","url":"https:\/\/skyline-gs.com\/it\/","name":"Skyline T\u00far\u00e1k","description":"Exkluz\u00edv kir\u00e1ndul\u00e1sok a vil\u00e1g legjobb \u00fcd\u00fcl\u0151helyein","publisher":{"@id":"https:\/\/skyline-gs.com\/it\/#organization"},"alternateName":"Skyline","potentialAction":[{"@type":"SearchAction","target":{"@type":"EntryPoint","urlTemplate":"https:\/\/skyline-gs.com\/it\/?s={search_term_string}"},"query-input":{"@type":"PropertyValueSpecification","valueRequired":true,"valueName":"search_term_string"}}],"inLanguage":"hu"},{"@type":"Organization","@id":"https:\/\/skyline-gs.com\/it\/#organization","name":"Skyline T\u00far\u00e1k","alternateName":"\u042d\u043a\u0441\u043a\u0443\u0440\u0441\u0438\u0438 Skyline","url":"https:\/\/skyline-gs.com\/it\/","logo":{"@type":"ImageObject","inLanguage":"hu","@id":"https:\/\/skyline-gs.com\/it\/#\/schema\/logo\/image\/","url":"https:\/\/skyline-gs.com\/wp-content\/uploads\/2020\/12\/cropped-logo-2.png","contentUrl":"https:\/\/skyline-gs.com\/wp-content\/uploads\/2020\/12\/cropped-logo-2.png","width":512,"height":512,"caption":"\u042d\u043a\u0441\u043a\u0443\u0440\u0441\u0438\u0438 Skyline"},"image":{"@id":"https:\/\/skyline-gs.com\/it\/#\/schema\/logo\/image\/"},"sameAs":["https:\/\/www.instagram.com\/skylineglobalservice\/"]}]}},"_links":{"self":[{"href":"https:\/\/skyline-gs.com\/hu\/wp-json\/wp\/v2\/product\/59257","targetHints":{"allow":["GET"]}}],"collection":[{"href":"https:\/\/skyline-gs.com\/hu\/wp-json\/wp\/v2\/product"}],"about":[{"href":"https:\/\/skyline-gs.com\/hu\/wp-json\/wp\/v2\/types\/product"}],"version-history":[{"count":0,"href":"https:\/\/skyline-gs.com\/hu\/wp-json\/wp\/v2\/product\/59257\/revisions"}],"wp:featuredmedia":[{"embeddable":true,"href":"https:\/\/skyline-gs.com\/hu\/wp-json\/wp\/v2\/media\/59273"}],"wp:attachment":[{"href":"https:\/\/skyline-gs.com\/hu\/wp-json\/wp\/v2\/media?parent=59257"}],"wp:term":[{"taxonomy":"product_brand","embeddable":true,"href":"https:\/\/skyline-gs.com\/hu\/wp-json\/wp\/v2\/product_brand?post=59257"},{"taxonomy":"product_cat","embeddable":true,"href":"https:\/\/skyline-gs.com\/hu\/wp-json\/wp\/v2\/product_cat?post=59257"},{"taxonomy":"product_tag","embeddable":true,"href":"https:\/\/skyline-gs.com\/hu\/wp-json\/wp\/v2\/product_tag?post=59257"}],"curies":[{"name":"wp","href":"https:\/\/api.w.org\/{rel}","templated":true}]}}