{"id":58661,"date":"2024-10-29T21:41:15","date_gmt":"2024-10-29T19:41:15","guid":{"rendered":"http:\/\/skyline-gs.com\/?post_type=product&#038;p=58661"},"modified":"2025-12-15T01:21:45","modified_gmt":"2025-12-14T23:21:45","slug":"lantau-hongkong","status":"publish","type":"product","link":"https:\/\/skyline-gs.com\/hu\/product\/lantau-hongkong\/","title":{"rendered":"Szem\u00e9lyre szabott t\u00fara Lantau sziget\u00e9re, Big Buddh\u00e1hoz \u00e9s Tai O hal\u00e1szfaluba"},"content":{"rendered":"<p>10:00 \u043d\u0430\u0448 \u0433\u0438\u0434 \u0437\u0430\u0431\u0435\u0440\u0435\u0442 \u0432\u0430\u0441 \u0438\u0437 \u043b\u043e\u0431\u0431\u0438 \u043e\u0442\u0435\u043b\u044f \u0438 \u043c\u044b \u043d\u0430\u0447\u043d\u0435\u043c \u043d\u0430\u0448\u0443 \u043f\u0440\u043e\u0433\u0440\u0430\u043c\u043c\u0443. \u041d\u0430\u0447\u043d\u0438\u0442\u0435 \u0434\u0435\u043d\u044c \u0441 \u043f\u0443\u0442\u0435\u0448\u0435\u0441\u0442\u0432\u0438\u044f \u043d\u0430 \u043e\u0434\u0438\u043d \u0438\u0437 \u0441\u0430\u043c\u044b\u0445 \u0437\u043d\u0430\u043c\u0435\u043d\u0438\u0442\u044b\u0445 \u0438 \u043a\u0440\u0430\u0441\u0438\u0432\u044b\u0445 \u043e\u0441\u0442\u0440\u043e\u0432\u043e\u0432 \u0413\u043e\u043d\u043a\u043e\u043d\u0433\u0430 \u2014 \u041b\u0430\u043d\u0442\u0430\u0443. \u041f\u043e\u0435\u0437\u0434\u043a\u0430 \u043d\u0430 \u043e\u0441\u0442\u0440\u043e\u0432 \u041b\u0430\u043d\u0442\u0430\u0443 \u043d\u0430 \u043c\u0435\u0442\u0440\u043e (\u043c\u0435\u0442\u0440\u043e \u0441\u0430\u043c\u044b\u0439 \u0431\u044b\u0441\u0442\u0440\u044b\u0439 \u0441\u043f\u043e\u0441\u043e\u0431 \u0434\u043e\u0431\u0440\u0430\u0442\u044c\u0441\u044f \u0434\u043e \u043e\u0441\u0442\u0440\u043e\u0432\u0430). \u041f\u043e\u0441\u043b\u0435 \u043f\u0440\u0438\u0431\u044b\u0442\u0438\u044f, \u043d\u0430 \u043a\u0430\u043d\u0430\u0442\u043d\u043e\u0439 \u0434\u043e\u0440\u043e\u0433\u0435, \u043c\u044b \u043f\u043e\u0434\u043d\u0438\u043c\u0435\u043c\u0441\u044f \u043a \u0441\u0442\u0430\u0442\u0443\u0435 \u0411\u043e\u043b\u044c\u0448\u043e\u0433\u043e \u0411\u0443\u0434\u0434\u044b. \u041d\u0430 \u043d\u0430\u0448\u0435\u043c \u043f\u0443\u0442\u0438 \u0412\u044b \u0441\u043c\u043e\u0436\u0435\u0442\u0435 \u043d\u0430\u0431\u043b\u044e\u0434\u0430\u0442\u044c \u043a\u0440\u0430\u0441\u0438\u0432\u0435\u0439\u0448\u0443\u044e \u043f\u0440\u0438\u0440\u043e\u0434\u0443 \u043e\u0441\u0442\u0440\u043e\u0432\u0430, \u0433\u043e\u0440\u044b \u0438 \u0433\u043e\u0440\u043d\u044b\u0435 \u0432\u043e\u0434\u043e\u043f\u0430\u0434\u044b, \u0430\u044d\u0440\u043e\u043f\u043e\u0440\u0442 \u0413\u043e\u043d\u043a\u043e\u043d\u0433\u0430 \u0438 \u0441\u0430\u043c\u044b\u0439 \u0434\u043b\u0438\u043d\u043d\u044b\u0439 \u043c\u043e\u0441\u0442 \u0432 \u043c\u0438\u0440\u0435 (\u0413\u043e\u043d\u043a\u043e\u043d\u0433-\u041c\u0430\u043a\u0430\u043e-\u0414\u0436\u0443\u0445\u0430\u0439). \u041f\u043e\u0441\u043b\u0435 \u043f\u043e\u0441\u0435\u0449\u0435\u043d\u0438\u044f \u0411\u043e\u043b\u044c\u0448\u043e\u0433\u043e \u0411\u0443\u0434\u0434\u044b \u043e\u0442\u043f\u0440\u0430\u0432\u044c\u0442\u0435\u0441\u044c \u0432 \u0434\u0435\u0440\u0435\u0432\u043d\u044e \u041d\u0433\u043e\u043d\u0433 \u041f\u0438\u043d\u0433, \u0433\u0434\u0435 \u0432\u044b \u0441\u043c\u043e\u0436\u0435\u0442\u0435 \u043e\u043a\u0443\u043d\u0443\u0442\u044c\u0441\u044f \u0432 \u0430\u0443\u0442\u0435\u043d\u0442\u0438\u0447\u043d\u0443\u044e \u043a\u0443\u043b\u044c\u0442\u0443\u0440\u0443 \u043c\u0435\u0441\u0442\u043d\u043e\u0433\u043e \u043d\u0430\u0441\u0435\u043b\u0435\u043d\u0438\u044f. \u0418\u0441\u0441\u043b\u0435\u0434\u0443\u0439\u0442\u0435 \u043c\u0435\u0441\u0442\u043d\u044b\u0435 \u043c\u0430\u0433\u0430\u0437\u0438\u043d\u044b, \u0440\u0435\u0441\u0442\u043e\u0440\u0430\u043d\u044b \u0438 \u0445\u0440\u0430\u043c\u044b, \u043d\u0430\u0441\u043b\u0430\u0436\u0434\u0430\u0439\u0442\u0435\u0441\u044c \u0442\u0440\u0430\u0434\u0438\u0446\u0438\u043e\u043d\u043d\u044b\u043c\u0438 \u0440\u0435\u043c\u0435\u0441\u043b\u0435\u043d\u043d\u044b\u043c\u0438 \u043c\u0430\u0441\u0442\u0435\u0440\u0441\u0442\u0432\u0430\u043c\u0438 \u0438 \u043f\u043e\u043f\u0440\u043e\u0431\u0443\u0439\u0442\u0435 \u043c\u0435\u0441\u0442\u043d\u044b\u0435 \u0434\u0435\u043b\u0438\u043a\u0430\u0442\u0435\u0441\u044b. \u041e\u043a\u043e\u043b\u043e 13:00 \u043c\u044b \u043f\u043e\u043f\u0430\u0434\u0435\u043c \u0432 \u0440\u044b\u0431\u0430\u0446\u043a\u0443\u044e \u0434\u0435\u0440\u0435\u0432\u043d\u044e \u0422\u0430\u0439 \u041e. \u0414\u0435\u0440\u0435\u0432\u043d\u044f \u0437\u043d\u0430\u043c\u0435\u043d\u0438\u0442\u0430 \u0441\u0432\u043e\u0438\u043c\u0438 \u043c\u043e\u0440\u0435\u043f\u0440\u043e\u0434\u0443\u043a\u0442\u0430\u043c\u0438, \u043a\u043e\u0442\u043e\u0440\u044b\u0435 \u043c\u043e\u0436\u043d\u043e \u0431\u0443\u0434\u0435\u0442 \u043e\u0442\u0432\u0435\u0434\u0430\u0442\u044c. \u041f\u0440\u043e\u0433\u0443\u043b\u044f\u0439\u0442\u0435\u0441\u044c \u043f\u043e \u043a\u043e\u043b\u043e\u0440\u0438\u0442\u043d\u044b\u043c \u0443\u043b\u043e\u0447\u043a\u0430\u043c. \u041e\u0441\u043e\u0431\u0435\u043d\u043d\u043e\u0441\u0442\u044c \u044d\u0442\u043e\u0433\u043e \u043c\u0435\u0441\u0442\u0430 \u0432 \u0442\u043e\u043c, \u0447\u0442\u043e \u043b\u044e\u0434\u0438 \u0437\u0434\u0435\u0441\u044c \u0436\u0438\u0432\u0443\u0442 \u043d\u0430 \u0432\u043e\u0434\u0435, \u0432 \u0434\u043e\u043c\u0430\u0445 \u043d\u0430 \u0441\u0432\u0430\u044f\u0445, \u043a\u0430\u043a \u0438 \u043c\u043d\u043e\u0433\u043e \u043b\u0435\u0442 \u043d\u0430\u0437\u0430\u0434. \u041e\u043a\u043e\u043b\u043e 16:00 \u0432\u043e\u0437\u0432\u0440\u0430\u0449\u0435\u043d\u0438\u0435 \u0432 \u043e\u0442\u0435\u043b\u044c.<\/p>\n<p><strong>Tartalmazza:<\/strong><\/p>\n<ul>\n<li>Magyarul besz\u00e9l\u0151 idegenvezet\u0151<\/li>\n<li>\u0411\u0438\u043b\u0435\u0442\u044b \u043d\u0430 \u043c\u0435\u0442\u0440\u043e (\u0432 \u0434\u0432\u0435 \u0441\u0442\u043e\u0440\u043e\u043d\u044b)<\/li>\n<\/ul>\n<p><strong>Nem tartalmazza:<\/strong><\/p>\n<ul>\n<li>\u0411\u0438\u043b\u0435\u0442\u044b \u043d\u0430 \u043a\u0430\u043d\u0430\u0442\u043d\u0443\u044e \u0434\u043e\u0440\u043e\u0433\u0443, \u0432 \u0434\u0432\u0435 \u0441\u0442\u043e\u0440\u043e\u043d\u044b (\u043a\u0430\u0431\u0438\u043d\u043a\u0438 \u0441\u0442\u0440\u0430\u043d\u0434\u0430\u0440\u0442) &#8212; 50$ \u0437\u0430 \u0447\u0435\u043b\u043e\u0432\u0435\u043a\u0430<\/li>\n<li>\u041e\u0431\u0435\u0434 (\u043f\u043e \u0436\u0435\u043b\u0430\u043d\u0438\u044e)<\/li>\n<\/ul>\n<p><strong>Vigy\u00e9l magaddal:<\/strong><\/p>\n<ul>\n<li>V\u00edz<\/li>\n<li>Fejd\u00edsz<\/li>\n<li>K\u00e9nyelmes cip\u0151<\/li>\n<li>F\u00e9nyk\u00e9pez\u0151g\u00e9p<\/li>\n<li>P\u00e9nz szem\u00e9lyes kiad\u00e1sokra<\/li>\n<\/ul>\n<p><strong>Fenntart\u00e1sok:<\/strong><\/p>\n<ul>\n<li>A megrendel\u00e9sek 50% el\u0151leget ig\u00e9nyelnek, k\u00e9szp\u00e9nzt \u00e9s online bankk\u00e1rty\u00e1s \u00e1tutal\u00e1st fogadunk el.<\/li>\n<\/ul>","protected":false},"excerpt":{"rendered":"<p><strong>Kir\u00e1ndul\u00e1s Id\u0151pontja:<\/strong> 10:00 &#8212; 16:00<\/p>\n<p><strong>A Kir\u00e1ndul\u00e1s Napjai:<\/strong> Minden nap<\/p>","protected":false},"featured_media":58666,"template":"","meta":{"_kad_post_transparent":"default","_kad_post_title":"","_kad_post_layout":"default","_kad_post_sidebar_id":"","_kad_post_content_style":"default","_kad_post_vertical_padding":"default","_kad_post_feature":"","_kad_post_feature_position":"","_kad_post_header":false,"_kad_post_footer":false,"_kad_post_classname":"","_glsr_average":0,"_glsr_ranking":0,"_glsr_reviews":0},"product_brand":[],"product_cat":[466],"product_tag":[],"class_list":{"0":"post-58661","1":"product","2":"type-product","3":"status-publish","4":"has-post-thumbnail","6":"product_cat-hongkong","7":"tm-has-options","9":"first","10":"instock","11":"sale","12":"sold-individually","13":"taxable","14":"shipping-taxable","15":"purchasable","16":"product-type-simple","17":"entry","18":"content-bg","19":"loop-entry"},"yoast_head":"<!-- This site is optimized with the Yoast SEO plugin v27.3 - https:\/\/yoast.com\/product\/yoast-seo-wordpress\/ -->\n<title>\u0418\u043d\u0434\u0438\u0432\u0438\u0434\u0443\u0430\u043b\u044c\u043d\u044b\u0439 \u0442\u0443\u0440 \u043d\u0430 \u041e\u0441\u0442\u0440\u043e\u0432 \u041b\u0430\u043d\u0442\u0430\u0443, \u0411\u043e\u043b\u044c\u0448\u043e\u0439 \u0411\u0443\u0434\u0434\u0430 \u0438 \u0440\u044b\u0431\u0430\u0446\u043a\u0430\u044f \u0434\u0435\u0440\u0435\u0432\u043d\u044f \u0422\u0430\u0439 \u041e &#8226; \u042d\u043a\u0441\u043a\u0443\u0440\u0441\u0438\u0438 Skyline<\/title>\n<meta name=\"robots\" content=\"index, follow, max-snippet:-1, max-image-preview:large, max-video-preview:-1\" \/>\n<link rel=\"canonical\" href=\"https:\/\/skyline-gs.com\/hu\/termek\/lantau-hongkong\/\" \/>\n<meta property=\"og:locale\" content=\"hu_HU\" \/>\n<meta property=\"og:type\" content=\"article\" \/>\n<meta property=\"og:title\" content=\"\u0418\u043d\u0434\u0438\u0432\u0438\u0434\u0443\u0430\u043b\u044c\u043d\u044b\u0439 \u0442\u0443\u0440 \u043d\u0430 \u041e\u0441\u0442\u0440\u043e\u0432 \u041b\u0430\u043d\u0442\u0430\u0443, \u0411\u043e\u043b\u044c\u0448\u043e\u0439 \u0411\u0443\u0434\u0434\u0430 \u0438 \u0440\u044b\u0431\u0430\u0446\u043a\u0430\u044f \u0434\u0435\u0440\u0435\u0432\u043d\u044f \u0422\u0430\u0439 \u041e &#8226; \u042d\u043a\u0441\u043a\u0443\u0440\u0441\u0438\u0438 Skyline\" \/>\n<meta property=\"og:description\" content=\"\u0412\u0440\u0435\u043c\u044f \u0442\u0443\u0440\u0430: 10:00 - 16:00  \u0414\u043d\u0438 \u043f\u0440\u043e\u0432\u0435\u0434\u0435\u043d\u0438\u044f: \u041a\u0430\u0436\u0434\u044b\u0439 \u0434\u0435\u043d\u044c\" \/>\n<meta property=\"og:url\" content=\"https:\/\/skyline-gs.com\/hu\/termek\/lantau-hongkong\/\" \/>\n<meta property=\"og:site_name\" content=\"\u042d\u043a\u0441\u043a\u0443\u0440\u0441\u0438\u0438 Skyline\" \/>\n<meta property=\"article:modified_time\" content=\"2025-12-14T23:21:45+00:00\" \/>\n<meta property=\"og:image\" content=\"https:\/\/skyline-gs.com\/wp-content\/uploads\/2024\/10\/ed.jpg\" \/>\n\t<meta property=\"og:image:width\" content=\"670\" \/>\n\t<meta property=\"og:image:height\" content=\"446\" \/>\n\t<meta property=\"og:image:type\" content=\"image\/jpeg\" \/>\n<meta name=\"twitter:card\" content=\"summary_large_image\" \/>\n<meta name=\"twitter:label1\" content=\"Becs\u00fclt olvas\u00e1si id\u0151\" \/>\n\t<meta name=\"twitter:data1\" content=\"2 perc\" \/>\n<script type=\"application\/ld+json\" class=\"yoast-schema-graph\">{\"@context\":\"https:\\\/\\\/schema.org\",\"@graph\":[{\"@type\":\"WebPage\",\"@id\":\"https:\\\/\\\/skyline-gs.com\\\/de\\\/produkt\\\/lantau-hongkong\\\/\",\"url\":\"https:\\\/\\\/skyline-gs.com\\\/de\\\/produkt\\\/lantau-hongkong\\\/\",\"name\":\"\u0418\u043d\u0434\u0438\u0432\u0438\u0434\u0443\u0430\u043b\u044c\u043d\u044b\u0439 \u0442\u0443\u0440 \u043d\u0430 \u041e\u0441\u0442\u0440\u043e\u0432 \u041b\u0430\u043d\u0442\u0430\u0443, \u0411\u043e\u043b\u044c\u0448\u043e\u0439 \u0411\u0443\u0434\u0434\u0430 \u0438 \u0440\u044b\u0431\u0430\u0446\u043a\u0430\u044f \u0434\u0435\u0440\u0435\u0432\u043d\u044f \u0422\u0430\u0439 \u041e &#8226; \u042d\u043a\u0441\u043a\u0443\u0440\u0441\u0438\u0438 Skyline\",\"isPartOf\":{\"@id\":\"https:\\\/\\\/skyline-gs.com\\\/it\\\/#website\"},\"primaryImageOfPage\":{\"@id\":\"https:\\\/\\\/skyline-gs.com\\\/de\\\/produkt\\\/lantau-hongkong\\\/#primaryimage\"},\"image\":{\"@id\":\"https:\\\/\\\/skyline-gs.com\\\/de\\\/produkt\\\/lantau-hongkong\\\/#primaryimage\"},\"thumbnailUrl\":\"https:\\\/\\\/skyline-gs.com\\\/wp-content\\\/uploads\\\/2024\\\/10\\\/ed.jpg\",\"datePublished\":\"2024-10-29T19:41:15+00:00\",\"dateModified\":\"2025-12-14T23:21:45+00:00\",\"breadcrumb\":{\"@id\":\"https:\\\/\\\/skyline-gs.com\\\/de\\\/produkt\\\/lantau-hongkong\\\/#breadcrumb\"},\"inLanguage\":\"hu\",\"potentialAction\":[{\"@type\":\"ReadAction\",\"target\":[\"https:\\\/\\\/skyline-gs.com\\\/de\\\/produkt\\\/lantau-hongkong\\\/\"]}]},{\"@type\":\"ImageObject\",\"inLanguage\":\"hu\",\"@id\":\"https:\\\/\\\/skyline-gs.com\\\/de\\\/produkt\\\/lantau-hongkong\\\/#primaryimage\",\"url\":\"https:\\\/\\\/skyline-gs.com\\\/wp-content\\\/uploads\\\/2024\\\/10\\\/ed.jpg\",\"contentUrl\":\"https:\\\/\\\/skyline-gs.com\\\/wp-content\\\/uploads\\\/2024\\\/10\\\/ed.jpg\",\"width\":670,\"height\":446},{\"@type\":\"BreadcrumbList\",\"@id\":\"https:\\\/\\\/skyline-gs.com\\\/de\\\/produkt\\\/lantau-hongkong\\\/#breadcrumb\",\"itemListElement\":[{\"@type\":\"ListItem\",\"position\":1,\"name\":\"\u0413\u043b\u0430\u0432\u043d\u0430\u044f \u0441\u0442\u0440\u0430\u043d\u0438\u0446\u0430\",\"item\":\"https:\\\/\\\/skyline-gs.com\\\/hu\\\/\"},{\"@type\":\"ListItem\",\"position\":2,\"name\":\"\u041c\u0430\u0433\u0430\u0437\u0438\u043d\",\"item\":\"https:\\\/\\\/skyline-gs.com\\\/cs\\\/shop\\\/\"},{\"@type\":\"ListItem\",\"position\":3,\"name\":\"\u0418\u043d\u0434\u0438\u0432\u0438\u0434\u0443\u0430\u043b\u044c\u043d\u044b\u0439 \u0442\u0443\u0440 \u043d\u0430 \u041e\u0441\u0442\u0440\u043e\u0432 \u041b\u0430\u043d\u0442\u0430\u0443, \u0411\u043e\u043b\u044c\u0448\u043e\u0439 \u0411\u0443\u0434\u0434\u0430 \u0438 \u0440\u044b\u0431\u0430\u0446\u043a\u0430\u044f \u0434\u0435\u0440\u0435\u0432\u043d\u044f \u0422\u0430\u0439 \u041e\"}]},{\"@type\":\"WebSite\",\"@id\":\"https:\\\/\\\/skyline-gs.com\\\/it\\\/#website\",\"url\":\"https:\\\/\\\/skyline-gs.com\\\/it\\\/\",\"name\":\"\u042d\u043a\u0441\u043a\u0443\u0440\u0441\u0438\u0438 Skyline\",\"description\":\"\u042d\u043a\u0441\u043a\u043b\u044e\u0437\u0438\u0432\u043d\u044b\u0435 \u044d\u043a\u0441\u043a\u0443\u0440\u0441\u0438\u0438 \u043d\u0430 \u043b\u0443\u0447\u0448\u0438\u0445 \u043a\u0443\u0440\u043e\u0440\u0442\u0430\u0445 \u043c\u0438\u0440\u0430\",\"publisher\":{\"@id\":\"https:\\\/\\\/skyline-gs.com\\\/it\\\/#organization\"},\"alternateName\":\"Skyline\",\"potentialAction\":[{\"@type\":\"SearchAction\",\"target\":{\"@type\":\"EntryPoint\",\"urlTemplate\":\"https:\\\/\\\/skyline-gs.com\\\/it\\\/?s={search_term_string}\"},\"query-input\":{\"@type\":\"PropertyValueSpecification\",\"valueRequired\":true,\"valueName\":\"search_term_string\"}}],\"inLanguage\":\"hu\"},{\"@type\":\"Organization\",\"@id\":\"https:\\\/\\\/skyline-gs.com\\\/it\\\/#organization\",\"name\":\"\u042d\u043a\u0441\u043a\u0443\u0440\u0441\u0438\u0438 Skyline\",\"alternateName\":\"\u042d\u043a\u0441\u043a\u0443\u0440\u0441\u0438\u0438 Skyline\",\"url\":\"https:\\\/\\\/skyline-gs.com\\\/it\\\/\",\"logo\":{\"@type\":\"ImageObject\",\"inLanguage\":\"hu\",\"@id\":\"https:\\\/\\\/skyline-gs.com\\\/it\\\/#\\\/schema\\\/logo\\\/image\\\/\",\"url\":\"https:\\\/\\\/skyline-gs.com\\\/wp-content\\\/uploads\\\/2020\\\/12\\\/cropped-logo-2.png\",\"contentUrl\":\"https:\\\/\\\/skyline-gs.com\\\/wp-content\\\/uploads\\\/2020\\\/12\\\/cropped-logo-2.png\",\"width\":512,\"height\":512,\"caption\":\"\u042d\u043a\u0441\u043a\u0443\u0440\u0441\u0438\u0438 Skyline\"},\"image\":{\"@id\":\"https:\\\/\\\/skyline-gs.com\\\/it\\\/#\\\/schema\\\/logo\\\/image\\\/\"},\"sameAs\":[\"https:\\\/\\\/www.instagram.com\\\/skylineglobalservice\\\/\"]}]}<\/script>\n<!-- \/ Yoast SEO plugin. -->","yoast_head_json":{"title":"\u0418\u043d\u0434\u0438\u0432\u0438\u0434\u0443\u0430\u043b\u044c\u043d\u044b\u0439 \u0442\u0443\u0440 \u043d\u0430 \u041e\u0441\u0442\u0440\u043e\u0432 \u041b\u0430\u043d\u0442\u0430\u0443, \u0411\u043e\u043b\u044c\u0448\u043e\u0439 \u0411\u0443\u0434\u0434\u0430 \u0438 \u0440\u044b\u0431\u0430\u0446\u043a\u0430\u044f \u0434\u0435\u0440\u0435\u0432\u043d\u044f \u0422\u0430\u0439 \u041e &#8226; \u042d\u043a\u0441\u043a\u0443\u0440\u0441\u0438\u0438 Skyline","robots":{"index":"index","follow":"follow","max-snippet":"max-snippet:-1","max-image-preview":"max-image-preview:large","max-video-preview":"max-video-preview:-1"},"canonical":"https:\/\/skyline-gs.com\/hu\/termek\/lantau-hongkong\/","og_locale":"hu_HU","og_type":"article","og_title":"\u0418\u043d\u0434\u0438\u0432\u0438\u0434\u0443\u0430\u043b\u044c\u043d\u044b\u0439 \u0442\u0443\u0440 \u043d\u0430 \u041e\u0441\u0442\u0440\u043e\u0432 \u041b\u0430\u043d\u0442\u0430\u0443, \u0411\u043e\u043b\u044c\u0448\u043e\u0439 \u0411\u0443\u0434\u0434\u0430 \u0438 \u0440\u044b\u0431\u0430\u0446\u043a\u0430\u044f \u0434\u0435\u0440\u0435\u0432\u043d\u044f \u0422\u0430\u0439 \u041e &#8226; \u042d\u043a\u0441\u043a\u0443\u0440\u0441\u0438\u0438 Skyline","og_description":"\u0412\u0440\u0435\u043c\u044f \u0442\u0443\u0440\u0430: 10:00 - 16:00  \u0414\u043d\u0438 \u043f\u0440\u043e\u0432\u0435\u0434\u0435\u043d\u0438\u044f: \u041a\u0430\u0436\u0434\u044b\u0439 \u0434\u0435\u043d\u044c","og_url":"https:\/\/skyline-gs.com\/hu\/termek\/lantau-hongkong\/","og_site_name":"\u042d\u043a\u0441\u043a\u0443\u0440\u0441\u0438\u0438 Skyline","article_modified_time":"2025-12-14T23:21:45+00:00","og_image":[{"width":670,"height":446,"url":"https:\/\/skyline-gs.com\/wp-content\/uploads\/2024\/10\/ed.jpg","type":"image\/jpeg"}],"twitter_card":"summary_large_image","twitter_misc":{"Becs\u00fclt olvas\u00e1si id\u0151":"2 perc"},"schema":{"@context":"https:\/\/schema.org","@graph":[{"@type":"WebPage","@id":"https:\/\/skyline-gs.com\/de\/produkt\/lantau-hongkong\/","url":"https:\/\/skyline-gs.com\/de\/produkt\/lantau-hongkong\/","name":"\u0418\u043d\u0434\u0438\u0432\u0438\u0434\u0443\u0430\u043b\u044c\u043d\u044b\u0439 \u0442\u0443\u0440 \u043d\u0430 \u041e\u0441\u0442\u0440\u043e\u0432 \u041b\u0430\u043d\u0442\u0430\u0443, \u0411\u043e\u043b\u044c\u0448\u043e\u0439 \u0411\u0443\u0434\u0434\u0430 \u0438 \u0440\u044b\u0431\u0430\u0446\u043a\u0430\u044f \u0434\u0435\u0440\u0435\u0432\u043d\u044f \u0422\u0430\u0439 \u041e &#8226; \u042d\u043a\u0441\u043a\u0443\u0440\u0441\u0438\u0438 Skyline","isPartOf":{"@id":"https:\/\/skyline-gs.com\/it\/#website"},"primaryImageOfPage":{"@id":"https:\/\/skyline-gs.com\/de\/produkt\/lantau-hongkong\/#primaryimage"},"image":{"@id":"https:\/\/skyline-gs.com\/de\/produkt\/lantau-hongkong\/#primaryimage"},"thumbnailUrl":"https:\/\/skyline-gs.com\/wp-content\/uploads\/2024\/10\/ed.jpg","datePublished":"2024-10-29T19:41:15+00:00","dateModified":"2025-12-14T23:21:45+00:00","breadcrumb":{"@id":"https:\/\/skyline-gs.com\/de\/produkt\/lantau-hongkong\/#breadcrumb"},"inLanguage":"hu","potentialAction":[{"@type":"ReadAction","target":["https:\/\/skyline-gs.com\/de\/produkt\/lantau-hongkong\/"]}]},{"@type":"ImageObject","inLanguage":"hu","@id":"https:\/\/skyline-gs.com\/de\/produkt\/lantau-hongkong\/#primaryimage","url":"https:\/\/skyline-gs.com\/wp-content\/uploads\/2024\/10\/ed.jpg","contentUrl":"https:\/\/skyline-gs.com\/wp-content\/uploads\/2024\/10\/ed.jpg","width":670,"height":446},{"@type":"BreadcrumbList","@id":"https:\/\/skyline-gs.com\/de\/produkt\/lantau-hongkong\/#breadcrumb","itemListElement":[{"@type":"ListItem","position":1,"name":"\u0413\u043b\u0430\u0432\u043d\u0430\u044f \u0441\u0442\u0440\u0430\u043d\u0438\u0446\u0430","item":"https:\/\/skyline-gs.com\/hu\/"},{"@type":"ListItem","position":2,"name":"\u041c\u0430\u0433\u0430\u0437\u0438\u043d","item":"https:\/\/skyline-gs.com\/cs\/shop\/"},{"@type":"ListItem","position":3,"name":"\u0418\u043d\u0434\u0438\u0432\u0438\u0434\u0443\u0430\u043b\u044c\u043d\u044b\u0439 \u0442\u0443\u0440 \u043d\u0430 \u041e\u0441\u0442\u0440\u043e\u0432 \u041b\u0430\u043d\u0442\u0430\u0443, \u0411\u043e\u043b\u044c\u0448\u043e\u0439 \u0411\u0443\u0434\u0434\u0430 \u0438 \u0440\u044b\u0431\u0430\u0446\u043a\u0430\u044f \u0434\u0435\u0440\u0435\u0432\u043d\u044f \u0422\u0430\u0439 \u041e"}]},{"@type":"WebSite","@id":"https:\/\/skyline-gs.com\/it\/#website","url":"https:\/\/skyline-gs.com\/it\/","name":"Skyline T\u00far\u00e1k","description":"Exkluz\u00edv kir\u00e1ndul\u00e1sok a vil\u00e1g legjobb \u00fcd\u00fcl\u0151helyein","publisher":{"@id":"https:\/\/skyline-gs.com\/it\/#organization"},"alternateName":"Skyline","potentialAction":[{"@type":"SearchAction","target":{"@type":"EntryPoint","urlTemplate":"https:\/\/skyline-gs.com\/it\/?s={search_term_string}"},"query-input":{"@type":"PropertyValueSpecification","valueRequired":true,"valueName":"search_term_string"}}],"inLanguage":"hu"},{"@type":"Organization","@id":"https:\/\/skyline-gs.com\/it\/#organization","name":"Skyline T\u00far\u00e1k","alternateName":"\u042d\u043a\u0441\u043a\u0443\u0440\u0441\u0438\u0438 Skyline","url":"https:\/\/skyline-gs.com\/it\/","logo":{"@type":"ImageObject","inLanguage":"hu","@id":"https:\/\/skyline-gs.com\/it\/#\/schema\/logo\/image\/","url":"https:\/\/skyline-gs.com\/wp-content\/uploads\/2020\/12\/cropped-logo-2.png","contentUrl":"https:\/\/skyline-gs.com\/wp-content\/uploads\/2020\/12\/cropped-logo-2.png","width":512,"height":512,"caption":"\u042d\u043a\u0441\u043a\u0443\u0440\u0441\u0438\u0438 Skyline"},"image":{"@id":"https:\/\/skyline-gs.com\/it\/#\/schema\/logo\/image\/"},"sameAs":["https:\/\/www.instagram.com\/skylineglobalservice\/"]}]}},"_links":{"self":[{"href":"https:\/\/skyline-gs.com\/hu\/wp-json\/wp\/v2\/product\/58661","targetHints":{"allow":["GET"]}}],"collection":[{"href":"https:\/\/skyline-gs.com\/hu\/wp-json\/wp\/v2\/product"}],"about":[{"href":"https:\/\/skyline-gs.com\/hu\/wp-json\/wp\/v2\/types\/product"}],"version-history":[{"count":0,"href":"https:\/\/skyline-gs.com\/hu\/wp-json\/wp\/v2\/product\/58661\/revisions"}],"wp:featuredmedia":[{"embeddable":true,"href":"https:\/\/skyline-gs.com\/hu\/wp-json\/wp\/v2\/media\/58666"}],"wp:attachment":[{"href":"https:\/\/skyline-gs.com\/hu\/wp-json\/wp\/v2\/media?parent=58661"}],"wp:term":[{"taxonomy":"product_brand","embeddable":true,"href":"https:\/\/skyline-gs.com\/hu\/wp-json\/wp\/v2\/product_brand?post=58661"},{"taxonomy":"product_cat","embeddable":true,"href":"https:\/\/skyline-gs.com\/hu\/wp-json\/wp\/v2\/product_cat?post=58661"},{"taxonomy":"product_tag","embeddable":true,"href":"https:\/\/skyline-gs.com\/hu\/wp-json\/wp\/v2\/product_tag?post=58661"}],"curies":[{"name":"wp","href":"https:\/\/api.w.org\/{rel}","templated":true}]}}