{"id":58373,"date":"2024-10-22T13:03:22","date_gmt":"2024-10-22T11:03:22","guid":{"rendered":"http:\/\/skyline-gs.com\/?post_type=product&#038;p=58373"},"modified":"2026-03-09T23:37:38","modified_gmt":"2026-03-09T21:37:38","slug":"sri-lanka-mozaik-pro-pidurangala-srilanka","status":"publish","type":"product","link":"https:\/\/skyline-gs.com\/hu\/product\/sri-lanka-mosaic-pro-pidurangala-srilanka\/","title":{"rendered":"Lanka Express Plus (Pidurangal\u00e1b\u00f3l) 2 nap"},"content":{"rendered":"<p>Ez az igazi \u00abSri Lanka maximuma\u00bb 2 nap alatt! Legend\u00e1s kil\u00e1t\u00e1s, ikonikus templomok, elef\u00e1ntok \u00e9s majmok, tea\u00fcltetv\u00e9nyek \u00e9s csod\u00e1latos term\u00e9szeti t\u00e1jak v\u00e1rj\u00e1k \u00d6nt. A programot azoknak tervezt\u00fck, akik els\u0151 l\u00e1t\u00e1sra szeretn\u00e9nek beleszeretni Sr\u00ed Lank\u00e1ba, \u00e9s \u00e9l\u00e9nk fot\u00f3k sz\u00e1zait vinni magukkal.<\/p>\n<p><strong>1. nap<\/strong><\/p>\n<ul>\n<li data-start=\"680\" data-end=\"713\"><strong>3:00 - Indul\u00e1s a sz\u00e1lloda hallj\u00e1b\u00f3l.<\/strong><\/li>\n<li data-start=\"680\" data-end=\"713\"><strong data-start=\"717\" data-end=\"763\">Little Adam's Peak (kb. 30 perces m\u00e1sz\u00e1s). <\/strong>K\u00f6nny\u0171 t\u00fara, majd panor\u00e1m\u00e1s kil\u00e1t\u00e1s Ell\u00e1ra \u00e9s a hegyi v\u00f6lgyekre. Nagyszer\u0171 hely a napfelkelt\u00e9vel val\u00f3 tal\u00e1lkoz\u00e1sra \u00e9s az els\u0151 benyom\u00e1sok megszerz\u00e9s\u00e9re.<\/li>\n<li data-start=\"680\" data-end=\"713\"><strong data-start=\"911\" data-end=\"932\">Ravana Falls. <\/strong>A sziget egyik legfest\u0151ibb v\u00edzes\u00e9se. Itt megm\u00e1rt\u00f3zhat, \u00faszhat vagy l\u00e1tv\u00e1nyos f\u00e9nyk\u00e9peket k\u00e9sz\u00edthet az er\u0151teljes v\u00edzfoly\u00e1sok h\u00e1tter\u00e9ben.<\/li>\n<li data-start=\"680\" data-end=\"713\"><strong data-start=\"1077\" data-end=\"1102\">Kilencek h\u00eddja. <\/strong>Sr\u00ed Lanka legfotog\u00e9nebb h\u00eddja. K\u00fcl\u00f6n\u00f6sen leny\u0171g\u00f6z\u0151 az a pillanat, amikor egy vonat \u00e1thalad rajta, mik\u00f6zben z\u00f6ld dombok \u00e9s felh\u0151k veszik k\u00f6r\u00fcl.<\/li>\n<li data-start=\"680\" data-end=\"713\"><strong data-start=\"1240\" data-end=\"1285\">Ella \u00e9s Nuwara Eliya k\u00f6z\u00f6tt vonattal (30-40 perc). <\/strong>H\u00edres utaz\u00e1s, l\u00e9legzetel\u00e1ll\u00edt\u00f3 kil\u00e1t\u00e1ssal a tea\u00fcltetv\u00e9nyekre, szurdokokra \u00e9s hegyekre. Pontosan itt k\u00e9sz\u00fclnek az ikonikus \u00abvonatajt\u00f3\u00bb felv\u00e9telek.<\/li>\n<li data-start=\"680\" data-end=\"713\"><strong data-start=\"1442\" data-end=\"1484\">Nuwara Eliya v\u00e1rosn\u00e9z\u00e9s. <\/strong>\u00abKis Anglia\u00bb Sri Lanka sz\u00edv\u00e9ben. Brit \u00e9p\u00edt\u00e9szet, hangulatos utc\u00e1k, vir\u00e1gos kertek. A r\u00e9gi postahivatalb\u00f3l k\u00e9peslapot k\u00fcldhet.<\/li>\n<li data-start=\"680\" data-end=\"713\"><strong data-start=\"1632\" data-end=\"1667\">Hindu Sita Amman templom. <\/strong>A R\u00e1m\u00e1jana legend\u00e1j\u00e1hoz kapcsol\u00f3d\u00f3 hely. Sita istenn\u0151nek szentelt sz\u00ednes templom, amelyet sz\u00e1mos hindu istens\u00e9g k\u00e9p\u00e9vel d\u00edsz\u00edtettek. Hangulatos \u00e9s spiritu\u00e1lis hely.<\/li>\n<li data-start=\"680\" data-end=\"713\"><strong data-start=\"1839\" data-end=\"1872\">Tea\u00fcltetv\u00e9ny \u00e9s gy\u00e1r. <\/strong>Bevezet\u00e9s a ceyloni tea termeszt\u00e9s\u00e9nek \u00e9s el\u0151\u00e1ll\u00edt\u00e1s\u00e1nak folyamat\u00e1ba. 12 teafajta k\u00f3stol\u00e1sa, lehet\u0151s\u00e9g friss tea v\u00e1s\u00e1rl\u00e1s\u00e1ra \u00e9s f\u00e9nyk\u00e9p k\u00e9sz\u00edt\u00e9s\u00e9re a hagyom\u00e1nyos st\u00edlusban, kosarakkal.<\/li>\n<li data-start=\"680\" data-end=\"713\"><strong data-start=\"2055\" data-end=\"2117\">Vacsora (sv\u00e9dasztalos vacsora) \u00e9s sz\u00e1ll\u00e1s a Tea Bush Ramboda Hotelben. <\/strong>Hotel panor\u00e1m\u00e1s erk\u00e9lyekkel, v\u00edzes\u00e9sre \u00e9s hegyekre n\u00e9z\u0151 kil\u00e1t\u00e1ssal. Nagyszer\u0171 hely a pihen\u00e9sre egy f\u00e1raszt\u00f3 nap ut\u00e1n.<\/li>\n<\/ul>\n<p><strong>2. nap<\/strong><\/p>\n<ul>\n<li data-start=\"2254\" data-end=\"2283\"><strong data-start=\"2254\" data-end=\"2281\">Reggeli (sv\u00e9dasztalos)<\/strong><\/li>\n<li data-start=\"2254\" data-end=\"2283\"><strong data-start=\"2287\" data-end=\"2304\">Ambuluwawa. <\/strong>Egy torony, amelyet \u00fagy jellemeztek, mint egy \u00abspir\u00e1l az \u00e9gbe\u00bb. A cs\u00facsra feljutva panor\u00e1m\u00e1s kil\u00e1t\u00e1s ny\u00edlik a dzsungelre \u00e9s a hegyi v\u00f6lgyekre.<\/li>\n<li data-start=\"2254\" data-end=\"2283\"><strong data-start=\"2423\" data-end=\"2457\">Pinnawala Elef\u00e1nt \u00d3voda. <\/strong>T\u00f6bb mint 90 elef\u00e1nt \u00e9l itt. L\u00e1thatod \u0151ket etetni \u00e9s f\u00fcrdeni, megfigyelheted a b\u00e9bielef\u00e1ntokat, \u00e9s f\u00e9nyk\u00e9peket k\u00e9sz\u00edthetsz ezekkel a csod\u00e1latos \u00e1llatokkal.<\/li>\n<li data-start=\"2254\" data-end=\"2283\"><strong data-start=\"2612\" data-end=\"2651\">Dambulla Arany Templom (15 perc). <\/strong>Egy fens\u00e9ges buddhista komplexum, amely \u0151si barlangtemplomair\u00f3l \u00e9s hatalmas arany Buddha-szobr\u00e1r\u00f3l ismert.<\/li>\n<li data-start=\"2254\" data-end=\"2283\"><strong data-start=\"2775\" data-end=\"2799\">A majmok etet\u00e9se. <\/strong>Sz\u00f3rakoz\u00e1s \u00e9s \u00e9l\u00e9nk interakci\u00f3 a pajkos helyiekkel. Remek lehet\u0151s\u00e9g ragyog\u00f3 \u00e9s vicces fot\u00f3k k\u00e9sz\u00edt\u00e9s\u00e9re.<\/li>\n<li data-start=\"2254\" data-end=\"2283\"><strong data-start=\"2915\" data-end=\"2943\">M\u00e1sszon fel Pidurangal\u00e1ba. <\/strong>A kir\u00e1ndul\u00e1s utols\u00f3 f\u00e9nypontja a Pidurangala-hegy megm\u00e1sz\u00e1sa. Innen l\u00e1thatjuk <strong data-start=\"3031\" data-end=\"3064\">a legszebb kil\u00e1t\u00e1s Sigiriy\u00e1ra<\/strong>, Sr\u00ed Lanka egyik legn\u00e9pszer\u0171bb l\u00e1tnival\u00f3ja.<\/li>\n<li data-start=\"2254\" data-end=\"2283\"><strong>23:30 - Visszat\u00e9r\u00e9s a sz\u00e1llod\u00e1ba.<\/strong><\/li>\n<\/ul>\n<p><strong>Tartalmazza:<\/strong><\/p>\n<ul>\n<li>Transzfer a sz\u00e1llod\u00e1ba \u00e9s a sz\u00e1llod\u00e1b\u00f3l (minden d\u00e9li parti sz\u00e1llod\u00e1b\u00f3l)<\/li>\n<li>A programban szerepl\u0151 \u00f6sszes \u00e1tutal\u00e1s<\/li>\n<li>Magyarul besz\u00e9l\u0151 idegenvezet\u0151<\/li>\n<li>Minden bel\u00e9p\u0151jegy a program szerint<\/li>\n<li>Sz\u00e1ll\u00e1s a Tea Bush Ramboda Hotelben<\/li>\n<li>\u00c9tkez\u00e9s: vacsora \u00e9s reggeli<\/li>\n<\/ul>\n<p><strong>Nem tartalmazza:<\/strong><\/p>\n<ul>\n<li>Eb\u00e9d ( 5-10$ )<\/li>\n<li>Egyszem\u00e9lyes elhelyez\u00e9s eset\u00e9n egy szob\u00e1ban fel\u00e1r +25$<\/li>\n<\/ul>\n<p><strong>Vigy\u00e9l magaddal:<\/strong><\/p>\n<ul>\n<li>Reggeli elvitelre (rendel\u00e9s a sz\u00e1llod\u00e1b\u00f3l)<\/li>\n<li>V\u00edz<\/li>\n<li>Fejd\u00edsz<\/li>\n<li>F\u00e9nyv\u00e9d\u0151 kr\u00e9m<\/li>\n<li>Zsebp\u00e9nz<\/li>\n<\/ul>","protected":false},"excerpt":{"rendered":"<p><strong>Kir\u00e1ndul\u00e1s Id\u0151pontja:<\/strong> 2 nap<\/p>\n<p><strong>A Kir\u00e1ndul\u00e1s Napjai:<\/strong> Kedd, szerda, szombat, vas\u00e1rnap.<\/p>","protected":false},"featured_media":58374,"template":"","meta":{"_kad_post_transparent":"default","_kad_post_title":"","_kad_post_layout":"default","_kad_post_sidebar_id":"","_kad_post_content_style":"default","_kad_post_vertical_padding":"default","_kad_post_feature":"","_kad_post_feature_position":"","_kad_post_header":false,"_kad_post_footer":false,"_kad_post_classname":"","_glsr_average":0,"_glsr_ranking":0,"_glsr_reviews":0},"product_brand":[],"product_cat":[436],"product_tag":[],"class_list":{"0":"post-58373","1":"product","2":"type-product","3":"status-publish","4":"has-post-thumbnail","6":"product_cat-srilanka","7":"tm-has-options","9":"first","10":"instock","11":"sold-individually","12":"taxable","13":"shipping-taxable","14":"purchasable","15":"product-type-simple","16":"entry","17":"content-bg","18":"loop-entry"},"yoast_head":"<!-- This site is optimized with the Yoast SEO plugin v27.3 - https:\/\/yoast.com\/product\/yoast-seo-wordpress\/ -->\n<title>\u041b\u0430\u043d\u043a\u0438\u0439\u0441\u043a\u0438\u0439 \u044d\u043a\u0441\u043f\u0440\u0435\u0441\u0441 \u041f\u043b\u044e\u0441 (\u0441 \u041f\u0438\u0434\u0443\u0440\u0430\u043d\u0433\u0430\u043b\u0430) 2 \u0434\u043d\u044f &#8226; \u042d\u043a\u0441\u043a\u0443\u0440\u0441\u0438\u0438 Skyline<\/title>\n<meta name=\"robots\" content=\"index, follow, max-snippet:-1, max-image-preview:large, max-video-preview:-1\" \/>\n<link rel=\"canonical\" href=\"https:\/\/skyline-gs.com\/hu\/termek\/sri-lanka-mozaik-pro-pidurangala-srilanka\/\" \/>\n<meta property=\"og:locale\" content=\"hu_HU\" \/>\n<meta property=\"og:type\" content=\"article\" \/>\n<meta property=\"og:title\" content=\"\u041b\u0430\u043d\u043a\u0438\u0439\u0441\u043a\u0438\u0439 \u044d\u043a\u0441\u043f\u0440\u0435\u0441\u0441 \u041f\u043b\u044e\u0441 (\u0441 \u041f\u0438\u0434\u0443\u0440\u0430\u043d\u0433\u0430\u043b\u0430) 2 \u0434\u043d\u044f &#8226; \u042d\u043a\u0441\u043a\u0443\u0440\u0441\u0438\u0438 Skyline\" \/>\n<meta property=\"og:description\" content=\"\u0412\u0440\u0435\u043c\u044f \u0442\u0443\u0440\u0430: 2 \u0434\u043d\u044f  \u0414\u043d\u0438 \u043f\u0440\u043e\u0432\u0435\u0434\u0435\u043d\u0438\u044f: \u0412\u0442\u043e\u0440\u043d\u0438\u043a, \u0421\u0440\u0435\u0434\u0430, \u0421\u0443\u0431\u0431\u043e\u0442\u0430, \u0412\u043e\u0441\u043a\u0440\u0435\u0441\u0435\u043d\u044c\u0435\" \/>\n<meta property=\"og:url\" content=\"https:\/\/skyline-gs.com\/hu\/termek\/sri-lanka-mozaik-pro-pidurangala-srilanka\/\" \/>\n<meta property=\"og:site_name\" content=\"\u042d\u043a\u0441\u043a\u0443\u0440\u0441\u0438\u0438 Skyline\" \/>\n<meta property=\"article:modified_time\" content=\"2026-03-09T21:37:38+00:00\" \/>\n<meta property=\"og:image\" content=\"https:\/\/skyline-gs.com\/wp-content\/uploads\/2024\/10\/58.jpg\" \/>\n\t<meta property=\"og:image:width\" content=\"668\" \/>\n\t<meta property=\"og:image:height\" content=\"446\" \/>\n\t<meta property=\"og:image:type\" content=\"image\/jpeg\" \/>\n<meta name=\"twitter:card\" content=\"summary_large_image\" \/>\n<meta name=\"twitter:label1\" content=\"Becs\u00fclt olvas\u00e1si id\u0151\" \/>\n\t<meta name=\"twitter:data1\" content=\"3 perc\" \/>\n<script type=\"application\/ld+json\" class=\"yoast-schema-graph\">{\"@context\":\"https:\\\/\\\/schema.org\",\"@graph\":[{\"@type\":\"WebPage\",\"@id\":\"https:\\\/\\\/skyline-gs.com\\\/product\\\/sri-lanka-mosaic-pro-pidurangala-srilanka\\\/\",\"url\":\"https:\\\/\\\/skyline-gs.com\\\/product\\\/sri-lanka-mosaic-pro-pidurangala-srilanka\\\/\",\"name\":\"\u041b\u0430\u043d\u043a\u0438\u0439\u0441\u043a\u0438\u0439 \u044d\u043a\u0441\u043f\u0440\u0435\u0441\u0441 \u041f\u043b\u044e\u0441 (\u0441 \u041f\u0438\u0434\u0443\u0440\u0430\u043d\u0433\u0430\u043b\u0430) 2 \u0434\u043d\u044f &#8226; \u042d\u043a\u0441\u043a\u0443\u0440\u0441\u0438\u0438 Skyline\",\"isPartOf\":{\"@id\":\"https:\\\/\\\/skyline-gs.com\\\/it\\\/#website\"},\"primaryImageOfPage\":{\"@id\":\"https:\\\/\\\/skyline-gs.com\\\/product\\\/sri-lanka-mosaic-pro-pidurangala-srilanka\\\/#primaryimage\"},\"image\":{\"@id\":\"https:\\\/\\\/skyline-gs.com\\\/product\\\/sri-lanka-mosaic-pro-pidurangala-srilanka\\\/#primaryimage\"},\"thumbnailUrl\":\"https:\\\/\\\/skyline-gs.com\\\/wp-content\\\/uploads\\\/2024\\\/10\\\/58.jpg\",\"datePublished\":\"2024-10-22T11:03:22+00:00\",\"dateModified\":\"2026-03-09T21:37:38+00:00\",\"breadcrumb\":{\"@id\":\"https:\\\/\\\/skyline-gs.com\\\/product\\\/sri-lanka-mosaic-pro-pidurangala-srilanka\\\/#breadcrumb\"},\"inLanguage\":\"hu\",\"potentialAction\":[{\"@type\":\"ReadAction\",\"target\":[\"https:\\\/\\\/skyline-gs.com\\\/product\\\/sri-lanka-mosaic-pro-pidurangala-srilanka\\\/\"]}]},{\"@type\":\"ImageObject\",\"inLanguage\":\"hu\",\"@id\":\"https:\\\/\\\/skyline-gs.com\\\/product\\\/sri-lanka-mosaic-pro-pidurangala-srilanka\\\/#primaryimage\",\"url\":\"https:\\\/\\\/skyline-gs.com\\\/wp-content\\\/uploads\\\/2024\\\/10\\\/58.jpg\",\"contentUrl\":\"https:\\\/\\\/skyline-gs.com\\\/wp-content\\\/uploads\\\/2024\\\/10\\\/58.jpg\",\"width\":668,\"height\":446},{\"@type\":\"BreadcrumbList\",\"@id\":\"https:\\\/\\\/skyline-gs.com\\\/product\\\/sri-lanka-mosaic-pro-pidurangala-srilanka\\\/#breadcrumb\",\"itemListElement\":[{\"@type\":\"ListItem\",\"position\":1,\"name\":\"\u0413\u043b\u0430\u0432\u043d\u0430\u044f \u0441\u0442\u0440\u0430\u043d\u0438\u0446\u0430\",\"item\":\"https:\\\/\\\/skyline-gs.com\\\/hu\\\/\"},{\"@type\":\"ListItem\",\"position\":2,\"name\":\"\u041c\u0430\u0433\u0430\u0437\u0438\u043d\",\"item\":\"https:\\\/\\\/skyline-gs.com\\\/cs\\\/shop\\\/\"},{\"@type\":\"ListItem\",\"position\":3,\"name\":\"\u041b\u0430\u043d\u043a\u0438\u0439\u0441\u043a\u0438\u0439 \u044d\u043a\u0441\u043f\u0440\u0435\u0441\u0441 \u041f\u043b\u044e\u0441 (\u0441 \u041f\u0438\u0434\u0443\u0440\u0430\u043d\u0433\u0430\u043b\u0430) 2 \u0434\u043d\u044f\"}]},{\"@type\":\"WebSite\",\"@id\":\"https:\\\/\\\/skyline-gs.com\\\/it\\\/#website\",\"url\":\"https:\\\/\\\/skyline-gs.com\\\/it\\\/\",\"name\":\"\u042d\u043a\u0441\u043a\u0443\u0440\u0441\u0438\u0438 Skyline\",\"description\":\"\u042d\u043a\u0441\u043a\u043b\u044e\u0437\u0438\u0432\u043d\u044b\u0435 \u044d\u043a\u0441\u043a\u0443\u0440\u0441\u0438\u0438 \u043d\u0430 \u043b\u0443\u0447\u0448\u0438\u0445 \u043a\u0443\u0440\u043e\u0440\u0442\u0430\u0445 \u043c\u0438\u0440\u0430\",\"publisher\":{\"@id\":\"https:\\\/\\\/skyline-gs.com\\\/it\\\/#organization\"},\"alternateName\":\"Skyline\",\"potentialAction\":[{\"@type\":\"SearchAction\",\"target\":{\"@type\":\"EntryPoint\",\"urlTemplate\":\"https:\\\/\\\/skyline-gs.com\\\/it\\\/?s={search_term_string}\"},\"query-input\":{\"@type\":\"PropertyValueSpecification\",\"valueRequired\":true,\"valueName\":\"search_term_string\"}}],\"inLanguage\":\"hu\"},{\"@type\":\"Organization\",\"@id\":\"https:\\\/\\\/skyline-gs.com\\\/it\\\/#organization\",\"name\":\"\u042d\u043a\u0441\u043a\u0443\u0440\u0441\u0438\u0438 Skyline\",\"alternateName\":\"\u042d\u043a\u0441\u043a\u0443\u0440\u0441\u0438\u0438 Skyline\",\"url\":\"https:\\\/\\\/skyline-gs.com\\\/it\\\/\",\"logo\":{\"@type\":\"ImageObject\",\"inLanguage\":\"hu\",\"@id\":\"https:\\\/\\\/skyline-gs.com\\\/it\\\/#\\\/schema\\\/logo\\\/image\\\/\",\"url\":\"https:\\\/\\\/skyline-gs.com\\\/wp-content\\\/uploads\\\/2020\\\/12\\\/cropped-logo-2.png\",\"contentUrl\":\"https:\\\/\\\/skyline-gs.com\\\/wp-content\\\/uploads\\\/2020\\\/12\\\/cropped-logo-2.png\",\"width\":512,\"height\":512,\"caption\":\"\u042d\u043a\u0441\u043a\u0443\u0440\u0441\u0438\u0438 Skyline\"},\"image\":{\"@id\":\"https:\\\/\\\/skyline-gs.com\\\/it\\\/#\\\/schema\\\/logo\\\/image\\\/\"},\"sameAs\":[\"https:\\\/\\\/www.instagram.com\\\/skylineglobalservice\\\/\"]}]}<\/script>\n<!-- \/ Yoast SEO plugin. -->","yoast_head_json":{"title":"Lanka Express Plus (Pidurangala-t\u00f3l) 2 nap - Skyline Excursions","robots":{"index":"index","follow":"follow","max-snippet":"max-snippet:-1","max-image-preview":"max-image-preview:large","max-video-preview":"max-video-preview:-1"},"canonical":"https:\/\/skyline-gs.com\/hu\/termek\/sri-lanka-mozaik-pro-pidurangala-srilanka\/","og_locale":"hu_HU","og_type":"article","og_title":"\u041b\u0430\u043d\u043a\u0438\u0439\u0441\u043a\u0438\u0439 \u044d\u043a\u0441\u043f\u0440\u0435\u0441\u0441 \u041f\u043b\u044e\u0441 (\u0441 \u041f\u0438\u0434\u0443\u0440\u0430\u043d\u0433\u0430\u043b\u0430) 2 \u0434\u043d\u044f &#8226; \u042d\u043a\u0441\u043a\u0443\u0440\u0441\u0438\u0438 Skyline","og_description":"\u0412\u0440\u0435\u043c\u044f \u0442\u0443\u0440\u0430: 2 \u0434\u043d\u044f  \u0414\u043d\u0438 \u043f\u0440\u043e\u0432\u0435\u0434\u0435\u043d\u0438\u044f: \u0412\u0442\u043e\u0440\u043d\u0438\u043a, \u0421\u0440\u0435\u0434\u0430, \u0421\u0443\u0431\u0431\u043e\u0442\u0430, \u0412\u043e\u0441\u043a\u0440\u0435\u0441\u0435\u043d\u044c\u0435","og_url":"https:\/\/skyline-gs.com\/hu\/termek\/sri-lanka-mozaik-pro-pidurangala-srilanka\/","og_site_name":"\u042d\u043a\u0441\u043a\u0443\u0440\u0441\u0438\u0438 Skyline","article_modified_time":"2026-03-09T21:37:38+00:00","og_image":[{"width":668,"height":446,"url":"https:\/\/skyline-gs.com\/wp-content\/uploads\/2024\/10\/58.jpg","type":"image\/jpeg"}],"twitter_card":"summary_large_image","twitter_misc":{"Becs\u00fclt olvas\u00e1si id\u0151":"3 perc"},"schema":{"@context":"https:\/\/schema.org","@graph":[{"@type":"WebPage","@id":"https:\/\/skyline-gs.com\/product\/sri-lanka-mosaic-pro-pidurangala-srilanka\/","url":"https:\/\/skyline-gs.com\/product\/sri-lanka-mosaic-pro-pidurangala-srilanka\/","name":"Lanka Express Plus (Pidurangala-t\u00f3l) 2 nap - Skyline Excursions","isPartOf":{"@id":"https:\/\/skyline-gs.com\/it\/#website"},"primaryImageOfPage":{"@id":"https:\/\/skyline-gs.com\/product\/sri-lanka-mosaic-pro-pidurangala-srilanka\/#primaryimage"},"image":{"@id":"https:\/\/skyline-gs.com\/product\/sri-lanka-mosaic-pro-pidurangala-srilanka\/#primaryimage"},"thumbnailUrl":"https:\/\/skyline-gs.com\/wp-content\/uploads\/2024\/10\/58.jpg","datePublished":"2024-10-22T11:03:22+00:00","dateModified":"2026-03-09T21:37:38+00:00","breadcrumb":{"@id":"https:\/\/skyline-gs.com\/product\/sri-lanka-mosaic-pro-pidurangala-srilanka\/#breadcrumb"},"inLanguage":"hu","potentialAction":[{"@type":"ReadAction","target":["https:\/\/skyline-gs.com\/product\/sri-lanka-mosaic-pro-pidurangala-srilanka\/"]}]},{"@type":"ImageObject","inLanguage":"hu","@id":"https:\/\/skyline-gs.com\/product\/sri-lanka-mosaic-pro-pidurangala-srilanka\/#primaryimage","url":"https:\/\/skyline-gs.com\/wp-content\/uploads\/2024\/10\/58.jpg","contentUrl":"https:\/\/skyline-gs.com\/wp-content\/uploads\/2024\/10\/58.jpg","width":668,"height":446},{"@type":"BreadcrumbList","@id":"https:\/\/skyline-gs.com\/product\/sri-lanka-mosaic-pro-pidurangala-srilanka\/#breadcrumb","itemListElement":[{"@type":"ListItem","position":1,"name":"\u0413\u043b\u0430\u0432\u043d\u0430\u044f \u0441\u0442\u0440\u0430\u043d\u0438\u0446\u0430","item":"https:\/\/skyline-gs.com\/hu\/"},{"@type":"ListItem","position":2,"name":"\u041c\u0430\u0433\u0430\u0437\u0438\u043d","item":"https:\/\/skyline-gs.com\/cs\/shop\/"},{"@type":"ListItem","position":3,"name":"\u041b\u0430\u043d\u043a\u0438\u0439\u0441\u043a\u0438\u0439 \u044d\u043a\u0441\u043f\u0440\u0435\u0441\u0441 \u041f\u043b\u044e\u0441 (\u0441 \u041f\u0438\u0434\u0443\u0440\u0430\u043d\u0433\u0430\u043b\u0430) 2 \u0434\u043d\u044f"}]},{"@type":"WebSite","@id":"https:\/\/skyline-gs.com\/it\/#website","url":"https:\/\/skyline-gs.com\/it\/","name":"Skyline T\u00far\u00e1k","description":"Exkluz\u00edv kir\u00e1ndul\u00e1sok a vil\u00e1g legjobb \u00fcd\u00fcl\u0151helyein","publisher":{"@id":"https:\/\/skyline-gs.com\/it\/#organization"},"alternateName":"Skyline","potentialAction":[{"@type":"SearchAction","target":{"@type":"EntryPoint","urlTemplate":"https:\/\/skyline-gs.com\/it\/?s={search_term_string}"},"query-input":{"@type":"PropertyValueSpecification","valueRequired":true,"valueName":"search_term_string"}}],"inLanguage":"hu"},{"@type":"Organization","@id":"https:\/\/skyline-gs.com\/it\/#organization","name":"Skyline T\u00far\u00e1k","alternateName":"\u042d\u043a\u0441\u043a\u0443\u0440\u0441\u0438\u0438 Skyline","url":"https:\/\/skyline-gs.com\/it\/","logo":{"@type":"ImageObject","inLanguage":"hu","@id":"https:\/\/skyline-gs.com\/it\/#\/schema\/logo\/image\/","url":"https:\/\/skyline-gs.com\/wp-content\/uploads\/2020\/12\/cropped-logo-2.png","contentUrl":"https:\/\/skyline-gs.com\/wp-content\/uploads\/2020\/12\/cropped-logo-2.png","width":512,"height":512,"caption":"\u042d\u043a\u0441\u043a\u0443\u0440\u0441\u0438\u0438 Skyline"},"image":{"@id":"https:\/\/skyline-gs.com\/it\/#\/schema\/logo\/image\/"},"sameAs":["https:\/\/www.instagram.com\/skylineglobalservice\/"]}]}},"_links":{"self":[{"href":"https:\/\/skyline-gs.com\/hu\/wp-json\/wp\/v2\/product\/58373","targetHints":{"allow":["GET"]}}],"collection":[{"href":"https:\/\/skyline-gs.com\/hu\/wp-json\/wp\/v2\/product"}],"about":[{"href":"https:\/\/skyline-gs.com\/hu\/wp-json\/wp\/v2\/types\/product"}],"version-history":[{"count":0,"href":"https:\/\/skyline-gs.com\/hu\/wp-json\/wp\/v2\/product\/58373\/revisions"}],"wp:featuredmedia":[{"embeddable":true,"href":"https:\/\/skyline-gs.com\/hu\/wp-json\/wp\/v2\/media\/58374"}],"wp:attachment":[{"href":"https:\/\/skyline-gs.com\/hu\/wp-json\/wp\/v2\/media?parent=58373"}],"wp:term":[{"taxonomy":"product_brand","embeddable":true,"href":"https:\/\/skyline-gs.com\/hu\/wp-json\/wp\/v2\/product_brand?post=58373"},{"taxonomy":"product_cat","embeddable":true,"href":"https:\/\/skyline-gs.com\/hu\/wp-json\/wp\/v2\/product_cat?post=58373"},{"taxonomy":"product_tag","embeddable":true,"href":"https:\/\/skyline-gs.com\/hu\/wp-json\/wp\/v2\/product_tag?post=58373"}],"curies":[{"name":"wp","href":"https:\/\/api.w.org\/{rel}","templated":true}]}}