{"id":57515,"date":"2022-10-25T17:20:06","date_gmt":"2022-10-25T14:20:06","guid":{"rendered":"https:\/\/hurghada.skyline-gs.com\/?post_type=product&#038;p=25566"},"modified":"2025-10-21T22:34:40","modified_gmt":"2025-10-21T20:34:40","slug":"sahl-hashish","status":"publish","type":"product","link":"https:\/\/skyline-gs.com\/hu\/product\/sahl-hashish\/","title":{"rendered":"Sahl Hasheesh"},"content":{"rendered":"<p><strong>15:00<\/strong> &#8212; \u041e\u0442\u043f\u0440\u0430\u0432\u043b\u0435\u043d\u0438\u0435 \u0438\u0437 \u043e\u0442\u0435\u043b\u044f. \u041f\u0443\u0442\u044c \u0437\u0430\u0439\u043c\u0435\u0442 \u043e\u043a\u043e\u043b\u043e 30 \u043c\u0438\u043d\u0443\u0442.<\/p>\n<p><strong>\u0421\u0430\u0445\u043b \u0425\u0430\u0448\u0438\u0448 \u2013 \u044d\u0442\u043e \u043c\u0435\u0441\u0442\u043e, \u0433\u0434\u0435 \u0432\u0441\u0442\u0440\u0435\u0447\u0430\u044e\u0442\u0441\u044f \u0440\u043e\u0441\u043a\u043e\u0448\u044c \u0438 \u043f\u0440\u0438\u0440\u043e\u0434\u043d\u0430\u044f \u043a\u0440\u0430\u0441\u043e\u0442\u0430. \u041f\u0440\u0438\u0433\u043b\u0430\u0448\u0430\u0435\u043c \u0432\u0430\u0441 \u043d\u0430 \u043d\u0435\u0437\u0430\u0431\u044b\u0432\u0430\u0435\u043c\u0443\u044e \u044d\u043a\u0441\u043a\u0443\u0440\u0441\u0438\u044e, \u0447\u0442\u043e\u0431\u044b \u043d\u0430\u0441\u043b\u0430\u0434\u0438\u0442\u044c\u0441\u044f \u0437\u0430\u043a\u0430\u0442\u043e\u043c \u0432 \u044d\u0442\u043e\u043c \u0440\u0430\u0439\u0441\u043a\u043e\u043c \u0443\u0433\u043e\u043b\u043a\u0435.<\/strong><\/p>\n<p><strong>\u041f\u043e\u0441\u0435\u0449\u0435\u043d\u0438\u0435 \u043c\u0443\u0437\u0435\u044f \u043f\u0435\u0441\u0447\u0430\u043d\u044b\u0445 \u0441\u043a\u0443\u043b\u044c\u043f\u0442\u0443\u0440 \u043f\u043e\u0434 \u043e\u0442\u043a\u0440\u044b\u0442\u044b\u043c \u043d\u0435\u0431\u043e\u043c:<\/strong><\/p>\n<ul>\n<li>\u041d\u0430\u0441\u043b\u0430\u0434\u0438\u0442\u0435\u0441\u044c \u0443\u0434\u0438\u0432\u0438\u0442\u0435\u043b\u044c\u043d\u044b\u043c\u0438 \u043f\u0440\u043e\u0438\u0437\u0432\u0435\u0434\u0435\u043d\u0438\u044f\u043c\u0438 \u0438\u0441\u043a\u0443\u0441\u0441\u0442\u0432\u0430 \u0438\u0437 \u043f\u0435\u0441\u043a\u0430, \u043a\u0430\u0436\u0434\u0430\u044f \u0441\u043a\u0443\u043b\u044c\u043f\u0442\u0443\u0440\u0430 \u0432\u043f\u0435\u0447\u0430\u0442\u043b\u044f\u0435\u0442 \u0441\u0432\u043e\u0435\u0439 \u0434\u0435\u0442\u0430\u043b\u0438\u0437\u0430\u0446\u0438\u0435\u0439 \u0438 \u043c\u0430\u0441\u0448\u0442\u0430\u0431\u043e\u043c, \u0440\u0430\u0441\u0441\u043a\u0430\u0437\u044b\u0432\u0430\u044f \u0441\u0432\u043e\u044e \u0443\u043d\u0438\u043a\u0430\u043b\u044c\u043d\u0443\u044e \u0438\u0441\u0442\u043e\u0440\u0438\u044e.<\/li>\n<\/ul>\n<p><strong>\u041f\u0440\u0438\u0431\u044b\u0442\u0438\u0435 \u0432 \u0421\u0430\u0445\u043b \u0425\u0430\u0448\u0438\u0448:<\/strong><\/p>\n<ul>\n<li>\u041e\u0441\u0442\u0430\u043d\u043e\u0432\u043a\u0430 \u0443 \u0441\u0430\u043c\u044b\u0445 \u0436\u0438\u0432\u043e\u043f\u0438\u0441\u043d\u044b\u0445 \u0442\u043e\u0447\u0435\u043a \u0434\u043b\u044f \u0444\u043e\u0442\u043e\u0433\u0440\u0430\u0444\u0438\u0439: \u0412\u0445\u043e\u0434 \u0424\u0430\u0440\u0430\u043e\u043d\u043e\u0432, \u043f\u043b\u043e\u0449\u0430\u0434\u044c \u041f\u044c\u044f\u0446\u0446\u0430<\/li>\n<li>\u041f\u0440\u043e\u0433\u0443\u043b\u043a\u0430 \u043f\u043e \u043d\u0430\u0431\u0435\u0440\u0435\u0436\u043d\u043e\u0439 \u043d\u0430 \u0433\u043e\u043b\u044c\u0444-\u043a\u0430\u0440\u0430\u0445 \u0441 \u0432\u0438\u0434\u043e\u043c \u043d\u0430 \u043b\u0430\u0437\u0443\u0440\u043d\u044b\u0435 \u0432\u043e\u0434\u044b \u041a\u0440\u0430\u0441\u043d\u043e\u0433\u043e \u043c\u043e\u0440\u044f<\/li>\n<\/ul>\n<p><strong>\u041d\u0430\u0441\u043b\u0430\u0436\u0434\u0435\u043d\u0438\u0435 \u0437\u0430\u043a\u0430\u0442\u043e\u043c \u043d\u0430 \u043f\u043b\u044f\u0436\u0435:<\/strong><\/p>\n<ul>\n<li>\u041f\u0440\u0435\u043a\u0440\u0430\u0441\u043d\u044b\u0435 \u0432\u0438\u0434\u044b \u043d\u0430 \u0437\u0430\u043a\u0430\u0442\u043d\u044b\u0435 \u043b\u0443\u0447\u0438, \u043e\u0442\u0440\u0430\u0436\u0430\u044e\u0449\u0438\u0435\u0441\u044f \u0432 \u043c\u043e\u0440\u0435<\/li>\n<li>\u0412\u0440\u0435\u043c\u044f \u0434\u043b\u044f \u043e\u0442\u0434\u044b\u0445\u0430 \u0438 \u0440\u0435\u043b\u0430\u043a\u0441\u0430\u0446\u0438\u0438 \u043d\u0430 \u043c\u044f\u0433\u043a\u043e\u043c \u043f\u0435\u0441\u043a\u0435<\/li>\n<\/ul>\n<p><strong>19:30<\/strong> - Visszat\u00e9r\u00e9s a sz\u00e1llod\u00e1ba.<\/p>\n<p><strong>Tartalmazza:<\/strong><\/p>\n<ul>\n<li>Transzfer a sz\u00e1llod\u00e1b\u00f3l \u00e9s vissza<\/li>\n<li>A programban szerepl\u0151 \u00f6sszes \u00e1tutal\u00e1s<\/li>\n<li>Orosz nyelv\u0171 idegenvezet\u0151<\/li>\n<li>Bel\u00e9p\u0151d\u00edjak a program szerint<\/li>\n<\/ul>\n<p><strong>Nem tartalmazza:<\/strong><\/p>\n<ul>\n<li>Transzfer El Gouna, Makadi sz\u00e1llod\u00e1ib\u00f3l: +10$ oda-vissza 1-6 f\u0151s csoportok sz\u00e1m\u00e1ra.<\/li>\n<li>Transzfer a Soma Bay, Safaga sz\u00e1llod\u00e1kt\u00f3l: +20$ oda-vissza 1-6 f\u0151s csoportonk\u00e9nt<\/li>\n<\/ul>\n<p><strong>Vigy\u00e9l magaddal:<\/strong><\/p>\n<ul>\n<li>Fejd\u00edsz<\/li>\n<li>P\u00e9nz szem\u00e9lyes kiad\u00e1sokra \u00e9s aj\u00e1nd\u00e9kt\u00e1rgyakra<\/li>\n<\/ul>","protected":false},"excerpt":{"rendered":"<p><strong>Id\u0151tartam:<\/strong> 15:00 - 19:30<\/p>\n<p><strong>A Kir\u00e1ndul\u00e1s Napjai:\u00a0<\/strong>\u041f\u043e\u043d\u0435\u0434\u0435\u043b\u044c\u043d\u0438\u043a, \u0421\u0440\u0435\u0434\u0430<\/p>","protected":false},"featured_media":23341,"template":"","meta":{"_kad_post_transparent":"default","_kad_post_title":"","_kad_post_layout":"default","_kad_post_sidebar_id":"","_kad_post_content_style":"default","_kad_post_vertical_padding":"default","_kad_post_feature":"","_kad_post_feature_position":"","_kad_post_header":false,"_kad_post_footer":false,"_kad_post_classname":"","_glsr_average":0,"_glsr_ranking":0,"_glsr_reviews":0},"product_brand":[],"product_cat":[479],"product_tag":[],"class_list":{"0":"post-57515","1":"product","2":"type-product","3":"status-publish","4":"has-post-thumbnail","6":"product_cat-hurghadatours","7":"tm-has-options","9":"first","10":"instock","11":"sale","12":"sold-individually","13":"taxable","14":"shipping-taxable","15":"purchasable","16":"product-type-simple","17":"entry","18":"content-bg","19":"loop-entry"},"yoast_head":"<!-- This site is optimized with the Yoast SEO plugin v27.3 - https:\/\/yoast.com\/product\/yoast-seo-wordpress\/ -->\n<title>\u0421\u0430\u0445\u043b \u0425\u0430\u0448\u0438\u0448 &#8226; \u042d\u043a\u0441\u043a\u0443\u0440\u0441\u0438\u0438 Skyline<\/title>\n<meta name=\"robots\" content=\"index, follow, max-snippet:-1, max-image-preview:large, max-video-preview:-1\" \/>\n<link rel=\"canonical\" href=\"https:\/\/skyline-gs.com\/hu\/termek\/sahl-hashish\/\" \/>\n<meta property=\"og:locale\" content=\"hu_HU\" \/>\n<meta property=\"og:type\" content=\"article\" \/>\n<meta property=\"og:title\" content=\"\u0421\u0430\u0445\u043b \u0425\u0430\u0448\u0438\u0448 &#8226; \u042d\u043a\u0441\u043a\u0443\u0440\u0441\u0438\u0438 Skyline\" \/>\n<meta property=\"og:description\" content=\"\u0414\u043b\u0438\u0442\u0435\u043b\u044c\u043d\u043e\u0441\u0442\u044c: 15:00 \u2014 19:30  \u0414\u043d\u0438 \u043f\u0440\u043e\u0432\u0435\u0434\u0435\u043d\u0438\u044f:\u00a0\u041f\u043e\u043d\u0435\u0434\u0435\u043b\u044c\u043d\u0438\u043a, \u0421\u0440\u0435\u0434\u0430\" \/>\n<meta property=\"og:url\" content=\"https:\/\/skyline-gs.com\/hu\/termek\/sahl-hashish\/\" \/>\n<meta property=\"og:site_name\" content=\"\u042d\u043a\u0441\u043a\u0443\u0440\u0441\u0438\u0438 Skyline\" \/>\n<meta property=\"article:modified_time\" content=\"2025-10-21T20:34:40+00:00\" \/>\n<meta property=\"og:image\" content=\"https:\/\/skyline-gs.com\/wp-content\/uploads\/2021\/03\/Foto-na-sajt-2.png\" \/>\n\t<meta property=\"og:image:width\" content=\"669\" \/>\n\t<meta property=\"og:image:height\" content=\"446\" \/>\n\t<meta property=\"og:image:type\" content=\"image\/png\" \/>\n<meta name=\"twitter:card\" content=\"summary_large_image\" \/>\n<meta name=\"twitter:label1\" content=\"Becs\u00fclt olvas\u00e1si id\u0151\" \/>\n\t<meta name=\"twitter:data1\" content=\"2 perc\" \/>\n<script type=\"application\/ld+json\" class=\"yoast-schema-graph\">{\"@context\":\"https:\\\/\\\/schema.org\",\"@graph\":[{\"@type\":\"WebPage\",\"@id\":\"https:\\\/\\\/skyline-gs.com\\\/it\\\/prodotto\\\/sahl-hashish\\\/\",\"url\":\"https:\\\/\\\/skyline-gs.com\\\/it\\\/prodotto\\\/sahl-hashish\\\/\",\"name\":\"\u0421\u0430\u0445\u043b \u0425\u0430\u0448\u0438\u0448 &#8226; \u042d\u043a\u0441\u043a\u0443\u0440\u0441\u0438\u0438 Skyline\",\"isPartOf\":{\"@id\":\"https:\\\/\\\/skyline-gs.com\\\/it\\\/#website\"},\"primaryImageOfPage\":{\"@id\":\"https:\\\/\\\/skyline-gs.com\\\/it\\\/prodotto\\\/sahl-hashish\\\/#primaryimage\"},\"image\":{\"@id\":\"https:\\\/\\\/skyline-gs.com\\\/it\\\/prodotto\\\/sahl-hashish\\\/#primaryimage\"},\"thumbnailUrl\":\"https:\\\/\\\/skyline-gs.com\\\/wp-content\\\/uploads\\\/2021\\\/03\\\/Foto-na-sajt-2.png\",\"datePublished\":\"2022-10-25T14:20:06+00:00\",\"dateModified\":\"2025-10-21T20:34:40+00:00\",\"breadcrumb\":{\"@id\":\"https:\\\/\\\/skyline-gs.com\\\/it\\\/prodotto\\\/sahl-hashish\\\/#breadcrumb\"},\"inLanguage\":\"hu\",\"potentialAction\":[{\"@type\":\"ReadAction\",\"target\":[\"https:\\\/\\\/skyline-gs.com\\\/it\\\/prodotto\\\/sahl-hashish\\\/\"]}]},{\"@type\":\"ImageObject\",\"inLanguage\":\"hu\",\"@id\":\"https:\\\/\\\/skyline-gs.com\\\/it\\\/prodotto\\\/sahl-hashish\\\/#primaryimage\",\"url\":\"https:\\\/\\\/skyline-gs.com\\\/wp-content\\\/uploads\\\/2021\\\/03\\\/Foto-na-sajt-2.png\",\"contentUrl\":\"https:\\\/\\\/skyline-gs.com\\\/wp-content\\\/uploads\\\/2021\\\/03\\\/Foto-na-sajt-2.png\",\"width\":669,\"height\":446},{\"@type\":\"BreadcrumbList\",\"@id\":\"https:\\\/\\\/skyline-gs.com\\\/it\\\/prodotto\\\/sahl-hashish\\\/#breadcrumb\",\"itemListElement\":[{\"@type\":\"ListItem\",\"position\":1,\"name\":\"\u0413\u043b\u0430\u0432\u043d\u0430\u044f \u0441\u0442\u0440\u0430\u043d\u0438\u0446\u0430\",\"item\":\"https:\\\/\\\/skyline-gs.com\\\/hu\\\/\"},{\"@type\":\"ListItem\",\"position\":2,\"name\":\"\u041c\u0430\u0433\u0430\u0437\u0438\u043d\",\"item\":\"https:\\\/\\\/skyline-gs.com\\\/cs\\\/shop\\\/\"},{\"@type\":\"ListItem\",\"position\":3,\"name\":\"\u0421\u0430\u0445\u043b \u0425\u0430\u0448\u0438\u0448\"}]},{\"@type\":\"WebSite\",\"@id\":\"https:\\\/\\\/skyline-gs.com\\\/it\\\/#website\",\"url\":\"https:\\\/\\\/skyline-gs.com\\\/it\\\/\",\"name\":\"\u042d\u043a\u0441\u043a\u0443\u0440\u0441\u0438\u0438 Skyline\",\"description\":\"\u042d\u043a\u0441\u043a\u043b\u044e\u0437\u0438\u0432\u043d\u044b\u0435 \u044d\u043a\u0441\u043a\u0443\u0440\u0441\u0438\u0438 \u043d\u0430 \u043b\u0443\u0447\u0448\u0438\u0445 \u043a\u0443\u0440\u043e\u0440\u0442\u0430\u0445 \u043c\u0438\u0440\u0430\",\"publisher\":{\"@id\":\"https:\\\/\\\/skyline-gs.com\\\/it\\\/#organization\"},\"alternateName\":\"Skyline\",\"potentialAction\":[{\"@type\":\"SearchAction\",\"target\":{\"@type\":\"EntryPoint\",\"urlTemplate\":\"https:\\\/\\\/skyline-gs.com\\\/it\\\/?s={search_term_string}\"},\"query-input\":{\"@type\":\"PropertyValueSpecification\",\"valueRequired\":true,\"valueName\":\"search_term_string\"}}],\"inLanguage\":\"hu\"},{\"@type\":\"Organization\",\"@id\":\"https:\\\/\\\/skyline-gs.com\\\/it\\\/#organization\",\"name\":\"\u042d\u043a\u0441\u043a\u0443\u0440\u0441\u0438\u0438 Skyline\",\"alternateName\":\"\u042d\u043a\u0441\u043a\u0443\u0440\u0441\u0438\u0438 Skyline\",\"url\":\"https:\\\/\\\/skyline-gs.com\\\/it\\\/\",\"logo\":{\"@type\":\"ImageObject\",\"inLanguage\":\"hu\",\"@id\":\"https:\\\/\\\/skyline-gs.com\\\/it\\\/#\\\/schema\\\/logo\\\/image\\\/\",\"url\":\"https:\\\/\\\/skyline-gs.com\\\/wp-content\\\/uploads\\\/2020\\\/12\\\/cropped-logo-2.png\",\"contentUrl\":\"https:\\\/\\\/skyline-gs.com\\\/wp-content\\\/uploads\\\/2020\\\/12\\\/cropped-logo-2.png\",\"width\":512,\"height\":512,\"caption\":\"\u042d\u043a\u0441\u043a\u0443\u0440\u0441\u0438\u0438 Skyline\"},\"image\":{\"@id\":\"https:\\\/\\\/skyline-gs.com\\\/it\\\/#\\\/schema\\\/logo\\\/image\\\/\"},\"sameAs\":[\"https:\\\/\\\/www.instagram.com\\\/skylineglobalservice\\\/\"]}]}<\/script>\n<!-- \/ Yoast SEO plugin. -->","yoast_head_json":{"title":"\u0421\u0430\u0445\u043b \u0425\u0430\u0448\u0438\u0448 &#8226; \u042d\u043a\u0441\u043a\u0443\u0440\u0441\u0438\u0438 Skyline","robots":{"index":"index","follow":"follow","max-snippet":"max-snippet:-1","max-image-preview":"max-image-preview:large","max-video-preview":"max-video-preview:-1"},"canonical":"https:\/\/skyline-gs.com\/hu\/termek\/sahl-hashish\/","og_locale":"hu_HU","og_type":"article","og_title":"\u0421\u0430\u0445\u043b \u0425\u0430\u0448\u0438\u0448 &#8226; \u042d\u043a\u0441\u043a\u0443\u0440\u0441\u0438\u0438 Skyline","og_description":"\u0414\u043b\u0438\u0442\u0435\u043b\u044c\u043d\u043e\u0441\u0442\u044c: 15:00 \u2014 19:30  \u0414\u043d\u0438 \u043f\u0440\u043e\u0432\u0435\u0434\u0435\u043d\u0438\u044f:\u00a0\u041f\u043e\u043d\u0435\u0434\u0435\u043b\u044c\u043d\u0438\u043a, \u0421\u0440\u0435\u0434\u0430","og_url":"https:\/\/skyline-gs.com\/hu\/termek\/sahl-hashish\/","og_site_name":"\u042d\u043a\u0441\u043a\u0443\u0440\u0441\u0438\u0438 Skyline","article_modified_time":"2025-10-21T20:34:40+00:00","og_image":[{"width":669,"height":446,"url":"https:\/\/skyline-gs.com\/wp-content\/uploads\/2021\/03\/Foto-na-sajt-2.png","type":"image\/png"}],"twitter_card":"summary_large_image","twitter_misc":{"Becs\u00fclt olvas\u00e1si id\u0151":"2 perc"},"schema":{"@context":"https:\/\/schema.org","@graph":[{"@type":"WebPage","@id":"https:\/\/skyline-gs.com\/it\/prodotto\/sahl-hashish\/","url":"https:\/\/skyline-gs.com\/it\/prodotto\/sahl-hashish\/","name":"\u0421\u0430\u0445\u043b \u0425\u0430\u0448\u0438\u0448 &#8226; \u042d\u043a\u0441\u043a\u0443\u0440\u0441\u0438\u0438 Skyline","isPartOf":{"@id":"https:\/\/skyline-gs.com\/it\/#website"},"primaryImageOfPage":{"@id":"https:\/\/skyline-gs.com\/it\/prodotto\/sahl-hashish\/#primaryimage"},"image":{"@id":"https:\/\/skyline-gs.com\/it\/prodotto\/sahl-hashish\/#primaryimage"},"thumbnailUrl":"https:\/\/skyline-gs.com\/wp-content\/uploads\/2021\/03\/Foto-na-sajt-2.png","datePublished":"2022-10-25T14:20:06+00:00","dateModified":"2025-10-21T20:34:40+00:00","breadcrumb":{"@id":"https:\/\/skyline-gs.com\/it\/prodotto\/sahl-hashish\/#breadcrumb"},"inLanguage":"hu","potentialAction":[{"@type":"ReadAction","target":["https:\/\/skyline-gs.com\/it\/prodotto\/sahl-hashish\/"]}]},{"@type":"ImageObject","inLanguage":"hu","@id":"https:\/\/skyline-gs.com\/it\/prodotto\/sahl-hashish\/#primaryimage","url":"https:\/\/skyline-gs.com\/wp-content\/uploads\/2021\/03\/Foto-na-sajt-2.png","contentUrl":"https:\/\/skyline-gs.com\/wp-content\/uploads\/2021\/03\/Foto-na-sajt-2.png","width":669,"height":446},{"@type":"BreadcrumbList","@id":"https:\/\/skyline-gs.com\/it\/prodotto\/sahl-hashish\/#breadcrumb","itemListElement":[{"@type":"ListItem","position":1,"name":"\u0413\u043b\u0430\u0432\u043d\u0430\u044f \u0441\u0442\u0440\u0430\u043d\u0438\u0446\u0430","item":"https:\/\/skyline-gs.com\/hu\/"},{"@type":"ListItem","position":2,"name":"\u041c\u0430\u0433\u0430\u0437\u0438\u043d","item":"https:\/\/skyline-gs.com\/cs\/shop\/"},{"@type":"ListItem","position":3,"name":"\u0421\u0430\u0445\u043b \u0425\u0430\u0448\u0438\u0448"}]},{"@type":"WebSite","@id":"https:\/\/skyline-gs.com\/it\/#website","url":"https:\/\/skyline-gs.com\/it\/","name":"Skyline T\u00far\u00e1k","description":"Exkluz\u00edv kir\u00e1ndul\u00e1sok a vil\u00e1g legjobb \u00fcd\u00fcl\u0151helyein","publisher":{"@id":"https:\/\/skyline-gs.com\/it\/#organization"},"alternateName":"Skyline","potentialAction":[{"@type":"SearchAction","target":{"@type":"EntryPoint","urlTemplate":"https:\/\/skyline-gs.com\/it\/?s={search_term_string}"},"query-input":{"@type":"PropertyValueSpecification","valueRequired":true,"valueName":"search_term_string"}}],"inLanguage":"hu"},{"@type":"Organization","@id":"https:\/\/skyline-gs.com\/it\/#organization","name":"Skyline T\u00far\u00e1k","alternateName":"\u042d\u043a\u0441\u043a\u0443\u0440\u0441\u0438\u0438 Skyline","url":"https:\/\/skyline-gs.com\/it\/","logo":{"@type":"ImageObject","inLanguage":"hu","@id":"https:\/\/skyline-gs.com\/it\/#\/schema\/logo\/image\/","url":"https:\/\/skyline-gs.com\/wp-content\/uploads\/2020\/12\/cropped-logo-2.png","contentUrl":"https:\/\/skyline-gs.com\/wp-content\/uploads\/2020\/12\/cropped-logo-2.png","width":512,"height":512,"caption":"\u042d\u043a\u0441\u043a\u0443\u0440\u0441\u0438\u0438 Skyline"},"image":{"@id":"https:\/\/skyline-gs.com\/it\/#\/schema\/logo\/image\/"},"sameAs":["https:\/\/www.instagram.com\/skylineglobalservice\/"]}]}},"_links":{"self":[{"href":"https:\/\/skyline-gs.com\/hu\/wp-json\/wp\/v2\/product\/57515","targetHints":{"allow":["GET"]}}],"collection":[{"href":"https:\/\/skyline-gs.com\/hu\/wp-json\/wp\/v2\/product"}],"about":[{"href":"https:\/\/skyline-gs.com\/hu\/wp-json\/wp\/v2\/types\/product"}],"version-history":[{"count":0,"href":"https:\/\/skyline-gs.com\/hu\/wp-json\/wp\/v2\/product\/57515\/revisions"}],"wp:featuredmedia":[{"embeddable":true,"href":"https:\/\/skyline-gs.com\/hu\/wp-json\/wp\/v2\/media\/23341"}],"wp:attachment":[{"href":"https:\/\/skyline-gs.com\/hu\/wp-json\/wp\/v2\/media?parent=57515"}],"wp:term":[{"taxonomy":"product_brand","embeddable":true,"href":"https:\/\/skyline-gs.com\/hu\/wp-json\/wp\/v2\/product_brand?post=57515"},{"taxonomy":"product_cat","embeddable":true,"href":"https:\/\/skyline-gs.com\/hu\/wp-json\/wp\/v2\/product_cat?post=57515"},{"taxonomy":"product_tag","embeddable":true,"href":"https:\/\/skyline-gs.com\/hu\/wp-json\/wp\/v2\/product_tag?post=57515"}],"curies":[{"name":"wp","href":"https:\/\/api.w.org\/{rel}","templated":true}]}}