{"id":57498,"date":"2021-04-15T20:05:33","date_gmt":"2021-04-15T17:05:33","guid":{"rendered":"https:\/\/hurghada.skyline-gs.com\/?post_type=product&#038;p=19439"},"modified":"2026-01-31T00:09:02","modified_gmt":"2026-01-30T22:09:02","slug":"privat-luxor-hurghada","status":"publish","type":"product","link":"https:\/\/skyline-gs.com\/hu\/product\/privat-luxor-hurghada\/","title":{"rendered":"Szem\u00e9lyre szabott Luxor"},"content":{"rendered":"<p>Reggel 4:30-kor indul\u00e1s a sz\u00e1llod\u00e1b\u00f3l. Az \u00fat egy ir\u00e1nyba k\u00f6r\u00fclbel\u00fcl 4,5 \u00f3r\u00e1t vesz ig\u00e9nybe. 8:30-kor \u00e9rkez\u00e9s a N\u00edlus-v\u00f6lgybe \u00e9s az igazi egyiptomi \u00e9let megtekint\u00e9se. 9:30-kor \u00e9rkez\u00e9s Luxorba. Luxorba \u00e9rkezve kezd\u0151dik a program els\u0151 r\u00e9sze, az \u201e\u00c9l\u0151k v\u00e1rosa\u201d, amely a N\u00edlus keleti partj\u00e1n tal\u00e1lhat\u00f3. L\u00e1togat\u00e1s a Karnak templomhoz, ami az \u00f3kori vil\u00e1g legnagyobb \u00e9p\u00edt\u00e9szeti alkot\u00e1sa \u00e9s az egyik legnagyobb templomkomplexum a vil\u00e1gon. A Karnak templomot nem egyetlen f\u00e1ra\u00f3, s\u0151t nem is egyetlen dinasztia \u00e9p\u00edtette, k\u00f6r\u00fclbel\u00fcl 30 f\u00e1ra\u00f3 j\u00e1rult hozz\u00e1 a komplexum l\u00e9trehoz\u00e1s\u00e1hoz, templomokat, pilonokat, k\u00e1poln\u00e1kat \u00e9s obeliszkeket adva hozz\u00e1, amelyek Th\u00e9ba isteneinek szenteltek. A Karnak templom h\u00e1rom nagy \u00e9p\u00edtm\u00e9nyb\u0151l, t\u00f6bb kisebb templomb\u00f3l \u00e1ll, amelyek a f\u0151 ter\u00fcleten bel\u00fcl helyezkednek el. Eb\u00e9d sv\u00e9dasztalos rendszerben egy \u00e9tteremben (italok nem tartoznak az \u00e1rba).<\/p>\n<p>Ezut\u00e1n haj\u00f3val a N\u00edluson a nyugati partra a halottak v\u00e1ros\u00e1ba, ahol a program m\u00e1sodik r\u00e9sze lesz. L\u00e1togat\u00e1s Ciszjord\u00e1ni\u00e1ban \u00e9s a Holtak V\u00f6lgy\u00e9ben. El\u0151sz\u00f6r a memnoni kolosszusok fogadnak, k\u00e9t hatalmas, 18 m\u00e9ter magas, egyenk\u00e9nt t\u00f6bb mint 700 tonn\u00e1s szobor. Hajtson \u00e1t a Holtak V\u00f6lgy\u00e9n, \u00e9s l\u00e1togasson el Hatsepszut f\u00e1ra\u00f3 kir\u00e1lyn\u0151 templom\u00e1ba.\nEnnek a monument\u00e1lis \u00e9p\u00edtm\u00e9nynek a f\u0151 \u00e9p\u00edt\u00e9szeti jellemz\u0151je a 3 egym\u00e1s felett elhelyezked\u0151 terasz, amelyek mindegyike nyitott udvarral, fedett, pilaszteres szob\u00e1kkal \u00e9s a hegy m\u00e9ly\u00e9n megb\u00fav\u00f3 szent\u00e9lyekkel rendelkezik. Hatsepszut az \u00f3kori Egyiptom t\u00f6rt\u00e9net\u00e9nek egyik legh\u00edresebb alakja.\nAz \u00f3kori Egyiptom t\u00f6rt\u00e9nete vasuralkod\u00f3k\u00e9nt eml\u00edti. Ezt k\u00f6vet\u0151en egy s\u00e9ta a N\u00edlus ment\u00e9n, a Ban\u00e1n-sziget megl\u00e1togat\u00e1s\u00e1val (opcion\u00e1lis 10 \u20ac fel\u00e1r ellen\u00e9ben). A kir\u00e1ndul\u00e1s v\u00e9ge \u00e9s vissza\u00fat.<br \/>\n21:00 Visszat\u00e9r\u00e9s a sz\u00e1llod\u00e1ba.<\/p>\n<p><strong>Tartalmazza:<\/strong><\/p>\n<ul>\n<li>Transzfer l\u00e9gkondicion\u00e1lt szem\u00e9lyg\u00e9pkocsival;<\/li>\n<li>Magyarul besz\u00e9l\u0151 egyiptol\u00f3gus kalauz;<\/li>\n<li>Bel\u00e9p\u0151d\u00edjak az \u00f6sszes eml\u00edtett l\u00e1tnival\u00f3hoz;<\/li>\n<li>L\u00e1togat\u00e1s a karnaki templomban magyarul besz\u00e9l\u0151 egyiptol\u00f3gus idegenvezet\u0151vel;<\/li>\n<li>L\u00e1togat\u00e1s a memnoni kolosszokban magyarul besz\u00e9l\u0151 egyiptol\u00f3gus idegenvezet\u0151vel;<\/li>\n<li>L\u00e1togat\u00e1s a n\u0151 templom\u00e1ban Hatsepszut f\u00e1ra\u00f3 magyarul besz\u00e9l\u0151 egyiptol\u00f3gus kalauzsal;<\/li>\n<li>Eb\u00e9d egy luxori \u00e9tteremben.<\/li>\n<\/ul>\n<p><strong>Nem tartalmazza:<\/strong><\/p>\n<ul>\n<li>A transzferek El Gouna, Sahl Hasheesh vid\u00e9ki sz\u00e1llod\u00e1ib\u00f3l 20$ 4 \u00fcl\u00e9ses aut\u00f3ra, oda-vissza.<\/li>\n<\/ul>\n<p><strong>Vigy\u00e9l magaddal:<\/strong><\/p>\n<ul>\n<li>\u00datlev\u00e9l;<\/li>\n<li>Fejfed\u0151;<\/li>\n<li>P\u00e9nz szem\u00e9lyes kiad\u00e1sokra \u00e9s aj\u00e1nd\u00e9kt\u00e1rgyakra;<\/li>\n<li>Szem\u00e9lyes higi\u00e9niai term\u00e9kek;<\/li>\n<li>Iv\u00f3v\u00edz;<\/li>\n<li>Reggeli harapnival\u00f3 (az hotel recepci\u00f3j\u00e1n jelezze, hogy kor\u00e1n reggel indul egy kir\u00e1ndul\u00e1sra, \u00e9s k\u00e9sz\u00edtsenek \u00d6nnek egy eb\u00e9dcsomagot, a sz\u00e1llod\u00e1k ezt a szolg\u00e1ltat\u00e1st ingyen biztos\u00edtj\u00e1k);<\/li>\n<li>K\u00e9nyelmes cip\u0151;<\/li>\n<li>Meleg ruh\u00e1zat az utaz\u00e1shoz (t\u00e9len)<\/li>\n<\/ul>\n<p><strong>Foglal\u00e1si felt\u00e9telek:<\/strong><\/p>\n<ul>\n<li>\u0422\u0440\u0435\u0431\u0443\u0435\u0442\u0441\u044f \u043f\u0440\u0435\u0434\u043e\u043f\u043b\u0430\u0442\u0430 50$. \u0412\u043e\u0437\u0432\u0440\u0430\u0449\u0430\u0435\u0442\u0441\u044f \u043f\u0440\u0438 \u043e\u0442\u043a\u0430\u0437\u0435 \u043e\u0442 \u044d\u043a\u0441\u043a\u0443\u0440\u0441\u0438\u0438 \u0437\u0430 24 \u0447\u0430\u0441\u0430 \u0434\u043e \u043d\u0430\u0447\u0430\u043b\u0430.<\/li>\n<\/ul>","protected":false},"excerpt":{"rendered":"<p><strong>Kir\u00e1ndul\u00e1s Id\u0151pontja:<\/strong> 4:30 - 21:00<\/p>\n<p><strong>A Kir\u00e1ndul\u00e1s Napjai: <\/strong>Naponta<\/p>","protected":false},"featured_media":18336,"template":"","meta":{"_kad_post_transparent":"default","_kad_post_title":"","_kad_post_layout":"default","_kad_post_sidebar_id":"","_kad_post_content_style":"default","_kad_post_vertical_padding":"default","_kad_post_feature":"","_kad_post_feature_position":"","_kad_post_header":false,"_kad_post_footer":false,"_kad_post_classname":"","_glsr_average":0,"_glsr_ranking":0,"_glsr_reviews":0},"product_brand":[],"product_cat":[480],"product_tag":[],"class_list":{"0":"post-57498","1":"product","2":"type-product","3":"status-publish","4":"has-post-thumbnail","6":"product_cat-individual-tours-hurghada","7":"tm-has-options","9":"first","10":"instock","11":"sale","12":"sold-individually","13":"taxable","14":"shipping-taxable","15":"purchasable","16":"product-type-simple","17":"entry","18":"content-bg","19":"loop-entry"},"yoast_head":"<!-- This site is optimized with the Yoast SEO plugin v27.3 - https:\/\/yoast.com\/product\/yoast-seo-wordpress\/ -->\n<title>\u0418\u043d\u0434\u0438\u0432\u0438\u0434\u0443\u0430\u043b\u044c\u043d\u044b\u0439 \u041b\u0443\u043a\u0441\u043e\u0440 &#8226; \u042d\u043a\u0441\u043a\u0443\u0440\u0441\u0438\u0438 Skyline<\/title>\n<meta name=\"robots\" content=\"index, follow, max-snippet:-1, max-image-preview:large, max-video-preview:-1\" \/>\n<link rel=\"canonical\" href=\"https:\/\/skyline-gs.com\/hu\/termek\/privat-luxor-hurghada\/\" \/>\n<meta property=\"og:locale\" content=\"hu_HU\" \/>\n<meta property=\"og:type\" content=\"article\" \/>\n<meta property=\"og:title\" content=\"\u0418\u043d\u0434\u0438\u0432\u0438\u0434\u0443\u0430\u043b\u044c\u043d\u044b\u0439 \u041b\u0443\u043a\u0441\u043e\u0440 &#8226; \u042d\u043a\u0441\u043a\u0443\u0440\u0441\u0438\u0438 Skyline\" \/>\n<meta property=\"og:description\" content=\"\u0412\u0440\u0435\u043c\u044f \u0442\u0443\u0440\u0430: 4:30 - 21:00  \u0414\u043d\u0438 \u043f\u0440\u043e\u0432\u0435\u0434\u0435\u043d\u0438\u044f: \u0435\u0436\u0435\u0434\u043d\u0435\u0432\u043d\u043e\" \/>\n<meta property=\"og:url\" content=\"https:\/\/skyline-gs.com\/hu\/termek\/privat-luxor-hurghada\/\" \/>\n<meta property=\"og:site_name\" content=\"\u042d\u043a\u0441\u043a\u0443\u0440\u0441\u0438\u0438 Skyline\" \/>\n<meta property=\"article:modified_time\" content=\"2026-01-30T22:09:02+00:00\" \/>\n<meta property=\"og:image\" content=\"https:\/\/skyline-gs.com\/wp-content\/uploads\/2021\/01\/Luksor-10-of-10-1.jpg\" \/>\n\t<meta property=\"og:image:width\" content=\"900\" \/>\n\t<meta property=\"og:image:height\" content=\"600\" \/>\n\t<meta property=\"og:image:type\" content=\"image\/jpeg\" \/>\n<meta name=\"twitter:card\" content=\"summary_large_image\" \/>\n<meta name=\"twitter:label1\" content=\"Becs\u00fclt olvas\u00e1si id\u0151\" \/>\n\t<meta name=\"twitter:data1\" content=\"3 perc\" \/>\n<script type=\"application\/ld+json\" class=\"yoast-schema-graph\">{\"@context\":\"https:\\\/\\\/schema.org\",\"@graph\":[{\"@type\":\"WebPage\",\"@id\":\"https:\\\/\\\/skyline-gs.com\\\/product\\\/privat-luxor-hurghada\\\/\",\"url\":\"https:\\\/\\\/skyline-gs.com\\\/product\\\/privat-luxor-hurghada\\\/\",\"name\":\"\u0418\u043d\u0434\u0438\u0432\u0438\u0434\u0443\u0430\u043b\u044c\u043d\u044b\u0439 \u041b\u0443\u043a\u0441\u043e\u0440 &#8226; \u042d\u043a\u0441\u043a\u0443\u0440\u0441\u0438\u0438 Skyline\",\"isPartOf\":{\"@id\":\"https:\\\/\\\/skyline-gs.com\\\/it\\\/#website\"},\"primaryImageOfPage\":{\"@id\":\"https:\\\/\\\/skyline-gs.com\\\/product\\\/privat-luxor-hurghada\\\/#primaryimage\"},\"image\":{\"@id\":\"https:\\\/\\\/skyline-gs.com\\\/product\\\/privat-luxor-hurghada\\\/#primaryimage\"},\"thumbnailUrl\":\"https:\\\/\\\/skyline-gs.com\\\/wp-content\\\/uploads\\\/2021\\\/01\\\/Luksor-10-of-10-1.jpg\",\"datePublished\":\"2021-04-15T17:05:33+00:00\",\"dateModified\":\"2026-01-30T22:09:02+00:00\",\"breadcrumb\":{\"@id\":\"https:\\\/\\\/skyline-gs.com\\\/product\\\/privat-luxor-hurghada\\\/#breadcrumb\"},\"inLanguage\":\"hu\",\"potentialAction\":[{\"@type\":\"ReadAction\",\"target\":[\"https:\\\/\\\/skyline-gs.com\\\/product\\\/privat-luxor-hurghada\\\/\"]}]},{\"@type\":\"ImageObject\",\"inLanguage\":\"hu\",\"@id\":\"https:\\\/\\\/skyline-gs.com\\\/product\\\/privat-luxor-hurghada\\\/#primaryimage\",\"url\":\"https:\\\/\\\/skyline-gs.com\\\/wp-content\\\/uploads\\\/2021\\\/01\\\/Luksor-10-of-10-1.jpg\",\"contentUrl\":\"https:\\\/\\\/skyline-gs.com\\\/wp-content\\\/uploads\\\/2021\\\/01\\\/Luksor-10-of-10-1.jpg\",\"width\":900,\"height\":600},{\"@type\":\"BreadcrumbList\",\"@id\":\"https:\\\/\\\/skyline-gs.com\\\/product\\\/privat-luxor-hurghada\\\/#breadcrumb\",\"itemListElement\":[{\"@type\":\"ListItem\",\"position\":1,\"name\":\"\u0413\u043b\u0430\u0432\u043d\u0430\u044f \u0441\u0442\u0440\u0430\u043d\u0438\u0446\u0430\",\"item\":\"https:\\\/\\\/skyline-gs.com\\\/hu\\\/\"},{\"@type\":\"ListItem\",\"position\":2,\"name\":\"\u041c\u0430\u0433\u0430\u0437\u0438\u043d\",\"item\":\"https:\\\/\\\/skyline-gs.com\\\/cs\\\/shop\\\/\"},{\"@type\":\"ListItem\",\"position\":3,\"name\":\"\u0418\u043d\u0434\u0438\u0432\u0438\u0434\u0443\u0430\u043b\u044c\u043d\u044b\u0439 \u041b\u0443\u043a\u0441\u043e\u0440\"}]},{\"@type\":\"WebSite\",\"@id\":\"https:\\\/\\\/skyline-gs.com\\\/it\\\/#website\",\"url\":\"https:\\\/\\\/skyline-gs.com\\\/it\\\/\",\"name\":\"\u042d\u043a\u0441\u043a\u0443\u0440\u0441\u0438\u0438 Skyline\",\"description\":\"\u042d\u043a\u0441\u043a\u043b\u044e\u0437\u0438\u0432\u043d\u044b\u0435 \u044d\u043a\u0441\u043a\u0443\u0440\u0441\u0438\u0438 \u043d\u0430 \u043b\u0443\u0447\u0448\u0438\u0445 \u043a\u0443\u0440\u043e\u0440\u0442\u0430\u0445 \u043c\u0438\u0440\u0430\",\"publisher\":{\"@id\":\"https:\\\/\\\/skyline-gs.com\\\/it\\\/#organization\"},\"alternateName\":\"Skyline\",\"potentialAction\":[{\"@type\":\"SearchAction\",\"target\":{\"@type\":\"EntryPoint\",\"urlTemplate\":\"https:\\\/\\\/skyline-gs.com\\\/it\\\/?s={search_term_string}\"},\"query-input\":{\"@type\":\"PropertyValueSpecification\",\"valueRequired\":true,\"valueName\":\"search_term_string\"}}],\"inLanguage\":\"hu\"},{\"@type\":\"Organization\",\"@id\":\"https:\\\/\\\/skyline-gs.com\\\/it\\\/#organization\",\"name\":\"\u042d\u043a\u0441\u043a\u0443\u0440\u0441\u0438\u0438 Skyline\",\"alternateName\":\"\u042d\u043a\u0441\u043a\u0443\u0440\u0441\u0438\u0438 Skyline\",\"url\":\"https:\\\/\\\/skyline-gs.com\\\/it\\\/\",\"logo\":{\"@type\":\"ImageObject\",\"inLanguage\":\"hu\",\"@id\":\"https:\\\/\\\/skyline-gs.com\\\/it\\\/#\\\/schema\\\/logo\\\/image\\\/\",\"url\":\"https:\\\/\\\/skyline-gs.com\\\/wp-content\\\/uploads\\\/2020\\\/12\\\/cropped-logo-2.png\",\"contentUrl\":\"https:\\\/\\\/skyline-gs.com\\\/wp-content\\\/uploads\\\/2020\\\/12\\\/cropped-logo-2.png\",\"width\":512,\"height\":512,\"caption\":\"\u042d\u043a\u0441\u043a\u0443\u0440\u0441\u0438\u0438 Skyline\"},\"image\":{\"@id\":\"https:\\\/\\\/skyline-gs.com\\\/it\\\/#\\\/schema\\\/logo\\\/image\\\/\"},\"sameAs\":[\"https:\\\/\\\/www.instagram.com\\\/skylineglobalservice\\\/\"]}]}<\/script>\n<!-- \/ Yoast SEO plugin. -->","yoast_head_json":{"title":"\u0418\u043d\u0434\u0438\u0432\u0438\u0434\u0443\u0430\u043b\u044c\u043d\u044b\u0439 \u041b\u0443\u043a\u0441\u043e\u0440 &#8226; \u042d\u043a\u0441\u043a\u0443\u0440\u0441\u0438\u0438 Skyline","robots":{"index":"index","follow":"follow","max-snippet":"max-snippet:-1","max-image-preview":"max-image-preview:large","max-video-preview":"max-video-preview:-1"},"canonical":"https:\/\/skyline-gs.com\/hu\/termek\/privat-luxor-hurghada\/","og_locale":"hu_HU","og_type":"article","og_title":"\u0418\u043d\u0434\u0438\u0432\u0438\u0434\u0443\u0430\u043b\u044c\u043d\u044b\u0439 \u041b\u0443\u043a\u0441\u043e\u0440 &#8226; \u042d\u043a\u0441\u043a\u0443\u0440\u0441\u0438\u0438 Skyline","og_description":"\u0412\u0440\u0435\u043c\u044f \u0442\u0443\u0440\u0430: 4:30 - 21:00  \u0414\u043d\u0438 \u043f\u0440\u043e\u0432\u0435\u0434\u0435\u043d\u0438\u044f: \u0435\u0436\u0435\u0434\u043d\u0435\u0432\u043d\u043e","og_url":"https:\/\/skyline-gs.com\/hu\/termek\/privat-luxor-hurghada\/","og_site_name":"\u042d\u043a\u0441\u043a\u0443\u0440\u0441\u0438\u0438 Skyline","article_modified_time":"2026-01-30T22:09:02+00:00","og_image":[{"width":900,"height":600,"url":"https:\/\/skyline-gs.com\/wp-content\/uploads\/2021\/01\/Luksor-10-of-10-1.jpg","type":"image\/jpeg"}],"twitter_card":"summary_large_image","twitter_misc":{"Becs\u00fclt olvas\u00e1si id\u0151":"3 perc"},"schema":{"@context":"https:\/\/schema.org","@graph":[{"@type":"WebPage","@id":"https:\/\/skyline-gs.com\/product\/privat-luxor-hurghada\/","url":"https:\/\/skyline-gs.com\/product\/privat-luxor-hurghada\/","name":"\u0418\u043d\u0434\u0438\u0432\u0438\u0434\u0443\u0430\u043b\u044c\u043d\u044b\u0439 \u041b\u0443\u043a\u0441\u043e\u0440 &#8226; \u042d\u043a\u0441\u043a\u0443\u0440\u0441\u0438\u0438 Skyline","isPartOf":{"@id":"https:\/\/skyline-gs.com\/it\/#website"},"primaryImageOfPage":{"@id":"https:\/\/skyline-gs.com\/product\/privat-luxor-hurghada\/#primaryimage"},"image":{"@id":"https:\/\/skyline-gs.com\/product\/privat-luxor-hurghada\/#primaryimage"},"thumbnailUrl":"https:\/\/skyline-gs.com\/wp-content\/uploads\/2021\/01\/Luksor-10-of-10-1.jpg","datePublished":"2021-04-15T17:05:33+00:00","dateModified":"2026-01-30T22:09:02+00:00","breadcrumb":{"@id":"https:\/\/skyline-gs.com\/product\/privat-luxor-hurghada\/#breadcrumb"},"inLanguage":"hu","potentialAction":[{"@type":"ReadAction","target":["https:\/\/skyline-gs.com\/product\/privat-luxor-hurghada\/"]}]},{"@type":"ImageObject","inLanguage":"hu","@id":"https:\/\/skyline-gs.com\/product\/privat-luxor-hurghada\/#primaryimage","url":"https:\/\/skyline-gs.com\/wp-content\/uploads\/2021\/01\/Luksor-10-of-10-1.jpg","contentUrl":"https:\/\/skyline-gs.com\/wp-content\/uploads\/2021\/01\/Luksor-10-of-10-1.jpg","width":900,"height":600},{"@type":"BreadcrumbList","@id":"https:\/\/skyline-gs.com\/product\/privat-luxor-hurghada\/#breadcrumb","itemListElement":[{"@type":"ListItem","position":1,"name":"\u0413\u043b\u0430\u0432\u043d\u0430\u044f \u0441\u0442\u0440\u0430\u043d\u0438\u0446\u0430","item":"https:\/\/skyline-gs.com\/hu\/"},{"@type":"ListItem","position":2,"name":"\u041c\u0430\u0433\u0430\u0437\u0438\u043d","item":"https:\/\/skyline-gs.com\/cs\/shop\/"},{"@type":"ListItem","position":3,"name":"\u0418\u043d\u0434\u0438\u0432\u0438\u0434\u0443\u0430\u043b\u044c\u043d\u044b\u0439 \u041b\u0443\u043a\u0441\u043e\u0440"}]},{"@type":"WebSite","@id":"https:\/\/skyline-gs.com\/it\/#website","url":"https:\/\/skyline-gs.com\/it\/","name":"Skyline T\u00far\u00e1k","description":"Exkluz\u00edv kir\u00e1ndul\u00e1sok a vil\u00e1g legjobb \u00fcd\u00fcl\u0151helyein","publisher":{"@id":"https:\/\/skyline-gs.com\/it\/#organization"},"alternateName":"Skyline","potentialAction":[{"@type":"SearchAction","target":{"@type":"EntryPoint","urlTemplate":"https:\/\/skyline-gs.com\/it\/?s={search_term_string}"},"query-input":{"@type":"PropertyValueSpecification","valueRequired":true,"valueName":"search_term_string"}}],"inLanguage":"hu"},{"@type":"Organization","@id":"https:\/\/skyline-gs.com\/it\/#organization","name":"Skyline T\u00far\u00e1k","alternateName":"\u042d\u043a\u0441\u043a\u0443\u0440\u0441\u0438\u0438 Skyline","url":"https:\/\/skyline-gs.com\/it\/","logo":{"@type":"ImageObject","inLanguage":"hu","@id":"https:\/\/skyline-gs.com\/it\/#\/schema\/logo\/image\/","url":"https:\/\/skyline-gs.com\/wp-content\/uploads\/2020\/12\/cropped-logo-2.png","contentUrl":"https:\/\/skyline-gs.com\/wp-content\/uploads\/2020\/12\/cropped-logo-2.png","width":512,"height":512,"caption":"\u042d\u043a\u0441\u043a\u0443\u0440\u0441\u0438\u0438 Skyline"},"image":{"@id":"https:\/\/skyline-gs.com\/it\/#\/schema\/logo\/image\/"},"sameAs":["https:\/\/www.instagram.com\/skylineglobalservice\/"]}]}},"_links":{"self":[{"href":"https:\/\/skyline-gs.com\/hu\/wp-json\/wp\/v2\/product\/57498","targetHints":{"allow":["GET"]}}],"collection":[{"href":"https:\/\/skyline-gs.com\/hu\/wp-json\/wp\/v2\/product"}],"about":[{"href":"https:\/\/skyline-gs.com\/hu\/wp-json\/wp\/v2\/types\/product"}],"version-history":[{"count":0,"href":"https:\/\/skyline-gs.com\/hu\/wp-json\/wp\/v2\/product\/57498\/revisions"}],"wp:featuredmedia":[{"embeddable":true,"href":"https:\/\/skyline-gs.com\/hu\/wp-json\/wp\/v2\/media\/18336"}],"wp:attachment":[{"href":"https:\/\/skyline-gs.com\/hu\/wp-json\/wp\/v2\/media?parent=57498"}],"wp:term":[{"taxonomy":"product_brand","embeddable":true,"href":"https:\/\/skyline-gs.com\/hu\/wp-json\/wp\/v2\/product_brand?post=57498"},{"taxonomy":"product_cat","embeddable":true,"href":"https:\/\/skyline-gs.com\/hu\/wp-json\/wp\/v2\/product_cat?post=57498"},{"taxonomy":"product_tag","embeddable":true,"href":"https:\/\/skyline-gs.com\/hu\/wp-json\/wp\/v2\/product_tag?post=57498"}],"curies":[{"name":"wp","href":"https:\/\/api.w.org\/{rel}","templated":true}]}}