{"id":56255,"date":"2022-11-13T01:14:35","date_gmt":"2022-11-12T22:14:35","guid":{"rendered":"https:\/\/dubai.skyline-gs.com\/?post_type=product&#038;p=41063"},"modified":"2025-11-12T00:12:47","modified_gmt":"2025-11-11T22:12:47","slug":"yacht-lurssen-capri-1-dubai","status":"publish","type":"product","link":"https:\/\/skyline-gs.com\/hu\/product\/yacht-lurssen-capri-1-dubai\/","title":{"rendered":"Yacht Lurssen CAPRI 1"},"content":{"rendered":"<p>T\u00f6ltse nyaral\u00e1s\u00e1t luxus k\u00f6r\u00fclm\u00e9nyek k\u00f6z\u00f6tt - egy divatos, feh\u00e9r vitorl\u00e1s jacht fed\u00e9lzet\u00e9n, amely a szel\u00edd Perzsa-\u00f6b\u00f6l az\u00fark\u00e9k viz\u00e9n siklik. \u00c9lvezze az egyik legfest\u0151ibb \u00e9gboltot, Dubai felh\u0151karcol\u00f3i \u00e9s kedvenc helysz\u00ednei k\u00f6z\u00f6tt: Burj Al Arab, Atlantis \u00e9s Burj Khalifa. Udvarias szem\u00e9lyzet \u00e9s kiv\u00e1l\u00f3 kiszolg\u00e1l\u00e1s \u00e1ll az \u00d6n rendelkez\u00e9s\u00e9re.<\/p>\n<p>A n\u00e9met L\u00fcrssen haj\u00f3gy\u00e1r \u00e1ltal 2003-ban \u00e9p\u00edtett CAPRI I motoros jacht a klasszikus st\u00edlust \u00f6tv\u00f6zi a modern felszerelts\u00e9ggel. A jacht k\u00fcls\u0151 \u00e9s bels\u0151 kialak\u00edt\u00e1s\u00e1t, bele\u00e9rtve az ac\u00e9l haj\u00f3testet \u00e9s az alum\u00ednium fel\u00e9p\u00edtm\u00e9nyt, Glade Johnson tervezte. Ez az egyed\u00fcl\u00e1ll\u00f3 haj\u00f3 12 vend\u00e9g befogad\u00e1s\u00e1ra alkalmas hosszabb tart\u00f3zkod\u00e1s eset\u00e9n. Az \u00f6t fed\u00e9lzet a modern k\u00e9nyelem sz\u00e9les sk\u00e1l\u00e1j\u00e1t k\u00edn\u00e1lja. A bels\u0151 t\u00e9r a klasszikus \u00e9s modern elemeket \u00f6tv\u00f6zi, egyes helyis\u00e9gek p\u00e9ld\u00e1ul m\u00e1rv\u00e1ny, s\u00f6t\u00e9t fa \u00e9s selyem burkolattal k\u00e9sz\u00fcltek.<\/p>\n<p>Az als\u00f3 fed\u00e9lzet m\u00f6g\u00f6tt tal\u00e1lhat\u00f3 a p\u00e1ly\u00e1zati gar\u00e1zs, k\u00e9t hidraulikus ajt\u00f3val a k\u00f6nny\u0171 rakod\u00e1s \u00e9s dokkol\u00e1s \u00e9rdek\u00e9ben. A t\u00e1gas szalon \u00e9s \u00e9tkez\u0151 a f\u0151fed\u00e9lzet h\u00e1ts\u00f3 r\u00e9sz\u00e9n tal\u00e1lhat\u00f3. A fels\u0151 fed\u00e9lzetet a skylounge foglalja el, b\u00e1rral, mozival \u00e9s k\u00e9t t\u00e1rsalg\u00f3val. A jacht \u00e1rboca beh\u00fazhat\u00f3. A luxusjacht egyik legleny\u0171g\u00f6z\u0151bb tulajdons\u00e1ga a sz\u00e9lv\u00e9dett kil\u00e1t\u00f3fed\u00e9lzet, ahonnan panor\u00e1m\u00e1s kil\u00e1t\u00e1s ny\u00edlik a belsej\u00e9be. A h\u00e1ts\u00f3 r\u00e9szen tornaterem, szabadt\u00e9ri jacuzzi \u00e9s k\u00e9nyelmes \u00fcl\u0151helyek tal\u00e1lhat\u00f3k. Ez a ter\u00fclet kett\u0151s funkci\u00f3val rendelkezik: homokpadk\u00e9nt vagy helikopterlesz\u00e1ll\u00f3p\u00e1lyak\u00e9nt is haszn\u00e1lhat\u00f3.<\/p>\n<p>A hat kabinb\u00f3l n\u00e9gy a vend\u00e9gek\u00e9, amelyek k\u00f6z\u00fcl h\u00e1romban king-size \u00e1gy, az utols\u00f3ban pedig k\u00e9t k\u00fcl\u00f6n\u00e1ll\u00f3 \u00e1gy tal\u00e1lhat\u00f3. A VIP-kabin a gyermekek j\u00e1tsz\u00f3szob\u00e1j\u00e1v\u00e1 alak\u00edthat\u00f3. A f\u0151n\u00f6ki lakoszt\u00e1ly a f\u0151fed\u00e9lzeten, az orrban tal\u00e1lhat\u00f3. F\u00fcrd\u0151szob\u00e1ja \u00f3nixb\u00f3l k\u00e9sz\u00fclt. Ennek a szob\u00e1nak a f\u00e9nypontja egy megvil\u00e1g\u00edtott \u00fcveggrafika, amely Capri I. sziget\u00e9nek kik\u00f6t\u0151j\u00e9t \u00e1br\u00e1zolja, ahol a tulajdonosok al\u00e1\u00edrt\u00e1k a szerz\u0151d\u00e9st a jacht meg\u00e9p\u00edt\u00e9s\u00e9re. A tulajdonosi kabin mellett tal\u00e1lhat\u00f3 az iroda, a k\u00f6nyvt\u00e1r \u00e9s a VIP lakoszt\u00e1ly. A vend\u00e9gkabinok az als\u00f3 fed\u00e9lzeten tal\u00e1lhat\u00f3k, ak\u00e1rcsak a leg\u00e9nys\u00e9g elhelyez\u00e9se.<\/p>\n<p>A jacht m\u0171szaki felszerelts\u00e9ge kifog\u00e1stalan. A Koop Nautic stabiliz\u00e1l\u00f3 rendszer van felszerelve a fed\u00e9lzeten, \"horgonyz\u00e1skor\" \u00fczemm\u00f3ddal, amely minimaliz\u00e1lja a hull\u00e1mokon val\u00f3 g\u00f6rd\u00fcl\u00e9st. Mivel a tulajdonos k\u00f6rnyezettudatos, a szuperjachtot r\u00e9szecskesz\u0171r\u0151vel, kataliz\u00e1torral a k\u00e9t Caterpillar 3512-es motoron, v\u00edztiszt\u00edt\u00f3 rendszerrel, szem\u00e9tpr\u00e9sel\u0151vel \u00e9s fagyaszt\u00f3szerkezettel szerelt\u00e9k fel. Mivel a jachtot a tulajdonos csal\u00e1dj\u00e1nak \u00e9s charterhaj\u00f3z\u00e1sra is sz\u00e1nta, tervez\u00e9s\u00e9n\u00e9l a gyermekek biztons\u00e1g\u00e1t tartott\u00e1k szem el\u0151tt. Ez\u00e9rt minden k\u00fcls\u0151 l\u00e9pcs\u0151h\u00e1zon biztons\u00e1gi kapuk vannak, \u00e9s a gyermekkabin a f\u0151n\u00f6ki lakoszt\u00e1ly mellett tal\u00e1lhat\u00f3. A CAPRI 1 a t\u00f6k\u00e9letes charter jacht egy luxusnyaral\u00e1shoz, elk\u00f6telezett leg\u00e9nys\u00e9ggel, a fed\u00e9lzeti k\u00e9nyelmi szolg\u00e1ltat\u00e1sok \u00e9s a v\u00edzi sporteszk\u00f6z\u00f6k sz\u00e9les v\u00e1laszt\u00e9k\u00e1val.<\/p>\n<p><strong>Tov\u00e1bbi inform\u00e1ci\u00f3k:<\/strong><\/p>\n<ul>\n<li>Minden r\u00e9sztvev\u0151 eredeti \u00fatlevel\u00e9t k\u00f6telez\u0151 mag\u00e1val vinni.<\/li>\n<li>Minim\u00e1lis b\u00e9rleti id\u0151 - 6 \u00f3ra<\/li>\n<li>Hetente b\u00e9relhet\u0151<\/li>\n<li>Kabinok sz\u00e1ma: 6<\/li>\n<li>\u00c1gyak sz\u00e1ma: 12<\/li>\n<\/ul>\n<p><strong>Tartalmazza:<\/strong><\/p>\n<ul>\n<li>Transzfer a sz\u00e1llod\u00e1t\u00f3l \u00e9s a sz\u00e1llod\u00e1ba (6 f\u0151ig)<\/li>\n<li>Szem\u00e9lyre szabott jacht b\u00e9rl\u00e9s<\/li>\n<li>Szem\u00e9lyzeti szolg\u00e1ltat\u00e1sok<\/li>\n<li>V\u00edz<\/li>\n<li>Ment\u0151mell\u00e9nyek<\/li>\n<li>Szolg\u00e1ltat\u00e1sok a fed\u00e9lzeten<\/li>\n<\/ul>\n<p><strong>Nem tartalmazza:<\/strong><\/p>\n<ul>\n<li>Transzfer a sz\u00e1llod\u00e1b\u00f3l \u00e9s a sz\u00e1llod\u00e1ba 7-14 f\u0151 r\u00e9sz\u00e9re - fel\u00e1r 100$ csoportonk\u00e9nt<\/li>\n<li>Transzfer a sz\u00e1llod\u00e1b\u00f3l \u00e9s a sz\u00e1llod\u00e1ba 15-24 f\u0151n\u00e9l t\u00f6bb szem\u00e9ly eset\u00e9n - fel\u00e1r 200$ csoportonk\u00e9nt<\/li>\n<li>Transzfer a sz\u00e1llod\u00e1b\u00f3l \u00e9s a sz\u00e1llod\u00e1ba 25-40 f\u0151n\u00e9l t\u00f6bb szem\u00e9ly eset\u00e9n - fel\u00e1r 300$ csoportonk\u00e9nt<\/li>\n<\/ul>\n<p><strong>Vigy\u00e9l magaddal:<\/strong><\/p>\n<ul>\n<li>V\u00edz<\/li>\n<li>T\u00f6r\u00fclk\u00f6z\u0151<\/li>\n<\/ul>\n<p><strong>Men\u00fcpontok:<\/strong><\/p>\n<ol>\n<li><strong>Bronz men\u00fc. Feln\u0151tt - 50$, 12 \u00e9v alatti gyermek - 35$. <\/strong>C\u00e9z\u00e1r sal\u00e1ta, Arab Fattoush sal\u00e1ta, V\u00e1logatott kebabh\u00fas, Grillezett z\u00f6lds\u00e9gek, Z\u00f6lds\u00e9gek, Burgonyap\u00fcr\u00e9, Gy\u00fcm\u00f6lcs, V\u00edz<\/li>\n<li><strong>Ez\u00fcst men\u00fc. Feln\u0151tt - 70$, 12 \u00e9v alatti gyermek - 55$. <\/strong>Arab Fattoush sal\u00e1ta, Hummus, Hal, Grillezett z\u00f6lds\u00e9gek, Garn\u00e9lar\u00e1k, S\u00fclt krumpli, Arab lapos keny\u00e9r, Gy\u00fcm\u00f6lcsszelet, V\u00edz<\/li>\n<li><strong><strong>Arany men\u00fc. Feln\u0151tt - 90$, 12 \u00e9v alatti gyermek - 75$. <\/strong><\/strong>C\u00e9z\u00e1r sal\u00e1ta, Z\u00f6lds\u00e9gsal\u00e1ta, G\u00f6r\u00f6g sal\u00e1ta, B\u00e1r\u00e1nyh\u00fas, Hal, Garn\u00e9lar\u00e1k, Grillezett z\u00f6lds\u00e9gek, Chips, Arab lapos keny\u00e9r, Gy\u00fcm\u00f6lcskeny\u00e9r, Baklava, V\u00edz.<\/li>\n<\/ol>","protected":false},"excerpt":{"rendered":"<p><strong>A b\u00e9rleti szerz\u0151d\u00e9s id\u0151tartama:<\/strong> 6 \u00f3ra<\/p>\n<p><strong>Kapacit\u00e1s:<\/strong> 40 f\u0151<\/p>","protected":false},"featured_media":41086,"template":"","meta":{"_kad_post_transparent":"default","_kad_post_title":"","_kad_post_layout":"default","_kad_post_sidebar_id":"","_kad_post_content_style":"default","_kad_post_vertical_padding":"default","_kad_post_feature":"","_kad_post_feature_position":"","_kad_post_header":false,"_kad_post_footer":false,"_kad_post_classname":"","_glsr_average":0,"_glsr_ranking":0,"_glsr_reviews":0},"product_brand":[],"product_cat":[474],"product_tag":[],"class_list":{"0":"post-56255","1":"product","2":"type-product","3":"status-publish","4":"has-post-thumbnail","6":"product_cat-yacht-in-dubai","7":"tm-has-options","9":"first","10":"instock","11":"sold-individually","12":"taxable","13":"shipping-taxable","14":"purchasable","15":"product-type-simple","16":"entry","17":"content-bg","18":"loop-entry"},"yoast_head":"<!-- This site is optimized with the Yoast SEO plugin v27.3 - https:\/\/yoast.com\/product\/yoast-seo-wordpress\/ -->\n<title>\u042f\u0445\u0442\u0430 Lurssen CAPRI 1 &#8226; \u042d\u043a\u0441\u043a\u0443\u0440\u0441\u0438\u0438 Skyline<\/title>\n<meta name=\"robots\" content=\"index, follow, max-snippet:-1, max-image-preview:large, max-video-preview:-1\" \/>\n<link rel=\"canonical\" href=\"http:\/\/skyline-gs.com\/hu\/termek\/yacht-lurssen-capri-1-dubai\/\" \/>\n<meta property=\"og:locale\" content=\"hu_HU\" \/>\n<meta property=\"og:type\" content=\"article\" \/>\n<meta property=\"og:title\" content=\"\u042f\u0445\u0442\u0430 Lurssen CAPRI 1 &#8226; \u042d\u043a\u0441\u043a\u0443\u0440\u0441\u0438\u0438 Skyline\" \/>\n<meta property=\"og:description\" content=\"\u0414\u043b\u0438\u0442\u0435\u043b\u044c\u043d\u043e\u0441\u0442\u044c \u0430\u0440\u0435\u043d\u0434\u044b: 6 \u0447\u0430\u0441\u043e\u0432  \u0412\u043c\u0435\u0441\u0442\u0438\u0442\u0435\u043b\u044c\u043d\u043e\u0441\u0442\u044c: 40 \u0447\u0435\u043b\u043e\u0432\u0435\u043a\" \/>\n<meta property=\"og:url\" content=\"http:\/\/skyline-gs.com\/hu\/termek\/yacht-lurssen-capri-1-dubai\/\" \/>\n<meta property=\"og:site_name\" content=\"\u042d\u043a\u0441\u043a\u0443\u0440\u0441\u0438\u0438 Skyline\" \/>\n<meta property=\"article:modified_time\" content=\"2025-11-11T22:12:47+00:00\" \/>\n<meta property=\"og:image\" content=\"https:\/\/skyline-gs.com\/wp-content\/uploads\/2022\/11\/23.png\" \/>\n\t<meta property=\"og:image:width\" content=\"669\" \/>\n\t<meta property=\"og:image:height\" content=\"446\" \/>\n\t<meta property=\"og:image:type\" content=\"image\/png\" \/>\n<meta name=\"twitter:card\" content=\"summary_large_image\" \/>\n<meta name=\"twitter:label1\" content=\"Becs\u00fclt olvas\u00e1si id\u0151\" \/>\n\t<meta name=\"twitter:data1\" content=\"4 perc\" \/>\n<script type=\"application\/ld+json\" class=\"yoast-schema-graph\">{\"@context\":\"https:\\\/\\\/schema.org\",\"@graph\":[{\"@type\":\"WebPage\",\"@id\":\"http:\\\/\\\/skyline-gs.com\\\/fr\\\/produit\\\/yacht-lurssen-capri-1-dubai\\\/\",\"url\":\"http:\\\/\\\/skyline-gs.com\\\/fr\\\/produit\\\/yacht-lurssen-capri-1-dubai\\\/\",\"name\":\"\u042f\u0445\u0442\u0430 Lurssen CAPRI 1 &#8226; \u042d\u043a\u0441\u043a\u0443\u0440\u0441\u0438\u0438 Skyline\",\"isPartOf\":{\"@id\":\"https:\\\/\\\/skyline-gs.com\\\/it\\\/#website\"},\"primaryImageOfPage\":{\"@id\":\"http:\\\/\\\/skyline-gs.com\\\/fr\\\/produit\\\/yacht-lurssen-capri-1-dubai\\\/#primaryimage\"},\"image\":{\"@id\":\"http:\\\/\\\/skyline-gs.com\\\/fr\\\/produit\\\/yacht-lurssen-capri-1-dubai\\\/#primaryimage\"},\"thumbnailUrl\":\"https:\\\/\\\/skyline-gs.com\\\/wp-content\\\/uploads\\\/2022\\\/11\\\/23.png\",\"datePublished\":\"2022-11-12T22:14:35+00:00\",\"dateModified\":\"2025-11-11T22:12:47+00:00\",\"breadcrumb\":{\"@id\":\"http:\\\/\\\/skyline-gs.com\\\/fr\\\/produit\\\/yacht-lurssen-capri-1-dubai\\\/#breadcrumb\"},\"inLanguage\":\"hu\",\"potentialAction\":[{\"@type\":\"ReadAction\",\"target\":[\"http:\\\/\\\/skyline-gs.com\\\/fr\\\/produit\\\/yacht-lurssen-capri-1-dubai\\\/\"]}]},{\"@type\":\"ImageObject\",\"inLanguage\":\"hu\",\"@id\":\"http:\\\/\\\/skyline-gs.com\\\/fr\\\/produit\\\/yacht-lurssen-capri-1-dubai\\\/#primaryimage\",\"url\":\"https:\\\/\\\/skyline-gs.com\\\/wp-content\\\/uploads\\\/2022\\\/11\\\/23.png\",\"contentUrl\":\"https:\\\/\\\/skyline-gs.com\\\/wp-content\\\/uploads\\\/2022\\\/11\\\/23.png\",\"width\":669,\"height\":446},{\"@type\":\"BreadcrumbList\",\"@id\":\"http:\\\/\\\/skyline-gs.com\\\/fr\\\/produit\\\/yacht-lurssen-capri-1-dubai\\\/#breadcrumb\",\"itemListElement\":[{\"@type\":\"ListItem\",\"position\":1,\"name\":\"\u0413\u043b\u0430\u0432\u043d\u0430\u044f \u0441\u0442\u0440\u0430\u043d\u0438\u0446\u0430\",\"item\":\"https:\\\/\\\/skyline-gs.com\\\/hu\\\/\"},{\"@type\":\"ListItem\",\"position\":2,\"name\":\"\u041c\u0430\u0433\u0430\u0437\u0438\u043d\",\"item\":\"https:\\\/\\\/skyline-gs.com\\\/cs\\\/shop\\\/\"},{\"@type\":\"ListItem\",\"position\":3,\"name\":\"\u042f\u0445\u0442\u0430 Lurssen CAPRI 1\"}]},{\"@type\":\"WebSite\",\"@id\":\"https:\\\/\\\/skyline-gs.com\\\/it\\\/#website\",\"url\":\"https:\\\/\\\/skyline-gs.com\\\/it\\\/\",\"name\":\"\u042d\u043a\u0441\u043a\u0443\u0440\u0441\u0438\u0438 Skyline\",\"description\":\"\u042d\u043a\u0441\u043a\u043b\u044e\u0437\u0438\u0432\u043d\u044b\u0435 \u044d\u043a\u0441\u043a\u0443\u0440\u0441\u0438\u0438 \u043d\u0430 \u043b\u0443\u0447\u0448\u0438\u0445 \u043a\u0443\u0440\u043e\u0440\u0442\u0430\u0445 \u043c\u0438\u0440\u0430\",\"publisher\":{\"@id\":\"https:\\\/\\\/skyline-gs.com\\\/it\\\/#organization\"},\"alternateName\":\"Skyline\",\"potentialAction\":[{\"@type\":\"SearchAction\",\"target\":{\"@type\":\"EntryPoint\",\"urlTemplate\":\"https:\\\/\\\/skyline-gs.com\\\/it\\\/?s={search_term_string}\"},\"query-input\":{\"@type\":\"PropertyValueSpecification\",\"valueRequired\":true,\"valueName\":\"search_term_string\"}}],\"inLanguage\":\"hu\"},{\"@type\":\"Organization\",\"@id\":\"https:\\\/\\\/skyline-gs.com\\\/it\\\/#organization\",\"name\":\"\u042d\u043a\u0441\u043a\u0443\u0440\u0441\u0438\u0438 Skyline\",\"alternateName\":\"\u042d\u043a\u0441\u043a\u0443\u0440\u0441\u0438\u0438 Skyline\",\"url\":\"https:\\\/\\\/skyline-gs.com\\\/it\\\/\",\"logo\":{\"@type\":\"ImageObject\",\"inLanguage\":\"hu\",\"@id\":\"https:\\\/\\\/skyline-gs.com\\\/it\\\/#\\\/schema\\\/logo\\\/image\\\/\",\"url\":\"https:\\\/\\\/skyline-gs.com\\\/wp-content\\\/uploads\\\/2020\\\/12\\\/cropped-logo-2.png\",\"contentUrl\":\"https:\\\/\\\/skyline-gs.com\\\/wp-content\\\/uploads\\\/2020\\\/12\\\/cropped-logo-2.png\",\"width\":512,\"height\":512,\"caption\":\"\u042d\u043a\u0441\u043a\u0443\u0440\u0441\u0438\u0438 Skyline\"},\"image\":{\"@id\":\"https:\\\/\\\/skyline-gs.com\\\/it\\\/#\\\/schema\\\/logo\\\/image\\\/\"},\"sameAs\":[\"https:\\\/\\\/www.instagram.com\\\/skylineglobalservice\\\/\"]}]}<\/script>\n<!-- \/ Yoast SEO plugin. -->","yoast_head_json":{"title":"\u042f\u0445\u0442\u0430 Lurssen CAPRI 1 &#8226; \u042d\u043a\u0441\u043a\u0443\u0440\u0441\u0438\u0438 Skyline","robots":{"index":"index","follow":"follow","max-snippet":"max-snippet:-1","max-image-preview":"max-image-preview:large","max-video-preview":"max-video-preview:-1"},"canonical":"http:\/\/skyline-gs.com\/hu\/termek\/yacht-lurssen-capri-1-dubai\/","og_locale":"hu_HU","og_type":"article","og_title":"\u042f\u0445\u0442\u0430 Lurssen CAPRI 1 &#8226; \u042d\u043a\u0441\u043a\u0443\u0440\u0441\u0438\u0438 Skyline","og_description":"\u0414\u043b\u0438\u0442\u0435\u043b\u044c\u043d\u043e\u0441\u0442\u044c \u0430\u0440\u0435\u043d\u0434\u044b: 6 \u0447\u0430\u0441\u043e\u0432  \u0412\u043c\u0435\u0441\u0442\u0438\u0442\u0435\u043b\u044c\u043d\u043e\u0441\u0442\u044c: 40 \u0447\u0435\u043b\u043e\u0432\u0435\u043a","og_url":"http:\/\/skyline-gs.com\/hu\/termek\/yacht-lurssen-capri-1-dubai\/","og_site_name":"\u042d\u043a\u0441\u043a\u0443\u0440\u0441\u0438\u0438 Skyline","article_modified_time":"2025-11-11T22:12:47+00:00","og_image":[{"width":669,"height":446,"url":"https:\/\/skyline-gs.com\/wp-content\/uploads\/2022\/11\/23.png","type":"image\/png"}],"twitter_card":"summary_large_image","twitter_misc":{"Becs\u00fclt olvas\u00e1si id\u0151":"4 perc"},"schema":{"@context":"https:\/\/schema.org","@graph":[{"@type":"WebPage","@id":"http:\/\/skyline-gs.com\/fr\/produit\/yacht-lurssen-capri-1-dubai\/","url":"http:\/\/skyline-gs.com\/fr\/produit\/yacht-lurssen-capri-1-dubai\/","name":"\u042f\u0445\u0442\u0430 Lurssen CAPRI 1 &#8226; \u042d\u043a\u0441\u043a\u0443\u0440\u0441\u0438\u0438 Skyline","isPartOf":{"@id":"https:\/\/skyline-gs.com\/it\/#website"},"primaryImageOfPage":{"@id":"http:\/\/skyline-gs.com\/fr\/produit\/yacht-lurssen-capri-1-dubai\/#primaryimage"},"image":{"@id":"http:\/\/skyline-gs.com\/fr\/produit\/yacht-lurssen-capri-1-dubai\/#primaryimage"},"thumbnailUrl":"https:\/\/skyline-gs.com\/wp-content\/uploads\/2022\/11\/23.png","datePublished":"2022-11-12T22:14:35+00:00","dateModified":"2025-11-11T22:12:47+00:00","breadcrumb":{"@id":"http:\/\/skyline-gs.com\/fr\/produit\/yacht-lurssen-capri-1-dubai\/#breadcrumb"},"inLanguage":"hu","potentialAction":[{"@type":"ReadAction","target":["http:\/\/skyline-gs.com\/fr\/produit\/yacht-lurssen-capri-1-dubai\/"]}]},{"@type":"ImageObject","inLanguage":"hu","@id":"http:\/\/skyline-gs.com\/fr\/produit\/yacht-lurssen-capri-1-dubai\/#primaryimage","url":"https:\/\/skyline-gs.com\/wp-content\/uploads\/2022\/11\/23.png","contentUrl":"https:\/\/skyline-gs.com\/wp-content\/uploads\/2022\/11\/23.png","width":669,"height":446},{"@type":"BreadcrumbList","@id":"http:\/\/skyline-gs.com\/fr\/produit\/yacht-lurssen-capri-1-dubai\/#breadcrumb","itemListElement":[{"@type":"ListItem","position":1,"name":"\u0413\u043b\u0430\u0432\u043d\u0430\u044f \u0441\u0442\u0440\u0430\u043d\u0438\u0446\u0430","item":"https:\/\/skyline-gs.com\/hu\/"},{"@type":"ListItem","position":2,"name":"\u041c\u0430\u0433\u0430\u0437\u0438\u043d","item":"https:\/\/skyline-gs.com\/cs\/shop\/"},{"@type":"ListItem","position":3,"name":"\u042f\u0445\u0442\u0430 Lurssen CAPRI 1"}]},{"@type":"WebSite","@id":"https:\/\/skyline-gs.com\/it\/#website","url":"https:\/\/skyline-gs.com\/it\/","name":"Skyline T\u00far\u00e1k","description":"Exkluz\u00edv kir\u00e1ndul\u00e1sok a vil\u00e1g legjobb \u00fcd\u00fcl\u0151helyein","publisher":{"@id":"https:\/\/skyline-gs.com\/it\/#organization"},"alternateName":"Skyline","potentialAction":[{"@type":"SearchAction","target":{"@type":"EntryPoint","urlTemplate":"https:\/\/skyline-gs.com\/it\/?s={search_term_string}"},"query-input":{"@type":"PropertyValueSpecification","valueRequired":true,"valueName":"search_term_string"}}],"inLanguage":"hu"},{"@type":"Organization","@id":"https:\/\/skyline-gs.com\/it\/#organization","name":"Skyline T\u00far\u00e1k","alternateName":"\u042d\u043a\u0441\u043a\u0443\u0440\u0441\u0438\u0438 Skyline","url":"https:\/\/skyline-gs.com\/it\/","logo":{"@type":"ImageObject","inLanguage":"hu","@id":"https:\/\/skyline-gs.com\/it\/#\/schema\/logo\/image\/","url":"https:\/\/skyline-gs.com\/wp-content\/uploads\/2020\/12\/cropped-logo-2.png","contentUrl":"https:\/\/skyline-gs.com\/wp-content\/uploads\/2020\/12\/cropped-logo-2.png","width":512,"height":512,"caption":"\u042d\u043a\u0441\u043a\u0443\u0440\u0441\u0438\u0438 Skyline"},"image":{"@id":"https:\/\/skyline-gs.com\/it\/#\/schema\/logo\/image\/"},"sameAs":["https:\/\/www.instagram.com\/skylineglobalservice\/"]}]}},"_links":{"self":[{"href":"https:\/\/skyline-gs.com\/hu\/wp-json\/wp\/v2\/product\/56255","targetHints":{"allow":["GET"]}}],"collection":[{"href":"https:\/\/skyline-gs.com\/hu\/wp-json\/wp\/v2\/product"}],"about":[{"href":"https:\/\/skyline-gs.com\/hu\/wp-json\/wp\/v2\/types\/product"}],"version-history":[{"count":0,"href":"https:\/\/skyline-gs.com\/hu\/wp-json\/wp\/v2\/product\/56255\/revisions"}],"wp:featuredmedia":[{"embeddable":true,"href":"https:\/\/skyline-gs.com\/hu\/wp-json\/wp\/v2\/media\/41086"}],"wp:attachment":[{"href":"https:\/\/skyline-gs.com\/hu\/wp-json\/wp\/v2\/media?parent=56255"}],"wp:term":[{"taxonomy":"product_brand","embeddable":true,"href":"https:\/\/skyline-gs.com\/hu\/wp-json\/wp\/v2\/product_brand?post=56255"},{"taxonomy":"product_cat","embeddable":true,"href":"https:\/\/skyline-gs.com\/hu\/wp-json\/wp\/v2\/product_cat?post=56255"},{"taxonomy":"product_tag","embeddable":true,"href":"https:\/\/skyline-gs.com\/hu\/wp-json\/wp\/v2\/product_tag?post=56255"}],"curies":[{"name":"wp","href":"https:\/\/api.w.org\/{rel}","templated":true}]}}