{"id":49773,"date":"2024-05-07T20:51:13","date_gmt":"2024-05-07T18:51:13","guid":{"rendered":"http:\/\/skyline-gs.com\/?post_type=product&#038;p=49773"},"modified":"2025-10-12T00:27:29","modified_gmt":"2025-10-11T22:27:29","slug":"mercedes-s-class-transfer-hongkong","status":"publish","type":"product","link":"https:\/\/skyline-gs.com\/hu\/product\/mercedes-s-class-transfer-hongkong\/","title":{"rendered":"Pr\u00e9mium rep\u00fcl\u0151t\u00e9ri transzfer Mercedes Benz S-oszt\u00e1llyal"},"content":{"rendered":"<p>\u00c9lvezze a gondtalan \u00e9rkez\u00e9st Hongkongba egy priv\u00e1t rep\u00fcl\u0151t\u00e9ri transzferrel. Sof\u0151r\u00fcnk n\u00e9vt\u00e1bl\u00e1val fogadja \u00d6nt a nemzetk\u00f6zi rep\u00fcl\u0151t\u00e9ren, \u00e9s k\u00e9nyelmesen elviszi sz\u00e1llod\u00e1j\u00e1ba.<\/p>\n<p><strong>Tartalmazza:<\/strong><\/p>\n<ul>\n<li>Transzfer l\u00e9gkondicion\u00e1lt mag\u00e1naut\u00f3val<\/li>\n<li>Transzfer Mercedes Benz S oszt\u00e1lyon (1-3 f\u0151 befogad\u00f3k\u00e9pess\u00e9g)<\/li>\n<li>Tal\u00e1lkoz\u00f3 a rep\u00fcl\u0151t\u00e9ren egy t\u00e1bl\u00e1val<\/li>\n<\/ul>\n<p><strong>Tov\u00e1bbi inform\u00e1ci\u00f3k:<\/strong><\/p>\n<ul>\n<li>\u00c9rkez\u00e9skor a rep\u00fcl\u0151g\u00e9p lesz\u00e1ll\u00e1s\u00e1t k\u00f6vet\u0151en 60 percig ingyenes v\u00e1rakoz\u00e1si id\u0151. Az ezen id\u0151n t\u00fali v\u00e1rakoz\u00e1s\u00e9rt minden 30 perc ut\u00e1n 50$ d\u00edjat kell fizetni.<\/li>\n<li>A sz\u00e1llod\u00e1t\u00f3l val\u00f3 indul\u00e1skor a tervezett transzferid\u0151pontt\u00f3l sz\u00e1m\u00edtva legfeljebb 15 perc v\u00e1rakoz\u00e1si id\u0151vel kell sz\u00e1molni. Az ezen id\u0151n t\u00fali v\u00e1rakoz\u00e1s\u00e9rt minden 30 perc ut\u00e1n 50$ ker\u00fcl felsz\u00e1m\u00edt\u00e1sra.<\/li>\n<li>A k\u00f6lts\u00e9gek feln\u0151ttek \u00e9s gyermekek sz\u00e1m\u00e1ra 3 \u00e9ves kort\u00f3l azonosak. A 3 \u00e9v alatti gyermekek sz\u00e1m\u00e1ra a szolg\u00e1ltat\u00e1sok ingyenesek.<\/li>\n<li>A transzferek eset\u00e9ben egy tov\u00e1bbi meg\u00e1ll\u00f3 az \u00fat ment\u00e9n ingyenes.<\/li>\n<li>Minden tov\u00e1bbi meg\u00e1ll\u00f3 ut\u00e1n 30$ (legfeljebb 2 meg\u00e1ll\u00f3) d\u00edjat kell fizetni.<\/li>\n<li>A 22:00 \u00e9s 8:00 \u00f3ra k\u00f6z\u00f6tti id\u0151szakban minden j\u00e1rat\u00e9rt 40$ fel\u00e1rat kell fizetni egy \u00fatra vagy \u00f3r\u00e1nk\u00e9nt.<\/li>\n<\/ul>\n<p><strong>Fenntart\u00e1sok:<\/strong><\/p>\n<ul>\n<li>Foglal\u00e1skor k\u00e9rj\u00fck, k\u00fcldje el nek\u00fcnk e-mailben a transzfer d\u00e1tum\u00e1t, a j\u00e1rat sz\u00e1m\u00e1t \u00e9s az \u00e9rkez\u00e9s id\u0151pontj\u00e1t. Ha j\u00e1rata k\u00e9sik vagy elhalasztj\u00e1k, k\u00e9rj\u00fck, \u00e9rtes\u00edtsen minket.<\/li>\n<li>100% megrendel\u00e9skor el\u0151legre van sz\u00fcks\u00e9g, k\u00e9szp\u00e9nzt \u00e9s online bankk\u00e1rty\u00e1s \u00e1tutal\u00e1st is elfogadunk.<\/li>\n<li>A transzfer el\u0151tt 24 \u00f3r\u00e1val t\u00f6rt\u00e9n\u0151 lemond\u00e1s ingyenes.<\/li>\n<li>Az \u00e1tutal\u00e1st megel\u0151z\u0151 24 \u00f3r\u00e1n bel\u00fcli lemond\u00e1sok nem t\u00e9r\u00edthet\u0151k vissza.<\/li>\n<\/ul>","protected":false},"excerpt":{"rendered":"<p><strong>Utaz\u00e1si id\u0151:<\/strong> 30 perc<\/p>\n<p><strong>Kapacit\u00e1s:<\/strong> 1-3 f\u0151<\/p>","protected":false},"featured_media":52996,"template":"","meta":{"_kad_post_transparent":"default","_kad_post_title":"","_kad_post_layout":"default","_kad_post_sidebar_id":"","_kad_post_content_style":"default","_kad_post_vertical_padding":"default","_kad_post_feature":"","_kad_post_feature_position":"","_kad_post_header":false,"_kad_post_footer":false,"_kad_post_classname":"","_glsr_average":0,"_glsr_ranking":0,"_glsr_reviews":0},"product_brand":[],"product_cat":[466],"product_tag":[],"class_list":{"0":"post-49773","1":"product","2":"type-product","3":"status-publish","4":"has-post-thumbnail","6":"product_cat-hongkong","7":"tm-has-options","9":"first","10":"instock","11":"sold-individually","12":"taxable","13":"shipping-taxable","14":"purchasable","15":"product-type-simple","16":"entry","17":"content-bg","18":"loop-entry"},"yoast_head":"<!-- This site is optimized with the Yoast SEO plugin v27.3 - https:\/\/yoast.com\/product\/yoast-seo-wordpress\/ -->\n<title>\u041f\u0440\u0435\u043c\u0438\u0443\u043c \u0442\u0440\u0430\u043d\u0441\u0444\u0435\u0440 \u0438\u0437 \u0430\u044d\u0440\u043e\u043f\u043e\u0440\u0442\u0430 \u043d\u0430 Mercedes Benz S Class &#8226; \u042d\u043a\u0441\u043a\u0443\u0440\u0441\u0438\u0438 Skyline<\/title>\n<meta name=\"robots\" content=\"index, follow, max-snippet:-1, max-image-preview:large, max-video-preview:-1\" \/>\n<link rel=\"canonical\" href=\"http:\/\/skyline-gs.com\/hu\/termek\/mercedes-s-class-transfer-hongkong\/\" \/>\n<meta property=\"og:locale\" content=\"hu_HU\" \/>\n<meta property=\"og:type\" content=\"article\" \/>\n<meta property=\"og:title\" content=\"\u041f\u0440\u0435\u043c\u0438\u0443\u043c \u0442\u0440\u0430\u043d\u0441\u0444\u0435\u0440 \u0438\u0437 \u0430\u044d\u0440\u043e\u043f\u043e\u0440\u0442\u0430 \u043d\u0430 Mercedes Benz S Class &#8226; \u042d\u043a\u0441\u043a\u0443\u0440\u0441\u0438\u0438 Skyline\" \/>\n<meta property=\"og:description\" content=\"\u0412\u0440\u0435\u043c\u044f \u0432 \u043f\u0443\u0442\u0438: 30 \u043c\u0438\u043d\u0443\u0442  \u0412\u043c\u0435\u0441\u0442\u0438\u0442\u0435\u043b\u044c\u043d\u043e\u0441\u0442\u044c: 1-3 \u0447\u0435\u043b\u043e\u0432\u0435\u043a\u0430\" \/>\n<meta property=\"og:url\" content=\"http:\/\/skyline-gs.com\/hu\/termek\/mercedes-s-class-transfer-hongkong\/\" \/>\n<meta property=\"og:site_name\" content=\"\u042d\u043a\u0441\u043a\u0443\u0440\u0441\u0438\u0438 Skyline\" \/>\n<meta property=\"article:modified_time\" content=\"2025-10-11T22:27:29+00:00\" \/>\n<meta property=\"og:image\" content=\"https:\/\/skyline-gs.com\/wp-content\/uploads\/2024\/05\/1-Mercedes-S-Class-plug-in.jpg\" \/>\n\t<meta property=\"og:image:width\" content=\"2527\" \/>\n\t<meta property=\"og:image:height\" content=\"1422\" \/>\n\t<meta property=\"og:image:type\" content=\"image\/jpeg\" \/>\n<meta name=\"twitter:card\" content=\"summary_large_image\" \/>\n<meta name=\"twitter:label1\" content=\"Becs\u00fclt olvas\u00e1si id\u0151\" \/>\n\t<meta name=\"twitter:data1\" content=\"2 perc\" \/>\n<script type=\"application\/ld+json\" class=\"yoast-schema-graph\">{\"@context\":\"https:\\\/\\\/schema.org\",\"@graph\":[{\"@type\":\"WebPage\",\"@id\":\"http:\\\/\\\/skyline-gs.com\\\/fr\\\/produit\\\/mercedes-s-class-transfer-hongkong\\\/\",\"url\":\"http:\\\/\\\/skyline-gs.com\\\/fr\\\/produit\\\/mercedes-s-class-transfer-hongkong\\\/\",\"name\":\"\u041f\u0440\u0435\u043c\u0438\u0443\u043c \u0442\u0440\u0430\u043d\u0441\u0444\u0435\u0440 \u0438\u0437 \u0430\u044d\u0440\u043e\u043f\u043e\u0440\u0442\u0430 \u043d\u0430 Mercedes Benz S Class &#8226; \u042d\u043a\u0441\u043a\u0443\u0440\u0441\u0438\u0438 Skyline\",\"isPartOf\":{\"@id\":\"https:\\\/\\\/skyline-gs.com\\\/it\\\/#website\"},\"primaryImageOfPage\":{\"@id\":\"http:\\\/\\\/skyline-gs.com\\\/fr\\\/produit\\\/mercedes-s-class-transfer-hongkong\\\/#primaryimage\"},\"image\":{\"@id\":\"http:\\\/\\\/skyline-gs.com\\\/fr\\\/produit\\\/mercedes-s-class-transfer-hongkong\\\/#primaryimage\"},\"thumbnailUrl\":\"https:\\\/\\\/skyline-gs.com\\\/wp-content\\\/uploads\\\/2024\\\/05\\\/1-Mercedes-S-Class-plug-in.jpg\",\"datePublished\":\"2024-05-07T18:51:13+00:00\",\"dateModified\":\"2025-10-11T22:27:29+00:00\",\"breadcrumb\":{\"@id\":\"http:\\\/\\\/skyline-gs.com\\\/fr\\\/produit\\\/mercedes-s-class-transfer-hongkong\\\/#breadcrumb\"},\"inLanguage\":\"hu\",\"potentialAction\":[{\"@type\":\"ReadAction\",\"target\":[\"http:\\\/\\\/skyline-gs.com\\\/fr\\\/produit\\\/mercedes-s-class-transfer-hongkong\\\/\"]}]},{\"@type\":\"ImageObject\",\"inLanguage\":\"hu\",\"@id\":\"http:\\\/\\\/skyline-gs.com\\\/fr\\\/produit\\\/mercedes-s-class-transfer-hongkong\\\/#primaryimage\",\"url\":\"https:\\\/\\\/skyline-gs.com\\\/wp-content\\\/uploads\\\/2024\\\/05\\\/1-Mercedes-S-Class-plug-in.jpg\",\"contentUrl\":\"https:\\\/\\\/skyline-gs.com\\\/wp-content\\\/uploads\\\/2024\\\/05\\\/1-Mercedes-S-Class-plug-in.jpg\",\"width\":2527,\"height\":1422},{\"@type\":\"BreadcrumbList\",\"@id\":\"http:\\\/\\\/skyline-gs.com\\\/fr\\\/produit\\\/mercedes-s-class-transfer-hongkong\\\/#breadcrumb\",\"itemListElement\":[{\"@type\":\"ListItem\",\"position\":1,\"name\":\"\u0413\u043b\u0430\u0432\u043d\u0430\u044f \u0441\u0442\u0440\u0430\u043d\u0438\u0446\u0430\",\"item\":\"https:\\\/\\\/skyline-gs.com\\\/hu\\\/\"},{\"@type\":\"ListItem\",\"position\":2,\"name\":\"\u041c\u0430\u0433\u0430\u0437\u0438\u043d\",\"item\":\"https:\\\/\\\/skyline-gs.com\\\/cs\\\/shop\\\/\"},{\"@type\":\"ListItem\",\"position\":3,\"name\":\"\u041f\u0440\u0435\u043c\u0438\u0443\u043c \u0442\u0440\u0430\u043d\u0441\u0444\u0435\u0440 \u0438\u0437 \u0430\u044d\u0440\u043e\u043f\u043e\u0440\u0442\u0430 \u043d\u0430 Mercedes Benz S Class\"}]},{\"@type\":\"WebSite\",\"@id\":\"https:\\\/\\\/skyline-gs.com\\\/it\\\/#website\",\"url\":\"https:\\\/\\\/skyline-gs.com\\\/it\\\/\",\"name\":\"\u042d\u043a\u0441\u043a\u0443\u0440\u0441\u0438\u0438 Skyline\",\"description\":\"\u042d\u043a\u0441\u043a\u043b\u044e\u0437\u0438\u0432\u043d\u044b\u0435 \u044d\u043a\u0441\u043a\u0443\u0440\u0441\u0438\u0438 \u043d\u0430 \u043b\u0443\u0447\u0448\u0438\u0445 \u043a\u0443\u0440\u043e\u0440\u0442\u0430\u0445 \u043c\u0438\u0440\u0430\",\"publisher\":{\"@id\":\"https:\\\/\\\/skyline-gs.com\\\/it\\\/#organization\"},\"alternateName\":\"Skyline\",\"potentialAction\":[{\"@type\":\"SearchAction\",\"target\":{\"@type\":\"EntryPoint\",\"urlTemplate\":\"https:\\\/\\\/skyline-gs.com\\\/it\\\/?s={search_term_string}\"},\"query-input\":{\"@type\":\"PropertyValueSpecification\",\"valueRequired\":true,\"valueName\":\"search_term_string\"}}],\"inLanguage\":\"hu\"},{\"@type\":\"Organization\",\"@id\":\"https:\\\/\\\/skyline-gs.com\\\/it\\\/#organization\",\"name\":\"\u042d\u043a\u0441\u043a\u0443\u0440\u0441\u0438\u0438 Skyline\",\"alternateName\":\"\u042d\u043a\u0441\u043a\u0443\u0440\u0441\u0438\u0438 Skyline\",\"url\":\"https:\\\/\\\/skyline-gs.com\\\/it\\\/\",\"logo\":{\"@type\":\"ImageObject\",\"inLanguage\":\"hu\",\"@id\":\"https:\\\/\\\/skyline-gs.com\\\/it\\\/#\\\/schema\\\/logo\\\/image\\\/\",\"url\":\"https:\\\/\\\/skyline-gs.com\\\/wp-content\\\/uploads\\\/2020\\\/12\\\/cropped-logo-2.png\",\"contentUrl\":\"https:\\\/\\\/skyline-gs.com\\\/wp-content\\\/uploads\\\/2020\\\/12\\\/cropped-logo-2.png\",\"width\":512,\"height\":512,\"caption\":\"\u042d\u043a\u0441\u043a\u0443\u0440\u0441\u0438\u0438 Skyline\"},\"image\":{\"@id\":\"https:\\\/\\\/skyline-gs.com\\\/it\\\/#\\\/schema\\\/logo\\\/image\\\/\"},\"sameAs\":[\"https:\\\/\\\/www.instagram.com\\\/skylineglobalservice\\\/\"]}]}<\/script>\n<!-- \/ Yoast SEO plugin. -->","yoast_head_json":{"title":"\u041f\u0440\u0435\u043c\u0438\u0443\u043c \u0442\u0440\u0430\u043d\u0441\u0444\u0435\u0440 \u0438\u0437 \u0430\u044d\u0440\u043e\u043f\u043e\u0440\u0442\u0430 \u043d\u0430 Mercedes Benz S Class &#8226; \u042d\u043a\u0441\u043a\u0443\u0440\u0441\u0438\u0438 Skyline","robots":{"index":"index","follow":"follow","max-snippet":"max-snippet:-1","max-image-preview":"max-image-preview:large","max-video-preview":"max-video-preview:-1"},"canonical":"http:\/\/skyline-gs.com\/hu\/termek\/mercedes-s-class-transfer-hongkong\/","og_locale":"hu_HU","og_type":"article","og_title":"\u041f\u0440\u0435\u043c\u0438\u0443\u043c \u0442\u0440\u0430\u043d\u0441\u0444\u0435\u0440 \u0438\u0437 \u0430\u044d\u0440\u043e\u043f\u043e\u0440\u0442\u0430 \u043d\u0430 Mercedes Benz S Class &#8226; \u042d\u043a\u0441\u043a\u0443\u0440\u0441\u0438\u0438 Skyline","og_description":"\u0412\u0440\u0435\u043c\u044f \u0432 \u043f\u0443\u0442\u0438: 30 \u043c\u0438\u043d\u0443\u0442  \u0412\u043c\u0435\u0441\u0442\u0438\u0442\u0435\u043b\u044c\u043d\u043e\u0441\u0442\u044c: 1-3 \u0447\u0435\u043b\u043e\u0432\u0435\u043a\u0430","og_url":"http:\/\/skyline-gs.com\/hu\/termek\/mercedes-s-class-transfer-hongkong\/","og_site_name":"\u042d\u043a\u0441\u043a\u0443\u0440\u0441\u0438\u0438 Skyline","article_modified_time":"2025-10-11T22:27:29+00:00","og_image":[{"width":2527,"height":1422,"url":"https:\/\/skyline-gs.com\/wp-content\/uploads\/2024\/05\/1-Mercedes-S-Class-plug-in.jpg","type":"image\/jpeg"}],"twitter_card":"summary_large_image","twitter_misc":{"Becs\u00fclt olvas\u00e1si id\u0151":"2 perc"},"schema":{"@context":"https:\/\/schema.org","@graph":[{"@type":"WebPage","@id":"http:\/\/skyline-gs.com\/fr\/produit\/mercedes-s-class-transfer-hongkong\/","url":"http:\/\/skyline-gs.com\/fr\/produit\/mercedes-s-class-transfer-hongkong\/","name":"\u041f\u0440\u0435\u043c\u0438\u0443\u043c \u0442\u0440\u0430\u043d\u0441\u0444\u0435\u0440 \u0438\u0437 \u0430\u044d\u0440\u043e\u043f\u043e\u0440\u0442\u0430 \u043d\u0430 Mercedes Benz S Class &#8226; \u042d\u043a\u0441\u043a\u0443\u0440\u0441\u0438\u0438 Skyline","isPartOf":{"@id":"https:\/\/skyline-gs.com\/it\/#website"},"primaryImageOfPage":{"@id":"http:\/\/skyline-gs.com\/fr\/produit\/mercedes-s-class-transfer-hongkong\/#primaryimage"},"image":{"@id":"http:\/\/skyline-gs.com\/fr\/produit\/mercedes-s-class-transfer-hongkong\/#primaryimage"},"thumbnailUrl":"https:\/\/skyline-gs.com\/wp-content\/uploads\/2024\/05\/1-Mercedes-S-Class-plug-in.jpg","datePublished":"2024-05-07T18:51:13+00:00","dateModified":"2025-10-11T22:27:29+00:00","breadcrumb":{"@id":"http:\/\/skyline-gs.com\/fr\/produit\/mercedes-s-class-transfer-hongkong\/#breadcrumb"},"inLanguage":"hu","potentialAction":[{"@type":"ReadAction","target":["http:\/\/skyline-gs.com\/fr\/produit\/mercedes-s-class-transfer-hongkong\/"]}]},{"@type":"ImageObject","inLanguage":"hu","@id":"http:\/\/skyline-gs.com\/fr\/produit\/mercedes-s-class-transfer-hongkong\/#primaryimage","url":"https:\/\/skyline-gs.com\/wp-content\/uploads\/2024\/05\/1-Mercedes-S-Class-plug-in.jpg","contentUrl":"https:\/\/skyline-gs.com\/wp-content\/uploads\/2024\/05\/1-Mercedes-S-Class-plug-in.jpg","width":2527,"height":1422},{"@type":"BreadcrumbList","@id":"http:\/\/skyline-gs.com\/fr\/produit\/mercedes-s-class-transfer-hongkong\/#breadcrumb","itemListElement":[{"@type":"ListItem","position":1,"name":"\u0413\u043b\u0430\u0432\u043d\u0430\u044f \u0441\u0442\u0440\u0430\u043d\u0438\u0446\u0430","item":"https:\/\/skyline-gs.com\/hu\/"},{"@type":"ListItem","position":2,"name":"\u041c\u0430\u0433\u0430\u0437\u0438\u043d","item":"https:\/\/skyline-gs.com\/cs\/shop\/"},{"@type":"ListItem","position":3,"name":"\u041f\u0440\u0435\u043c\u0438\u0443\u043c \u0442\u0440\u0430\u043d\u0441\u0444\u0435\u0440 \u0438\u0437 \u0430\u044d\u0440\u043e\u043f\u043e\u0440\u0442\u0430 \u043d\u0430 Mercedes Benz S Class"}]},{"@type":"WebSite","@id":"https:\/\/skyline-gs.com\/it\/#website","url":"https:\/\/skyline-gs.com\/it\/","name":"Skyline T\u00far\u00e1k","description":"Exkluz\u00edv kir\u00e1ndul\u00e1sok a vil\u00e1g legjobb \u00fcd\u00fcl\u0151helyein","publisher":{"@id":"https:\/\/skyline-gs.com\/it\/#organization"},"alternateName":"Skyline","potentialAction":[{"@type":"SearchAction","target":{"@type":"EntryPoint","urlTemplate":"https:\/\/skyline-gs.com\/it\/?s={search_term_string}"},"query-input":{"@type":"PropertyValueSpecification","valueRequired":true,"valueName":"search_term_string"}}],"inLanguage":"hu"},{"@type":"Organization","@id":"https:\/\/skyline-gs.com\/it\/#organization","name":"Skyline T\u00far\u00e1k","alternateName":"\u042d\u043a\u0441\u043a\u0443\u0440\u0441\u0438\u0438 Skyline","url":"https:\/\/skyline-gs.com\/it\/","logo":{"@type":"ImageObject","inLanguage":"hu","@id":"https:\/\/skyline-gs.com\/it\/#\/schema\/logo\/image\/","url":"https:\/\/skyline-gs.com\/wp-content\/uploads\/2020\/12\/cropped-logo-2.png","contentUrl":"https:\/\/skyline-gs.com\/wp-content\/uploads\/2020\/12\/cropped-logo-2.png","width":512,"height":512,"caption":"\u042d\u043a\u0441\u043a\u0443\u0440\u0441\u0438\u0438 Skyline"},"image":{"@id":"https:\/\/skyline-gs.com\/it\/#\/schema\/logo\/image\/"},"sameAs":["https:\/\/www.instagram.com\/skylineglobalservice\/"]}]}},"_links":{"self":[{"href":"https:\/\/skyline-gs.com\/hu\/wp-json\/wp\/v2\/product\/49773","targetHints":{"allow":["GET"]}}],"collection":[{"href":"https:\/\/skyline-gs.com\/hu\/wp-json\/wp\/v2\/product"}],"about":[{"href":"https:\/\/skyline-gs.com\/hu\/wp-json\/wp\/v2\/types\/product"}],"version-history":[{"count":0,"href":"https:\/\/skyline-gs.com\/hu\/wp-json\/wp\/v2\/product\/49773\/revisions"}],"wp:featuredmedia":[{"embeddable":true,"href":"https:\/\/skyline-gs.com\/hu\/wp-json\/wp\/v2\/media\/52996"}],"wp:attachment":[{"href":"https:\/\/skyline-gs.com\/hu\/wp-json\/wp\/v2\/media?parent=49773"}],"wp:term":[{"taxonomy":"product_brand","embeddable":true,"href":"https:\/\/skyline-gs.com\/hu\/wp-json\/wp\/v2\/product_brand?post=49773"},{"taxonomy":"product_cat","embeddable":true,"href":"https:\/\/skyline-gs.com\/hu\/wp-json\/wp\/v2\/product_cat?post=49773"},{"taxonomy":"product_tag","embeddable":true,"href":"https:\/\/skyline-gs.com\/hu\/wp-json\/wp\/v2\/product_tag?post=49773"}],"curies":[{"name":"wp","href":"https:\/\/api.w.org\/{rel}","templated":true}]}}