{"id":47213,"date":"2024-01-22T15:23:01","date_gmt":"2024-01-22T13:23:01","guid":{"rendered":"http:\/\/skyline-gs.com\/?post_type=product&#038;p=47213"},"modified":"2024-01-24T19:54:36","modified_gmt":"2024-01-24T17:54:36","slug":"individual-yacht-in-marmaris","status":"publish","type":"product","link":"https:\/\/skyline-gs.com\/hu\/product\/individual-yacht-in-marmaris\/","title":{"rendered":"Testre szabott jacht Marmarisban"},"content":{"rendered":"<p>Figyelem! Az al\u00e1bbiakban egy hozz\u00e1vet\u0151leges t\u00faraprogramot k\u00f6zl\u00fcnk, k\u00e9rj\u00fck, hogy a jacht foglal\u00e1sakor egyeztesse saj\u00e1t \u00fatiterv\u00e9t a menedzserrel.<\/p>\n<ol>\n<li><strong>Sz\u00e1llodai transzfer:<\/strong> A t\u00fara k\u00e9nyelmes transzferrel kezd\u0151dik, amely k\u00f6zvetlen\u00fcl a sz\u00e1lloda vagy apartman kapuj\u00e1ban veszi fel a vend\u00e9geket.<\/li>\n<li><strong>\u00c9rkez\u00e9s a kik\u00f6t\u0151be \u00e9s besz\u00e1ll\u00e1s:<\/strong> A transzfer ut\u00e1n a vend\u00e9gek egy mag\u00e1njachtra sz\u00e1llnak, hogy megkezdj\u00e9k a felejthetetlen napot.<\/li>\n<li><strong>Haj\u00f3kir\u00e1ndul\u00e1s:<\/strong> Vitorl\u00e1z\u00e1s j\u00f3v\u00e1hagyott \u00fatvonalon, v\u00e1rosn\u00e9z\u00e9ssel \u00e9s gy\u00f6ny\u00f6r\u0171 \u00f6bl\u00f6kkel.<\/li>\n<li><strong>F\u00fcrd\u0151z\u00e9s meg\u00e1ll:<\/strong> Lehet\u0151s\u00e9g a tengerbe mer\u00fcl\u00e9sre, b\u00fav\u00e1rkod\u00e1sra \u00e9s uszonyok haszn\u00e1lat\u00e1ra.<\/li>\n<li><strong>Eb\u00e9d vagy vacsora a fed\u00e9lzeten:<\/strong> A kapit\u00e1ny finom grillezett \u00e9teleket k\u00e9sz\u00edt k\u00f6zvetlen\u00fcl a haj\u00f3n.<\/li>\n<li><strong>Visszat\u00e9r\u00e9s a kik\u00f6t\u0151be \u00e9s transzfer a sz\u00e1llod\u00e1ba:<\/strong> A kaland v\u00e9g\u00e9n visszaviszik a kik\u00f6t\u0151be, \u00e9s onnan vissza a sz\u00e1llod\u00e1ba.<\/li>\n<\/ol>\n<p><strong>Tartalmazza:<\/strong><\/p>\n<ul>\n<li>Biztos\u00edt\u00e1s<\/li>\n<li>Egy\u00e9ni \u00e1tutal\u00e1s<\/li>\n<li>Oroszul besz\u00e9l\u0151 kapit\u00e1ny szolg\u00e1ltat\u00e1sai<\/li>\n<li>Eb\u00e9d vagy vacsora a fed\u00e9lzeten<\/li>\n<li>\u00dcd\u00edt\u0151italok<\/li>\n<\/ul>\n<p><strong>Nem tartalmazza:<\/strong><\/p>\n<ul>\n<li>Tov\u00e1bbi k\u00f6lts\u00e9gek (nem k\u00f6telez\u0151)<\/li>\n<\/ul>\n<p><strong>Ne felejtsd el elhozni a saj\u00e1todat:<\/strong><\/p>\n<ul>\n<li>K\u00e9nyelmes cip\u0151 \u00e9s ruh\u00e1zat<\/li>\n<li>Napv\u00e9delem<\/li>\n<li>Fejd\u00edsz<\/li>\n<li>F\u00fcrd\u0151ruha \u00e9s t\u00f6r\u00f6lk\u00f6z\u0151<\/li>\n<\/ul>","protected":false},"excerpt":{"rendered":"<p><strong>B\u00e9rl\u00e9si id\u0151:<\/strong> 08:00 &#8212; 20:00<\/p>\n<p><b>T\u00fara napok: <\/b>Naponta<\/p>","protected":false},"featured_media":38221,"template":"","meta":{"_kad_post_transparent":"default","_kad_post_title":"","_kad_post_layout":"default","_kad_post_sidebar_id":"","_kad_post_content_style":"default","_kad_post_vertical_padding":"default","_kad_post_feature":"","_kad_post_feature_position":"","_kad_post_header":false,"_kad_post_footer":false,"_kad_post_classname":"","_glsr_average":0,"_glsr_ranking":0,"_glsr_reviews":0},"product_brand":[],"product_cat":[451],"product_tag":[],"class_list":{"0":"post-47213","1":"product","2":"type-product","3":"status-publish","4":"has-post-thumbnail","6":"product_cat-marmaris","7":"tm-has-options","9":"first","10":"instock","11":"sold-individually","12":"taxable","13":"shipping-taxable","14":"purchasable","15":"product-type-simple","16":"entry","17":"content-bg","18":"loop-entry"},"yoast_head":"<!-- This site is optimized with the Yoast SEO plugin v27.3 - https:\/\/yoast.com\/product\/yoast-seo-wordpress\/ -->\n<title>\u0418\u043d\u0434\u0438\u0432\u0438\u0434\u0443\u0430\u043b\u044c\u043d\u0430\u044f \u044f\u0445\u0442\u0430 \u0432 \u041c\u0430\u0440\u043c\u0430\u0440\u0438\u0441\u0435 &#8226; \u042d\u043a\u0441\u043a\u0443\u0440\u0441\u0438\u0438 Skyline<\/title>\n<meta name=\"description\" content=\"\u0418\u043d\u0434\u0438\u0432\u0438\u0434\u0443\u0430\u043b\u044c\u043d\u0430\u044f \u044f\u0445\u0442\u0430 \u0432 \u041c\u0430\u0440\u043c\u0430\u0440\u0438\u0441\u0435 - \u044d\u0442\u043e \u0443\u043d\u0438\u043a\u0430\u043b\u044c\u043d\u0430\u044f \u0432\u043e\u0437\u043c\u043e\u0436\u043d\u043e\u0441\u0442\u044c \u0441\u043e\u0437\u0434\u0430\u0442\u044c \u0441\u0432\u043e\u0439 \u0441\u043e\u0431\u0441\u0442\u0432\u0435\u043d\u043d\u044b\u0439 \u043c\u0430\u0440\u0448\u0440\u0443\u0442 \u043c\u043e\u0440\u0441\u043a\u043e\u0433\u043e \u043f\u0440\u0438\u043a\u043b\u044e\u0447\u0435\u043d\u0438\u044f. \u0411\u0440\u043e\u043d\u0438\u0440\u0443\u0439 \u043f\u0440\u044f\u043c\u043e \u0441\u0435\u0439\u0447\u0430\u0441!\" \/>\n<meta name=\"robots\" content=\"index, follow, max-snippet:-1, max-image-preview:large, max-video-preview:-1\" \/>\n<link rel=\"canonical\" href=\"https:\/\/skyline-gs.com\/hu\/termek\/individual-yacht-in-marmaris\/\" \/>\n<meta property=\"og:locale\" content=\"hu_HU\" \/>\n<meta property=\"og:type\" content=\"article\" \/>\n<meta property=\"og:title\" content=\"\u0418\u043d\u0434\u0438\u0432\u0438\u0434\u0443\u0430\u043b\u044c\u043d\u0430\u044f \u044f\u0445\u0442\u0430 \u0432 \u041c\u0430\u0440\u043c\u0430\u0440\u0438\u0441\u0435 &#8226; \u042d\u043a\u0441\u043a\u0443\u0440\u0441\u0438\u0438 Skyline\" \/>\n<meta property=\"og:description\" content=\"\u0418\u043d\u0434\u0438\u0432\u0438\u0434\u0443\u0430\u043b\u044c\u043d\u0430\u044f \u044f\u0445\u0442\u0430 \u0432 \u041c\u0430\u0440\u043c\u0430\u0440\u0438\u0441\u0435 - \u044d\u0442\u043e \u0443\u043d\u0438\u043a\u0430\u043b\u044c\u043d\u0430\u044f \u0432\u043e\u0437\u043c\u043e\u0436\u043d\u043e\u0441\u0442\u044c \u0441\u043e\u0437\u0434\u0430\u0442\u044c \u0441\u0432\u043e\u0439 \u0441\u043e\u0431\u0441\u0442\u0432\u0435\u043d\u043d\u044b\u0439 \u043c\u0430\u0440\u0448\u0440\u0443\u0442 \u043c\u043e\u0440\u0441\u043a\u043e\u0433\u043e \u043f\u0440\u0438\u043a\u043b\u044e\u0447\u0435\u043d\u0438\u044f. \u0411\u0440\u043e\u043d\u0438\u0440\u0443\u0439 \u043f\u0440\u044f\u043c\u043e \u0441\u0435\u0439\u0447\u0430\u0441!\" \/>\n<meta property=\"og:url\" content=\"https:\/\/skyline-gs.com\/hu\/termek\/individual-yacht-in-marmaris\/\" \/>\n<meta property=\"og:site_name\" content=\"\u042d\u043a\u0441\u043a\u0443\u0440\u0441\u0438\u0438 Skyline\" \/>\n<meta property=\"article:modified_time\" content=\"2024-01-24T17:54:36+00:00\" \/>\n<meta property=\"og:image\" content=\"https:\/\/skyline-gs.com\/wp-content\/uploads\/2022\/07\/6-13.png\" \/>\n\t<meta property=\"og:image:width\" content=\"669\" \/>\n\t<meta property=\"og:image:height\" content=\"446\" \/>\n\t<meta property=\"og:image:type\" content=\"image\/png\" \/>\n<meta name=\"twitter:card\" content=\"summary_large_image\" \/>\n<meta name=\"twitter:label1\" content=\"Becs\u00fclt olvas\u00e1si id\u0151\" \/>\n\t<meta name=\"twitter:data1\" content=\"2 perc\" \/>\n<script type=\"application\/ld+json\" class=\"yoast-schema-graph\">{\"@context\":\"https:\\\/\\\/schema.org\",\"@graph\":[{\"@type\":\"WebPage\",\"@id\":\"https:\\\/\\\/skyline-gs.com\\\/pl\\\/produkt\\\/individual-yacht-in-marmaris\\\/\",\"url\":\"https:\\\/\\\/skyline-gs.com\\\/pl\\\/produkt\\\/individual-yacht-in-marmaris\\\/\",\"name\":\"\u0418\u043d\u0434\u0438\u0432\u0438\u0434\u0443\u0430\u043b\u044c\u043d\u0430\u044f \u044f\u0445\u0442\u0430 \u0432 \u041c\u0430\u0440\u043c\u0430\u0440\u0438\u0441\u0435 &#8226; \u042d\u043a\u0441\u043a\u0443\u0440\u0441\u0438\u0438 Skyline\",\"isPartOf\":{\"@id\":\"https:\\\/\\\/skyline-gs.com\\\/it\\\/#website\"},\"primaryImageOfPage\":{\"@id\":\"https:\\\/\\\/skyline-gs.com\\\/pl\\\/produkt\\\/individual-yacht-in-marmaris\\\/#primaryimage\"},\"image\":{\"@id\":\"https:\\\/\\\/skyline-gs.com\\\/pl\\\/produkt\\\/individual-yacht-in-marmaris\\\/#primaryimage\"},\"thumbnailUrl\":\"https:\\\/\\\/skyline-gs.com\\\/wp-content\\\/uploads\\\/2022\\\/07\\\/6-13.png\",\"datePublished\":\"2024-01-22T13:23:01+00:00\",\"dateModified\":\"2024-01-24T17:54:36+00:00\",\"description\":\"\u0418\u043d\u0434\u0438\u0432\u0438\u0434\u0443\u0430\u043b\u044c\u043d\u0430\u044f \u044f\u0445\u0442\u0430 \u0432 \u041c\u0430\u0440\u043c\u0430\u0440\u0438\u0441\u0435 - \u044d\u0442\u043e \u0443\u043d\u0438\u043a\u0430\u043b\u044c\u043d\u0430\u044f \u0432\u043e\u0437\u043c\u043e\u0436\u043d\u043e\u0441\u0442\u044c \u0441\u043e\u0437\u0434\u0430\u0442\u044c \u0441\u0432\u043e\u0439 \u0441\u043e\u0431\u0441\u0442\u0432\u0435\u043d\u043d\u044b\u0439 \u043c\u0430\u0440\u0448\u0440\u0443\u0442 \u043c\u043e\u0440\u0441\u043a\u043e\u0433\u043e \u043f\u0440\u0438\u043a\u043b\u044e\u0447\u0435\u043d\u0438\u044f. \u0411\u0440\u043e\u043d\u0438\u0440\u0443\u0439 \u043f\u0440\u044f\u043c\u043e \u0441\u0435\u0439\u0447\u0430\u0441!\",\"breadcrumb\":{\"@id\":\"https:\\\/\\\/skyline-gs.com\\\/pl\\\/produkt\\\/individual-yacht-in-marmaris\\\/#breadcrumb\"},\"inLanguage\":\"hu\",\"potentialAction\":[{\"@type\":\"ReadAction\",\"target\":[\"https:\\\/\\\/skyline-gs.com\\\/pl\\\/produkt\\\/individual-yacht-in-marmaris\\\/\"]}]},{\"@type\":\"ImageObject\",\"inLanguage\":\"hu\",\"@id\":\"https:\\\/\\\/skyline-gs.com\\\/pl\\\/produkt\\\/individual-yacht-in-marmaris\\\/#primaryimage\",\"url\":\"https:\\\/\\\/skyline-gs.com\\\/wp-content\\\/uploads\\\/2022\\\/07\\\/6-13.png\",\"contentUrl\":\"https:\\\/\\\/skyline-gs.com\\\/wp-content\\\/uploads\\\/2022\\\/07\\\/6-13.png\",\"width\":669,\"height\":446},{\"@type\":\"BreadcrumbList\",\"@id\":\"https:\\\/\\\/skyline-gs.com\\\/pl\\\/produkt\\\/individual-yacht-in-marmaris\\\/#breadcrumb\",\"itemListElement\":[{\"@type\":\"ListItem\",\"position\":1,\"name\":\"\u0413\u043b\u0430\u0432\u043d\u0430\u044f \u0441\u0442\u0440\u0430\u043d\u0438\u0446\u0430\",\"item\":\"https:\\\/\\\/skyline-gs.com\\\/hu\\\/\"},{\"@type\":\"ListItem\",\"position\":2,\"name\":\"\u041c\u0430\u0433\u0430\u0437\u0438\u043d\",\"item\":\"https:\\\/\\\/skyline-gs.com\\\/cs\\\/shop\\\/\"},{\"@type\":\"ListItem\",\"position\":3,\"name\":\"\u0418\u043d\u0434\u0438\u0432\u0438\u0434\u0443\u0430\u043b\u044c\u043d\u0430\u044f \u044f\u0445\u0442\u0430 \u0432 \u041c\u0430\u0440\u043c\u0430\u0440\u0438\u0441\u0435\"}]},{\"@type\":\"WebSite\",\"@id\":\"https:\\\/\\\/skyline-gs.com\\\/it\\\/#website\",\"url\":\"https:\\\/\\\/skyline-gs.com\\\/it\\\/\",\"name\":\"\u042d\u043a\u0441\u043a\u0443\u0440\u0441\u0438\u0438 Skyline\",\"description\":\"\u042d\u043a\u0441\u043a\u043b\u044e\u0437\u0438\u0432\u043d\u044b\u0435 \u044d\u043a\u0441\u043a\u0443\u0440\u0441\u0438\u0438 \u043d\u0430 \u043b\u0443\u0447\u0448\u0438\u0445 \u043a\u0443\u0440\u043e\u0440\u0442\u0430\u0445 \u043c\u0438\u0440\u0430\",\"publisher\":{\"@id\":\"https:\\\/\\\/skyline-gs.com\\\/it\\\/#organization\"},\"alternateName\":\"Skyline\",\"potentialAction\":[{\"@type\":\"SearchAction\",\"target\":{\"@type\":\"EntryPoint\",\"urlTemplate\":\"https:\\\/\\\/skyline-gs.com\\\/it\\\/?s={search_term_string}\"},\"query-input\":{\"@type\":\"PropertyValueSpecification\",\"valueRequired\":true,\"valueName\":\"search_term_string\"}}],\"inLanguage\":\"hu\"},{\"@type\":\"Organization\",\"@id\":\"https:\\\/\\\/skyline-gs.com\\\/it\\\/#organization\",\"name\":\"\u042d\u043a\u0441\u043a\u0443\u0440\u0441\u0438\u0438 Skyline\",\"alternateName\":\"\u042d\u043a\u0441\u043a\u0443\u0440\u0441\u0438\u0438 Skyline\",\"url\":\"https:\\\/\\\/skyline-gs.com\\\/it\\\/\",\"logo\":{\"@type\":\"ImageObject\",\"inLanguage\":\"hu\",\"@id\":\"https:\\\/\\\/skyline-gs.com\\\/it\\\/#\\\/schema\\\/logo\\\/image\\\/\",\"url\":\"https:\\\/\\\/skyline-gs.com\\\/wp-content\\\/uploads\\\/2020\\\/12\\\/cropped-logo-2.png\",\"contentUrl\":\"https:\\\/\\\/skyline-gs.com\\\/wp-content\\\/uploads\\\/2020\\\/12\\\/cropped-logo-2.png\",\"width\":512,\"height\":512,\"caption\":\"\u042d\u043a\u0441\u043a\u0443\u0440\u0441\u0438\u0438 Skyline\"},\"image\":{\"@id\":\"https:\\\/\\\/skyline-gs.com\\\/it\\\/#\\\/schema\\\/logo\\\/image\\\/\"},\"sameAs\":[\"https:\\\/\\\/www.instagram.com\\\/skylineglobalservice\\\/\"]}]}<\/script>\n<!-- \/ Yoast SEO plugin. -->","yoast_head_json":{"title":"\u0418\u043d\u0434\u0438\u0432\u0438\u0434\u0443\u0430\u043b\u044c\u043d\u0430\u044f \u044f\u0445\u0442\u0430 \u0432 \u041c\u0430\u0440\u043c\u0430\u0440\u0438\u0441\u0435 &#8226; \u042d\u043a\u0441\u043a\u0443\u0440\u0441\u0438\u0438 Skyline","description":"A szem\u00e9lyre szabott jacht Marmarisban egyed\u00fcl\u00e1ll\u00f3 lehet\u0151s\u00e9g arra, hogy saj\u00e1t tengeri kalandos \u00fatvonalat hozzon l\u00e9tre. Foglaljon most!","robots":{"index":"index","follow":"follow","max-snippet":"max-snippet:-1","max-image-preview":"max-image-preview:large","max-video-preview":"max-video-preview:-1"},"canonical":"https:\/\/skyline-gs.com\/hu\/termek\/individual-yacht-in-marmaris\/","og_locale":"hu_HU","og_type":"article","og_title":"\u0418\u043d\u0434\u0438\u0432\u0438\u0434\u0443\u0430\u043b\u044c\u043d\u0430\u044f \u044f\u0445\u0442\u0430 \u0432 \u041c\u0430\u0440\u043c\u0430\u0440\u0438\u0441\u0435 &#8226; \u042d\u043a\u0441\u043a\u0443\u0440\u0441\u0438\u0438 Skyline","og_description":"\u0418\u043d\u0434\u0438\u0432\u0438\u0434\u0443\u0430\u043b\u044c\u043d\u0430\u044f \u044f\u0445\u0442\u0430 \u0432 \u041c\u0430\u0440\u043c\u0430\u0440\u0438\u0441\u0435 - \u044d\u0442\u043e \u0443\u043d\u0438\u043a\u0430\u043b\u044c\u043d\u0430\u044f \u0432\u043e\u0437\u043c\u043e\u0436\u043d\u043e\u0441\u0442\u044c \u0441\u043e\u0437\u0434\u0430\u0442\u044c \u0441\u0432\u043e\u0439 \u0441\u043e\u0431\u0441\u0442\u0432\u0435\u043d\u043d\u044b\u0439 \u043c\u0430\u0440\u0448\u0440\u0443\u0442 \u043c\u043e\u0440\u0441\u043a\u043e\u0433\u043e \u043f\u0440\u0438\u043a\u043b\u044e\u0447\u0435\u043d\u0438\u044f. \u0411\u0440\u043e\u043d\u0438\u0440\u0443\u0439 \u043f\u0440\u044f\u043c\u043e \u0441\u0435\u0439\u0447\u0430\u0441!","og_url":"https:\/\/skyline-gs.com\/hu\/termek\/individual-yacht-in-marmaris\/","og_site_name":"\u042d\u043a\u0441\u043a\u0443\u0440\u0441\u0438\u0438 Skyline","article_modified_time":"2024-01-24T17:54:36+00:00","og_image":[{"width":669,"height":446,"url":"https:\/\/skyline-gs.com\/wp-content\/uploads\/2022\/07\/6-13.png","type":"image\/png"}],"twitter_card":"summary_large_image","twitter_misc":{"Becs\u00fclt olvas\u00e1si id\u0151":"2 perc"},"schema":{"@context":"https:\/\/schema.org","@graph":[{"@type":"WebPage","@id":"https:\/\/skyline-gs.com\/pl\/produkt\/individual-yacht-in-marmaris\/","url":"https:\/\/skyline-gs.com\/pl\/produkt\/individual-yacht-in-marmaris\/","name":"\u0418\u043d\u0434\u0438\u0432\u0438\u0434\u0443\u0430\u043b\u044c\u043d\u0430\u044f \u044f\u0445\u0442\u0430 \u0432 \u041c\u0430\u0440\u043c\u0430\u0440\u0438\u0441\u0435 &#8226; \u042d\u043a\u0441\u043a\u0443\u0440\u0441\u0438\u0438 Skyline","isPartOf":{"@id":"https:\/\/skyline-gs.com\/it\/#website"},"primaryImageOfPage":{"@id":"https:\/\/skyline-gs.com\/pl\/produkt\/individual-yacht-in-marmaris\/#primaryimage"},"image":{"@id":"https:\/\/skyline-gs.com\/pl\/produkt\/individual-yacht-in-marmaris\/#primaryimage"},"thumbnailUrl":"https:\/\/skyline-gs.com\/wp-content\/uploads\/2022\/07\/6-13.png","datePublished":"2024-01-22T13:23:01+00:00","dateModified":"2024-01-24T17:54:36+00:00","description":"A szem\u00e9lyre szabott jacht Marmarisban egyed\u00fcl\u00e1ll\u00f3 lehet\u0151s\u00e9g arra, hogy saj\u00e1t tengeri kalandos \u00fatvonalat hozzon l\u00e9tre. Foglaljon most!","breadcrumb":{"@id":"https:\/\/skyline-gs.com\/pl\/produkt\/individual-yacht-in-marmaris\/#breadcrumb"},"inLanguage":"hu","potentialAction":[{"@type":"ReadAction","target":["https:\/\/skyline-gs.com\/pl\/produkt\/individual-yacht-in-marmaris\/"]}]},{"@type":"ImageObject","inLanguage":"hu","@id":"https:\/\/skyline-gs.com\/pl\/produkt\/individual-yacht-in-marmaris\/#primaryimage","url":"https:\/\/skyline-gs.com\/wp-content\/uploads\/2022\/07\/6-13.png","contentUrl":"https:\/\/skyline-gs.com\/wp-content\/uploads\/2022\/07\/6-13.png","width":669,"height":446},{"@type":"BreadcrumbList","@id":"https:\/\/skyline-gs.com\/pl\/produkt\/individual-yacht-in-marmaris\/#breadcrumb","itemListElement":[{"@type":"ListItem","position":1,"name":"\u0413\u043b\u0430\u0432\u043d\u0430\u044f \u0441\u0442\u0440\u0430\u043d\u0438\u0446\u0430","item":"https:\/\/skyline-gs.com\/hu\/"},{"@type":"ListItem","position":2,"name":"\u041c\u0430\u0433\u0430\u0437\u0438\u043d","item":"https:\/\/skyline-gs.com\/cs\/shop\/"},{"@type":"ListItem","position":3,"name":"\u0418\u043d\u0434\u0438\u0432\u0438\u0434\u0443\u0430\u043b\u044c\u043d\u0430\u044f \u044f\u0445\u0442\u0430 \u0432 \u041c\u0430\u0440\u043c\u0430\u0440\u0438\u0441\u0435"}]},{"@type":"WebSite","@id":"https:\/\/skyline-gs.com\/it\/#website","url":"https:\/\/skyline-gs.com\/it\/","name":"Skyline T\u00far\u00e1k","description":"Exkluz\u00edv kir\u00e1ndul\u00e1sok a vil\u00e1g legjobb \u00fcd\u00fcl\u0151helyein","publisher":{"@id":"https:\/\/skyline-gs.com\/it\/#organization"},"alternateName":"Skyline","potentialAction":[{"@type":"SearchAction","target":{"@type":"EntryPoint","urlTemplate":"https:\/\/skyline-gs.com\/it\/?s={search_term_string}"},"query-input":{"@type":"PropertyValueSpecification","valueRequired":true,"valueName":"search_term_string"}}],"inLanguage":"hu"},{"@type":"Organization","@id":"https:\/\/skyline-gs.com\/it\/#organization","name":"Skyline T\u00far\u00e1k","alternateName":"\u042d\u043a\u0441\u043a\u0443\u0440\u0441\u0438\u0438 Skyline","url":"https:\/\/skyline-gs.com\/it\/","logo":{"@type":"ImageObject","inLanguage":"hu","@id":"https:\/\/skyline-gs.com\/it\/#\/schema\/logo\/image\/","url":"https:\/\/skyline-gs.com\/wp-content\/uploads\/2020\/12\/cropped-logo-2.png","contentUrl":"https:\/\/skyline-gs.com\/wp-content\/uploads\/2020\/12\/cropped-logo-2.png","width":512,"height":512,"caption":"\u042d\u043a\u0441\u043a\u0443\u0440\u0441\u0438\u0438 Skyline"},"image":{"@id":"https:\/\/skyline-gs.com\/it\/#\/schema\/logo\/image\/"},"sameAs":["https:\/\/www.instagram.com\/skylineglobalservice\/"]}]}},"_links":{"self":[{"href":"https:\/\/skyline-gs.com\/hu\/wp-json\/wp\/v2\/product\/47213","targetHints":{"allow":["GET"]}}],"collection":[{"href":"https:\/\/skyline-gs.com\/hu\/wp-json\/wp\/v2\/product"}],"about":[{"href":"https:\/\/skyline-gs.com\/hu\/wp-json\/wp\/v2\/types\/product"}],"version-history":[{"count":0,"href":"https:\/\/skyline-gs.com\/hu\/wp-json\/wp\/v2\/product\/47213\/revisions"}],"wp:featuredmedia":[{"embeddable":true,"href":"https:\/\/skyline-gs.com\/hu\/wp-json\/wp\/v2\/media\/38221"}],"wp:attachment":[{"href":"https:\/\/skyline-gs.com\/hu\/wp-json\/wp\/v2\/media?parent=47213"}],"wp:term":[{"taxonomy":"product_brand","embeddable":true,"href":"https:\/\/skyline-gs.com\/hu\/wp-json\/wp\/v2\/product_brand?post=47213"},{"taxonomy":"product_cat","embeddable":true,"href":"https:\/\/skyline-gs.com\/hu\/wp-json\/wp\/v2\/product_cat?post=47213"},{"taxonomy":"product_tag","embeddable":true,"href":"https:\/\/skyline-gs.com\/hu\/wp-json\/wp\/v2\/product_tag?post=47213"}],"curies":[{"name":"wp","href":"https:\/\/api.w.org\/{rel}","templated":true}]}}