{"id":46392,"date":"2024-01-16T21:29:21","date_gmt":"2024-01-16T19:29:21","guid":{"rendered":"http:\/\/skyline-gs.com\/?post_type=product&#038;p=46392"},"modified":"2024-01-24T00:46:11","modified_gmt":"2024-01-23T22:46:11","slug":"excursion-to-dalyan","status":"publish","type":"product","link":"https:\/\/skyline-gs.com\/hu\/product\/excursion-to-dalyan\/","title":{"rendered":"Kir\u00e1ndul\u00e1s Dalyanba"},"content":{"rendered":"<p>A Dalyanba vezet\u0151 t\u00fara a turist\u00e1k k\u00e9nyelmes \u00f6sszegy\u0171jt\u00e9s\u00e9vel kezd\u0151dik a sz\u00e1llod\u00e1jukban. Ezt k\u00f6vet\u0151en k\u00e9nyelmes buszokkal Kejegiz faluba utazunk, ahol izgalmas kaland v\u00e1r r\u00e1nk.<\/p>\n<p>A kik\u00f6t\u0151be \u00e9rkez\u00e9s ut\u00e1n haj\u00f3ra sz\u00e1llunk, amely a fest\u0151i Kejegiz-t\u00f3 felett \u00e1tvisz minket a h\u00edres Sultaniye iszapf\u00fcrd\u0151h\u00f6z. A haj\u00f3 fed\u00e9lzet\u00e9n finom eb\u00e9det fogyaszthatunk, amely nemzeti t\u00f6r\u00f6k specialit\u00e1sokat tartalmaz.<\/p>\n<p>Az utaz\u00e1s a szikl\u00e1kba v\u00e1jt \u0151si l\u00edciai Kaunos s\u00edrjain\u00e1l folytat\u00f3dik, ahol egy idegenvezet\u0151 mes\u00e9l nek\u00fcnk leny\u0171g\u00f6z\u0151 t\u00f6rt\u00e9net\u00fckr\u0151l. Ezt k\u00f6vet\u0151en ell\u00e1togatunk az Iztuzu tekn\u0151spartra, a hatalmas Caretta caretta tekn\u0151s\u00f6k otthon\u00e1ba.<\/p>\n<p>A szabadid\u0151 a strandon vagy a t\u00f3ban val\u00f3 f\u00fcrd\u0151z\u00e9sre \u00e9s pihen\u00e9sre alkalmas id\u0151 sz\u00ednes\u00edti a kalandunkat. Ezt k\u00f6vet\u0151en haj\u00f3val visszat\u00e9r\u00fcnk Kejegiz faluba, majd visszaindulunk sz\u00e1llod\u00e1inkba.<\/p>\n<p><strong>Tartalmazza:<\/strong><\/p>\n<ul>\n<li>Transzfer oda-vissza<\/li>\n<li>Bel\u00e9p\u0151jegyek<\/li>\n<li>Eb\u00e9d<\/li>\n<li>Biztos\u00edt\u00e1s<\/li>\n<li>Magyarul besz\u00e9l\u0151 idegenvezet\u0151<\/li>\n<li>Yacht t\u00fara<\/li>\n<\/ul>\n<p><strong>Nem tartalmazza:<\/strong><\/p>\n<ul>\n<li>Szem\u00e9lyi kiad\u00e1sok<\/li>\n<li>Italok<\/li>\n<\/ul>\n<p><strong>Ne felejtsd el elhozni a saj\u00e1todat:<\/strong><\/p>\n<ul>\n<li>\u00dasz\u00f3dresszek \u00e9s f\u00fcrd\u0151nadr\u00e1gok<\/li>\n<li>T\u00f6r\u00f6lk\u00f6z\u0151k<\/li>\n<li>Napkr\u00e9m\/naptej<\/li>\n<li>Kalapok<\/li>\n<li>Napszem\u00fcveg<\/li>\n<\/ul>","protected":false},"excerpt":{"rendered":"<p><strong>Kir\u00e1ndul\u00e1s Id\u0151pontja:<\/strong> 08:30 &#8212; 18:00<\/p>\n<p><strong>A Kir\u00e1ndul\u00e1s Napjai:<\/strong> kedd, cs\u00fct\u00f6rt\u00f6k, szombat<\/p>","protected":false},"featured_media":0,"template":"","meta":{"_kad_post_transparent":"default","_kad_post_title":"","_kad_post_layout":"default","_kad_post_sidebar_id":"","_kad_post_content_style":"default","_kad_post_vertical_padding":"default","_kad_post_feature":"","_kad_post_feature_position":"","_kad_post_header":false,"_kad_post_footer":false,"_kad_post_classname":"","_glsr_average":0,"_glsr_ranking":0,"_glsr_reviews":0},"product_brand":[],"product_cat":[451],"product_tag":[],"class_list":{"0":"post-46392","1":"product","2":"type-product","3":"status-publish","5":"product_cat-marmaris","6":"tm-has-options","8":"first","9":"instock","10":"sold-individually","11":"taxable","12":"shipping-taxable","13":"purchasable","14":"product-type-simple","15":"entry","16":"content-bg","17":"loop-entry"},"yoast_head":"<!-- This site is optimized with the Yoast SEO plugin v27.3 - https:\/\/yoast.com\/product\/yoast-seo-wordpress\/ -->\n<title>\u042d\u043a\u0441\u043a\u0443\u0440\u0441\u0438\u044f \u0432 \u0414\u0430\u043b\u044c\u044f\u043d &#8226; \u042d\u043a\u0441\u043a\u0443\u0440\u0441\u0438\u0438 Skyline<\/title>\n<meta name=\"description\" content=\"\u041e\u0442\u043a\u0440\u043e\u0439\u0442\u0435 \u0434\u043b\u044f \u0441\u0435\u0431\u044f \u0432\u043e\u043b\u0448\u0435\u0431\u0441\u0442\u0432\u043e \u0414\u0430\u043b\u044c\u044f\u043d \u0438\u0437 \u041c\u0430\u0440\u043c\u0430\u0440\u0438\u0441\u0430 \u0432\u043c\u0435\u0441\u0442\u0435 \u0441 \u043d\u0430\u043c\u0438! \u041c\u044b \u043f\u043e\u0437\u0430\u0431\u043e\u0442\u0438\u043c\u0441\u044f \u043e \u0432\u0430\u0448\u0435\u043c \u043a\u043e\u043c\u0444\u043e\u0440\u0442\u0435, \u0434\u0435\u043b\u0430\u044f \u043a\u0430\u0436\u0434\u044b\u0439 \u043c\u043e\u043c\u0435\u043d\u0442 \u043e\u0442\u0434\u044b\u0445\u0430 \u043d\u0435\u0437\u0430\u0431\u044b\u0432\u0430\u0435\u043c\u044b\u043c \u0438 \u0431\u0435\u0437\u0437\u0430\u0431\u043e\u0442\u043d\u044b\u043c!\" \/>\n<meta name=\"robots\" content=\"index, follow, max-snippet:-1, max-image-preview:large, max-video-preview:-1\" \/>\n<link rel=\"canonical\" href=\"https:\/\/skyline-gs.com\/hu\/termek\/excursion-to-dalyan\/\" \/>\n<meta property=\"og:locale\" content=\"hu_HU\" \/>\n<meta property=\"og:type\" content=\"article\" \/>\n<meta property=\"og:title\" content=\"\u042d\u043a\u0441\u043a\u0443\u0440\u0441\u0438\u044f \u0432 \u0414\u0430\u043b\u044c\u044f\u043d &#8226; \u042d\u043a\u0441\u043a\u0443\u0440\u0441\u0438\u0438 Skyline\" \/>\n<meta property=\"og:description\" content=\"\u041e\u0442\u043a\u0440\u043e\u0439\u0442\u0435 \u0434\u043b\u044f \u0441\u0435\u0431\u044f \u0432\u043e\u043b\u0448\u0435\u0431\u0441\u0442\u0432\u043e \u0414\u0430\u043b\u044c\u044f\u043d \u0438\u0437 \u041c\u0430\u0440\u043c\u0430\u0440\u0438\u0441\u0430 \u0432\u043c\u0435\u0441\u0442\u0435 \u0441 \u043d\u0430\u043c\u0438! \u041c\u044b \u043f\u043e\u0437\u0430\u0431\u043e\u0442\u0438\u043c\u0441\u044f \u043e \u0432\u0430\u0448\u0435\u043c \u043a\u043e\u043c\u0444\u043e\u0440\u0442\u0435, \u0434\u0435\u043b\u0430\u044f \u043a\u0430\u0436\u0434\u044b\u0439 \u043c\u043e\u043c\u0435\u043d\u0442 \u043e\u0442\u0434\u044b\u0445\u0430 \u043d\u0435\u0437\u0430\u0431\u044b\u0432\u0430\u0435\u043c\u044b\u043c \u0438 \u0431\u0435\u0437\u0437\u0430\u0431\u043e\u0442\u043d\u044b\u043c!\" \/>\n<meta property=\"og:url\" content=\"https:\/\/skyline-gs.com\/hu\/termek\/excursion-to-dalyan\/\" \/>\n<meta property=\"og:site_name\" content=\"\u042d\u043a\u0441\u043a\u0443\u0440\u0441\u0438\u0438 Skyline\" \/>\n<meta property=\"article:modified_time\" content=\"2024-01-23T22:46:11+00:00\" \/>\n<meta property=\"og:image\" content=\"https:\/\/skyline-gs.com\/wp-content\/uploads\/2024\/08\/LoGo777.png\" \/>\n\t<meta property=\"og:image:width\" content=\"1080\" \/>\n\t<meta property=\"og:image:height\" content=\"1080\" \/>\n\t<meta property=\"og:image:type\" content=\"image\/png\" \/>\n<meta name=\"twitter:card\" content=\"summary_large_image\" \/>\n<meta name=\"twitter:label1\" content=\"Becs\u00fclt olvas\u00e1si id\u0151\" \/>\n\t<meta name=\"twitter:data1\" content=\"1 perc\" \/>\n<script type=\"application\/ld+json\" class=\"yoast-schema-graph\">{\"@context\":\"https:\\\/\\\/schema.org\",\"@graph\":[{\"@type\":\"WebPage\",\"@id\":\"https:\\\/\\\/skyline-gs.com\\\/product\\\/excursion-to-dalyan\\\/\",\"url\":\"https:\\\/\\\/skyline-gs.com\\\/product\\\/excursion-to-dalyan\\\/\",\"name\":\"\u042d\u043a\u0441\u043a\u0443\u0440\u0441\u0438\u044f \u0432 \u0414\u0430\u043b\u044c\u044f\u043d &#8226; \u042d\u043a\u0441\u043a\u0443\u0440\u0441\u0438\u0438 Skyline\",\"isPartOf\":{\"@id\":\"https:\\\/\\\/skyline-gs.com\\\/it\\\/#website\"},\"datePublished\":\"2024-01-16T19:29:21+00:00\",\"dateModified\":\"2024-01-23T22:46:11+00:00\",\"description\":\"\u041e\u0442\u043a\u0440\u043e\u0439\u0442\u0435 \u0434\u043b\u044f \u0441\u0435\u0431\u044f \u0432\u043e\u043b\u0448\u0435\u0431\u0441\u0442\u0432\u043e \u0414\u0430\u043b\u044c\u044f\u043d \u0438\u0437 \u041c\u0430\u0440\u043c\u0430\u0440\u0438\u0441\u0430 \u0432\u043c\u0435\u0441\u0442\u0435 \u0441 \u043d\u0430\u043c\u0438! \u041c\u044b \u043f\u043e\u0437\u0430\u0431\u043e\u0442\u0438\u043c\u0441\u044f \u043e \u0432\u0430\u0448\u0435\u043c \u043a\u043e\u043c\u0444\u043e\u0440\u0442\u0435, \u0434\u0435\u043b\u0430\u044f \u043a\u0430\u0436\u0434\u044b\u0439 \u043c\u043e\u043c\u0435\u043d\u0442 \u043e\u0442\u0434\u044b\u0445\u0430 \u043d\u0435\u0437\u0430\u0431\u044b\u0432\u0430\u0435\u043c\u044b\u043c \u0438 \u0431\u0435\u0437\u0437\u0430\u0431\u043e\u0442\u043d\u044b\u043c!\",\"breadcrumb\":{\"@id\":\"https:\\\/\\\/skyline-gs.com\\\/product\\\/excursion-to-dalyan\\\/#breadcrumb\"},\"inLanguage\":\"hu\",\"potentialAction\":[{\"@type\":\"ReadAction\",\"target\":[\"https:\\\/\\\/skyline-gs.com\\\/product\\\/excursion-to-dalyan\\\/\"]}]},{\"@type\":\"BreadcrumbList\",\"@id\":\"https:\\\/\\\/skyline-gs.com\\\/product\\\/excursion-to-dalyan\\\/#breadcrumb\",\"itemListElement\":[{\"@type\":\"ListItem\",\"position\":1,\"name\":\"\u0413\u043b\u0430\u0432\u043d\u0430\u044f \u0441\u0442\u0440\u0430\u043d\u0438\u0446\u0430\",\"item\":\"https:\\\/\\\/skyline-gs.com\\\/hu\\\/\"},{\"@type\":\"ListItem\",\"position\":2,\"name\":\"\u041c\u0430\u0433\u0430\u0437\u0438\u043d\",\"item\":\"https:\\\/\\\/skyline-gs.com\\\/cs\\\/shop\\\/\"},{\"@type\":\"ListItem\",\"position\":3,\"name\":\"\u042d\u043a\u0441\u043a\u0443\u0440\u0441\u0438\u044f \u0432 \u0414\u0430\u043b\u044c\u044f\u043d\"}]},{\"@type\":\"WebSite\",\"@id\":\"https:\\\/\\\/skyline-gs.com\\\/it\\\/#website\",\"url\":\"https:\\\/\\\/skyline-gs.com\\\/it\\\/\",\"name\":\"\u042d\u043a\u0441\u043a\u0443\u0440\u0441\u0438\u0438 Skyline\",\"description\":\"\u042d\u043a\u0441\u043a\u043b\u044e\u0437\u0438\u0432\u043d\u044b\u0435 \u044d\u043a\u0441\u043a\u0443\u0440\u0441\u0438\u0438 \u043d\u0430 \u043b\u0443\u0447\u0448\u0438\u0445 \u043a\u0443\u0440\u043e\u0440\u0442\u0430\u0445 \u043c\u0438\u0440\u0430\",\"publisher\":{\"@id\":\"https:\\\/\\\/skyline-gs.com\\\/it\\\/#organization\"},\"alternateName\":\"Skyline\",\"potentialAction\":[{\"@type\":\"SearchAction\",\"target\":{\"@type\":\"EntryPoint\",\"urlTemplate\":\"https:\\\/\\\/skyline-gs.com\\\/it\\\/?s={search_term_string}\"},\"query-input\":{\"@type\":\"PropertyValueSpecification\",\"valueRequired\":true,\"valueName\":\"search_term_string\"}}],\"inLanguage\":\"hu\"},{\"@type\":\"Organization\",\"@id\":\"https:\\\/\\\/skyline-gs.com\\\/it\\\/#organization\",\"name\":\"\u042d\u043a\u0441\u043a\u0443\u0440\u0441\u0438\u0438 Skyline\",\"alternateName\":\"\u042d\u043a\u0441\u043a\u0443\u0440\u0441\u0438\u0438 Skyline\",\"url\":\"https:\\\/\\\/skyline-gs.com\\\/it\\\/\",\"logo\":{\"@type\":\"ImageObject\",\"inLanguage\":\"hu\",\"@id\":\"https:\\\/\\\/skyline-gs.com\\\/it\\\/#\\\/schema\\\/logo\\\/image\\\/\",\"url\":\"https:\\\/\\\/skyline-gs.com\\\/wp-content\\\/uploads\\\/2020\\\/12\\\/cropped-logo-2.png\",\"contentUrl\":\"https:\\\/\\\/skyline-gs.com\\\/wp-content\\\/uploads\\\/2020\\\/12\\\/cropped-logo-2.png\",\"width\":512,\"height\":512,\"caption\":\"\u042d\u043a\u0441\u043a\u0443\u0440\u0441\u0438\u0438 Skyline\"},\"image\":{\"@id\":\"https:\\\/\\\/skyline-gs.com\\\/it\\\/#\\\/schema\\\/logo\\\/image\\\/\"},\"sameAs\":[\"https:\\\/\\\/www.instagram.com\\\/skylineglobalservice\\\/\"]}]}<\/script>\n<!-- \/ Yoast SEO plugin. -->","yoast_head_json":{"title":"\u042d\u043a\u0441\u043a\u0443\u0440\u0441\u0438\u044f \u0432 \u0414\u0430\u043b\u044c\u044f\u043d &#8226; \u042d\u043a\u0441\u043a\u0443\u0440\u0441\u0438\u0438 Skyline","description":"Fedezze fel vel\u00fcnk Marmarisb\u00f3l Dalyan var\u00e1zs\u00e1t! Mi gondoskodunk az \u00d6n k\u00e9nyelm\u00e9r\u0151l, hogy nyaral\u00e1s\u00e1nak minden pillanata felejthetetlen \u00e9s gondtalan legyen!","robots":{"index":"index","follow":"follow","max-snippet":"max-snippet:-1","max-image-preview":"max-image-preview:large","max-video-preview":"max-video-preview:-1"},"canonical":"https:\/\/skyline-gs.com\/hu\/termek\/excursion-to-dalyan\/","og_locale":"hu_HU","og_type":"article","og_title":"\u042d\u043a\u0441\u043a\u0443\u0440\u0441\u0438\u044f \u0432 \u0414\u0430\u043b\u044c\u044f\u043d &#8226; \u042d\u043a\u0441\u043a\u0443\u0440\u0441\u0438\u0438 Skyline","og_description":"\u041e\u0442\u043a\u0440\u043e\u0439\u0442\u0435 \u0434\u043b\u044f \u0441\u0435\u0431\u044f \u0432\u043e\u043b\u0448\u0435\u0431\u0441\u0442\u0432\u043e \u0414\u0430\u043b\u044c\u044f\u043d \u0438\u0437 \u041c\u0430\u0440\u043c\u0430\u0440\u0438\u0441\u0430 \u0432\u043c\u0435\u0441\u0442\u0435 \u0441 \u043d\u0430\u043c\u0438! \u041c\u044b \u043f\u043e\u0437\u0430\u0431\u043e\u0442\u0438\u043c\u0441\u044f \u043e \u0432\u0430\u0448\u0435\u043c \u043a\u043e\u043c\u0444\u043e\u0440\u0442\u0435, \u0434\u0435\u043b\u0430\u044f \u043a\u0430\u0436\u0434\u044b\u0439 \u043c\u043e\u043c\u0435\u043d\u0442 \u043e\u0442\u0434\u044b\u0445\u0430 \u043d\u0435\u0437\u0430\u0431\u044b\u0432\u0430\u0435\u043c\u044b\u043c \u0438 \u0431\u0435\u0437\u0437\u0430\u0431\u043e\u0442\u043d\u044b\u043c!","og_url":"https:\/\/skyline-gs.com\/hu\/termek\/excursion-to-dalyan\/","og_site_name":"\u042d\u043a\u0441\u043a\u0443\u0440\u0441\u0438\u0438 Skyline","article_modified_time":"2024-01-23T22:46:11+00:00","og_image":[{"width":1080,"height":1080,"url":"https:\/\/skyline-gs.com\/wp-content\/uploads\/2024\/08\/LoGo777.png","type":"image\/png"}],"twitter_card":"summary_large_image","twitter_misc":{"Becs\u00fclt olvas\u00e1si id\u0151":"1 perc"},"schema":{"@context":"https:\/\/schema.org","@graph":[{"@type":"WebPage","@id":"https:\/\/skyline-gs.com\/product\/excursion-to-dalyan\/","url":"https:\/\/skyline-gs.com\/product\/excursion-to-dalyan\/","name":"\u042d\u043a\u0441\u043a\u0443\u0440\u0441\u0438\u044f \u0432 \u0414\u0430\u043b\u044c\u044f\u043d &#8226; \u042d\u043a\u0441\u043a\u0443\u0440\u0441\u0438\u0438 Skyline","isPartOf":{"@id":"https:\/\/skyline-gs.com\/it\/#website"},"datePublished":"2024-01-16T19:29:21+00:00","dateModified":"2024-01-23T22:46:11+00:00","description":"Fedezze fel vel\u00fcnk Marmarisb\u00f3l Dalyan var\u00e1zs\u00e1t! Mi gondoskodunk az \u00d6n k\u00e9nyelm\u00e9r\u0151l, hogy nyaral\u00e1s\u00e1nak minden pillanata felejthetetlen \u00e9s gondtalan legyen!","breadcrumb":{"@id":"https:\/\/skyline-gs.com\/product\/excursion-to-dalyan\/#breadcrumb"},"inLanguage":"hu","potentialAction":[{"@type":"ReadAction","target":["https:\/\/skyline-gs.com\/product\/excursion-to-dalyan\/"]}]},{"@type":"BreadcrumbList","@id":"https:\/\/skyline-gs.com\/product\/excursion-to-dalyan\/#breadcrumb","itemListElement":[{"@type":"ListItem","position":1,"name":"\u0413\u043b\u0430\u0432\u043d\u0430\u044f \u0441\u0442\u0440\u0430\u043d\u0438\u0446\u0430","item":"https:\/\/skyline-gs.com\/hu\/"},{"@type":"ListItem","position":2,"name":"\u041c\u0430\u0433\u0430\u0437\u0438\u043d","item":"https:\/\/skyline-gs.com\/cs\/shop\/"},{"@type":"ListItem","position":3,"name":"\u042d\u043a\u0441\u043a\u0443\u0440\u0441\u0438\u044f \u0432 \u0414\u0430\u043b\u044c\u044f\u043d"}]},{"@type":"WebSite","@id":"https:\/\/skyline-gs.com\/it\/#website","url":"https:\/\/skyline-gs.com\/it\/","name":"Skyline T\u00far\u00e1k","description":"Exkluz\u00edv kir\u00e1ndul\u00e1sok a vil\u00e1g legjobb \u00fcd\u00fcl\u0151helyein","publisher":{"@id":"https:\/\/skyline-gs.com\/it\/#organization"},"alternateName":"Skyline","potentialAction":[{"@type":"SearchAction","target":{"@type":"EntryPoint","urlTemplate":"https:\/\/skyline-gs.com\/it\/?s={search_term_string}"},"query-input":{"@type":"PropertyValueSpecification","valueRequired":true,"valueName":"search_term_string"}}],"inLanguage":"hu"},{"@type":"Organization","@id":"https:\/\/skyline-gs.com\/it\/#organization","name":"Skyline T\u00far\u00e1k","alternateName":"\u042d\u043a\u0441\u043a\u0443\u0440\u0441\u0438\u0438 Skyline","url":"https:\/\/skyline-gs.com\/it\/","logo":{"@type":"ImageObject","inLanguage":"hu","@id":"https:\/\/skyline-gs.com\/it\/#\/schema\/logo\/image\/","url":"https:\/\/skyline-gs.com\/wp-content\/uploads\/2020\/12\/cropped-logo-2.png","contentUrl":"https:\/\/skyline-gs.com\/wp-content\/uploads\/2020\/12\/cropped-logo-2.png","width":512,"height":512,"caption":"\u042d\u043a\u0441\u043a\u0443\u0440\u0441\u0438\u0438 Skyline"},"image":{"@id":"https:\/\/skyline-gs.com\/it\/#\/schema\/logo\/image\/"},"sameAs":["https:\/\/www.instagram.com\/skylineglobalservice\/"]}]}},"_links":{"self":[{"href":"https:\/\/skyline-gs.com\/hu\/wp-json\/wp\/v2\/product\/46392","targetHints":{"allow":["GET"]}}],"collection":[{"href":"https:\/\/skyline-gs.com\/hu\/wp-json\/wp\/v2\/product"}],"about":[{"href":"https:\/\/skyline-gs.com\/hu\/wp-json\/wp\/v2\/types\/product"}],"version-history":[{"count":0,"href":"https:\/\/skyline-gs.com\/hu\/wp-json\/wp\/v2\/product\/46392\/revisions"}],"wp:attachment":[{"href":"https:\/\/skyline-gs.com\/hu\/wp-json\/wp\/v2\/media?parent=46392"}],"wp:term":[{"taxonomy":"product_brand","embeddable":true,"href":"https:\/\/skyline-gs.com\/hu\/wp-json\/wp\/v2\/product_brand?post=46392"},{"taxonomy":"product_cat","embeddable":true,"href":"https:\/\/skyline-gs.com\/hu\/wp-json\/wp\/v2\/product_cat?post=46392"},{"taxonomy":"product_tag","embeddable":true,"href":"https:\/\/skyline-gs.com\/hu\/wp-json\/wp\/v2\/product_tag?post=46392"}],"curies":[{"name":"wp","href":"https:\/\/api.w.org\/{rel}","templated":true}]}}