{"id":45920,"date":"2024-01-14T18:45:47","date_gmt":"2024-01-14T16:45:47","guid":{"rendered":"http:\/\/skyline-gs.com\/?post_type=product&#038;p=45920"},"modified":"2024-01-24T01:00:43","modified_gmt":"2024-01-23T23:00:43","slug":"rafting-2","status":"publish","type":"product","link":"https:\/\/skyline-gs.com\/hu\/product\/rafting-2\/","title":{"rendered":"Rafting"},"content":{"rendered":"<p>A marmarisi rafting kir\u00e1ndul\u00e1s \u00e9l\u00e9nk benyom\u00e1sokat \u00e9s felejthetetlen pillanatokat \u00edg\u00e9r a term\u00e9szetben.<\/p>\n<p><strong>T\u00faraprogram:<\/strong><\/p>\n<p><strong>1. szakasz:<\/strong> A vend\u00e9gek k\u00e9nyelmes sz\u00e1ll\u00edt\u00e1sa a sz\u00e1llod\u00e1juk kapuj\u00e1t\u00f3l.<\/p>\n<p><strong>2. szakasz:<\/strong> \u00c9rkez\u00e9s az \u00fatvonal kiindul\u00f3pontj\u00e1hoz - az \u0151si feh\u00e9r akkopriui h\u00eddhoz Demerli falu k\u00f6zel\u00e9ben.<\/p>\n<p><strong>3. szakasz:<\/strong> Nemzeti t\u00f6r\u00f6k specialit\u00e1sokb\u00f3l \u00e1ll\u00f3 reggeli.<\/p>\n<p><strong>4. szakasz:<\/strong> \u00c1ltal\u00e1nos t\u00farainform\u00e1ci\u00f3 \u00e9s biztons\u00e1gi eligaz\u00edt\u00e1s szakk\u00e9pzett oktat\u00f3kt\u00f3l.<\/p>\n<p><strong>5. szakasz:<\/strong> Biztons\u00e1gi sisakok \u00e9s ment\u0151mell\u00e9nyek kiad\u00e1sa.<\/p>\n<p><strong>6. l\u00e9p\u00e9s:<\/strong> \u00c9rkezzenek a kiindul\u00e1si pontra, \u00e9s ossz\u00e1k sz\u00e9t a csoportokat.<\/p>\n<p><strong>7. szakasz:<\/strong> A turist\u00e1k sz\u00e9toszt\u00e1sa gumics\u00f3nakokba 6 r\u00e9sztvev\u0151 + k\u00eds\u00e9r\u0151 oktat\u00f3 sz\u00e1m\u00e1ra.<\/p>\n<p><strong>8. szakasz:<\/strong> Cs\u00f3nak\u00e1z\u00e1s egy hegyi foly\u00f3n, fest\u0151i helyeken l\u00e9v\u0151 pihen\u0151helyekkel.<\/p>\n<p><strong>9. szakasz:<\/strong> Finom \u00e9s kiad\u00f3s eb\u00e9d nemzeti specialit\u00e1sokb\u00f3l.<\/p>\n<p><strong>10. szakasz:<\/strong> Pihen\u00e9s \u00e9s id\u0151 a sz\u00e1raz ruh\u00e1k \u00e1t\u00f6lt\u00f6z\u00e9s\u00e9re, majd felsz\u00e1ll\u00e1s a buszokra.<\/p>\n<p><strong>11. szakasz:<\/strong> Visszautaz\u00e1s a r\u00e9gi\u00f3beli sz\u00e1llod\u00e1kba.<\/p>\n<p><em>MEGJEGYZ\u00c9SEK:<\/em> A 12 \u00e9v feletti gyermekek raftingolhatnak.<\/p>\n<p><strong>Tartalmazza:<\/strong><\/p>\n<ul>\n<li>Transzfer oda-vissza<\/li>\n<li>Oktat\u00f3i k\u00eds\u00e9ret a teljes \u00fatvonalon<\/li>\n<li>Biztos\u00edt\u00e1s<\/li>\n<li>Berendez\u00e9sek<\/li>\n<li>Reggeli<\/li>\n<li>Eb\u00e9d<\/li>\n<\/ul>\n<p><strong>Nem tartalmazza:<\/strong><\/p>\n<ul>\n<li>Italok<\/li>\n<li>Szem\u00e9lyi kiad\u00e1sok<\/li>\n<li>Fot\u00f3z\u00e1s \u00e9s vide\u00f3z\u00e1s<\/li>\n<\/ul>\n<p><strong>L\u00e9nyeges:<\/strong><\/p>\n<ul>\n<li>F\u00fcrd\u0151ruha<\/li>\n<li>Napkr\u00e9m\/naptej<\/li>\n<li>Sz\u00e1raz v\u00e1lt\u00f3ruha<\/li>\n<li>K\u00e9nyelmes cip\u0151<\/li>\n<\/ul>","protected":false},"excerpt":{"rendered":"<p><strong>Kir\u00e1ndul\u00e1s Id\u0151pontja:<\/strong> 7:00 \u2013 18:30<\/p>\n<p><strong>A Kir\u00e1ndul\u00e1s Napjai:<\/strong> kedd, p\u00e9ntek, vas\u00e1rnap<\/p>","protected":false},"featured_media":43066,"template":"","meta":{"_kad_post_transparent":"default","_kad_post_title":"","_kad_post_layout":"default","_kad_post_sidebar_id":"","_kad_post_content_style":"default","_kad_post_vertical_padding":"default","_kad_post_feature":"","_kad_post_feature_position":"","_kad_post_header":false,"_kad_post_footer":false,"_kad_post_classname":"","_glsr_average":0,"_glsr_ranking":0,"_glsr_reviews":0},"product_brand":[],"product_cat":[451],"product_tag":[],"class_list":{"0":"post-45920","1":"product","2":"type-product","3":"status-publish","4":"has-post-thumbnail","6":"product_cat-marmaris","7":"tm-has-options","9":"first","10":"instock","11":"sold-individually","12":"taxable","13":"shipping-taxable","14":"purchasable","15":"product-type-simple","16":"entry","17":"content-bg","18":"loop-entry"},"yoast_head":"<!-- This site is optimized with the Yoast SEO plugin v27.3 - https:\/\/yoast.com\/product\/yoast-seo-wordpress\/ -->\n<title>\u0420\u0430\u0444\u0442\u0438\u043d\u0433 &#8226; \u042d\u043a\u0441\u043a\u0443\u0440\u0441\u0438\u0438 Skyline<\/title>\n<meta name=\"description\" content=\"\u041f\u043e\u0433\u0440\u0443\u0437\u0438\u0442\u0435\u0441\u044c \u0432 \u0430\u0434\u0440\u0435\u043d\u0430\u043b\u0438\u043d \u0438 \u0432\u0435\u0441\u0435\u043b\u044c\u0435 \u0441 \u0443\u0432\u043b\u0435\u043a\u0430\u0442\u0435\u043b\u044c\u043d\u044b\u043c \u0420\u0430\u0444\u0442\u0438\u043d\u0433\u043e\u043c \u0432 \u041c\u0430\u0440\u043c\u0430\u0440\u0438\u0441\u0435! \u042d\u043a\u0441\u043a\u0443\u0440\u0441\u0438\u044f \u043e\u0431\u0435\u0449\u0430\u0435\u0442 \u0443\u043d\u0438\u043a\u0430\u043b\u044c\u043d\u044b\u0439 \u043e\u043f\u044b\u0442 \u0432 \u0441\u043e\u043f\u0440\u043e\u0432\u043e\u0436\u0434\u0435\u043d\u0438\u0438 \u043a\u0432\u0430\u043b\u0438\u0444\u0438\u0446\u0438\u0440\u043e\u0432\u0430\u043d\u043d\u044b\u0445 \u0438\u043d\u0441\u0442\u0440\u0443\u043a\u0442\u043e\u0440\u043e\u0432.\" \/>\n<meta name=\"robots\" content=\"index, follow, max-snippet:-1, max-image-preview:large, max-video-preview:-1\" \/>\n<link rel=\"canonical\" href=\"https:\/\/skyline-gs.com\/hu\/termek\/rafting-2\/\" \/>\n<meta property=\"og:locale\" content=\"hu_HU\" \/>\n<meta property=\"og:type\" content=\"article\" \/>\n<meta property=\"og:title\" content=\"\u0420\u0430\u0444\u0442\u0438\u043d\u0433 &#8226; \u042d\u043a\u0441\u043a\u0443\u0440\u0441\u0438\u0438 Skyline\" \/>\n<meta property=\"og:description\" content=\"\u041f\u043e\u0433\u0440\u0443\u0437\u0438\u0442\u0435\u0441\u044c \u0432 \u0430\u0434\u0440\u0435\u043d\u0430\u043b\u0438\u043d \u0438 \u0432\u0435\u0441\u0435\u043b\u044c\u0435 \u0441 \u0443\u0432\u043b\u0435\u043a\u0430\u0442\u0435\u043b\u044c\u043d\u044b\u043c \u0420\u0430\u0444\u0442\u0438\u043d\u0433\u043e\u043c \u0432 \u041c\u0430\u0440\u043c\u0430\u0440\u0438\u0441\u0435! \u042d\u043a\u0441\u043a\u0443\u0440\u0441\u0438\u044f \u043e\u0431\u0435\u0449\u0430\u0435\u0442 \u0443\u043d\u0438\u043a\u0430\u043b\u044c\u043d\u044b\u0439 \u043e\u043f\u044b\u0442 \u0432 \u0441\u043e\u043f\u0440\u043e\u0432\u043e\u0436\u0434\u0435\u043d\u0438\u0438 \u043a\u0432\u0430\u043b\u0438\u0444\u0438\u0446\u0438\u0440\u043e\u0432\u0430\u043d\u043d\u044b\u0445 \u0438\u043d\u0441\u0442\u0440\u0443\u043a\u0442\u043e\u0440\u043e\u0432.\" \/>\n<meta property=\"og:url\" content=\"https:\/\/skyline-gs.com\/hu\/termek\/rafting-2\/\" \/>\n<meta property=\"og:site_name\" content=\"\u042d\u043a\u0441\u043a\u0443\u0440\u0441\u0438\u0438 Skyline\" \/>\n<meta property=\"article:modified_time\" content=\"2024-01-23T23:00:43+00:00\" \/>\n<meta property=\"og:image\" content=\"https:\/\/skyline-gs.com\/wp-content\/uploads\/2023\/07\/4-19.png\" \/>\n\t<meta property=\"og:image:width\" content=\"669\" \/>\n\t<meta property=\"og:image:height\" content=\"446\" \/>\n\t<meta property=\"og:image:type\" content=\"image\/png\" \/>\n<meta name=\"twitter:card\" content=\"summary_large_image\" \/>\n<meta name=\"twitter:label1\" content=\"Becs\u00fclt olvas\u00e1si id\u0151\" \/>\n\t<meta name=\"twitter:data1\" content=\"2 perc\" \/>\n<script type=\"application\/ld+json\" class=\"yoast-schema-graph\">{\"@context\":\"https:\\\/\\\/schema.org\",\"@graph\":[{\"@type\":\"WebPage\",\"@id\":\"https:\\\/\\\/skyline-gs.com\\\/de\\\/produkt\\\/rafting-2\\\/\",\"url\":\"https:\\\/\\\/skyline-gs.com\\\/de\\\/produkt\\\/rafting-2\\\/\",\"name\":\"\u0420\u0430\u0444\u0442\u0438\u043d\u0433 &#8226; \u042d\u043a\u0441\u043a\u0443\u0440\u0441\u0438\u0438 Skyline\",\"isPartOf\":{\"@id\":\"https:\\\/\\\/skyline-gs.com\\\/it\\\/#website\"},\"primaryImageOfPage\":{\"@id\":\"https:\\\/\\\/skyline-gs.com\\\/de\\\/produkt\\\/rafting-2\\\/#primaryimage\"},\"image\":{\"@id\":\"https:\\\/\\\/skyline-gs.com\\\/de\\\/produkt\\\/rafting-2\\\/#primaryimage\"},\"thumbnailUrl\":\"https:\\\/\\\/skyline-gs.com\\\/wp-content\\\/uploads\\\/2023\\\/07\\\/4-19.png\",\"datePublished\":\"2024-01-14T16:45:47+00:00\",\"dateModified\":\"2024-01-23T23:00:43+00:00\",\"description\":\"\u041f\u043e\u0433\u0440\u0443\u0437\u0438\u0442\u0435\u0441\u044c \u0432 \u0430\u0434\u0440\u0435\u043d\u0430\u043b\u0438\u043d \u0438 \u0432\u0435\u0441\u0435\u043b\u044c\u0435 \u0441 \u0443\u0432\u043b\u0435\u043a\u0430\u0442\u0435\u043b\u044c\u043d\u044b\u043c \u0420\u0430\u0444\u0442\u0438\u043d\u0433\u043e\u043c \u0432 \u041c\u0430\u0440\u043c\u0430\u0440\u0438\u0441\u0435! \u042d\u043a\u0441\u043a\u0443\u0440\u0441\u0438\u044f \u043e\u0431\u0435\u0449\u0430\u0435\u0442 \u0443\u043d\u0438\u043a\u0430\u043b\u044c\u043d\u044b\u0439 \u043e\u043f\u044b\u0442 \u0432 \u0441\u043e\u043f\u0440\u043e\u0432\u043e\u0436\u0434\u0435\u043d\u0438\u0438 \u043a\u0432\u0430\u043b\u0438\u0444\u0438\u0446\u0438\u0440\u043e\u0432\u0430\u043d\u043d\u044b\u0445 \u0438\u043d\u0441\u0442\u0440\u0443\u043a\u0442\u043e\u0440\u043e\u0432.\",\"breadcrumb\":{\"@id\":\"https:\\\/\\\/skyline-gs.com\\\/de\\\/produkt\\\/rafting-2\\\/#breadcrumb\"},\"inLanguage\":\"hu\",\"potentialAction\":[{\"@type\":\"ReadAction\",\"target\":[\"https:\\\/\\\/skyline-gs.com\\\/de\\\/produkt\\\/rafting-2\\\/\"]}]},{\"@type\":\"ImageObject\",\"inLanguage\":\"hu\",\"@id\":\"https:\\\/\\\/skyline-gs.com\\\/de\\\/produkt\\\/rafting-2\\\/#primaryimage\",\"url\":\"https:\\\/\\\/skyline-gs.com\\\/wp-content\\\/uploads\\\/2023\\\/07\\\/4-19.png\",\"contentUrl\":\"https:\\\/\\\/skyline-gs.com\\\/wp-content\\\/uploads\\\/2023\\\/07\\\/4-19.png\",\"width\":669,\"height\":446},{\"@type\":\"BreadcrumbList\",\"@id\":\"https:\\\/\\\/skyline-gs.com\\\/de\\\/produkt\\\/rafting-2\\\/#breadcrumb\",\"itemListElement\":[{\"@type\":\"ListItem\",\"position\":1,\"name\":\"\u0413\u043b\u0430\u0432\u043d\u0430\u044f \u0441\u0442\u0440\u0430\u043d\u0438\u0446\u0430\",\"item\":\"https:\\\/\\\/skyline-gs.com\\\/hu\\\/\"},{\"@type\":\"ListItem\",\"position\":2,\"name\":\"\u041c\u0430\u0433\u0430\u0437\u0438\u043d\",\"item\":\"https:\\\/\\\/skyline-gs.com\\\/cs\\\/shop\\\/\"},{\"@type\":\"ListItem\",\"position\":3,\"name\":\"\u0420\u0430\u0444\u0442\u0438\u043d\u0433\"}]},{\"@type\":\"WebSite\",\"@id\":\"https:\\\/\\\/skyline-gs.com\\\/it\\\/#website\",\"url\":\"https:\\\/\\\/skyline-gs.com\\\/it\\\/\",\"name\":\"\u042d\u043a\u0441\u043a\u0443\u0440\u0441\u0438\u0438 Skyline\",\"description\":\"\u042d\u043a\u0441\u043a\u043b\u044e\u0437\u0438\u0432\u043d\u044b\u0435 \u044d\u043a\u0441\u043a\u0443\u0440\u0441\u0438\u0438 \u043d\u0430 \u043b\u0443\u0447\u0448\u0438\u0445 \u043a\u0443\u0440\u043e\u0440\u0442\u0430\u0445 \u043c\u0438\u0440\u0430\",\"publisher\":{\"@id\":\"https:\\\/\\\/skyline-gs.com\\\/it\\\/#organization\"},\"alternateName\":\"Skyline\",\"potentialAction\":[{\"@type\":\"SearchAction\",\"target\":{\"@type\":\"EntryPoint\",\"urlTemplate\":\"https:\\\/\\\/skyline-gs.com\\\/it\\\/?s={search_term_string}\"},\"query-input\":{\"@type\":\"PropertyValueSpecification\",\"valueRequired\":true,\"valueName\":\"search_term_string\"}}],\"inLanguage\":\"hu\"},{\"@type\":\"Organization\",\"@id\":\"https:\\\/\\\/skyline-gs.com\\\/it\\\/#organization\",\"name\":\"\u042d\u043a\u0441\u043a\u0443\u0440\u0441\u0438\u0438 Skyline\",\"alternateName\":\"\u042d\u043a\u0441\u043a\u0443\u0440\u0441\u0438\u0438 Skyline\",\"url\":\"https:\\\/\\\/skyline-gs.com\\\/it\\\/\",\"logo\":{\"@type\":\"ImageObject\",\"inLanguage\":\"hu\",\"@id\":\"https:\\\/\\\/skyline-gs.com\\\/it\\\/#\\\/schema\\\/logo\\\/image\\\/\",\"url\":\"https:\\\/\\\/skyline-gs.com\\\/wp-content\\\/uploads\\\/2020\\\/12\\\/cropped-logo-2.png\",\"contentUrl\":\"https:\\\/\\\/skyline-gs.com\\\/wp-content\\\/uploads\\\/2020\\\/12\\\/cropped-logo-2.png\",\"width\":512,\"height\":512,\"caption\":\"\u042d\u043a\u0441\u043a\u0443\u0440\u0441\u0438\u0438 Skyline\"},\"image\":{\"@id\":\"https:\\\/\\\/skyline-gs.com\\\/it\\\/#\\\/schema\\\/logo\\\/image\\\/\"},\"sameAs\":[\"https:\\\/\\\/www.instagram.com\\\/skylineglobalservice\\\/\"]}]}<\/script>\n<!-- \/ Yoast SEO plugin. -->","yoast_head_json":{"title":"Rafting - Skyline Excursions","description":"Mer\u00fclj\u00f6n el az adrenalinban \u00e9s a sz\u00f3rakoz\u00e1sban az izgalmas raftinggal Marmarisban! A kir\u00e1ndul\u00e1s egyed\u00fcl\u00e1ll\u00f3 \u00e9lm\u00e9nyt \u00edg\u00e9r szakk\u00e9pzett oktat\u00f3k k\u00eds\u00e9ret\u00e9ben.","robots":{"index":"index","follow":"follow","max-snippet":"max-snippet:-1","max-image-preview":"max-image-preview:large","max-video-preview":"max-video-preview:-1"},"canonical":"https:\/\/skyline-gs.com\/hu\/termek\/rafting-2\/","og_locale":"hu_HU","og_type":"article","og_title":"\u0420\u0430\u0444\u0442\u0438\u043d\u0433 &#8226; \u042d\u043a\u0441\u043a\u0443\u0440\u0441\u0438\u0438 Skyline","og_description":"\u041f\u043e\u0433\u0440\u0443\u0437\u0438\u0442\u0435\u0441\u044c \u0432 \u0430\u0434\u0440\u0435\u043d\u0430\u043b\u0438\u043d \u0438 \u0432\u0435\u0441\u0435\u043b\u044c\u0435 \u0441 \u0443\u0432\u043b\u0435\u043a\u0430\u0442\u0435\u043b\u044c\u043d\u044b\u043c \u0420\u0430\u0444\u0442\u0438\u043d\u0433\u043e\u043c \u0432 \u041c\u0430\u0440\u043c\u0430\u0440\u0438\u0441\u0435! \u042d\u043a\u0441\u043a\u0443\u0440\u0441\u0438\u044f \u043e\u0431\u0435\u0449\u0430\u0435\u0442 \u0443\u043d\u0438\u043a\u0430\u043b\u044c\u043d\u044b\u0439 \u043e\u043f\u044b\u0442 \u0432 \u0441\u043e\u043f\u0440\u043e\u0432\u043e\u0436\u0434\u0435\u043d\u0438\u0438 \u043a\u0432\u0430\u043b\u0438\u0444\u0438\u0446\u0438\u0440\u043e\u0432\u0430\u043d\u043d\u044b\u0445 \u0438\u043d\u0441\u0442\u0440\u0443\u043a\u0442\u043e\u0440\u043e\u0432.","og_url":"https:\/\/skyline-gs.com\/hu\/termek\/rafting-2\/","og_site_name":"\u042d\u043a\u0441\u043a\u0443\u0440\u0441\u0438\u0438 Skyline","article_modified_time":"2024-01-23T23:00:43+00:00","og_image":[{"width":669,"height":446,"url":"https:\/\/skyline-gs.com\/wp-content\/uploads\/2023\/07\/4-19.png","type":"image\/png"}],"twitter_card":"summary_large_image","twitter_misc":{"Becs\u00fclt olvas\u00e1si id\u0151":"2 perc"},"schema":{"@context":"https:\/\/schema.org","@graph":[{"@type":"WebPage","@id":"https:\/\/skyline-gs.com\/de\/produkt\/rafting-2\/","url":"https:\/\/skyline-gs.com\/de\/produkt\/rafting-2\/","name":"Rafting - Skyline Excursions","isPartOf":{"@id":"https:\/\/skyline-gs.com\/it\/#website"},"primaryImageOfPage":{"@id":"https:\/\/skyline-gs.com\/de\/produkt\/rafting-2\/#primaryimage"},"image":{"@id":"https:\/\/skyline-gs.com\/de\/produkt\/rafting-2\/#primaryimage"},"thumbnailUrl":"https:\/\/skyline-gs.com\/wp-content\/uploads\/2023\/07\/4-19.png","datePublished":"2024-01-14T16:45:47+00:00","dateModified":"2024-01-23T23:00:43+00:00","description":"Mer\u00fclj\u00f6n el az adrenalinban \u00e9s a sz\u00f3rakoz\u00e1sban az izgalmas raftinggal Marmarisban! A kir\u00e1ndul\u00e1s egyed\u00fcl\u00e1ll\u00f3 \u00e9lm\u00e9nyt \u00edg\u00e9r szakk\u00e9pzett oktat\u00f3k k\u00eds\u00e9ret\u00e9ben.","breadcrumb":{"@id":"https:\/\/skyline-gs.com\/de\/produkt\/rafting-2\/#breadcrumb"},"inLanguage":"hu","potentialAction":[{"@type":"ReadAction","target":["https:\/\/skyline-gs.com\/de\/produkt\/rafting-2\/"]}]},{"@type":"ImageObject","inLanguage":"hu","@id":"https:\/\/skyline-gs.com\/de\/produkt\/rafting-2\/#primaryimage","url":"https:\/\/skyline-gs.com\/wp-content\/uploads\/2023\/07\/4-19.png","contentUrl":"https:\/\/skyline-gs.com\/wp-content\/uploads\/2023\/07\/4-19.png","width":669,"height":446},{"@type":"BreadcrumbList","@id":"https:\/\/skyline-gs.com\/de\/produkt\/rafting-2\/#breadcrumb","itemListElement":[{"@type":"ListItem","position":1,"name":"\u0413\u043b\u0430\u0432\u043d\u0430\u044f \u0441\u0442\u0440\u0430\u043d\u0438\u0446\u0430","item":"https:\/\/skyline-gs.com\/hu\/"},{"@type":"ListItem","position":2,"name":"\u041c\u0430\u0433\u0430\u0437\u0438\u043d","item":"https:\/\/skyline-gs.com\/cs\/shop\/"},{"@type":"ListItem","position":3,"name":"\u0420\u0430\u0444\u0442\u0438\u043d\u0433"}]},{"@type":"WebSite","@id":"https:\/\/skyline-gs.com\/it\/#website","url":"https:\/\/skyline-gs.com\/it\/","name":"Skyline T\u00far\u00e1k","description":"Exkluz\u00edv kir\u00e1ndul\u00e1sok a vil\u00e1g legjobb \u00fcd\u00fcl\u0151helyein","publisher":{"@id":"https:\/\/skyline-gs.com\/it\/#organization"},"alternateName":"Skyline","potentialAction":[{"@type":"SearchAction","target":{"@type":"EntryPoint","urlTemplate":"https:\/\/skyline-gs.com\/it\/?s={search_term_string}"},"query-input":{"@type":"PropertyValueSpecification","valueRequired":true,"valueName":"search_term_string"}}],"inLanguage":"hu"},{"@type":"Organization","@id":"https:\/\/skyline-gs.com\/it\/#organization","name":"Skyline T\u00far\u00e1k","alternateName":"\u042d\u043a\u0441\u043a\u0443\u0440\u0441\u0438\u0438 Skyline","url":"https:\/\/skyline-gs.com\/it\/","logo":{"@type":"ImageObject","inLanguage":"hu","@id":"https:\/\/skyline-gs.com\/it\/#\/schema\/logo\/image\/","url":"https:\/\/skyline-gs.com\/wp-content\/uploads\/2020\/12\/cropped-logo-2.png","contentUrl":"https:\/\/skyline-gs.com\/wp-content\/uploads\/2020\/12\/cropped-logo-2.png","width":512,"height":512,"caption":"\u042d\u043a\u0441\u043a\u0443\u0440\u0441\u0438\u0438 Skyline"},"image":{"@id":"https:\/\/skyline-gs.com\/it\/#\/schema\/logo\/image\/"},"sameAs":["https:\/\/www.instagram.com\/skylineglobalservice\/"]}]}},"_links":{"self":[{"href":"https:\/\/skyline-gs.com\/hu\/wp-json\/wp\/v2\/product\/45920","targetHints":{"allow":["GET"]}}],"collection":[{"href":"https:\/\/skyline-gs.com\/hu\/wp-json\/wp\/v2\/product"}],"about":[{"href":"https:\/\/skyline-gs.com\/hu\/wp-json\/wp\/v2\/types\/product"}],"version-history":[{"count":0,"href":"https:\/\/skyline-gs.com\/hu\/wp-json\/wp\/v2\/product\/45920\/revisions"}],"wp:featuredmedia":[{"embeddable":true,"href":"https:\/\/skyline-gs.com\/hu\/wp-json\/wp\/v2\/media\/43066"}],"wp:attachment":[{"href":"https:\/\/skyline-gs.com\/hu\/wp-json\/wp\/v2\/media?parent=45920"}],"wp:term":[{"taxonomy":"product_brand","embeddable":true,"href":"https:\/\/skyline-gs.com\/hu\/wp-json\/wp\/v2\/product_brand?post=45920"},{"taxonomy":"product_cat","embeddable":true,"href":"https:\/\/skyline-gs.com\/hu\/wp-json\/wp\/v2\/product_cat?post=45920"},{"taxonomy":"product_tag","embeddable":true,"href":"https:\/\/skyline-gs.com\/hu\/wp-json\/wp\/v2\/product_tag?post=45920"}],"curies":[{"name":"wp","href":"https:\/\/api.w.org\/{rel}","templated":true}]}}