{"id":45917,"date":"2024-01-14T18:01:15","date_gmt":"2024-01-14T16:01:15","guid":{"rendered":"http:\/\/skyline-gs.com\/?post_type=product&#038;p=45917"},"modified":"2024-01-24T01:02:00","modified_gmt":"2024-01-23T23:02:00","slug":"hammam-in-marmaris-armutalan","status":"publish","type":"product","link":"https:\/\/skyline-gs.com\/hu\/product\/hammam-in-marmaris-armutalan\/","title":{"rendered":"Hamam Marmaris (Armutalan)"},"content":{"rendered":"<div class=\"\">\n<div class=\"tour-schedule\">\n<p>Az utaz\u00e1s k\u00e9nyelmes transzferrel kezd\u0151dik a sz\u00e1llod\u00e1t\u00f3l egy k\u00e9nyelmes aut\u00f3val.<\/p>\n<p>A Hamamba \u00e9rkez\u00e9s ut\u00e1n szabad id\u0151t kap az \u00e1t\u00f6lt\u00f6z\u00e9sre. Ezt k\u00f6vet\u0151en egy igazi relax\u00e1ci\u00f3s program veszi kezdet\u00e9t, amely mag\u00e1ban foglalja a szaunal\u00e1togat\u00e1st a test felmeleg\u00edt\u00e9s\u00e9re. Ezt k\u00f6veti egy t\u00f6r\u00f6k peeling egy speci\u00e1lis \"kese\" keszty\u0171vel, amely m\u00e9lyen megtiszt\u00edtja a b\u0151rt.<\/p>\n<p>A h\u00e1mlaszt\u00e1s ut\u00e1n term\u00e9szetes ol\u00edvaolajjal v\u00e9gzett habmassz\u00e1zs v\u00e1r \u00d6nre, majd egy \u00fcgyes massz\u0151r szint\u00e9n ol\u00edvaolajos massz\u00e1zst v\u00e9gez.<\/p>\n<p>A v\u00e9g\u00e9n megh\u00edv\u00e1st kap egy tead\u00e9lut\u00e1nra a relax\u00e1ci\u00f3s szob\u00e1ban, ahol j\u00f3l \u00e9rezheti mag\u00e1t, mik\u00f6zben teste teljesen leh\u0171l.<\/p>\n<p><strong>Tartalmazza:<\/strong><\/p>\n<ul>\n<li>Transzfer oda-vissza<\/li>\n<li>Szauna l\u00e1togat\u00e1s<\/li>\n<li>A program szerinti elj\u00e1r\u00e1sok<\/li>\n<li>Biztos\u00edt\u00e1s<\/li>\n<\/ul>\n<p><strong>Nem tartalmazza:<\/strong><\/p>\n<ul>\n<li>Tov\u00e1bbi elj\u00e1r\u00e1sok<\/li>\n<li>Kozmetikai arc\u00e1pol\u00e1s<\/li>\n<li>N\u00e9h\u00e1ny p\u00e1ros szoba megtekint\u00e9se<\/li>\n<li>Szem\u00e9lyi kiad\u00e1sok<\/li>\n<\/ul>\n<p><strong>L\u00e9nyeges:<\/strong><\/p>\n<ul>\n<li>F\u00fcrd\u0151ruha<\/li>\n<li>Papucs<\/li>\n<li>P\u00e9nz szem\u00e9lyes kiad\u00e1sokra<\/li>\n<\/ul>\n<\/div>\n<\/div>","protected":false},"excerpt":{"rendered":"<p><strong>Kir\u00e1ndul\u00e1s Id\u0151pontja:<\/strong> 09:00 - 17:00<\/p>\n<p><strong>A Kir\u00e1ndul\u00e1s Napjai:<\/strong>\u00a0Naponta<\/p>","protected":false},"featured_media":31982,"template":"","meta":{"_kad_post_transparent":"default","_kad_post_title":"","_kad_post_layout":"default","_kad_post_sidebar_id":"","_kad_post_content_style":"default","_kad_post_vertical_padding":"default","_kad_post_feature":"","_kad_post_feature_position":"","_kad_post_header":false,"_kad_post_footer":false,"_kad_post_classname":"","_glsr_average":0,"_glsr_ranking":0,"_glsr_reviews":0},"product_brand":[],"product_cat":[451],"product_tag":[],"class_list":{"0":"post-45917","1":"product","2":"type-product","3":"status-publish","4":"has-post-thumbnail","6":"product_cat-marmaris","7":"tm-has-options","9":"first","10":"instock","11":"sold-individually","12":"taxable","13":"shipping-taxable","14":"purchasable","15":"product-type-simple","16":"entry","17":"content-bg","18":"loop-entry"},"yoast_head":"<!-- This site is optimized with the Yoast SEO plugin v27.3 - https:\/\/yoast.com\/product\/yoast-seo-wordpress\/ -->\n<title>\u0425\u0430\u043c\u0430\u043c \u0432 \u041c\u0430\u0440\u043c\u0430\u0440\u0438\u0441\u0435 (\u0410\u0440\u043c\u0443\u0442\u0430\u043b\u0430\u043d) &#8226; \u042d\u043a\u0441\u043a\u0443\u0440\u0441\u0438\u0438 Skyline<\/title>\n<meta name=\"description\" content=\"\u0425\u0430\u043c\u0430\u043c \u0432 \u041c\u0430\u0440\u043c\u0430\u0440\u0438\u0441\u0435 (\u0410\u0440\u043c\u0443\u0442\u0430\u043b\u0430\u043d) \u0438\u0434\u0435\u0430\u043b\u044c\u043d\u043e\u0435 \u043c\u0435\u0441\u0442\u043e \u0434\u043b\u044f \u0432\u043e\u0441\u0441\u0442\u0430\u043d\u043e\u0432\u043b\u0435\u043d\u0438\u044f \u0438 \u043e\u0437\u0434\u043e\u0440\u043e\u0432\u043b\u0435\u043d\u0438\u044f \u043a\u0430\u043a \u0442\u0435\u043b\u0430, \u0442\u0430\u043a \u0438 \u0434\u0443\u0448\u0438.\" \/>\n<meta name=\"robots\" content=\"index, follow, max-snippet:-1, max-image-preview:large, max-video-preview:-1\" \/>\n<link rel=\"canonical\" href=\"http:\/\/skyline-gs.com\/hu\/termek\/hammam-in-marmaris-armutalan\/\" \/>\n<meta property=\"og:locale\" content=\"hu_HU\" \/>\n<meta property=\"og:type\" content=\"article\" \/>\n<meta property=\"og:title\" content=\"\u0425\u0430\u043c\u0430\u043c \u0432 \u041c\u0430\u0440\u043c\u0430\u0440\u0438\u0441\u0435 (\u0410\u0440\u043c\u0443\u0442\u0430\u043b\u0430\u043d) &#8226; \u042d\u043a\u0441\u043a\u0443\u0440\u0441\u0438\u0438 Skyline\" \/>\n<meta property=\"og:description\" content=\"\u0425\u0430\u043c\u0430\u043c \u0432 \u041c\u0430\u0440\u043c\u0430\u0440\u0438\u0441\u0435 (\u0410\u0440\u043c\u0443\u0442\u0430\u043b\u0430\u043d) \u0438\u0434\u0435\u0430\u043b\u044c\u043d\u043e\u0435 \u043c\u0435\u0441\u0442\u043e \u0434\u043b\u044f \u0432\u043e\u0441\u0441\u0442\u0430\u043d\u043e\u0432\u043b\u0435\u043d\u0438\u044f \u0438 \u043e\u0437\u0434\u043e\u0440\u043e\u0432\u043b\u0435\u043d\u0438\u044f \u043a\u0430\u043a \u0442\u0435\u043b\u0430, \u0442\u0430\u043a \u0438 \u0434\u0443\u0448\u0438.\" \/>\n<meta property=\"og:url\" content=\"http:\/\/skyline-gs.com\/hu\/termek\/hammam-in-marmaris-armutalan\/\" \/>\n<meta property=\"og:site_name\" content=\"\u042d\u043a\u0441\u043a\u0443\u0440\u0441\u0438\u0438 Skyline\" \/>\n<meta property=\"article:modified_time\" content=\"2024-01-23T23:02:00+00:00\" \/>\n<meta property=\"og:image\" content=\"https:\/\/skyline-gs.com\/wp-content\/uploads\/2021\/10\/35.jpg\" \/>\n\t<meta property=\"og:image:width\" content=\"669\" \/>\n\t<meta property=\"og:image:height\" content=\"446\" \/>\n\t<meta property=\"og:image:type\" content=\"image\/jpeg\" \/>\n<meta name=\"twitter:card\" content=\"summary_large_image\" \/>\n<meta name=\"twitter:label1\" content=\"Becs\u00fclt olvas\u00e1si id\u0151\" \/>\n\t<meta name=\"twitter:data1\" content=\"1 perc\" \/>\n<script type=\"application\/ld+json\" class=\"yoast-schema-graph\">{\"@context\":\"https:\\\/\\\/schema.org\",\"@graph\":[{\"@type\":\"WebPage\",\"@id\":\"http:\\\/\\\/skyline-gs.com\\\/cs\\\/produkt\\\/hammam-in-marmaris-armutalan\\\/\",\"url\":\"http:\\\/\\\/skyline-gs.com\\\/cs\\\/produkt\\\/hammam-in-marmaris-armutalan\\\/\",\"name\":\"\u0425\u0430\u043c\u0430\u043c \u0432 \u041c\u0430\u0440\u043c\u0430\u0440\u0438\u0441\u0435 (\u0410\u0440\u043c\u0443\u0442\u0430\u043b\u0430\u043d) &#8226; \u042d\u043a\u0441\u043a\u0443\u0440\u0441\u0438\u0438 Skyline\",\"isPartOf\":{\"@id\":\"https:\\\/\\\/skyline-gs.com\\\/it\\\/#website\"},\"primaryImageOfPage\":{\"@id\":\"http:\\\/\\\/skyline-gs.com\\\/cs\\\/produkt\\\/hammam-in-marmaris-armutalan\\\/#primaryimage\"},\"image\":{\"@id\":\"http:\\\/\\\/skyline-gs.com\\\/cs\\\/produkt\\\/hammam-in-marmaris-armutalan\\\/#primaryimage\"},\"thumbnailUrl\":\"https:\\\/\\\/skyline-gs.com\\\/wp-content\\\/uploads\\\/2021\\\/10\\\/35.jpg\",\"datePublished\":\"2024-01-14T16:01:15+00:00\",\"dateModified\":\"2024-01-23T23:02:00+00:00\",\"description\":\"\u0425\u0430\u043c\u0430\u043c \u0432 \u041c\u0430\u0440\u043c\u0430\u0440\u0438\u0441\u0435 (\u0410\u0440\u043c\u0443\u0442\u0430\u043b\u0430\u043d) \u0438\u0434\u0435\u0430\u043b\u044c\u043d\u043e\u0435 \u043c\u0435\u0441\u0442\u043e \u0434\u043b\u044f \u0432\u043e\u0441\u0441\u0442\u0430\u043d\u043e\u0432\u043b\u0435\u043d\u0438\u044f \u0438 \u043e\u0437\u0434\u043e\u0440\u043e\u0432\u043b\u0435\u043d\u0438\u044f \u043a\u0430\u043a \u0442\u0435\u043b\u0430, \u0442\u0430\u043a \u0438 \u0434\u0443\u0448\u0438.\",\"breadcrumb\":{\"@id\":\"http:\\\/\\\/skyline-gs.com\\\/cs\\\/produkt\\\/hammam-in-marmaris-armutalan\\\/#breadcrumb\"},\"inLanguage\":\"hu\",\"potentialAction\":[{\"@type\":\"ReadAction\",\"target\":[\"http:\\\/\\\/skyline-gs.com\\\/cs\\\/produkt\\\/hammam-in-marmaris-armutalan\\\/\"]}]},{\"@type\":\"ImageObject\",\"inLanguage\":\"hu\",\"@id\":\"http:\\\/\\\/skyline-gs.com\\\/cs\\\/produkt\\\/hammam-in-marmaris-armutalan\\\/#primaryimage\",\"url\":\"https:\\\/\\\/skyline-gs.com\\\/wp-content\\\/uploads\\\/2021\\\/10\\\/35.jpg\",\"contentUrl\":\"https:\\\/\\\/skyline-gs.com\\\/wp-content\\\/uploads\\\/2021\\\/10\\\/35.jpg\",\"width\":669,\"height\":446},{\"@type\":\"BreadcrumbList\",\"@id\":\"http:\\\/\\\/skyline-gs.com\\\/cs\\\/produkt\\\/hammam-in-marmaris-armutalan\\\/#breadcrumb\",\"itemListElement\":[{\"@type\":\"ListItem\",\"position\":1,\"name\":\"\u0413\u043b\u0430\u0432\u043d\u0430\u044f \u0441\u0442\u0440\u0430\u043d\u0438\u0446\u0430\",\"item\":\"https:\\\/\\\/skyline-gs.com\\\/hu\\\/\"},{\"@type\":\"ListItem\",\"position\":2,\"name\":\"\u041c\u0430\u0433\u0430\u0437\u0438\u043d\",\"item\":\"https:\\\/\\\/skyline-gs.com\\\/cs\\\/shop\\\/\"},{\"@type\":\"ListItem\",\"position\":3,\"name\":\"\u0425\u0430\u043c\u0430\u043c \u0432 \u041c\u0430\u0440\u043c\u0430\u0440\u0438\u0441\u0435 (\u0410\u0440\u043c\u0443\u0442\u0430\u043b\u0430\u043d)\"}]},{\"@type\":\"WebSite\",\"@id\":\"https:\\\/\\\/skyline-gs.com\\\/it\\\/#website\",\"url\":\"https:\\\/\\\/skyline-gs.com\\\/it\\\/\",\"name\":\"\u042d\u043a\u0441\u043a\u0443\u0440\u0441\u0438\u0438 Skyline\",\"description\":\"\u042d\u043a\u0441\u043a\u043b\u044e\u0437\u0438\u0432\u043d\u044b\u0435 \u044d\u043a\u0441\u043a\u0443\u0440\u0441\u0438\u0438 \u043d\u0430 \u043b\u0443\u0447\u0448\u0438\u0445 \u043a\u0443\u0440\u043e\u0440\u0442\u0430\u0445 \u043c\u0438\u0440\u0430\",\"publisher\":{\"@id\":\"https:\\\/\\\/skyline-gs.com\\\/it\\\/#organization\"},\"alternateName\":\"Skyline\",\"potentialAction\":[{\"@type\":\"SearchAction\",\"target\":{\"@type\":\"EntryPoint\",\"urlTemplate\":\"https:\\\/\\\/skyline-gs.com\\\/it\\\/?s={search_term_string}\"},\"query-input\":{\"@type\":\"PropertyValueSpecification\",\"valueRequired\":true,\"valueName\":\"search_term_string\"}}],\"inLanguage\":\"hu\"},{\"@type\":\"Organization\",\"@id\":\"https:\\\/\\\/skyline-gs.com\\\/it\\\/#organization\",\"name\":\"\u042d\u043a\u0441\u043a\u0443\u0440\u0441\u0438\u0438 Skyline\",\"alternateName\":\"\u042d\u043a\u0441\u043a\u0443\u0440\u0441\u0438\u0438 Skyline\",\"url\":\"https:\\\/\\\/skyline-gs.com\\\/it\\\/\",\"logo\":{\"@type\":\"ImageObject\",\"inLanguage\":\"hu\",\"@id\":\"https:\\\/\\\/skyline-gs.com\\\/it\\\/#\\\/schema\\\/logo\\\/image\\\/\",\"url\":\"https:\\\/\\\/skyline-gs.com\\\/wp-content\\\/uploads\\\/2020\\\/12\\\/cropped-logo-2.png\",\"contentUrl\":\"https:\\\/\\\/skyline-gs.com\\\/wp-content\\\/uploads\\\/2020\\\/12\\\/cropped-logo-2.png\",\"width\":512,\"height\":512,\"caption\":\"\u042d\u043a\u0441\u043a\u0443\u0440\u0441\u0438\u0438 Skyline\"},\"image\":{\"@id\":\"https:\\\/\\\/skyline-gs.com\\\/it\\\/#\\\/schema\\\/logo\\\/image\\\/\"},\"sameAs\":[\"https:\\\/\\\/www.instagram.com\\\/skylineglobalservice\\\/\"]}]}<\/script>\n<!-- \/ Yoast SEO plugin. -->","yoast_head_json":{"title":"\u0425\u0430\u043c\u0430\u043c \u0432 \u041c\u0430\u0440\u043c\u0430\u0440\u0438\u0441\u0435 (\u0410\u0440\u043c\u0443\u0442\u0430\u043b\u0430\u043d) &#8226; \u042d\u043a\u0441\u043a\u0443\u0440\u0441\u0438\u0438 Skyline","description":"A marmarisi (Armutalan) hamam ide\u00e1lis hely a test \u00e9s a l\u00e9lek helyre\u00e1ll\u00edt\u00e1s\u00e1ra \u00e9s revitaliz\u00e1l\u00e1s\u00e1ra.","robots":{"index":"index","follow":"follow","max-snippet":"max-snippet:-1","max-image-preview":"max-image-preview:large","max-video-preview":"max-video-preview:-1"},"canonical":"http:\/\/skyline-gs.com\/hu\/termek\/hammam-in-marmaris-armutalan\/","og_locale":"hu_HU","og_type":"article","og_title":"\u0425\u0430\u043c\u0430\u043c \u0432 \u041c\u0430\u0440\u043c\u0430\u0440\u0438\u0441\u0435 (\u0410\u0440\u043c\u0443\u0442\u0430\u043b\u0430\u043d) &#8226; \u042d\u043a\u0441\u043a\u0443\u0440\u0441\u0438\u0438 Skyline","og_description":"\u0425\u0430\u043c\u0430\u043c \u0432 \u041c\u0430\u0440\u043c\u0430\u0440\u0438\u0441\u0435 (\u0410\u0440\u043c\u0443\u0442\u0430\u043b\u0430\u043d) \u0438\u0434\u0435\u0430\u043b\u044c\u043d\u043e\u0435 \u043c\u0435\u0441\u0442\u043e \u0434\u043b\u044f \u0432\u043e\u0441\u0441\u0442\u0430\u043d\u043e\u0432\u043b\u0435\u043d\u0438\u044f \u0438 \u043e\u0437\u0434\u043e\u0440\u043e\u0432\u043b\u0435\u043d\u0438\u044f \u043a\u0430\u043a \u0442\u0435\u043b\u0430, \u0442\u0430\u043a \u0438 \u0434\u0443\u0448\u0438.","og_url":"http:\/\/skyline-gs.com\/hu\/termek\/hammam-in-marmaris-armutalan\/","og_site_name":"\u042d\u043a\u0441\u043a\u0443\u0440\u0441\u0438\u0438 Skyline","article_modified_time":"2024-01-23T23:02:00+00:00","og_image":[{"width":669,"height":446,"url":"https:\/\/skyline-gs.com\/wp-content\/uploads\/2021\/10\/35.jpg","type":"image\/jpeg"}],"twitter_card":"summary_large_image","twitter_misc":{"Becs\u00fclt olvas\u00e1si id\u0151":"1 perc"},"schema":{"@context":"https:\/\/schema.org","@graph":[{"@type":"WebPage","@id":"http:\/\/skyline-gs.com\/cs\/produkt\/hammam-in-marmaris-armutalan\/","url":"http:\/\/skyline-gs.com\/cs\/produkt\/hammam-in-marmaris-armutalan\/","name":"\u0425\u0430\u043c\u0430\u043c \u0432 \u041c\u0430\u0440\u043c\u0430\u0440\u0438\u0441\u0435 (\u0410\u0440\u043c\u0443\u0442\u0430\u043b\u0430\u043d) &#8226; \u042d\u043a\u0441\u043a\u0443\u0440\u0441\u0438\u0438 Skyline","isPartOf":{"@id":"https:\/\/skyline-gs.com\/it\/#website"},"primaryImageOfPage":{"@id":"http:\/\/skyline-gs.com\/cs\/produkt\/hammam-in-marmaris-armutalan\/#primaryimage"},"image":{"@id":"http:\/\/skyline-gs.com\/cs\/produkt\/hammam-in-marmaris-armutalan\/#primaryimage"},"thumbnailUrl":"https:\/\/skyline-gs.com\/wp-content\/uploads\/2021\/10\/35.jpg","datePublished":"2024-01-14T16:01:15+00:00","dateModified":"2024-01-23T23:02:00+00:00","description":"A marmarisi (Armutalan) hamam ide\u00e1lis hely a test \u00e9s a l\u00e9lek helyre\u00e1ll\u00edt\u00e1s\u00e1ra \u00e9s revitaliz\u00e1l\u00e1s\u00e1ra.","breadcrumb":{"@id":"http:\/\/skyline-gs.com\/cs\/produkt\/hammam-in-marmaris-armutalan\/#breadcrumb"},"inLanguage":"hu","potentialAction":[{"@type":"ReadAction","target":["http:\/\/skyline-gs.com\/cs\/produkt\/hammam-in-marmaris-armutalan\/"]}]},{"@type":"ImageObject","inLanguage":"hu","@id":"http:\/\/skyline-gs.com\/cs\/produkt\/hammam-in-marmaris-armutalan\/#primaryimage","url":"https:\/\/skyline-gs.com\/wp-content\/uploads\/2021\/10\/35.jpg","contentUrl":"https:\/\/skyline-gs.com\/wp-content\/uploads\/2021\/10\/35.jpg","width":669,"height":446},{"@type":"BreadcrumbList","@id":"http:\/\/skyline-gs.com\/cs\/produkt\/hammam-in-marmaris-armutalan\/#breadcrumb","itemListElement":[{"@type":"ListItem","position":1,"name":"\u0413\u043b\u0430\u0432\u043d\u0430\u044f \u0441\u0442\u0440\u0430\u043d\u0438\u0446\u0430","item":"https:\/\/skyline-gs.com\/hu\/"},{"@type":"ListItem","position":2,"name":"\u041c\u0430\u0433\u0430\u0437\u0438\u043d","item":"https:\/\/skyline-gs.com\/cs\/shop\/"},{"@type":"ListItem","position":3,"name":"\u0425\u0430\u043c\u0430\u043c \u0432 \u041c\u0430\u0440\u043c\u0430\u0440\u0438\u0441\u0435 (\u0410\u0440\u043c\u0443\u0442\u0430\u043b\u0430\u043d)"}]},{"@type":"WebSite","@id":"https:\/\/skyline-gs.com\/it\/#website","url":"https:\/\/skyline-gs.com\/it\/","name":"Skyline T\u00far\u00e1k","description":"Exkluz\u00edv kir\u00e1ndul\u00e1sok a vil\u00e1g legjobb \u00fcd\u00fcl\u0151helyein","publisher":{"@id":"https:\/\/skyline-gs.com\/it\/#organization"},"alternateName":"Skyline","potentialAction":[{"@type":"SearchAction","target":{"@type":"EntryPoint","urlTemplate":"https:\/\/skyline-gs.com\/it\/?s={search_term_string}"},"query-input":{"@type":"PropertyValueSpecification","valueRequired":true,"valueName":"search_term_string"}}],"inLanguage":"hu"},{"@type":"Organization","@id":"https:\/\/skyline-gs.com\/it\/#organization","name":"Skyline T\u00far\u00e1k","alternateName":"\u042d\u043a\u0441\u043a\u0443\u0440\u0441\u0438\u0438 Skyline","url":"https:\/\/skyline-gs.com\/it\/","logo":{"@type":"ImageObject","inLanguage":"hu","@id":"https:\/\/skyline-gs.com\/it\/#\/schema\/logo\/image\/","url":"https:\/\/skyline-gs.com\/wp-content\/uploads\/2020\/12\/cropped-logo-2.png","contentUrl":"https:\/\/skyline-gs.com\/wp-content\/uploads\/2020\/12\/cropped-logo-2.png","width":512,"height":512,"caption":"\u042d\u043a\u0441\u043a\u0443\u0440\u0441\u0438\u0438 Skyline"},"image":{"@id":"https:\/\/skyline-gs.com\/it\/#\/schema\/logo\/image\/"},"sameAs":["https:\/\/www.instagram.com\/skylineglobalservice\/"]}]}},"_links":{"self":[{"href":"https:\/\/skyline-gs.com\/hu\/wp-json\/wp\/v2\/product\/45917","targetHints":{"allow":["GET"]}}],"collection":[{"href":"https:\/\/skyline-gs.com\/hu\/wp-json\/wp\/v2\/product"}],"about":[{"href":"https:\/\/skyline-gs.com\/hu\/wp-json\/wp\/v2\/types\/product"}],"version-history":[{"count":0,"href":"https:\/\/skyline-gs.com\/hu\/wp-json\/wp\/v2\/product\/45917\/revisions"}],"wp:featuredmedia":[{"embeddable":true,"href":"https:\/\/skyline-gs.com\/hu\/wp-json\/wp\/v2\/media\/31982"}],"wp:attachment":[{"href":"https:\/\/skyline-gs.com\/hu\/wp-json\/wp\/v2\/media?parent=45917"}],"wp:term":[{"taxonomy":"product_brand","embeddable":true,"href":"https:\/\/skyline-gs.com\/hu\/wp-json\/wp\/v2\/product_brand?post=45917"},{"taxonomy":"product_cat","embeddable":true,"href":"https:\/\/skyline-gs.com\/hu\/wp-json\/wp\/v2\/product_cat?post=45917"},{"taxonomy":"product_tag","embeddable":true,"href":"https:\/\/skyline-gs.com\/hu\/wp-json\/wp\/v2\/product_tag?post=45917"}],"curies":[{"name":"wp","href":"https:\/\/api.w.org\/{rel}","templated":true}]}}