{"id":43082,"date":"2023-07-23T19:57:56","date_gmt":"2023-07-23T17:57:56","guid":{"rendered":"http:\/\/skyline-gs.com\/?post_type=product&#038;p=43082"},"modified":"2025-06-25T16:17:17","modified_gmt":"2025-06-25T14:17:17","slug":"kappadokia-2-nap-belek","status":"publish","type":"product","link":"https:\/\/skyline-gs.com\/hu\/product\/cappadocia-2-days-belek\/","title":{"rendered":"Kappad\u00f3kia 2 nap"},"content":{"rendered":"<p><strong>1. nap<\/strong><\/p>\n<p>4:00 \u00f3rakor kijelentkez\u00e9s a sz\u00e1llod\u00e1b\u00f3l. \u00c1lljon meg reggelizni egy \u00e9tteremben, ahonnan fest\u0151i kil\u00e1t\u00e1s ny\u00edlik a Taurus-hegys\u00e9gre. Sz\u00fcnet a Hasan vulk\u00e1n megtekint\u00e9s\u00e9vel. L\u00e1togat\u00e1s Saratli f\u00f6ldalatti v\u00e1ros\u00e1ban. Eb\u00e9d egy sz\u00ednes helyi \u00e9tteremben. L\u00e1togat\u00e1s a Fant\u00e1zi\u00e1k v\u00f6lgy\u00e9ben (Derwent) \u00e9s a Szerzetesek v\u00f6lgy\u00e9ben. S\u00e9ta a szikl\u00e1ba v\u00e1jt Chavushin faluban, amely a m\u00falt sz\u00e1zad k\u00f6zep\u00e9ig lakott volt. Panor\u00e1ma meg\u00e1ll\u00f3 a Szerelem v\u00f6lgy\u00e9ben, fest\u0151i kil\u00e1t\u00e1ssal Ortahisarra, Kappad\u00f3kia er\u0151dj\u00e9re. Meg\u00e1ll\u00e1s a H\u00e1rom sz\u00e9ps\u00e9g (U\u00e7g\u00fczel) v\u00f6lgy\u00e9ben U\u011fr\u00fcp tartom\u00e1nyban. Bejelentkez\u00e9s a sz\u00e1llod\u00e1ban \u00e9s vacsora a sz\u00e1lloda \u00e9tterm\u00e9ben. L\u00e1togat\u00e1s a \"T\u00f6r\u00f6k \u00e9jszaka Kappad\u00f3ci\u00e1ban\" c\u00edm\u0171 nemzeti folkl\u00f3rprogramon (fakultat\u00edv, fel\u00e1r ellen\u00e9ben).<\/p>\n<p><strong>2. nap<\/strong><\/p>\n<p>Reggel indul\u00e1s a l\u00e9gg\u00f6mbpar\u00e1d\u00e9ra azok sz\u00e1m\u00e1ra, akik szeretn\u00e9nek l\u00e9gg\u00f6mb\u00f6zni (fakultat\u00edv, +200$\/f\u0151). H\u0151l\u00e9gballon utaz\u00e1s (1 \u00f3ra id\u0151tartam) - l\u00e1tv\u00e1nyos l\u00e1tv\u00e1ny, 250 l\u00e9gg\u00f6mb vagy 2000 ember egyszerre az \u00e9gen. Visszat\u00e9r\u00e9s a sz\u00e1llod\u00e1ba \u00e9s reggeli (te\u00e1val egy\u00fctt). L\u00e1togat\u00e1s az autentikus \u00f3nixm\u0171helyben - Anat\u00f3lia k\u0151k\u00f6zpontj\u00e1ban -, ahol lehet\u0151s\u00e9g ny\u00edlik a megmunk\u00e1l\u00e1s folyamat\u00e1nak megtekint\u00e9s\u00e9re, valamint aj\u00e1nd\u00e9kt\u00e1rgyak \u00e9s k\u0151ed\u00e9nyek v\u00e1s\u00e1rl\u00e1s\u00e1ra. \u00c9rkez\u00e9s a Szabadt\u00e9ri M\u00fazeumba - Gereme v\u00e1ros\u00e1ba, kolostoregy\u00fcttes\u00e9vel, szikl\u00e1ba v\u00e1jt k\u00e1poln\u00e1ival \u00e9s templomaival. Meg\u00e1ll\u00e1s a galambok v\u00f6lgy\u00e9n\u00e9l, ahonnan panor\u00e1m\u00e1s kil\u00e1t\u00e1s ny\u00edlik, fot\u00f3z\u00e1sra. Meg\u00e1ll\u00e1s Kappad\u00f3kia legk\u00fcls\u0151 er\u0151dje - U\u00e7hisar - felett. Bejelentkez\u00e9s a selyemb\u0151r term\u00e9kek st\u00fadi\u00f3j\u00e1ba \u00e9s a t\u00f6r\u00f6k \u00e9dess\u00e9ggy\u00e1rba. Indul\u00e1s Kappad\u00f3ci\u00e1b\u00f3l. Bejelentkez\u00e9s az Oresin Khan Nemzeti Karav\u00e1nszer\u00e1jba, ahol lesz id\u0151 a pihen\u00e9sre. \u00c9rkez\u00e9s Konya v\u00e1ros\u00e1ba, meg\u00e1ll\u00e1s eb\u00e9dre egy \u00e9tteremben. Visszat\u00e9r\u00e9s a sz\u00e1llod\u00e1ba 20:00 \u00f3rakor.<\/p>\n<p><strong>Tartalmazza:<\/strong><\/p>\n<ul>\n<li>Transzfer a sz\u00e1llod\u00e1b\u00f3l \u00e9s a sz\u00e1llod\u00e1ba<\/li>\n<li>Minden transzfer az \u00fatvonalon k\u00e9nyelmes l\u00e9gkondicion\u00e1lt aut\u00f3busszal<\/li>\n<li>Magyarul besz\u00e9l\u0151 idegenvezet\u0151<\/li>\n<li>Biztos\u00edt\u00e1s<\/li>\n<li>\u00c9jszaka egy sz\u00e1llod\u00e1ban<\/li>\n<li>\u00c9tkez\u00e9s: reggeli, vacsora, reggeli<\/li>\n<\/ul>\n<p><strong>Nem tartalmazza:<\/strong><\/p>\n<ul>\n<li>Hajnali ballonrep\u00fcl\u00e9s (fakultat\u00edv, +200$ szem\u00e9lyenk\u00e9nt)<\/li>\n<li>Eb\u00e9d az \u00e9tteremben<\/li>\n<li>\"T\u00f6r\u00f6k \u00e9jszaka\" show<\/li>\n<li>Bel\u00e9p\u0151jegyek a G\u00f6reme Parkba (12$)<\/li>\n<\/ul>\n<p><strong>Vigy\u00e9l magaddal:<\/strong><\/p>\n<ul>\n<li>V\u00edz<\/li>\n<li>K\u00e9nyelmes cip\u0151<\/li>\n<li>F\u00e9nyk\u00e9pez\u0151g\u00e9p<\/li>\n<li>P\u00e9nz szem\u00e9lyes kiad\u00e1sokra<\/li>\n<\/ul>","protected":false},"excerpt":{"rendered":"<p><strong>Kir\u00e1ndul\u00e1s Id\u0151pontja:<\/strong> 4:00 - 20:00<\/p>\n<p><strong>A Kir\u00e1ndul\u00e1s Napjai:<\/strong> H\u00e9tf\u0151, cs\u00fct\u00f6rt\u00f6k, szombat<\/p>","protected":false},"featured_media":41752,"template":"","meta":{"_kad_post_transparent":"default","_kad_post_title":"","_kad_post_layout":"default","_kad_post_sidebar_id":"","_kad_post_content_style":"default","_kad_post_vertical_padding":"default","_kad_post_feature":"","_kad_post_feature_position":"","_kad_post_header":false,"_kad_post_footer":false,"_kad_post_classname":"","_glsr_average":0,"_glsr_ranking":0,"_glsr_reviews":0},"product_brand":[],"product_cat":[449],"product_tag":[],"class_list":{"0":"post-43082","1":"product","2":"type-product","3":"status-publish","4":"has-post-thumbnail","6":"product_cat-belek","7":"tm-has-options","9":"first","10":"instock","11":"sale","12":"sold-individually","13":"taxable","14":"shipping-taxable","15":"purchasable","16":"product-type-simple","17":"entry","18":"content-bg","19":"loop-entry"},"yoast_head":"<!-- This site is optimized with the Yoast SEO plugin v27.3 - https:\/\/yoast.com\/product\/yoast-seo-wordpress\/ -->\n<title>\u041a\u0430\u043f\u043f\u0430\u0434\u043e\u043a\u0438\u044f 2 \u0434\u043d\u044f &#8226; \u042d\u043a\u0441\u043a\u0443\u0440\u0441\u0438\u0438 Skyline<\/title>\n<meta name=\"robots\" content=\"index, follow, max-snippet:-1, max-image-preview:large, max-video-preview:-1\" \/>\n<link rel=\"canonical\" href=\"https:\/\/skyline-gs.com\/hu\/termek\/kappadokia-2-nap-belek\/\" \/>\n<meta property=\"og:locale\" content=\"hu_HU\" \/>\n<meta property=\"og:type\" content=\"article\" \/>\n<meta property=\"og:title\" content=\"\u041a\u0430\u043f\u043f\u0430\u0434\u043e\u043a\u0438\u044f 2 \u0434\u043d\u044f &#8226; \u042d\u043a\u0441\u043a\u0443\u0440\u0441\u0438\u0438 Skyline\" \/>\n<meta property=\"og:description\" content=\"\u0412\u0440\u0435\u043c\u044f \u0442\u0443\u0440\u0430: 4:00 \u2013 20:00  \u0414\u043d\u0438 \u043f\u0440\u043e\u0432\u0435\u0434\u0435\u043d\u0438\u044f: \u041f\u043e\u043d\u0435\u0434\u0435\u043b\u044c\u043d\u0438\u043a, \u0427\u0435\u0442\u0432\u0435\u0440\u0433, \u0421\u0443\u0431\u0431\u043e\u0442\u0430\" \/>\n<meta property=\"og:url\" content=\"https:\/\/skyline-gs.com\/hu\/termek\/kappadokia-2-nap-belek\/\" \/>\n<meta property=\"og:site_name\" content=\"\u042d\u043a\u0441\u043a\u0443\u0440\u0441\u0438\u0438 Skyline\" \/>\n<meta property=\"article:modified_time\" content=\"2025-06-25T14:17:17+00:00\" \/>\n<meta property=\"og:image\" content=\"https:\/\/skyline-gs.com\/wp-content\/uploads\/2023\/01\/5-9.png\" \/>\n\t<meta property=\"og:image:width\" content=\"669\" \/>\n\t<meta property=\"og:image:height\" content=\"446\" \/>\n\t<meta property=\"og:image:type\" content=\"image\/png\" \/>\n<meta name=\"twitter:card\" content=\"summary_large_image\" \/>\n<meta name=\"twitter:label1\" content=\"Becs\u00fclt olvas\u00e1si id\u0151\" \/>\n\t<meta name=\"twitter:data1\" content=\"2 perc\" \/>\n<script type=\"application\/ld+json\" class=\"yoast-schema-graph\">{\"@context\":\"https:\\\/\\\/schema.org\",\"@graph\":[{\"@type\":\"WebPage\",\"@id\":\"https:\\\/\\\/skyline-gs.com\\\/product\\\/cappadocia-2-days-belek\\\/\",\"url\":\"https:\\\/\\\/skyline-gs.com\\\/product\\\/cappadocia-2-days-belek\\\/\",\"name\":\"\u041a\u0430\u043f\u043f\u0430\u0434\u043e\u043a\u0438\u044f 2 \u0434\u043d\u044f &#8226; \u042d\u043a\u0441\u043a\u0443\u0440\u0441\u0438\u0438 Skyline\",\"isPartOf\":{\"@id\":\"https:\\\/\\\/skyline-gs.com\\\/it\\\/#website\"},\"primaryImageOfPage\":{\"@id\":\"https:\\\/\\\/skyline-gs.com\\\/product\\\/cappadocia-2-days-belek\\\/#primaryimage\"},\"image\":{\"@id\":\"https:\\\/\\\/skyline-gs.com\\\/product\\\/cappadocia-2-days-belek\\\/#primaryimage\"},\"thumbnailUrl\":\"https:\\\/\\\/skyline-gs.com\\\/wp-content\\\/uploads\\\/2023\\\/01\\\/5-9.png\",\"datePublished\":\"2023-07-23T17:57:56+00:00\",\"dateModified\":\"2025-06-25T14:17:17+00:00\",\"breadcrumb\":{\"@id\":\"https:\\\/\\\/skyline-gs.com\\\/product\\\/cappadocia-2-days-belek\\\/#breadcrumb\"},\"inLanguage\":\"hu\",\"potentialAction\":[{\"@type\":\"ReadAction\",\"target\":[\"https:\\\/\\\/skyline-gs.com\\\/product\\\/cappadocia-2-days-belek\\\/\"]}]},{\"@type\":\"ImageObject\",\"inLanguage\":\"hu\",\"@id\":\"https:\\\/\\\/skyline-gs.com\\\/product\\\/cappadocia-2-days-belek\\\/#primaryimage\",\"url\":\"https:\\\/\\\/skyline-gs.com\\\/wp-content\\\/uploads\\\/2023\\\/01\\\/5-9.png\",\"contentUrl\":\"https:\\\/\\\/skyline-gs.com\\\/wp-content\\\/uploads\\\/2023\\\/01\\\/5-9.png\",\"width\":669,\"height\":446},{\"@type\":\"BreadcrumbList\",\"@id\":\"https:\\\/\\\/skyline-gs.com\\\/product\\\/cappadocia-2-days-belek\\\/#breadcrumb\",\"itemListElement\":[{\"@type\":\"ListItem\",\"position\":1,\"name\":\"\u0413\u043b\u0430\u0432\u043d\u0430\u044f \u0441\u0442\u0440\u0430\u043d\u0438\u0446\u0430\",\"item\":\"https:\\\/\\\/skyline-gs.com\\\/hu\\\/\"},{\"@type\":\"ListItem\",\"position\":2,\"name\":\"\u041c\u0430\u0433\u0430\u0437\u0438\u043d\",\"item\":\"https:\\\/\\\/skyline-gs.com\\\/cs\\\/shop\\\/\"},{\"@type\":\"ListItem\",\"position\":3,\"name\":\"\u041a\u0430\u043f\u043f\u0430\u0434\u043e\u043a\u0438\u044f 2 \u0434\u043d\u044f\"}]},{\"@type\":\"WebSite\",\"@id\":\"https:\\\/\\\/skyline-gs.com\\\/it\\\/#website\",\"url\":\"https:\\\/\\\/skyline-gs.com\\\/it\\\/\",\"name\":\"\u042d\u043a\u0441\u043a\u0443\u0440\u0441\u0438\u0438 Skyline\",\"description\":\"\u042d\u043a\u0441\u043a\u043b\u044e\u0437\u0438\u0432\u043d\u044b\u0435 \u044d\u043a\u0441\u043a\u0443\u0440\u0441\u0438\u0438 \u043d\u0430 \u043b\u0443\u0447\u0448\u0438\u0445 \u043a\u0443\u0440\u043e\u0440\u0442\u0430\u0445 \u043c\u0438\u0440\u0430\",\"publisher\":{\"@id\":\"https:\\\/\\\/skyline-gs.com\\\/it\\\/#organization\"},\"alternateName\":\"Skyline\",\"potentialAction\":[{\"@type\":\"SearchAction\",\"target\":{\"@type\":\"EntryPoint\",\"urlTemplate\":\"https:\\\/\\\/skyline-gs.com\\\/it\\\/?s={search_term_string}\"},\"query-input\":{\"@type\":\"PropertyValueSpecification\",\"valueRequired\":true,\"valueName\":\"search_term_string\"}}],\"inLanguage\":\"hu\"},{\"@type\":\"Organization\",\"@id\":\"https:\\\/\\\/skyline-gs.com\\\/it\\\/#organization\",\"name\":\"\u042d\u043a\u0441\u043a\u0443\u0440\u0441\u0438\u0438 Skyline\",\"alternateName\":\"\u042d\u043a\u0441\u043a\u0443\u0440\u0441\u0438\u0438 Skyline\",\"url\":\"https:\\\/\\\/skyline-gs.com\\\/it\\\/\",\"logo\":{\"@type\":\"ImageObject\",\"inLanguage\":\"hu\",\"@id\":\"https:\\\/\\\/skyline-gs.com\\\/it\\\/#\\\/schema\\\/logo\\\/image\\\/\",\"url\":\"https:\\\/\\\/skyline-gs.com\\\/wp-content\\\/uploads\\\/2020\\\/12\\\/cropped-logo-2.png\",\"contentUrl\":\"https:\\\/\\\/skyline-gs.com\\\/wp-content\\\/uploads\\\/2020\\\/12\\\/cropped-logo-2.png\",\"width\":512,\"height\":512,\"caption\":\"\u042d\u043a\u0441\u043a\u0443\u0440\u0441\u0438\u0438 Skyline\"},\"image\":{\"@id\":\"https:\\\/\\\/skyline-gs.com\\\/it\\\/#\\\/schema\\\/logo\\\/image\\\/\"},\"sameAs\":[\"https:\\\/\\\/www.instagram.com\\\/skylineglobalservice\\\/\"]}]}<\/script>\n<!-- \/ Yoast SEO plugin. -->","yoast_head_json":{"title":"\u041a\u0430\u043f\u043f\u0430\u0434\u043e\u043a\u0438\u044f 2 \u0434\u043d\u044f &#8226; \u042d\u043a\u0441\u043a\u0443\u0440\u0441\u0438\u0438 Skyline","robots":{"index":"index","follow":"follow","max-snippet":"max-snippet:-1","max-image-preview":"max-image-preview:large","max-video-preview":"max-video-preview:-1"},"canonical":"https:\/\/skyline-gs.com\/hu\/termek\/kappadokia-2-nap-belek\/","og_locale":"hu_HU","og_type":"article","og_title":"\u041a\u0430\u043f\u043f\u0430\u0434\u043e\u043a\u0438\u044f 2 \u0434\u043d\u044f &#8226; \u042d\u043a\u0441\u043a\u0443\u0440\u0441\u0438\u0438 Skyline","og_description":"\u0412\u0440\u0435\u043c\u044f \u0442\u0443\u0440\u0430: 4:00 \u2013 20:00  \u0414\u043d\u0438 \u043f\u0440\u043e\u0432\u0435\u0434\u0435\u043d\u0438\u044f: \u041f\u043e\u043d\u0435\u0434\u0435\u043b\u044c\u043d\u0438\u043a, \u0427\u0435\u0442\u0432\u0435\u0440\u0433, \u0421\u0443\u0431\u0431\u043e\u0442\u0430","og_url":"https:\/\/skyline-gs.com\/hu\/termek\/kappadokia-2-nap-belek\/","og_site_name":"\u042d\u043a\u0441\u043a\u0443\u0440\u0441\u0438\u0438 Skyline","article_modified_time":"2025-06-25T14:17:17+00:00","og_image":[{"width":669,"height":446,"url":"https:\/\/skyline-gs.com\/wp-content\/uploads\/2023\/01\/5-9.png","type":"image\/png"}],"twitter_card":"summary_large_image","twitter_misc":{"Becs\u00fclt olvas\u00e1si id\u0151":"2 perc"},"schema":{"@context":"https:\/\/schema.org","@graph":[{"@type":"WebPage","@id":"https:\/\/skyline-gs.com\/product\/cappadocia-2-days-belek\/","url":"https:\/\/skyline-gs.com\/product\/cappadocia-2-days-belek\/","name":"\u041a\u0430\u043f\u043f\u0430\u0434\u043e\u043a\u0438\u044f 2 \u0434\u043d\u044f &#8226; \u042d\u043a\u0441\u043a\u0443\u0440\u0441\u0438\u0438 Skyline","isPartOf":{"@id":"https:\/\/skyline-gs.com\/it\/#website"},"primaryImageOfPage":{"@id":"https:\/\/skyline-gs.com\/product\/cappadocia-2-days-belek\/#primaryimage"},"image":{"@id":"https:\/\/skyline-gs.com\/product\/cappadocia-2-days-belek\/#primaryimage"},"thumbnailUrl":"https:\/\/skyline-gs.com\/wp-content\/uploads\/2023\/01\/5-9.png","datePublished":"2023-07-23T17:57:56+00:00","dateModified":"2025-06-25T14:17:17+00:00","breadcrumb":{"@id":"https:\/\/skyline-gs.com\/product\/cappadocia-2-days-belek\/#breadcrumb"},"inLanguage":"hu","potentialAction":[{"@type":"ReadAction","target":["https:\/\/skyline-gs.com\/product\/cappadocia-2-days-belek\/"]}]},{"@type":"ImageObject","inLanguage":"hu","@id":"https:\/\/skyline-gs.com\/product\/cappadocia-2-days-belek\/#primaryimage","url":"https:\/\/skyline-gs.com\/wp-content\/uploads\/2023\/01\/5-9.png","contentUrl":"https:\/\/skyline-gs.com\/wp-content\/uploads\/2023\/01\/5-9.png","width":669,"height":446},{"@type":"BreadcrumbList","@id":"https:\/\/skyline-gs.com\/product\/cappadocia-2-days-belek\/#breadcrumb","itemListElement":[{"@type":"ListItem","position":1,"name":"\u0413\u043b\u0430\u0432\u043d\u0430\u044f \u0441\u0442\u0440\u0430\u043d\u0438\u0446\u0430","item":"https:\/\/skyline-gs.com\/hu\/"},{"@type":"ListItem","position":2,"name":"\u041c\u0430\u0433\u0430\u0437\u0438\u043d","item":"https:\/\/skyline-gs.com\/cs\/shop\/"},{"@type":"ListItem","position":3,"name":"\u041a\u0430\u043f\u043f\u0430\u0434\u043e\u043a\u0438\u044f 2 \u0434\u043d\u044f"}]},{"@type":"WebSite","@id":"https:\/\/skyline-gs.com\/it\/#website","url":"https:\/\/skyline-gs.com\/it\/","name":"Skyline T\u00far\u00e1k","description":"Exkluz\u00edv kir\u00e1ndul\u00e1sok a vil\u00e1g legjobb \u00fcd\u00fcl\u0151helyein","publisher":{"@id":"https:\/\/skyline-gs.com\/it\/#organization"},"alternateName":"Skyline","potentialAction":[{"@type":"SearchAction","target":{"@type":"EntryPoint","urlTemplate":"https:\/\/skyline-gs.com\/it\/?s={search_term_string}"},"query-input":{"@type":"PropertyValueSpecification","valueRequired":true,"valueName":"search_term_string"}}],"inLanguage":"hu"},{"@type":"Organization","@id":"https:\/\/skyline-gs.com\/it\/#organization","name":"Skyline T\u00far\u00e1k","alternateName":"\u042d\u043a\u0441\u043a\u0443\u0440\u0441\u0438\u0438 Skyline","url":"https:\/\/skyline-gs.com\/it\/","logo":{"@type":"ImageObject","inLanguage":"hu","@id":"https:\/\/skyline-gs.com\/it\/#\/schema\/logo\/image\/","url":"https:\/\/skyline-gs.com\/wp-content\/uploads\/2020\/12\/cropped-logo-2.png","contentUrl":"https:\/\/skyline-gs.com\/wp-content\/uploads\/2020\/12\/cropped-logo-2.png","width":512,"height":512,"caption":"\u042d\u043a\u0441\u043a\u0443\u0440\u0441\u0438\u0438 Skyline"},"image":{"@id":"https:\/\/skyline-gs.com\/it\/#\/schema\/logo\/image\/"},"sameAs":["https:\/\/www.instagram.com\/skylineglobalservice\/"]}]}},"_links":{"self":[{"href":"https:\/\/skyline-gs.com\/hu\/wp-json\/wp\/v2\/product\/43082","targetHints":{"allow":["GET"]}}],"collection":[{"href":"https:\/\/skyline-gs.com\/hu\/wp-json\/wp\/v2\/product"}],"about":[{"href":"https:\/\/skyline-gs.com\/hu\/wp-json\/wp\/v2\/types\/product"}],"version-history":[{"count":0,"href":"https:\/\/skyline-gs.com\/hu\/wp-json\/wp\/v2\/product\/43082\/revisions"}],"wp:featuredmedia":[{"embeddable":true,"href":"https:\/\/skyline-gs.com\/hu\/wp-json\/wp\/v2\/media\/41752"}],"wp:attachment":[{"href":"https:\/\/skyline-gs.com\/hu\/wp-json\/wp\/v2\/media?parent=43082"}],"wp:term":[{"taxonomy":"product_brand","embeddable":true,"href":"https:\/\/skyline-gs.com\/hu\/wp-json\/wp\/v2\/product_brand?post=43082"},{"taxonomy":"product_cat","embeddable":true,"href":"https:\/\/skyline-gs.com\/hu\/wp-json\/wp\/v2\/product_cat?post=43082"},{"taxonomy":"product_tag","embeddable":true,"href":"https:\/\/skyline-gs.com\/hu\/wp-json\/wp\/v2\/product_tag?post=43082"}],"curies":[{"name":"wp","href":"https:\/\/api.w.org\/{rel}","templated":true}]}}