{"id":42605,"date":"2023-07-16T19:33:04","date_gmt":"2023-07-16T17:33:04","guid":{"rendered":"http:\/\/skyline-gs.com\/?post_type=product&#038;p=42605"},"modified":"2025-06-16T23:19:13","modified_gmt":"2025-06-16T21:19:13","slug":"olympos-chimera-ulupinar-kemer","status":"publish","type":"product","link":"https:\/\/skyline-gs.com\/hu\/product\/olympos-chimera-ulupinar-kemer\/","title":{"rendered":"Jeep t\u00fara: Olympos \u00e9s Chimera Lights"},"content":{"rendered":"<p>\u041d\u0430\u0441\u044b\u0449\u0435\u043d\u043d\u0430\u044f \u044d\u043a\u0441\u043a\u0443\u0440\u0441\u0438\u044f \u043a \u0434\u0438\u043a\u0438\u043c \u043f\u043b\u044f\u0436\u0430\u043c, \u0434\u0440\u0435\u0432\u043d\u0438\u043c \u0440\u0443\u0438\u043d\u0430\u043c \u0438 \u043f\u0440\u0438\u0440\u043e\u0434\u043d\u043e\u043c\u0443 \u0447\u0443\u0434\u0443 \u2013 \u043e\u0433\u043d\u044f\u043c \u0425\u0438\u043c\u0435\u0440\u044b, \u043a\u043e\u0442\u043e\u0440\u044b\u0435 \u0433\u043e\u0440\u044f\u0442 \u043f\u0440\u044f\u043c\u043e \u0438\u0437-\u043f\u043e\u0434 \u0437\u0435\u043c\u043b\u0438. \u0412\u0435\u0447\u0435\u0440\u043d\u044f\u044f \u0430\u0442\u043c\u043e\u0441\u0444\u0435\u0440\u0430 \u0438 \u0443\u0436\u0438\u043d \u0432 \u0433\u043e\u0440\u0430\u0445 \u2014 \u0437\u0430\u043f\u043e\u043c\u0438\u043d\u0430\u044e\u0449\u0435\u0435\u0441\u044f \u0437\u0430\u0432\u0435\u0440\u0448\u0435\u043d\u0438\u0435 \u0434\u043d\u044f.<\/p>\n<p><strong>16:00 \u2014 \u0412\u044b\u0435\u0437\u0434 \u0438\u0437 \u043e\u0442\u0435\u043b\u044f.<\/strong><\/p>\n<ul>\n<li>\u041f\u0435\u0440\u0435\u0435\u0437\u0434 \u043d\u0430 \u0434\u0438\u043a\u0438\u0439 \u043f\u043b\u044f\u0436 \u0427\u0438\u0440\u0430\u043b\u044b \u2013 \u0437\u043e\u043b\u043e\u0442\u0438\u0441\u0442\u044b\u0439 \u043f\u0435\u0441\u043e\u043a, \u0441\u043e\u0441\u043d\u043e\u0432\u044b\u0439 \u043b\u0435\u0441 \u0438 \u0447\u0438\u0441\u0442\u0435\u0439\u0448\u0435\u0435 \u043c\u043e\u0440\u0435<\/li>\n<li>\u041f\u043e \u0436\u0435\u043b\u0430\u043d\u0438\u044e \u2014 \u043f\u043e\u0441\u0435\u0449\u0435\u043d\u0438\u0435 \u0430\u043d\u0442\u0438\u0447\u043d\u043e\u0433\u043e \u0433\u043e\u0440\u043e\u0434\u0430 \u041e\u043b\u0438\u043c\u043f\u043e\u0441<\/li>\n<li>\u0414\u0436\u0438\u043f-\u0442\u0440\u0430\u043d\u0441\u0444\u0435\u0440 \u043a \u0433\u043e\u0440\u0435 \u0425\u0438\u043c\u0435\u0440\u0430<\/li>\n<li>\u041f\u043e\u0434\u044a\u0451\u043c \u043f\u043e \u043a\u0430\u043c\u0435\u043d\u043d\u044b\u043c \u0441\u0442\u0443\u043f\u0435\u043d\u044f\u043c \u043d\u0430 \u0432\u0435\u0440\u0448\u0438\u043d\u0443 (800 \u043c)<\/li>\n<li>\u041d\u0430\u0431\u043b\u044e\u0434\u0435\u043d\u0438\u0435 \u0437\u0430 \u0433\u043e\u0440\u044f\u0449\u0438\u043c\u0438 \u043f\u0440\u0438\u0440\u043e\u0434\u043d\u044b\u043c\u0438 \u0444\u0430\u043a\u0435\u043b\u0430\u043c\u0438 \u043d\u0430 \u0432\u0435\u0440\u0448\u0438\u043d\u0435 \u042f\u043d\u0430\u0440\u0442\u0430\u0448<\/li>\n<li>\u0423\u0436\u0438\u043d \u0432 \u0440\u0435\u0441\u0442\u043e\u0440\u0430\u043d\u0447\u0438\u043a\u0435 \u0440\u044b\u0431\u043d\u043e\u0433\u043e \u0445\u043e\u0437\u044f\u0439\u0441\u0442\u0432\u0430 \u0423\u043b\u0443\u043f\u0438\u043d\u0430\u0440<\/li>\n<\/ul>\n<p><strong>23:00 \u0412\u043e\u0437\u0432\u0440\u0430\u0449\u0435\u043d\u0438\u0435 \u0432 \u043e\u0442\u0435\u043b\u044c.<\/strong><\/p>\n<p><strong>Tartalmazza:<\/strong><\/p>\n<ul>\n<li>Transzfer a sz\u00e1llod\u00e1b\u00f3l \u00e9s a sz\u00e1llod\u00e1ba<\/li>\n<li>K\u00eds\u00e9r\u0151<\/li>\n<li>\u0412\u0445\u043e\u0434\u043d\u043e\u0439 \u0431\u0438\u043b\u0435\u0442 \u043d\u0430 \u0433\u043e\u0440\u0443 \u0425\u0438\u043c\u0435\u0440\u0430<\/li>\n<li>Biztos\u00edt\u00e1s<\/li>\n<li>Vacsora<\/li>\n<\/ul>\n<p><strong>Nem tartalmazza:<\/strong><\/p>\n<ul>\n<li>Italok<\/li>\n<li>\u0412\u0445\u043e\u0434 \u0432 \u0430\u043d\u0442\u0438\u0447\u043d\u044b\u0439 \u0433\u043e\u0440\u043e\u0434 \u041e\u043b\u0438\u043c\u043f\u043e\u0441 (\u043f\u043e \u0436\u0435\u043b\u0430\u043d\u0438\u044e)<\/li>\n<\/ul>\n<p><strong>L\u00e9nyeges:<\/strong><\/p>\n<ul>\n<li>V\u00edz<\/li>\n<li>K\u00e9nyelmes cip\u0151<\/li>\n<li>F\u00fcrd\u0151ruha<\/li>\n<li>F\u00e9nyv\u00e9d\u0151 kr\u00e9m<\/li>\n<li>Kalapok<\/li>\n<li>K\u00f6nny\u0171 pul\u00f3verek est\u00e9re<\/li>\n<li>Napszem\u00fcveg<\/li>\n<\/ul>","protected":false},"excerpt":{"rendered":"<p><strong>Kir\u00e1ndul\u00e1s Id\u0151pontja:<\/strong> 16:00 - 23:00<\/p>\n<p><strong>A Kir\u00e1ndul\u00e1s Napjai:<\/strong> Minden nap<\/p>","protected":false},"featured_media":42611,"template":"","meta":{"_kad_post_transparent":"default","_kad_post_title":"","_kad_post_layout":"default","_kad_post_sidebar_id":"","_kad_post_content_style":"default","_kad_post_vertical_padding":"default","_kad_post_feature":"","_kad_post_feature_position":"","_kad_post_header":false,"_kad_post_footer":false,"_kad_post_classname":"","_glsr_average":0,"_glsr_ranking":0,"_glsr_reviews":0},"product_brand":[],"product_cat":[448],"product_tag":[],"class_list":{"0":"post-42605","1":"product","2":"type-product","3":"status-publish","4":"has-post-thumbnail","6":"product_cat-kemer","7":"tm-has-options","9":"first","10":"instock","11":"sale","12":"sold-individually","13":"taxable","14":"shipping-taxable","15":"purchasable","16":"product-type-simple","17":"entry","18":"content-bg","19":"loop-entry"},"yoast_head":"<!-- This site is optimized with the Yoast SEO plugin v27.3 - https:\/\/yoast.com\/product\/yoast-seo-wordpress\/ -->\n<title>\u0414\u0436\u0438\u043f \u0442\u0443\u0440: \u041e\u043b\u0438\u043c\u043f\u043e\u0441 \u0438 \u041e\u0433\u043d\u0438 \u0425\u0438\u043c\u0435\u0440\u044b \u0438\u0437 \u041a\u0435\u043c\u0435\u0440\u0430 &#8226; \u042d\u043a\u0441\u043a\u0443\u0440\u0441\u0438\u0438 Skyline<\/title>\n<meta name=\"description\" content=\"\u042d\u043a\u0441\u043a\u0443\u0440\u0441\u0438\u044f \u043a \u0434\u0438\u043a\u0438\u043c \u043f\u043b\u044f\u0436\u0430\u043c, \u0434\u0440\u0435\u0432\u043d\u0438\u043c \u0440\u0443\u0438\u043d\u0430\u043c \u0438 \u043f\u0440\u0438\u0440\u043e\u0434\u043d\u043e\u043c\u0443 \u0447\u0443\u0434\u0443 \u2013 \u043e\u0433\u043d\u044f\u043c \u0425\u0438\u043c\u0435\u0440\u044b, \u043a\u043e\u0442\u043e\u0440\u044b\u0435 \u0433\u043e\u0440\u044f\u0442 \u043f\u0440\u044f\u043c\u043e \u0438\u0437-\u043f\u043e\u0434 \u0437\u0435\u043c\u043b\u0438. \u0412\u0435\u0447\u0435\u0440\u043d\u044f\u044f \u0430\u0442\u043c\u043e\u0441\u0444\u0435\u0440\u0430 \u0438 \u0443\u0436\u0438\u043d \u0432 \u0433\u043e\u0440\u0430\u0445.\" \/>\n<meta name=\"robots\" content=\"index, follow, max-snippet:-1, max-image-preview:large, max-video-preview:-1\" \/>\n<link rel=\"canonical\" href=\"https:\/\/skyline-gs.com\/hu\/termek\/olympos-chimera-ulupinar-kemer\/\" \/>\n<meta property=\"og:locale\" content=\"hu_HU\" \/>\n<meta property=\"og:type\" content=\"article\" \/>\n<meta property=\"og:title\" content=\"\u0414\u0436\u0438\u043f \u0442\u0443\u0440: \u041e\u043b\u0438\u043c\u043f\u043e\u0441 \u0438 \u041e\u0433\u043d\u0438 \u0425\u0438\u043c\u0435\u0440\u044b \u0438\u0437 \u041a\u0435\u043c\u0435\u0440\u0430 &#8226; \u042d\u043a\u0441\u043a\u0443\u0440\u0441\u0438\u0438 Skyline\" \/>\n<meta property=\"og:description\" content=\"\u042d\u043a\u0441\u043a\u0443\u0440\u0441\u0438\u044f \u043a \u0434\u0438\u043a\u0438\u043c \u043f\u043b\u044f\u0436\u0430\u043c, \u0434\u0440\u0435\u0432\u043d\u0438\u043c \u0440\u0443\u0438\u043d\u0430\u043c \u0438 \u043f\u0440\u0438\u0440\u043e\u0434\u043d\u043e\u043c\u0443 \u0447\u0443\u0434\u0443 \u2013 \u043e\u0433\u043d\u044f\u043c \u0425\u0438\u043c\u0435\u0440\u044b, \u043a\u043e\u0442\u043e\u0440\u044b\u0435 \u0433\u043e\u0440\u044f\u0442 \u043f\u0440\u044f\u043c\u043e \u0438\u0437-\u043f\u043e\u0434 \u0437\u0435\u043c\u043b\u0438. \u0412\u0435\u0447\u0435\u0440\u043d\u044f\u044f \u0430\u0442\u043c\u043e\u0441\u0444\u0435\u0440\u0430 \u0438 \u0443\u0436\u0438\u043d \u0432 \u0433\u043e\u0440\u0430\u0445.\" \/>\n<meta property=\"og:url\" content=\"https:\/\/skyline-gs.com\/hu\/termek\/olympos-chimera-ulupinar-kemer\/\" \/>\n<meta property=\"og:site_name\" content=\"\u042d\u043a\u0441\u043a\u0443\u0440\u0441\u0438\u0438 Skyline\" \/>\n<meta property=\"article:modified_time\" content=\"2025-06-16T21:19:13+00:00\" \/>\n<meta property=\"og:image\" content=\"https:\/\/skyline-gs.com\/wp-content\/uploads\/2023\/07\/6-10.png\" \/>\n\t<meta property=\"og:image:width\" content=\"669\" \/>\n\t<meta property=\"og:image:height\" content=\"446\" \/>\n\t<meta property=\"og:image:type\" content=\"image\/png\" \/>\n<meta name=\"twitter:card\" content=\"summary_large_image\" \/>\n<meta name=\"twitter:label1\" content=\"Becs\u00fclt olvas\u00e1si id\u0151\" \/>\n\t<meta name=\"twitter:data1\" content=\"1 perc\" \/>\n<script type=\"application\/ld+json\" class=\"yoast-schema-graph\">{\"@context\":\"https:\\\/\\\/schema.org\",\"@graph\":[{\"@type\":\"WebPage\",\"@id\":\"https:\\\/\\\/skyline-gs.com\\\/cs\\\/produkt\\\/olympos-chimera-ulupinar-kemer\\\/\",\"url\":\"https:\\\/\\\/skyline-gs.com\\\/cs\\\/produkt\\\/olympos-chimera-ulupinar-kemer\\\/\",\"name\":\"\u0414\u0436\u0438\u043f \u0442\u0443\u0440: \u041e\u043b\u0438\u043c\u043f\u043e\u0441 \u0438 \u041e\u0433\u043d\u0438 \u0425\u0438\u043c\u0435\u0440\u044b \u0438\u0437 \u041a\u0435\u043c\u0435\u0440\u0430 &#8226; \u042d\u043a\u0441\u043a\u0443\u0440\u0441\u0438\u0438 Skyline\",\"isPartOf\":{\"@id\":\"https:\\\/\\\/skyline-gs.com\\\/it\\\/#website\"},\"primaryImageOfPage\":{\"@id\":\"https:\\\/\\\/skyline-gs.com\\\/cs\\\/produkt\\\/olympos-chimera-ulupinar-kemer\\\/#primaryimage\"},\"image\":{\"@id\":\"https:\\\/\\\/skyline-gs.com\\\/cs\\\/produkt\\\/olympos-chimera-ulupinar-kemer\\\/#primaryimage\"},\"thumbnailUrl\":\"https:\\\/\\\/skyline-gs.com\\\/wp-content\\\/uploads\\\/2023\\\/07\\\/6-10.png\",\"datePublished\":\"2023-07-16T17:33:04+00:00\",\"dateModified\":\"2025-06-16T21:19:13+00:00\",\"description\":\"\u042d\u043a\u0441\u043a\u0443\u0440\u0441\u0438\u044f \u043a \u0434\u0438\u043a\u0438\u043c \u043f\u043b\u044f\u0436\u0430\u043c, \u0434\u0440\u0435\u0432\u043d\u0438\u043c \u0440\u0443\u0438\u043d\u0430\u043c \u0438 \u043f\u0440\u0438\u0440\u043e\u0434\u043d\u043e\u043c\u0443 \u0447\u0443\u0434\u0443 \u2013 \u043e\u0433\u043d\u044f\u043c \u0425\u0438\u043c\u0435\u0440\u044b, \u043a\u043e\u0442\u043e\u0440\u044b\u0435 \u0433\u043e\u0440\u044f\u0442 \u043f\u0440\u044f\u043c\u043e \u0438\u0437-\u043f\u043e\u0434 \u0437\u0435\u043c\u043b\u0438. \u0412\u0435\u0447\u0435\u0440\u043d\u044f\u044f \u0430\u0442\u043c\u043e\u0441\u0444\u0435\u0440\u0430 \u0438 \u0443\u0436\u0438\u043d \u0432 \u0433\u043e\u0440\u0430\u0445.\",\"breadcrumb\":{\"@id\":\"https:\\\/\\\/skyline-gs.com\\\/cs\\\/produkt\\\/olympos-chimera-ulupinar-kemer\\\/#breadcrumb\"},\"inLanguage\":\"hu\",\"potentialAction\":[{\"@type\":\"ReadAction\",\"target\":[\"https:\\\/\\\/skyline-gs.com\\\/cs\\\/produkt\\\/olympos-chimera-ulupinar-kemer\\\/\"]}]},{\"@type\":\"ImageObject\",\"inLanguage\":\"hu\",\"@id\":\"https:\\\/\\\/skyline-gs.com\\\/cs\\\/produkt\\\/olympos-chimera-ulupinar-kemer\\\/#primaryimage\",\"url\":\"https:\\\/\\\/skyline-gs.com\\\/wp-content\\\/uploads\\\/2023\\\/07\\\/6-10.png\",\"contentUrl\":\"https:\\\/\\\/skyline-gs.com\\\/wp-content\\\/uploads\\\/2023\\\/07\\\/6-10.png\",\"width\":669,\"height\":446},{\"@type\":\"BreadcrumbList\",\"@id\":\"https:\\\/\\\/skyline-gs.com\\\/cs\\\/produkt\\\/olympos-chimera-ulupinar-kemer\\\/#breadcrumb\",\"itemListElement\":[{\"@type\":\"ListItem\",\"position\":1,\"name\":\"\u0413\u043b\u0430\u0432\u043d\u0430\u044f \u0441\u0442\u0440\u0430\u043d\u0438\u0446\u0430\",\"item\":\"https:\\\/\\\/skyline-gs.com\\\/hu\\\/\"},{\"@type\":\"ListItem\",\"position\":2,\"name\":\"\u041c\u0430\u0433\u0430\u0437\u0438\u043d\",\"item\":\"https:\\\/\\\/skyline-gs.com\\\/cs\\\/shop\\\/\"},{\"@type\":\"ListItem\",\"position\":3,\"name\":\"\u0414\u0436\u0438\u043f \u0442\u0443\u0440: \u041e\u043b\u0438\u043c\u043f\u043e\u0441 \u0438 \u041e\u0433\u043d\u0438 \u0425\u0438\u043c\u0435\u0440\u044b\"}]},{\"@type\":\"WebSite\",\"@id\":\"https:\\\/\\\/skyline-gs.com\\\/it\\\/#website\",\"url\":\"https:\\\/\\\/skyline-gs.com\\\/it\\\/\",\"name\":\"\u042d\u043a\u0441\u043a\u0443\u0440\u0441\u0438\u0438 Skyline\",\"description\":\"\u042d\u043a\u0441\u043a\u043b\u044e\u0437\u0438\u0432\u043d\u044b\u0435 \u044d\u043a\u0441\u043a\u0443\u0440\u0441\u0438\u0438 \u043d\u0430 \u043b\u0443\u0447\u0448\u0438\u0445 \u043a\u0443\u0440\u043e\u0440\u0442\u0430\u0445 \u043c\u0438\u0440\u0430\",\"publisher\":{\"@id\":\"https:\\\/\\\/skyline-gs.com\\\/it\\\/#organization\"},\"alternateName\":\"Skyline\",\"potentialAction\":[{\"@type\":\"SearchAction\",\"target\":{\"@type\":\"EntryPoint\",\"urlTemplate\":\"https:\\\/\\\/skyline-gs.com\\\/it\\\/?s={search_term_string}\"},\"query-input\":{\"@type\":\"PropertyValueSpecification\",\"valueRequired\":true,\"valueName\":\"search_term_string\"}}],\"inLanguage\":\"hu\"},{\"@type\":\"Organization\",\"@id\":\"https:\\\/\\\/skyline-gs.com\\\/it\\\/#organization\",\"name\":\"\u042d\u043a\u0441\u043a\u0443\u0440\u0441\u0438\u0438 Skyline\",\"alternateName\":\"\u042d\u043a\u0441\u043a\u0443\u0440\u0441\u0438\u0438 Skyline\",\"url\":\"https:\\\/\\\/skyline-gs.com\\\/it\\\/\",\"logo\":{\"@type\":\"ImageObject\",\"inLanguage\":\"hu\",\"@id\":\"https:\\\/\\\/skyline-gs.com\\\/it\\\/#\\\/schema\\\/logo\\\/image\\\/\",\"url\":\"https:\\\/\\\/skyline-gs.com\\\/wp-content\\\/uploads\\\/2020\\\/12\\\/cropped-logo-2.png\",\"contentUrl\":\"https:\\\/\\\/skyline-gs.com\\\/wp-content\\\/uploads\\\/2020\\\/12\\\/cropped-logo-2.png\",\"width\":512,\"height\":512,\"caption\":\"\u042d\u043a\u0441\u043a\u0443\u0440\u0441\u0438\u0438 Skyline\"},\"image\":{\"@id\":\"https:\\\/\\\/skyline-gs.com\\\/it\\\/#\\\/schema\\\/logo\\\/image\\\/\"},\"sameAs\":[\"https:\\\/\\\/www.instagram.com\\\/skylineglobalservice\\\/\"]}]}<\/script>\n<!-- \/ Yoast SEO plugin. -->","yoast_head_json":{"title":"\u0414\u0436\u0438\u043f \u0442\u0443\u0440: \u041e\u043b\u0438\u043c\u043f\u043e\u0441 \u0438 \u041e\u0433\u043d\u0438 \u0425\u0438\u043c\u0435\u0440\u044b \u0438\u0437 \u041a\u0435\u043c\u0435\u0440\u0430 &#8226; \u042d\u043a\u0441\u043a\u0443\u0440\u0441\u0438\u0438 Skyline","description":"\u042d\u043a\u0441\u043a\u0443\u0440\u0441\u0438\u044f \u043a \u0434\u0438\u043a\u0438\u043c \u043f\u043b\u044f\u0436\u0430\u043c, \u0434\u0440\u0435\u0432\u043d\u0438\u043c \u0440\u0443\u0438\u043d\u0430\u043c \u0438 \u043f\u0440\u0438\u0440\u043e\u0434\u043d\u043e\u043c\u0443 \u0447\u0443\u0434\u0443 \u2013 \u043e\u0433\u043d\u044f\u043c \u0425\u0438\u043c\u0435\u0440\u044b, \u043a\u043e\u0442\u043e\u0440\u044b\u0435 \u0433\u043e\u0440\u044f\u0442 \u043f\u0440\u044f\u043c\u043e \u0438\u0437-\u043f\u043e\u0434 \u0437\u0435\u043c\u043b\u0438. \u0412\u0435\u0447\u0435\u0440\u043d\u044f\u044f \u0430\u0442\u043c\u043e\u0441\u0444\u0435\u0440\u0430 \u0438 \u0443\u0436\u0438\u043d \u0432 \u0433\u043e\u0440\u0430\u0445.","robots":{"index":"index","follow":"follow","max-snippet":"max-snippet:-1","max-image-preview":"max-image-preview:large","max-video-preview":"max-video-preview:-1"},"canonical":"https:\/\/skyline-gs.com\/hu\/termek\/olympos-chimera-ulupinar-kemer\/","og_locale":"hu_HU","og_type":"article","og_title":"\u0414\u0436\u0438\u043f \u0442\u0443\u0440: \u041e\u043b\u0438\u043c\u043f\u043e\u0441 \u0438 \u041e\u0433\u043d\u0438 \u0425\u0438\u043c\u0435\u0440\u044b \u0438\u0437 \u041a\u0435\u043c\u0435\u0440\u0430 &#8226; \u042d\u043a\u0441\u043a\u0443\u0440\u0441\u0438\u0438 Skyline","og_description":"\u042d\u043a\u0441\u043a\u0443\u0440\u0441\u0438\u044f \u043a \u0434\u0438\u043a\u0438\u043c \u043f\u043b\u044f\u0436\u0430\u043c, \u0434\u0440\u0435\u0432\u043d\u0438\u043c \u0440\u0443\u0438\u043d\u0430\u043c \u0438 \u043f\u0440\u0438\u0440\u043e\u0434\u043d\u043e\u043c\u0443 \u0447\u0443\u0434\u0443 \u2013 \u043e\u0433\u043d\u044f\u043c \u0425\u0438\u043c\u0435\u0440\u044b, \u043a\u043e\u0442\u043e\u0440\u044b\u0435 \u0433\u043e\u0440\u044f\u0442 \u043f\u0440\u044f\u043c\u043e \u0438\u0437-\u043f\u043e\u0434 \u0437\u0435\u043c\u043b\u0438. \u0412\u0435\u0447\u0435\u0440\u043d\u044f\u044f \u0430\u0442\u043c\u043e\u0441\u0444\u0435\u0440\u0430 \u0438 \u0443\u0436\u0438\u043d \u0432 \u0433\u043e\u0440\u0430\u0445.","og_url":"https:\/\/skyline-gs.com\/hu\/termek\/olympos-chimera-ulupinar-kemer\/","og_site_name":"\u042d\u043a\u0441\u043a\u0443\u0440\u0441\u0438\u0438 Skyline","article_modified_time":"2025-06-16T21:19:13+00:00","og_image":[{"width":669,"height":446,"url":"https:\/\/skyline-gs.com\/wp-content\/uploads\/2023\/07\/6-10.png","type":"image\/png"}],"twitter_card":"summary_large_image","twitter_misc":{"Becs\u00fclt olvas\u00e1si id\u0151":"1 perc"},"schema":{"@context":"https:\/\/schema.org","@graph":[{"@type":"WebPage","@id":"https:\/\/skyline-gs.com\/cs\/produkt\/olympos-chimera-ulupinar-kemer\/","url":"https:\/\/skyline-gs.com\/cs\/produkt\/olympos-chimera-ulupinar-kemer\/","name":"\u0414\u0436\u0438\u043f \u0442\u0443\u0440: \u041e\u043b\u0438\u043c\u043f\u043e\u0441 \u0438 \u041e\u0433\u043d\u0438 \u0425\u0438\u043c\u0435\u0440\u044b \u0438\u0437 \u041a\u0435\u043c\u0435\u0440\u0430 &#8226; \u042d\u043a\u0441\u043a\u0443\u0440\u0441\u0438\u0438 Skyline","isPartOf":{"@id":"https:\/\/skyline-gs.com\/it\/#website"},"primaryImageOfPage":{"@id":"https:\/\/skyline-gs.com\/cs\/produkt\/olympos-chimera-ulupinar-kemer\/#primaryimage"},"image":{"@id":"https:\/\/skyline-gs.com\/cs\/produkt\/olympos-chimera-ulupinar-kemer\/#primaryimage"},"thumbnailUrl":"https:\/\/skyline-gs.com\/wp-content\/uploads\/2023\/07\/6-10.png","datePublished":"2023-07-16T17:33:04+00:00","dateModified":"2025-06-16T21:19:13+00:00","description":"\u042d\u043a\u0441\u043a\u0443\u0440\u0441\u0438\u044f \u043a \u0434\u0438\u043a\u0438\u043c \u043f\u043b\u044f\u0436\u0430\u043c, \u0434\u0440\u0435\u0432\u043d\u0438\u043c \u0440\u0443\u0438\u043d\u0430\u043c \u0438 \u043f\u0440\u0438\u0440\u043e\u0434\u043d\u043e\u043c\u0443 \u0447\u0443\u0434\u0443 \u2013 \u043e\u0433\u043d\u044f\u043c \u0425\u0438\u043c\u0435\u0440\u044b, \u043a\u043e\u0442\u043e\u0440\u044b\u0435 \u0433\u043e\u0440\u044f\u0442 \u043f\u0440\u044f\u043c\u043e \u0438\u0437-\u043f\u043e\u0434 \u0437\u0435\u043c\u043b\u0438. \u0412\u0435\u0447\u0435\u0440\u043d\u044f\u044f \u0430\u0442\u043c\u043e\u0441\u0444\u0435\u0440\u0430 \u0438 \u0443\u0436\u0438\u043d \u0432 \u0433\u043e\u0440\u0430\u0445.","breadcrumb":{"@id":"https:\/\/skyline-gs.com\/cs\/produkt\/olympos-chimera-ulupinar-kemer\/#breadcrumb"},"inLanguage":"hu","potentialAction":[{"@type":"ReadAction","target":["https:\/\/skyline-gs.com\/cs\/produkt\/olympos-chimera-ulupinar-kemer\/"]}]},{"@type":"ImageObject","inLanguage":"hu","@id":"https:\/\/skyline-gs.com\/cs\/produkt\/olympos-chimera-ulupinar-kemer\/#primaryimage","url":"https:\/\/skyline-gs.com\/wp-content\/uploads\/2023\/07\/6-10.png","contentUrl":"https:\/\/skyline-gs.com\/wp-content\/uploads\/2023\/07\/6-10.png","width":669,"height":446},{"@type":"BreadcrumbList","@id":"https:\/\/skyline-gs.com\/cs\/produkt\/olympos-chimera-ulupinar-kemer\/#breadcrumb","itemListElement":[{"@type":"ListItem","position":1,"name":"\u0413\u043b\u0430\u0432\u043d\u0430\u044f \u0441\u0442\u0440\u0430\u043d\u0438\u0446\u0430","item":"https:\/\/skyline-gs.com\/hu\/"},{"@type":"ListItem","position":2,"name":"\u041c\u0430\u0433\u0430\u0437\u0438\u043d","item":"https:\/\/skyline-gs.com\/cs\/shop\/"},{"@type":"ListItem","position":3,"name":"\u0414\u0436\u0438\u043f \u0442\u0443\u0440: \u041e\u043b\u0438\u043c\u043f\u043e\u0441 \u0438 \u041e\u0433\u043d\u0438 \u0425\u0438\u043c\u0435\u0440\u044b"}]},{"@type":"WebSite","@id":"https:\/\/skyline-gs.com\/it\/#website","url":"https:\/\/skyline-gs.com\/it\/","name":"Skyline T\u00far\u00e1k","description":"Exkluz\u00edv kir\u00e1ndul\u00e1sok a vil\u00e1g legjobb \u00fcd\u00fcl\u0151helyein","publisher":{"@id":"https:\/\/skyline-gs.com\/it\/#organization"},"alternateName":"Skyline","potentialAction":[{"@type":"SearchAction","target":{"@type":"EntryPoint","urlTemplate":"https:\/\/skyline-gs.com\/it\/?s={search_term_string}"},"query-input":{"@type":"PropertyValueSpecification","valueRequired":true,"valueName":"search_term_string"}}],"inLanguage":"hu"},{"@type":"Organization","@id":"https:\/\/skyline-gs.com\/it\/#organization","name":"Skyline T\u00far\u00e1k","alternateName":"\u042d\u043a\u0441\u043a\u0443\u0440\u0441\u0438\u0438 Skyline","url":"https:\/\/skyline-gs.com\/it\/","logo":{"@type":"ImageObject","inLanguage":"hu","@id":"https:\/\/skyline-gs.com\/it\/#\/schema\/logo\/image\/","url":"https:\/\/skyline-gs.com\/wp-content\/uploads\/2020\/12\/cropped-logo-2.png","contentUrl":"https:\/\/skyline-gs.com\/wp-content\/uploads\/2020\/12\/cropped-logo-2.png","width":512,"height":512,"caption":"\u042d\u043a\u0441\u043a\u0443\u0440\u0441\u0438\u0438 Skyline"},"image":{"@id":"https:\/\/skyline-gs.com\/it\/#\/schema\/logo\/image\/"},"sameAs":["https:\/\/www.instagram.com\/skylineglobalservice\/"]}]}},"_links":{"self":[{"href":"https:\/\/skyline-gs.com\/hu\/wp-json\/wp\/v2\/product\/42605","targetHints":{"allow":["GET"]}}],"collection":[{"href":"https:\/\/skyline-gs.com\/hu\/wp-json\/wp\/v2\/product"}],"about":[{"href":"https:\/\/skyline-gs.com\/hu\/wp-json\/wp\/v2\/types\/product"}],"version-history":[{"count":0,"href":"https:\/\/skyline-gs.com\/hu\/wp-json\/wp\/v2\/product\/42605\/revisions"}],"wp:featuredmedia":[{"embeddable":true,"href":"https:\/\/skyline-gs.com\/hu\/wp-json\/wp\/v2\/media\/42611"}],"wp:attachment":[{"href":"https:\/\/skyline-gs.com\/hu\/wp-json\/wp\/v2\/media?parent=42605"}],"wp:term":[{"taxonomy":"product_brand","embeddable":true,"href":"https:\/\/skyline-gs.com\/hu\/wp-json\/wp\/v2\/product_brand?post=42605"},{"taxonomy":"product_cat","embeddable":true,"href":"https:\/\/skyline-gs.com\/hu\/wp-json\/wp\/v2\/product_cat?post=42605"},{"taxonomy":"product_tag","embeddable":true,"href":"https:\/\/skyline-gs.com\/hu\/wp-json\/wp\/v2\/product_tag?post=42605"}],"curies":[{"name":"wp","href":"https:\/\/api.w.org\/{rel}","templated":true}]}}