{"id":42586,"date":"2023-07-13T14:19:31","date_gmt":"2023-07-13T12:19:31","guid":{"rendered":"http:\/\/skyline-gs.com\/?post_type=product&#038;p=42586"},"modified":"2025-07-08T18:46:49","modified_gmt":"2025-07-08T16:46:49","slug":"limira-demre-kekova-kemer","status":"publish","type":"product","link":"https:\/\/skyline-gs.com\/hu\/product\/limira-demre-kekova-kemer\/","title":{"rendered":"Demre-Mira-Kekova"},"content":{"rendered":"<p>Fedezze fel az \u00f3kori L\u00edcia t\u00f6rt\u00e9nelm\u00e9t, kult\u00far\u00e1j\u00e1t \u00e9s term\u00e9szet\u00e9t. Leny\u0171g\u00f6z\u0151 utaz\u00e1s Szent Mikl\u00f3s csodatev\u0151 b\u00e9kev\u00e1ros\u00e1ba, \u00f3kori s\u00edrok, \u00f3kori r\u00f3mai sz\u00ednh\u00e1z \u00e9s haj\u00f3kir\u00e1ndul\u00e1s Kekova els\u00fcllyedt v\u00e1rosa felett - mindez egy nap alatt.<\/p>\n<p data-start=\"586\" data-end=\"649\"><strong>8:00 - Kijelentkez\u00e9s a sz\u00e1llod\u00e1b\u00f3l.<\/strong> Transzfer Demr\u00e9be (kb. 2 \u00f3ra menetid\u0151).<\/p>\n<ul>\n<li data-start=\"651\" data-end=\"719\">L\u00e1togat\u00e1s az \"Icon Shop\"-ban. 15 perc n\u00e9zel\u0151d\u00e9sre \u00e9s aj\u00e1nd\u00e9kt\u00e1rgyak v\u00e1s\u00e1rl\u00e1s\u00e1ra.<\/li>\n<li data-start=\"651\" data-end=\"719\"><strong>Szent Mikl\u00f3s templom.<\/strong> T\u00f6r\u00f6korsz\u00e1g egyik legfontosabb kereszt\u00e9ny temploma. Fedezze fel a bels\u0151 tereket \u00e9s a szarkof\u00e1got, <strong>ahol a legenda szerint Szent Mikl\u00f3st temett\u00e9k el.<\/strong><\/li>\n<li data-start=\"651\" data-end=\"719\"><strong>Mira \u0151si v\u00e1rosa<\/strong>. S\u00e9ta az \u00f3kori l\u00edciai v\u00e1ros ter\u00fclet\u00e9n.<\/li>\n<li data-start=\"651\" data-end=\"719\"><strong>Sziklas\u00edrok<\/strong>egyenesen a szikl\u00e1ba v\u00e9sve.<\/li>\n<li data-start=\"651\" data-end=\"719\"><strong>Amfite\u00e1trum<\/strong> 10 000 n\u00e9z\u0151 sz\u00e1m\u00e1ra.<\/li>\n<li data-start=\"651\" data-end=\"719\">Eb\u00e9d az \u00e9tteremben. B\u00fcf\u00e9 t\u00f6r\u00f6k specialit\u00e1sokkal.<\/li>\n<li data-start=\"651\" data-end=\"719\"><strong>Cs\u00f3nak\u00e1z\u00e1s.<\/strong> Kekova sziget\u00e9re tartunk.<\/li>\n<li data-start=\"651\" data-end=\"719\"><strong>\u00dasz\u00e1s a ny\u00edlt tengeren<\/strong><\/li>\n<li data-start=\"651\" data-end=\"719\"><strong>Egy els\u00fcllyedt \u0151si v\u00e1ros megfigyel\u00e9se<\/strong> v\u00edz alatti<\/li>\n<li data-start=\"651\" data-end=\"719\">Onyx Shop.<\/li>\n<li data-start=\"651\" data-end=\"719\">R\u00f6vid meg\u00e1ll\u00f3 egy k\u0151m\u0171helyben \u00e9s aj\u00e1nd\u00e9kt\u00e1rgyak\u00e9rt.<\/li>\n<\/ul>\n<p data-start=\"1392\" data-end=\"1420\"><strong>18:00 - Visszat\u00e9r\u00e9s a sz\u00e1llod\u00e1ba.<\/strong><\/p>\n<p><strong>Tartalmazza:<\/strong><\/p>\n<ul>\n<li>Transzfer a sz\u00e1llod\u00e1b\u00f3l \u00e9s a sz\u00e1llod\u00e1ba<\/li>\n<li>Eb\u00e9d (b\u00fcf\u00e9)<\/li>\n<li>Haj\u00f3s kir\u00e1ndul\u00e1s<\/li>\n<li>Magyarul besz\u00e9l\u0151 idegenvezet\u0151<\/li>\n<li>Biztos\u00edt\u00e1s<\/li>\n<\/ul>\n<p><strong>Nem tartalmazza:<\/strong><\/p>\n<ul>\n<li>Jegy a Szent Mikl\u00f3s templomba<\/li>\n<li>Egy jegy Mira \u0151si v\u00e1ros\u00e1ba<\/li>\n<li>Italok<\/li>\n<li>Szem\u00e9lyi kiad\u00e1sok<\/li>\n<\/ul>\n<p><strong>L\u00e9nyeges:<\/strong><\/p>\n<ul>\n<li>F\u00fcrd\u0151ruha \u00e9s t\u00f6r\u00f6lk\u00f6z\u0151<\/li>\n<li>Fejfed\u0151, napszem\u00fcveg \u00e9s kr\u00e9m<\/li>\n<li>K\u00e9nyelmes cip\u0151<\/li>\n<li>V\u00edz<\/li>\n<li>K\u00e9szp\u00e9nz szem\u00e9lyes kiad\u00e1sokra<\/li>\n<li>Cip\u0151csere<\/li>\n<\/ul>","protected":false},"excerpt":{"rendered":"<p><strong>Kir\u00e1ndul\u00e1s Id\u0151pontja:<\/strong> 8:00 - 18:00<\/p>\n<p><strong>A Kir\u00e1ndul\u00e1s Napjai:<\/strong>\u00a0kedd, cs\u00fct\u00f6rt\u00f6k, vas\u00e1rnap<\/p>","protected":false},"featured_media":42690,"template":"","meta":{"_kad_post_transparent":"default","_kad_post_title":"","_kad_post_layout":"default","_kad_post_sidebar_id":"","_kad_post_content_style":"default","_kad_post_vertical_padding":"default","_kad_post_feature":"","_kad_post_feature_position":"","_kad_post_header":false,"_kad_post_footer":false,"_kad_post_classname":"","_glsr_average":0,"_glsr_ranking":0,"_glsr_reviews":0},"product_brand":[],"product_cat":[448],"product_tag":[],"class_list":{"0":"post-42586","1":"product","2":"type-product","3":"status-publish","4":"has-post-thumbnail","6":"product_cat-kemer","7":"tm-has-options","9":"first","10":"instock","11":"sold-individually","12":"taxable","13":"shipping-taxable","14":"purchasable","15":"product-type-simple","16":"entry","17":"content-bg","18":"loop-entry"},"yoast_head":"<!-- This site is optimized with the Yoast SEO plugin v27.3 - https:\/\/yoast.com\/product\/yoast-seo-wordpress\/ -->\n<title>\u0414\u0435\u043c\u0440\u0435-\u041c\u0438\u0440\u0430-\u041a\u0435\u043a\u043e\u0432\u0430 \u0438\u0437 \u041a\u0435\u043c\u0435\u0440\u0430 &#8226; \u042d\u043a\u0441\u043a\u0443\u0440\u0441\u0438\u0438 Skyline<\/title>\n<meta name=\"description\" content=\"\u041e\u0442\u043a\u0440\u043e\u0439\u0442\u0435 \u0434\u043b\u044f \u0441\u0435\u0431\u044f \u0438\u0441\u0442\u043e\u0440\u0438\u044e, \u043a\u0443\u043b\u044c\u0442\u0443\u0440\u0443 \u0438 \u043f\u0440\u0438\u0440\u043e\u0434\u0443 \u0434\u0440\u0435\u0432\u043d\u0435\u0439 \u041b\u0438\u043a\u0438\u0438. \u0426\u0435\u0440\u043a\u043e\u0432\u044c \u0421\u0432\u044f\u0442\u043e\u0433\u043e \u041d\u0438\u043a\u043e\u043b\u0430\u044f. \u0410\u043d\u0442\u0438\u0447\u043d\u044b\u0439 \u0433\u043e\u0440\u043e\u0434 \u041c\u0438\u0440\u0430. \u041f\u0440\u043e\u0433\u0443\u043b\u043a\u0430 \u043d\u0430 \u044f\u0445\u0442\u0435.\" \/>\n<meta name=\"robots\" content=\"index, follow, max-snippet:-1, max-image-preview:large, max-video-preview:-1\" \/>\n<link rel=\"canonical\" href=\"http:\/\/skyline-gs.com\/hu\/termek\/limira-demre-kekova-kemer\/\" \/>\n<meta property=\"og:locale\" content=\"hu_HU\" \/>\n<meta property=\"og:type\" content=\"article\" \/>\n<meta property=\"og:title\" content=\"\u0414\u0435\u043c\u0440\u0435-\u041c\u0438\u0440\u0430-\u041a\u0435\u043a\u043e\u0432\u0430 \u0438\u0437 \u041a\u0435\u043c\u0435\u0440\u0430 &#8226; \u042d\u043a\u0441\u043a\u0443\u0440\u0441\u0438\u0438 Skyline\" \/>\n<meta property=\"og:description\" content=\"\u041e\u0442\u043a\u0440\u043e\u0439\u0442\u0435 \u0434\u043b\u044f \u0441\u0435\u0431\u044f \u0438\u0441\u0442\u043e\u0440\u0438\u044e, \u043a\u0443\u043b\u044c\u0442\u0443\u0440\u0443 \u0438 \u043f\u0440\u0438\u0440\u043e\u0434\u0443 \u0434\u0440\u0435\u0432\u043d\u0435\u0439 \u041b\u0438\u043a\u0438\u0438. \u0426\u0435\u0440\u043a\u043e\u0432\u044c \u0421\u0432\u044f\u0442\u043e\u0433\u043e \u041d\u0438\u043a\u043e\u043b\u0430\u044f. \u0410\u043d\u0442\u0438\u0447\u043d\u044b\u0439 \u0433\u043e\u0440\u043e\u0434 \u041c\u0438\u0440\u0430. \u041f\u0440\u043e\u0433\u0443\u043b\u043a\u0430 \u043d\u0430 \u044f\u0445\u0442\u0435.\" \/>\n<meta property=\"og:url\" content=\"http:\/\/skyline-gs.com\/hu\/termek\/limira-demre-kekova-kemer\/\" \/>\n<meta property=\"og:site_name\" content=\"\u042d\u043a\u0441\u043a\u0443\u0440\u0441\u0438\u0438 Skyline\" \/>\n<meta property=\"article:modified_time\" content=\"2025-07-08T16:46:49+00:00\" \/>\n<meta property=\"og:image\" content=\"https:\/\/skyline-gs.com\/wp-content\/uploads\/2022\/07\/7-44.png\" \/>\n\t<meta property=\"og:image:width\" content=\"669\" \/>\n\t<meta property=\"og:image:height\" content=\"446\" \/>\n\t<meta property=\"og:image:type\" content=\"image\/png\" \/>\n<meta name=\"twitter:card\" content=\"summary_large_image\" \/>\n<meta name=\"twitter:label1\" content=\"Becs\u00fclt olvas\u00e1si id\u0151\" \/>\n\t<meta name=\"twitter:data1\" content=\"2 perc\" \/>\n<script type=\"application\/ld+json\" class=\"yoast-schema-graph\">{\"@context\":\"https:\\\/\\\/schema.org\",\"@graph\":[{\"@type\":\"WebPage\",\"@id\":\"http:\\\/\\\/skyline-gs.com\\\/it\\\/prodotto\\\/limira-demre-kekova-kemer\\\/\",\"url\":\"http:\\\/\\\/skyline-gs.com\\\/it\\\/prodotto\\\/limira-demre-kekova-kemer\\\/\",\"name\":\"\u0414\u0435\u043c\u0440\u0435-\u041c\u0438\u0440\u0430-\u041a\u0435\u043a\u043e\u0432\u0430 \u0438\u0437 \u041a\u0435\u043c\u0435\u0440\u0430 &#8226; \u042d\u043a\u0441\u043a\u0443\u0440\u0441\u0438\u0438 Skyline\",\"isPartOf\":{\"@id\":\"https:\\\/\\\/skyline-gs.com\\\/it\\\/#website\"},\"primaryImageOfPage\":{\"@id\":\"http:\\\/\\\/skyline-gs.com\\\/it\\\/prodotto\\\/limira-demre-kekova-kemer\\\/#primaryimage\"},\"image\":{\"@id\":\"http:\\\/\\\/skyline-gs.com\\\/it\\\/prodotto\\\/limira-demre-kekova-kemer\\\/#primaryimage\"},\"thumbnailUrl\":\"https:\\\/\\\/skyline-gs.com\\\/wp-content\\\/uploads\\\/2022\\\/07\\\/7-44.png\",\"datePublished\":\"2023-07-13T12:19:31+00:00\",\"dateModified\":\"2025-07-08T16:46:49+00:00\",\"description\":\"\u041e\u0442\u043a\u0440\u043e\u0439\u0442\u0435 \u0434\u043b\u044f \u0441\u0435\u0431\u044f \u0438\u0441\u0442\u043e\u0440\u0438\u044e, \u043a\u0443\u043b\u044c\u0442\u0443\u0440\u0443 \u0438 \u043f\u0440\u0438\u0440\u043e\u0434\u0443 \u0434\u0440\u0435\u0432\u043d\u0435\u0439 \u041b\u0438\u043a\u0438\u0438. \u0426\u0435\u0440\u043a\u043e\u0432\u044c \u0421\u0432\u044f\u0442\u043e\u0433\u043e \u041d\u0438\u043a\u043e\u043b\u0430\u044f. \u0410\u043d\u0442\u0438\u0447\u043d\u044b\u0439 \u0433\u043e\u0440\u043e\u0434 \u041c\u0438\u0440\u0430. \u041f\u0440\u043e\u0433\u0443\u043b\u043a\u0430 \u043d\u0430 \u044f\u0445\u0442\u0435.\",\"breadcrumb\":{\"@id\":\"http:\\\/\\\/skyline-gs.com\\\/it\\\/prodotto\\\/limira-demre-kekova-kemer\\\/#breadcrumb\"},\"inLanguage\":\"hu\",\"potentialAction\":[{\"@type\":\"ReadAction\",\"target\":[\"http:\\\/\\\/skyline-gs.com\\\/it\\\/prodotto\\\/limira-demre-kekova-kemer\\\/\"]}]},{\"@type\":\"ImageObject\",\"inLanguage\":\"hu\",\"@id\":\"http:\\\/\\\/skyline-gs.com\\\/it\\\/prodotto\\\/limira-demre-kekova-kemer\\\/#primaryimage\",\"url\":\"https:\\\/\\\/skyline-gs.com\\\/wp-content\\\/uploads\\\/2022\\\/07\\\/7-44.png\",\"contentUrl\":\"https:\\\/\\\/skyline-gs.com\\\/wp-content\\\/uploads\\\/2022\\\/07\\\/7-44.png\",\"width\":669,\"height\":446},{\"@type\":\"BreadcrumbList\",\"@id\":\"http:\\\/\\\/skyline-gs.com\\\/it\\\/prodotto\\\/limira-demre-kekova-kemer\\\/#breadcrumb\",\"itemListElement\":[{\"@type\":\"ListItem\",\"position\":1,\"name\":\"\u0413\u043b\u0430\u0432\u043d\u0430\u044f \u0441\u0442\u0440\u0430\u043d\u0438\u0446\u0430\",\"item\":\"https:\\\/\\\/skyline-gs.com\\\/hu\\\/\"},{\"@type\":\"ListItem\",\"position\":2,\"name\":\"\u041c\u0430\u0433\u0430\u0437\u0438\u043d\",\"item\":\"https:\\\/\\\/skyline-gs.com\\\/cs\\\/shop\\\/\"},{\"@type\":\"ListItem\",\"position\":3,\"name\":\"\u0414\u0435\u043c\u0440\u0435-\u041c\u0438\u0440\u0430-\u041a\u0435\u043a\u043e\u0432\u0430\"}]},{\"@type\":\"WebSite\",\"@id\":\"https:\\\/\\\/skyline-gs.com\\\/it\\\/#website\",\"url\":\"https:\\\/\\\/skyline-gs.com\\\/it\\\/\",\"name\":\"\u042d\u043a\u0441\u043a\u0443\u0440\u0441\u0438\u0438 Skyline\",\"description\":\"\u042d\u043a\u0441\u043a\u043b\u044e\u0437\u0438\u0432\u043d\u044b\u0435 \u044d\u043a\u0441\u043a\u0443\u0440\u0441\u0438\u0438 \u043d\u0430 \u043b\u0443\u0447\u0448\u0438\u0445 \u043a\u0443\u0440\u043e\u0440\u0442\u0430\u0445 \u043c\u0438\u0440\u0430\",\"publisher\":{\"@id\":\"https:\\\/\\\/skyline-gs.com\\\/it\\\/#organization\"},\"alternateName\":\"Skyline\",\"potentialAction\":[{\"@type\":\"SearchAction\",\"target\":{\"@type\":\"EntryPoint\",\"urlTemplate\":\"https:\\\/\\\/skyline-gs.com\\\/it\\\/?s={search_term_string}\"},\"query-input\":{\"@type\":\"PropertyValueSpecification\",\"valueRequired\":true,\"valueName\":\"search_term_string\"}}],\"inLanguage\":\"hu\"},{\"@type\":\"Organization\",\"@id\":\"https:\\\/\\\/skyline-gs.com\\\/it\\\/#organization\",\"name\":\"\u042d\u043a\u0441\u043a\u0443\u0440\u0441\u0438\u0438 Skyline\",\"alternateName\":\"\u042d\u043a\u0441\u043a\u0443\u0440\u0441\u0438\u0438 Skyline\",\"url\":\"https:\\\/\\\/skyline-gs.com\\\/it\\\/\",\"logo\":{\"@type\":\"ImageObject\",\"inLanguage\":\"hu\",\"@id\":\"https:\\\/\\\/skyline-gs.com\\\/it\\\/#\\\/schema\\\/logo\\\/image\\\/\",\"url\":\"https:\\\/\\\/skyline-gs.com\\\/wp-content\\\/uploads\\\/2020\\\/12\\\/cropped-logo-2.png\",\"contentUrl\":\"https:\\\/\\\/skyline-gs.com\\\/wp-content\\\/uploads\\\/2020\\\/12\\\/cropped-logo-2.png\",\"width\":512,\"height\":512,\"caption\":\"\u042d\u043a\u0441\u043a\u0443\u0440\u0441\u0438\u0438 Skyline\"},\"image\":{\"@id\":\"https:\\\/\\\/skyline-gs.com\\\/it\\\/#\\\/schema\\\/logo\\\/image\\\/\"},\"sameAs\":[\"https:\\\/\\\/www.instagram.com\\\/skylineglobalservice\\\/\"]}]}<\/script>\n<!-- \/ Yoast SEO plugin. -->","yoast_head_json":{"title":"\u0414\u0435\u043c\u0440\u0435-\u041c\u0438\u0440\u0430-\u041a\u0435\u043a\u043e\u0432\u0430 \u0438\u0437 \u041a\u0435\u043c\u0435\u0440\u0430 &#8226; \u042d\u043a\u0441\u043a\u0443\u0440\u0441\u0438\u0438 Skyline","description":"Fedezze fel az \u00f3kori L\u00edcia t\u00f6rt\u00e9nelm\u00e9t, kult\u00far\u00e1j\u00e1t \u00e9s term\u00e9szet\u00e9t. Szent Mikl\u00f3s-templom. Mira \u0151si v\u00e1rosa. Haj\u00f3kir\u00e1ndul\u00e1s.","robots":{"index":"index","follow":"follow","max-snippet":"max-snippet:-1","max-image-preview":"max-image-preview:large","max-video-preview":"max-video-preview:-1"},"canonical":"http:\/\/skyline-gs.com\/hu\/termek\/limira-demre-kekova-kemer\/","og_locale":"hu_HU","og_type":"article","og_title":"\u0414\u0435\u043c\u0440\u0435-\u041c\u0438\u0440\u0430-\u041a\u0435\u043a\u043e\u0432\u0430 \u0438\u0437 \u041a\u0435\u043c\u0435\u0440\u0430 &#8226; \u042d\u043a\u0441\u043a\u0443\u0440\u0441\u0438\u0438 Skyline","og_description":"\u041e\u0442\u043a\u0440\u043e\u0439\u0442\u0435 \u0434\u043b\u044f \u0441\u0435\u0431\u044f \u0438\u0441\u0442\u043e\u0440\u0438\u044e, \u043a\u0443\u043b\u044c\u0442\u0443\u0440\u0443 \u0438 \u043f\u0440\u0438\u0440\u043e\u0434\u0443 \u0434\u0440\u0435\u0432\u043d\u0435\u0439 \u041b\u0438\u043a\u0438\u0438. \u0426\u0435\u0440\u043a\u043e\u0432\u044c \u0421\u0432\u044f\u0442\u043e\u0433\u043e \u041d\u0438\u043a\u043e\u043b\u0430\u044f. \u0410\u043d\u0442\u0438\u0447\u043d\u044b\u0439 \u0433\u043e\u0440\u043e\u0434 \u041c\u0438\u0440\u0430. \u041f\u0440\u043e\u0433\u0443\u043b\u043a\u0430 \u043d\u0430 \u044f\u0445\u0442\u0435.","og_url":"http:\/\/skyline-gs.com\/hu\/termek\/limira-demre-kekova-kemer\/","og_site_name":"\u042d\u043a\u0441\u043a\u0443\u0440\u0441\u0438\u0438 Skyline","article_modified_time":"2025-07-08T16:46:49+00:00","og_image":[{"width":669,"height":446,"url":"https:\/\/skyline-gs.com\/wp-content\/uploads\/2022\/07\/7-44.png","type":"image\/png"}],"twitter_card":"summary_large_image","twitter_misc":{"Becs\u00fclt olvas\u00e1si id\u0151":"2 perc"},"schema":{"@context":"https:\/\/schema.org","@graph":[{"@type":"WebPage","@id":"http:\/\/skyline-gs.com\/it\/prodotto\/limira-demre-kekova-kemer\/","url":"http:\/\/skyline-gs.com\/it\/prodotto\/limira-demre-kekova-kemer\/","name":"\u0414\u0435\u043c\u0440\u0435-\u041c\u0438\u0440\u0430-\u041a\u0435\u043a\u043e\u0432\u0430 \u0438\u0437 \u041a\u0435\u043c\u0435\u0440\u0430 &#8226; \u042d\u043a\u0441\u043a\u0443\u0440\u0441\u0438\u0438 Skyline","isPartOf":{"@id":"https:\/\/skyline-gs.com\/it\/#website"},"primaryImageOfPage":{"@id":"http:\/\/skyline-gs.com\/it\/prodotto\/limira-demre-kekova-kemer\/#primaryimage"},"image":{"@id":"http:\/\/skyline-gs.com\/it\/prodotto\/limira-demre-kekova-kemer\/#primaryimage"},"thumbnailUrl":"https:\/\/skyline-gs.com\/wp-content\/uploads\/2022\/07\/7-44.png","datePublished":"2023-07-13T12:19:31+00:00","dateModified":"2025-07-08T16:46:49+00:00","description":"Fedezze fel az \u00f3kori L\u00edcia t\u00f6rt\u00e9nelm\u00e9t, kult\u00far\u00e1j\u00e1t \u00e9s term\u00e9szet\u00e9t. Szent Mikl\u00f3s-templom. Mira \u0151si v\u00e1rosa. Haj\u00f3kir\u00e1ndul\u00e1s.","breadcrumb":{"@id":"http:\/\/skyline-gs.com\/it\/prodotto\/limira-demre-kekova-kemer\/#breadcrumb"},"inLanguage":"hu","potentialAction":[{"@type":"ReadAction","target":["http:\/\/skyline-gs.com\/it\/prodotto\/limira-demre-kekova-kemer\/"]}]},{"@type":"ImageObject","inLanguage":"hu","@id":"http:\/\/skyline-gs.com\/it\/prodotto\/limira-demre-kekova-kemer\/#primaryimage","url":"https:\/\/skyline-gs.com\/wp-content\/uploads\/2022\/07\/7-44.png","contentUrl":"https:\/\/skyline-gs.com\/wp-content\/uploads\/2022\/07\/7-44.png","width":669,"height":446},{"@type":"BreadcrumbList","@id":"http:\/\/skyline-gs.com\/it\/prodotto\/limira-demre-kekova-kemer\/#breadcrumb","itemListElement":[{"@type":"ListItem","position":1,"name":"\u0413\u043b\u0430\u0432\u043d\u0430\u044f \u0441\u0442\u0440\u0430\u043d\u0438\u0446\u0430","item":"https:\/\/skyline-gs.com\/hu\/"},{"@type":"ListItem","position":2,"name":"\u041c\u0430\u0433\u0430\u0437\u0438\u043d","item":"https:\/\/skyline-gs.com\/cs\/shop\/"},{"@type":"ListItem","position":3,"name":"\u0414\u0435\u043c\u0440\u0435-\u041c\u0438\u0440\u0430-\u041a\u0435\u043a\u043e\u0432\u0430"}]},{"@type":"WebSite","@id":"https:\/\/skyline-gs.com\/it\/#website","url":"https:\/\/skyline-gs.com\/it\/","name":"Skyline T\u00far\u00e1k","description":"Exkluz\u00edv kir\u00e1ndul\u00e1sok a vil\u00e1g legjobb \u00fcd\u00fcl\u0151helyein","publisher":{"@id":"https:\/\/skyline-gs.com\/it\/#organization"},"alternateName":"Skyline","potentialAction":[{"@type":"SearchAction","target":{"@type":"EntryPoint","urlTemplate":"https:\/\/skyline-gs.com\/it\/?s={search_term_string}"},"query-input":{"@type":"PropertyValueSpecification","valueRequired":true,"valueName":"search_term_string"}}],"inLanguage":"hu"},{"@type":"Organization","@id":"https:\/\/skyline-gs.com\/it\/#organization","name":"Skyline T\u00far\u00e1k","alternateName":"\u042d\u043a\u0441\u043a\u0443\u0440\u0441\u0438\u0438 Skyline","url":"https:\/\/skyline-gs.com\/it\/","logo":{"@type":"ImageObject","inLanguage":"hu","@id":"https:\/\/skyline-gs.com\/it\/#\/schema\/logo\/image\/","url":"https:\/\/skyline-gs.com\/wp-content\/uploads\/2020\/12\/cropped-logo-2.png","contentUrl":"https:\/\/skyline-gs.com\/wp-content\/uploads\/2020\/12\/cropped-logo-2.png","width":512,"height":512,"caption":"\u042d\u043a\u0441\u043a\u0443\u0440\u0441\u0438\u0438 Skyline"},"image":{"@id":"https:\/\/skyline-gs.com\/it\/#\/schema\/logo\/image\/"},"sameAs":["https:\/\/www.instagram.com\/skylineglobalservice\/"]}]}},"_links":{"self":[{"href":"https:\/\/skyline-gs.com\/hu\/wp-json\/wp\/v2\/product\/42586","targetHints":{"allow":["GET"]}}],"collection":[{"href":"https:\/\/skyline-gs.com\/hu\/wp-json\/wp\/v2\/product"}],"about":[{"href":"https:\/\/skyline-gs.com\/hu\/wp-json\/wp\/v2\/types\/product"}],"version-history":[{"count":0,"href":"https:\/\/skyline-gs.com\/hu\/wp-json\/wp\/v2\/product\/42586\/revisions"}],"wp:featuredmedia":[{"embeddable":true,"href":"https:\/\/skyline-gs.com\/hu\/wp-json\/wp\/v2\/media\/42690"}],"wp:attachment":[{"href":"https:\/\/skyline-gs.com\/hu\/wp-json\/wp\/v2\/media?parent=42586"}],"wp:term":[{"taxonomy":"product_brand","embeddable":true,"href":"https:\/\/skyline-gs.com\/hu\/wp-json\/wp\/v2\/product_brand?post=42586"},{"taxonomy":"product_cat","embeddable":true,"href":"https:\/\/skyline-gs.com\/hu\/wp-json\/wp\/v2\/product_cat?post=42586"},{"taxonomy":"product_tag","embeddable":true,"href":"https:\/\/skyline-gs.com\/hu\/wp-json\/wp\/v2\/product_tag?post=42586"}],"curies":[{"name":"wp","href":"https:\/\/api.w.org\/{rel}","templated":true}]}}